{"id":14519,"date":"2018-07-10T06:54:50","date_gmt":"2018-07-10T06:54:50","guid":{"rendered":"http:\/\/testwordpress.nirmalnagari.org\/smnd\/index.php\/house-and-home\/"},"modified":"2025-06-01T12:40:51","modified_gmt":"2025-06-01T12:40:51","slug":"house-and-home","status":"publish","type":"page","link":"https:\/\/shrimataji.org\/test\/ro\/shrimataji\/early-life\/house-and-home\/","title":{"rendered":"Casa \u0219i C\u0103minul"},"content":{"rendered":"\n\n\t<h1>Casa \u0219i c\u0103minul<\/h1>\n<h2>Acolo unde \u00eentreaga lume este o familie<\/h2>\n\t\t\t\t<img decoding=\"async\" src=\"https:\/\/shrimataji.org\/test\/wp-content\/uploads\/2025\/05\/RO_shri-mataji-in-england.jpg\" alt=\"Shri Mataji in Anglia\" itemprop=\"image\" height=\"1044\" width=\"1500\" title=\"RO_shri-mataji-in-england\" onerror=\"this.style.display='none'\" loading='lazy' \/>\n\t\tShri Mataji in Anglia\n\t<p>Fratele mai mic al lui Shri Mataji, Hemant Prasad Rao (H.P. Salve) a locuit adesea la Ea \u00een timp ce se preg\u0103tea pentru examenele lui de contabilitate. Domnul Salve \u0219i-a amintit grija \u0219i aten\u021bia pe care i-a acordat-o sora sa \u00een acel moment, st\u00e2nd chiar p\u00e2n\u0103 t\u00e2rziu ca s\u0103-i preg\u0103teasc\u0103 cea\u0219ca lui obi\u0219nuit\u0103 de ceai de la miezul nop\u021bii. Mai \u00eent\u00e2i \u00ee\u0219i adormea fiicele, apoi \u201e&#8230; dup\u0103 ce \u00eemi masa capul aproximativ o or\u0103, se ducea \u0219i preg\u0103tea o cea\u0219c\u0103 de ceai fierbinte \u0219i mi-l aducea.&#8221; [1]\n<p>Dup\u0103 examene, Shri Mataji \u0219i-a luat fratele la concerte sus\u021binute de muzicieni eminen\u021bi. Ea a fost una dintre primele vicepre\u0219edinte ale Sur Singar Samsad, o organiza\u021bie cultural\u0103 care promoveaz\u0103 spectacolele muzicale (acum poate fi g\u0103sit\u0103 pe Facebook), precum \u0219i un membru al Clubului de Muzic\u0103 din Bombay \u0219i a fost adesea invitat\u0103 la diverse concerte. Dl. Salve \u0219i-a amintit imensul privilegiu de a asculta mari arti\u0219ti precum Bismillah Khan, Amir Khan, Bhimsen Joshi, Shivkumar Sharma \u0219i Vilayat Khan. Ani mai t\u00e2rziu, mul\u021bi muzicieni renumi\u021bi aveau s\u0103 c\u00e2nte pentru Shri Mataji personal, cum ar fi Amjad Ali Khan, Hariprasad Chaurasia \u0219i Debu Chaudhuri.<\/p>\n\t\t\t\t<img decoding=\"async\" src=\"https:\/\/shrimataji.org\/test\/wp-content\/uploads\/2025\/05\/RO_shri-mataji-with-her-brother-hp-salve-babamama.jpg\" alt=\"Shri Mataji \u0219i Babamama (H.P. Salve)\" itemprop=\"image\" height=\"422\" width=\"640\" title=\"RO_shri-mataji-with-her-brother-hp-salve-babamama\" onerror=\"this.style.display='none'\" loading='lazy' \/>\n\t\tShri Mataji \u0219i Babamama (H.P. Salve)\n\t<p>\u00cen 1961, Shri Mataji a lansat \u201eSocietatea de Tineret pentru Filme&#8221; pentru a \u00eencuraja valorile na\u021bionale, sociale \u0219i morale \u00een r\u00e2ndul tinerilor. Ea a fost, de asemenea, membr\u0103 a Consiliului de Cenzur\u0103 a Filmului din Mumbai.<\/p>\n\t\t\t\t<img decoding=\"async\" src=\"https:\/\/shrimataji.org\/test\/wp-content\/uploads\/2018\/07\/media_originals\/images\/shri-mataji-ceremonies-awards\/shri-mataji-attending-the-film-fare-award-ceremony-in-bombay.jpg\" alt=\"1970\u0c32\u0c32\u0c4b \u0c2e\u0c41\u0c02\u0c2c\u0c48\u0c32\u0c4b \u0c1c\u0c30\u0c3f\u0c17\u0c3f\u0c28 \u0c2b\u0c3f\u0c32\u0c4d\u0c2e\u0c4d\u200c\u0c2b\u0c47\u0c30\u0c4d \u0c05\u0c35\u0c3e\u0c30\u0c4d\u0c21\u0c41\u0c32 \u0c2a\u0c4d\u0c30\u0c26\u0c3e\u0c28\u0c4b\u0c24\u0c4d\u0c38\u0c35\u0c3e\u0c28\u0c3f\u0c15\u0c3f \u0c39\u0c3e\u0c1c\u0c30\u0c48\u0c28 \u0c36\u0c4d\u0c30\u0c40 \u0c2e\u0c3e\u0c24\u0c3e\u0c1c\u0c40 \u0c17\u0c3e\u0c30\u0c41.\" itemprop=\"image\" height=\"446\" width=\"663\" title=\"shri-mataji-attending-the-film-fare-award-ceremony-in-bombay\" onerror=\"this.style.display='none'\" loading='lazy' \/>\n\t\t1970\u0c32\u0c32\u0c4b \u0c2e\u0c41\u0c02\u0c2c\u0c48\u0c32\u0c4b \u0c1c\u0c30\u0c3f\u0c17\u0c3f\u0c28 \u0c2b\u0c3f\u0c32\u0c4d\u0c2e\u0c4d\u200c\u0c2b\u0c47\u0c30\u0c4d \u0c05\u0c35\u0c3e\u0c30\u0c4d\u0c21\u0c41\u0c32 \u0c2a\u0c4d\u0c30\u0c26\u0c3e\u0c28\u0c4b\u0c24\u0c4d\u0c38\u0c35\u0c3e\u0c28\u0c3f\u0c15\u0c3f \u0c39\u0c3e\u0c1c\u0c30\u0c48\u0c28 \u0c36\u0c4d\u0c30\u0c40 \u0c2e\u0c3e\u0c24\u0c3e\u0c1c\u0c40 \u0c17\u0c3e\u0c30\u0c41.\n\t\t\t\t<img decoding=\"async\" src=\"https:\/\/shrimataji.org\/test\/wp-content\/uploads\/2018\/07\/media_originals\/images\/shri-mataji-with-people\/shri-mataji-nirmala-devi-with-indian-film-board-members-in-mumbai.jpg\" alt=\"\u0c2e\u0c41\u0c02\u0c2c\u0c48\u0c32\u0c4b \u0c2b\u0c3f\u0c32\u0c4d\u0c2e\u0c4d \u0c05\u0c35\u0c3e\u0c30\u0c4d\u0c21\u0c4d\u0c38\u0c4d \u0c2c\u0c4b\u0c30\u0c4d\u0c21\u0c41 \u0c38\u0c2d\u0c4d\u0c2f\u0c41\u0c32\u0c24\u0c4b \u0c36\u0c4d\u0c30\u0c40 \u0c2e\u0c3e\u0c24\u0c3e\u0c1c\u0c40 \u0c17\u0c3e\u0c30\u0c41\" itemprop=\"image\" height=\"512\" width=\"648\" title=\"shri-mataji-nirmala-devi-with-indian-film-board-members-in-mumbai\" onerror=\"this.style.display='none'\" loading='lazy' \/>\n\t\t\u0c2e\u0c41\u0c02\u0c2c\u0c48\u0c32\u0c4b \u0c2b\u0c3f\u0c32\u0c4d\u0c2e\u0c4d \u0c05\u0c35\u0c3e\u0c30\u0c4d\u0c21\u0c4d\u0c38\u0c4d \u0c2c\u0c4b\u0c30\u0c4d\u0c21\u0c41 \u0c38\u0c2d\u0c4d\u0c2f\u0c41\u0c32\u0c24\u0c4b \u0c36\u0c4d\u0c30\u0c40 \u0c2e\u0c3e\u0c24\u0c3e\u0c1c\u0c40 \u0c17\u0c3e\u0c30\u0c41\n\t<p>\u201e&#8230; Shri Mataji \u00eencepuse s\u0103 construiasc\u0103 o cas\u0103 \u00een Lucknow&#8221;, povestea H.P.Salve. C\u00e2nd c\u0103l\u0103torea la Jabalpur pentru a cump\u0103ra marmur\u0103 vrac, el o \u00eenso\u021bea adesea, observ\u00e2nd capacitatea Ei practic\u0103 de a ob\u021bine materiale de \u00eenalt\u0103 calitate, pl\u0103cute din punct de vedere estetic, direct de la surs\u0103 \u0219i la un pre\u021b excelent. Aceast\u0103 abilitate a r\u0103mas util\u0103 de-a lungul anilor, deoarece Shri Mataji a supravegheat construc\u021bia \u0219i renovarea multor case. Preluarea cl\u0103dirilor deteriorate \u0219i repararea lor a devenit o tr\u0103s\u0103tur\u0103 specific\u0103 lui Shri Mataji, similar\u0103 capacit\u0103\u021bii Sale de a primi \u00een propria cas\u0103 persoane cu probleme \u0219i de a le ajuta s\u0103-\u0219i recapete s\u0103n\u0103tatea \u0219i starea de echilibru.<\/p>\n\t\t\t\t<img decoding=\"async\" src=\"https:\/\/shrimataji.org\/test\/wp-content\/uploads\/2023\/03\/Prasthisthan_Outside.webp\" alt=\"\u0c2a\u0c42\u0c23\u0c47\u0c32\u0c4b\u0c28\u0c3f \u0c06\u0c32\u0c2f\u0c02\u0c32\u0c4b \u0c36\u0c4d\u0c30\u0c40 \u0c2e\u0c3e\u0c24\u0c3e\u0c1c\u0c40 \u0c17\u0c3e\u0c30\u0c3f \u0c07\u0c32\u0c4d\u0c32\u0c41\" itemprop=\"image\" height=\"1333\" width=\"2000\" title=\"Prasthisthan_Outside\" onerror=\"this.style.display='none'\" loading='lazy' \/>\n\t\t\u0c2a\u0c42\u0c23\u0c47\u0c32\u0c4b\u0c28\u0c3f \u0c06\u0c32\u0c2f\u0c02\u0c32\u0c4b \u0c36\u0c4d\u0c30\u0c40 \u0c2e\u0c3e\u0c24\u0c3e\u0c1c\u0c40 \u0c17\u0c3e\u0c30\u0c3f \u0c07\u0c32\u0c4d\u0c32\u0c41\n\t\t\t\t<img decoding=\"async\" src=\"https:\/\/shrimataji.org\/test\/wp-content\/uploads\/2023\/03\/Prasthisthan_Inside1.jpg\" alt=\"\u0c2a\u0c42\u0c23\u0c47\u0c32\u0c4b\u0c28\u0c3f \u0c06\u0c32\u0c2f\u0c02\u0c32\u0c4b \u0c36\u0c4d\u0c30\u0c40 \u0c2e\u0c3e\u0c24\u0c3e\u0c1c\u0c40 \u0c17\u0c3e\u0c30\u0c3f \u0c07\u0c32\u0c4d\u0c32\u0c41\" itemprop=\"image\" height=\"800\" width=\"1200\" title=\"Prasthisthan_Inside1\" onerror=\"this.style.display='none'\" loading='lazy' \/>\n\t\t\u0c2a\u0c42\u0c23\u0c47\u0c32\u0c4b\u0c28\u0c3f \u0c06\u0c32\u0c2f\u0c02\u0c32\u0c4b \u0c36\u0c4d\u0c30\u0c40 \u0c2e\u0c3e\u0c24\u0c3e\u0c1c\u0c40 \u0c17\u0c3e\u0c30\u0c3f \u0c07\u0c32\u0c4d\u0c32\u0c41\n\t<p>Domnul Salve a scris \u00een memoriile sale: \u201eDup\u0103 ce am comandat marmura ne-am dus s\u0103 ne \u00eent\u00e2lnim cu o veri\u0219oar\u0103 de-a noastr\u0103. Fiica ei s-a dovedit a fi studenta unui profesor de la Robertson College din localitate, care \u021binea discursuri spirituale. Cunosc\u00e2nd \u00eenclina\u021bia lui Shri Mataji c\u0103tre spiritualitate, veri\u0219oara mea a aranjat o \u00eent\u00e2lnire \u00eentre Shri Mataji \u0219i profesor. V\u0103z\u00e2nd-o pe Nirmala, el a alergat cu bra\u021bele ridicate spre Ea, exclam\u00e2nd: \u201eO, Mam\u0103, .. a\u0219teptam cu ner\u0103bdare s\u0103 Te cunosc! \u0218i ast\u0103zi visul meu s-a \u00eemplinit. Spun\u00e2nd asta, s-a plecat la picioarele lui Shri Mataji. Am fost martor personal la toate acestea, la fel \u0219i veri\u0219oara mea \u0219i fiica ei&#8221;.<\/p>\n<p>Aceasta a fost \u00een 1961, c\u00e2nd \u00eenc\u0103 nu venise momentul \u00een care Nirmala avea s\u0103-\u0219i \u00eenceap\u0103 munca spiritual\u0103. Fiind o so\u021bie \u0219i o mam\u0103 iubitoare \u0219i devotat\u0103, Ea a a\u0219teptat p\u00e2n\u0103 c\u00e2nd cele dou\u0103 fiice ale Sale au crescut \u0219i s-au c\u0103s\u0103torit.<\/p>\n\t<h5>\u201ePentru a pune ordine \u00een lume, trebuie mai \u00eent\u00e2i s\u0103 punem ordine \u00een na\u021biune; pentru a pune ordine \u00een na\u021biune, trebuie s\u0103 punem ordine \u00een familie; pentru a pune ordine \u00een familie, trebuie s\u0103 ne cultiv\u0103m via\u021ba personal\u0103; \u0219i pentru a ne cultiva via\u021ba personal\u0103, trebuie mai \u00eent\u00e2i s\u0103 ne \u00eendrept\u0103m inimile.&#8221;<\/h5>\n<h5>Confucius<\/h5>\n\t<hr \/>\n<h3>1. <a href=\"#citation-ref-1\">^<\/a>\u00a0 H. P. Salve, &#8216;My Memoirs&#8217; New Delhi: Life Eternal Trust, 2000.<\/h3>\n\n","protected":false},"excerpt":{"rendered":"<p>Casa \u0219i c\u0103minul Acolo unde \u00eentreaga lume este o familie Shri Mataji in Anglia Fratele mai mic al lui Shri Mataji, Hemant Prasad Rao (H.P. Salve) a locuit adesea la Ea \u00een timp ce se preg\u0103tea pentru examenele lui de contabilitate. Domnul Salve \u0219i-a amintit grija \u0219i aten\u021bia pe care i-a acordat-o sora sa \u00een&hellip; <br \/> <a class=\"read-more\" href=\"https:\/\/shrimataji.org\/test\/ro\/shrimataji\/early-life\/house-and-home\/\">Read more<\/a><\/p>\n","protected":false},"author":56,"featured_media":14520,"parent":14435,"menu_order":0,"comment_status":"closed","ping_status":"closed","template":"","meta":{"inline_featured_image":false,"footnotes":""},"class_list":["post-14519","page","type-page","status-publish","has-post-thumbnail","hentry"],"yoast_head":"<!-- This site is optimized with the Yoast SEO plugin v27.4 - https:\/\/yoast.com\/product\/yoast-seo-wordpress\/ -->\n<title>Casa \u0219i C\u0103minul - TEST - SMND<\/title>\n<meta name=\"robots\" content=\"noindex, follow, max-snippet:-1, max-image-preview:large, max-video-preview:-1\" \/>\n<meta property=\"og:locale\" content=\"en_US\" \/>\n<meta property=\"og:type\" content=\"article\" \/>\n<meta property=\"og:title\" content=\"Casa \u0219i C\u0103minul - TEST - SMND\" \/>\n<meta property=\"og:description\" content=\"Casa \u0219i c\u0103minul Acolo unde \u00eentreaga lume este o familie Shri Mataji in Anglia Fratele mai mic al lui Shri Mataji, Hemant Prasad Rao (H.P. Salve) a locuit adesea la Ea \u00een timp ce se preg\u0103tea pentru examenele lui de contabilitate. Domnul Salve \u0219i-a amintit grija \u0219i aten\u021bia pe care i-a acordat-o sora sa \u00een&hellip; Read more\" \/>\n<meta property=\"og:url\" content=\"https:\/\/shrimataji.org\/test\/ro\/shrimataji\/early-life\/house-and-home\/\" \/>\n<meta property=\"og:site_name\" content=\"TEST - SMND\" \/>\n<meta property=\"article:publisher\" content=\"https:\/\/www.facebook.com\/shrimataji\" \/>\n<meta property=\"article:modified_time\" content=\"2025-06-01T12:40:51+00:00\" \/>\n<meta property=\"og:image\" content=\"https:\/\/shrimataji.org\/test\/wp-content\/uploads\/2023\/03\/3_Banner_EarlyLife-House-scaled.jpg\" \/>\n\t<meta property=\"og:image:width\" content=\"2560\" \/>\n\t<meta property=\"og:image:height\" content=\"905\" \/>\n\t<meta property=\"og:image:type\" content=\"image\/jpeg\" \/>\n<meta name=\"twitter:card\" content=\"summary_large_image\" \/>\n<meta name=\"twitter:site\" content=\"@shrimataji\" \/>\n<meta name=\"twitter:label1\" content=\"Est. reading time\" \/>\n\t<meta name=\"twitter:data1\" content=\"4 minutes\" \/>\n<script type=\"application\/ld+json\" class=\"yoast-schema-graph\">{\"@context\":\"https:\\\/\\\/schema.org\",\"@graph\":[{\"@type\":\"WebPage\",\"@id\":\"https:\\\/\\\/shrimataji.org\\\/test\\\/ro\\\/shrimataji\\\/early-life\\\/house-and-home\\\/\",\"url\":\"https:\\\/\\\/shrimataji.org\\\/test\\\/ro\\\/shrimataji\\\/early-life\\\/house-and-home\\\/\",\"name\":\"Casa \u0219i C\u0103minul - TEST - SMND\",\"isPartOf\":{\"@id\":\"https:\\\/\\\/shrimataji.org\\\/test\\\/#website\"},\"primaryImageOfPage\":{\"@id\":\"https:\\\/\\\/shrimataji.org\\\/test\\\/ro\\\/shrimataji\\\/early-life\\\/house-and-home\\\/#primaryimage\"},\"image\":{\"@id\":\"https:\\\/\\\/shrimataji.org\\\/test\\\/ro\\\/shrimataji\\\/early-life\\\/house-and-home\\\/#primaryimage\"},\"thumbnailUrl\":\"https:\\\/\\\/shrimataji.org\\\/test\\\/wp-content\\\/uploads\\\/2023\\\/03\\\/3_Banner_EarlyLife-House-scaled.jpg\",\"datePublished\":\"2018-07-10T06:54:50+00:00\",\"dateModified\":\"2025-06-01T12:40:51+00:00\",\"breadcrumb\":{\"@id\":\"https:\\\/\\\/shrimataji.org\\\/test\\\/ro\\\/shrimataji\\\/early-life\\\/house-and-home\\\/#breadcrumb\"},\"inLanguage\":\"en-US\",\"potentialAction\":[{\"@type\":\"ReadAction\",\"target\":[\"https:\\\/\\\/shrimataji.org\\\/test\\\/ro\\\/shrimataji\\\/early-life\\\/house-and-home\\\/\"]}]},{\"@type\":\"ImageObject\",\"inLanguage\":\"en-US\",\"@id\":\"https:\\\/\\\/shrimataji.org\\\/test\\\/ro\\\/shrimataji\\\/early-life\\\/house-and-home\\\/#primaryimage\",\"url\":\"https:\\\/\\\/shrimataji.org\\\/test\\\/wp-content\\\/uploads\\\/2023\\\/03\\\/3_Banner_EarlyLife-House-scaled.jpg\",\"contentUrl\":\"https:\\\/\\\/shrimataji.org\\\/test\\\/wp-content\\\/uploads\\\/2023\\\/03\\\/3_Banner_EarlyLife-House-scaled.jpg\",\"width\":2560,\"height\":905},{\"@type\":\"BreadcrumbList\",\"@id\":\"https:\\\/\\\/shrimataji.org\\\/test\\\/ro\\\/shrimataji\\\/early-life\\\/house-and-home\\\/#breadcrumb\",\"itemListElement\":[{\"@type\":\"ListItem\",\"position\":1,\"name\":\"Home\",\"item\":\"https:\\\/\\\/shrimataji.org\\\/test\\\/uk\\\/home-en\\\/\"},{\"@type\":\"ListItem\",\"position\":2,\"name\":\"Shri Mataji RO\",\"item\":\"https:\\\/\\\/shrimataji.org\\\/test\\\/ro\\\/shrimataji\\\/\"},{\"@type\":\"ListItem\",\"position\":3,\"name\":\"Anii de tinere\u021be\",\"item\":\"https:\\\/\\\/shrimataji.org\\\/test\\\/ro\\\/shrimataji\\\/early-life\\\/\"},{\"@type\":\"ListItem\",\"position\":4,\"name\":\"Casa \u0219i C\u0103minul\"}]},{\"@type\":\"WebSite\",\"@id\":\"https:\\\/\\\/shrimataji.org\\\/test\\\/#website\",\"url\":\"https:\\\/\\\/shrimataji.org\\\/test\\\/\",\"name\":\"Shri Mataji Nirmala Devi\",\"description\":\"A Life Dedicated to Humanity\",\"publisher\":{\"@id\":\"https:\\\/\\\/shrimataji.org\\\/test\\\/#\\\/schema\\\/person\\\/a1b3419c6585f164aa96da1ff85715d1\"},\"potentialAction\":[{\"@type\":\"SearchAction\",\"target\":{\"@type\":\"EntryPoint\",\"urlTemplate\":\"https:\\\/\\\/shrimataji.org\\\/test\\\/?s={search_term_string}\"},\"query-input\":{\"@type\":\"PropertyValueSpecification\",\"valueRequired\":true,\"valueName\":\"search_term_string\"}}],\"inLanguage\":\"en-US\"},{\"@type\":[\"Person\",\"Organization\"],\"@id\":\"https:\\\/\\\/shrimataji.org\\\/test\\\/#\\\/schema\\\/person\\\/a1b3419c6585f164aa96da1ff85715d1\",\"name\":\"Nirmala Shrivastava\",\"image\":{\"@type\":\"ImageObject\",\"inLanguage\":\"en-US\",\"@id\":\"https:\\\/\\\/shrimataji.org\\\/test\\\/wp-content\\\/uploads\\\/2023\\\/02\\\/SMO_LOGO-03.svg\",\"url\":\"https:\\\/\\\/shrimataji.org\\\/test\\\/wp-content\\\/uploads\\\/2023\\\/02\\\/SMO_LOGO-03.svg\",\"contentUrl\":\"https:\\\/\\\/shrimataji.org\\\/test\\\/wp-content\\\/uploads\\\/2023\\\/02\\\/SMO_LOGO-03.svg\",\"width\":\"1024\",\"height\":\"1024\",\"caption\":\"Nirmala Shrivastava\"},\"logo\":{\"@id\":\"https:\\\/\\\/shrimataji.org\\\/test\\\/wp-content\\\/uploads\\\/2023\\\/02\\\/SMO_LOGO-03.svg\"},\"sameAs\":[\"https:\\\/\\\/shrimataji.org\\\/test\",\"https:\\\/\\\/www.facebook.com\\\/shrimataji\",\"https:\\\/\\\/x.com\\\/shrimataji\",\"https:\\\/\\\/www.youtube.com\\\/@Shri_Mataji_Nirmala_Devi\\\/featured\"]}]}<\/script>\n<!-- \/ Yoast SEO plugin. -->","yoast_head_json":{"title":"Casa \u0219i C\u0103minul - TEST - SMND","robots":{"index":"noindex","follow":"follow","max-snippet":"max-snippet:-1","max-image-preview":"max-image-preview:large","max-video-preview":"max-video-preview:-1"},"og_locale":"en_US","og_type":"article","og_title":"Casa \u0219i C\u0103minul - TEST - SMND","og_description":"Casa \u0219i c\u0103minul Acolo unde \u00eentreaga lume este o familie Shri Mataji in Anglia Fratele mai mic al lui Shri Mataji, Hemant Prasad Rao (H.P. Salve) a locuit adesea la Ea \u00een timp ce se preg\u0103tea pentru examenele lui de contabilitate. Domnul Salve \u0219i-a amintit grija \u0219i aten\u021bia pe care i-a acordat-o sora sa \u00een&hellip; Read more","og_url":"https:\/\/shrimataji.org\/test\/ro\/shrimataji\/early-life\/house-and-home\/","og_site_name":"TEST - SMND","article_publisher":"https:\/\/www.facebook.com\/shrimataji","article_modified_time":"2025-06-01T12:40:51+00:00","og_image":[{"width":2560,"height":905,"url":"https:\/\/shrimataji.org\/test\/wp-content\/uploads\/2023\/03\/3_Banner_EarlyLife-House-scaled.jpg","type":"image\/jpeg"}],"twitter_card":"summary_large_image","twitter_site":"@shrimataji","twitter_misc":{"Est. reading time":"4 minutes"},"schema":{"@context":"https:\/\/schema.org","@graph":[{"@type":"WebPage","@id":"https:\/\/shrimataji.org\/test\/ro\/shrimataji\/early-life\/house-and-home\/","url":"https:\/\/shrimataji.org\/test\/ro\/shrimataji\/early-life\/house-and-home\/","name":"Casa \u0219i C\u0103minul - TEST - SMND","isPartOf":{"@id":"https:\/\/shrimataji.org\/test\/#website"},"primaryImageOfPage":{"@id":"https:\/\/shrimataji.org\/test\/ro\/shrimataji\/early-life\/house-and-home\/#primaryimage"},"image":{"@id":"https:\/\/shrimataji.org\/test\/ro\/shrimataji\/early-life\/house-and-home\/#primaryimage"},"thumbnailUrl":"https:\/\/shrimataji.org\/test\/wp-content\/uploads\/2023\/03\/3_Banner_EarlyLife-House-scaled.jpg","datePublished":"2018-07-10T06:54:50+00:00","dateModified":"2025-06-01T12:40:51+00:00","breadcrumb":{"@id":"https:\/\/shrimataji.org\/test\/ro\/shrimataji\/early-life\/house-and-home\/#breadcrumb"},"inLanguage":"en-US","potentialAction":[{"@type":"ReadAction","target":["https:\/\/shrimataji.org\/test\/ro\/shrimataji\/early-life\/house-and-home\/"]}]},{"@type":"ImageObject","inLanguage":"en-US","@id":"https:\/\/shrimataji.org\/test\/ro\/shrimataji\/early-life\/house-and-home\/#primaryimage","url":"https:\/\/shrimataji.org\/test\/wp-content\/uploads\/2023\/03\/3_Banner_EarlyLife-House-scaled.jpg","contentUrl":"https:\/\/shrimataji.org\/test\/wp-content\/uploads\/2023\/03\/3_Banner_EarlyLife-House-scaled.jpg","width":2560,"height":905},{"@type":"BreadcrumbList","@id":"https:\/\/shrimataji.org\/test\/ro\/shrimataji\/early-life\/house-and-home\/#breadcrumb","itemListElement":[{"@type":"ListItem","position":1,"name":"Home","item":"https:\/\/shrimataji.org\/test\/uk\/home-en\/"},{"@type":"ListItem","position":2,"name":"Shri Mataji RO","item":"https:\/\/shrimataji.org\/test\/ro\/shrimataji\/"},{"@type":"ListItem","position":3,"name":"Anii de tinere\u021be","item":"https:\/\/shrimataji.org\/test\/ro\/shrimataji\/early-life\/"},{"@type":"ListItem","position":4,"name":"Casa \u0219i C\u0103minul"}]},{"@type":"WebSite","@id":"https:\/\/shrimataji.org\/test\/#website","url":"https:\/\/shrimataji.org\/test\/","name":"Shri Mataji Nirmala Devi","description":"A Life Dedicated to Humanity","publisher":{"@id":"https:\/\/shrimataji.org\/test\/#\/schema\/person\/a1b3419c6585f164aa96da1ff85715d1"},"potentialAction":[{"@type":"SearchAction","target":{"@type":"EntryPoint","urlTemplate":"https:\/\/shrimataji.org\/test\/?s={search_term_string}"},"query-input":{"@type":"PropertyValueSpecification","valueRequired":true,"valueName":"search_term_string"}}],"inLanguage":"en-US"},{"@type":["Person","Organization"],"@id":"https:\/\/shrimataji.org\/test\/#\/schema\/person\/a1b3419c6585f164aa96da1ff85715d1","name":"Nirmala Shrivastava","image":{"@type":"ImageObject","inLanguage":"en-US","@id":"https:\/\/shrimataji.org\/test\/wp-content\/uploads\/2023\/02\/SMO_LOGO-03.svg","url":"https:\/\/shrimataji.org\/test\/wp-content\/uploads\/2023\/02\/SMO_LOGO-03.svg","contentUrl":"https:\/\/shrimataji.org\/test\/wp-content\/uploads\/2023\/02\/SMO_LOGO-03.svg","width":"1024","height":"1024","caption":"Nirmala Shrivastava"},"logo":{"@id":"https:\/\/shrimataji.org\/test\/wp-content\/uploads\/2023\/02\/SMO_LOGO-03.svg"},"sameAs":["https:\/\/shrimataji.org\/test","https:\/\/www.facebook.com\/shrimataji","https:\/\/x.com\/shrimataji","https:\/\/www.youtube.com\/@Shri_Mataji_Nirmala_Devi\/featured"]}]}},"lang":"ro","translations":{"ro":14519,"ur":37439,"en":440,"am":18013,"th":19962,"hu":19490,"sq":18414,"zh":17311,"tr":10168,"pt":10380,"de":10654,"fr":10752,"es":10947,"ja":11244,"ru":11432,"bn":11624,"te":11732,"sw":11855,"he":12003,"el":12294,"sk":12392,"fa":12490,"fi":12588,"bg":13445,"it":13527,"cs":14712,"nl":16574,"ku":16734,"ar":16910,"be":18621,"kn":18895,"mr":20326,"uk":20618,"ml":20915,"ta":22729,"sv":23002,"gu":28846,"pa":29006,"fil":29448,"da":37753,"pl":37966,"nn":38305},"pll_sync_post":[],"_links":{"self":[{"href":"https:\/\/shrimataji.org\/test\/wp-json\/wp\/v2\/pages\/14519","targetHints":{"allow":["GET"]}}],"collection":[{"href":"https:\/\/shrimataji.org\/test\/wp-json\/wp\/v2\/pages"}],"about":[{"href":"https:\/\/shrimataji.org\/test\/wp-json\/wp\/v2\/types\/page"}],"author":[{"embeddable":true,"href":"https:\/\/shrimataji.org\/test\/wp-json\/wp\/v2\/users\/56"}],"replies":[{"embeddable":true,"href":"https:\/\/shrimataji.org\/test\/wp-json\/wp\/v2\/comments?post=14519"}],"version-history":[{"count":0,"href":"https:\/\/shrimataji.org\/test\/wp-json\/wp\/v2\/pages\/14519\/revisions"}],"up":[{"embeddable":true,"href":"https:\/\/shrimataji.org\/test\/wp-json\/wp\/v2\/pages\/14435"}],"wp:featuredmedia":[{"embeddable":true,"href":"https:\/\/shrimataji.org\/test\/wp-json\/wp\/v2\/media\/14520"}],"wp:attachment":[{"href":"https:\/\/shrimataji.org\/test\/wp-json\/wp\/v2\/media?parent=14519"}],"curies":[{"name":"wp","href":"https:\/\/api.w.org\/{rel}","templated":true}]}}