{"id":14521,"date":"2018-07-10T06:54:50","date_gmt":"2018-07-10T06:54:50","guid":{"rendered":"http:\/\/testwordpress.nirmalnagari.org\/smnd\/index.php\/the-widening-circle\/"},"modified":"2025-06-01T13:38:31","modified_gmt":"2025-06-01T13:38:31","slug":"the-widening-circle","status":"publish","type":"page","link":"https:\/\/shrimataji.org\/test\/ro\/the-widening-circle\/","title":{"rendered":"Cercul care se l\u0103rge\u0219te"},"content":{"rendered":"\n<h1>Cercul care se l\u0103rge\u0219te<\/h1>\n<h2><b>V\u00e2ntul schimb\u0103rii<\/b><\/h2>\n\t<h4>La 27 mai 1964, \u00eent\u00e2iul Prim-Ministru al Indiei, Jawaharlal Nehru, a decedat. <a href=\"https:\/\/shrimataji.org\/test\/sir-c-p-srivastava-3\/\" target=\"_blank\" rel=\"noopener\">Sir C.P.<\/a> se afla \u00een Marea Britanie, particip\u00e2nd la o conferin\u021b\u0103 de transport maritim. Mar\u021bi 2 iunie, a venit vestea c\u0103 Lal Bahadur Shastri a fost ales noul lider al Partidului Congresului \u0219i c\u0103 va deveni \u00een cur\u00e2nd al doilea Prim-Ministru al Indiei.<\/h4>\n\t<p>P\u00e2n\u0103 \u00een momentul \u00een care Sir C.P. s-a \u00eentors la Mumbai din Marea Britanie, ziarele au publicat \u0219tirea c\u0103 domnul Shastri s-ar fi \u00eemboln\u0103vit. Shri Mataji \u0219i-a \u00eendemnat so\u021bul s\u0103 mearg\u0103 imediat la New Delhi pentru a-\u0219i oferi serviciile domnului Shastri. Ea sim\u021bea cu t\u0103rie c\u0103, \u00eentruc\u00e2t Lal Bahadur Shastri avea \u00eencredere \u00een so\u021bul Ei, era de datoria lui s\u0103-l asiste \u00een orice mod posibil.<\/p>\n<p>C\u00e2teva zile mai t\u00e2rziu, \u00een timp ce participa la o \u00eent\u00e2lnire la New Delhi, Sir C.P. a putut s\u0103-l viziteze pe domnul Shastri, aflat \u00een curs de recuperare.<\/p>\n<p>\u00cen timpul acestei \u00eent\u00e2lniri fortuite, Lal Bahadur Shastri i-a cerut so\u021bului lui Shri Mataji s\u0103 devin\u0103 secretar comun al Primului Ministru, lucr\u00e2nd al\u0103turi de acesta \u00een serviciul na\u021biunii indiene.<\/p>\n\t\t\t\t<img decoding=\"async\" src=\"https:\/\/shrimataji.org\/test\/wp-content\/uploads\/2018\/07\/media_originals\/images\/shri-mataji-with-people\/shri-mataji-introducing-guests-to-lal-bahadur-shastri-in-mumbai.jpg\" alt=\"\u0d36\u0d4d\u0d30\u0d40 \u0d2e\u0d3e\u0d24\u0d3e\u0d1c\u0d3f \u0d2e\u0d41\u0d02\u0d2c\u0d48\u0d2f\u0d3f\u0d7d \u0d32\u0d3e\u0d7d \u0d2c\u0d39\u0d26\u0d42\u0d7c \u0d36\u0d3e\u0d38\u0d4d\u0d24\u0d4d\u0d30\u0d3f\u0d15\u0d4d\u0d15\u0d4d \u0d05\u0d24\u0d3f\u0d25\u0d3f\u0d15\u0d33\u0d46 \u0d2a\u0d30\u0d3f\u0d1a\u0d2f\u0d2a\u0d4d\u0d2a\u0d46\u0d1f\u0d41\u0d24\u0d4d\u0d24\u0d41\u0d28\u0d4d\u0d28\u0d41\" itemprop=\"image\" height=\"452\" width=\"674\" title=\"Shri Mataji introducing guests to Lal Bahadur Shastri in Mumbai\" onerror=\"this.style.display='none'\" loading=\"lazy\">\n\t\t\u0d36\u0d4d\u0d30\u0d40 \u0d2e\u0d3e\u0d24\u0d3e\u0d1c\u0d3f \u0d2e\u0d41\u0d02\u0d2c\u0d48\u0d2f\u0d3f\u0d7d \u0d32\u0d3e\u0d7d \u0d2c\u0d39\u0d26\u0d42\u0d7c \u0d36\u0d3e\u0d38\u0d4d\u0d24\u0d4d\u0d30\u0d3f\u0d15\u0d4d\u0d15\u0d4d \u0d05\u0d24\u0d3f\u0d25\u0d3f\u0d15\u0d33\u0d46 \u0d2a\u0d30\u0d3f\u0d1a\u0d2f\u0d2a\u0d4d\u0d2a\u0d46\u0d1f\u0d41\u0d24\u0d4d\u0d24\u0d41\u0d28\u0d4d\u0d28\u0d41\n\t<p>\u00cen cartea sa ,,Lal Bahadur Shastri, a Life of Truth in Politics&#8221; Sir C.P. \u0219i-a amintit: \u201eC\u00e2nd \u00eel vizitam am\u00e2ndoi pe Prim-Ministrul Shastri, el vorbea adesea cu so\u021bia mea despre sfin\u021bi \u0219i \u00een\u021belep\u021bi \u0219i despre religie \u0219i spiritualitate, domenii \u00een care Ea avea mari cuno\u0219tin\u021be, chiar a \u00eencurajat-o pe Nirmala s\u0103 se al\u0103ture Partidului Congresului din India. Cu toate acestea, Nirmala era mai \u00eenclinat\u0103 c\u0103tre spiritualitate \u0219i nu spre politic\u0103.&#8221;<\/p>\n<p>De-a lungul anilor, \u00een timp ce so\u021bul Ei era ocupat cu afacerile statului, Shri Mataji a fost un asistent social foarte t\u0103cut. Ea a str\u00e2ns bani pentru un sanatoriu de l\u00e2ng\u0103 Chandrapur, \u00een Maharashtra. A devenit pre\u0219edinta unei societ\u0103\u021bi numite \u201ePrietenii orbilor&#8221;. \u00cen Meerut, Ea a deschis un c\u0103min de refugia\u021bi, un c\u0103min pentru invalizi \u0219i a sprijinit un mare centru pentru lepro\u0219i.<\/p>\n\t<p>\u00cen octombrie 1969, prima fiic\u0103 a lui Shri Mataji, Kalpana, s-a c\u0103s\u0103torit cu Prabhat Shrivastav, \u00een Mumbai.<\/p>\n\t\t\t\t<img decoding=\"async\" src=\"https:\/\/shrimataji.org\/test\/wp-content\/uploads\/2018\/07\/media_originals\/images\/shri-mataji-and-family\/shri-mataji-with-daughter-kalpana-upon-her-marriage.jpg\" alt=\"\u0d36\u0d4d\u0d30\u0d40 \u0d2e\u0d3e\u0d24\u0d3e\u0d1c\u0d3f \u0d2e\u0d15\u0d7e \u0d15\u0d7d\u0d2a\u0d28\u0d2f\u0d4d\u200c\u0d15\u0d4d\u0d15\u0d4a\u0d2a\u0d4d\u0d2a\u0d02,\u0d35\u0d3f\u0d35\u0d3e\u0d39 \u0d38\u0d2e\u0d2f\u0d24\u0d4d\u0d24\u0d4d  \" itemprop=\"image\" height=\"1440\" width=\"1085\" title=\"shri-mataji-with-daughter-kalpana-upon-her-marriage\" onerror=\"this.style.display='none'\" loading=\"lazy\">\n\t\t\u0d36\u0d4d\u0d30\u0d40 \u0d2e\u0d3e\u0d24\u0d3e\u0d1c\u0d3f \u0d2e\u0d15\u0d7e \u0d15\u0d7d\u0d2a\u0d28\u0d2f\u0d4d\u200c\u0d15\u0d4d\u0d15\u0d4a\u0d2a\u0d4d\u0d2a\u0d02,\u0d35\u0d3f\u0d35\u0d3e\u0d39 \u0d38\u0d2e\u0d2f\u0d24\u0d4d\u0d24\u0d4d  \n\t\t\t\t<img decoding=\"async\" src=\"https:\/\/shrimataji.org\/test\/wp-content\/uploads\/2018\/07\/media_originals\/images\/shri-mataji-and-family\/shri-mataji-with-sir-cp-and-prabhat-at-daughter-kalpanas-wedding-1024x757.jpg\" alt=\"\u0d2e\u0d15\u0d7e \u0d15\u0d7d\u0d2a\u0d28\u0d2f\u0d41\u0d1f\u0d46 \u0d35\u0d3f\u0d35\u0d3e\u0d39\u0d24\u0d4d\u0d24\u0d3f\u0d7d, \u0d38\u0d7c \u0d38\u0d3f.\u0d2a\u0d3f\u0d15\u0d4d\u0d15\u0d41\u0d02 \u0d2e\u0d30\u0d41\u0d2e\u0d15\u0d7b \u0d2a\u0d4d\u0d30\u0d2d\u0d3e\u0d24\u0d3f\u0d28\u0d41\u0d2e\u0d4a\u0d2a\u0d4d\u0d2a\u0d02 \u0d36\u0d4d\u0d30\u0d40 \u0d2e\u0d3e\u0d24\u0d3e\u0d1c\u0d3f\" itemprop=\"image\" height=\"757\" width=\"1024\" title=\"shri-mataji-with-sir-cp-and-prabhat-at-daughter-kalpanas-wedding\" onerror=\"this.style.display='none'\" loading=\"lazy\">\n\t\t\u0d2e\u0d15\u0d7e \u0d15\u0d7d\u0d2a\u0d28\u0d2f\u0d41\u0d1f\u0d46 \u0d35\u0d3f\u0d35\u0d3e\u0d39\u0d24\u0d4d\u0d24\u0d3f\u0d7d, \u0d38\u0d7c \u0d38\u0d3f.\u0d2a\u0d3f\u0d15\u0d4d\u0d15\u0d41\u0d02 \u0d2e\u0d30\u0d41\u0d2e\u0d15\u0d7b \u0d2a\u0d4d\u0d30\u0d2d\u0d3e\u0d24\u0d3f\u0d28\u0d41\u0d2e\u0d4a\u0d2a\u0d4d\u0d2a\u0d02 \u0d36\u0d4d\u0d30\u0d40 \u0d2e\u0d3e\u0d24\u0d3e\u0d1c\u0d3f\n\t<p>La \u00eenceputul lui octombrie 1970, mama lui Shri Mataji s-a \u00eemboln\u0103vit grav. Ea s-a \u00eentors dintr-o c\u0103l\u0103torie \u00een str\u0103in\u0103tate pentru a-\u0219i vedea mama \u0219i, \u00een mod surprinz\u0103tor, a g\u0103sit-o \u00eentr-o dispozi\u021bie vesel\u0103. Mama ei a \u00eentrebat-o dac\u0103 a g\u0103sit ceea ce tat\u0103l Ei dorea s\u0103 g\u0103seasc\u0103. Shri Mataji i-a spus c\u0103 a g\u0103sit metoda de a da Realizarea Sinelui \u00een mas\u0103. Duminic\u0103 11 octombrie 1970, mama ei, Cornelia Karuna Salve, a \u00eencetat din via\u021b\u0103 la Nagpur.<\/p>\n<p>Cur\u00e2nd dup\u0103 aceea, Shri Mataji a fost invitat\u0103 pentru un zbor inaugural cu Air India c\u0103tre Paris, dup\u0103 care a c\u0103l\u0103torit la Teheran pentru a-\u0219i vizita fratele mai mic H.P. Salve, care fusese trimis acolo de compania aerian\u0103. <a href=\"https:\/\/shrimataji.org\/test\/the-widening-circle\/#citation-note-1\">[1]<\/a><\/p>\n<p>\u00cen timp ce petrecea timp cu Ea, H.P. a devenit treptat con\u0219tient c\u0103 ceva se schimbase \u00een sora lui mai mare. De fapt, p\u00e2n\u0103 la acea dat\u0103 Shri Mataji avea  aproximativ 12 adep\u021bi \u00een India care deveniser\u0103 interesa\u021bi de Ea ca profesor \u0219i guru.<\/p>\n<p>Dup\u0103 ce i-a dezv\u0103luit fratelui Ei c\u0103 mar\u021bi, 5 mai 1970,  a experimentat \u00eentr-adev\u0103r o transformare puternic\u0103, Shri Mataji \u0219i-a exprimat dorin\u021ba de a da Realizarea Sinelui la c\u00e2\u021biva prieteni de-ai s\u0103i care erau \u00eenclina\u021bi spre spiritualitate. La \u00eentoarcerea lor la Teheran dup\u0103 o excursie de vizitare a obiectivelor turistice de la Shiraz, H.P. Salve a sunat c\u00e2\u021biva prieteni \u0219i a aranjat o cin\u0103 care s\u0103 ofere o \u00eent\u00e2lnire spiritual\u0103 cu Shri Mataji. A doua zi aproximativ 20 de prieteni, unii din pres\u0103, au venit la el acas\u0103 pentru cin\u0103 \u0219i, mai important, pentru trezirea lor spiritual\u0103.<\/p>\n<p>Dup\u0103 cum \u0219i-a amintit H.P. Salve: \u201eUn domn, Dr. Divan, dup\u0103 ce \u0219i-a primit Realizarea Sinelui, p\u0103rea s\u0103 emit\u0103 parfum de lemn de santal din v\u00e2rful capului. Am fost destul de surprins de modul \u00een care Shri Mataji a putut transmite un asemenea parfum \u00een corpul cuiva st\u00e2nd la o asemenea distan\u021b\u0103. \u00centre timp o doamn\u0103 Parsi care venea doar \u00een c\u00e2rje, pentru c\u0103 avea artrit\u0103 acut\u0103, dup\u0103 Realizarea Sinelui a putut s\u0103 mearg\u0103 f\u0103r\u0103 c\u00e2rje \u0219i a fost v\u0103zut\u0103 conduc\u00e2nd ma\u0219ina a doua zi.&#8221;<\/p>\n<p>Ziua urm\u0103toare, principalele ziare de limba englez\u0103 din Teheran au relatat evenimentul ca pe o \u0219tire \u0219i au spus c\u0103 au existat martori la ceea ce s-a \u00eent\u00e2mplat, dup\u0103 care mul\u021bi oameni s-au \u00eenghesuit s-o vad\u0103 pe Shri Mataji. Dup\u0103 cum a povestit fratele ei: \u201ePopularitatea Sa a fost at\u00e2t de mare \u00eenc\u00e2t, dac\u0103 prima dat\u0103 c\u00e2nd a venit la Teheran, am prezentat-o ca fiind sora mea, c\u00e2nd a plecat, eu am fost prezentat ca fiind fratele ei&#8221;. \u00cen scurt timp, H.P. Salve va ajunge s\u0103 fie numit Babamama, un termen afectuos \u00eensemn\u00e2nd \u201efratele Mamei&#8221;.<\/p>\n\t<h5>\u201eCel mai frumos lucru pe care \u00eel putem experimenta este misticul. Este sursa artei \u0219i \u0219tiin\u021bei adev\u0103rate.&#8221;<\/h5>\n<h5>Albert Einstein<\/h5>\n\t<hr>\n<h3>1. <a href=\"#citation-ref-1\">^ <\/a><a name=\"citation-note-1\"><\/a>H. P. Salve, &#8216;Memoriile mele&#8217; New Delhi: Life Eternal Trust, 2000.<\/h3>\n","protected":false},"excerpt":{"rendered":"<p>Cercul care se l\u0103rge\u0219te V\u00e2ntul schimb\u0103rii La 27 mai 1964, \u00eent\u00e2iul Prim-Ministru al Indiei, Jawaharlal Nehru, a decedat. Sir C.P. se afla \u00een Marea Britanie, particip\u00e2nd la o conferin\u021b\u0103 de transport maritim. Mar\u021bi 2 iunie, a venit vestea c\u0103 Lal Bahadur Shastri a fost ales noul lider al Partidului Congresului \u0219i c\u0103 va deveni \u00een&hellip; <br \/> <a class=\"read-more\" href=\"https:\/\/shrimataji.org\/test\/ro\/the-widening-circle\/\">Read more<\/a><\/p>\n","protected":false},"author":1,"featured_media":14522,"parent":0,"menu_order":0,"comment_status":"closed","ping_status":"closed","template":"","meta":{"inline_featured_image":false,"footnotes":""},"class_list":["post-14521","page","type-page","status-publish","has-post-thumbnail","hentry"],"yoast_head":"<!-- This site is optimized with the Yoast SEO plugin v27.4 - https:\/\/yoast.com\/product\/yoast-seo-wordpress\/ -->\n<title>Cercul care se l\u0103rge\u0219te - TEST - SMND<\/title>\n<meta name=\"robots\" content=\"noindex, follow, max-snippet:-1, max-image-preview:large, max-video-preview:-1\" \/>\n<meta property=\"og:locale\" content=\"en_US\" \/>\n<meta property=\"og:type\" content=\"article\" \/>\n<meta property=\"og:title\" content=\"Cercul care se l\u0103rge\u0219te - TEST - SMND\" \/>\n<meta property=\"og:description\" content=\"Cercul care se l\u0103rge\u0219te V\u00e2ntul schimb\u0103rii La 27 mai 1964, \u00eent\u00e2iul Prim-Ministru al Indiei, Jawaharlal Nehru, a decedat. Sir C.P. se afla \u00een Marea Britanie, particip\u00e2nd la o conferin\u021b\u0103 de transport maritim. Mar\u021bi 2 iunie, a venit vestea c\u0103 Lal Bahadur Shastri a fost ales noul lider al Partidului Congresului \u0219i c\u0103 va deveni \u00een&hellip; Read more\" \/>\n<meta property=\"og:url\" content=\"https:\/\/shrimataji.org\/test\/ro\/the-widening-circle\/\" \/>\n<meta property=\"og:site_name\" content=\"TEST - SMND\" \/>\n<meta property=\"article:publisher\" content=\"https:\/\/www.facebook.com\/shrimataji\" \/>\n<meta property=\"article:modified_time\" content=\"2025-06-01T13:38:31+00:00\" \/>\n<meta property=\"og:image\" content=\"https:\/\/shrimataji.org\/test\/wp-content\/uploads\/2023\/03\/10_Banner-PublicLife-WideningCircle_2-scaled.jpg\" \/>\n\t<meta property=\"og:image:width\" content=\"2560\" \/>\n\t<meta property=\"og:image:height\" content=\"905\" \/>\n\t<meta property=\"og:image:type\" content=\"image\/jpeg\" \/>\n<meta name=\"twitter:card\" content=\"summary_large_image\" \/>\n<meta name=\"twitter:site\" content=\"@shrimataji\" \/>\n<meta name=\"twitter:label1\" content=\"Est. reading time\" \/>\n\t<meta name=\"twitter:data1\" content=\"5 minutes\" \/>\n<script type=\"application\/ld+json\" class=\"yoast-schema-graph\">{\"@context\":\"https:\\\/\\\/schema.org\",\"@graph\":[{\"@type\":\"WebPage\",\"@id\":\"https:\\\/\\\/shrimataji.org\\\/test\\\/ro\\\/the-widening-circle\\\/\",\"url\":\"https:\\\/\\\/shrimataji.org\\\/test\\\/ro\\\/the-widening-circle\\\/\",\"name\":\"Cercul care se l\u0103rge\u0219te - TEST - SMND\",\"isPartOf\":{\"@id\":\"https:\\\/\\\/shrimataji.org\\\/test\\\/#website\"},\"primaryImageOfPage\":{\"@id\":\"https:\\\/\\\/shrimataji.org\\\/test\\\/ro\\\/the-widening-circle\\\/#primaryimage\"},\"image\":{\"@id\":\"https:\\\/\\\/shrimataji.org\\\/test\\\/ro\\\/the-widening-circle\\\/#primaryimage\"},\"thumbnailUrl\":\"https:\\\/\\\/shrimataji.org\\\/test\\\/wp-content\\\/uploads\\\/2023\\\/03\\\/10_Banner-PublicLife-WideningCircle_2-scaled.jpg\",\"datePublished\":\"2018-07-10T06:54:50+00:00\",\"dateModified\":\"2025-06-01T13:38:31+00:00\",\"breadcrumb\":{\"@id\":\"https:\\\/\\\/shrimataji.org\\\/test\\\/ro\\\/the-widening-circle\\\/#breadcrumb\"},\"inLanguage\":\"en-US\",\"potentialAction\":[{\"@type\":\"ReadAction\",\"target\":[\"https:\\\/\\\/shrimataji.org\\\/test\\\/ro\\\/the-widening-circle\\\/\"]}]},{\"@type\":\"ImageObject\",\"inLanguage\":\"en-US\",\"@id\":\"https:\\\/\\\/shrimataji.org\\\/test\\\/ro\\\/the-widening-circle\\\/#primaryimage\",\"url\":\"https:\\\/\\\/shrimataji.org\\\/test\\\/wp-content\\\/uploads\\\/2023\\\/03\\\/10_Banner-PublicLife-WideningCircle_2-scaled.jpg\",\"contentUrl\":\"https:\\\/\\\/shrimataji.org\\\/test\\\/wp-content\\\/uploads\\\/2023\\\/03\\\/10_Banner-PublicLife-WideningCircle_2-scaled.jpg\",\"width\":2560,\"height\":905},{\"@type\":\"BreadcrumbList\",\"@id\":\"https:\\\/\\\/shrimataji.org\\\/test\\\/ro\\\/the-widening-circle\\\/#breadcrumb\",\"itemListElement\":[{\"@type\":\"ListItem\",\"position\":1,\"name\":\"Home\",\"item\":\"https:\\\/\\\/shrimataji.org\\\/test\\\/uk\\\/home-en\\\/\"},{\"@type\":\"ListItem\",\"position\":2,\"name\":\"Cercul care se l\u0103rge\u0219te\"}]},{\"@type\":\"WebSite\",\"@id\":\"https:\\\/\\\/shrimataji.org\\\/test\\\/#website\",\"url\":\"https:\\\/\\\/shrimataji.org\\\/test\\\/\",\"name\":\"Shri Mataji Nirmala Devi\",\"description\":\"A Life Dedicated to Humanity\",\"publisher\":{\"@id\":\"https:\\\/\\\/shrimataji.org\\\/test\\\/#\\\/schema\\\/person\\\/a1b3419c6585f164aa96da1ff85715d1\"},\"potentialAction\":[{\"@type\":\"SearchAction\",\"target\":{\"@type\":\"EntryPoint\",\"urlTemplate\":\"https:\\\/\\\/shrimataji.org\\\/test\\\/?s={search_term_string}\"},\"query-input\":{\"@type\":\"PropertyValueSpecification\",\"valueRequired\":true,\"valueName\":\"search_term_string\"}}],\"inLanguage\":\"en-US\"},{\"@type\":[\"Person\",\"Organization\"],\"@id\":\"https:\\\/\\\/shrimataji.org\\\/test\\\/#\\\/schema\\\/person\\\/a1b3419c6585f164aa96da1ff85715d1\",\"name\":\"Nirmala Shrivastava\",\"image\":{\"@type\":\"ImageObject\",\"inLanguage\":\"en-US\",\"@id\":\"https:\\\/\\\/shrimataji.org\\\/test\\\/wp-content\\\/uploads\\\/2023\\\/02\\\/SMO_LOGO-03.svg\",\"url\":\"https:\\\/\\\/shrimataji.org\\\/test\\\/wp-content\\\/uploads\\\/2023\\\/02\\\/SMO_LOGO-03.svg\",\"contentUrl\":\"https:\\\/\\\/shrimataji.org\\\/test\\\/wp-content\\\/uploads\\\/2023\\\/02\\\/SMO_LOGO-03.svg\",\"width\":\"1024\",\"height\":\"1024\",\"caption\":\"Nirmala Shrivastava\"},\"logo\":{\"@id\":\"https:\\\/\\\/shrimataji.org\\\/test\\\/wp-content\\\/uploads\\\/2023\\\/02\\\/SMO_LOGO-03.svg\"},\"sameAs\":[\"https:\\\/\\\/shrimataji.org\\\/test\",\"https:\\\/\\\/www.facebook.com\\\/shrimataji\",\"https:\\\/\\\/x.com\\\/shrimataji\",\"https:\\\/\\\/www.youtube.com\\\/@Shri_Mataji_Nirmala_Devi\\\/featured\"]}]}<\/script>\n<!-- \/ Yoast SEO plugin. -->","yoast_head_json":{"title":"Cercul care se l\u0103rge\u0219te - TEST - SMND","robots":{"index":"noindex","follow":"follow","max-snippet":"max-snippet:-1","max-image-preview":"max-image-preview:large","max-video-preview":"max-video-preview:-1"},"og_locale":"en_US","og_type":"article","og_title":"Cercul care se l\u0103rge\u0219te - TEST - SMND","og_description":"Cercul care se l\u0103rge\u0219te V\u00e2ntul schimb\u0103rii La 27 mai 1964, \u00eent\u00e2iul Prim-Ministru al Indiei, Jawaharlal Nehru, a decedat. Sir C.P. se afla \u00een Marea Britanie, particip\u00e2nd la o conferin\u021b\u0103 de transport maritim. Mar\u021bi 2 iunie, a venit vestea c\u0103 Lal Bahadur Shastri a fost ales noul lider al Partidului Congresului \u0219i c\u0103 va deveni \u00een&hellip; Read more","og_url":"https:\/\/shrimataji.org\/test\/ro\/the-widening-circle\/","og_site_name":"TEST - SMND","article_publisher":"https:\/\/www.facebook.com\/shrimataji","article_modified_time":"2025-06-01T13:38:31+00:00","og_image":[{"width":2560,"height":905,"url":"https:\/\/shrimataji.org\/test\/wp-content\/uploads\/2023\/03\/10_Banner-PublicLife-WideningCircle_2-scaled.jpg","type":"image\/jpeg"}],"twitter_card":"summary_large_image","twitter_site":"@shrimataji","twitter_misc":{"Est. reading time":"5 minutes"},"schema":{"@context":"https:\/\/schema.org","@graph":[{"@type":"WebPage","@id":"https:\/\/shrimataji.org\/test\/ro\/the-widening-circle\/","url":"https:\/\/shrimataji.org\/test\/ro\/the-widening-circle\/","name":"Cercul care se l\u0103rge\u0219te - TEST - SMND","isPartOf":{"@id":"https:\/\/shrimataji.org\/test\/#website"},"primaryImageOfPage":{"@id":"https:\/\/shrimataji.org\/test\/ro\/the-widening-circle\/#primaryimage"},"image":{"@id":"https:\/\/shrimataji.org\/test\/ro\/the-widening-circle\/#primaryimage"},"thumbnailUrl":"https:\/\/shrimataji.org\/test\/wp-content\/uploads\/2023\/03\/10_Banner-PublicLife-WideningCircle_2-scaled.jpg","datePublished":"2018-07-10T06:54:50+00:00","dateModified":"2025-06-01T13:38:31+00:00","breadcrumb":{"@id":"https:\/\/shrimataji.org\/test\/ro\/the-widening-circle\/#breadcrumb"},"inLanguage":"en-US","potentialAction":[{"@type":"ReadAction","target":["https:\/\/shrimataji.org\/test\/ro\/the-widening-circle\/"]}]},{"@type":"ImageObject","inLanguage":"en-US","@id":"https:\/\/shrimataji.org\/test\/ro\/the-widening-circle\/#primaryimage","url":"https:\/\/shrimataji.org\/test\/wp-content\/uploads\/2023\/03\/10_Banner-PublicLife-WideningCircle_2-scaled.jpg","contentUrl":"https:\/\/shrimataji.org\/test\/wp-content\/uploads\/2023\/03\/10_Banner-PublicLife-WideningCircle_2-scaled.jpg","width":2560,"height":905},{"@type":"BreadcrumbList","@id":"https:\/\/shrimataji.org\/test\/ro\/the-widening-circle\/#breadcrumb","itemListElement":[{"@type":"ListItem","position":1,"name":"Home","item":"https:\/\/shrimataji.org\/test\/uk\/home-en\/"},{"@type":"ListItem","position":2,"name":"Cercul care se l\u0103rge\u0219te"}]},{"@type":"WebSite","@id":"https:\/\/shrimataji.org\/test\/#website","url":"https:\/\/shrimataji.org\/test\/","name":"Shri Mataji Nirmala Devi","description":"A Life Dedicated to Humanity","publisher":{"@id":"https:\/\/shrimataji.org\/test\/#\/schema\/person\/a1b3419c6585f164aa96da1ff85715d1"},"potentialAction":[{"@type":"SearchAction","target":{"@type":"EntryPoint","urlTemplate":"https:\/\/shrimataji.org\/test\/?s={search_term_string}"},"query-input":{"@type":"PropertyValueSpecification","valueRequired":true,"valueName":"search_term_string"}}],"inLanguage":"en-US"},{"@type":["Person","Organization"],"@id":"https:\/\/shrimataji.org\/test\/#\/schema\/person\/a1b3419c6585f164aa96da1ff85715d1","name":"Nirmala Shrivastava","image":{"@type":"ImageObject","inLanguage":"en-US","@id":"https:\/\/shrimataji.org\/test\/wp-content\/uploads\/2023\/02\/SMO_LOGO-03.svg","url":"https:\/\/shrimataji.org\/test\/wp-content\/uploads\/2023\/02\/SMO_LOGO-03.svg","contentUrl":"https:\/\/shrimataji.org\/test\/wp-content\/uploads\/2023\/02\/SMO_LOGO-03.svg","width":"1024","height":"1024","caption":"Nirmala Shrivastava"},"logo":{"@id":"https:\/\/shrimataji.org\/test\/wp-content\/uploads\/2023\/02\/SMO_LOGO-03.svg"},"sameAs":["https:\/\/shrimataji.org\/test","https:\/\/www.facebook.com\/shrimataji","https:\/\/x.com\/shrimataji","https:\/\/www.youtube.com\/@Shri_Mataji_Nirmala_Devi\/featured"]}]}},"lang":"ro","translations":{"ro":14521,"ur":37524,"en":37234,"hu":19593,"am":18099,"th":20095,"ar":16995,"sq":18500,"zh":17397,"hi":8269,"tr":10224,"pt":10432,"de":10706,"fr":10804,"it":10902,"es":10999,"ja":11297,"ru":11485,"bn":11676,"te":11784,"sw":11907,"he":12055,"el":12347,"sk":12445,"fa":12543,"fi":12641,"bg":13447,"cs":14714,"nl":16659,"ku":16819,"be":18707,"kn":18981,"mr":20459,"uk":20752,"ml":21047,"ta":22818,"sv":23087,"gu":28922,"pa":29082,"fil":29536,"da":37831,"pl":38041,"nn":38383},"pll_sync_post":[],"_links":{"self":[{"href":"https:\/\/shrimataji.org\/test\/wp-json\/wp\/v2\/pages\/14521","targetHints":{"allow":["GET"]}}],"collection":[{"href":"https:\/\/shrimataji.org\/test\/wp-json\/wp\/v2\/pages"}],"about":[{"href":"https:\/\/shrimataji.org\/test\/wp-json\/wp\/v2\/types\/page"}],"author":[{"embeddable":true,"href":"https:\/\/shrimataji.org\/test\/wp-json\/wp\/v2\/users\/1"}],"replies":[{"embeddable":true,"href":"https:\/\/shrimataji.org\/test\/wp-json\/wp\/v2\/comments?post=14521"}],"version-history":[{"count":0,"href":"https:\/\/shrimataji.org\/test\/wp-json\/wp\/v2\/pages\/14521\/revisions"}],"wp:featuredmedia":[{"embeddable":true,"href":"https:\/\/shrimataji.org\/test\/wp-json\/wp\/v2\/media\/14522"}],"wp:attachment":[{"href":"https:\/\/shrimataji.org\/test\/wp-json\/wp\/v2\/media?parent=14521"}],"curies":[{"name":"wp","href":"https:\/\/api.w.org\/{rel}","templated":true}]}}