{"id":14531,"date":"2018-07-10T06:54:46","date_gmt":"2018-07-10T06:54:46","guid":{"rendered":"http:\/\/testwordpress.nirmalnagari.org\/smnd\/index.php\/a-pivotal-moment\/"},"modified":"2025-06-01T13:19:02","modified_gmt":"2025-06-01T13:19:02","slug":"a-pivotal-moment","status":"publish","type":"page","link":"https:\/\/shrimataji.org\/test\/ro\/a-pivotal-moment\/","title":{"rendered":"Un moment crucial"},"content":{"rendered":"\n\n\t<h1>Un moment crucial<\/h1>\n<h2><b>Un moment etern de transformare pur\u0103<\/b><\/h2>\n\t<h4>Pe 5 mai 1970, \u00een ora\u0219ul Nargol de pe \u021b\u0103rmul m\u0103rii, pe coasta de vest a Indiei, l\u00e2ng\u0103 Mumbai, a avut loc un eveniment extrem de important, \u0219i anume deschiderea Sahasrarei, centrul energetic al zonei limbice.<\/h4>\n\t<p>Semnifica\u021bia acestui eveniment este extraordinar\u0103. Tot ceea ce a urmat \u00een mo\u0219tenirea spiritual\u0103 a lui Shri Mataji a rezultat din acel eveniment. Ca o descoperire \u0219tiin\u021bific\u0103 important\u0103 sau ca o oper\u0103 de art\u0103 frumoas\u0103, aceast\u0103 descoperire f\u0103r\u0103 precedent a reverberat de-a lungul anilor, influen\u021b\u00e2nd pe to\u021bi cei care au intrat \u00een contact cu opera \u0219i viziunea lui Shri Mataji.<\/p>\n<p>Descoperirea lui Shri Mataji a fost \u0219i este unic\u0103. Deschiderea Sahasrarei este un moment de transformare pur\u0103 \u0219i ofer\u0103 o metod\u0103 prin care fiin\u021bele umane \u00ee\u0219i pot dep\u0103\u0219i limitele \u0219i se pot conecta la ceva mai \u00eenalt. Acest eveniment \u0219i capacitatea de con\u0219tientizare pe care o trezea , erau ceea ce a\u0219teptase Shri Mataji.<\/p>\n<p>\u201eC\u0103utam c\u0103ile \u0219i metodele&#8221;, a explicat Ea, \u201estudiindu-le \u00een interiorul meu prin propriul meu stil de medita\u021bie, \u00een sensul c\u0103 \u00eencercam s\u0103 rezolv toate permut\u0103rile \u0219i combina\u021biile posibile. C\u00e2nd \u00eent\u00e2lneam o persoan\u0103, vedeam ce probleme avea acea persoan\u0103 \u0219i cum le putea dep\u0103\u0219i. \u00cencercam s\u0103 studiez acea persoan\u0103 din interior.&#8221;<\/p>\n\t\t\t\t<img decoding=\"async\" src=\"https:\/\/shrimataji.org\/test\/wp-content\/uploads\/2018\/07\/media_originals\/images\/shri-mataji-portraits\/mother-ocean.jpg\" alt=\"mother-ocean\" itemprop=\"image\" height=\"541\" width=\"721\" title=\"mother-ocean\" onerror=\"this.style.display='none'\" loading='lazy' \/>\n\t<p>Shri Mataji \u0219tia c\u0103 solu\u021bia pentru \u00een\u021belegerea dilemei umane const\u0103 \u00een cunoa\u0219terea str\u0103veche a corpului subtil. Acest corp care exist\u0103 dincolo de cel fizic este real, \u0219i este compus din canale de energie, centri energetici \u0219i o surs\u0103 de energie primar\u0103 cunoscut\u0103 sub numele de Kundalini. Func\u021biile \u0219i structura corpului subtil reflect\u0103 sistemul fizic cunoscut \u0219tiin\u021bei, dar la un nivel mai subtil.<\/p>\n<p>\u201eAm putut vedea toate lucrurile care se \u00eent\u00e2mplau&#8221;, \u0219i-a amintit Ea. \u201eAceea a fost ziua \u00een care am spus c\u0103 \u00eentr-un fel sau altul trebuie s\u0103 deschid ultima chakr\u0103.&#8221;<\/p>\n<p>Aceast\u0103 chakr\u0103 (sau centru energetic) este cunoscut\u0103 \u00een limba sanscrit\u0103 ca Sahasrara, cu sediul \u00een zona limbic\u0103 a creierului. Deschiderea acestui centru energetic a fost momentul declan\u0219ator care avea s\u0103 pun\u0103 totul \u00een mi\u0219care, o poart\u0103 deschis\u0103 c\u0103tre adev\u0103r.<\/p>\n\t\t\t\t<img decoding=\"async\" src=\"https:\/\/shrimataji.org\/test\/wp-content\/uploads\/2018\/07\/media_originals\/images\/shri-mataji-portraits\/shri-mataji-looking.jpg\" alt=\"shri-mataji-looking\" itemprop=\"image\" height=\"541\" width=\"721\" title=\"shri-mataji-looking\" onerror=\"this.style.display='none'\" loading='lazy' \/>\n\t<p>\u201eEram singur\u0103 \u0219i m\u0103 sim\u021beam foarte bine. Nu era nimeni \u00een preajm\u0103 care s\u0103 spun\u0103 un cuv\u00e2nt. \u0218i apoi, \u00een medita\u021bie, am sim\u021bit c\u0103 a sosit momentul c\u00e2nd Sahasrara trebuia deschis\u0103. \u00cen momentul \u00een care mi-am dorit deschiderea Sahasrarei, ceea ce am observat a fost c\u0103 energia Kundalini s-a ridicat ca un telescop \u00een Mine, deschiz\u00e2ndu-\u0219i segmentele unul dup\u0103 altul, merg\u00e2nd \u00een sus. Era de culoarea fierului topit, \u00eenro\u0219it.<\/p>\n<p>\u201eApoi am v\u0103zut structura exterioar\u0103 a lui Kundalini care a continuat s\u0103 se ridice, cre\u00e2nd sunete la fiecare chakr\u0103. Kundalini s-a ridicat pentru a str\u0103punge Brahmarandra.&#8221;<\/p>\n<p>Brahmarandra este zona osului fontanel\u0103 din partea de sus a capului. Experien\u021ba descris\u0103 de Shri Mataji a fost aceea a Realiz\u0103rii Sinelui, a \u00eenfloririi cunoa\u0219terii \u0219i a con\u0219tientiz\u0103rii pe care mul\u021bi o doresc. Ea vorbea despre un destin pe care at\u00e2t de mul\u021bi \u00eel caut\u0103, \u0219i a c\u0103rui \u00eemplinire este asociat\u0103 de obicei cu ani de trud\u0103 \u0219i dedicare.<\/p>\n\t<p>\u201eAm sim\u021bit \u00een acel moment c\u0103 toat\u0103 energia care era acolo deasupra a intrat brusc \u00een Mine din toate direc\u021biile, ca o briz\u0103 r\u0103coroas\u0103. Am v\u0103zut c\u0103 totul s-a deschis \u0219i briza a \u00eenceput s\u0103 curg\u0103 din capul Meu pretutindeni, ca o uria\u0219\u0103 ploaie toren\u021bial\u0103. Sim\u021beam c\u0103 m\u0103 pierd, c\u0103 nu mai existam. Era doar gra\u021bia divin\u0103 care r\u0103m\u0103sese acolo. Am v\u0103zut cum toate acestea Mi s-au \u00eent\u00e2mplat \u00een totalitate.&#8221;<\/p>\n\t<p>Shri Mataji \u0219tia c\u0103 aceast\u0103 experien\u021b\u0103 a Realiz\u0103rii Sinelui, aceast\u0103 cunoa\u0219tere superioar\u0103, trebuia \u00eemp\u0103rt\u0103\u0219it\u0103 \u00eentregii lumi.\u201eAtunci mi-am dat seama c\u0103 nu era nicio gre\u0219eal\u0103 \u00een decizia de a \u00eencepe aceast\u0103 lucrare. Confuzia se terminase. \u00cen sf\u00e2r\u015fit, venise momentul. Nu era nimic de care s\u0103 M\u0103 tem. Acest lucru trebuia f\u0103cut p\u00e2n\u0103 la urm\u0103. Eu venisem \u00een aceast\u0103 lume doar cu acest scop, pentru a trezi con\u0219tiin\u021ba colectiv\u0103 \u00een fiin\u021bele umane. M-am g\u00e2ndit c\u0103 p\u00e2n\u0103 c\u00e2nd oamenii nu \u00ee\u0219i vor primi Realizarea \u0219i nu \u00ee\u0219i vor \u00een\u021belege propriul Sine, aceast\u0103 sarcin\u0103 va fi imposibil\u0103. Orice altceva ar fi \u00eencercat cineva s\u0103 fac\u0103 \u00een aceast\u0103 lume nu ar fi fost de niciun folos.&#8221;<\/p>\n<p>Shri Mataji a descris cum a \u00eenceput munca Ei spiritual\u0103. \u201eAm lucrat pe o doamn\u0103 \u00een v\u00e2rst\u0103 care m\u0103 cuno\u0219tea bine. C\u00e2nd \u0219i-a primit Realizarea, am fost mul\u021bumit\u0103. Am sim\u021bit c\u0103 mul\u021bi al\u021bii \u0219i-ar putea ob\u021bine Realizarea. A fost u\u0219or s\u0103 dai Realizarea unei singure persoane. A fost foarte u\u0219or s\u0103 faci con\u0219tient\u0103 o persoan\u0103, dar pentru a face metoda s\u0103 func\u021bioneze la nivel colectiv asupra maselor, era nevoie de ceva mai mult\u0103 munc\u0103.<\/p>\n<p>Toat\u0103 lumea ar fi trebuit s\u0103 primeasc\u0103 aceste beneficii dup\u0103 o singur\u0103 \u0219edin\u021b\u0103 de Realizare, dar este adev\u0103rat c\u0103 aceste lucruri nu mai fuseser\u0103 niciodat\u0103 f\u0103cute la nivel colectiv. Am reu\u0219it toate acestea prin medita\u021bie.&#8221;<\/p>\n<p>Munca Ei a continuat \u00een lini\u0219te mul\u021bi ani la nivel de baz\u0103. \u201eNimeni nu a \u0219tiut vreodat\u0103 despre puterile pe care le aveam \u00een interior. Nimeni nu M\u0103 cuno\u0219tea \u0219i nu avea nicio idee despre Mine.&#8221; Nici oamenii nu erau \u00eenc\u0103 preg\u0103ti\u021bi pentru ceea ce spunea Shri Mataji. Mesajul Ei, care era revolu\u021bionar dar \u0219i \u00eendr\u0103zne\u021b, a fost, de asemenea, o provocare fundamental\u0103 pentru majoritatea oamenilor \u00een \u00een\u021belegerea adev\u0103rului despre ei \u00een\u0219i\u0219i.<\/p>\n\t\t\t\t<img decoding=\"async\" src=\"https:\/\/shrimataji.org\/test\/wp-content\/uploads\/2018\/07\/media_originals\/images\/shri-mataji-portraits\/shri-mataji-nirmala-devi-831x1080.jpg\" alt=\"shri-mataji-nirmala-devi\" itemprop=\"image\" height=\"1080\" width=\"831\" title=\"shri-mataji-nirmala-devi\" onerror=\"this.style.display='none'\" loading='lazy' \/>\n\t<p>\u201eDar c\u00e2nd energia Kundalini a fost trezit\u0103 \u00een acea doamn\u0103&#8221;, \u0219i-a amintit Shri Mataji, \u201eam sim\u021bit c\u0103 un fel de putere subtil\u0103 a intrat \u00een ea. Apoi \u00eenc\u0103 dou\u0103sprezece persoane \u0219i-au primit Realizarea. Au fost uimi\u021bi c\u00e2nd ochii lor au \u00eenceput s\u0103 str\u0103luceasc\u0103. Au \u00eenceput s\u0103 \u00een\u021beleag\u0103 \u0219i s\u0103 vad\u0103 totul clar prin puterea unei sensibilit\u0103\u021bi unice care s-a trezit \u00een ei, prin care puteau sim\u021bi totul.&#8221;<\/p>\n\t\t\t\t<img decoding=\"async\" src=\"https:\/\/shrimataji.org\/test\/wp-content\/uploads\/2018\/07\/media_originals\/images\/shri-mataji-teaching-sahaja-yoga\/shri-mataji-nirmala-devi-teaching-sahaja-yoga-meditation-in-india.jpg\" alt=\"Shri Mataji opettaa Sahaja Yoga -meditaatiota Intiassa\" itemprop=\"image\" height=\"541\" width=\"721\" title=\"Shri Mataji opettaa Sahaja Yoga -meditaatiota Intiassa\" onerror=\"this.style.display='none'\" loading='lazy' \/>\n\t<p>Prin Realizarea Sinelui, oamenii au devenit adev\u0103ratul lor Sine. Au \u00een\u021beles ce nu \u0219tiau \u00eenainte. Au \u00eenceput s\u0103 se vad\u0103 unul \u00een cel\u0103lalt. \u0218i astfel a \u00eenceput adev\u0103rata integrare.<\/p>\n<p>\u201eMi-am dat seama foarte clar de un lucru, \u0219i anume c\u0103 aceste dou\u0103sprezece persoane aveau dou\u0103sprezece personalit\u0103\u021bi diferite \u0219i cumva, st\u00e2nd cu ei, sim\u021beam c\u0103 ar trebui s\u0103 li se spun\u0103 cum ar trebui s\u0103 fie integrat\u0103 puterea luminii pe care o posed\u0103 spiritul&#8221;, a spus Ea. \u201eEste ca atunci c\u00e2nd \u00een\u0219ir\u0103m flori \u00eentr-o singur\u0103 ghirland\u0103 cu ajutorul unui ac&#8230; C\u00e2nd \u0219i-au primit Realizarea, atunci am observat c\u0103 \u00een ei, \u00een interiorul lor, fiecare devenea integrat, acord\u00e2ndu-se unul dup\u0103 altul, pe o singur\u0103 strun\u0103.&#8221;<\/p>\n\t<div class=\"su-quote su-quote-style-default\"><div class=\"su-quote-inner su-u-clearfix su-u-trim\"><i>Am \u00eenceput cu o singur\u0103 doamn\u0103. Apoi, treptat, mul\u021bi al\u021bii au \u00eenceput s\u0103-\u0219i primeasc\u0103 Realizarea. Treptat, munca s-a \u00eembun\u0103t\u0103\u021bit \u0219i oamenii au descoperit c\u0103 acesta este modul \u00een care ne putem transforma. S-a dovedit c\u0103 Sahaja Yoga este ceva foarte important.<\/i><\/div><\/div>\n\t\t<iframe loading=\"lazy\" title=\"First Awakenings And Self Realization\" width=\"1920\" height=\"1080\" src=\"https:\/\/www.youtube.com\/embed\/EM8Bip5ObJo?feature=oembed\" frameborder=\"0\" allow=\"accelerometer; autoplay; clipboard-write; encrypted-media; gyroscope; picture-in-picture; web-share\" allowfullscreen><\/iframe>\t\n\t\t<iframe loading=\"lazy\" title=\"A Meeting That Gave Understanding\" width=\"1920\" height=\"1080\" src=\"https:\/\/www.youtube.com\/embed\/yKot6Plxn7Y?feature=oembed\" frameborder=\"0\" allow=\"accelerometer; autoplay; clipboard-write; encrypted-media; gyroscope; picture-in-picture; web-share\" allowfullscreen><\/iframe>\t\n\t\t<iframe loading=\"lazy\" title=\"Many Are Still Seeking The Truth\" width=\"1920\" height=\"1080\" src=\"https:\/\/www.youtube.com\/embed\/-KffEGsqep8?feature=oembed\" frameborder=\"0\" allow=\"accelerometer; autoplay; clipboard-write; encrypted-media; gyroscope; picture-in-picture; web-share\" allowfullscreen><\/iframe>\t\n\n","protected":false},"excerpt":{"rendered":"<p>Un moment crucial Un moment etern de transformare pur\u0103 Pe 5 mai 1970, \u00een ora\u0219ul Nargol de pe \u021b\u0103rmul m\u0103rii, pe coasta de vest a Indiei, l\u00e2ng\u0103 Mumbai, a avut loc un eveniment extrem de important, \u0219i anume deschiderea Sahasrarei, centrul energetic al zonei limbice. Semnifica\u021bia acestui eveniment este extraordinar\u0103. Tot ceea ce a urmat&hellip; <br \/> <a class=\"read-more\" href=\"https:\/\/shrimataji.org\/test\/ro\/a-pivotal-moment\/\">Read more<\/a><\/p>\n","protected":false},"author":1,"featured_media":14532,"parent":0,"menu_order":0,"comment_status":"closed","ping_status":"closed","template":"","meta":{"inline_featured_image":false,"footnotes":""},"class_list":["post-14531","page","type-page","status-publish","has-post-thumbnail","hentry"],"yoast_head":"<!-- This site is optimized with the Yoast SEO plugin v27.4 - https:\/\/yoast.com\/product\/yoast-seo-wordpress\/ -->\n<title>Un moment crucial - TEST - SMND<\/title>\n<meta name=\"robots\" content=\"noindex, follow, max-snippet:-1, max-image-preview:large, max-video-preview:-1\" \/>\n<meta property=\"og:locale\" content=\"en_US\" \/>\n<meta property=\"og:type\" content=\"article\" \/>\n<meta property=\"og:title\" content=\"Un moment crucial - TEST - SMND\" \/>\n<meta property=\"og:description\" content=\"Un moment crucial Un moment etern de transformare pur\u0103 Pe 5 mai 1970, \u00een ora\u0219ul Nargol de pe \u021b\u0103rmul m\u0103rii, pe coasta de vest a Indiei, l\u00e2ng\u0103 Mumbai, a avut loc un eveniment extrem de important, \u0219i anume deschiderea Sahasrarei, centrul energetic al zonei limbice. Semnifica\u021bia acestui eveniment este extraordinar\u0103. Tot ceea ce a urmat&hellip; Read more\" \/>\n<meta property=\"og:url\" content=\"https:\/\/shrimataji.org\/test\/ro\/a-pivotal-moment\/\" \/>\n<meta property=\"og:site_name\" content=\"TEST - SMND\" \/>\n<meta property=\"article:publisher\" content=\"https:\/\/www.facebook.com\/shrimataji\" \/>\n<meta property=\"article:modified_time\" content=\"2025-06-01T13:19:02+00:00\" \/>\n<meta property=\"og:image\" content=\"https:\/\/shrimataji.org\/test\/wp-content\/uploads\/2023\/03\/11_Banner-PublicLife-PivotalMoment-scaled.jpg\" \/>\n\t<meta property=\"og:image:width\" content=\"2560\" \/>\n\t<meta property=\"og:image:height\" content=\"905\" \/>\n\t<meta property=\"og:image:type\" content=\"image\/jpeg\" \/>\n<meta name=\"twitter:card\" content=\"summary_large_image\" \/>\n<meta name=\"twitter:site\" content=\"@shrimataji\" \/>\n<meta name=\"twitter:label1\" content=\"Est. reading time\" \/>\n\t<meta name=\"twitter:data1\" content=\"6 minutes\" \/>\n<script type=\"application\/ld+json\" class=\"yoast-schema-graph\">{\"@context\":\"https:\\\/\\\/schema.org\",\"@graph\":[{\"@type\":\"WebPage\",\"@id\":\"https:\\\/\\\/shrimataji.org\\\/test\\\/ro\\\/a-pivotal-moment\\\/\",\"url\":\"https:\\\/\\\/shrimataji.org\\\/test\\\/ro\\\/a-pivotal-moment\\\/\",\"name\":\"Un moment crucial - TEST - SMND\",\"isPartOf\":{\"@id\":\"https:\\\/\\\/shrimataji.org\\\/test\\\/#website\"},\"primaryImageOfPage\":{\"@id\":\"https:\\\/\\\/shrimataji.org\\\/test\\\/ro\\\/a-pivotal-moment\\\/#primaryimage\"},\"image\":{\"@id\":\"https:\\\/\\\/shrimataji.org\\\/test\\\/ro\\\/a-pivotal-moment\\\/#primaryimage\"},\"thumbnailUrl\":\"https:\\\/\\\/shrimataji.org\\\/test\\\/wp-content\\\/uploads\\\/2023\\\/03\\\/11_Banner-PublicLife-PivotalMoment-scaled.jpg\",\"datePublished\":\"2018-07-10T06:54:46+00:00\",\"dateModified\":\"2025-06-01T13:19:02+00:00\",\"breadcrumb\":{\"@id\":\"https:\\\/\\\/shrimataji.org\\\/test\\\/ro\\\/a-pivotal-moment\\\/#breadcrumb\"},\"inLanguage\":\"en-US\",\"potentialAction\":[{\"@type\":\"ReadAction\",\"target\":[\"https:\\\/\\\/shrimataji.org\\\/test\\\/ro\\\/a-pivotal-moment\\\/\"]}]},{\"@type\":\"ImageObject\",\"inLanguage\":\"en-US\",\"@id\":\"https:\\\/\\\/shrimataji.org\\\/test\\\/ro\\\/a-pivotal-moment\\\/#primaryimage\",\"url\":\"https:\\\/\\\/shrimataji.org\\\/test\\\/wp-content\\\/uploads\\\/2023\\\/03\\\/11_Banner-PublicLife-PivotalMoment-scaled.jpg\",\"contentUrl\":\"https:\\\/\\\/shrimataji.org\\\/test\\\/wp-content\\\/uploads\\\/2023\\\/03\\\/11_Banner-PublicLife-PivotalMoment-scaled.jpg\",\"width\":2560,\"height\":905},{\"@type\":\"BreadcrumbList\",\"@id\":\"https:\\\/\\\/shrimataji.org\\\/test\\\/ro\\\/a-pivotal-moment\\\/#breadcrumb\",\"itemListElement\":[{\"@type\":\"ListItem\",\"position\":1,\"name\":\"Home\",\"item\":\"https:\\\/\\\/shrimataji.org\\\/test\\\/uk\\\/home-en\\\/\"},{\"@type\":\"ListItem\",\"position\":2,\"name\":\"Un moment crucial\"}]},{\"@type\":\"WebSite\",\"@id\":\"https:\\\/\\\/shrimataji.org\\\/test\\\/#website\",\"url\":\"https:\\\/\\\/shrimataji.org\\\/test\\\/\",\"name\":\"Shri Mataji Nirmala Devi\",\"description\":\"A Life Dedicated to Humanity\",\"publisher\":{\"@id\":\"https:\\\/\\\/shrimataji.org\\\/test\\\/#\\\/schema\\\/person\\\/a1b3419c6585f164aa96da1ff85715d1\"},\"potentialAction\":[{\"@type\":\"SearchAction\",\"target\":{\"@type\":\"EntryPoint\",\"urlTemplate\":\"https:\\\/\\\/shrimataji.org\\\/test\\\/?s={search_term_string}\"},\"query-input\":{\"@type\":\"PropertyValueSpecification\",\"valueRequired\":true,\"valueName\":\"search_term_string\"}}],\"inLanguage\":\"en-US\"},{\"@type\":[\"Person\",\"Organization\"],\"@id\":\"https:\\\/\\\/shrimataji.org\\\/test\\\/#\\\/schema\\\/person\\\/a1b3419c6585f164aa96da1ff85715d1\",\"name\":\"Nirmala Shrivastava\",\"image\":{\"@type\":\"ImageObject\",\"inLanguage\":\"en-US\",\"@id\":\"https:\\\/\\\/shrimataji.org\\\/test\\\/wp-content\\\/uploads\\\/2023\\\/02\\\/SMO_LOGO-03.svg\",\"url\":\"https:\\\/\\\/shrimataji.org\\\/test\\\/wp-content\\\/uploads\\\/2023\\\/02\\\/SMO_LOGO-03.svg\",\"contentUrl\":\"https:\\\/\\\/shrimataji.org\\\/test\\\/wp-content\\\/uploads\\\/2023\\\/02\\\/SMO_LOGO-03.svg\",\"width\":\"1024\",\"height\":\"1024\",\"caption\":\"Nirmala Shrivastava\"},\"logo\":{\"@id\":\"https:\\\/\\\/shrimataji.org\\\/test\\\/wp-content\\\/uploads\\\/2023\\\/02\\\/SMO_LOGO-03.svg\"},\"sameAs\":[\"https:\\\/\\\/shrimataji.org\\\/test\",\"https:\\\/\\\/www.facebook.com\\\/shrimataji\",\"https:\\\/\\\/x.com\\\/shrimataji\",\"https:\\\/\\\/www.youtube.com\\\/@Shri_Mataji_Nirmala_Devi\\\/featured\"]}]}<\/script>\n<!-- \/ Yoast SEO plugin. -->","yoast_head_json":{"title":"Un moment crucial - TEST - SMND","robots":{"index":"noindex","follow":"follow","max-snippet":"max-snippet:-1","max-image-preview":"max-image-preview:large","max-video-preview":"max-video-preview:-1"},"og_locale":"en_US","og_type":"article","og_title":"Un moment crucial - TEST - SMND","og_description":"Un moment crucial Un moment etern de transformare pur\u0103 Pe 5 mai 1970, \u00een ora\u0219ul Nargol de pe \u021b\u0103rmul m\u0103rii, pe coasta de vest a Indiei, l\u00e2ng\u0103 Mumbai, a avut loc un eveniment extrem de important, \u0219i anume deschiderea Sahasrarei, centrul energetic al zonei limbice. Semnifica\u021bia acestui eveniment este extraordinar\u0103. Tot ceea ce a urmat&hellip; Read more","og_url":"https:\/\/shrimataji.org\/test\/ro\/a-pivotal-moment\/","og_site_name":"TEST - SMND","article_publisher":"https:\/\/www.facebook.com\/shrimataji","article_modified_time":"2025-06-01T13:19:02+00:00","og_image":[{"width":2560,"height":905,"url":"https:\/\/shrimataji.org\/test\/wp-content\/uploads\/2023\/03\/11_Banner-PublicLife-PivotalMoment-scaled.jpg","type":"image\/jpeg"}],"twitter_card":"summary_large_image","twitter_site":"@shrimataji","twitter_misc":{"Est. reading time":"6 minutes"},"schema":{"@context":"https:\/\/schema.org","@graph":[{"@type":"WebPage","@id":"https:\/\/shrimataji.org\/test\/ro\/a-pivotal-moment\/","url":"https:\/\/shrimataji.org\/test\/ro\/a-pivotal-moment\/","name":"Un moment crucial - TEST - SMND","isPartOf":{"@id":"https:\/\/shrimataji.org\/test\/#website"},"primaryImageOfPage":{"@id":"https:\/\/shrimataji.org\/test\/ro\/a-pivotal-moment\/#primaryimage"},"image":{"@id":"https:\/\/shrimataji.org\/test\/ro\/a-pivotal-moment\/#primaryimage"},"thumbnailUrl":"https:\/\/shrimataji.org\/test\/wp-content\/uploads\/2023\/03\/11_Banner-PublicLife-PivotalMoment-scaled.jpg","datePublished":"2018-07-10T06:54:46+00:00","dateModified":"2025-06-01T13:19:02+00:00","breadcrumb":{"@id":"https:\/\/shrimataji.org\/test\/ro\/a-pivotal-moment\/#breadcrumb"},"inLanguage":"en-US","potentialAction":[{"@type":"ReadAction","target":["https:\/\/shrimataji.org\/test\/ro\/a-pivotal-moment\/"]}]},{"@type":"ImageObject","inLanguage":"en-US","@id":"https:\/\/shrimataji.org\/test\/ro\/a-pivotal-moment\/#primaryimage","url":"https:\/\/shrimataji.org\/test\/wp-content\/uploads\/2023\/03\/11_Banner-PublicLife-PivotalMoment-scaled.jpg","contentUrl":"https:\/\/shrimataji.org\/test\/wp-content\/uploads\/2023\/03\/11_Banner-PublicLife-PivotalMoment-scaled.jpg","width":2560,"height":905},{"@type":"BreadcrumbList","@id":"https:\/\/shrimataji.org\/test\/ro\/a-pivotal-moment\/#breadcrumb","itemListElement":[{"@type":"ListItem","position":1,"name":"Home","item":"https:\/\/shrimataji.org\/test\/uk\/home-en\/"},{"@type":"ListItem","position":2,"name":"Un moment crucial"}]},{"@type":"WebSite","@id":"https:\/\/shrimataji.org\/test\/#website","url":"https:\/\/shrimataji.org\/test\/","name":"Shri Mataji Nirmala Devi","description":"A Life Dedicated to Humanity","publisher":{"@id":"https:\/\/shrimataji.org\/test\/#\/schema\/person\/a1b3419c6585f164aa96da1ff85715d1"},"potentialAction":[{"@type":"SearchAction","target":{"@type":"EntryPoint","urlTemplate":"https:\/\/shrimataji.org\/test\/?s={search_term_string}"},"query-input":{"@type":"PropertyValueSpecification","valueRequired":true,"valueName":"search_term_string"}}],"inLanguage":"en-US"},{"@type":["Person","Organization"],"@id":"https:\/\/shrimataji.org\/test\/#\/schema\/person\/a1b3419c6585f164aa96da1ff85715d1","name":"Nirmala Shrivastava","image":{"@type":"ImageObject","inLanguage":"en-US","@id":"https:\/\/shrimataji.org\/test\/wp-content\/uploads\/2023\/02\/SMO_LOGO-03.svg","url":"https:\/\/shrimataji.org\/test\/wp-content\/uploads\/2023\/02\/SMO_LOGO-03.svg","contentUrl":"https:\/\/shrimataji.org\/test\/wp-content\/uploads\/2023\/02\/SMO_LOGO-03.svg","width":"1024","height":"1024","caption":"Nirmala Shrivastava"},"logo":{"@id":"https:\/\/shrimataji.org\/test\/wp-content\/uploads\/2023\/02\/SMO_LOGO-03.svg"},"sameAs":["https:\/\/shrimataji.org\/test","https:\/\/www.facebook.com\/shrimataji","https:\/\/x.com\/shrimataji","https:\/\/www.youtube.com\/@Shri_Mataji_Nirmala_Devi\/featured"]}]}},"lang":"ro","translations":{"ro":14531,"ur":37383,"en":12554,"am":17954,"th":19876,"hu":19429,"sq":18355,"zh":17252,"hi":7332,"tr":10129,"pt":10346,"de":10619,"fr":10717,"it":10815,"es":10913,"ja":11210,"ru":11398,"bn":11590,"te":11698,"sw":11821,"he":11969,"el":12260,"sk":12358,"fa":12456,"bg":13459,"cs":14724,"nl":16515,"ku":16675,"ar":16851,"be":18562,"kn":18836,"mr":20240,"uk":20532,"ml":20831,"ta":22670,"sv":22943,"gu":28791,"pa":28949,"fil":29389,"da":37697,"pl":37916,"nn":38249},"pll_sync_post":[],"_links":{"self":[{"href":"https:\/\/shrimataji.org\/test\/wp-json\/wp\/v2\/pages\/14531","targetHints":{"allow":["GET"]}}],"collection":[{"href":"https:\/\/shrimataji.org\/test\/wp-json\/wp\/v2\/pages"}],"about":[{"href":"https:\/\/shrimataji.org\/test\/wp-json\/wp\/v2\/types\/page"}],"author":[{"embeddable":true,"href":"https:\/\/shrimataji.org\/test\/wp-json\/wp\/v2\/users\/1"}],"replies":[{"embeddable":true,"href":"https:\/\/shrimataji.org\/test\/wp-json\/wp\/v2\/comments?post=14531"}],"version-history":[{"count":0,"href":"https:\/\/shrimataji.org\/test\/wp-json\/wp\/v2\/pages\/14531\/revisions"}],"wp:featuredmedia":[{"embeddable":true,"href":"https:\/\/shrimataji.org\/test\/wp-json\/wp\/v2\/media\/14532"}],"wp:attachment":[{"href":"https:\/\/shrimataji.org\/test\/wp-json\/wp\/v2\/media?parent=14531"}],"curies":[{"name":"wp","href":"https:\/\/api.w.org\/{rel}","templated":true}]}}