{"id":14533,"date":"2018-07-10T06:54:46","date_gmt":"2018-07-10T06:54:46","guid":{"rendered":"http:\/\/testwordpress.nirmalnagari.org\/smnd\/index.php\/self-realization\/"},"modified":"2024-12-12T23:06:41","modified_gmt":"2024-12-12T23:06:41","slug":"realizarea-sinelui-si-meditatia","status":"publish","type":"page","link":"https:\/\/shrimataji.org\/test\/ro\/realizarea-sinelui-si-meditatia\/","title":{"rendered":"Realizarea Sinelui \u0219i Medita\u021bia"},"content":{"rendered":"\n\n\t<h1><strong>Realizarea Sinelui \u0219i Medita\u021bia<\/strong><\/h1>\n<h2><strong>O actualizare spontan\u0103 unic\u0103 a adev\u0103ratului t\u0103u sine<\/strong><\/h2>\n\t<div class=\"su-quote su-quote-style-default\"><div class=\"su-quote-inner su-u-clearfix su-u-trim\"> <em>Realizarea Sinelui este prima \u00eent\u00e2lnire cu realitatea<\/em> <\/div><\/div>\n\t<p>Shri Mataji a folosit procesul str\u0103vechi de trezire a energiei Kundalini (\u00een sanscrit\u0103 \u00eensemn\u00e2nd \u00een form\u0103 de spiral\u0103) ca fundament al medita\u021biei Sahaja Yoga. \u00cen trecut, trezirea acestei energii spirituale interioare a fost realizat\u0103 doar de c\u00e2\u021biva oameni prin eforturi dificile de purificare \u0219i ascez\u0103.<\/p>\n<p>Shri Mataji a descoperit o metod\u0103 spontan\u0103 de a trezi aceast\u0103 energie \u00een mas\u0103, care nu necesit\u0103 cuno\u0219tin\u021be anterioare sau practic\u0103 spiritual\u0103. Numele dat acestui proces de trezire este Realizarea Sinelui. Aceast\u0103 trezire spontan\u0103 poate fi apoi transmis\u0103 cu u\u0219urin\u021b\u0103 \u0219i altora, care nu trebuie s\u0103 pl\u0103teasc\u0103 pentru ea, s\u0103 o studieze pentru o diplom\u0103 sau s\u0103 devin\u0103 discipoli. Am putea compara acest fenomen cu o lum\u00e2nare care odat\u0103 aprins\u0103, poate aprinde la r\u00e2ndul ei o alt\u0103 lum\u00e2nare.<\/p>\n<p>Shri Mataji explic\u0103 faptul c\u0103 medita\u021bia f\u0103r\u0103 Realizarea Sinelui este ca \u0219i cum ai \u00eencerca s\u0103 conduci o ma\u0219in\u0103 f\u0103r\u0103 a porni motorul. Nu ajungi nic\u0103ieri doar rotind volanul sau ap\u0103s\u00e2nd accelera\u021bia. \u00cen acela\u0219i mod, toate eforturile de medita\u021bie sunt inutile, cu excep\u021bia cazului \u00een care acea persoan\u0103 \u00ee\u0219i realizeaz\u0103 adev\u0103ratul sine prin trezirea lui Kundalini \u0219i experimenteaz\u0103 starea propriului sistem subtil interior.<\/p>\n\t<iframe loading=\"lazy\" title=\"What is Self Realization\" width=\"1920\" height=\"1080\" src=\"https:\/\/www.youtube.com\/embed\/tqh9lhTVoTQ?feature=oembed\" frameborder=\"0\" allow=\"accelerometer; autoplay; clipboard-write; encrypted-media; gyroscope; picture-in-picture; web-share\" allowfullscreen><\/iframe>\n<p>Prin Realizarea Sinelui,\u00a0 devenim con\u0219tien\u021bi de energia Kundalini (energia interioar\u0103 subtil\u0103) care rezid\u0103 \u00een fiecare fiin\u021b\u0103 uman\u0103 la baza coloanei vertebrale. Aceast\u0103 energie subtil\u0103 a fost cunoscut\u0103 \u00een multe culturi antice \u0219i a primit diferite nume. Grecii antici au dat un nume special osului care este l\u0103ca\u0219ul acestei energii sacre, numindu-l \u201eSacrum&#8221;, adic\u0103 \u201eos sf\u00e2nt&#8221;. C\u00e2nd este trezit\u0103, aceast\u0103 energie binevoitoare \u0219i hr\u0103nitoare se ridic\u0103 prin sistemul subtil, atinge \u0219i ilumineaz\u0103 adev\u0103ratul nostru sine interior (Atma) care locuie\u0219te \u00een inima noastr\u0103 \u0219i iese prin v\u00e2rful capului din zona fontanelei, ridic\u00e2ndu-ne astfel aten\u021bia la o stare sublim\u0103 de medita\u021bie t\u0103cut\u0103, lipsit\u0103 de efort.<\/p>\n<p>Se poate sim\u021bi de fapt energia Kundalini manifest\u00e2ndu-se ca o briz\u0103 r\u0103coroas\u0103 deasupra capului, precum \u0219i \u00een \u00a0palme. Aceast\u0103 energie, sus\u021binut\u0103 prin practicarea medita\u021biei Sahaja Yoga, are un efect curativ \u0219i de echilibrare asupra sistemului nostru subtil . De asemenea, ne ajut\u0103 s\u0103 dob\u00e2ndim o stare de lini\u0219te cunoscut\u0103 sub numele de con\u0219tiin\u021b\u0103 f\u0103r\u0103 g\u00e2nduri[1], \u00een care mintea este \u00een repaus, dar suntem perfect con\u0219tien\u021bi de mediul \u00eenconjur\u0103tor. Ceea ce deosebe\u0219te medita\u021bia Sahaja Yoga de alte forme clasice de medita\u021bie, este faptul c\u0103 \u00een vechime c\u0103ut\u0103torii trebuiau s\u0103 petreac\u0103 ani de zile purific\u00e2ndu-\u0219i sistemul subtil sub \u00eendrumarea unui maestru pentru a atinge \u00een final Realizarea Sinelui. Shri Mataji a inversat \u00a0lucrurile oferindu-ne mai \u00eent\u00e2i experien\u021ba ilumin\u0103rii sistemului nostru subtil, pentru ca apoi cu total\u0103 \u00een\u021belegere s\u0103 putem s\u0103 ne cufund\u0103m pe deplin \u00een pacea medita\u021biei.<\/p>\n<p>Datorit\u0103 simplit\u0103\u021bii \u0219i accesibilit\u0103\u021bii sale, sute de mii de oameni \u0219i-au primit Realizarea Sinelui prin Sahaja Yoga, av\u00e2nd centre de medita\u021bie \u00een peste 100 de \u021b\u0103ri care ofer\u0103 cursuri gratuite \u0219i sprijin comunitar practican\u021bilor acestei medita\u021bii simple, dar eficiente. De asemenea, a fost introdus\u0103 \u00een corpora\u021bii, \u0219coli, spitale, \u00eenchisori \u0219i multe institu\u021bii cu rezultate pozitive.<\/p>\n<p>Datorit\u0103 simplit\u0103\u021bii \u0219i accesibilit\u0103\u021bii sale, sute de mii de oameni \u0219i-au primit Realizarea Sinelui prin Sahaja Yoga, av\u00e2nd centre de medita\u021bie \u00een peste 100 de \u021b\u0103ri care ofer\u0103 cursuri gratuite \u0219i sprijin comunitar practican\u021bilor acestei medita\u021bii simple, dar eficiente. De asemenea, a fost introdus\u0103 \u00een corpora\u021bii, \u0219coli, spitale, \u00eenchisori \u0219i multe institu\u021bii cu rezultate pozitive.<\/p>\n<p>De fapt, experien\u021ba Realiz\u0103rii Sinelui este at\u00e2t de simpl\u0103 \u0219i lipsit\u0103 de efort \u00eenc\u00e2t o po\u021bi ob\u021bine chiar \u0219i din confortul propriei case sau al biroului, oriunde ai acces la internet.<\/p>\n<p>Invit\u0103m pe cititorii no\u0219tri s\u0103 experimenteze Realizarea Sinelui \u0219i s\u0103 \u00eenceap\u0103 o nou\u0103 c\u0103l\u0103torie interioar\u0103 aduc\u0103toare de pace, armonie \u0219i echilibru.<\/p>\n<div class=\"su-quote su-quote-style-default\"><div class=\"su-quote-inner su-u-clearfix su-u-trim\"> <em>Acum, apare \u00eentrebarea pe care mul\u021bi oameni Mi-o pun: \u201eMam\u0103, dac\u0103 este at\u00e2t de simplu, de ce a fost greu \u00eenainte?&#8221; Acest lucru nu a fost niciodat\u0103 dificil. Cineva l-a \u00eentrebat pe maestrul lui Shivaji Maharaj, Ramdas Swami: \u201eC\u00e2t timp \u00eei ia lui Kundalini s\u0103 se trezeasc\u0103?&#8221; El a r\u0103spuns: \u201eTat kshan&#8221;, adic\u0103 \u00een chiar acea secund\u0103. \u00cens\u0103 ar trebui s\u0103 existe o persoan\u0103 care s\u0103 d\u0103ruiasc\u0103, \u0219i de asemenea, o persoan\u0103 care s\u0103 primeasc\u0103. \u00cenainte au fost mul\u021bi oameni care puteau oferi, dar foarte pu\u021bini oameni care puteau primi. Ast\u0103zi sunt mii de oameni care pot \u00a0primi; de aceea acest lucru a devenit mai u\u0219or.<\/em><\/div><\/div>\n\t<hr \/>\n<h3>1.^ Dr Ramesh Manocha, \u201eDoes Meditation Have a Specific Effect?: A Systematic Experimental Evaluation of a Mental Silence Orientated Definition&#8221; (Universitatea din NSW, Australia 2008); carte electronic\u0103: \u201eSilence Your Mind&#8221; publicat\u0103 de Hachette Australia 2013.<\/h3>\n\n","protected":false},"excerpt":{"rendered":"<p>Realizarea Sinelui \u0219i Medita\u021bia O actualizare spontan\u0103 unic\u0103 a adev\u0103ratului t\u0103u sine Shri Mataji a folosit procesul str\u0103vechi de trezire a energiei Kundalini (\u00een sanscrit\u0103 \u00eensemn\u00e2nd \u00een form\u0103 de spiral\u0103) ca fundament al medita\u021biei Sahaja Yoga. \u00cen trecut, trezirea acestei energii spirituale interioare a fost realizat\u0103 doar de c\u00e2\u021biva oameni prin eforturi dificile de purificare&hellip; <br \/> <a class=\"read-more\" href=\"https:\/\/shrimataji.org\/test\/ro\/realizarea-sinelui-si-meditatia\/\">Read more<\/a><\/p>\n","protected":false},"author":56,"featured_media":14534,"parent":0,"menu_order":0,"comment_status":"closed","ping_status":"closed","template":"","meta":{"inline_featured_image":false,"footnotes":""},"class_list":["post-14533","page","type-page","status-publish","has-post-thumbnail","hentry"],"yoast_head":"<!-- This site is optimized with the Yoast SEO plugin v27.4 - https:\/\/yoast.com\/product\/yoast-seo-wordpress\/ -->\n<title>Realizarea Sinelui \u0219i Medita\u021bia - TEST - SMND<\/title>\n<meta name=\"robots\" content=\"noindex, follow, max-snippet:-1, max-image-preview:large, max-video-preview:-1\" \/>\n<meta property=\"og:locale\" content=\"en_US\" \/>\n<meta property=\"og:type\" content=\"article\" \/>\n<meta property=\"og:title\" content=\"Realizarea Sinelui \u0219i Medita\u021bia - TEST - SMND\" \/>\n<meta property=\"og:description\" content=\"Realizarea Sinelui \u0219i Medita\u021bia O actualizare spontan\u0103 unic\u0103 a adev\u0103ratului t\u0103u sine Shri Mataji a folosit procesul str\u0103vechi de trezire a energiei Kundalini (\u00een sanscrit\u0103 \u00eensemn\u00e2nd \u00een form\u0103 de spiral\u0103) ca fundament al medita\u021biei Sahaja Yoga. \u00cen trecut, trezirea acestei energii spirituale interioare a fost realizat\u0103 doar de c\u00e2\u021biva oameni prin eforturi dificile de purificare&hellip; Read more\" \/>\n<meta property=\"og:url\" content=\"https:\/\/shrimataji.org\/test\/ro\/realizarea-sinelui-si-meditatia\/\" \/>\n<meta property=\"og:site_name\" content=\"TEST - SMND\" \/>\n<meta property=\"article:publisher\" content=\"https:\/\/www.facebook.com\/shrimataji\" \/>\n<meta property=\"article:modified_time\" content=\"2024-12-12T23:06:41+00:00\" \/>\n<meta property=\"og:image\" content=\"https:\/\/shrimataji.org\/test\/wp-content\/uploads\/2023\/03\/2_Banner-SelfRealisation-scaled.jpg\" \/>\n\t<meta property=\"og:image:width\" content=\"2560\" \/>\n\t<meta property=\"og:image:height\" content=\"905\" \/>\n\t<meta property=\"og:image:type\" content=\"image\/jpeg\" \/>\n<meta name=\"twitter:card\" content=\"summary_large_image\" \/>\n<meta name=\"twitter:site\" content=\"@shrimataji\" \/>\n<meta name=\"twitter:label1\" content=\"Est. reading time\" \/>\n\t<meta name=\"twitter:data1\" content=\"4 minutes\" \/>\n<script type=\"application\/ld+json\" class=\"yoast-schema-graph\">{\"@context\":\"https:\\\/\\\/schema.org\",\"@graph\":[{\"@type\":\"WebPage\",\"@id\":\"https:\\\/\\\/shrimataji.org\\\/test\\\/ro\\\/realizarea-sinelui-si-meditatia\\\/\",\"url\":\"https:\\\/\\\/shrimataji.org\\\/test\\\/ro\\\/realizarea-sinelui-si-meditatia\\\/\",\"name\":\"Realizarea Sinelui \u0219i Medita\u021bia - TEST - SMND\",\"isPartOf\":{\"@id\":\"https:\\\/\\\/shrimataji.org\\\/test\\\/#website\"},\"primaryImageOfPage\":{\"@id\":\"https:\\\/\\\/shrimataji.org\\\/test\\\/ro\\\/realizarea-sinelui-si-meditatia\\\/#primaryimage\"},\"image\":{\"@id\":\"https:\\\/\\\/shrimataji.org\\\/test\\\/ro\\\/realizarea-sinelui-si-meditatia\\\/#primaryimage\"},\"thumbnailUrl\":\"https:\\\/\\\/shrimataji.org\\\/test\\\/wp-content\\\/uploads\\\/2023\\\/03\\\/2_Banner-SelfRealisation-scaled.jpg\",\"datePublished\":\"2018-07-10T06:54:46+00:00\",\"dateModified\":\"2024-12-12T23:06:41+00:00\",\"breadcrumb\":{\"@id\":\"https:\\\/\\\/shrimataji.org\\\/test\\\/ro\\\/realizarea-sinelui-si-meditatia\\\/#breadcrumb\"},\"inLanguage\":\"en-US\",\"potentialAction\":[{\"@type\":\"ReadAction\",\"target\":[\"https:\\\/\\\/shrimataji.org\\\/test\\\/ro\\\/realizarea-sinelui-si-meditatia\\\/\"]}]},{\"@type\":\"ImageObject\",\"inLanguage\":\"en-US\",\"@id\":\"https:\\\/\\\/shrimataji.org\\\/test\\\/ro\\\/realizarea-sinelui-si-meditatia\\\/#primaryimage\",\"url\":\"https:\\\/\\\/shrimataji.org\\\/test\\\/wp-content\\\/uploads\\\/2023\\\/03\\\/2_Banner-SelfRealisation-scaled.jpg\",\"contentUrl\":\"https:\\\/\\\/shrimataji.org\\\/test\\\/wp-content\\\/uploads\\\/2023\\\/03\\\/2_Banner-SelfRealisation-scaled.jpg\",\"width\":2560,\"height\":905},{\"@type\":\"BreadcrumbList\",\"@id\":\"https:\\\/\\\/shrimataji.org\\\/test\\\/ro\\\/realizarea-sinelui-si-meditatia\\\/#breadcrumb\",\"itemListElement\":[{\"@type\":\"ListItem\",\"position\":1,\"name\":\"Home\",\"item\":\"https:\\\/\\\/shrimataji.org\\\/test\\\/uk\\\/home-en\\\/\"},{\"@type\":\"ListItem\",\"position\":2,\"name\":\"Realizarea Sinelui \u0219i Medita\u021bia\"}]},{\"@type\":\"WebSite\",\"@id\":\"https:\\\/\\\/shrimataji.org\\\/test\\\/#website\",\"url\":\"https:\\\/\\\/shrimataji.org\\\/test\\\/\",\"name\":\"Shri Mataji Nirmala Devi\",\"description\":\"A Life Dedicated to Humanity\",\"publisher\":{\"@id\":\"https:\\\/\\\/shrimataji.org\\\/test\\\/#\\\/schema\\\/person\\\/a1b3419c6585f164aa96da1ff85715d1\"},\"potentialAction\":[{\"@type\":\"SearchAction\",\"target\":{\"@type\":\"EntryPoint\",\"urlTemplate\":\"https:\\\/\\\/shrimataji.org\\\/test\\\/?s={search_term_string}\"},\"query-input\":{\"@type\":\"PropertyValueSpecification\",\"valueRequired\":true,\"valueName\":\"search_term_string\"}}],\"inLanguage\":\"en-US\"},{\"@type\":[\"Person\",\"Organization\"],\"@id\":\"https:\\\/\\\/shrimataji.org\\\/test\\\/#\\\/schema\\\/person\\\/a1b3419c6585f164aa96da1ff85715d1\",\"name\":\"Nirmala Shrivastava\",\"image\":{\"@type\":\"ImageObject\",\"inLanguage\":\"en-US\",\"@id\":\"https:\\\/\\\/shrimataji.org\\\/test\\\/wp-content\\\/uploads\\\/2023\\\/02\\\/SMO_LOGO-03.svg\",\"url\":\"https:\\\/\\\/shrimataji.org\\\/test\\\/wp-content\\\/uploads\\\/2023\\\/02\\\/SMO_LOGO-03.svg\",\"contentUrl\":\"https:\\\/\\\/shrimataji.org\\\/test\\\/wp-content\\\/uploads\\\/2023\\\/02\\\/SMO_LOGO-03.svg\",\"width\":\"1024\",\"height\":\"1024\",\"caption\":\"Nirmala Shrivastava\"},\"logo\":{\"@id\":\"https:\\\/\\\/shrimataji.org\\\/test\\\/wp-content\\\/uploads\\\/2023\\\/02\\\/SMO_LOGO-03.svg\"},\"sameAs\":[\"https:\\\/\\\/shrimataji.org\\\/test\",\"https:\\\/\\\/www.facebook.com\\\/shrimataji\",\"https:\\\/\\\/x.com\\\/shrimataji\",\"https:\\\/\\\/www.youtube.com\\\/@Shri_Mataji_Nirmala_Devi\\\/featured\"]}]}<\/script>\n<!-- \/ Yoast SEO plugin. -->","yoast_head_json":{"title":"Realizarea Sinelui \u0219i Medita\u021bia - TEST - SMND","robots":{"index":"noindex","follow":"follow","max-snippet":"max-snippet:-1","max-image-preview":"max-image-preview:large","max-video-preview":"max-video-preview:-1"},"og_locale":"en_US","og_type":"article","og_title":"Realizarea Sinelui \u0219i Medita\u021bia - TEST - SMND","og_description":"Realizarea Sinelui \u0219i Medita\u021bia O actualizare spontan\u0103 unic\u0103 a adev\u0103ratului t\u0103u sine Shri Mataji a folosit procesul str\u0103vechi de trezire a energiei Kundalini (\u00een sanscrit\u0103 \u00eensemn\u00e2nd \u00een form\u0103 de spiral\u0103) ca fundament al medita\u021biei Sahaja Yoga. \u00cen trecut, trezirea acestei energii spirituale interioare a fost realizat\u0103 doar de c\u00e2\u021biva oameni prin eforturi dificile de purificare&hellip; Read more","og_url":"https:\/\/shrimataji.org\/test\/ro\/realizarea-sinelui-si-meditatia\/","og_site_name":"TEST - SMND","article_publisher":"https:\/\/www.facebook.com\/shrimataji","article_modified_time":"2024-12-12T23:06:41+00:00","og_image":[{"width":2560,"height":905,"url":"https:\/\/shrimataji.org\/test\/wp-content\/uploads\/2023\/03\/2_Banner-SelfRealisation-scaled.jpg","type":"image\/jpeg"}],"twitter_card":"summary_large_image","twitter_site":"@shrimataji","twitter_misc":{"Est. reading time":"4 minutes"},"schema":{"@context":"https:\/\/schema.org","@graph":[{"@type":"WebPage","@id":"https:\/\/shrimataji.org\/test\/ro\/realizarea-sinelui-si-meditatia\/","url":"https:\/\/shrimataji.org\/test\/ro\/realizarea-sinelui-si-meditatia\/","name":"Realizarea Sinelui \u0219i Medita\u021bia - TEST - SMND","isPartOf":{"@id":"https:\/\/shrimataji.org\/test\/#website"},"primaryImageOfPage":{"@id":"https:\/\/shrimataji.org\/test\/ro\/realizarea-sinelui-si-meditatia\/#primaryimage"},"image":{"@id":"https:\/\/shrimataji.org\/test\/ro\/realizarea-sinelui-si-meditatia\/#primaryimage"},"thumbnailUrl":"https:\/\/shrimataji.org\/test\/wp-content\/uploads\/2023\/03\/2_Banner-SelfRealisation-scaled.jpg","datePublished":"2018-07-10T06:54:46+00:00","dateModified":"2024-12-12T23:06:41+00:00","breadcrumb":{"@id":"https:\/\/shrimataji.org\/test\/ro\/realizarea-sinelui-si-meditatia\/#breadcrumb"},"inLanguage":"en-US","potentialAction":[{"@type":"ReadAction","target":["https:\/\/shrimataji.org\/test\/ro\/realizarea-sinelui-si-meditatia\/"]}]},{"@type":"ImageObject","inLanguage":"en-US","@id":"https:\/\/shrimataji.org\/test\/ro\/realizarea-sinelui-si-meditatia\/#primaryimage","url":"https:\/\/shrimataji.org\/test\/wp-content\/uploads\/2023\/03\/2_Banner-SelfRealisation-scaled.jpg","contentUrl":"https:\/\/shrimataji.org\/test\/wp-content\/uploads\/2023\/03\/2_Banner-SelfRealisation-scaled.jpg","width":2560,"height":905},{"@type":"BreadcrumbList","@id":"https:\/\/shrimataji.org\/test\/ro\/realizarea-sinelui-si-meditatia\/#breadcrumb","itemListElement":[{"@type":"ListItem","position":1,"name":"Home","item":"https:\/\/shrimataji.org\/test\/uk\/home-en\/"},{"@type":"ListItem","position":2,"name":"Realizarea Sinelui \u0219i Medita\u021bia"}]},{"@type":"WebSite","@id":"https:\/\/shrimataji.org\/test\/#website","url":"https:\/\/shrimataji.org\/test\/","name":"Shri Mataji Nirmala Devi","description":"A Life Dedicated to Humanity","publisher":{"@id":"https:\/\/shrimataji.org\/test\/#\/schema\/person\/a1b3419c6585f164aa96da1ff85715d1"},"potentialAction":[{"@type":"SearchAction","target":{"@type":"EntryPoint","urlTemplate":"https:\/\/shrimataji.org\/test\/?s={search_term_string}"},"query-input":{"@type":"PropertyValueSpecification","valueRequired":true,"valueName":"search_term_string"}}],"inLanguage":"en-US"},{"@type":["Person","Organization"],"@id":"https:\/\/shrimataji.org\/test\/#\/schema\/person\/a1b3419c6585f164aa96da1ff85715d1","name":"Nirmala Shrivastava","image":{"@type":"ImageObject","inLanguage":"en-US","@id":"https:\/\/shrimataji.org\/test\/wp-content\/uploads\/2023\/02\/SMO_LOGO-03.svg","url":"https:\/\/shrimataji.org\/test\/wp-content\/uploads\/2023\/02\/SMO_LOGO-03.svg","contentUrl":"https:\/\/shrimataji.org\/test\/wp-content\/uploads\/2023\/02\/SMO_LOGO-03.svg","width":"1024","height":"1024","caption":"Nirmala Shrivastava"},"logo":{"@id":"https:\/\/shrimataji.org\/test\/wp-content\/uploads\/2023\/02\/SMO_LOGO-03.svg"},"sameAs":["https:\/\/shrimataji.org\/test","https:\/\/www.facebook.com\/shrimataji","https:\/\/x.com\/shrimataji","https:\/\/www.youtube.com\/@Shri_Mataji_Nirmala_Devi\/featured"]}]}},"lang":"ro","translations":{"ro":14533,"ur":37500,"en":410,"pa":25916,"gu":25519,"th":20058,"hu":19564,"sq":18476,"zh":17373,"hi":8373,"tr":10209,"pt":10419,"de":10693,"fr":10791,"it":10889,"es":10986,"ja":11284,"ru":11472,"bn":11663,"te":11771,"sw":11894,"he":12042,"el":12334,"sk":12432,"fa":12530,"fi":12628,"bg":13461,"cs":14726,"nl":16636,"ku":16796,"ar":16972,"be":18683,"kn":18957,"mr":20422,"uk":20716,"ml":21011,"ta":22794,"sv":23064,"bs":27294,"fil":29512,"sd":31008,"da":37810,"pl":38020,"nn":38362},"pll_sync_post":[],"_links":{"self":[{"href":"https:\/\/shrimataji.org\/test\/wp-json\/wp\/v2\/pages\/14533","targetHints":{"allow":["GET"]}}],"collection":[{"href":"https:\/\/shrimataji.org\/test\/wp-json\/wp\/v2\/pages"}],"about":[{"href":"https:\/\/shrimataji.org\/test\/wp-json\/wp\/v2\/types\/page"}],"author":[{"embeddable":true,"href":"https:\/\/shrimataji.org\/test\/wp-json\/wp\/v2\/users\/56"}],"replies":[{"embeddable":true,"href":"https:\/\/shrimataji.org\/test\/wp-json\/wp\/v2\/comments?post=14533"}],"version-history":[{"count":0,"href":"https:\/\/shrimataji.org\/test\/wp-json\/wp\/v2\/pages\/14533\/revisions"}],"wp:featuredmedia":[{"embeddable":true,"href":"https:\/\/shrimataji.org\/test\/wp-json\/wp\/v2\/media\/14534"}],"wp:attachment":[{"href":"https:\/\/shrimataji.org\/test\/wp-json\/wp\/v2\/media?parent=14533"}],"curies":[{"name":"wp","href":"https:\/\/api.w.org\/{rel}","templated":true}]}}