{"id":14535,"date":"2018-07-10T06:54:42","date_gmt":"2018-07-10T06:54:42","guid":{"rendered":"http:\/\/testwordpress.nirmalnagari.org\/smnd\/index.php\/life\/"},"modified":"2025-04-26T14:40:41","modified_gmt":"2025-04-26T14:40:41","slug":"shrimataji","status":"publish","type":"page","link":"https:\/\/shrimataji.org\/test\/ro\/shrimataji\/","title":{"rendered":"Shri Mataji RO"},"content":{"rendered":"\n\n\t<h1>Shri Mataji<\/h1>\n<h2>Biografia unui angajament de o via\u021b\u0103<\/h2>\n<h4>C\u0103l\u0103torind neobosit\u0103 mii de kilometri \u00een jurul globului, de la sate \u00eendep\u0103rtate p\u00e2n\u0103 la ora\u0219e \u0219i metropole, \u00eemp\u0103rt\u0103\u0219ind cu total\u0103 d\u0103ruire descoperirea Sa unic\u0103, a adev\u0103ratei ilumin\u0103ri spirituale prin experien\u021ba <a href=\"https:\/\/shrimataji.org\/test\/ro\/self-realization\/\">Realiz\u0103rii\u00a0 Sinelui<\/a> cu milioane de oameni, revolu\u021bion\u00e2nd \u00a0schimbarea profund\u0103 a societ\u0103\u021bii prin transformarea interioar\u0103 a fiin\u021belor umane &#8211; toate acestea \u0219i multe alte astfel de momente pre\u021bioase ofer\u0103 o privire asupra angajamentului de o via\u021b\u0103 a lui Shri Mataji, dedicat binelui umanit\u0103\u021bii.<\/h4>\n\t<p>Nirmala Shrivastava, cunoscut\u0103 ca maestru spiritual cu numele de Shri Mataji Nirmala Devi, s-a n\u0103scut pe 21 martie 1923 \u00een Chhindwara, India. S-a n\u0103scut \u00eentr-o familie cre\u0219tin\u0103, iar p\u0103rin\u021bii s\u0103i, Prasad \u0219i Cornelia Salve, i-au ales numele Nirmala, care \u00eenseamn\u0103 \u201eimaculata&#8221;. Tat\u0103l era avocat \u0219i un mare erudit care vorbea fluent 14 limbi. A tradus Coranul \u00een hindi. Mama Sa a fost prima femeie din India care a primit o diplom\u0103 de excelen\u021b\u0103 \u00een matematic\u0103.<\/p>\n<p>De la o v\u00e2rst\u0103 foarte fraged\u0103, Shri Mataji a fost preocupat\u0103 de problemele lumii exterioare. \u00cen timp ce p\u0103rin\u021bii s\u0103i erau implica\u021bi activ \u00een lupta pentru independen\u021ba Indiei, Shri Mataji, copil fiind, \u0219i-a asumat responsabilitatea pentru cas\u0103 \u0219i gospod\u0103rie. Mahatma Gandhi, al c\u0103rui ashram l-a vizitat frecvent de la o v\u00e2rst\u0103 fraged\u0103, a recunoscut \u00een Ea un fenomen spiritual f\u0103r\u0103 precedent. O consulta adesea \u00een probleme de natur\u0103 spiritual\u0103. Toat\u0103 lumea o \u00eendr\u0103gea. Colegii de \u0219coal\u0103 veneau adesea la Ea pentru sfaturi \u0219i sprijin.<\/p>\n<p>Shri Mataji a studiat medicina la Colegiul Medical Cre\u0219tin din Ludhiana \u0219i la Colegiul Medical Balakram din Lahore. C\u00e2nd era t\u00e2n\u0103r\u0103, a luat parte la lupta pentru independen\u021ba Indiei \u0219i \u0219i-a condus colegii \u00een cadrul Mi\u0219c\u0103rii Quit India. A fost \u00eenchis\u0103 \u00een 1942 pentru participarea la aceast\u0103 mi\u0219care.<\/p>\n\t\t\t\t<img loading=\"lazy\" decoding=\"async\" src=\"https:\/\/shrimataji.org\/test\/wp-content\/uploads\/2018\/07\/media_originals\/images\/shri-mataji-portraits\/shri-mataji-in-delhi-india-feb-1983-683x1024.jpg\" alt=\"Shri Mataji in Delhi, ca. 09.02.1983\" itemprop=\"image\" height=\"1024\" width=\"683\" title=\"shri-mataji-in-delhi-india-feb-1983\" onerror=\"this.style.display='none'\"  \/>\n\t<p>\u00cen 1947 s-a c\u0103s\u0103torit cu <a href=\"https:\/\/shrimataji.org\/test\/ro\/sir-c-p-srivastava-3\/\">Chandrika Prasad Shrivastava<\/a>, un \u00eenalt func\u021bionar public indian, care a fost secretar personal al regretatului prim-ministru indian Lal Bahadur Shastri. A fost ales apoi timp de patru mandate succesive ca secretar general al Organiza\u021biei Maritime Interna\u021bionale a Na\u021biunilor Unite. Au avut dou\u0103 fiice. \u00cen timp ce \u0219i-a crescut copiii \u0219i a sus\u021binut cariera eminentului Ei so\u021b, Shri Mataji a continuat s\u0103 manifeste un interes plin de generozitate pentru lumea din jurul S\u0103u. A \u00eent\u00e2lnit o gam\u0103 larg\u0103 de oameni din diferite \u021b\u0103ri \u0219i culturi. Indiferent de statutul social sau mediul din care proveneau, i-a tratat mereu cu respect \u0219i sinceritate. Fie c\u0103 discuta chestiuni de stat cu lideri importan\u021bi sau probleme de familie cu un \u0219ofer de taxi, Ea a fost \u00eentotdeauna deschis\u0103 s\u0103 asculte \u0219i s\u0103 \u00een\u021beleag\u0103. A luat pozi\u021bie \u00eempotriva nedrept\u0103\u021bilor, a oferit protec\u021bie celor afla\u021bi \u00een nevoie, s-a angajat \u00een lucr\u0103ri caritabile, a \u00eencurajat cultura prin muzic\u0103 \u0219i film, s-a ocupat de toate aspectele vie\u021bii, f\u0103r\u0103 s\u0103-\u0219i neglijeze vreodat\u0103 \u00eendatoririle casnice. A fost o so\u021bie, o mam\u0103 \u0219i o sor\u0103 iubitoare, iar mai t\u00e2rziu a devenit \u0219i bunic\u0103.<\/p>\n<p>Tot timpul \u0219i-a ad\u00e2ncit percep\u021bia asupra naturii umane concentr\u00e2ndu-\u0219i aten\u021bia asupra celui mai bun mod de a ajuta fiin\u021bele umane s\u0103 ating\u0103 cel mai \u00eenalt poten\u021bial al lor. Shri Mataji a \u00een\u021beles c\u0103 o astfel de transformare ar putea avea loc doar prin procesul\u00a0 Realiz\u0103rii Sinelui, care \u00eenseamn\u0103 activarea energiei subtile \u00eenn\u0103scute (numit\u0103 <a href=\"https:\/\/shrimataji.org\/test\/ro\/kundalini\/\">Kundalini<\/a>) prezent\u0103 \u00een noi to\u021bi.\u00a0 Trezirea acestei energii a fost o experien\u021b\u0103 extraordinar\u0103 tr\u0103it\u0103 de Shri Mataji \u00eens\u0103\u0219i, \u00eenainte de a-\u0219i dedica via\u021ba \u00eemp\u0103rt\u0103\u0219irii ei \u0219i celorlal\u021bi.<\/p>\n<p><a href=\"https:\/\/shrimataji.org\/test\/ro\/a-pivotal-moment\/\">Pe 5 mai 1970, Shri Mataji \u0219i-a \u00eenceput activitatea spiritual\u0103<\/a>. La v\u00e2rsta de 47 de ani, Ea a g\u0103sit o cale \u0219i a dezvoltat o metod\u0103 de a da Realizarea Sinelui \u00een mas\u0103. Shri Mataji a dorit s\u0103 ofere o experien\u021b\u0103 autentic\u0103 pe care oamenii s\u0103 o poat\u0103 folosi pentru a se transforma \u0219i a se vindeca. Spre deosebire de mul\u021bi a\u0219a-numi\u021bi guru care au profitat de oamenii care c\u0103utau r\u0103spunsuri legate de cunoa\u0219terea spiritual\u0103, Shri Mataji a dorit s\u0103 trezeasc\u0103 \u00een c\u0103ut\u0103tori propriile lor puteri, d\u0103ruindu-le aceast\u0103 cunoa\u0219tere. Ea a denun\u021bat to\u021bi ace\u0219ti fal\u0219i guru \u0219i a avertizat \u00eempotriva practicilor spirituale frauduloase \u0219i abuzive de-a lungul \u00eentregii Sale vie\u021bi.<\/p>\n<p>C\u00e2nd so\u021bul Ei a devenit secretar general al Organiza\u021biei Maritime ONU, Shri Mataji s-a mutat \u00eempreun\u0103 cu el la Londra \u0219i \u0219i-a \u00eenceput munca spiritual\u0103 cu un grup mic de oameni. A f\u0103cut un tur al Marii Britanii \u021bin\u00e2nd conferin\u021be \u0219i oferind experien\u021ba Realiz\u0103rii Sinelui. Nu a perceput niciodat\u0103 bani pentru aceste programe, insist\u00e2nd c\u0103 trezirea acestei energii spirituale care exist\u0103 \u00een stadiu latent \u00een interiorul tuturor fiin\u021belor umane, era dreptul lor \u00eenn\u0103scut \u0219i prin urmare, nu putea fi cump\u0103rat. Pe m\u0103sur\u0103 ce oamenii din jurul Ei au ajuns s\u0103-i recunoasc\u0103 calit\u0103\u021bile spirituale \u0219i materne excep\u021bionale, Ea a primit cur\u00e2nd numele special de \u201eShri Mataji&#8221; \u00eensemn\u00e2nd \u201eMam\u0103 spiritual\u0103&#8221;.<\/p>\n<p>Metoda de medita\u021bie bazat\u0103 pe Realizarea Sinelui dezvoltat\u0103 de Shri Mataji a fost numit\u0103 Sahaja Yoga. De-a lungul anilor 80, Shri Mataji a f\u0103cut un turneu continuu \u0219i neobosit prin Europa, Australia \u0219i America de Nord, d\u0103ruind aceast\u0103 metod\u0103 gratuit celor interesa\u021bi. Anii 90 i-au adus prilejul extinderii c\u0103l\u0103toriilor sale \u00een America de Sud, Africa, Rusia, Europa de Est, Asia \u0219i regiunea Pacificului.<\/p>\n<p>Institu\u021biile din \u00eentreaga lume i-au acordat <a href=\"https:\/\/shrimataji.org\/test\/ro\/awards\/\">diplome onorifice \u0219i distinc\u021bii<\/a>. \u00cen 1995 a luat cuv\u00e2ntul la <a href=\"https:\/\/shrimataji.org\/test\/ro\/un-womens-conference\/\">a patra Conferin\u021b\u0103 Mondial\u0103 a Femeilor de la Beijing<\/a>. Claes Nobel a vorbit despre nominalizarea Ei la Premiul Nobel pentru Pace \u00een 1997 la Royal Albert Hall din Londra. Un mare admirator al lui Shri Mataji \u0219i al Sahaja Yog\u0103i, el a proclamat-o \u201eo surs\u0103 de speran\u021b\u0103 pentru umanitate&#8221; \u0219i \u201eun punct de referin\u021b\u0103 pentru a discerne binele de r\u0103u&#8221;.<\/p>\n<div class=\"su-quote su-quote-style-default\"><div class=\"su-quote-inner su-u-clearfix su-u-trim\">Via\u021ba Mea este dedicat\u0103 acum bun\u0103st\u0103rii \u0219i binelui umanit\u0103\u021bii; complet, \u00een \u00eentregime!<\/div><\/div>\n<p>Shri Mataji \u0219tia cu certitudine c\u0103 poten\u021bialul Realiz\u0103rii Sinelui \u00een mas\u0103 \u0219i beneficiile holistice ale medita\u021biei Sahaja Yoga pentru via\u021ba personal\u0103 \u0219i social\u0103 a individului sunt fundamentul unei adev\u0103rate <a href=\"https:\/\/shrimataji.org\/test\/ro\/transformarea-societatii\/\">transform\u0103ri a societ\u0103\u021bii<\/a>. Ea a \u00eenfiin\u021bat multe organiza\u021bii neguvernamentale bazate pe principiile acestei transform\u0103ri interioare unice, inclusiv un c\u0103min pentru femei \u0219i copii nevoia\u0219i, mai multe \u0219coli interna\u021bionale, un centru holistic de s\u0103n\u0103tate \u0219i cercetare \u0219i o academie interna\u021bional\u0103 care promoveaz\u0103 muzica clasic\u0103 \u0219i artele plastice.<\/p>\n<p>Pe 23 februarie 2011, Shri Mataji s-a stins din via\u021b\u0103 \u00een pace, la v\u00e2rsta de 87 de ani, la Genova, Italia.<\/p>\n<p>Mo\u0219tenirea Sa continu\u0103 s\u0103 tr\u0103iasc\u0103 pe m\u0103sur\u0103 ce experien\u021ba Realiz\u0103rii Sinelui continu\u0103 s\u0103 transforme nenum\u0103rate vie\u021bi sub grija iubitoare a practican\u021bilor Sahaja Yoga \u0219i a centrelor de medita\u021bie stabilite \u00een peste 100 de \u021b\u0103ri \u00een care Sahaja Yoga este predat\u0103, \u00eentotdeauna gratuit.<\/p>\n<div class=\"su-quote su-quote-style-default\"><div class=\"su-quote-inner su-u-clearfix su-u-trim\">\u0218i precum oceanul ale c\u0103rui valuri ating toate \u021b\u0103rmurile \u0219i apoi se \u00eentorc \u0219i \u021bes un model, tot a\u0219a am putut vedea \u00eentreaga Mea via\u021b\u0103 ca pe un model frumos. Iar acea \u021bes\u0103tur\u0103 frumoas\u0103 nu o po\u021bi descrie \u00een cuvinte.<\/div><\/div>\n\t<h4>Materiale Adi\u021bionale<\/h4>\n<p><a href=\"https:\/\/shrimataji.org\/test\/wp-content\/uploads\/2024\/11\/ro-shri-mataji-nirmala-devi-short-biography-and-awards.pdf\">Shri Mataji Nirmala Devi: Scurt\u0103 Biografie \u0219i Distinc\u021bii<\/a>\u00a0(pdf\/679kb)<\/p>\n<p><a href=\"https:\/\/shrimataji.org\/test\/wp-content\/uploads\/2024\/11\/ro-shri-mataji-nirmala-devi-timeline-of-life-events.pdf\">Shri Mataji Nirmala Devi: Cronologie Evenimente<\/a>\u00a0(pdf\/623kb)<\/p>\n\n","protected":false},"excerpt":{"rendered":"<p>Shri Mataji Biografia unui angajament de o via\u021b\u0103 C\u0103l\u0103torind neobosit\u0103 mii de kilometri \u00een jurul globului, de la sate \u00eendep\u0103rtate p\u00e2n\u0103 la ora\u0219e \u0219i metropole, \u00eemp\u0103rt\u0103\u0219ind cu total\u0103 d\u0103ruire descoperirea Sa unic\u0103, a adev\u0103ratei ilumin\u0103ri spirituale prin experien\u021ba Realiz\u0103rii\u00a0 Sinelui cu milioane de oameni, revolu\u021bion\u00e2nd \u00a0schimbarea profund\u0103 a societ\u0103\u021bii prin transformarea interioar\u0103 a fiin\u021belor umane&hellip; <br \/> <a class=\"read-more\" href=\"https:\/\/shrimataji.org\/test\/ro\/shrimataji\/\">Read more<\/a><\/p>\n","protected":false},"author":56,"featured_media":14536,"parent":0,"menu_order":0,"comment_status":"closed","ping_status":"closed","template":"","meta":{"inline_featured_image":false,"footnotes":""},"class_list":["post-14535","page","type-page","status-publish","has-post-thumbnail","hentry"],"yoast_head":"<!-- This site is optimized with the Yoast SEO plugin v27.4 - https:\/\/yoast.com\/product\/yoast-seo-wordpress\/ -->\n<title>Shri Mataji RO - TEST - SMND<\/title>\n<meta name=\"robots\" content=\"noindex, follow, max-snippet:-1, max-image-preview:large, max-video-preview:-1\" \/>\n<meta property=\"og:locale\" content=\"en_US\" \/>\n<meta property=\"og:type\" content=\"article\" \/>\n<meta property=\"og:title\" content=\"Shri Mataji RO - TEST - SMND\" \/>\n<meta property=\"og:description\" content=\"Shri Mataji Biografia unui angajament de o via\u021b\u0103 C\u0103l\u0103torind neobosit\u0103 mii de kilometri \u00een jurul globului, de la sate \u00eendep\u0103rtate p\u00e2n\u0103 la ora\u0219e \u0219i metropole, \u00eemp\u0103rt\u0103\u0219ind cu total\u0103 d\u0103ruire descoperirea Sa unic\u0103, a adev\u0103ratei ilumin\u0103ri spirituale prin experien\u021ba Realiz\u0103rii\u00a0 Sinelui cu milioane de oameni, revolu\u021bion\u00e2nd \u00a0schimbarea profund\u0103 a societ\u0103\u021bii prin transformarea interioar\u0103 a fiin\u021belor umane&hellip; Read more\" \/>\n<meta property=\"og:url\" content=\"https:\/\/shrimataji.org\/test\/ro\/shrimataji\/\" \/>\n<meta property=\"og:site_name\" content=\"TEST - SMND\" \/>\n<meta property=\"article:publisher\" content=\"https:\/\/www.facebook.com\/shrimataji\" \/>\n<meta property=\"article:modified_time\" content=\"2025-04-26T14:40:41+00:00\" \/>\n<meta property=\"og:image\" content=\"https:\/\/shrimataji.org\/test\/wp-content\/uploads\/2023\/03\/test_banner_inner_shrimataji-scaled.jpg\" \/>\n\t<meta property=\"og:image:width\" content=\"2560\" \/>\n\t<meta property=\"og:image:height\" content=\"1067\" \/>\n\t<meta property=\"og:image:type\" content=\"image\/jpeg\" \/>\n<meta name=\"twitter:card\" content=\"summary_large_image\" \/>\n<meta name=\"twitter:site\" content=\"@shrimataji\" \/>\n<meta name=\"twitter:label1\" content=\"Est. reading time\" \/>\n\t<meta name=\"twitter:data1\" content=\"6 minutes\" \/>\n<script type=\"application\/ld+json\" class=\"yoast-schema-graph\">{\"@context\":\"https:\\\/\\\/schema.org\",\"@graph\":[{\"@type\":\"WebPage\",\"@id\":\"https:\\\/\\\/shrimataji.org\\\/test\\\/ro\\\/shrimataji\\\/\",\"url\":\"https:\\\/\\\/shrimataji.org\\\/test\\\/ro\\\/shrimataji\\\/\",\"name\":\"Shri Mataji RO - TEST - SMND\",\"isPartOf\":{\"@id\":\"https:\\\/\\\/shrimataji.org\\\/test\\\/#website\"},\"primaryImageOfPage\":{\"@id\":\"https:\\\/\\\/shrimataji.org\\\/test\\\/ro\\\/shrimataji\\\/#primaryimage\"},\"image\":{\"@id\":\"https:\\\/\\\/shrimataji.org\\\/test\\\/ro\\\/shrimataji\\\/#primaryimage\"},\"thumbnailUrl\":\"https:\\\/\\\/shrimataji.org\\\/test\\\/wp-content\\\/uploads\\\/2023\\\/03\\\/test_banner_inner_shrimataji-scaled.jpg\",\"datePublished\":\"2018-07-10T06:54:42+00:00\",\"dateModified\":\"2025-04-26T14:40:41+00:00\",\"breadcrumb\":{\"@id\":\"https:\\\/\\\/shrimataji.org\\\/test\\\/ro\\\/shrimataji\\\/#breadcrumb\"},\"inLanguage\":\"en-US\",\"potentialAction\":[{\"@type\":\"ReadAction\",\"target\":[\"https:\\\/\\\/shrimataji.org\\\/test\\\/ro\\\/shrimataji\\\/\"]}]},{\"@type\":\"ImageObject\",\"inLanguage\":\"en-US\",\"@id\":\"https:\\\/\\\/shrimataji.org\\\/test\\\/ro\\\/shrimataji\\\/#primaryimage\",\"url\":\"https:\\\/\\\/shrimataji.org\\\/test\\\/wp-content\\\/uploads\\\/2023\\\/03\\\/test_banner_inner_shrimataji-scaled.jpg\",\"contentUrl\":\"https:\\\/\\\/shrimataji.org\\\/test\\\/wp-content\\\/uploads\\\/2023\\\/03\\\/test_banner_inner_shrimataji-scaled.jpg\",\"width\":2560,\"height\":1067},{\"@type\":\"BreadcrumbList\",\"@id\":\"https:\\\/\\\/shrimataji.org\\\/test\\\/ro\\\/shrimataji\\\/#breadcrumb\",\"itemListElement\":[{\"@type\":\"ListItem\",\"position\":1,\"name\":\"Home\",\"item\":\"https:\\\/\\\/shrimataji.org\\\/test\\\/uk\\\/home-en\\\/\"},{\"@type\":\"ListItem\",\"position\":2,\"name\":\"Shri Mataji RO\"}]},{\"@type\":\"WebSite\",\"@id\":\"https:\\\/\\\/shrimataji.org\\\/test\\\/#website\",\"url\":\"https:\\\/\\\/shrimataji.org\\\/test\\\/\",\"name\":\"Shri Mataji Nirmala Devi\",\"description\":\"A Life Dedicated to Humanity\",\"publisher\":{\"@id\":\"https:\\\/\\\/shrimataji.org\\\/test\\\/#\\\/schema\\\/person\\\/a1b3419c6585f164aa96da1ff85715d1\"},\"potentialAction\":[{\"@type\":\"SearchAction\",\"target\":{\"@type\":\"EntryPoint\",\"urlTemplate\":\"https:\\\/\\\/shrimataji.org\\\/test\\\/?s={search_term_string}\"},\"query-input\":{\"@type\":\"PropertyValueSpecification\",\"valueRequired\":true,\"valueName\":\"search_term_string\"}}],\"inLanguage\":\"en-US\"},{\"@type\":[\"Person\",\"Organization\"],\"@id\":\"https:\\\/\\\/shrimataji.org\\\/test\\\/#\\\/schema\\\/person\\\/a1b3419c6585f164aa96da1ff85715d1\",\"name\":\"Nirmala Shrivastava\",\"image\":{\"@type\":\"ImageObject\",\"inLanguage\":\"en-US\",\"@id\":\"https:\\\/\\\/shrimataji.org\\\/test\\\/wp-content\\\/uploads\\\/2023\\\/02\\\/SMO_LOGO-03.svg\",\"url\":\"https:\\\/\\\/shrimataji.org\\\/test\\\/wp-content\\\/uploads\\\/2023\\\/02\\\/SMO_LOGO-03.svg\",\"contentUrl\":\"https:\\\/\\\/shrimataji.org\\\/test\\\/wp-content\\\/uploads\\\/2023\\\/02\\\/SMO_LOGO-03.svg\",\"width\":\"1024\",\"height\":\"1024\",\"caption\":\"Nirmala Shrivastava\"},\"logo\":{\"@id\":\"https:\\\/\\\/shrimataji.org\\\/test\\\/wp-content\\\/uploads\\\/2023\\\/02\\\/SMO_LOGO-03.svg\"},\"sameAs\":[\"https:\\\/\\\/shrimataji.org\\\/test\",\"https:\\\/\\\/www.facebook.com\\\/shrimataji\",\"https:\\\/\\\/x.com\\\/shrimataji\",\"https:\\\/\\\/www.youtube.com\\\/@Shri_Mataji_Nirmala_Devi\\\/featured\"]}]}<\/script>\n<!-- \/ Yoast SEO plugin. -->","yoast_head_json":{"title":"Shri Mataji RO - TEST - SMND","robots":{"index":"noindex","follow":"follow","max-snippet":"max-snippet:-1","max-image-preview":"max-image-preview:large","max-video-preview":"max-video-preview:-1"},"og_locale":"en_US","og_type":"article","og_title":"Shri Mataji RO - TEST - SMND","og_description":"Shri Mataji Biografia unui angajament de o via\u021b\u0103 C\u0103l\u0103torind neobosit\u0103 mii de kilometri \u00een jurul globului, de la sate \u00eendep\u0103rtate p\u00e2n\u0103 la ora\u0219e \u0219i metropole, \u00eemp\u0103rt\u0103\u0219ind cu total\u0103 d\u0103ruire descoperirea Sa unic\u0103, a adev\u0103ratei ilumin\u0103ri spirituale prin experien\u021ba Realiz\u0103rii\u00a0 Sinelui cu milioane de oameni, revolu\u021bion\u00e2nd \u00a0schimbarea profund\u0103 a societ\u0103\u021bii prin transformarea interioar\u0103 a fiin\u021belor umane&hellip; Read more","og_url":"https:\/\/shrimataji.org\/test\/ro\/shrimataji\/","og_site_name":"TEST - SMND","article_publisher":"https:\/\/www.facebook.com\/shrimataji","article_modified_time":"2025-04-26T14:40:41+00:00","og_image":[{"width":2560,"height":1067,"url":"https:\/\/shrimataji.org\/test\/wp-content\/uploads\/2023\/03\/test_banner_inner_shrimataji-scaled.jpg","type":"image\/jpeg"}],"twitter_card":"summary_large_image","twitter_site":"@shrimataji","twitter_misc":{"Est. reading time":"6 minutes"},"schema":{"@context":"https:\/\/schema.org","@graph":[{"@type":"WebPage","@id":"https:\/\/shrimataji.org\/test\/ro\/shrimataji\/","url":"https:\/\/shrimataji.org\/test\/ro\/shrimataji\/","name":"Shri Mataji RO - TEST - SMND","isPartOf":{"@id":"https:\/\/shrimataji.org\/test\/#website"},"primaryImageOfPage":{"@id":"https:\/\/shrimataji.org\/test\/ro\/shrimataji\/#primaryimage"},"image":{"@id":"https:\/\/shrimataji.org\/test\/ro\/shrimataji\/#primaryimage"},"thumbnailUrl":"https:\/\/shrimataji.org\/test\/wp-content\/uploads\/2023\/03\/test_banner_inner_shrimataji-scaled.jpg","datePublished":"2018-07-10T06:54:42+00:00","dateModified":"2025-04-26T14:40:41+00:00","breadcrumb":{"@id":"https:\/\/shrimataji.org\/test\/ro\/shrimataji\/#breadcrumb"},"inLanguage":"en-US","potentialAction":[{"@type":"ReadAction","target":["https:\/\/shrimataji.org\/test\/ro\/shrimataji\/"]}]},{"@type":"ImageObject","inLanguage":"en-US","@id":"https:\/\/shrimataji.org\/test\/ro\/shrimataji\/#primaryimage","url":"https:\/\/shrimataji.org\/test\/wp-content\/uploads\/2023\/03\/test_banner_inner_shrimataji-scaled.jpg","contentUrl":"https:\/\/shrimataji.org\/test\/wp-content\/uploads\/2023\/03\/test_banner_inner_shrimataji-scaled.jpg","width":2560,"height":1067},{"@type":"BreadcrumbList","@id":"https:\/\/shrimataji.org\/test\/ro\/shrimataji\/#breadcrumb","itemListElement":[{"@type":"ListItem","position":1,"name":"Home","item":"https:\/\/shrimataji.org\/test\/uk\/home-en\/"},{"@type":"ListItem","position":2,"name":"Shri Mataji RO"}]},{"@type":"WebSite","@id":"https:\/\/shrimataji.org\/test\/#website","url":"https:\/\/shrimataji.org\/test\/","name":"Shri Mataji Nirmala Devi","description":"A Life Dedicated to Humanity","publisher":{"@id":"https:\/\/shrimataji.org\/test\/#\/schema\/person\/a1b3419c6585f164aa96da1ff85715d1"},"potentialAction":[{"@type":"SearchAction","target":{"@type":"EntryPoint","urlTemplate":"https:\/\/shrimataji.org\/test\/?s={search_term_string}"},"query-input":{"@type":"PropertyValueSpecification","valueRequired":true,"valueName":"search_term_string"}}],"inLanguage":"en-US"},{"@type":["Person","Organization"],"@id":"https:\/\/shrimataji.org\/test\/#\/schema\/person\/a1b3419c6585f164aa96da1ff85715d1","name":"Nirmala Shrivastava","image":{"@type":"ImageObject","inLanguage":"en-US","@id":"https:\/\/shrimataji.org\/test\/wp-content\/uploads\/2023\/02\/SMO_LOGO-03.svg","url":"https:\/\/shrimataji.org\/test\/wp-content\/uploads\/2023\/02\/SMO_LOGO-03.svg","contentUrl":"https:\/\/shrimataji.org\/test\/wp-content\/uploads\/2023\/02\/SMO_LOGO-03.svg","width":"1024","height":"1024","caption":"Nirmala Shrivastava"},"logo":{"@id":"https:\/\/shrimataji.org\/test\/wp-content\/uploads\/2023\/02\/SMO_LOGO-03.svg"},"sameAs":["https:\/\/shrimataji.org\/test","https:\/\/www.facebook.com\/shrimataji","https:\/\/x.com\/shrimataji","https:\/\/www.youtube.com\/@Shri_Mataji_Nirmala_Devi\/featured"]}]}},"lang":"ro","translations":{"ro":14535,"ur":37503,"en":391,"pa":25918,"gu":25521,"th":20061,"hu":19566,"sq":18478,"zh":17375,"hi":8496,"tr":10210,"pt":10420,"de":10694,"fr":10792,"it":10890,"es":10987,"ja":11285,"ru":11473,"bn":11664,"te":11772,"sw":11895,"he":12043,"el":12335,"sk":12433,"fa":12531,"fi":12629,"bg":13463,"cs":14728,"nl":16638,"ku":16798,"ar":16974,"be":18685,"kn":18959,"mr":20425,"uk":20719,"ml":21014,"ta":22796,"sv":23066,"bs":27296,"fil":29515,"sd":31010,"da":37812,"pl":38022,"nn":38364},"pll_sync_post":[],"_links":{"self":[{"href":"https:\/\/shrimataji.org\/test\/wp-json\/wp\/v2\/pages\/14535","targetHints":{"allow":["GET"]}}],"collection":[{"href":"https:\/\/shrimataji.org\/test\/wp-json\/wp\/v2\/pages"}],"about":[{"href":"https:\/\/shrimataji.org\/test\/wp-json\/wp\/v2\/types\/page"}],"author":[{"embeddable":true,"href":"https:\/\/shrimataji.org\/test\/wp-json\/wp\/v2\/users\/56"}],"replies":[{"embeddable":true,"href":"https:\/\/shrimataji.org\/test\/wp-json\/wp\/v2\/comments?post=14535"}],"version-history":[{"count":0,"href":"https:\/\/shrimataji.org\/test\/wp-json\/wp\/v2\/pages\/14535\/revisions"}],"wp:featuredmedia":[{"embeddable":true,"href":"https:\/\/shrimataji.org\/test\/wp-json\/wp\/v2\/media\/14536"}],"wp:attachment":[{"href":"https:\/\/shrimataji.org\/test\/wp-json\/wp\/v2\/media?parent=14535"}],"curies":[{"name":"wp","href":"https:\/\/api.w.org\/{rel}","templated":true}]}}