{"id":14537,"date":"2018-07-10T06:54:42","date_gmt":"2018-07-10T06:54:42","guid":{"rendered":"http:\/\/testwordpress.nirmalnagari.org\/smnd\/index.php\/work\/"},"modified":"2024-12-12T23:06:42","modified_gmt":"2024-12-12T23:06:42","slug":"transformarea-societatii","status":"publish","type":"page","link":"https:\/\/shrimataji.org\/test\/ro\/transformarea-societatii\/","title":{"rendered":"Transformarea societ\u0103\u021bii"},"content":{"rendered":"\n\n\t<h1><strong>Transformarea societ\u0103\u021bii<\/strong><\/h1>\n<h2><strong>O munc\u0103 a Iubirii<\/strong><\/h2>\n\t<h4>Crescut\u0103 \u00eentr-o familie care considera sacrificiul de sine drept cea mai \u00eenalt\u0103 calitate, Shri Mataji \u0219i-a dedicat continuu via\u021ba unui amplu program de conferin\u021be publice \u0219i munc\u0103 spiritual\u0103.<\/h4>\n\t<p>De la o v\u00e2rst\u0103 fraged\u0103, Ea a participat activ la lupta pentru libertate a Indiei. Mai t\u00e2rziu, chiar ocupat\u0103 fiind \u00een via\u021ba Sa personal\u0103, ca so\u021bie a unui eminent diplomat indian \u0219i a cre\u0219terii celor dou\u0103 fiice, Ea a continuat s\u0103 manifeste un interes plin de bun\u0103voin\u021b\u0103 pentru lumea din jur. \u00cen 1961, Shri Mataji a fondat \u201eSocietatea de Tineret pentru Filme&#8221; pentru a \u00eencuraja valorile na\u021bionale, sociale \u0219i morale \u00een r\u00e2ndul tinerilor. Ea a fost, de asemenea, membr\u0103 a Comitetului pentru cenzori de film din Mumbai.<\/p>\n<p>\u00cen calitate de fondatoare a medita\u021biei Sahaja Yoga \u0219i c\u0103l\u0103torind pe scar\u0103 larg\u0103 \u00een \u00eentreaga lume, Ea a interac\u021bionat cu o larg\u0103 serie de oameni din diferite \u021b\u0103ri, provenind din culturi \u0219i p\u0103turi sociale diferite \u0219i s-a raportat la ei cu interes \u0219i sinceritate. Shri Mataji a \u00een\u021beles \u00a0c\u0103 toate problemele umane provin din ignorarea adev\u0103ratului lor poten\u021bial interior ca fiin\u021be spirituale \u0219i c\u0103 acest poten\u021bial putea fi u\u0219or valorificat prin Realizarea Sinelui. Transformarea interioar\u0103, care este cheia transform\u0103rii societ\u0103\u021bii, a servit drept piatr\u0103 de temelie pentru toate ONG-urile globale ini\u021biate de Shri Mataji.<\/p>\n<p>Ea a creat organiza\u021bii caritabile precum Vishwa Nirmala Prem Ashram pentru femeile s\u0103race \u0219i copiii orfani, a fondat \u0219coli interna\u021bionale care promoveaz\u0103 educa\u021bia iluminat\u0103, a \u00eenfiin\u021bat centre de s\u0103n\u0103tate holistice, a creat o academie interna\u021bional\u0103 care promoveaz\u0103 muzica clasic\u0103 \u0219i artele plastice \u0219i multe altele. Toate aceste eforturi au completat munca Sa global\u0103 de transformare spiritual\u0103.<\/p>\n<p>Secolul XXI ni se prezint\u0103 cu o multitudine de provoc\u0103ri complexe. R\u0103spunsurile pe care le vom da, vor defini \u0219i modela noile norme ale societ\u0103\u021bii de m\u00e2ine. Oamenii din \u00eentreaga lume continu\u0103 s\u0103 caute solu\u021bii la aceste provoc\u0103ri, fie c\u0103 este vorba despre pandemii globale, schimb\u0103ri climatice, probleme socio-economice, conflicte culturale, fanatism religios etc. Toate acestea vor defini amprenta noastr\u0103 uman\u0103 pe aceast\u0103 planet\u0103 P\u0103m\u00e2nt.<\/p>\n<p>Multe dintre problemele sociale \u0219i economice cu care se confrunt\u0103 societ\u0103\u021bile ast\u0103zi sunt cauzate de l\u0103comie \u0219i materialism. Shri Mataji a subliniat c\u0103 materialismul este o atitudine incorect\u0103 fa\u021b\u0103 de materie \u0219i c\u0103 materia are propriul ei scop, care este acela de-a ne oferi bucurie.\u00a0 Dac\u0103 vedem o oper\u0103 de art\u0103 frumoas\u0103, de exemplu, o putem admira, dar nu trebuie s\u0103 o de\u021binem. Sau dac\u0103 facem cuiva un cadou ca expresie a iubirii noastre, folosim materia \u00eentr-un mod adecvat \u0219i sim\u021bim o adev\u0103rat\u0103 satisfac\u021bie, dincolo de pl\u0103cerea tranzitorie de a cump\u0103ra \u0219i de a de\u021bine ceva.<\/p>\n<p>C\u00e2nd al 3-lea centru subtil din noi, cunoscut sub numele de Nabhi chakra, se ilumineaz\u0103 dup\u0103 Realizarea Sinelui \u00a0prin trezirea lui Kundalini, ne sim\u021bim complet mul\u021bumi\u021bi, elibera\u021bi de tendin\u021bele negative ale l\u0103comiei \u0219i posesivit\u0103\u021bii. Vedem valoarea spiritual\u0103 a materiei pe care o sim\u021bim ca energie pozitiv\u0103 emis\u0103 de obiecte create din materiale naturale, opere artizanale \u0219i picturi frumoase realizate manual. Shri Mataji a atribuit astfel de fenomene coeficientului spiritual al materiei care poate fi resim\u021bit dup\u0103 Realizarea Sinelui.<\/p>\n<p>\u00cen mod interesant, iluminarea celui de-al doilea centru, chakra Swadhisthan, \u00een cadrul sistemului nostru subtil, \u00a0ne \u00eembun\u0103t\u0103\u021be\u0219te sim\u021bul creativit\u0103\u021bii, permi\u021b\u00e2ndu-ne nu numai s\u0103 apreciem lucr\u0103rile creative ale altora, dar adesea s\u0103 ne descoperim propriul poten\u021bial creativ \u00eenn\u0103scut. Mul\u021bi practican\u021bi ai medita\u021biei Sahaja Yoga sunt uimi\u021bi de propria lor cre\u0219tere exponen\u021bial\u0103 a talentelor creative, toate acestea venind spontan, ca inspira\u021bie \u0219i intui\u021bie pur\u0103.<\/p>\n<p>Shri Mataji a prev\u0103zut manifestarea acestor frumoase calit\u0103\u021bi subtile nu numai \u00een interiorul individului, ci \u0219i ca o for\u021b\u0103 colectiv\u0103 care s-ar putea manifesta \u00een societate \u0219i ar putea schimba cursul umanit\u0103\u021bii de la calea autodistrugerii, c\u0103tre o via\u021b\u0103 durabil\u0103 pe planeta P\u0103m\u00e2nt.<\/p>\n<p>Compasiunea \u0219i preocuparea lui Shri Mataji pentru umanitate au fost principala motiva\u021bie \u00een toate activit\u0103\u021bile Sale. Ea nu s-a referit niciodat\u0103 la ceea ce a realizat ca fiind \u201emunc\u0103&#8221;, ci mai degrab\u0103 ca la un dar al iubirii pentru oameni, de care s-a bucurat din plin.<\/p>\n\n","protected":false},"excerpt":{"rendered":"<p>Transformarea societ\u0103\u021bii O munc\u0103 a Iubirii Crescut\u0103 \u00eentr-o familie care considera sacrificiul de sine drept cea mai \u00eenalt\u0103 calitate, Shri Mataji \u0219i-a dedicat continuu via\u021ba unui amplu program de conferin\u021be publice \u0219i munc\u0103 spiritual\u0103. De la o v\u00e2rst\u0103 fraged\u0103, Ea a participat activ la lupta pentru libertate a Indiei. Mai t\u00e2rziu, chiar ocupat\u0103 fiind \u00een&hellip; <br \/> <a class=\"read-more\" href=\"https:\/\/shrimataji.org\/test\/ro\/transformarea-societatii\/\">Read more<\/a><\/p>\n","protected":false},"author":56,"featured_media":14538,"parent":0,"menu_order":0,"comment_status":"closed","ping_status":"closed","template":"","meta":{"inline_featured_image":false,"footnotes":""},"class_list":["post-14537","page","type-page","status-publish","has-post-thumbnail","hentry"],"yoast_head":"<!-- This site is optimized with the Yoast SEO plugin v27.4 - https:\/\/yoast.com\/product\/yoast-seo-wordpress\/ -->\n<title>Transformarea societ\u0103\u021bii - TEST - SMND<\/title>\n<meta name=\"robots\" content=\"noindex, follow, max-snippet:-1, max-image-preview:large, max-video-preview:-1\" \/>\n<meta property=\"og:locale\" content=\"en_US\" \/>\n<meta property=\"og:type\" content=\"article\" \/>\n<meta property=\"og:title\" content=\"Transformarea societ\u0103\u021bii - TEST - SMND\" \/>\n<meta property=\"og:description\" content=\"Transformarea societ\u0103\u021bii O munc\u0103 a Iubirii Crescut\u0103 \u00eentr-o familie care considera sacrificiul de sine drept cea mai \u00eenalt\u0103 calitate, Shri Mataji \u0219i-a dedicat continuu via\u021ba unui amplu program de conferin\u021be publice \u0219i munc\u0103 spiritual\u0103. De la o v\u00e2rst\u0103 fraged\u0103, Ea a participat activ la lupta pentru libertate a Indiei. Mai t\u00e2rziu, chiar ocupat\u0103 fiind \u00een&hellip; Read more\" \/>\n<meta property=\"og:url\" content=\"https:\/\/shrimataji.org\/test\/ro\/transformarea-societatii\/\" \/>\n<meta property=\"og:site_name\" content=\"TEST - SMND\" \/>\n<meta property=\"article:publisher\" content=\"https:\/\/www.facebook.com\/shrimataji\" \/>\n<meta property=\"article:modified_time\" content=\"2024-12-12T23:06:42+00:00\" \/>\n<meta property=\"og:image\" content=\"https:\/\/shrimataji.org\/test\/wp-content\/uploads\/2018\/07\/media_originals\/images\/headers-general\/shri-mataji-arrival-in-rome-may-1985.jpg\" \/>\n\t<meta property=\"og:image:width\" content=\"990\" \/>\n\t<meta property=\"og:image:height\" content=\"350\" \/>\n\t<meta property=\"og:image:type\" content=\"image\/jpeg\" \/>\n<meta name=\"twitter:card\" content=\"summary_large_image\" \/>\n<meta name=\"twitter:site\" content=\"@shrimataji\" \/>\n<meta name=\"twitter:label1\" content=\"Est. reading time\" \/>\n\t<meta name=\"twitter:data1\" content=\"3 minutes\" \/>\n<script type=\"application\/ld+json\" class=\"yoast-schema-graph\">{\"@context\":\"https:\\\/\\\/schema.org\",\"@graph\":[{\"@type\":\"WebPage\",\"@id\":\"https:\\\/\\\/shrimataji.org\\\/test\\\/ro\\\/transformarea-societatii\\\/\",\"url\":\"https:\\\/\\\/shrimataji.org\\\/test\\\/ro\\\/transformarea-societatii\\\/\",\"name\":\"Transformarea societ\u0103\u021bii - TEST - SMND\",\"isPartOf\":{\"@id\":\"https:\\\/\\\/shrimataji.org\\\/test\\\/#website\"},\"primaryImageOfPage\":{\"@id\":\"https:\\\/\\\/shrimataji.org\\\/test\\\/ro\\\/transformarea-societatii\\\/#primaryimage\"},\"image\":{\"@id\":\"https:\\\/\\\/shrimataji.org\\\/test\\\/ro\\\/transformarea-societatii\\\/#primaryimage\"},\"thumbnailUrl\":\"https:\\\/\\\/shrimataji.org\\\/test\\\/wp-content\\\/uploads\\\/2018\\\/07\\\/media_originals\\\/images\\\/headers-general\\\/shri-mataji-arrival-in-rome-may-1985.jpg\",\"datePublished\":\"2018-07-10T06:54:42+00:00\",\"dateModified\":\"2024-12-12T23:06:42+00:00\",\"breadcrumb\":{\"@id\":\"https:\\\/\\\/shrimataji.org\\\/test\\\/ro\\\/transformarea-societatii\\\/#breadcrumb\"},\"inLanguage\":\"en-US\",\"potentialAction\":[{\"@type\":\"ReadAction\",\"target\":[\"https:\\\/\\\/shrimataji.org\\\/test\\\/ro\\\/transformarea-societatii\\\/\"]}]},{\"@type\":\"ImageObject\",\"inLanguage\":\"en-US\",\"@id\":\"https:\\\/\\\/shrimataji.org\\\/test\\\/ro\\\/transformarea-societatii\\\/#primaryimage\",\"url\":\"https:\\\/\\\/shrimataji.org\\\/test\\\/wp-content\\\/uploads\\\/2018\\\/07\\\/media_originals\\\/images\\\/headers-general\\\/shri-mataji-arrival-in-rome-may-1985.jpg\",\"contentUrl\":\"https:\\\/\\\/shrimataji.org\\\/test\\\/wp-content\\\/uploads\\\/2018\\\/07\\\/media_originals\\\/images\\\/headers-general\\\/shri-mataji-arrival-in-rome-may-1985.jpg\",\"width\":990,\"height\":350},{\"@type\":\"BreadcrumbList\",\"@id\":\"https:\\\/\\\/shrimataji.org\\\/test\\\/ro\\\/transformarea-societatii\\\/#breadcrumb\",\"itemListElement\":[{\"@type\":\"ListItem\",\"position\":1,\"name\":\"Home\",\"item\":\"https:\\\/\\\/shrimataji.org\\\/test\\\/uk\\\/home-en\\\/\"},{\"@type\":\"ListItem\",\"position\":2,\"name\":\"Transformarea societ\u0103\u021bii\"}]},{\"@type\":\"WebSite\",\"@id\":\"https:\\\/\\\/shrimataji.org\\\/test\\\/#website\",\"url\":\"https:\\\/\\\/shrimataji.org\\\/test\\\/\",\"name\":\"Shri Mataji Nirmala Devi\",\"description\":\"A Life Dedicated to Humanity\",\"publisher\":{\"@id\":\"https:\\\/\\\/shrimataji.org\\\/test\\\/#\\\/schema\\\/person\\\/a1b3419c6585f164aa96da1ff85715d1\"},\"potentialAction\":[{\"@type\":\"SearchAction\",\"target\":{\"@type\":\"EntryPoint\",\"urlTemplate\":\"https:\\\/\\\/shrimataji.org\\\/test\\\/?s={search_term_string}\"},\"query-input\":{\"@type\":\"PropertyValueSpecification\",\"valueRequired\":true,\"valueName\":\"search_term_string\"}}],\"inLanguage\":\"en-US\"},{\"@type\":[\"Person\",\"Organization\"],\"@id\":\"https:\\\/\\\/shrimataji.org\\\/test\\\/#\\\/schema\\\/person\\\/a1b3419c6585f164aa96da1ff85715d1\",\"name\":\"Nirmala Shrivastava\",\"image\":{\"@type\":\"ImageObject\",\"inLanguage\":\"en-US\",\"@id\":\"https:\\\/\\\/shrimataji.org\\\/test\\\/wp-content\\\/uploads\\\/2023\\\/02\\\/SMO_LOGO-03.svg\",\"url\":\"https:\\\/\\\/shrimataji.org\\\/test\\\/wp-content\\\/uploads\\\/2023\\\/02\\\/SMO_LOGO-03.svg\",\"contentUrl\":\"https:\\\/\\\/shrimataji.org\\\/test\\\/wp-content\\\/uploads\\\/2023\\\/02\\\/SMO_LOGO-03.svg\",\"width\":\"1024\",\"height\":\"1024\",\"caption\":\"Nirmala Shrivastava\"},\"logo\":{\"@id\":\"https:\\\/\\\/shrimataji.org\\\/test\\\/wp-content\\\/uploads\\\/2023\\\/02\\\/SMO_LOGO-03.svg\"},\"sameAs\":[\"https:\\\/\\\/shrimataji.org\\\/test\",\"https:\\\/\\\/www.facebook.com\\\/shrimataji\",\"https:\\\/\\\/x.com\\\/shrimataji\",\"https:\\\/\\\/www.youtube.com\\\/@Shri_Mataji_Nirmala_Devi\\\/featured\"]}]}<\/script>\n<!-- \/ Yoast SEO plugin. -->","yoast_head_json":{"title":"Transformarea societ\u0103\u021bii - TEST - SMND","robots":{"index":"noindex","follow":"follow","max-snippet":"max-snippet:-1","max-image-preview":"max-image-preview:large","max-video-preview":"max-video-preview:-1"},"og_locale":"en_US","og_type":"article","og_title":"Transformarea societ\u0103\u021bii - TEST - SMND","og_description":"Transformarea societ\u0103\u021bii O munc\u0103 a Iubirii Crescut\u0103 \u00eentr-o familie care considera sacrificiul de sine drept cea mai \u00eenalt\u0103 calitate, Shri Mataji \u0219i-a dedicat continuu via\u021ba unui amplu program de conferin\u021be publice \u0219i munc\u0103 spiritual\u0103. De la o v\u00e2rst\u0103 fraged\u0103, Ea a participat activ la lupta pentru libertate a Indiei. Mai t\u00e2rziu, chiar ocupat\u0103 fiind \u00een&hellip; Read more","og_url":"https:\/\/shrimataji.org\/test\/ro\/transformarea-societatii\/","og_site_name":"TEST - SMND","article_publisher":"https:\/\/www.facebook.com\/shrimataji","article_modified_time":"2024-12-12T23:06:42+00:00","og_image":[{"width":990,"height":350,"url":"https:\/\/shrimataji.org\/test\/wp-content\/uploads\/2018\/07\/media_originals\/images\/headers-general\/shri-mataji-arrival-in-rome-may-1985.jpg","type":"image\/jpeg"}],"twitter_card":"summary_large_image","twitter_site":"@shrimataji","twitter_misc":{"Est. reading time":"3 minutes"},"schema":{"@context":"https:\/\/schema.org","@graph":[{"@type":"WebPage","@id":"https:\/\/shrimataji.org\/test\/ro\/transformarea-societatii\/","url":"https:\/\/shrimataji.org\/test\/ro\/transformarea-societatii\/","name":"Transformarea societ\u0103\u021bii - TEST - SMND","isPartOf":{"@id":"https:\/\/shrimataji.org\/test\/#website"},"primaryImageOfPage":{"@id":"https:\/\/shrimataji.org\/test\/ro\/transformarea-societatii\/#primaryimage"},"image":{"@id":"https:\/\/shrimataji.org\/test\/ro\/transformarea-societatii\/#primaryimage"},"thumbnailUrl":"https:\/\/shrimataji.org\/test\/wp-content\/uploads\/2018\/07\/media_originals\/images\/headers-general\/shri-mataji-arrival-in-rome-may-1985.jpg","datePublished":"2018-07-10T06:54:42+00:00","dateModified":"2024-12-12T23:06:42+00:00","breadcrumb":{"@id":"https:\/\/shrimataji.org\/test\/ro\/transformarea-societatii\/#breadcrumb"},"inLanguage":"en-US","potentialAction":[{"@type":"ReadAction","target":["https:\/\/shrimataji.org\/test\/ro\/transformarea-societatii\/"]}]},{"@type":"ImageObject","inLanguage":"en-US","@id":"https:\/\/shrimataji.org\/test\/ro\/transformarea-societatii\/#primaryimage","url":"https:\/\/shrimataji.org\/test\/wp-content\/uploads\/2018\/07\/media_originals\/images\/headers-general\/shri-mataji-arrival-in-rome-may-1985.jpg","contentUrl":"https:\/\/shrimataji.org\/test\/wp-content\/uploads\/2018\/07\/media_originals\/images\/headers-general\/shri-mataji-arrival-in-rome-may-1985.jpg","width":990,"height":350},{"@type":"BreadcrumbList","@id":"https:\/\/shrimataji.org\/test\/ro\/transformarea-societatii\/#breadcrumb","itemListElement":[{"@type":"ListItem","position":1,"name":"Home","item":"https:\/\/shrimataji.org\/test\/uk\/home-en\/"},{"@type":"ListItem","position":2,"name":"Transformarea societ\u0103\u021bii"}]},{"@type":"WebSite","@id":"https:\/\/shrimataji.org\/test\/#website","url":"https:\/\/shrimataji.org\/test\/","name":"Shri Mataji Nirmala Devi","description":"A Life Dedicated to Humanity","publisher":{"@id":"https:\/\/shrimataji.org\/test\/#\/schema\/person\/a1b3419c6585f164aa96da1ff85715d1"},"potentialAction":[{"@type":"SearchAction","target":{"@type":"EntryPoint","urlTemplate":"https:\/\/shrimataji.org\/test\/?s={search_term_string}"},"query-input":{"@type":"PropertyValueSpecification","valueRequired":true,"valueName":"search_term_string"}}],"inLanguage":"en-US"},{"@type":["Person","Organization"],"@id":"https:\/\/shrimataji.org\/test\/#\/schema\/person\/a1b3419c6585f164aa96da1ff85715d1","name":"Nirmala Shrivastava","image":{"@type":"ImageObject","inLanguage":"en-US","@id":"https:\/\/shrimataji.org\/test\/wp-content\/uploads\/2023\/02\/SMO_LOGO-03.svg","url":"https:\/\/shrimataji.org\/test\/wp-content\/uploads\/2023\/02\/SMO_LOGO-03.svg","contentUrl":"https:\/\/shrimataji.org\/test\/wp-content\/uploads\/2023\/02\/SMO_LOGO-03.svg","width":"1024","height":"1024","caption":"Nirmala Shrivastava"},"logo":{"@id":"https:\/\/shrimataji.org\/test\/wp-content\/uploads\/2023\/02\/SMO_LOGO-03.svg"},"sameAs":["https:\/\/shrimataji.org\/test","https:\/\/www.facebook.com\/shrimataji","https:\/\/x.com\/shrimataji","https:\/\/www.youtube.com\/@Shri_Mataji_Nirmala_Devi\/featured"]}]}},"lang":"ro","translations":{"ro":14537,"ur":37508,"en":392,"pa":25922,"gu":25525,"th":20067,"hu":19570,"sq":18482,"zh":17379,"tr":10214,"pt":10422,"de":10696,"fr":10794,"it":10892,"es":10989,"ja":11287,"ru":11475,"bn":11666,"te":11774,"sw":11897,"he":12045,"el":12337,"sk":12435,"fa":12533,"fi":12631,"bg":13465,"cs":14730,"nl":16642,"ku":16802,"ar":16978,"be":18689,"kn":18963,"mr":20431,"uk":20725,"ml":21020,"ta":22801,"sv":23070,"bs":27298,"fil":29519,"sd":31012,"da":37816,"pl":38026,"nn":38368},"pll_sync_post":[],"_links":{"self":[{"href":"https:\/\/shrimataji.org\/test\/wp-json\/wp\/v2\/pages\/14537","targetHints":{"allow":["GET"]}}],"collection":[{"href":"https:\/\/shrimataji.org\/test\/wp-json\/wp\/v2\/pages"}],"about":[{"href":"https:\/\/shrimataji.org\/test\/wp-json\/wp\/v2\/types\/page"}],"author":[{"embeddable":true,"href":"https:\/\/shrimataji.org\/test\/wp-json\/wp\/v2\/users\/56"}],"replies":[{"embeddable":true,"href":"https:\/\/shrimataji.org\/test\/wp-json\/wp\/v2\/comments?post=14537"}],"version-history":[{"count":0,"href":"https:\/\/shrimataji.org\/test\/wp-json\/wp\/v2\/pages\/14537\/revisions"}],"wp:featuredmedia":[{"embeddable":true,"href":"https:\/\/shrimataji.org\/test\/wp-json\/wp\/v2\/media\/14538"}],"wp:attachment":[{"href":"https:\/\/shrimataji.org\/test\/wp-json\/wp\/v2\/media?parent=14537"}],"curies":[{"name":"wp","href":"https:\/\/api.w.org\/{rel}","templated":true}]}}