{"id":14555,"date":"2018-07-10T06:54:42","date_gmt":"2018-07-10T06:54:42","guid":{"rendered":"http:\/\/testwordpress.nirmalnagari.org\/smnd\/index.php\/family\/"},"modified":"2025-05-31T15:46:12","modified_gmt":"2025-05-31T15:46:12","slug":"familia","status":"publish","type":"page","link":"https:\/\/shrimataji.org\/test\/ro\/familia\/","title":{"rendered":"Familia"},"content":{"rendered":"\n\n\t<h1>Familia<\/h1>\n<h2>O educa\u021bie iluminat\u0103<\/h2>\n\t<h4>Shri Mataji, n\u0103scut\u0103 Nirmala Salve, a venit pe lume \u00eentr-o familie ilustr\u0103, descendent\u0103 din dinastia regal\u0103 Shalivahana din India. De-a lungul multor genera\u021bii au ie\u0219it \u00een eviden\u021b\u0103 tr\u0103s\u0103turile de caracter ale acestei familii excep\u021bionale, care a cultivat cele mai \u00eenalte standarde morale \u0219i etice, f\u0103r\u0103 a face compromisuri. <\/h4>\n\t<p>Merg\u00e2nd \u00eempotriva tradi\u021biei \u0219i a credin\u021belor larg acceptate, str\u0103mo\u0219ii lui Shri Mataji s-au convertit la cre\u0219tinism c\u00e2nd au v\u0103zut cu c\u00e2t\u0103 cruzime erau tratate v\u0103duvele hinduse la acea vreme, \u00een special cele minore.<\/p>\n<p>H.P. Salve, fratele lui Shri Mataji, a descris-o pe bunica lor, ea \u00eens\u0103\u0219i o v\u0103duv\u0103 prematur\u0103, \u00een cartea sa de memorii: \u201eEra o personalitate puternic\u0103, plin\u0103 de curaj \u0219i for\u021b\u0103 de convingere \u00een lupta ei \u00eempotriva nedrept\u0103\u021bii; o persoan\u0103 care avea drept calit\u0103\u021bi o imens\u0103 vitejie \u0219i mult curaj pe de o parte, dar \u0219i dragostea \u0219i bun\u0103voin\u021ba unei mame fa\u021b\u0103 de copiii ei, pe de alt\u0103 parte. Subliniez acest lucru pentru c\u0103 toate aceste calit\u0103\u021bi au p\u0103truns \u00een copiii \u0219i nepo\u021bii ei, \u00een special \u00een Shri Mataji.&#8221;<\/p>\n<p>P\u0103rin\u021bii lui Shri Mataji au continuat s\u0103 tr\u0103iasc\u0103 o via\u021b\u0103 dedicat\u0103 drept\u0103\u021bii \u0219i egalit\u0103\u021bii. Ei s-au al\u0103turat lui Mahatma Gandhi \u00een lupta pentru independen\u021ba Indiei \u0219i era un fapt acceptat de to\u021bi membrii familiei c\u0103 nimeni nu trebuia s\u0103 pl\u00e2ng\u0103 atunci c\u00e2nd vreunul dintre ei era arestat \u0219i \u00eentemni\u021bat. Dup\u0103 independen\u021b\u0103, tat\u0103l \u0219i mul\u021bi dintre fra\u021bii Ei au continuat s\u0103 slujeasc\u0103 \u00een noul guvern format.<\/p>\n<p>So\u021bul lui Shri Mataji, Sir C.P. Srivastava a dus de asemenea o via\u021b\u0103 de d\u0103ruire exemplar\u0103 \u00een serviciul public, pe care l-a slujit la cel mai \u00eenalt standard posibil. C\u0103r\u021bile sale includ biografia lui Lal Bahadur Shastri: ,,A Life of Truth in Politics&#8221; [1] \u0219i ,,Corruption: India&#8217;s Enemy Within&#8221; [2]\n\t<p>\u00cen urma lui Shri Mataji, care a p\u0103\u0219it c\u0103tre eternitate \u00een 2011, au r\u0103mas \u00een familia Sa dou\u0103 fiice, patru nepo\u021bi \u0219i mul\u021bi str\u0103nepo\u021bi.<\/p>\n\t<div class=\"epyt-video-wrapper\"><div  data-ep-a=\"fadeIn\"  style=\"display: block; margin: 0px auto;\"  id=\"_ytid_78419\"  width=\"3840\" height=\"2160\"  data-origwidth=\"3840\" data-origheight=\"2160\" data-facadesrc=\"https:\/\/www.youtube.com\/embed\/BlhbfY8PoHs?enablejsapi=1&autoplay=0&cc_load_policy=0&cc_lang_pref=&iv_load_policy=1&loop=0&rel=0&fs=1&playsinline=1&autohide=2&theme=dark&color=red&controls=1&disablekb=0&\" class=\"__youtube_prefs__ epyt-facade  no-lazyload\" data-epautoplay=\"1\" ><img decoding=\"async\" data-spai-excluded=\"true\" class=\"epyt-facade-poster skip-lazy\" loading=\"lazy\"  alt=\"YouTube player\"  src=\"https:\/\/i.ytimg.com\/vi\/BlhbfY8PoHs\/maxresdefault.jpg\"  \/><button class=\"epyt-facade-play\" aria-label=\"Play\"><svg data-no-lazy=\"1\" height=\"100%\" version=\"1.1\" viewBox=\"0 0 68 48\" width=\"100%\"><path class=\"ytp-large-play-button-bg\" d=\"M66.52,7.74c-0.78-2.93-2.49-5.41-5.42-6.19C55.79,.13,34,0,34,0S12.21,.13,6.9,1.55 C3.97,2.33,2.27,4.81,1.48,7.74C0.06,13.05,0,24,0,24s0.06,10.95,1.48,16.26c0.78,2.93,2.49,5.41,5.42,6.19 C12.21,47.87,34,48,34,48s21.79-0.13,27.1-1.55c2.93-0.78,4.64-3.26,5.42-6.19C67.94,34.95,68,24,68,24S67.94,13.05,66.52,7.74z\" fill=\"#f00\"><\/path><path d=\"M 45,24 27,14 27,34\" fill=\"#fff\"><\/path><\/svg><\/button><\/div><\/div><span itemprop=\"video\" itemscope itemtype=\"http:\/\/schema.org\/VideoObject\"><meta itemprop=\"embedUrl\" content=\"https:\/\/www.youtube.com\/embed\/BlhbfY8PoHs\"><meta itemprop=\"name\" content=\"Remembering Their Mother\"><meta itemprop=\"description\" content=\"Shri Mataji&#039;s daughters describe the extent of their mother&#039;s travels and global duties. They describe the experience of sharing a mother with the world. &#039;She became renowned all over the world, but to me always a mother.&#039; They recall the strong mother of childhood, keen that her children be correct and dharmic. Shri Mataji emphasized that her children should never do anything wrong. More videos at: http:\/\/ShriMataji.org ~ A Life Dedicated to Humanity ~\"><meta itemprop=\"thumbnailUrl\" content=\"https:\/\/i.ytimg.com\/vi\/BlhbfY8PoHs\/0.jpg\"><meta itemprop=\"duration\" content=\"PT3M13S\"><meta itemprop=\"uploadDate\" content=\"2020-07-20T00:11:57Z\"><\/span>\n\t<h5>\u201eNu aveam acest consumerism \u00een acele vremuri &#8211; tr\u0103iam simplu. De asemenea, cred c\u0103 nu exista at\u00e2t de mult acest conflict \u00eentre genera\u021bii, via\u021ba de familie se derula frumos.&#8221;<\/h5>\n<h5>Sadhana Varma, fiica lui Shri Mataji<\/h5>\n\t<hr \/>\n<h3>1.\u00a0<a href=\"#citation-ref-1\">^<\/a> C. P. Srivastava, &#8216;Lal Bahadur Shastri: O via\u021b\u0103 de adev\u0103r \u00een politic\u0103&#8217; New Delhi: Oxford University Press, 1995.<br \/>\n2. <a href=\"#citation-ref-2\">^<\/a> C. P. Srivastava, &#8216;Corup\u021bia: inamicul din interior al Indiei&#8217; New Delhi: Macmillan India, 2001.<\/h3>\n\n","protected":false},"excerpt":{"rendered":"<p>Familia O educa\u021bie iluminat\u0103 Shri Mataji, n\u0103scut\u0103 Nirmala Salve, a venit pe lume \u00eentr-o familie ilustr\u0103, descendent\u0103 din dinastia regal\u0103 Shalivahana din India. De-a lungul multor genera\u021bii au ie\u0219it \u00een eviden\u021b\u0103 tr\u0103s\u0103turile de caracter ale acestei familii excep\u021bionale, care a cultivat cele mai \u00eenalte standarde morale \u0219i etice, f\u0103r\u0103 a face compromisuri. Merg\u00e2nd \u00eempotriva tradi\u021biei&hellip; <br \/> <a class=\"read-more\" href=\"https:\/\/shrimataji.org\/test\/ro\/familia\/\">Read more<\/a><\/p>\n","protected":false},"author":1,"featured_media":14557,"parent":0,"menu_order":0,"comment_status":"closed","ping_status":"closed","template":"","meta":{"inline_featured_image":false,"footnotes":""},"class_list":["post-14555","page","type-page","status-publish","has-post-thumbnail","hentry"],"yoast_head":"<!-- This site is optimized with the Yoast SEO plugin v27.4 - https:\/\/yoast.com\/product\/yoast-seo-wordpress\/ -->\n<title>Familia - TEST - SMND<\/title>\n<meta name=\"robots\" content=\"noindex, follow, max-snippet:-1, max-image-preview:large, max-video-preview:-1\" \/>\n<meta property=\"og:locale\" content=\"en_US\" \/>\n<meta property=\"og:type\" content=\"article\" \/>\n<meta property=\"og:title\" content=\"Familia - TEST - SMND\" \/>\n<meta property=\"og:description\" content=\"Familia O educa\u021bie iluminat\u0103 Shri Mataji, n\u0103scut\u0103 Nirmala Salve, a venit pe lume \u00eentr-o familie ilustr\u0103, descendent\u0103 din dinastia regal\u0103 Shalivahana din India. De-a lungul multor genera\u021bii au ie\u0219it \u00een eviden\u021b\u0103 tr\u0103s\u0103turile de caracter ale acestei familii excep\u021bionale, care a cultivat cele mai \u00eenalte standarde morale \u0219i etice, f\u0103r\u0103 a face compromisuri. Merg\u00e2nd \u00eempotriva tradi\u021biei&hellip; Read more\" \/>\n<meta property=\"og:url\" content=\"https:\/\/shrimataji.org\/test\/ro\/familia\/\" \/>\n<meta property=\"og:site_name\" content=\"TEST - SMND\" \/>\n<meta property=\"article:publisher\" content=\"https:\/\/www.facebook.com\/shrimataji\" \/>\n<meta property=\"article:modified_time\" content=\"2025-05-31T15:46:12+00:00\" \/>\n<meta property=\"og:image\" content=\"https:\/\/shrimataji.org\/test\/wp-content\/uploads\/2023\/03\/6_Banner-Family-scaled.jpg\" \/>\n\t<meta property=\"og:image:width\" content=\"2560\" \/>\n\t<meta property=\"og:image:height\" content=\"905\" \/>\n\t<meta property=\"og:image:type\" content=\"image\/jpeg\" \/>\n<meta name=\"twitter:card\" content=\"summary_large_image\" \/>\n<meta name=\"twitter:site\" content=\"@shrimataji\" \/>\n<meta name=\"twitter:label1\" content=\"Est. reading time\" \/>\n\t<meta name=\"twitter:data1\" content=\"2 minutes\" \/>\n<script type=\"application\/ld+json\" class=\"yoast-schema-graph\">{\"@context\":\"https:\\\/\\\/schema.org\",\"@graph\":[{\"@type\":\"WebPage\",\"@id\":\"https:\\\/\\\/shrimataji.org\\\/test\\\/ro\\\/familia\\\/\",\"url\":\"https:\\\/\\\/shrimataji.org\\\/test\\\/ro\\\/familia\\\/\",\"name\":\"Familia - TEST - SMND\",\"isPartOf\":{\"@id\":\"https:\\\/\\\/shrimataji.org\\\/test\\\/#website\"},\"primaryImageOfPage\":{\"@id\":\"https:\\\/\\\/shrimataji.org\\\/test\\\/ro\\\/familia\\\/#primaryimage\"},\"image\":{\"@id\":\"https:\\\/\\\/shrimataji.org\\\/test\\\/ro\\\/familia\\\/#primaryimage\"},\"thumbnailUrl\":\"https:\\\/\\\/shrimataji.org\\\/test\\\/wp-content\\\/uploads\\\/2023\\\/03\\\/6_Banner-Family-scaled.jpg\",\"datePublished\":\"2018-07-10T06:54:42+00:00\",\"dateModified\":\"2025-05-31T15:46:12+00:00\",\"breadcrumb\":{\"@id\":\"https:\\\/\\\/shrimataji.org\\\/test\\\/ro\\\/familia\\\/#breadcrumb\"},\"inLanguage\":\"en-US\",\"potentialAction\":[{\"@type\":\"ReadAction\",\"target\":[\"https:\\\/\\\/shrimataji.org\\\/test\\\/ro\\\/familia\\\/\"]}]},{\"@type\":\"ImageObject\",\"inLanguage\":\"en-US\",\"@id\":\"https:\\\/\\\/shrimataji.org\\\/test\\\/ro\\\/familia\\\/#primaryimage\",\"url\":\"https:\\\/\\\/shrimataji.org\\\/test\\\/wp-content\\\/uploads\\\/2023\\\/03\\\/6_Banner-Family-scaled.jpg\",\"contentUrl\":\"https:\\\/\\\/shrimataji.org\\\/test\\\/wp-content\\\/uploads\\\/2023\\\/03\\\/6_Banner-Family-scaled.jpg\",\"width\":2560,\"height\":905},{\"@type\":\"BreadcrumbList\",\"@id\":\"https:\\\/\\\/shrimataji.org\\\/test\\\/ro\\\/familia\\\/#breadcrumb\",\"itemListElement\":[{\"@type\":\"ListItem\",\"position\":1,\"name\":\"Home\",\"item\":\"https:\\\/\\\/shrimataji.org\\\/test\\\/uk\\\/home-en\\\/\"},{\"@type\":\"ListItem\",\"position\":2,\"name\":\"Familia\"}]},{\"@type\":\"WebSite\",\"@id\":\"https:\\\/\\\/shrimataji.org\\\/test\\\/#website\",\"url\":\"https:\\\/\\\/shrimataji.org\\\/test\\\/\",\"name\":\"Shri Mataji Nirmala Devi\",\"description\":\"A Life Dedicated to Humanity\",\"publisher\":{\"@id\":\"https:\\\/\\\/shrimataji.org\\\/test\\\/#\\\/schema\\\/person\\\/a1b3419c6585f164aa96da1ff85715d1\"},\"potentialAction\":[{\"@type\":\"SearchAction\",\"target\":{\"@type\":\"EntryPoint\",\"urlTemplate\":\"https:\\\/\\\/shrimataji.org\\\/test\\\/?s={search_term_string}\"},\"query-input\":{\"@type\":\"PropertyValueSpecification\",\"valueRequired\":true,\"valueName\":\"search_term_string\"}}],\"inLanguage\":\"en-US\"},{\"@type\":[\"Person\",\"Organization\"],\"@id\":\"https:\\\/\\\/shrimataji.org\\\/test\\\/#\\\/schema\\\/person\\\/a1b3419c6585f164aa96da1ff85715d1\",\"name\":\"Nirmala Shrivastava\",\"image\":{\"@type\":\"ImageObject\",\"inLanguage\":\"en-US\",\"@id\":\"https:\\\/\\\/shrimataji.org\\\/test\\\/wp-content\\\/uploads\\\/2023\\\/02\\\/SMO_LOGO-03.svg\",\"url\":\"https:\\\/\\\/shrimataji.org\\\/test\\\/wp-content\\\/uploads\\\/2023\\\/02\\\/SMO_LOGO-03.svg\",\"contentUrl\":\"https:\\\/\\\/shrimataji.org\\\/test\\\/wp-content\\\/uploads\\\/2023\\\/02\\\/SMO_LOGO-03.svg\",\"width\":\"1024\",\"height\":\"1024\",\"caption\":\"Nirmala Shrivastava\"},\"logo\":{\"@id\":\"https:\\\/\\\/shrimataji.org\\\/test\\\/wp-content\\\/uploads\\\/2023\\\/02\\\/SMO_LOGO-03.svg\"},\"sameAs\":[\"https:\\\/\\\/shrimataji.org\\\/test\",\"https:\\\/\\\/www.facebook.com\\\/shrimataji\",\"https:\\\/\\\/x.com\\\/shrimataji\",\"https:\\\/\\\/www.youtube.com\\\/@Shri_Mataji_Nirmala_Devi\\\/featured\"]}]}<\/script>\n<!-- \/ Yoast SEO plugin. -->","yoast_head_json":{"title":"Familia - TEST - SMND","robots":{"index":"noindex","follow":"follow","max-snippet":"max-snippet:-1","max-image-preview":"max-image-preview:large","max-video-preview":"max-video-preview:-1"},"og_locale":"en_US","og_type":"article","og_title":"Familia - TEST - SMND","og_description":"Familia O educa\u021bie iluminat\u0103 Shri Mataji, n\u0103scut\u0103 Nirmala Salve, a venit pe lume \u00eentr-o familie ilustr\u0103, descendent\u0103 din dinastia regal\u0103 Shalivahana din India. De-a lungul multor genera\u021bii au ie\u0219it \u00een eviden\u021b\u0103 tr\u0103s\u0103turile de caracter ale acestei familii excep\u021bionale, care a cultivat cele mai \u00eenalte standarde morale \u0219i etice, f\u0103r\u0103 a face compromisuri. Merg\u00e2nd \u00eempotriva tradi\u021biei&hellip; Read more","og_url":"https:\/\/shrimataji.org\/test\/ro\/familia\/","og_site_name":"TEST - SMND","article_publisher":"https:\/\/www.facebook.com\/shrimataji","article_modified_time":"2025-05-31T15:46:12+00:00","og_image":[{"width":2560,"height":905,"url":"https:\/\/shrimataji.org\/test\/wp-content\/uploads\/2023\/03\/6_Banner-Family-scaled.jpg","type":"image\/jpeg"}],"twitter_card":"summary_large_image","twitter_site":"@shrimataji","twitter_misc":{"Est. reading time":"2 minutes"},"schema":{"@context":"https:\/\/schema.org","@graph":[{"@type":"WebPage","@id":"https:\/\/shrimataji.org\/test\/ro\/familia\/","url":"https:\/\/shrimataji.org\/test\/ro\/familia\/","name":"Familia - TEST - SMND","isPartOf":{"@id":"https:\/\/shrimataji.org\/test\/#website"},"primaryImageOfPage":{"@id":"https:\/\/shrimataji.org\/test\/ro\/familia\/#primaryimage"},"image":{"@id":"https:\/\/shrimataji.org\/test\/ro\/familia\/#primaryimage"},"thumbnailUrl":"https:\/\/shrimataji.org\/test\/wp-content\/uploads\/2023\/03\/6_Banner-Family-scaled.jpg","datePublished":"2018-07-10T06:54:42+00:00","dateModified":"2025-05-31T15:46:12+00:00","breadcrumb":{"@id":"https:\/\/shrimataji.org\/test\/ro\/familia\/#breadcrumb"},"inLanguage":"en-US","potentialAction":[{"@type":"ReadAction","target":["https:\/\/shrimataji.org\/test\/ro\/familia\/"]}]},{"@type":"ImageObject","inLanguage":"en-US","@id":"https:\/\/shrimataji.org\/test\/ro\/familia\/#primaryimage","url":"https:\/\/shrimataji.org\/test\/wp-content\/uploads\/2023\/03\/6_Banner-Family-scaled.jpg","contentUrl":"https:\/\/shrimataji.org\/test\/wp-content\/uploads\/2023\/03\/6_Banner-Family-scaled.jpg","width":2560,"height":905},{"@type":"BreadcrumbList","@id":"https:\/\/shrimataji.org\/test\/ro\/familia\/#breadcrumb","itemListElement":[{"@type":"ListItem","position":1,"name":"Home","item":"https:\/\/shrimataji.org\/test\/uk\/home-en\/"},{"@type":"ListItem","position":2,"name":"Familia"}]},{"@type":"WebSite","@id":"https:\/\/shrimataji.org\/test\/#website","url":"https:\/\/shrimataji.org\/test\/","name":"Shri Mataji Nirmala Devi","description":"A Life Dedicated to Humanity","publisher":{"@id":"https:\/\/shrimataji.org\/test\/#\/schema\/person\/a1b3419c6585f164aa96da1ff85715d1"},"potentialAction":[{"@type":"SearchAction","target":{"@type":"EntryPoint","urlTemplate":"https:\/\/shrimataji.org\/test\/?s={search_term_string}"},"query-input":{"@type":"PropertyValueSpecification","valueRequired":true,"valueName":"search_term_string"}}],"inLanguage":"en-US"},{"@type":["Person","Organization"],"@id":"https:\/\/shrimataji.org\/test\/#\/schema\/person\/a1b3419c6585f164aa96da1ff85715d1","name":"Nirmala Shrivastava","image":{"@type":"ImageObject","inLanguage":"en-US","@id":"https:\/\/shrimataji.org\/test\/wp-content\/uploads\/2023\/02\/SMO_LOGO-03.svg","url":"https:\/\/shrimataji.org\/test\/wp-content\/uploads\/2023\/02\/SMO_LOGO-03.svg","contentUrl":"https:\/\/shrimataji.org\/test\/wp-content\/uploads\/2023\/02\/SMO_LOGO-03.svg","width":"1024","height":"1024","caption":"Nirmala Shrivastava"},"logo":{"@id":"https:\/\/shrimataji.org\/test\/wp-content\/uploads\/2023\/02\/SMO_LOGO-03.svg"},"sameAs":["https:\/\/shrimataji.org\/test","https:\/\/www.facebook.com\/shrimataji","https:\/\/x.com\/shrimataji","https:\/\/www.youtube.com\/@Shri_Mataji_Nirmala_Devi\/featured"]}]}},"lang":"ro","translations":{"ro":14555},"pll_sync_post":[],"_links":{"self":[{"href":"https:\/\/shrimataji.org\/test\/wp-json\/wp\/v2\/pages\/14555","targetHints":{"allow":["GET"]}}],"collection":[{"href":"https:\/\/shrimataji.org\/test\/wp-json\/wp\/v2\/pages"}],"about":[{"href":"https:\/\/shrimataji.org\/test\/wp-json\/wp\/v2\/types\/page"}],"author":[{"embeddable":true,"href":"https:\/\/shrimataji.org\/test\/wp-json\/wp\/v2\/users\/1"}],"replies":[{"embeddable":true,"href":"https:\/\/shrimataji.org\/test\/wp-json\/wp\/v2\/comments?post=14555"}],"version-history":[{"count":0,"href":"https:\/\/shrimataji.org\/test\/wp-json\/wp\/v2\/pages\/14555\/revisions"}],"wp:featuredmedia":[{"embeddable":true,"href":"https:\/\/shrimataji.org\/test\/wp-json\/wp\/v2\/media\/14557"}],"wp:attachment":[{"href":"https:\/\/shrimataji.org\/test\/wp-json\/wp\/v2\/media?parent=14555"}],"curies":[{"name":"wp","href":"https:\/\/api.w.org\/{rel}","templated":true}]}}