{"id":14561,"date":"2017-08-11T05:00:00","date_gmt":"2017-08-11T05:00:00","guid":{"rendered":"http:\/\/testwordpress.nirmalnagari.org\/smnd\/index.php\/legacy\/"},"modified":"2025-07-20T08:39:16","modified_gmt":"2025-07-20T08:39:16","slug":"legacy","status":"publish","type":"page","link":"https:\/\/shrimataji.org\/test\/ro\/legacy\/","title":{"rendered":"Mo\u015ftenirea Sa"},"content":{"rendered":"\n\n\t<h1>Mo\u015ftenirea Sa<\/h1>\n<h2>Transformarea &#8211; de la individ la societate.<\/h2>\n\t<h4>Exist\u0103 c\u0103r\u021bi \u0219i \u0219coli, cursuri \u0219i centre de s\u0103n\u0103tate, o academie de art\u0103 \u0219i muzic\u0103 \u0219i chiar un c\u0103min pentru cei nevoia\u0219i, dar mo\u0219tenirea lui Shri Mataji \u00eenseamn\u0103 cu mult mai mult.<\/h4>\n<p>Niciun ONG, niciun bun material nu pot fi considerate adev\u0103rata mo\u0219tenire a lui Shri Mataji Nirmala Devi, care este mai presus \u0219i dincolo de toate aceste lucruri.<\/p>\n<p>Ceea ce Shri Mataji a d\u0103ruit lumii nu este o filozofie, o doctrin\u0103 sau un sistem de credin\u021be, ci este un lucru unic, extraordinar: Realizarea Sinelui.  Aceast\u0103 trezire spiritual\u0103 primordial\u0103 este acea care are capacitatea de a schimba lumea cu adev\u0103rat.<\/p>\n<p>Spre deosebire de majoritatea metodelor ce vizeaz\u0103 o schimbare interioar\u0103, aceasta \u00eencepe cu propria con\u0219tientizare de sine care apoi \u00eencepe s\u0103 creasc\u0103. Aceast\u0103 sc\u00e2nteie de recunoa\u0219tere spiritual\u0103 este mo\u0219tenirea lui Shri Mataji pentru omenire.<\/p>\n<p>Prin munca Sa, a creat o comunitate interna\u021bional\u0103 de practican\u021bi ai Sahajei Yoga \u00een peste 100 de \u021b\u0103ri, to\u021bi uni\u021bi de dorin\u021ba de a se transforma, cre\u00e2nd astfel premisele unei transform\u0103ri la un nivel mult mai larg.<\/p>\n\t\t\t\t<img decoding=\"async\" src=\"https:\/\/shrimataji.org\/test\/wp-content\/uploads\/2018\/07\/media_originals\/images\/shri-mataji-portraits\/shri-mataji-nirmala-devi-in-daglio-italy-7th-july-2007-683x1024.jpg\" alt=\"Shri Mataji is at Daglio (North Italy, 2007)\" itemprop=\"image\" height=\"1024\" width=\"683\" title=\"shri-mataji-nirmala-devi-in-daglio-italy-7th-july-2007\" onerror=\"this.style.display='none'\" loading=\"lazy\" \/>\n\t\t\u0d36\u0d4d\u0d30\u0d40 \u0d2e\u0d3e\u0d24\u0d3e\u0d1c\u0d3f \u0d21\u0d3e\u0d17\u0d4d\u0d32\u0d3f\u0d2f\u0d4b\u0d2f\u0d3f\u0d7d (\u0d35\u0d1f\u0d15\u0d4d\u0d15\u0d7b \u0d07\u0d31\u0d4d\u0d31\u0d32\u0d3f, 2007)\n\t<p>Viziunea lui Shri Mataji nu const\u0103 \u00een crearea de institu\u021bii sau mi\u0219c\u0103ri, ci dimpotriv\u0103, mesajul S\u0103u s-a concentrat pe individ, pe sine. Ea a \u00eenv\u0103\u021bat umanitatea c\u0103 numai prin aderarea la adev\u0103rata spiritualitate \u00een plan individual \u0219i colectiv se pot rezolva problemele globale. A insistat, de asemenea, asupra libert\u0103\u021bii individului. Nu exist\u0103 nicio dogm\u0103 sau doctrin\u0103 \u00een Sahaja Yoga, ci doar o con\u0219tientizare iluminat\u0103 a ceea ce este potrivit pentru dezvoltarea spiritual\u0103 a fiec\u0103ruia.<\/p>\n\t<div class=\"su-quote su-quote-style-default\"><div class=\"su-quote-inner su-u-clearfix su-u-trim\">Asta trebuie s\u0103 fac: s\u0103-i echipez, astfel \u00eenc\u00e2t s\u0103-\u0219i poat\u0103 rezolva propriile probleme,&#8230; Trebuie s\u0103 fii propriul t\u0103u doctor. Trebuie s\u0103 fii propriul t\u0103u guru.<\/div><\/div>\n<p>Declan\u0219\u00e2nd o schimbare tangibil\u0103 \u00een individ prin trezirea energiei Kundalini \u0219i apoi prin medita\u021bie, Shri Mataji a \u00eenv\u0103\u021bat lumea cum s\u0103 ating\u0103 un ideal mai \u00eenalt dec\u00e2t succesul material sau puterea. \u201eTrebuie s\u0103 atingem pacea interioar\u0103&#8221;, a spus Ea. &#8220;\u00cencerca\u021bi s\u0103 medita\u021bi. Medita\u021bi astfel \u00eenc\u00e2t s\u0103 ajunge\u021bi la fiin\u021ba voastr\u0103 interioar\u0103. Aceast\u0103 fiin\u021b\u0103 interioar\u0103 este un vast ocean de beatitudine!&#8221;<\/p>\n\t<div class=\"su-quote su-quote-style-default\"><div class=\"su-quote-inner su-u-clearfix su-u-trim\">Trebuie s\u0103 ar\u0103t\u0103m rezultatele trezirii lui Kundalini&#8230; Este destinat\u0103 \u00eentregii lumi. Aceasta este viziunea Mea<\/div><\/div>\n\t<p>Mo\u0219tenirea lui Shri Mataji de transformare prin Realizarea Sinelui continu\u0103 s\u0103 schimbe via\u021ba a milioane de oameni care, prin practica medita\u021biei Sahaja Yoga, au atins adev\u0103rata pace interioar\u0103 \u0219i libertatea absolut\u0103 de a tr\u0103i \u00een armonie unii cu al\u021bii \u0219i cu Natura Mam\u0103.<\/p>\n\n","protected":false},"excerpt":{"rendered":"<p>Mo\u015ftenirea Sa Transformarea &#8211; de la individ la societate. Exist\u0103 c\u0103r\u021bi \u0219i \u0219coli, cursuri \u0219i centre de s\u0103n\u0103tate, o academie de art\u0103 \u0219i muzic\u0103 \u0219i chiar un c\u0103min pentru cei nevoia\u0219i, dar mo\u0219tenirea lui Shri Mataji \u00eenseamn\u0103 cu mult mai mult. Niciun ONG, niciun bun material nu pot fi considerate adev\u0103rata mo\u0219tenire a lui Shri&hellip; <br \/> <a class=\"read-more\" href=\"https:\/\/shrimataji.org\/test\/ro\/legacy\/\">Read more<\/a><\/p>\n","protected":false},"author":1,"featured_media":17085,"parent":0,"menu_order":0,"comment_status":"closed","ping_status":"closed","template":"","meta":{"inline_featured_image":false,"footnotes":""},"class_list":["post-14561","page","type-page","status-publish","has-post-thumbnail","hentry"],"yoast_head":"<!-- This site is optimized with the Yoast SEO plugin v27.4 - https:\/\/yoast.com\/product\/yoast-seo-wordpress\/ -->\n<title>Mo\u015ftenirea Sa - TEST - SMND<\/title>\n<meta name=\"robots\" content=\"noindex, follow, max-snippet:-1, max-image-preview:large, max-video-preview:-1\" \/>\n<meta property=\"og:locale\" content=\"en_US\" \/>\n<meta property=\"og:type\" content=\"article\" \/>\n<meta property=\"og:title\" content=\"Mo\u015ftenirea Sa - TEST - SMND\" \/>\n<meta property=\"og:description\" content=\"Mo\u015ftenirea Sa Transformarea &#8211; de la individ la societate. Exist\u0103 c\u0103r\u021bi \u0219i \u0219coli, cursuri \u0219i centre de s\u0103n\u0103tate, o academie de art\u0103 \u0219i muzic\u0103 \u0219i chiar un c\u0103min pentru cei nevoia\u0219i, dar mo\u0219tenirea lui Shri Mataji \u00eenseamn\u0103 cu mult mai mult. Niciun ONG, niciun bun material nu pot fi considerate adev\u0103rata mo\u0219tenire a lui Shri&hellip; Read more\" \/>\n<meta property=\"og:url\" content=\"https:\/\/shrimataji.org\/test\/ro\/legacy\/\" \/>\n<meta property=\"og:site_name\" content=\"TEST - SMND\" \/>\n<meta property=\"article:publisher\" content=\"https:\/\/www.facebook.com\/shrimataji\" \/>\n<meta property=\"article:modified_time\" content=\"2025-07-20T08:39:16+00:00\" \/>\n<meta property=\"og:image\" content=\"https:\/\/shrimataji.org\/test\/wp-content\/uploads\/2024\/05\/teaching.jpg\" \/>\n\t<meta property=\"og:image:width\" content=\"1021\" \/>\n\t<meta property=\"og:image:height\" content=\"360\" \/>\n\t<meta property=\"og:image:type\" content=\"image\/jpeg\" \/>\n<meta name=\"twitter:card\" content=\"summary_large_image\" \/>\n<meta name=\"twitter:site\" content=\"@shrimataji\" \/>\n<meta name=\"twitter:label1\" content=\"Est. reading time\" \/>\n\t<meta name=\"twitter:data1\" content=\"2 minutes\" \/>\n<script type=\"application\/ld+json\" class=\"yoast-schema-graph\">{\"@context\":\"https:\\\/\\\/schema.org\",\"@graph\":[{\"@type\":\"WebPage\",\"@id\":\"https:\\\/\\\/shrimataji.org\\\/test\\\/ro\\\/legacy\\\/\",\"url\":\"https:\\\/\\\/shrimataji.org\\\/test\\\/ro\\\/legacy\\\/\",\"name\":\"Mo\u015ftenirea Sa - TEST - SMND\",\"isPartOf\":{\"@id\":\"https:\\\/\\\/shrimataji.org\\\/test\\\/#website\"},\"primaryImageOfPage\":{\"@id\":\"https:\\\/\\\/shrimataji.org\\\/test\\\/ro\\\/legacy\\\/#primaryimage\"},\"image\":{\"@id\":\"https:\\\/\\\/shrimataji.org\\\/test\\\/ro\\\/legacy\\\/#primaryimage\"},\"thumbnailUrl\":\"https:\\\/\\\/shrimataji.org\\\/test\\\/wp-content\\\/uploads\\\/2024\\\/05\\\/teaching.jpg\",\"datePublished\":\"2017-08-11T05:00:00+00:00\",\"dateModified\":\"2025-07-20T08:39:16+00:00\",\"breadcrumb\":{\"@id\":\"https:\\\/\\\/shrimataji.org\\\/test\\\/ro\\\/legacy\\\/#breadcrumb\"},\"inLanguage\":\"en-US\",\"potentialAction\":[{\"@type\":\"ReadAction\",\"target\":[\"https:\\\/\\\/shrimataji.org\\\/test\\\/ro\\\/legacy\\\/\"]}]},{\"@type\":\"ImageObject\",\"inLanguage\":\"en-US\",\"@id\":\"https:\\\/\\\/shrimataji.org\\\/test\\\/ro\\\/legacy\\\/#primaryimage\",\"url\":\"https:\\\/\\\/shrimataji.org\\\/test\\\/wp-content\\\/uploads\\\/2024\\\/05\\\/teaching.jpg\",\"contentUrl\":\"https:\\\/\\\/shrimataji.org\\\/test\\\/wp-content\\\/uploads\\\/2024\\\/05\\\/teaching.jpg\",\"width\":1021,\"height\":360},{\"@type\":\"BreadcrumbList\",\"@id\":\"https:\\\/\\\/shrimataji.org\\\/test\\\/ro\\\/legacy\\\/#breadcrumb\",\"itemListElement\":[{\"@type\":\"ListItem\",\"position\":1,\"name\":\"Home\",\"item\":\"https:\\\/\\\/shrimataji.org\\\/test\\\/uk\\\/home-en\\\/\"},{\"@type\":\"ListItem\",\"position\":2,\"name\":\"Mo\u015ftenirea Sa\"}]},{\"@type\":\"WebSite\",\"@id\":\"https:\\\/\\\/shrimataji.org\\\/test\\\/#website\",\"url\":\"https:\\\/\\\/shrimataji.org\\\/test\\\/\",\"name\":\"Shri Mataji Nirmala Devi\",\"description\":\"A Life Dedicated to Humanity\",\"publisher\":{\"@id\":\"https:\\\/\\\/shrimataji.org\\\/test\\\/#\\\/schema\\\/person\\\/a1b3419c6585f164aa96da1ff85715d1\"},\"potentialAction\":[{\"@type\":\"SearchAction\",\"target\":{\"@type\":\"EntryPoint\",\"urlTemplate\":\"https:\\\/\\\/shrimataji.org\\\/test\\\/?s={search_term_string}\"},\"query-input\":{\"@type\":\"PropertyValueSpecification\",\"valueRequired\":true,\"valueName\":\"search_term_string\"}}],\"inLanguage\":\"en-US\"},{\"@type\":[\"Person\",\"Organization\"],\"@id\":\"https:\\\/\\\/shrimataji.org\\\/test\\\/#\\\/schema\\\/person\\\/a1b3419c6585f164aa96da1ff85715d1\",\"name\":\"Nirmala Shrivastava\",\"image\":{\"@type\":\"ImageObject\",\"inLanguage\":\"en-US\",\"@id\":\"https:\\\/\\\/shrimataji.org\\\/test\\\/wp-content\\\/uploads\\\/2023\\\/02\\\/SMO_LOGO-03.svg\",\"url\":\"https:\\\/\\\/shrimataji.org\\\/test\\\/wp-content\\\/uploads\\\/2023\\\/02\\\/SMO_LOGO-03.svg\",\"contentUrl\":\"https:\\\/\\\/shrimataji.org\\\/test\\\/wp-content\\\/uploads\\\/2023\\\/02\\\/SMO_LOGO-03.svg\",\"width\":\"1024\",\"height\":\"1024\",\"caption\":\"Nirmala Shrivastava\"},\"logo\":{\"@id\":\"https:\\\/\\\/shrimataji.org\\\/test\\\/wp-content\\\/uploads\\\/2023\\\/02\\\/SMO_LOGO-03.svg\"},\"sameAs\":[\"https:\\\/\\\/shrimataji.org\\\/test\",\"https:\\\/\\\/www.facebook.com\\\/shrimataji\",\"https:\\\/\\\/x.com\\\/shrimataji\",\"https:\\\/\\\/www.youtube.com\\\/@Shri_Mataji_Nirmala_Devi\\\/featured\"]}]}<\/script>\n<!-- \/ Yoast SEO plugin. -->","yoast_head_json":{"title":"Mo\u015ftenirea Sa - TEST - SMND","robots":{"index":"noindex","follow":"follow","max-snippet":"max-snippet:-1","max-image-preview":"max-image-preview:large","max-video-preview":"max-video-preview:-1"},"og_locale":"en_US","og_type":"article","og_title":"Mo\u015ftenirea Sa - TEST - SMND","og_description":"Mo\u015ftenirea Sa Transformarea &#8211; de la individ la societate. Exist\u0103 c\u0103r\u021bi \u0219i \u0219coli, cursuri \u0219i centre de s\u0103n\u0103tate, o academie de art\u0103 \u0219i muzic\u0103 \u0219i chiar un c\u0103min pentru cei nevoia\u0219i, dar mo\u0219tenirea lui Shri Mataji \u00eenseamn\u0103 cu mult mai mult. Niciun ONG, niciun bun material nu pot fi considerate adev\u0103rata mo\u0219tenire a lui Shri&hellip; Read more","og_url":"https:\/\/shrimataji.org\/test\/ro\/legacy\/","og_site_name":"TEST - SMND","article_publisher":"https:\/\/www.facebook.com\/shrimataji","article_modified_time":"2025-07-20T08:39:16+00:00","og_image":[{"width":1021,"height":360,"url":"https:\/\/shrimataji.org\/test\/wp-content\/uploads\/2024\/05\/teaching.jpg","type":"image\/jpeg"}],"twitter_card":"summary_large_image","twitter_site":"@shrimataji","twitter_misc":{"Est. reading time":"2 minutes"},"schema":{"@context":"https:\/\/schema.org","@graph":[{"@type":"WebPage","@id":"https:\/\/shrimataji.org\/test\/ro\/legacy\/","url":"https:\/\/shrimataji.org\/test\/ro\/legacy\/","name":"Mo\u015ftenirea Sa - TEST - SMND","isPartOf":{"@id":"https:\/\/shrimataji.org\/test\/#website"},"primaryImageOfPage":{"@id":"https:\/\/shrimataji.org\/test\/ro\/legacy\/#primaryimage"},"image":{"@id":"https:\/\/shrimataji.org\/test\/ro\/legacy\/#primaryimage"},"thumbnailUrl":"https:\/\/shrimataji.org\/test\/wp-content\/uploads\/2024\/05\/teaching.jpg","datePublished":"2017-08-11T05:00:00+00:00","dateModified":"2025-07-20T08:39:16+00:00","breadcrumb":{"@id":"https:\/\/shrimataji.org\/test\/ro\/legacy\/#breadcrumb"},"inLanguage":"en-US","potentialAction":[{"@type":"ReadAction","target":["https:\/\/shrimataji.org\/test\/ro\/legacy\/"]}]},{"@type":"ImageObject","inLanguage":"en-US","@id":"https:\/\/shrimataji.org\/test\/ro\/legacy\/#primaryimage","url":"https:\/\/shrimataji.org\/test\/wp-content\/uploads\/2024\/05\/teaching.jpg","contentUrl":"https:\/\/shrimataji.org\/test\/wp-content\/uploads\/2024\/05\/teaching.jpg","width":1021,"height":360},{"@type":"BreadcrumbList","@id":"https:\/\/shrimataji.org\/test\/ro\/legacy\/#breadcrumb","itemListElement":[{"@type":"ListItem","position":1,"name":"Home","item":"https:\/\/shrimataji.org\/test\/uk\/home-en\/"},{"@type":"ListItem","position":2,"name":"Mo\u015ftenirea Sa"}]},{"@type":"WebSite","@id":"https:\/\/shrimataji.org\/test\/#website","url":"https:\/\/shrimataji.org\/test\/","name":"Shri Mataji Nirmala Devi","description":"A Life Dedicated to Humanity","publisher":{"@id":"https:\/\/shrimataji.org\/test\/#\/schema\/person\/a1b3419c6585f164aa96da1ff85715d1"},"potentialAction":[{"@type":"SearchAction","target":{"@type":"EntryPoint","urlTemplate":"https:\/\/shrimataji.org\/test\/?s={search_term_string}"},"query-input":{"@type":"PropertyValueSpecification","valueRequired":true,"valueName":"search_term_string"}}],"inLanguage":"en-US"},{"@type":["Person","Organization"],"@id":"https:\/\/shrimataji.org\/test\/#\/schema\/person\/a1b3419c6585f164aa96da1ff85715d1","name":"Nirmala Shrivastava","image":{"@type":"ImageObject","inLanguage":"en-US","@id":"https:\/\/shrimataji.org\/test\/wp-content\/uploads\/2023\/02\/SMO_LOGO-03.svg","url":"https:\/\/shrimataji.org\/test\/wp-content\/uploads\/2023\/02\/SMO_LOGO-03.svg","contentUrl":"https:\/\/shrimataji.org\/test\/wp-content\/uploads\/2023\/02\/SMO_LOGO-03.svg","width":"1024","height":"1024","caption":"Nirmala Shrivastava"},"logo":{"@id":"https:\/\/shrimataji.org\/test\/wp-content\/uploads\/2023\/02\/SMO_LOGO-03.svg"},"sameAs":["https:\/\/shrimataji.org\/test","https:\/\/www.facebook.com\/shrimataji","https:\/\/x.com\/shrimataji","https:\/\/www.youtube.com\/@Shri_Mataji_Nirmala_Devi\/featured"]}]}},"lang":"ro","translations":{"ro":14561,"ur":37458,"en":409,"am":18030,"th":19988,"hu":19511,"sq":18431,"zh":17328,"tr":10179,"pt":10391,"de":10665,"fr":10763,"it":10861,"es":10958,"ja":11255,"ru":11443,"bn":11635,"te":11743,"sw":11866,"he":12014,"el":12306,"sk":12404,"fa":12502,"fi":12600,"bg":13486,"cs":14754,"nl":16591,"ku":16751,"ar":16927,"be":18638,"kn":18912,"mr":20352,"uk":20646,"ml":20941,"ta":22749,"sv":23020,"gu":28863,"pa":29023,"fil":29468,"da":37771,"pl":37983,"nn":38323},"pll_sync_post":[],"_links":{"self":[{"href":"https:\/\/shrimataji.org\/test\/wp-json\/wp\/v2\/pages\/14561","targetHints":{"allow":["GET"]}}],"collection":[{"href":"https:\/\/shrimataji.org\/test\/wp-json\/wp\/v2\/pages"}],"about":[{"href":"https:\/\/shrimataji.org\/test\/wp-json\/wp\/v2\/types\/page"}],"author":[{"embeddable":true,"href":"https:\/\/shrimataji.org\/test\/wp-json\/wp\/v2\/users\/1"}],"replies":[{"embeddable":true,"href":"https:\/\/shrimataji.org\/test\/wp-json\/wp\/v2\/comments?post=14561"}],"version-history":[{"count":0,"href":"https:\/\/shrimataji.org\/test\/wp-json\/wp\/v2\/pages\/14561\/revisions"}],"wp:featuredmedia":[{"embeddable":true,"href":"https:\/\/shrimataji.org\/test\/wp-json\/wp\/v2\/media\/17085"}],"wp:attachment":[{"href":"https:\/\/shrimataji.org\/test\/wp-json\/wp\/v2\/media?parent=14561"}],"curies":[{"name":"wp","href":"https:\/\/api.w.org\/{rel}","templated":true}]}}