{"id":14567,"date":"2012-11-01T12:00:00","date_gmt":"2012-11-01T12:00:00","guid":{"rendered":"http:\/\/testwordpress.nirmalnagari.org\/smnd\/index.php\/sir-c-p-srivastava\/"},"modified":"2025-06-01T12:54:17","modified_gmt":"2025-06-01T12:54:17","slug":"sir-c-p-srivastava-ro","status":"publish","type":"page","link":"https:\/\/shrimataji.org\/test\/ro\/sir-c-p-srivastava-ro\/","title":{"rendered":"Sir C.P. Srivastava"},"content":{"rendered":"\n\n\t<h1>Sir C.P. Srivastava<\/h1>\n<h2>Sir C.P. \u0219i \u201ecolosul&#8221; Shastri<\/h2>\n\t<h4>Shri Mataji Nirmala Devi este cunoscut\u0103 \u00een \u00eentreaga lume ca fiind for\u021ba de sus\u021binere \u0219i inspira\u021bie pentru Sahaja Yoga. Al\u0103turi de faima Sa de lider spiritual, mai exist\u0103 o poveste paralel\u0103: cariera extraordinar\u0103 a so\u021bului Ei, Sir Chandrika Prasad Srivastava.<\/h4>\n<p>Cei care au avut norocul s\u0103 se afle \u00een prezen\u021ba lui Shri Mataji, au fost de asemenea familiariza\u021bi cu figura \u00eenalt\u0103, demn\u0103 \u0219i glasul bl\u00e2nd al lui \u201eSir C.P.&#8221;, a\u0219a cum i se spunea cu afec\u021biune.<\/p>\n\t\t\t\t<img decoding=\"async\" src=\"https:\/\/shrimataji.org\/test\/wp-content\/uploads\/2018\/07\/media_originals\/images\/shri-mataji-and-family\/shri-mataji-sir-cp-kalpana-sadhana-family-london-uk-696x1024.jpg\" alt=\"\u0d38\u0d7c \u0d38\u0d3f \u0d2a\u0d3f \u0d24\u0d28\u0d3f\u0d15\u0d4d\u0d15\u0d4d \u0d32\u0d2d\u0d3f\u0d1a\u0d4d\u0d1a \u0d28\u0d48\u0d31\u0d4d\u0d31\u0d4d\u200c\u0d39\u0d41\u0d21\u0d4d \u0d2a\u0d41\u0d30\u0d38\u0d4d\u0d15\u0d4d\u0d15\u0d3e\u0d30\u0d02 \u0d36\u0d4d\u0d30\u0d40 \u0d2e\u0d3e\u0d24\u0d3e\u0d1c\u0d3f\u0d2f\u0d41\u0d1f\u0d46\u0d2f\u0d41\u0d02 \u0d2a\u0d46\u0d7a\u0d2e\u0d15\u0d4d\u0d15\u0d33\u0d3e\u0d2f \u0d15\u0d7d\u0d2a\u0d28\u0d2f\u0d41\u0d1f\u0d46\u0d2f\u0d41\u0d02 \u0d38\u0d3e\u0d27\u0d28\u0d2f\u0d41\u0d1f\u0d46\u0d2f\u0d41\u0d02 \u0d1b\u0d3e\u0d2f\u0d3e\u0d1a\u0d3f\u0d24\u0d4d\u0d30\u0d19\u0d4d\u0d19\u0d7e\u0d15\u0d4d\u0d15\u0d4a\u0d2a\u0d4d\u0d2a\u0d02 \u0d2a\u0d4d\u0d30\u0d26\u0d7c\u0d36\u0d3f\u0d2a\u0d4d\u0d2a\u0d3f\u0d15\u0d4d\u0d15\u0d41\u0d28\u0d4d\u0d28\u0d41.\" itemprop=\"image\" height=\"1024\" width=\"696\" title=\"shri-mataji-sir-cp-kalpana-sadhana-family-london-uk\" onerror=\"this.style.display='none'\" loading='lazy' \/>\n\t\t\u0d38\u0d7c \u0d38\u0d3f \u0d2a\u0d3f \u0d24\u0d28\u0d3f\u0d15\u0d4d\u0d15\u0d4d \u0d32\u0d2d\u0d3f\u0d1a\u0d4d\u0d1a \u0d28\u0d48\u0d31\u0d4d\u0d31\u0d4d\u200c\u0d39\u0d41\u0d21\u0d4d \u0d2a\u0d41\u0d30\u0d38\u0d4d\u0d15\u0d4d\u0d15\u0d3e\u0d30\u0d02 \u0d36\u0d4d\u0d30\u0d40 \u0d2e\u0d3e\u0d24\u0d3e\u0d1c\u0d3f\u0d2f\u0d41\u0d1f\u0d46\u0d2f\u0d41\u0d02 \u0d2a\u0d46\u0d7a\u0d2e\u0d15\u0d4d\u0d15\u0d33\u0d3e\u0d2f \u0d15\u0d7d\u0d2a\u0d28\u0d2f\u0d41\u0d1f\u0d46\u0d2f\u0d41\u0d02 \u0d38\u0d3e\u0d27\u0d28\u0d2f\u0d41\u0d1f\u0d46\u0d2f\u0d41\u0d02 \u0d1b\u0d3e\u0d2f\u0d3e\u0d1a\u0d3f\u0d24\u0d4d\u0d30\u0d19\u0d4d\u0d19\u0d7e\u0d15\u0d4d\u0d15\u0d4a\u0d2a\u0d4d\u0d2a\u0d02 \u0d2a\u0d4d\u0d30\u0d26\u0d7c\u0d36\u0d3f\u0d2a\u0d4d\u0d2a\u0d3f\u0d15\u0d4d\u0d15\u0d41\u0d28\u0d4d\u0d28\u0d41.\n\t<p>Sir C.P. a fost un om de stat eminent, care a servit timp de patru mandate succesive ca secretar general al Organiza\u021biei Maritime Interna\u021bionale a ONU, primind titlul de cavaler de la \u00eens\u0103\u0219i regina Elisabeta a II-a.<\/p>\n<p>Sir C.P. \u0219i Shri Mataji s-au c\u0103s\u0103torit c\u00e2nd el era un t\u00e2n\u0103r ofi\u021ber relativ anonim \u00een serviciul civil indian.  El a subliniat adesea c\u0103 succesul s\u0103u profesional fulminant s-a datorat \u00een mare parte sfaturilor \u0219i intui\u021biei so\u021biei sale.<\/p>\n<p>La scurt timp dup\u0103 c\u0103s\u0103toria lor, i s-a oferit o alegere de invidiat: fie s\u0103 se al\u0103ture Serviciului Administrativ Indian de elit\u0103, fie s\u0103 intre \u00een corpul diplomatic, cel pu\u021bin la fel de prestigios. Prietenii s\u0103i l-au \u00eencurajat s\u0103 devin\u0103 diplomat, deoarece avea \u0219ansa ca \u00een scurt timp  s\u0103 i se acorde numirea \u00eentr-o ambasad\u0103.<\/p>\n<p>Dar doamna Srivastava a spus f\u0103r\u0103 ezitare: \u201eNu, s\u0103 r\u0103m\u00e2nem \u00een \u021bar\u0103. S\u0103 ne slujim \u021bara aici.&#8221; Nimeni nu ar fi putut prezice ce s-a \u00eent\u00e2mplat dup\u0103 aceea, c\u00e2nd printr-o serie de \u00eent\u00e2lniri neprev\u0103zute Sir C.P. a ajuns s\u0103 fie numit secretar personal al primului ministru al Indiei, Lal Bahadur Shastri.<\/p>\n\t\t<img decoding=\"async\" data-spai-excluded=\"true\" loading=\"lazy\"  alt=\"YouTube player\"  src=\"https:\/\/i.ytimg.com\/vi\/10r04eFnN3w\/maxresdefault.jpg\"  \/><button aria-label=\"Play\"><\/button><meta itemprop=\"embedUrl\" content=\"https:\/\/www.youtube.com\/embed\/10r04eFnN3w\"\/><meta itemprop=\"name\" content=\"What I Have Seen: A Stress Free Life\"\/><meta itemprop=\"description\" content=\"Speaking on the topic of stress management, Sir C.P. Srivastava, the husband of Shri Mataji, describes the value of Sahaja Yoga meditation. His perspective is unique, but not unusual. In this candid speech, he describes himself as a man able to do his job well, but now able to face life devoid of stress. &#039;It is a matter of wanting to achieve that transformation,&#039; he says. Nothing needs to be given up. &#039;I am telling you what I have seen.&#039; More videos at: http:\/\/ShriMataji.org ~ A Life Dedicated to Humanity ~\"\/><meta itemprop=\"thumbnailUrl\" content=\"https:\/\/i.ytimg.com\/vi\/10r04eFnN3w\/0.jpg\"\/><meta itemprop=\"duration\" content=\"PT10M46S\"\/><meta itemprop=\"uploadDate\" content=\"2020-07-20T00:05:20Z\"\/>\t\n\t<p>Privind retrospectiv, acesta a fost un eveniment benefic, deoarece domnul Shastri a fost \u00een multe feluri \u00eens\u0103\u0219i personificarea filozofiei Sahaj pe care a \u00eentruchipat-o Shri Mataji \u0219i pe care o va \u00eemp\u0103rt\u0103\u0219i mai t\u00e2rziu lumii. Dup\u0103 retragerea sa din serviciul public, r\u0103spunz\u00e2nd din nou la \u00eendemnul so\u021biei sale, Sir C.P. a scris cartea , \u201eLal Bahadur Shastri: a Life of Truth in Politics&#8221;, \u00a0\u00een care \u00eel descrie pe domnul Shastri ca av\u00e2nd multe dintre calit\u0103\u021bile zeului hindus Shri Rama: umilin\u021b\u0103 \u0219i respect profund pentru to\u021bi oamenii, combinate cu un mare sim\u021b al onoarei \u0219i datoriei.<\/p>\n\t<p>Sir C.P. scrie c\u0103 Shastri \u201ea fost cu adev\u0103rat c\u0103s\u0103torit cu dharma, cu dreptatea, cu adev\u0103rul, cu morala. Nu exista \u00een el nicio impostur\u0103, nicio dualitate. Nu era un domn Shastri \u00een interior, \u0219i un alt domn Shastri \u00een exterior. Era absolut unul: unul pe din\u0103untru, unul \u00eenafar\u0103, frumos pe din\u0103untru, frumos \u00eenafar\u0103.&#8221;<\/p>\n<p>Domnul Shastri, cu silueta sa foarte fragil\u0103, statura minion\u0103 \u0219i atitudinea umil\u0103, i-a f\u0103cut pe mul\u021bi s\u0103 presupun\u0103 c\u0103 ar putea fi u\u0219or de dominat.<\/p>\n<p>La scurt timp dup\u0103 ce Shastri a devenit prim-ministru, Pakistanul a invadat Kashmirul. R\u0103spunsul lui Shastri a fost: \u201eSunt un om pa\u0219nic, dar sunt \u0219i un om de onoare. Este datoria mea ca prim-ministru s\u0103 ap\u0103r \u021bara.&#8221;<\/p>\n<p>A\u0219a cum a spus Sir C.P. : \u201eAcest om al p\u0103cii s-a ridicat ca un colos&#8221;.<\/p>\n\t\t\t\t<img decoding=\"async\" src=\"https:\/\/shrimataji.org\/test\/wp-content\/uploads\/2018\/07\/media_originals\/images\/shri-mataji-and-family\/sir-c.p.-and-naval-officers-near-statue-of-lal-bahadur-shastri.jpg\" alt=\"\u0d38\u0d7c \u0d38\u0d3f.\u0d2a\u0d3f. \u0d32\u0d3e\u0d7d \u0d2c\u0d39\u0d26\u0d42\u0d7c \u0d36\u0d3e\u0d38\u0d4d\u0d24\u0d4d\u0d30\u0d3f\u0d2f\u0d41\u0d1f\u0d46 \u0d2a\u0d4d\u0d30\u0d24\u0d3f\u0d2e\u0d2f\u0d4d\u0d15\u0d4d\u0d15\u0d4d \u0d2e\u0d41\u0d28\u0d4d\u0d28\u0d3f\u0d7d \u0d28\u0d3e\u0d35\u0d3f\u0d15\u0d38\u0d47\u0d28\u0d3e \u0d09\u0d26\u0d4d\u0d2f\u0d4b\u0d17\u0d38\u0d4d\u0d25\u0d30\u0d4b\u0d1f\u0d4a\u0d2a\u0d4d\u0d2a\u0d02.\" itemprop=\"image\" height=\"1143\" width=\"1500\" title=\"sir-c\" onerror=\"this.style.display='none'\" loading='lazy' \/>\n\t\t\u0d38\u0d7c \u0d38\u0d3f.\u0d2a\u0d3f. \u0d32\u0d3e\u0d7d \u0d2c\u0d39\u0d26\u0d42\u0d7c \u0d36\u0d3e\u0d38\u0d4d\u0d24\u0d4d\u0d30\u0d3f\u0d2f\u0d41\u0d1f\u0d46 \u0d2a\u0d4d\u0d30\u0d24\u0d3f\u0d2e\u0d2f\u0d4d\u0d15\u0d4d\u0d15\u0d4d \u0d2e\u0d41\u0d28\u0d4d\u0d28\u0d3f\u0d7d \u0d28\u0d3e\u0d35\u0d3f\u0d15\u0d38\u0d47\u0d28\u0d3e \u0d09\u0d26\u0d4d\u0d2f\u0d4b\u0d17\u0d38\u0d4d\u0d25\u0d30\u0d4b\u0d1f\u0d4a\u0d2a\u0d4d\u0d2a\u0d02.\n\t<h5>&#8220;Lal Bahadur Shastri a fost absolut unul: unul pe din\u0103untru, unul \u00eenafar\u0103, frumos \u00een\u0103untru, frumos \u00eenafar\u0103.&#8221;<\/h5>\n<h5>Sir C.P. Srivastava, decembrie 1994<\/h5>\n\t<p>Av\u00e2nd aceste calit\u0103\u021bi, domnul Shastri a purtat tor\u021ba pe care Mahatma Gandhi a aprins-o prima dat\u0103. El a continuat spun\u00e2nd: \u201eLucrul unic despre India este c\u0103 avem hindu\u0219i, musulmani, cre\u0219tini, sikh, parsi \u0219i oameni din toate celelalte religii&#8230; dar nu aducem toate acestea \u00een politic\u0103. Aceasta este diferen\u021ba dintre India \u0219i Pakistan. \u00cen timp ce Pakistanul se proclam\u0103 a fi un stat islamic \u0219i folose\u0219te religia ca factor politic, noi, indienii, avem libertatea de a urma orice religie am alege \u0219i de a ne \u00eenchina \u00een orice mod dorim. \u00cen ceea ce prive\u0219te politica, fiecare dintre noi este la fel de indian ca \u0219i cel\u0103lalt.&#8221;<\/p>\n\t<p>\u00cen timpul discu\u021biilor de pace care au urmat, Shastri a c\u00e2\u0219tigat de partea sa toate p\u0103r\u021bile opuse aflate \u00een conflict, \u0219i \u00eempreun\u0103 au f\u0103cut o pace durabil\u0103 cu Pakistanul. Shastri a murit pe nea\u0219teptate chiar \u00een timpul acelor discu\u021bii de pace, aparent din cauza unui atac de cord. Sir C.P. era al\u0103turi de el c\u00e2nd a murit. Mai t\u00e2rziu, el a scris c\u0103 nu s-a bucurat de \u201enici un privilegiu mai mare dec\u00e2t acela de a fi avut ocazia s\u0103-l slujeasc\u0103 pe Shri Lal Bahadur Shastri&#8221;. <a href=\"#citation-note-1\">[1]<\/a><\/p>\n<p>IInspirat de marea figur\u0103 a lui Lal Bahadur Shastri, \u0219i cu sprijinul activ al so\u021biei sale, Sir C.P. \u0219i-a \u00eenceput propria lui carier\u0103 ilustr\u0103 &#8211; mai \u00eent\u00e2i ca ofi\u021ber superior \u00een Serviciul Administrativ Indian, apoi ca pre\u0219edinte al Indian Shipping Corporation \u0219i, \u00een cele din urm\u0103, ca cel mai longeviv secretar general din istoria Organiza\u021biei Maritime Interna\u021bionale a ONU.<\/p>\n<p>OMI este singurul organism al ONU cu sediul la Londra. Timp de \u0219aisprezece ani Sir C.P. a lucrat acolo \u0219i astfel a fost posibil ca Shri Mataji s\u0103 poat\u0103 s\u0103-\u0219i \u00eenceap\u0103  misiunea de a prezenta <a href=\"\/people\/\" target=\"_blank\" rel=\"noopener\">Sahaja Yoga<\/a> \u00een lumea occidental\u0103.<\/p>\n\t\t\t\t<img decoding=\"async\" src=\"https:\/\/shrimataji.org\/test\/wp-content\/uploads\/2018\/07\/media_originals\/images\/shri-mataji-and-family\/shri-mataji-nirmala-devi-sir-cp-world-maritime-university.jpg\" alt=\"\u0d38\u0d4d\u0d35\u0d40\u0d21\u0d28\u0d3f\u0d32\u0d46 \u0d2e\u0d3e\u0d7d\u0d2e\u0d4b\u0d2f\u0d3f\u0d32\u0d41\u0d33\u0d4d\u0d33 \u0d35\u0d47\u0d7e\u0d21\u0d4d \u0d2e\u0d3e\u0d30\u0d3f\u0d1f\u0d48\u0d02 \u0d2f\u0d42\u0d23\u0d3f\u0d35\u0d47\u0d34\u0d4d\u200c\u0d38\u0d3f\u0d31\u0d4d\u0d31\u0d3f\u0d2f\u0d3f\u0d7d \u0d36\u0d4d\u0d30\u0d40 \u0d2e\u0d3e\u0d24\u0d3e\u0d1c\u0d3f\u0d2f\u0d41\u0d02 \u0d38\u0d7c \u0d38\u0d3f.\u0d2a\u0d3f \u0d2f\u0d41\u0d02.\" itemprop=\"image\" height=\"960\" width=\"655\" title=\"shri-mataji-nirmala-devi-sir-cp-world-maritime-university\" onerror=\"this.style.display='none'\" loading='lazy' \/>\n\t\t\u0d38\u0d4d\u0d35\u0d40\u0d21\u0d28\u0d3f\u0d32\u0d46 \u0d2e\u0d3e\u0d7d\u0d2e\u0d4b\u0d2f\u0d3f\u0d32\u0d41\u0d33\u0d4d\u0d33 \u0d35\u0d47\u0d7e\u0d21\u0d4d \u0d2e\u0d3e\u0d30\u0d3f\u0d1f\u0d48\u0d02 \u0d2f\u0d42\u0d23\u0d3f\u0d35\u0d47\u0d34\u0d4d\u200c\u0d38\u0d3f\u0d31\u0d4d\u0d31\u0d3f\u0d2f\u0d3f\u0d7d \u0d36\u0d4d\u0d30\u0d40 \u0d2e\u0d3e\u0d24\u0d3e\u0d1c\u0d3f\u0d2f\u0d41\u0d02 \u0d38\u0d7c \u0d38\u0d3f.\u0d2a\u0d3f \u0d2f\u0d41\u0d02.\n\t<hr \/>\n<h3>1. <a href=\"#citation-ref-1\">^<\/a><a name=\"citation-note-1\"><\/a> C. P. Srivastava, &#8216;Lal Bahadur Shastri: Lal Bahadur Shastri: O via\u021b\u0103 de adev\u0103r \u00een politic\u0103&#8217; New Delhi: Oxford University Press, 1995.<\/h3>\n\n","protected":false},"excerpt":{"rendered":"<p>Sir C.P. Srivastava Sir C.P. \u0219i \u201ecolosul&#8221; Shastri Shri Mataji Nirmala Devi este cunoscut\u0103 \u00een \u00eentreaga lume ca fiind for\u021ba de sus\u021binere \u0219i inspira\u021bie pentru Sahaja Yoga. Al\u0103turi de faima Sa de lider spiritual, mai exist\u0103 o poveste paralel\u0103: cariera extraordinar\u0103 a so\u021bului Ei, Sir Chandrika Prasad Srivastava. Cei care au avut norocul s\u0103 se&hellip; <br \/> <a class=\"read-more\" href=\"https:\/\/shrimataji.org\/test\/ro\/sir-c-p-srivastava-ro\/\">Read more<\/a><\/p>\n","protected":false},"author":1,"featured_media":14568,"parent":0,"menu_order":0,"comment_status":"closed","ping_status":"closed","template":"","meta":{"inline_featured_image":false,"footnotes":""},"class_list":["post-14567","page","type-page","status-publish","has-post-thumbnail","hentry"],"yoast_head":"<!-- This site is optimized with the Yoast SEO plugin v27.4 - https:\/\/yoast.com\/product\/yoast-seo-wordpress\/ -->\n<title>Sir C.P. Srivastava - TEST - SMND<\/title>\n<meta name=\"robots\" content=\"noindex, follow, max-snippet:-1, max-image-preview:large, max-video-preview:-1\" \/>\n<meta property=\"og:locale\" content=\"en_US\" \/>\n<meta property=\"og:type\" content=\"article\" \/>\n<meta property=\"og:title\" content=\"Sir C.P. Srivastava - TEST - SMND\" \/>\n<meta property=\"og:description\" content=\"Sir C.P. Srivastava Sir C.P. \u0219i \u201ecolosul&#8221; Shastri Shri Mataji Nirmala Devi este cunoscut\u0103 \u00een \u00eentreaga lume ca fiind for\u021ba de sus\u021binere \u0219i inspira\u021bie pentru Sahaja Yoga. Al\u0103turi de faima Sa de lider spiritual, mai exist\u0103 o poveste paralel\u0103: cariera extraordinar\u0103 a so\u021bului Ei, Sir Chandrika Prasad Srivastava. Cei care au avut norocul s\u0103 se&hellip; Read more\" \/>\n<meta property=\"og:url\" content=\"https:\/\/shrimataji.org\/test\/ro\/sir-c-p-srivastava-ro\/\" \/>\n<meta property=\"og:site_name\" content=\"TEST - SMND\" \/>\n<meta property=\"article:publisher\" content=\"https:\/\/www.facebook.com\/shrimataji\" \/>\n<meta property=\"article:modified_time\" content=\"2025-06-01T12:54:17+00:00\" \/>\n<meta property=\"og:image\" content=\"https:\/\/shrimataji.org\/test\/wp-content\/uploads\/2023\/03\/8_Banner-Family_CP-2-scaled.jpg\" \/>\n\t<meta property=\"og:image:width\" content=\"2560\" \/>\n\t<meta property=\"og:image:height\" content=\"905\" \/>\n\t<meta property=\"og:image:type\" content=\"image\/jpeg\" \/>\n<meta name=\"twitter:card\" content=\"summary_large_image\" \/>\n<meta name=\"twitter:site\" content=\"@shrimataji\" \/>\n<meta name=\"twitter:label1\" content=\"Est. reading time\" \/>\n\t<meta name=\"twitter:data1\" content=\"5 minutes\" \/>\n<script type=\"application\/ld+json\" class=\"yoast-schema-graph\">{\"@context\":\"https:\\\/\\\/schema.org\",\"@graph\":[{\"@type\":\"WebPage\",\"@id\":\"https:\\\/\\\/shrimataji.org\\\/test\\\/ro\\\/sir-c-p-srivastava-ro\\\/\",\"url\":\"https:\\\/\\\/shrimataji.org\\\/test\\\/ro\\\/sir-c-p-srivastava-ro\\\/\",\"name\":\"Sir C.P. Srivastava - TEST - SMND\",\"isPartOf\":{\"@id\":\"https:\\\/\\\/shrimataji.org\\\/test\\\/#website\"},\"primaryImageOfPage\":{\"@id\":\"https:\\\/\\\/shrimataji.org\\\/test\\\/ro\\\/sir-c-p-srivastava-ro\\\/#primaryimage\"},\"image\":{\"@id\":\"https:\\\/\\\/shrimataji.org\\\/test\\\/ro\\\/sir-c-p-srivastava-ro\\\/#primaryimage\"},\"thumbnailUrl\":\"https:\\\/\\\/shrimataji.org\\\/test\\\/wp-content\\\/uploads\\\/2023\\\/03\\\/8_Banner-Family_CP-2-scaled.jpg\",\"datePublished\":\"2012-11-01T12:00:00+00:00\",\"dateModified\":\"2025-06-01T12:54:17+00:00\",\"breadcrumb\":{\"@id\":\"https:\\\/\\\/shrimataji.org\\\/test\\\/ro\\\/sir-c-p-srivastava-ro\\\/#breadcrumb\"},\"inLanguage\":\"en-US\",\"potentialAction\":[{\"@type\":\"ReadAction\",\"target\":[\"https:\\\/\\\/shrimataji.org\\\/test\\\/ro\\\/sir-c-p-srivastava-ro\\\/\"]}]},{\"@type\":\"ImageObject\",\"inLanguage\":\"en-US\",\"@id\":\"https:\\\/\\\/shrimataji.org\\\/test\\\/ro\\\/sir-c-p-srivastava-ro\\\/#primaryimage\",\"url\":\"https:\\\/\\\/shrimataji.org\\\/test\\\/wp-content\\\/uploads\\\/2023\\\/03\\\/8_Banner-Family_CP-2-scaled.jpg\",\"contentUrl\":\"https:\\\/\\\/shrimataji.org\\\/test\\\/wp-content\\\/uploads\\\/2023\\\/03\\\/8_Banner-Family_CP-2-scaled.jpg\",\"width\":2560,\"height\":905},{\"@type\":\"BreadcrumbList\",\"@id\":\"https:\\\/\\\/shrimataji.org\\\/test\\\/ro\\\/sir-c-p-srivastava-ro\\\/#breadcrumb\",\"itemListElement\":[{\"@type\":\"ListItem\",\"position\":1,\"name\":\"Home\",\"item\":\"https:\\\/\\\/shrimataji.org\\\/test\\\/uk\\\/home-en\\\/\"},{\"@type\":\"ListItem\",\"position\":2,\"name\":\"Sir C.P. Srivastava\"}]},{\"@type\":\"WebSite\",\"@id\":\"https:\\\/\\\/shrimataji.org\\\/test\\\/#website\",\"url\":\"https:\\\/\\\/shrimataji.org\\\/test\\\/\",\"name\":\"Shri Mataji Nirmala Devi\",\"description\":\"A Life Dedicated to Humanity\",\"publisher\":{\"@id\":\"https:\\\/\\\/shrimataji.org\\\/test\\\/#\\\/schema\\\/person\\\/a1b3419c6585f164aa96da1ff85715d1\"},\"potentialAction\":[{\"@type\":\"SearchAction\",\"target\":{\"@type\":\"EntryPoint\",\"urlTemplate\":\"https:\\\/\\\/shrimataji.org\\\/test\\\/?s={search_term_string}\"},\"query-input\":{\"@type\":\"PropertyValueSpecification\",\"valueRequired\":true,\"valueName\":\"search_term_string\"}}],\"inLanguage\":\"en-US\"},{\"@type\":[\"Person\",\"Organization\"],\"@id\":\"https:\\\/\\\/shrimataji.org\\\/test\\\/#\\\/schema\\\/person\\\/a1b3419c6585f164aa96da1ff85715d1\",\"name\":\"Nirmala Shrivastava\",\"image\":{\"@type\":\"ImageObject\",\"inLanguage\":\"en-US\",\"@id\":\"https:\\\/\\\/shrimataji.org\\\/test\\\/wp-content\\\/uploads\\\/2023\\\/02\\\/SMO_LOGO-03.svg\",\"url\":\"https:\\\/\\\/shrimataji.org\\\/test\\\/wp-content\\\/uploads\\\/2023\\\/02\\\/SMO_LOGO-03.svg\",\"contentUrl\":\"https:\\\/\\\/shrimataji.org\\\/test\\\/wp-content\\\/uploads\\\/2023\\\/02\\\/SMO_LOGO-03.svg\",\"width\":\"1024\",\"height\":\"1024\",\"caption\":\"Nirmala Shrivastava\"},\"logo\":{\"@id\":\"https:\\\/\\\/shrimataji.org\\\/test\\\/wp-content\\\/uploads\\\/2023\\\/02\\\/SMO_LOGO-03.svg\"},\"sameAs\":[\"https:\\\/\\\/shrimataji.org\\\/test\",\"https:\\\/\\\/www.facebook.com\\\/shrimataji\",\"https:\\\/\\\/x.com\\\/shrimataji\",\"https:\\\/\\\/www.youtube.com\\\/@Shri_Mataji_Nirmala_Devi\\\/featured\"]}]}<\/script>\n<!-- \/ Yoast SEO plugin. -->","yoast_head_json":{"title":"Sir C.P. Srivastava - TEST - SMND","robots":{"index":"noindex","follow":"follow","max-snippet":"max-snippet:-1","max-image-preview":"max-image-preview:large","max-video-preview":"max-video-preview:-1"},"og_locale":"en_US","og_type":"article","og_title":"Sir C.P. Srivastava - TEST - SMND","og_description":"Sir C.P. Srivastava Sir C.P. \u0219i \u201ecolosul&#8221; Shastri Shri Mataji Nirmala Devi este cunoscut\u0103 \u00een \u00eentreaga lume ca fiind for\u021ba de sus\u021binere \u0219i inspira\u021bie pentru Sahaja Yoga. Al\u0103turi de faima Sa de lider spiritual, mai exist\u0103 o poveste paralel\u0103: cariera extraordinar\u0103 a so\u021bului Ei, Sir Chandrika Prasad Srivastava. Cei care au avut norocul s\u0103 se&hellip; Read more","og_url":"https:\/\/shrimataji.org\/test\/ro\/sir-c-p-srivastava-ro\/","og_site_name":"TEST - SMND","article_publisher":"https:\/\/www.facebook.com\/shrimataji","article_modified_time":"2025-06-01T12:54:17+00:00","og_image":[{"width":2560,"height":905,"url":"https:\/\/shrimataji.org\/test\/wp-content\/uploads\/2023\/03\/8_Banner-Family_CP-2-scaled.jpg","type":"image\/jpeg"}],"twitter_card":"summary_large_image","twitter_site":"@shrimataji","twitter_misc":{"Est. reading time":"5 minutes"},"schema":{"@context":"https:\/\/schema.org","@graph":[{"@type":"WebPage","@id":"https:\/\/shrimataji.org\/test\/ro\/sir-c-p-srivastava-ro\/","url":"https:\/\/shrimataji.org\/test\/ro\/sir-c-p-srivastava-ro\/","name":"Sir C.P. Srivastava - TEST - SMND","isPartOf":{"@id":"https:\/\/shrimataji.org\/test\/#website"},"primaryImageOfPage":{"@id":"https:\/\/shrimataji.org\/test\/ro\/sir-c-p-srivastava-ro\/#primaryimage"},"image":{"@id":"https:\/\/shrimataji.org\/test\/ro\/sir-c-p-srivastava-ro\/#primaryimage"},"thumbnailUrl":"https:\/\/shrimataji.org\/test\/wp-content\/uploads\/2023\/03\/8_Banner-Family_CP-2-scaled.jpg","datePublished":"2012-11-01T12:00:00+00:00","dateModified":"2025-06-01T12:54:17+00:00","breadcrumb":{"@id":"https:\/\/shrimataji.org\/test\/ro\/sir-c-p-srivastava-ro\/#breadcrumb"},"inLanguage":"en-US","potentialAction":[{"@type":"ReadAction","target":["https:\/\/shrimataji.org\/test\/ro\/sir-c-p-srivastava-ro\/"]}]},{"@type":"ImageObject","inLanguage":"en-US","@id":"https:\/\/shrimataji.org\/test\/ro\/sir-c-p-srivastava-ro\/#primaryimage","url":"https:\/\/shrimataji.org\/test\/wp-content\/uploads\/2023\/03\/8_Banner-Family_CP-2-scaled.jpg","contentUrl":"https:\/\/shrimataji.org\/test\/wp-content\/uploads\/2023\/03\/8_Banner-Family_CP-2-scaled.jpg","width":2560,"height":905},{"@type":"BreadcrumbList","@id":"https:\/\/shrimataji.org\/test\/ro\/sir-c-p-srivastava-ro\/#breadcrumb","itemListElement":[{"@type":"ListItem","position":1,"name":"Home","item":"https:\/\/shrimataji.org\/test\/uk\/home-en\/"},{"@type":"ListItem","position":2,"name":"Sir C.P. Srivastava"}]},{"@type":"WebSite","@id":"https:\/\/shrimataji.org\/test\/#website","url":"https:\/\/shrimataji.org\/test\/","name":"Shri Mataji Nirmala Devi","description":"A Life Dedicated to Humanity","publisher":{"@id":"https:\/\/shrimataji.org\/test\/#\/schema\/person\/a1b3419c6585f164aa96da1ff85715d1"},"potentialAction":[{"@type":"SearchAction","target":{"@type":"EntryPoint","urlTemplate":"https:\/\/shrimataji.org\/test\/?s={search_term_string}"},"query-input":{"@type":"PropertyValueSpecification","valueRequired":true,"valueName":"search_term_string"}}],"inLanguage":"en-US"},{"@type":["Person","Organization"],"@id":"https:\/\/shrimataji.org\/test\/#\/schema\/person\/a1b3419c6585f164aa96da1ff85715d1","name":"Nirmala Shrivastava","image":{"@type":"ImageObject","inLanguage":"en-US","@id":"https:\/\/shrimataji.org\/test\/wp-content\/uploads\/2023\/02\/SMO_LOGO-03.svg","url":"https:\/\/shrimataji.org\/test\/wp-content\/uploads\/2023\/02\/SMO_LOGO-03.svg","contentUrl":"https:\/\/shrimataji.org\/test\/wp-content\/uploads\/2023\/02\/SMO_LOGO-03.svg","width":"1024","height":"1024","caption":"Nirmala Shrivastava"},"logo":{"@id":"https:\/\/shrimataji.org\/test\/wp-content\/uploads\/2023\/02\/SMO_LOGO-03.svg"},"sameAs":["https:\/\/shrimataji.org\/test","https:\/\/www.facebook.com\/shrimataji","https:\/\/x.com\/shrimataji","https:\/\/www.youtube.com\/@Shri_Mataji_Nirmala_Devi\/featured"]}]}},"lang":"ro","translations":{"ro":14567,"ur":37505,"en":423,"am":18079,"th":20064,"hu":19568,"sq":18480,"zh":17377,"tr":10212,"pt":10421,"de":10695,"fr":10793,"it":10891,"es":10988,"ja":11286,"ru":11474,"bn":11665,"te":11773,"sw":11896,"he":12044,"el":12336,"sk":12434,"fa":12532,"fi":12630,"bg":13492,"cs":14760,"nl":16640,"ku":16800,"ar":16976,"be":18687,"kn":18961,"mr":20428,"uk":20722,"ml":21017,"ta":22798,"sv":23068,"gu":28904,"pa":29064,"fil":29517,"da":37814,"nn":38366,"pl":39943},"pll_sync_post":[],"_links":{"self":[{"href":"https:\/\/shrimataji.org\/test\/wp-json\/wp\/v2\/pages\/14567","targetHints":{"allow":["GET"]}}],"collection":[{"href":"https:\/\/shrimataji.org\/test\/wp-json\/wp\/v2\/pages"}],"about":[{"href":"https:\/\/shrimataji.org\/test\/wp-json\/wp\/v2\/types\/page"}],"author":[{"embeddable":true,"href":"https:\/\/shrimataji.org\/test\/wp-json\/wp\/v2\/users\/1"}],"replies":[{"embeddable":true,"href":"https:\/\/shrimataji.org\/test\/wp-json\/wp\/v2\/comments?post=14567"}],"version-history":[{"count":0,"href":"https:\/\/shrimataji.org\/test\/wp-json\/wp\/v2\/pages\/14567\/revisions"}],"wp:featuredmedia":[{"embeddable":true,"href":"https:\/\/shrimataji.org\/test\/wp-json\/wp\/v2\/media\/14568"}],"wp:attachment":[{"href":"https:\/\/shrimataji.org\/test\/wp-json\/wp\/v2\/media?parent=14567"}],"curies":[{"name":"wp","href":"https:\/\/api.w.org\/{rel}","templated":true}]}}