{"id":14573,"date":"2012-10-02T02:00:00","date_gmt":"2012-10-02T02:00:00","guid":{"rendered":"http:\/\/testwordpress.nirmalnagari.org\/smnd\/index.php\/un-womens-conference\/"},"modified":"2025-06-01T13:43:41","modified_gmt":"2025-06-01T13:43:41","slug":"un-womens-conference","status":"publish","type":"page","link":"https:\/\/shrimataji.org\/test\/ro\/un-womens-conference\/","title":{"rendered":"A 4-a Conferin\u021b\u0103 Mondial\u0103 a ONU pentru femei"},"content":{"rendered":"\n\n\t<h1>A 4-a Conferin\u021b\u0103 Mondial\u0103 a ONU pentru femei<\/h1>\n<h2>Masa rotund\u0103 Inter-regional\u0103 de la Beijing din septembrie 1995 &#8211; extras<\/h2>\n\t<h4>A patra conferin\u021b\u0103 mondial\u0103 de la Beijing, China, din septembrie 1995, a fost punctul culminant al acordurilor politice al celor trei conferin\u021be globale anterioare privind femeile \u0219i egalitatea de gen. 189 de \u021b\u0103ri au adoptat \u00een unanimitate la Beijing, agenda pentru drepturile femeilor, care este considerat\u0103 documentul cheie de politic\u0103 global\u0103 privind egalitatea de gen..<\/h4>\n<p>Shri Mataji a fost invitat\u0103 \u00een calitate de oaspete s\u0103 vorbeasc\u0103 \u00een cadrul acestei \u00eent\u00e2lniri interna\u021bionale. \u00centotdeauna \u00ee\u0219i exprimase foarte clar p\u0103rerile despre rolul femeilor. Ele au un rol la fel de important \u00een aceast\u0103 lume ca \u0219i b\u0103rba\u021bii, dar ar trebui mai cur\u00e2nd s\u0103 valorifice diferen\u021bele dintre genuri \u00een loc s\u0103 \u00eencerce s\u0103 le egaleze. Un echilibru adecvat \u00eentre b\u0103rba\u021bi \u0219i femei ar fi vital pentru construirea unei societ\u0103\u021bi stabile \u0219i pa\u0219nice. Ceea ce lipse\u0219te este o recunoa\u0219tere a diferen\u021belor \u0219i un respect pentru punctele forte ale celuilalt. \u00cen repetate r\u00e2nduri, Shri Mataji le-a reamintit oamenilor de necesitatea ca ei to\u021bi, b\u0103rba\u021bi \u0219i femei, s\u0103-\u0219i g\u0103seasc\u0103  echilibrul interior, \u00een laturile lor inerente \u201emasculin\u0103&#8221; \u0219i \u201efeminin\u0103&#8221;. Totu\u0219i, locul unde femeile s-ar putea impune cu adev\u0103rat, ar fi la nivel social.<\/p>\n\t<div class=\"su-quote su-quote-style-default\"><div class=\"su-quote-inner su-u-clearfix su-u-trim\">Adev\u0103rul este c\u0103 femeile sunt puterea poten\u021bial\u0103 a fiec\u0103rei civiliza\u021bii \u0219i a fiec\u0103rei \u021b\u0103ri. Este evident c\u0103 femeile sunt cele care creaz\u0103 \u0219i men\u021bin \u00eentreaga umanitate. Acesta este rolul pe care Dumnezeu cel Atotputernic l-a atribuit lor.<\/div><\/div>\n\t<p>Shri Mataji nu s-a considerat niciodat\u0103 o activist\u0103 \u00een domeniul politic. Viziunea Ei a fost cea a unei transform\u0103ri interioare prin Realizarea Sinelui at\u00e2t pentru b\u0103rba\u021bi, c\u00e2t \u0219i pentru femei, prin care ace\u0219tia ating un echilibru natural. Aceast\u0103 auto-transformare a fost cheia pentru a aborda multe dintre problemele cu care se confrunt\u0103 femeile \u00eentr-o lume dominat\u0103 de b\u0103rba\u021bi.<\/p>\n<p>\u201eSemin\u021bele nu pot crea nimic de la sine. Mama P\u0103m\u00e2nt este cea care ofer\u0103 florile \u0219i fructele \u0219i alte recompense. \u00cen mod similar, femeia este cea care creeaz\u0103 copilul, care hr\u0103ne\u0219te copilul \u0219i care \u00een cele din urm\u0103, cre\u0219te cet\u0103\u021benii de m\u00e2ine. Prin urmare, femeile trebuie s\u0103 fie considerate \u00eempreun\u0103 cu Mama P\u0103m\u00e2nt ca fiind edificiul \u00eentregii umanit\u0103\u021bi&#8221;.<\/p>\n\t<p>Dup\u0103 ce a tr\u0103it at\u00e2t \u00een Est, c\u00e2t \u0219i \u00een Vest \u0219i a c\u0103l\u0103torit mult, Shri Mataji a v\u0103zut diferen\u021bele \u00een modul \u00een care sunt tratate femeile \u0219i, de\u0219i a recunoscut lipsa cumplit\u0103 a drepturilor de care multe din ele sufereau, ceea ce o preocupa serios era lipsa de respect fa\u021b\u0103 de femei.<\/p>\n\t<div class=\"su-quote su-quote-style-default\"><div class=\"su-quote-inner su-u-clearfix su-u-trim\"><i>\u00cen \u021bara Mea exist\u0103 o vorb\u0103 \u201eYatra narya pujyante tatra ramante devata&#8221;, care \u00eenseamn\u0103 c\u0103 \u201eacolo unde femeile sunt respectate \u0219i respectabile, acolo locuiesc zeii bun\u0103st\u0103rii noastre.<\/i><\/div><\/div>\n\t<p>C\u00e2nd at\u00e2t b\u0103rba\u021bii, c\u00e2t \u0219i femeile \u00ee\u0219i vor \u00een\u021belege propriile valori \u0219i pe cele ale celuilalt &#8211; valori despre care Shri Mataji  sim\u021bea c\u0103 ar putea fi ob\u021binute prin Realizarea Sinelui- atunci armonia va fi atins\u0103 \u00eentre oameni.<\/p>\n<p>\u201eDeci, este de datoria noastr\u0103 \u00een acest moment, s\u0103 \u00een\u021belegem valoarea acestei mari puteri care ne este dat\u0103 de Creatorul nostru. Dar ce g\u0103sim? Fie \u00een Orient, fie \u00een Occident, femeile nu au fost capabile s\u0103 ofere o manifestare deplin\u0103 a m\u0103re\u021biei lor.&#8221;<\/p>\n<p>F\u0103r\u0103 \u00eendoial\u0103 c\u0103 Shri Mataji a sus\u021binut drepturile egale ale femeilor la educa\u021bie, la o carier\u0103, la un mediu de via\u021b\u0103 sigur \u0219i la protec\u021bie legal\u0103.<\/p>\n<p>\u201eNu sugerez deloc c\u0103 singurul rol al femeii \u00een societatea uman\u0103 este acela de mam\u0103, de procreare \u0219i \u00eengrijire a copiilor, ori de so\u021bie sau sor\u0103. Femeile au dreptul deplin de a participa \u00een calitate de parteneri egali \u00een fiecare aspect al vie\u021bii: social, cultural, politic, economic, administrativ \u0219i toate celelalte. Dar, dac\u0103 sunt mame, au o mare responsabilitate fa\u021b\u0103 de copiii lor, precum \u0219i fa\u021b\u0103 de societate&#8221;.<\/p>\n<p>Cu toate acestea, Shri Mataji a sim\u021bit c\u0103 dezechilibrul dintre genuri poate fi corectat cu adev\u0103rat doar atunci c\u00e2nd ne \u00eentoarcem c\u0103tre noi \u00een\u0219ine \u0219i permitem acestei puteri a Realiz\u0103rii Sinelui s\u0103 ne conduc\u0103.<\/p>\n<p>\u201eAvem nevoie de un echilibru \u00eentre cele dou\u0103 extreme. Avem nevoie de femei ca partenere egale, dar nu identice cu b\u0103rba\u021bii&#8230;&#8221;<\/p>\n\t<div class=\"su-quote su-quote-style-default\"><div class=\"su-quote-inner su-u-clearfix su-u-trim\"><i>Avem nevoie de femei echilibrate pentru a avea o ras\u0103 uman\u0103 echilibrat\u0103, cu pace \u00een sine<\/i>.<\/div><\/div>\n\t\t<iframe loading=\"lazy\" title=\"UN Women\u00b4s Conference\" width=\"1920\" height=\"1080\" src=\"https:\/\/www.youtube.com\/embed\/_v6jiBJ-jdg?feature=oembed\" frameborder=\"0\" allow=\"accelerometer; autoplay; clipboard-write; encrypted-media; gyroscope; picture-in-picture; web-share\" allowfullscreen><\/iframe>\t\n\n","protected":false},"excerpt":{"rendered":"<p>A 4-a Conferin\u021b\u0103 Mondial\u0103 a ONU pentru femei Masa rotund\u0103 Inter-regional\u0103 de la Beijing din septembrie 1995 &#8211; extras A patra conferin\u021b\u0103 mondial\u0103 de la Beijing, China, din septembrie 1995, a fost punctul culminant al acordurilor politice al celor trei conferin\u021be globale anterioare privind femeile \u0219i egalitatea de gen. 189 de \u021b\u0103ri au adoptat \u00een&hellip; <br \/> <a class=\"read-more\" href=\"https:\/\/shrimataji.org\/test\/ro\/un-womens-conference\/\">Read more<\/a><\/p>\n","protected":false},"author":1,"featured_media":14574,"parent":0,"menu_order":0,"comment_status":"closed","ping_status":"closed","template":"","meta":{"inline_featured_image":false,"footnotes":""},"class_list":["post-14573","page","type-page","status-publish","has-post-thumbnail","hentry"],"yoast_head":"<!-- This site is optimized with the Yoast SEO plugin v27.4 - https:\/\/yoast.com\/product\/yoast-seo-wordpress\/ -->\n<title>A 4-a Conferin\u021b\u0103 Mondial\u0103 a ONU pentru femei - TEST - SMND<\/title>\n<meta name=\"robots\" content=\"noindex, follow, max-snippet:-1, max-image-preview:large, max-video-preview:-1\" \/>\n<meta property=\"og:locale\" content=\"en_US\" \/>\n<meta property=\"og:type\" content=\"article\" \/>\n<meta property=\"og:title\" content=\"A 4-a Conferin\u021b\u0103 Mondial\u0103 a ONU pentru femei - TEST - SMND\" \/>\n<meta property=\"og:description\" content=\"A 4-a Conferin\u021b\u0103 Mondial\u0103 a ONU pentru femei Masa rotund\u0103 Inter-regional\u0103 de la Beijing din septembrie 1995 &#8211; extras A patra conferin\u021b\u0103 mondial\u0103 de la Beijing, China, din septembrie 1995, a fost punctul culminant al acordurilor politice al celor trei conferin\u021be globale anterioare privind femeile \u0219i egalitatea de gen. 189 de \u021b\u0103ri au adoptat \u00een&hellip; Read more\" \/>\n<meta property=\"og:url\" content=\"https:\/\/shrimataji.org\/test\/ro\/un-womens-conference\/\" \/>\n<meta property=\"og:site_name\" content=\"TEST - SMND\" \/>\n<meta property=\"article:publisher\" content=\"https:\/\/www.facebook.com\/shrimataji\" \/>\n<meta property=\"article:modified_time\" content=\"2025-06-01T13:43:41+00:00\" \/>\n<meta property=\"og:image\" content=\"https:\/\/shrimataji.org\/test\/wp-content\/uploads\/2018\/07\/media_originals\/images\/headers-general\/shri-mataji-speaking-at-the-un-womens-conference-in-beijing-1995.jpg\" \/>\n\t<meta property=\"og:image:width\" content=\"990\" \/>\n\t<meta property=\"og:image:height\" content=\"350\" \/>\n\t<meta property=\"og:image:type\" content=\"image\/jpeg\" \/>\n<meta name=\"twitter:card\" content=\"summary_large_image\" \/>\n<meta name=\"twitter:site\" content=\"@shrimataji\" \/>\n<meta name=\"twitter:label1\" content=\"Est. reading time\" \/>\n\t<meta name=\"twitter:data1\" content=\"3 minutes\" \/>\n<script type=\"application\/ld+json\" class=\"yoast-schema-graph\">{\"@context\":\"https:\\\/\\\/schema.org\",\"@graph\":[{\"@type\":\"WebPage\",\"@id\":\"https:\\\/\\\/shrimataji.org\\\/test\\\/ro\\\/un-womens-conference\\\/\",\"url\":\"https:\\\/\\\/shrimataji.org\\\/test\\\/ro\\\/un-womens-conference\\\/\",\"name\":\"A 4-a Conferin\u021b\u0103 Mondial\u0103 a ONU pentru femei - TEST - SMND\",\"isPartOf\":{\"@id\":\"https:\\\/\\\/shrimataji.org\\\/test\\\/#website\"},\"primaryImageOfPage\":{\"@id\":\"https:\\\/\\\/shrimataji.org\\\/test\\\/ro\\\/un-womens-conference\\\/#primaryimage\"},\"image\":{\"@id\":\"https:\\\/\\\/shrimataji.org\\\/test\\\/ro\\\/un-womens-conference\\\/#primaryimage\"},\"thumbnailUrl\":\"https:\\\/\\\/shrimataji.org\\\/test\\\/wp-content\\\/uploads\\\/2018\\\/07\\\/media_originals\\\/images\\\/headers-general\\\/shri-mataji-speaking-at-the-un-womens-conference-in-beijing-1995.jpg\",\"datePublished\":\"2012-10-02T02:00:00+00:00\",\"dateModified\":\"2025-06-01T13:43:41+00:00\",\"breadcrumb\":{\"@id\":\"https:\\\/\\\/shrimataji.org\\\/test\\\/ro\\\/un-womens-conference\\\/#breadcrumb\"},\"inLanguage\":\"en-US\",\"potentialAction\":[{\"@type\":\"ReadAction\",\"target\":[\"https:\\\/\\\/shrimataji.org\\\/test\\\/ro\\\/un-womens-conference\\\/\"]}]},{\"@type\":\"ImageObject\",\"inLanguage\":\"en-US\",\"@id\":\"https:\\\/\\\/shrimataji.org\\\/test\\\/ro\\\/un-womens-conference\\\/#primaryimage\",\"url\":\"https:\\\/\\\/shrimataji.org\\\/test\\\/wp-content\\\/uploads\\\/2018\\\/07\\\/media_originals\\\/images\\\/headers-general\\\/shri-mataji-speaking-at-the-un-womens-conference-in-beijing-1995.jpg\",\"contentUrl\":\"https:\\\/\\\/shrimataji.org\\\/test\\\/wp-content\\\/uploads\\\/2018\\\/07\\\/media_originals\\\/images\\\/headers-general\\\/shri-mataji-speaking-at-the-un-womens-conference-in-beijing-1995.jpg\",\"width\":990,\"height\":350},{\"@type\":\"BreadcrumbList\",\"@id\":\"https:\\\/\\\/shrimataji.org\\\/test\\\/ro\\\/un-womens-conference\\\/#breadcrumb\",\"itemListElement\":[{\"@type\":\"ListItem\",\"position\":1,\"name\":\"Home\",\"item\":\"https:\\\/\\\/shrimataji.org\\\/test\\\/uk\\\/home-en\\\/\"},{\"@type\":\"ListItem\",\"position\":2,\"name\":\"A 4-a Conferin\u021b\u0103 Mondial\u0103 a ONU pentru femei\"}]},{\"@type\":\"WebSite\",\"@id\":\"https:\\\/\\\/shrimataji.org\\\/test\\\/#website\",\"url\":\"https:\\\/\\\/shrimataji.org\\\/test\\\/\",\"name\":\"Shri Mataji Nirmala Devi\",\"description\":\"A Life Dedicated to Humanity\",\"publisher\":{\"@id\":\"https:\\\/\\\/shrimataji.org\\\/test\\\/#\\\/schema\\\/person\\\/a1b3419c6585f164aa96da1ff85715d1\"},\"potentialAction\":[{\"@type\":\"SearchAction\",\"target\":{\"@type\":\"EntryPoint\",\"urlTemplate\":\"https:\\\/\\\/shrimataji.org\\\/test\\\/?s={search_term_string}\"},\"query-input\":{\"@type\":\"PropertyValueSpecification\",\"valueRequired\":true,\"valueName\":\"search_term_string\"}}],\"inLanguage\":\"en-US\"},{\"@type\":[\"Person\",\"Organization\"],\"@id\":\"https:\\\/\\\/shrimataji.org\\\/test\\\/#\\\/schema\\\/person\\\/a1b3419c6585f164aa96da1ff85715d1\",\"name\":\"Nirmala Shrivastava\",\"image\":{\"@type\":\"ImageObject\",\"inLanguage\":\"en-US\",\"@id\":\"https:\\\/\\\/shrimataji.org\\\/test\\\/wp-content\\\/uploads\\\/2023\\\/02\\\/SMO_LOGO-03.svg\",\"url\":\"https:\\\/\\\/shrimataji.org\\\/test\\\/wp-content\\\/uploads\\\/2023\\\/02\\\/SMO_LOGO-03.svg\",\"contentUrl\":\"https:\\\/\\\/shrimataji.org\\\/test\\\/wp-content\\\/uploads\\\/2023\\\/02\\\/SMO_LOGO-03.svg\",\"width\":\"1024\",\"height\":\"1024\",\"caption\":\"Nirmala Shrivastava\"},\"logo\":{\"@id\":\"https:\\\/\\\/shrimataji.org\\\/test\\\/wp-content\\\/uploads\\\/2023\\\/02\\\/SMO_LOGO-03.svg\"},\"sameAs\":[\"https:\\\/\\\/shrimataji.org\\\/test\",\"https:\\\/\\\/www.facebook.com\\\/shrimataji\",\"https:\\\/\\\/x.com\\\/shrimataji\",\"https:\\\/\\\/www.youtube.com\\\/@Shri_Mataji_Nirmala_Devi\\\/featured\"]}]}<\/script>\n<!-- \/ Yoast SEO plugin. -->","yoast_head_json":{"title":"A 4-a Conferin\u021b\u0103 Mondial\u0103 a ONU pentru femei - TEST - SMND","robots":{"index":"noindex","follow":"follow","max-snippet":"max-snippet:-1","max-image-preview":"max-image-preview:large","max-video-preview":"max-video-preview:-1"},"og_locale":"en_US","og_type":"article","og_title":"A 4-a Conferin\u021b\u0103 Mondial\u0103 a ONU pentru femei - TEST - SMND","og_description":"A 4-a Conferin\u021b\u0103 Mondial\u0103 a ONU pentru femei Masa rotund\u0103 Inter-regional\u0103 de la Beijing din septembrie 1995 &#8211; extras A patra conferin\u021b\u0103 mondial\u0103 de la Beijing, China, din septembrie 1995, a fost punctul culminant al acordurilor politice al celor trei conferin\u021be globale anterioare privind femeile \u0219i egalitatea de gen. 189 de \u021b\u0103ri au adoptat \u00een&hellip; Read more","og_url":"https:\/\/shrimataji.org\/test\/ro\/un-womens-conference\/","og_site_name":"TEST - SMND","article_publisher":"https:\/\/www.facebook.com\/shrimataji","article_modified_time":"2025-06-01T13:43:41+00:00","og_image":[{"width":990,"height":350,"url":"https:\/\/shrimataji.org\/test\/wp-content\/uploads\/2018\/07\/media_originals\/images\/headers-general\/shri-mataji-speaking-at-the-un-womens-conference-in-beijing-1995.jpg","type":"image\/jpeg"}],"twitter_card":"summary_large_image","twitter_site":"@shrimataji","twitter_misc":{"Est. reading time":"3 minutes"},"schema":{"@context":"https:\/\/schema.org","@graph":[{"@type":"WebPage","@id":"https:\/\/shrimataji.org\/test\/ro\/un-womens-conference\/","url":"https:\/\/shrimataji.org\/test\/ro\/un-womens-conference\/","name":"A 4-a Conferin\u021b\u0103 Mondial\u0103 a ONU pentru femei - TEST - SMND","isPartOf":{"@id":"https:\/\/shrimataji.org\/test\/#website"},"primaryImageOfPage":{"@id":"https:\/\/shrimataji.org\/test\/ro\/un-womens-conference\/#primaryimage"},"image":{"@id":"https:\/\/shrimataji.org\/test\/ro\/un-womens-conference\/#primaryimage"},"thumbnailUrl":"https:\/\/shrimataji.org\/test\/wp-content\/uploads\/2018\/07\/media_originals\/images\/headers-general\/shri-mataji-speaking-at-the-un-womens-conference-in-beijing-1995.jpg","datePublished":"2012-10-02T02:00:00+00:00","dateModified":"2025-06-01T13:43:41+00:00","breadcrumb":{"@id":"https:\/\/shrimataji.org\/test\/ro\/un-womens-conference\/#breadcrumb"},"inLanguage":"en-US","potentialAction":[{"@type":"ReadAction","target":["https:\/\/shrimataji.org\/test\/ro\/un-womens-conference\/"]}]},{"@type":"ImageObject","inLanguage":"en-US","@id":"https:\/\/shrimataji.org\/test\/ro\/un-womens-conference\/#primaryimage","url":"https:\/\/shrimataji.org\/test\/wp-content\/uploads\/2018\/07\/media_originals\/images\/headers-general\/shri-mataji-speaking-at-the-un-womens-conference-in-beijing-1995.jpg","contentUrl":"https:\/\/shrimataji.org\/test\/wp-content\/uploads\/2018\/07\/media_originals\/images\/headers-general\/shri-mataji-speaking-at-the-un-womens-conference-in-beijing-1995.jpg","width":990,"height":350},{"@type":"BreadcrumbList","@id":"https:\/\/shrimataji.org\/test\/ro\/un-womens-conference\/#breadcrumb","itemListElement":[{"@type":"ListItem","position":1,"name":"Home","item":"https:\/\/shrimataji.org\/test\/uk\/home-en\/"},{"@type":"ListItem","position":2,"name":"A 4-a Conferin\u021b\u0103 Mondial\u0103 a ONU pentru femei"}]},{"@type":"WebSite","@id":"https:\/\/shrimataji.org\/test\/#website","url":"https:\/\/shrimataji.org\/test\/","name":"Shri Mataji Nirmala Devi","description":"A Life Dedicated to Humanity","publisher":{"@id":"https:\/\/shrimataji.org\/test\/#\/schema\/person\/a1b3419c6585f164aa96da1ff85715d1"},"potentialAction":[{"@type":"SearchAction","target":{"@type":"EntryPoint","urlTemplate":"https:\/\/shrimataji.org\/test\/?s={search_term_string}"},"query-input":{"@type":"PropertyValueSpecification","valueRequired":true,"valueName":"search_term_string"}}],"inLanguage":"en-US"},{"@type":["Person","Organization"],"@id":"https:\/\/shrimataji.org\/test\/#\/schema\/person\/a1b3419c6585f164aa96da1ff85715d1","name":"Nirmala Shrivastava","image":{"@type":"ImageObject","inLanguage":"en-US","@id":"https:\/\/shrimataji.org\/test\/wp-content\/uploads\/2023\/02\/SMO_LOGO-03.svg","url":"https:\/\/shrimataji.org\/test\/wp-content\/uploads\/2023\/02\/SMO_LOGO-03.svg","contentUrl":"https:\/\/shrimataji.org\/test\/wp-content\/uploads\/2023\/02\/SMO_LOGO-03.svg","width":"1024","height":"1024","caption":"Nirmala Shrivastava"},"logo":{"@id":"https:\/\/shrimataji.org\/test\/wp-content\/uploads\/2023\/02\/SMO_LOGO-03.svg"},"sameAs":["https:\/\/shrimataji.org\/test","https:\/\/www.facebook.com\/shrimataji","https:\/\/x.com\/shrimataji","https:\/\/www.youtube.com\/@Shri_Mataji_Nirmala_Devi\/featured"]}]}},"lang":"ro","translations":{"ro":14573,"ur":37528,"en":427,"am":18103,"th":20101,"hu":19599,"ar":16999,"sq":18504,"zh":17401,"tr":10227,"pt":10434,"de":10709,"fr":10807,"it":10905,"es":11001,"ja":11299,"ru":11487,"bn":11679,"te":11787,"sw":11910,"he":12058,"el":12350,"sk":12448,"fa":12546,"fi":12644,"bg":13498,"cs":14766,"nl":16663,"ku":16823,"be":18711,"kn":18985,"mr":20465,"uk":20758,"ml":21053,"ta":22822,"sv":23091,"gu":28926,"pa":29086,"fil":29540,"da":37835,"pl":38045,"nn":38387},"pll_sync_post":[],"_links":{"self":[{"href":"https:\/\/shrimataji.org\/test\/wp-json\/wp\/v2\/pages\/14573","targetHints":{"allow":["GET"]}}],"collection":[{"href":"https:\/\/shrimataji.org\/test\/wp-json\/wp\/v2\/pages"}],"about":[{"href":"https:\/\/shrimataji.org\/test\/wp-json\/wp\/v2\/types\/page"}],"author":[{"embeddable":true,"href":"https:\/\/shrimataji.org\/test\/wp-json\/wp\/v2\/users\/1"}],"replies":[{"embeddable":true,"href":"https:\/\/shrimataji.org\/test\/wp-json\/wp\/v2\/comments?post=14573"}],"version-history":[{"count":0,"href":"https:\/\/shrimataji.org\/test\/wp-json\/wp\/v2\/pages\/14573\/revisions"}],"wp:featuredmedia":[{"embeddable":true,"href":"https:\/\/shrimataji.org\/test\/wp-json\/wp\/v2\/media\/14574"}],"wp:attachment":[{"href":"https:\/\/shrimataji.org\/test\/wp-json\/wp\/v2\/media?parent=14573"}],"curies":[{"name":"wp","href":"https:\/\/api.w.org\/{rel}","templated":true}]}}