{"id":14579,"date":"2011-12-05T02:00:00","date_gmt":"2011-12-05T02:00:00","guid":{"rendered":"http:\/\/testwordpress.nirmalnagari.org\/smnd\/index.php\/a-town-hall-for-the-world\/"},"modified":"2025-06-01T13:27:27","modified_gmt":"2025-06-01T13:27:27","slug":"a-town-hall-for-the-world","status":"publish","type":"page","link":"https:\/\/shrimataji.org\/test\/ro\/a-town-hall-for-the-world\/","title":{"rendered":"Un centru pentru \u00eentreaga lume"},"content":{"rendered":"\n\n\t<h1>O prim\u0103rie pentru \u00eentreaga lume<\/h1>\n<h2>Locul unde se \u00eent\u00e2lnesc inimile<\/h2>\n\t\t\t\t<img decoding=\"async\" src=\"https:\/\/shrimataji.org\/test\/wp-content\/uploads\/2018\/07\/media_originals\/images\/geographic-locations\/caxton-hall-london-uk.jpg\" alt=\"\u0c15\u0c3e\u0c15\u0c4d\u0c38\u0c4d\u0c1f\u0c28\u0c4d \u0c39\u0c3e\u0c32\u0c4d\" itemprop=\"image\" height=\"2000\" width=\"1500\" title=\"caxton-hall-london-uk\" onerror=\"this.style.display='none'\" loading='lazy' \/>\n\t\t\u0c15\u0c3e\u0c15\u0c4d\u0c38\u0c4d\u0c1f\u0c28\u0c4d \u0c39\u0c3e\u0c32\u0c4d\n\t<p>Caxton Hall se afl\u0103 \u00een zona Westminster, din centrul Londrei. A fost construit\u0103 la mijlocul secolului al XIX-lea \u0219i numit\u0103 a\u0219a \u00een onoarea lui William Caxton, care a \u00eenfiin\u021bat prima tiparni\u021b\u0103 din Anglia, o inova\u021bie care a revolu\u021bionat accesul la cunoa\u0219tere. Cl\u0103direa are o lung\u0103 istorie, fiind locul \u00een care au fost \u00eemp\u0103rt\u0103\u0219ite \u0219i explorate idei noi \u0219i \u00eendr\u0103zne\u021be.<\/p>\n<p>Ini\u021bial, Caxton Hall a fost un edificiu al guvernului &#8211; o prim\u0103rie. Cu toate acestea, de-a lungul anilor a avut un dublu rol. Aici au avut loc ceremonii civile \u0219i c\u0103s\u0103torii  celebre, dar \u0219i proteste zgomotoase, mitinguri, peti\u021bii \u0219i apeluri pentru reform\u0103 social\u0103 \u0219i activism politic. De la u\u0219ile Caxton Hall s-au rev\u0103rsat pe scena lumii multe idei \u0219i mi\u0219c\u0103ri m\u0103re\u021be ale secolului al XX-lea. Apeluri ale mi\u0219c\u0103rii pentru dreptul femeilor la vot, ale socialismului \u0219i ale primei conferin\u021be Pan-africane care se ocupa de consecin\u021bele sclaviei, sunt doar c\u00e2teva exemple din ceea ce a avut loc aici.<\/p>\n\t<p>Este a\u0219adar interesant c\u0103 aceasta a fost sala pe care a ales-o Shri Mataji Nirmala Devi, c\u00e2nd \u00een 1977 a decis s\u0103-\u0219i prezinte mesajul \u00een spa\u021biul public. \u00centre anii 1977 \u0219i 1983, Shri Mataji a sus\u021binut aici aproape o sut\u0103 de programe, care au adus o transformare semnificativ\u0103 \u00een via\u021ba unui public tot mai larg. Cuvintele Sale erau destinate tuturor. Invita\u021bia era deschis\u0103 oricui. Intrarea era liber\u0103.<\/p>\n\t<p>Marele poet bengalez \u0219i c\u00e2\u0219tig\u0103tor al Premiului Nobel, Rabindranath Tagore, sus\u021binuse aici o serie de prelegeri de succes \u00een vara anului 1913. Prelegerile aveau titluri precum \u201eRela\u021bia individului cu universul&#8221;, \u201eCon\u0219tiin\u021ba sufletului&#8221;, \u201e Realizarea \u00een iubire&#8221; \u0219i \u201eProblema Sinelui&#8221;. Acestea erau \u0219i temele pe care Shri Mataji le-a abordat direct, aproximativ \u0219aptezeci de ani mai t\u00e2rziu. \u0218i Ea, la fel ca predecesorul s\u0103u, a dorit s\u0103 \u00eemp\u0103rt\u0103\u0219easc\u0103 o cunoa\u0219tere oriental\u0103 str\u0103veche unui public occidental \u0219i s\u0103 conduc\u0103 oamenii \u00eentr-o c\u0103l\u0103torie \u00een propriul interior.<\/p>\n<h5>\u201e\u00cen interiorul nostru avem acel loc \u00een care spa\u021biul \u0219i timpul \u00eenceteaz\u0103 s\u0103 mai guverneze \u0219i unde elementele evolu\u021biei se contopesc \u00een unitate.&#8221;<\/h5>\n<h5>Rabindranath Tagore<\/h5>\n\t\t\t\t<img decoding=\"async\" src=\"https:\/\/shrimataji.org\/test\/wp-content\/uploads\/2018\/07\/media_originals\/images\/people\/ravindranath-tagore-c1915-223x300.jpg\" alt=\"\u0d30\u0d2c\u0d40\u0d28\u0d4d\u0d26\u0d4d\u0d30\u0d28\u0d3e\u0d25 \u0d1f\u0d3e\u0d17\u0d4b\u0d7c \" itemprop=\"image\" height=\"300\" width=\"223\" title=\"ravindranath-tagore-c1915\" onerror=\"this.style.display='none'\" loading='lazy' \/>\n\t\t\u0d30\u0d2c\u0d40\u0d28\u0d4d\u0d26\u0d4d\u0d30\u0d28\u0d3e\u0d25 \u0d1f\u0d3e\u0d17\u0d4b\u0d7c \n\t<p>Cu toate acestea, \u00een cazul lui Shri Mataji, scopul prelegerilor Sale nu a fost doar s\u0103 exploreze o idee nou\u0103, ci \u0219i s\u0103 pun\u0103 \u00een practic\u0103 acea idee. Prelegerile Ei au venit \u00eentotdeauna cu un bonus suplimentar. La sf\u00e2r\u0219itul serii, Shri Mataji oferea mereu oamenilor experien\u021ba Realiz\u0103rii Sinelui. C\u0103l\u0103uzindu-i \u00een lini\u0219tea unei medita\u021bii profunde, celor din sal\u0103 li se oferea ocazia s\u0103-\u0219i simt\u0103 propria profunzime. \u201eRealizarea lui Brahma&#8221; a lui Tagore devenise \u201eExperien\u021ba adev\u0103ratului Sine&#8221; a lui Shri Mataji.<\/p>\n\t<p>Din nou, de pe treptele de la Caxton Hall fusese lansat\u0103 o mi\u0219care revolu\u021bionar\u0103. A fost f\u0103cut un pas fundamental \u00een capacitatea omului de a se \u00een\u0103l\u021ba \u00een plan spiritual \u0219i mul\u021bi au sim\u021bit o schimbare profund\u0103 \u00een ei \u00een\u0219i\u0219i \u0219i o schimbare \u00een viziunea lor asupra lumii.<\/p>\n\t<p><img loading=\"lazy\" decoding=\"async\" src=\"https:\/\/shrimataji.org\/test\/wp-content\/uploads\/2018\/07\/media_originals\/images\/shri-mataji-with-people\/shri-mataji-nirmala-devi-clearing-technique-in-england-1024x672.jpg\" alt=\"\" width=\"1024\" height=\"672\" \/><\/p>\n\t<p>Timp de \u0219ase ani, Shri Mataji a vorbit la Caxton Hall oamenilor din toate categoriile sociale. \u0218i-a f\u0103cut timp pentru toate preocup\u0103rile lor. Ea a abordat acele \u00eentreb\u0103ri fundamentale; \u201eDe ce suntem aici?&#8221;, \u201eCare este scopul vie\u021bii noastre?&#8221;, De ce ne-a creat Dumnezeu?&#8221;,  \u201eExist\u0103 un Dumnezeu?&#8221;. La final, to\u021bi erau invita\u021bi s\u0103 se conecteze cu adev\u0103ratul lor sine.<\/p>\n<p>Astfel, Shri Mataji a ini\u021biat \u00een Occident un adev\u0103rat minister public. Aici, \u00een Caxton Hall, toat\u0103 lumea era binevenit\u0103, \u0219i darul cel mai valoros era oferit \u00een mod gratuit. Mul\u021bi dintre cei care \u0219i-au primit Realizarea Sinelui au r\u0103mas al\u0103turi de Ea \u0219i i-au sus\u021binut eforturile de a ajunge la c\u00e2t mai mul\u021bi oameni care c\u0103utau adev\u0103rul.<\/p>\n\t<p>\u00cen 1980, Shri Mataji spunea: \u201eC\u0103utarea (adev\u0103rului) este febril\u0103 \u0219i multe ,,magazine&#8217; s-au deschis (oameni care promit adev\u0103rul). Acesta nu este un magazin. Acesta este un templu, dar un templu din pia\u021b\u0103 are o valoare foarte mic\u0103. Dac\u0103 trebuie s\u0103 urci \u0219apte mun\u021bi pentru a merge la un templu, el are mult mai mult\u0103 valoare. \u00cens\u0103 doar c\u00e2\u021biva oameni pot ajunge acolo vii. De aceea, templul a trebuit s\u0103 coboare \u00een Londra, la Caxton Hall, ca s\u0103 vorbeasc\u0103 oamenilor&#8221;. <\/p>\n<p>Shri Mataji i-a primit \u0219i i-a \u00eembr\u0103\u021bi\u0219at pe to\u021bi cu darul  Realiz\u0103rii Sinelui.<\/p>\n<p>\u00cen cuvintele lui, Tagore spunea: \u201efunc\u021bia \u00eenalt\u0103 a iubirii este aceea de a \u00eent\u00e2mpina toate limit\u0103rile \u0219i de a le dep\u0103\u0219i&#8221;, iar dragostea lui Shri Mataji \u0219i darul iubirii Sale au dep\u0103\u0219it toate obstacolele pentru a ilumina inima \u0219i lumea \u00eentreag\u0103.<\/p>\n<div class=\"su-quote su-quote-style-default\"><div class=\"su-quote-inner su-u-clearfix su-u-trim\">Adev\u0103rul este ceea ce este. Nu-l putem schimba. Nu-l putem transforma. Nu-l putem conceptualiza.<\/div><\/div>\n\t\t\t\t<img decoding=\"async\" src=\"https:\/\/shrimataji.org\/test\/wp-content\/uploads\/2018\/07\/media_originals\/images\/shri-mataji-with-people\/shri-mataji-nirmala-devi-bath-england-1977-759x1024.jpg\" alt=\"shri-mataji-nirmala-devi-bath-england-1977\" itemprop=\"image\" height=\"1024\" width=\"759\" title=\"shri-mataji-nirmala-devi-bath-england-1977\" onerror=\"this.style.display='none'\" loading='lazy' \/>\n\n","protected":false},"excerpt":{"rendered":"<p>O prim\u0103rie pentru \u00eentreaga lume Locul unde se \u00eent\u00e2lnesc inimile \u0c15\u0c3e\u0c15\u0c4d\u0c38\u0c4d\u0c1f\u0c28\u0c4d \u0c39\u0c3e\u0c32\u0c4d Caxton Hall se afl\u0103 \u00een zona Westminster, din centrul Londrei. A fost construit\u0103 la mijlocul secolului al XIX-lea \u0219i numit\u0103 a\u0219a \u00een onoarea lui William Caxton, care a \u00eenfiin\u021bat prima tiparni\u021b\u0103 din Anglia, o inova\u021bie care a revolu\u021bionat accesul la cunoa\u0219tere. Cl\u0103direa are&hellip; <br \/> <a class=\"read-more\" href=\"https:\/\/shrimataji.org\/test\/ro\/a-town-hall-for-the-world\/\">Read more<\/a><\/p>\n","protected":false},"author":1,"featured_media":14580,"parent":0,"menu_order":0,"comment_status":"closed","ping_status":"closed","template":"","meta":{"inline_featured_image":false,"footnotes":""},"class_list":["post-14579","page","type-page","status-publish","has-post-thumbnail","hentry"],"yoast_head":"<!-- This site is optimized with the Yoast SEO plugin v27.4 - https:\/\/yoast.com\/product\/yoast-seo-wordpress\/ -->\n<title>Un centru pentru \u00eentreaga lume - TEST - SMND<\/title>\n<meta name=\"robots\" content=\"noindex, follow, max-snippet:-1, max-image-preview:large, max-video-preview:-1\" \/>\n<meta property=\"og:locale\" content=\"en_US\" \/>\n<meta property=\"og:type\" content=\"article\" \/>\n<meta property=\"og:title\" content=\"Un centru pentru \u00eentreaga lume - TEST - SMND\" \/>\n<meta property=\"og:description\" content=\"O prim\u0103rie pentru \u00eentreaga lume Locul unde se \u00eent\u00e2lnesc inimile \u0c15\u0c3e\u0c15\u0c4d\u0c38\u0c4d\u0c1f\u0c28\u0c4d \u0c39\u0c3e\u0c32\u0c4d Caxton Hall se afl\u0103 \u00een zona Westminster, din centrul Londrei. A fost construit\u0103 la mijlocul secolului al XIX-lea \u0219i numit\u0103 a\u0219a \u00een onoarea lui William Caxton, care a \u00eenfiin\u021bat prima tiparni\u021b\u0103 din Anglia, o inova\u021bie care a revolu\u021bionat accesul la cunoa\u0219tere. Cl\u0103direa are&hellip; Read more\" \/>\n<meta property=\"og:url\" content=\"https:\/\/shrimataji.org\/test\/ro\/a-town-hall-for-the-world\/\" \/>\n<meta property=\"og:site_name\" content=\"TEST - SMND\" \/>\n<meta property=\"article:publisher\" content=\"https:\/\/www.facebook.com\/shrimataji\" \/>\n<meta property=\"article:modified_time\" content=\"2025-06-01T13:27:27+00:00\" \/>\n<meta property=\"og:image\" content=\"https:\/\/shrimataji.org\/test\/wp-content\/uploads\/2023\/03\/12_Banner-PublicLife-Hall-scaled.jpg\" \/>\n\t<meta property=\"og:image:width\" content=\"2560\" \/>\n\t<meta property=\"og:image:height\" content=\"905\" \/>\n\t<meta property=\"og:image:type\" content=\"image\/jpeg\" \/>\n<meta name=\"twitter:card\" content=\"summary_large_image\" \/>\n<meta name=\"twitter:site\" content=\"@shrimataji\" \/>\n<meta name=\"twitter:label1\" content=\"Est. reading time\" \/>\n\t<meta name=\"twitter:data1\" content=\"5 minutes\" \/>\n<script type=\"application\/ld+json\" class=\"yoast-schema-graph\">{\"@context\":\"https:\\\/\\\/schema.org\",\"@graph\":[{\"@type\":\"WebPage\",\"@id\":\"https:\\\/\\\/shrimataji.org\\\/test\\\/ro\\\/a-town-hall-for-the-world\\\/\",\"url\":\"https:\\\/\\\/shrimataji.org\\\/test\\\/ro\\\/a-town-hall-for-the-world\\\/\",\"name\":\"Un centru pentru \u00eentreaga lume - TEST - SMND\",\"isPartOf\":{\"@id\":\"https:\\\/\\\/shrimataji.org\\\/test\\\/#website\"},\"primaryImageOfPage\":{\"@id\":\"https:\\\/\\\/shrimataji.org\\\/test\\\/ro\\\/a-town-hall-for-the-world\\\/#primaryimage\"},\"image\":{\"@id\":\"https:\\\/\\\/shrimataji.org\\\/test\\\/ro\\\/a-town-hall-for-the-world\\\/#primaryimage\"},\"thumbnailUrl\":\"https:\\\/\\\/shrimataji.org\\\/test\\\/wp-content\\\/uploads\\\/2023\\\/03\\\/12_Banner-PublicLife-Hall-scaled.jpg\",\"datePublished\":\"2011-12-05T02:00:00+00:00\",\"dateModified\":\"2025-06-01T13:27:27+00:00\",\"breadcrumb\":{\"@id\":\"https:\\\/\\\/shrimataji.org\\\/test\\\/ro\\\/a-town-hall-for-the-world\\\/#breadcrumb\"},\"inLanguage\":\"en-US\",\"potentialAction\":[{\"@type\":\"ReadAction\",\"target\":[\"https:\\\/\\\/shrimataji.org\\\/test\\\/ro\\\/a-town-hall-for-the-world\\\/\"]}]},{\"@type\":\"ImageObject\",\"inLanguage\":\"en-US\",\"@id\":\"https:\\\/\\\/shrimataji.org\\\/test\\\/ro\\\/a-town-hall-for-the-world\\\/#primaryimage\",\"url\":\"https:\\\/\\\/shrimataji.org\\\/test\\\/wp-content\\\/uploads\\\/2023\\\/03\\\/12_Banner-PublicLife-Hall-scaled.jpg\",\"contentUrl\":\"https:\\\/\\\/shrimataji.org\\\/test\\\/wp-content\\\/uploads\\\/2023\\\/03\\\/12_Banner-PublicLife-Hall-scaled.jpg\",\"width\":2560,\"height\":905},{\"@type\":\"BreadcrumbList\",\"@id\":\"https:\\\/\\\/shrimataji.org\\\/test\\\/ro\\\/a-town-hall-for-the-world\\\/#breadcrumb\",\"itemListElement\":[{\"@type\":\"ListItem\",\"position\":1,\"name\":\"Home\",\"item\":\"https:\\\/\\\/shrimataji.org\\\/test\\\/uk\\\/home-en\\\/\"},{\"@type\":\"ListItem\",\"position\":2,\"name\":\"Un centru pentru \u00eentreaga lume\"}]},{\"@type\":\"WebSite\",\"@id\":\"https:\\\/\\\/shrimataji.org\\\/test\\\/#website\",\"url\":\"https:\\\/\\\/shrimataji.org\\\/test\\\/\",\"name\":\"Shri Mataji Nirmala Devi\",\"description\":\"A Life Dedicated to Humanity\",\"publisher\":{\"@id\":\"https:\\\/\\\/shrimataji.org\\\/test\\\/#\\\/schema\\\/person\\\/a1b3419c6585f164aa96da1ff85715d1\"},\"potentialAction\":[{\"@type\":\"SearchAction\",\"target\":{\"@type\":\"EntryPoint\",\"urlTemplate\":\"https:\\\/\\\/shrimataji.org\\\/test\\\/?s={search_term_string}\"},\"query-input\":{\"@type\":\"PropertyValueSpecification\",\"valueRequired\":true,\"valueName\":\"search_term_string\"}}],\"inLanguage\":\"en-US\"},{\"@type\":[\"Person\",\"Organization\"],\"@id\":\"https:\\\/\\\/shrimataji.org\\\/test\\\/#\\\/schema\\\/person\\\/a1b3419c6585f164aa96da1ff85715d1\",\"name\":\"Nirmala Shrivastava\",\"image\":{\"@type\":\"ImageObject\",\"inLanguage\":\"en-US\",\"@id\":\"https:\\\/\\\/shrimataji.org\\\/test\\\/wp-content\\\/uploads\\\/2023\\\/02\\\/SMO_LOGO-03.svg\",\"url\":\"https:\\\/\\\/shrimataji.org\\\/test\\\/wp-content\\\/uploads\\\/2023\\\/02\\\/SMO_LOGO-03.svg\",\"contentUrl\":\"https:\\\/\\\/shrimataji.org\\\/test\\\/wp-content\\\/uploads\\\/2023\\\/02\\\/SMO_LOGO-03.svg\",\"width\":\"1024\",\"height\":\"1024\",\"caption\":\"Nirmala Shrivastava\"},\"logo\":{\"@id\":\"https:\\\/\\\/shrimataji.org\\\/test\\\/wp-content\\\/uploads\\\/2023\\\/02\\\/SMO_LOGO-03.svg\"},\"sameAs\":[\"https:\\\/\\\/shrimataji.org\\\/test\",\"https:\\\/\\\/www.facebook.com\\\/shrimataji\",\"https:\\\/\\\/x.com\\\/shrimataji\",\"https:\\\/\\\/www.youtube.com\\\/@Shri_Mataji_Nirmala_Devi\\\/featured\"]}]}<\/script>\n<!-- \/ Yoast SEO plugin. -->","yoast_head_json":{"title":"Un centru pentru \u00eentreaga lume - TEST - SMND","robots":{"index":"noindex","follow":"follow","max-snippet":"max-snippet:-1","max-image-preview":"max-image-preview:large","max-video-preview":"max-video-preview:-1"},"og_locale":"en_US","og_type":"article","og_title":"Un centru pentru \u00eentreaga lume - TEST - SMND","og_description":"O prim\u0103rie pentru \u00eentreaga lume Locul unde se \u00eent\u00e2lnesc inimile \u0c15\u0c3e\u0c15\u0c4d\u0c38\u0c4d\u0c1f\u0c28\u0c4d \u0c39\u0c3e\u0c32\u0c4d Caxton Hall se afl\u0103 \u00een zona Westminster, din centrul Londrei. A fost construit\u0103 la mijlocul secolului al XIX-lea \u0219i numit\u0103 a\u0219a \u00een onoarea lui William Caxton, care a \u00eenfiin\u021bat prima tiparni\u021b\u0103 din Anglia, o inova\u021bie care a revolu\u021bionat accesul la cunoa\u0219tere. Cl\u0103direa are&hellip; Read more","og_url":"https:\/\/shrimataji.org\/test\/ro\/a-town-hall-for-the-world\/","og_site_name":"TEST - SMND","article_publisher":"https:\/\/www.facebook.com\/shrimataji","article_modified_time":"2025-06-01T13:27:27+00:00","og_image":[{"width":2560,"height":905,"url":"https:\/\/shrimataji.org\/test\/wp-content\/uploads\/2023\/03\/12_Banner-PublicLife-Hall-scaled.jpg","type":"image\/jpeg"}],"twitter_card":"summary_large_image","twitter_site":"@shrimataji","twitter_misc":{"Est. reading time":"5 minutes"},"schema":{"@context":"https:\/\/schema.org","@graph":[{"@type":"WebPage","@id":"https:\/\/shrimataji.org\/test\/ro\/a-town-hall-for-the-world\/","url":"https:\/\/shrimataji.org\/test\/ro\/a-town-hall-for-the-world\/","name":"Un centru pentru \u00eentreaga lume - TEST - SMND","isPartOf":{"@id":"https:\/\/shrimataji.org\/test\/#website"},"primaryImageOfPage":{"@id":"https:\/\/shrimataji.org\/test\/ro\/a-town-hall-for-the-world\/#primaryimage"},"image":{"@id":"https:\/\/shrimataji.org\/test\/ro\/a-town-hall-for-the-world\/#primaryimage"},"thumbnailUrl":"https:\/\/shrimataji.org\/test\/wp-content\/uploads\/2023\/03\/12_Banner-PublicLife-Hall-scaled.jpg","datePublished":"2011-12-05T02:00:00+00:00","dateModified":"2025-06-01T13:27:27+00:00","breadcrumb":{"@id":"https:\/\/shrimataji.org\/test\/ro\/a-town-hall-for-the-world\/#breadcrumb"},"inLanguage":"en-US","potentialAction":[{"@type":"ReadAction","target":["https:\/\/shrimataji.org\/test\/ro\/a-town-hall-for-the-world\/"]}]},{"@type":"ImageObject","inLanguage":"en-US","@id":"https:\/\/shrimataji.org\/test\/ro\/a-town-hall-for-the-world\/#primaryimage","url":"https:\/\/shrimataji.org\/test\/wp-content\/uploads\/2023\/03\/12_Banner-PublicLife-Hall-scaled.jpg","contentUrl":"https:\/\/shrimataji.org\/test\/wp-content\/uploads\/2023\/03\/12_Banner-PublicLife-Hall-scaled.jpg","width":2560,"height":905},{"@type":"BreadcrumbList","@id":"https:\/\/shrimataji.org\/test\/ro\/a-town-hall-for-the-world\/#breadcrumb","itemListElement":[{"@type":"ListItem","position":1,"name":"Home","item":"https:\/\/shrimataji.org\/test\/uk\/home-en\/"},{"@type":"ListItem","position":2,"name":"Un centru pentru \u00eentreaga lume"}]},{"@type":"WebSite","@id":"https:\/\/shrimataji.org\/test\/#website","url":"https:\/\/shrimataji.org\/test\/","name":"Shri Mataji Nirmala Devi","description":"A Life Dedicated to Humanity","publisher":{"@id":"https:\/\/shrimataji.org\/test\/#\/schema\/person\/a1b3419c6585f164aa96da1ff85715d1"},"potentialAction":[{"@type":"SearchAction","target":{"@type":"EntryPoint","urlTemplate":"https:\/\/shrimataji.org\/test\/?s={search_term_string}"},"query-input":{"@type":"PropertyValueSpecification","valueRequired":true,"valueName":"search_term_string"}}],"inLanguage":"en-US"},{"@type":["Person","Organization"],"@id":"https:\/\/shrimataji.org\/test\/#\/schema\/person\/a1b3419c6585f164aa96da1ff85715d1","name":"Nirmala Shrivastava","image":{"@type":"ImageObject","inLanguage":"en-US","@id":"https:\/\/shrimataji.org\/test\/wp-content\/uploads\/2023\/02\/SMO_LOGO-03.svg","url":"https:\/\/shrimataji.org\/test\/wp-content\/uploads\/2023\/02\/SMO_LOGO-03.svg","contentUrl":"https:\/\/shrimataji.org\/test\/wp-content\/uploads\/2023\/02\/SMO_LOGO-03.svg","width":"1024","height":"1024","caption":"Nirmala Shrivastava"},"logo":{"@id":"https:\/\/shrimataji.org\/test\/wp-content\/uploads\/2023\/02\/SMO_LOGO-03.svg"},"sameAs":["https:\/\/shrimataji.org\/test","https:\/\/www.facebook.com\/shrimataji","https:\/\/x.com\/shrimataji","https:\/\/www.youtube.com\/@Shri_Mataji_Nirmala_Devi\/featured"]}]}},"lang":"ro","translations":{"ro":14579,"ur":37385,"en":443,"am":17956,"th":19879,"hu":19431,"sq":18357,"zh":17254,"hi":8514,"tr":10130,"pl":10239,"pt":10347,"de":10620,"fr":10718,"it":10816,"es":10914,"ja":11211,"ru":11399,"bn":11591,"te":11699,"sw":11822,"he":11970,"el":12261,"sk":12359,"fa":12457,"fi":12555,"bg":13504,"cs":14772,"nl":16517,"ku":16677,"ar":16853,"be":18564,"kn":18838,"mr":20243,"uk":20535,"ml":20834,"ta":22672,"sv":22945,"gu":28793,"pa":28951,"fil":29391,"da":37699,"nn":38251},"pll_sync_post":[],"_links":{"self":[{"href":"https:\/\/shrimataji.org\/test\/wp-json\/wp\/v2\/pages\/14579","targetHints":{"allow":["GET"]}}],"collection":[{"href":"https:\/\/shrimataji.org\/test\/wp-json\/wp\/v2\/pages"}],"about":[{"href":"https:\/\/shrimataji.org\/test\/wp-json\/wp\/v2\/types\/page"}],"author":[{"embeddable":true,"href":"https:\/\/shrimataji.org\/test\/wp-json\/wp\/v2\/users\/1"}],"replies":[{"embeddable":true,"href":"https:\/\/shrimataji.org\/test\/wp-json\/wp\/v2\/comments?post=14579"}],"version-history":[{"count":0,"href":"https:\/\/shrimataji.org\/test\/wp-json\/wp\/v2\/pages\/14579\/revisions"}],"wp:featuredmedia":[{"embeddable":true,"href":"https:\/\/shrimataji.org\/test\/wp-json\/wp\/v2\/media\/14580"}],"wp:attachment":[{"href":"https:\/\/shrimataji.org\/test\/wp-json\/wp\/v2\/media?parent=14579"}],"curies":[{"name":"wp","href":"https:\/\/api.w.org\/{rel}","templated":true}]}}