{"id":14583,"date":"2011-10-05T02:00:00","date_gmt":"2011-10-05T02:00:00","guid":{"rendered":"http:\/\/testwordpress.nirmalnagari.org\/smnd\/index.php\/uniting-the-nations\/"},"modified":"2025-06-01T13:36:12","modified_gmt":"2025-06-01T13:36:12","slug":"uniting-the-nations","status":"publish","type":"page","link":"https:\/\/shrimataji.org\/test\/ro\/uniting-the-nations\/","title":{"rendered":"Unind na\u021biunile"},"content":{"rendered":"\n<h1>Unind Na\u021biunile<\/h1>\n<h2>Transformarea global\u0103 &#8211; dincolo de grani\u021be<\/h2>\n\t<h4>Publicul era restr\u00e2ns \u00een Auditoriul Dag Hammarskjold. Cincizeci de angaja\u021bi s-au adunat la \u00eenceputul serii \u00een teatrul de dimensiuni medii. O nou\u0103 Asocia\u021bie de Medita\u021bie Sahaja fusese \u00eenfiin\u021bat\u0103 \u0219i recunoscut\u0103 de Na\u021biunile Unite cu doar dou\u0103 zile \u00eenainte, iar acum membrii ei se adunaser\u0103 pentru a-\u0219i asculta vorbitorul principal.<\/h4>\n\t<p>Aceasta era o pauz\u0103 \u00een programul lor, de la \u00eent\u00e2lnirile \u0219i preocup\u0103rile lor globale. A fost o \u0219ans\u0103 de a asculta cuvintele lui Shri Mataji Nirmala Devi, o \u0219ans\u0103 de a privi \u00een interior. Tema a fost iluminarea spiritual\u0103, pacea global\u0103 \u0219i o lume mai bun\u0103. Era 6 iunie 1990. Locul de desf\u0103\u0219urare era sediul ONU din New York.<\/p>\n<p>Poate c\u0103 \u00een acea zi aten\u021bia personalului ONU era legat\u0103 de o promisiune european\u0103 de reducere a armelor din partea Uniunii Sovietice. Sau poate c\u0103 unii acordau asisten\u021b\u0103 unui exod al personalului ONU \u00een urma unui alt r\u0103zboi civil din Liberia.<\/p>\n<p>Lumea p\u0103rea plin\u0103 de tulbur\u0103ri \u0219i schimb\u0103ri. Prima aniversare a demonstra\u021biilor \u0219i masacrului din Pia\u021ba Tiananmen din Beijing, avusese loc cu doar c\u00e2teva zile \u00eenainte. Nimeni nu putea anticipa ce va urma.<\/p>\n\t\t\t\t<img decoding=\"async\" src=\"https:\/\/shrimataji.org\/test\/wp-content\/uploads\/2018\/07\/media_originals\/images\/shri-mataji-portraits\/shri-mataji-nirmala-devi-portrait-smiling-1024x681.jpg\" alt=\"shri-mataji-nirmala-devi-portrait-smiling\" itemprop=\"image\" height=\"681\" width=\"1024\" title=\"shri-mataji-nirmala-devi-portrait-smiling\" onerror=\"this.style.display='none'\" loading=\"lazy\">\n\t<p>\u00cen decurs de dou\u0103sprezece luni, aceea\u0219i Uniune Sovietic\u0103 avea s\u0103 dispar\u0103. O nou\u0103 Comunitate a Statelor Independente avea s-o \u00eenlocuiasc\u0103. Avuseser\u0103 loc deja alegeri libere \u00een Rom\u00e2nia dup\u0103 c\u0103derea Zidului Berlinului din anul precedent. \u00cen mai pu\u021bin de patru luni, Germania de Est \u0219i de Vest \u00ee\u0219i vor finaliza reunificarea. \u0218i \u00een mai pu\u021bin de dou\u0103 luni, Irakul avea s\u0103 invadeze Kuweitul. Cl\u0103direa Na\u021biunilor Unite avea s\u0103 devin\u0103 \u00een cur\u00e2nd un loc \u0219i mai aglomerat. Acum era momentul optim ca cei de acolo s\u0103 fac\u0103 o pauz\u0103 \u0219i s\u0103 asculte.<\/p>\n<p>\u00cen acea sear\u0103 de miercuri, Shri Mataji a vorbit calm publicului. Tonul Ei era familiar. \u0218i-a ales cuvintele pentru a r\u0103spunde nevoilor publicului \u0219i, ca \u00eentotdeauna, a vorbit at\u00e2t \u00een termeni generali, c\u00e2t \u0219i personali.<\/p>\n\t<div class=\"su-quote su-quote-style-default\"><div class=\"su-quote-inner su-u-clearfix su-u-trim\">Mesajul Meu c\u0103tre umanitate este c\u0103 voi to\u021bi trebuie s\u0103 v\u0103 transforma\u021bi, s\u0103 deveni\u021bi spiritul vostru, \u0219i astfel v\u0103 ve\u021bi cunoa\u0219te pe voi \u00een\u0219iv\u0103.<\/div><\/div>\n\t<p>\u00cen timpul discursului, Shri Mataji a vorbit despre adev\u0103r \u0219i despre necesitatea actualiz\u0103rii doctrinei colective a Na\u021biunilor Unite. Ea a vorbit despre rolul energiei Kundalini \u00een realizarea acestei actualiz\u0103ri.<\/p>\n<p>\u201eVorbim despre probleme ecologice&#8221;, a spus Ea, \u201edespre o problem\u0103 sau alta, dar nu ne g\u00e2ndim cum am putea sc\u0103pa de ele. Dac\u0103 Na\u021biunile Unite vor s\u0103 se exprime cu adev\u0103rat, atunci a\u0219 spune c\u0103 oamenii Na\u021biunilor Unite trebuie s\u0103 ob\u021bin\u0103 mai \u00eent\u00e2i Realizarea Sinelui \u0219i apoi s\u0103 \u00een\u021beleag\u0103 ce sunt&#8230; Exist\u0103 at\u00e2t de multe modalit\u0103\u021bi \u0219i at\u00e2t de multe puteri pe care le au \u0219i  pe care le pot folosi. Iar aceasta este puterea Iubirii.&#8221;<\/p>\n\t<p>La sf\u00e2r\u0219itul discursului, Ea a d\u0103ruit Realizarea Sinelui. Aproape nimeni nu a ie\u0219it din sal\u0103 \u00eenainte de a fi f\u0103cut experien\u021ba \u0219i apoi de-a o saluta personal pe Shri Mataji. Majoritatea s-au \u00eenscris la cursurile ulterioare.<\/p>\n<p>\u00cen s\u0103pt\u0103m\u00e2na anterioar\u0103 apari\u021biei Ei la ONU, Shri Mataji a \u021binut discursuri similare at\u00e2t \u00een Miami, c\u00e2t \u0219i \u00een San Diego. La \u00eenceputul anului, Ea vorbise \u00een Australia, India, Italia, Noua Zeeland\u0103, Rusia, Singapore \u0219i Regatul Unit. O conferin\u021b\u0103 medical\u0103 la Moscova, o conferin\u021b\u0103 de pres\u0103 la Calcutta, Perth, Melbourne, Cairns, Sydney, Bangalore, Hyderabad, Jaipur, Leningrad \u0219i Auckland &#8211; apari\u021biile Ei publice din acel an se apropiau deja de 100 \u0219i era doar luna iunie.<\/p>\n<p>\u00cenainte de \u00eencheierea anului, Shri Mataji avea s\u0103 fac\u0103 peste 200 de escale \u00een 26 de \u021b\u0103ri din \u00eentreaga lume. C\u0103l\u0103toriile Ei \u00een anul 1990 au totalizat peste 135.000 de kilometri &#8211; un itinerar pe care majoritatea oamenilor l-ar g\u0103si obositor. Dar nu s-a oprit aici, deoarece pe l\u00e2ng\u0103 discursurile programate au avut loc nenum\u0103rate evenimente informale \u00een case private, s\u0103li de aeroport, s\u0103li publice \u0219i \u0219coli. Fiecare conversa\u021bie, fiecare discurs a fost diferit. Dar toate au fost abordate la fel, cu grij\u0103 \u0219i diploma\u021bie, cu umor \u0219i dragoste. Fiecare discu\u021bie a servit aceluia\u0219i scop. Acela de a aborda nevoia de ascensiune spiritual\u0103.<\/p>\n<p>\u00cen timp ce o alt\u0103 persoan\u0103 ar putea spune: \u201eFii Sinele t\u0103u mai bun&#8221;, Shri Mataji a ajuns la un nivel \u0219i mai \u00eenalt: \u201eFii Sinele t\u0103u adev\u0103rat&#8221;.<\/p>\n<p>Iar acest an -1990 &#8211; nu a fost unul neobi\u0219nuit. De la sf\u00e2r\u0219itul anilor *70, trec\u00e2nd prin anii *80 \u0219i *90 \u0219i p\u00e2n\u0103 \u00een noul secol, c\u0103l\u0103toriile \u0219i eforturile lui Shri Mataji de a crea o lume mai bun\u0103 aveau s\u0103 continue. C\u0103l\u0103toriile Sale au fost \u00een mare parte nerelatate de ziare, dar nu au trecut neobservate de c\u0103tre cei care c\u0103utau iluminarea \u00eentr-o lume meta-modern\u0103.<\/p>\n","protected":false},"excerpt":{"rendered":"<p>Unind Na\u021biunile Transformarea global\u0103 &#8211; dincolo de grani\u021be Publicul era restr\u00e2ns \u00een Auditoriul Dag Hammarskjold. Cincizeci de angaja\u021bi s-au adunat la \u00eenceputul serii \u00een teatrul de dimensiuni medii. O nou\u0103 Asocia\u021bie de Medita\u021bie Sahaja fusese \u00eenfiin\u021bat\u0103 \u0219i recunoscut\u0103 de Na\u021biunile Unite cu doar dou\u0103 zile \u00eenainte, iar acum membrii ei se adunaser\u0103 pentru a-\u0219i asculta&hellip; <br \/> <a class=\"read-more\" href=\"https:\/\/shrimataji.org\/test\/ro\/uniting-the-nations\/\">Read more<\/a><\/p>\n","protected":false},"author":1,"featured_media":14584,"parent":0,"menu_order":0,"comment_status":"closed","ping_status":"closed","template":"","meta":{"inline_featured_image":false,"footnotes":""},"class_list":["post-14583","page","type-page","status-publish","has-post-thumbnail","hentry"],"yoast_head":"<!-- This site is optimized with the Yoast SEO plugin v27.4 - https:\/\/yoast.com\/product\/yoast-seo-wordpress\/ -->\n<title>Unind na\u021biunile - TEST - SMND<\/title>\n<meta name=\"robots\" content=\"noindex, follow, max-snippet:-1, max-image-preview:large, max-video-preview:-1\" \/>\n<meta property=\"og:locale\" content=\"en_US\" \/>\n<meta property=\"og:type\" content=\"article\" \/>\n<meta property=\"og:title\" content=\"Unind na\u021biunile - TEST - SMND\" \/>\n<meta property=\"og:description\" content=\"Unind Na\u021biunile Transformarea global\u0103 &#8211; dincolo de grani\u021be Publicul era restr\u00e2ns \u00een Auditoriul Dag Hammarskjold. Cincizeci de angaja\u021bi s-au adunat la \u00eenceputul serii \u00een teatrul de dimensiuni medii. O nou\u0103 Asocia\u021bie de Medita\u021bie Sahaja fusese \u00eenfiin\u021bat\u0103 \u0219i recunoscut\u0103 de Na\u021biunile Unite cu doar dou\u0103 zile \u00eenainte, iar acum membrii ei se adunaser\u0103 pentru a-\u0219i asculta&hellip; Read more\" \/>\n<meta property=\"og:url\" content=\"https:\/\/shrimataji.org\/test\/ro\/uniting-the-nations\/\" \/>\n<meta property=\"og:site_name\" content=\"TEST - SMND\" \/>\n<meta property=\"article:publisher\" content=\"https:\/\/www.facebook.com\/shrimataji\" \/>\n<meta property=\"article:modified_time\" content=\"2025-06-01T13:36:12+00:00\" \/>\n<meta property=\"og:image\" content=\"https:\/\/shrimataji.org\/test\/wp-content\/uploads\/2018\/07\/media_originals\/images\/headers-general\/shri-mataji-nirmala-devi-arrives-near-vienna-austria-2009.jpg\" \/>\n\t<meta property=\"og:image:width\" content=\"990\" \/>\n\t<meta property=\"og:image:height\" content=\"350\" \/>\n\t<meta property=\"og:image:type\" content=\"image\/jpeg\" \/>\n<meta name=\"twitter:card\" content=\"summary_large_image\" \/>\n<meta name=\"twitter:site\" content=\"@shrimataji\" \/>\n<meta name=\"twitter:label1\" content=\"Est. reading time\" \/>\n\t<meta name=\"twitter:data1\" content=\"4 minutes\" \/>\n<script type=\"application\/ld+json\" class=\"yoast-schema-graph\">{\"@context\":\"https:\\\/\\\/schema.org\",\"@graph\":[{\"@type\":\"WebPage\",\"@id\":\"https:\\\/\\\/shrimataji.org\\\/test\\\/ro\\\/uniting-the-nations\\\/\",\"url\":\"https:\\\/\\\/shrimataji.org\\\/test\\\/ro\\\/uniting-the-nations\\\/\",\"name\":\"Unind na\u021biunile - TEST - SMND\",\"isPartOf\":{\"@id\":\"https:\\\/\\\/shrimataji.org\\\/test\\\/#website\"},\"primaryImageOfPage\":{\"@id\":\"https:\\\/\\\/shrimataji.org\\\/test\\\/ro\\\/uniting-the-nations\\\/#primaryimage\"},\"image\":{\"@id\":\"https:\\\/\\\/shrimataji.org\\\/test\\\/ro\\\/uniting-the-nations\\\/#primaryimage\"},\"thumbnailUrl\":\"https:\\\/\\\/shrimataji.org\\\/test\\\/wp-content\\\/uploads\\\/2018\\\/07\\\/media_originals\\\/images\\\/headers-general\\\/shri-mataji-nirmala-devi-arrives-near-vienna-austria-2009.jpg\",\"datePublished\":\"2011-10-05T02:00:00+00:00\",\"dateModified\":\"2025-06-01T13:36:12+00:00\",\"breadcrumb\":{\"@id\":\"https:\\\/\\\/shrimataji.org\\\/test\\\/ro\\\/uniting-the-nations\\\/#breadcrumb\"},\"inLanguage\":\"en-US\",\"potentialAction\":[{\"@type\":\"ReadAction\",\"target\":[\"https:\\\/\\\/shrimataji.org\\\/test\\\/ro\\\/uniting-the-nations\\\/\"]}]},{\"@type\":\"ImageObject\",\"inLanguage\":\"en-US\",\"@id\":\"https:\\\/\\\/shrimataji.org\\\/test\\\/ro\\\/uniting-the-nations\\\/#primaryimage\",\"url\":\"https:\\\/\\\/shrimataji.org\\\/test\\\/wp-content\\\/uploads\\\/2018\\\/07\\\/media_originals\\\/images\\\/headers-general\\\/shri-mataji-nirmala-devi-arrives-near-vienna-austria-2009.jpg\",\"contentUrl\":\"https:\\\/\\\/shrimataji.org\\\/test\\\/wp-content\\\/uploads\\\/2018\\\/07\\\/media_originals\\\/images\\\/headers-general\\\/shri-mataji-nirmala-devi-arrives-near-vienna-austria-2009.jpg\",\"width\":990,\"height\":350},{\"@type\":\"BreadcrumbList\",\"@id\":\"https:\\\/\\\/shrimataji.org\\\/test\\\/ro\\\/uniting-the-nations\\\/#breadcrumb\",\"itemListElement\":[{\"@type\":\"ListItem\",\"position\":1,\"name\":\"Home\",\"item\":\"https:\\\/\\\/shrimataji.org\\\/test\\\/uk\\\/home-en\\\/\"},{\"@type\":\"ListItem\",\"position\":2,\"name\":\"Unind na\u021biunile\"}]},{\"@type\":\"WebSite\",\"@id\":\"https:\\\/\\\/shrimataji.org\\\/test\\\/#website\",\"url\":\"https:\\\/\\\/shrimataji.org\\\/test\\\/\",\"name\":\"Shri Mataji Nirmala Devi\",\"description\":\"A Life Dedicated to Humanity\",\"publisher\":{\"@id\":\"https:\\\/\\\/shrimataji.org\\\/test\\\/#\\\/schema\\\/person\\\/a1b3419c6585f164aa96da1ff85715d1\"},\"potentialAction\":[{\"@type\":\"SearchAction\",\"target\":{\"@type\":\"EntryPoint\",\"urlTemplate\":\"https:\\\/\\\/shrimataji.org\\\/test\\\/?s={search_term_string}\"},\"query-input\":{\"@type\":\"PropertyValueSpecification\",\"valueRequired\":true,\"valueName\":\"search_term_string\"}}],\"inLanguage\":\"en-US\"},{\"@type\":[\"Person\",\"Organization\"],\"@id\":\"https:\\\/\\\/shrimataji.org\\\/test\\\/#\\\/schema\\\/person\\\/a1b3419c6585f164aa96da1ff85715d1\",\"name\":\"Nirmala Shrivastava\",\"image\":{\"@type\":\"ImageObject\",\"inLanguage\":\"en-US\",\"@id\":\"https:\\\/\\\/shrimataji.org\\\/test\\\/wp-content\\\/uploads\\\/2023\\\/02\\\/SMO_LOGO-03.svg\",\"url\":\"https:\\\/\\\/shrimataji.org\\\/test\\\/wp-content\\\/uploads\\\/2023\\\/02\\\/SMO_LOGO-03.svg\",\"contentUrl\":\"https:\\\/\\\/shrimataji.org\\\/test\\\/wp-content\\\/uploads\\\/2023\\\/02\\\/SMO_LOGO-03.svg\",\"width\":\"1024\",\"height\":\"1024\",\"caption\":\"Nirmala Shrivastava\"},\"logo\":{\"@id\":\"https:\\\/\\\/shrimataji.org\\\/test\\\/wp-content\\\/uploads\\\/2023\\\/02\\\/SMO_LOGO-03.svg\"},\"sameAs\":[\"https:\\\/\\\/shrimataji.org\\\/test\",\"https:\\\/\\\/www.facebook.com\\\/shrimataji\",\"https:\\\/\\\/x.com\\\/shrimataji\",\"https:\\\/\\\/www.youtube.com\\\/@Shri_Mataji_Nirmala_Devi\\\/featured\"]}]}<\/script>\n<!-- \/ Yoast SEO plugin. -->","yoast_head_json":{"title":"Unind na\u021biunile - TEST - SMND","robots":{"index":"noindex","follow":"follow","max-snippet":"max-snippet:-1","max-image-preview":"max-image-preview:large","max-video-preview":"max-video-preview:-1"},"og_locale":"en_US","og_type":"article","og_title":"Unind na\u021biunile - TEST - SMND","og_description":"Unind Na\u021biunile Transformarea global\u0103 &#8211; dincolo de grani\u021be Publicul era restr\u00e2ns \u00een Auditoriul Dag Hammarskjold. Cincizeci de angaja\u021bi s-au adunat la \u00eenceputul serii \u00een teatrul de dimensiuni medii. O nou\u0103 Asocia\u021bie de Medita\u021bie Sahaja fusese \u00eenfiin\u021bat\u0103 \u0219i recunoscut\u0103 de Na\u021biunile Unite cu doar dou\u0103 zile \u00eenainte, iar acum membrii ei se adunaser\u0103 pentru a-\u0219i asculta&hellip; Read more","og_url":"https:\/\/shrimataji.org\/test\/ro\/uniting-the-nations\/","og_site_name":"TEST - SMND","article_publisher":"https:\/\/www.facebook.com\/shrimataji","article_modified_time":"2025-06-01T13:36:12+00:00","og_image":[{"width":990,"height":350,"url":"https:\/\/shrimataji.org\/test\/wp-content\/uploads\/2018\/07\/media_originals\/images\/headers-general\/shri-mataji-nirmala-devi-arrives-near-vienna-austria-2009.jpg","type":"image\/jpeg"}],"twitter_card":"summary_large_image","twitter_site":"@shrimataji","twitter_misc":{"Est. reading time":"4 minutes"},"schema":{"@context":"https:\/\/schema.org","@graph":[{"@type":"WebPage","@id":"https:\/\/shrimataji.org\/test\/ro\/uniting-the-nations\/","url":"https:\/\/shrimataji.org\/test\/ro\/uniting-the-nations\/","name":"Unind na\u021biunile - TEST - SMND","isPartOf":{"@id":"https:\/\/shrimataji.org\/test\/#website"},"primaryImageOfPage":{"@id":"https:\/\/shrimataji.org\/test\/ro\/uniting-the-nations\/#primaryimage"},"image":{"@id":"https:\/\/shrimataji.org\/test\/ro\/uniting-the-nations\/#primaryimage"},"thumbnailUrl":"https:\/\/shrimataji.org\/test\/wp-content\/uploads\/2018\/07\/media_originals\/images\/headers-general\/shri-mataji-nirmala-devi-arrives-near-vienna-austria-2009.jpg","datePublished":"2011-10-05T02:00:00+00:00","dateModified":"2025-06-01T13:36:12+00:00","breadcrumb":{"@id":"https:\/\/shrimataji.org\/test\/ro\/uniting-the-nations\/#breadcrumb"},"inLanguage":"en-US","potentialAction":[{"@type":"ReadAction","target":["https:\/\/shrimataji.org\/test\/ro\/uniting-the-nations\/"]}]},{"@type":"ImageObject","inLanguage":"en-US","@id":"https:\/\/shrimataji.org\/test\/ro\/uniting-the-nations\/#primaryimage","url":"https:\/\/shrimataji.org\/test\/wp-content\/uploads\/2018\/07\/media_originals\/images\/headers-general\/shri-mataji-nirmala-devi-arrives-near-vienna-austria-2009.jpg","contentUrl":"https:\/\/shrimataji.org\/test\/wp-content\/uploads\/2018\/07\/media_originals\/images\/headers-general\/shri-mataji-nirmala-devi-arrives-near-vienna-austria-2009.jpg","width":990,"height":350},{"@type":"BreadcrumbList","@id":"https:\/\/shrimataji.org\/test\/ro\/uniting-the-nations\/#breadcrumb","itemListElement":[{"@type":"ListItem","position":1,"name":"Home","item":"https:\/\/shrimataji.org\/test\/uk\/home-en\/"},{"@type":"ListItem","position":2,"name":"Unind na\u021biunile"}]},{"@type":"WebSite","@id":"https:\/\/shrimataji.org\/test\/#website","url":"https:\/\/shrimataji.org\/test\/","name":"Shri Mataji Nirmala Devi","description":"A Life Dedicated to Humanity","publisher":{"@id":"https:\/\/shrimataji.org\/test\/#\/schema\/person\/a1b3419c6585f164aa96da1ff85715d1"},"potentialAction":[{"@type":"SearchAction","target":{"@type":"EntryPoint","urlTemplate":"https:\/\/shrimataji.org\/test\/?s={search_term_string}"},"query-input":{"@type":"PropertyValueSpecification","valueRequired":true,"valueName":"search_term_string"}}],"inLanguage":"en-US"},{"@type":["Person","Organization"],"@id":"https:\/\/shrimataji.org\/test\/#\/schema\/person\/a1b3419c6585f164aa96da1ff85715d1","name":"Nirmala Shrivastava","image":{"@type":"ImageObject","inLanguage":"en-US","@id":"https:\/\/shrimataji.org\/test\/wp-content\/uploads\/2023\/02\/SMO_LOGO-03.svg","url":"https:\/\/shrimataji.org\/test\/wp-content\/uploads\/2023\/02\/SMO_LOGO-03.svg","contentUrl":"https:\/\/shrimataji.org\/test\/wp-content\/uploads\/2023\/02\/SMO_LOGO-03.svg","width":"1024","height":"1024","caption":"Nirmala Shrivastava"},"logo":{"@id":"https:\/\/shrimataji.org\/test\/wp-content\/uploads\/2023\/02\/SMO_LOGO-03.svg"},"sameAs":["https:\/\/shrimataji.org\/test","https:\/\/www.facebook.com\/shrimataji","https:\/\/x.com\/shrimataji","https:\/\/www.youtube.com\/@Shri_Mataji_Nirmala_Devi\/featured"]}]}},"lang":"ro","translations":{"ro":14583,"ur":37530,"en":445,"am":18105,"th":20104,"hu":19602,"ar":17001,"sq":18506,"zh":17403,"tr":10228,"pt":10435,"de":10710,"fr":10808,"it":10906,"es":11002,"ja":11300,"ru":11488,"bn":11680,"te":11788,"sw":11911,"he":12059,"el":12351,"sk":12449,"fa":12547,"fi":12645,"bg":13508,"cs":14776,"nl":16665,"ku":16825,"be":18713,"kn":18987,"mr":20468,"uk":20761,"ml":21056,"ta":22824,"sv":23093,"gu":28928,"pa":29088,"fil":29542,"da":37837,"pl":38047,"nn":38389},"pll_sync_post":[],"_links":{"self":[{"href":"https:\/\/shrimataji.org\/test\/wp-json\/wp\/v2\/pages\/14583","targetHints":{"allow":["GET"]}}],"collection":[{"href":"https:\/\/shrimataji.org\/test\/wp-json\/wp\/v2\/pages"}],"about":[{"href":"https:\/\/shrimataji.org\/test\/wp-json\/wp\/v2\/types\/page"}],"author":[{"embeddable":true,"href":"https:\/\/shrimataji.org\/test\/wp-json\/wp\/v2\/users\/1"}],"replies":[{"embeddable":true,"href":"https:\/\/shrimataji.org\/test\/wp-json\/wp\/v2\/comments?post=14583"}],"version-history":[{"count":0,"href":"https:\/\/shrimataji.org\/test\/wp-json\/wp\/v2\/pages\/14583\/revisions"}],"wp:featuredmedia":[{"embeddable":true,"href":"https:\/\/shrimataji.org\/test\/wp-json\/wp\/v2\/media\/14584"}],"wp:attachment":[{"href":"https:\/\/shrimataji.org\/test\/wp-json\/wp\/v2\/media?parent=14583"}],"curies":[{"name":"wp","href":"https:\/\/api.w.org\/{rel}","templated":true}]}}