{"id":14585,"date":"2011-10-02T03:00:00","date_gmt":"2011-10-02T03:00:00","guid":{"rendered":"http:\/\/testwordpress.nirmalnagari.org\/smnd\/index.php\/a-noble-inheritance\/"},"modified":"2025-05-31T14:27:12","modified_gmt":"2025-05-31T14:27:12","slug":"a-noble-inheritance","status":"publish","type":"page","link":"https:\/\/shrimataji.org\/test\/ro\/a-noble-inheritance\/","title":{"rendered":"O Mo\u0219tenire Nobil\u0103"},"content":{"rendered":"\n\n\t<h1>O Mo\u0219tenire Nobil\u0103<\/h1>\n<h2>Descenden\u021bii Dinastiei Shalivahana<\/h2>\n\t<h4>Exact la ora dou\u0103sprezece, \u00een ziua echinoc\u021biului de prim\u0103var\u0103, pe 21 martie 1923, Nirmala Salve s-a n\u0103scut \u00een Chhindwara, un ora\u0219 situat \u00een centrul geografic al Indiei. Calit\u0103\u021bile nobile ale str\u0103mo\u0219ilor s\u0103i puteau fi observate \u00eenc\u0103 de la o v\u00e2rst\u0103 fraged\u0103 \u00een caracterul lui Nirmala.<\/h4>\n\t\t<img decoding=\"async\" data-spai-excluded=\"true\" loading=\"lazy\"  alt=\"YouTube player\"  src=\"https:\/\/i.ytimg.com\/vi\/PWHnhJCTwLA\/maxresdefault.jpg\"  \/><button aria-label=\"Play\"><\/button><meta itemprop=\"embedUrl\" content=\"https:\/\/www.youtube.com\/embed\/PWHnhJCTwLA\"\/><meta itemprop=\"name\" content=\"Family, Birth And Education\"\/><meta itemprop=\"description\" content=\"Shri Mataji&#039;s parents were educated and enlightened people. She speaks about their encounter with a tiger just before her birth. Shri Mataji&#039;s mother felt great compassion towards this animal. The ease and purity of the birth gave them cause to call their child Nirmala, meaning &#039;immaculate.&#039; They felt she was certain to do something great. Her father guided her to an understanding of humans and encouraged her to give Realization. More videos at: http:\/\/ShriMataji.org ~ A Life Dedicated to Humanity ~\"\/><meta itemprop=\"thumbnailUrl\" content=\"https:\/\/i.ytimg.com\/vi\/PWHnhJCTwLA\/0.jpg\"\/><meta itemprop=\"duration\" content=\"PT5M31S\"\/><meta itemprop=\"uploadDate\" content=\"2020-07-20T00:16:36Z\"\/>\t\n\t<p>Bunica ei, Sakhubai Salve, a manifestat calit\u0103\u021bile curajoase \u0219i virtuoase care au \u00eenso\u021bit dinastia familiei de-a lungul secolelor. \u00cen 1883, fiind \u00een ultimele stadii ale sarcinii, Sakhubai \u0219i-a pierdut so\u021bul \u00een \u00eemprejur\u0103ri tragice. Amenin\u021bat\u0103 de rudele acestuia (care nu tolerau faptul c\u0103 el \u0219i familia sa erau cre\u0219tini), Sakhubai \u0219i-a luat cei patru copii \u0219i a plecat \u00eentr-o noapte t\u00e2rzie, \u00een timpul musonului, cu r\u00e2ul din apropiere \u00een plin\u0103 viitur\u0103.<\/p>\n<p>Sakhubai avea o asemenea credin\u021b\u0103 \u00eenc\u00e2t, \u00een ciuda condi\u021biei sale fizice, a sariului ei de 9 metri, a ploii toren\u021biale \u0219i a r\u00e2ului umflat, a reu\u0219it s\u0103 traverseze cu copiii ei, urmat\u0103 de o plimbare de 8 kilometri p\u00e2n\u0103 la cea mai apropiat\u0103 gar\u0103. \u00cen zori, s-au urcat \u00eentr-un tren spre Ujjain, casa fratelui lui Sakhubai. \u00cen aceste condi\u021bii dificile, s-a n\u0103scut Prasad Rao Salve, tat\u0103l lui Shri Mataji.<\/p>\n\t<p>Sakhubai a avut at\u00e2ta \u00eencredere \u00eenc\u00e2t, \u00een ciuda condi\u021biei sale fizice, a sari-ului ei lung de 9 metri, a ploii puternice \u0219i a r\u00e2ului umflat, a reu\u0219it s\u0103 traverseze cu copiii ei. Apoi au mai mers \u00eenc\u0103 8 kilometri p\u00e2n\u0103 la cea mai apropiat\u0103 gar\u0103. \u00cen zori, s-au urcat \u00eentr-un tren c\u0103tre Ujjain, unde era casa fratelui ei. \u00cen aceste circumstan\u021be dificile, s-a n\u0103scut Prasad Rao Salve, tat\u0103l lui Shri Mataji. Sakhubai \u0219i copiii ei au trebuit s\u0103 se adapteze de la o via\u021b\u0103 bogat\u0103 \u0219i lipsit\u0103 de griji, la una de lipsuri extreme. Educa\u021bia copiilor ei a fost \u00eens\u0103 esen\u021bial\u0103 pentru Sakhubai, care le-a insuflat un puternic spirit de sacrificiu \u0219i dedicare. \u0218i-au continuat studiile, \u00eenv\u0103\u021b\u00e2nd uneori sub l\u0103mpile stradale c\u00e2nd acas\u0103 nu mai aveau kerosen.<\/p>\n<p>Prasad Rao, cel mai t\u00e2n\u0103r, a fost un student deosebit de str\u0103lucit \u0219i a primit numeroase burse de-a lungul carierei sale academice. A studiat dreptul \u0219i s-a al\u0103turat unei firme binecunoscute din ora\u0219ul Chhindwara. S-a c\u0103s\u0103torit la scurt timp dup\u0103 aceea, dar, din p\u0103cate, a r\u0103mas v\u0103duv la v\u00e2rsta de 37 de ani, av\u00e2nd cinci copii. De\u0219i reticent, a fost \u00een cele din urm\u0103 convins de rudele sale s\u0103 se rec\u0103s\u0103toreasc\u0103, din preocupare pentru bun\u0103starea copiilor.<\/p>\n<p>Era o t\u00e2n\u0103r\u0103 din Nagpur pe nume Cornelia Karuna Jadhav, prima femeie din India care a primit o diplom\u0103 de excelen\u021b\u0103 \u00een matematic\u0103. Ea era de asemenea, specializat\u0103 \u00een limba sanscrit\u0103 \u0219i \u00een cultura indian\u0103 antic\u0103. Deoarece avea o educa\u021bie at\u00e2t de \u00eenalt\u0103, tat\u0103lui ei i-a fost greu s\u0103-i g\u0103seasc\u0103 un partener potrivit, cu calific\u0103ri academice cel pu\u021bin egale cu ale ei. <\/p>\n<p>Prin prieteni comuni, Prasad Rao a trimis o cerere \u00een c\u0103s\u0103torie Corneliei \u0219i tat\u0103lui ei. Nu a fost o decizie u\u0219or de luat, dac\u0103 s\u0103 accepte sau nu aceast\u0103 propunere a unui v\u0103duv cu cinci copii. Cu toate acestea, ea a fost impresionat\u0103 de inteligen\u021ba \u0219i credin\u021ba lui \u00een Dumnezeu \u0219i a sim\u021bit o profund\u0103 compasiune pentru copiii lui, care au r\u0103mas orfani de mam\u0103 la o v\u00e2rst\u0103 fraged\u0103. S-au c\u0103s\u0103torit pe 21 iunie 1920.<\/p>\n\t<div class=\"su-quote su-quote-style-default\"><div class=\"su-quote-inner su-u-clearfix su-u-trim\"> Str\u0103mo\u0219ii Mei au domnit \u00een acest loc \u0219i aceasta a fost capitala dinastiei Shalivanas numit\u0103 Prathishthan, pe care ei o numeau mai simplu Paithan. Ei au fost cei ce au domnit aici timp de mii de ani.<\/p>\n<p>Ei au fost cei care au fondat aceast\u0103 dinastie Shalivahan, de fapt ei s-au autodenumit Sathvahan, adic\u0103 \u0219apte Vahana (vehicule). Ei reprezentau cele \u0219apte Vahana ale celor \u0219apte chakre. Este surprinz\u0103tor cum toate acestea sunt at\u00e2t de Sahaj. <\/div><\/div>\n\t<p>Prasad Rao \u0219i Cornelia au \u00eemp\u0103rt\u0103\u0219it o dragoste profund\u0103 pentru \u021bara lor \u0219i pentru marea ei tradi\u021bie de valori spirituale. Fiica lor Nirmala avea doar doi ani \u00een 1925 c\u00e2nd l-au cunoscut pentru prima dat\u0103 pe Mahatma Gandhi, iar aceast\u0103 \u00eent\u00e2lnire a avut un impact enorm asupra lor. Ei au \u00eemp\u0103rt\u0103\u0219it cu entuziasm  viziunea lui pentru o Indie liber\u0103, printr-o lupt\u0103 de rezisten\u021b\u0103 non-violent\u0103.<\/p>\n<p>\u00cen ciuda faptului c\u0103 Prasad Rao primise un titlu de la britanici \u0219i c\u0103 ace\u0219tia erau cre\u0219tini (ceea ce \u00eensemna o mul\u021bime de privilegii \u00een timpul st\u0103p\u00e2nirii britanice), el \u0219i so\u021bia sa nu au ezitat s\u0103 se al\u0103ture mi\u0219c\u0103rii, f\u0103c\u00e2ndu-\u0219i clar\u0103 pozi\u021bia, chiar arz\u00e2ndu-\u0219i hainele de fabrica\u021bie str\u0103in\u0103 \u00een pia\u021ba public\u0103 din Nagpur. Din cauza implic\u0103rii lor \u00een lupta pentru libertate, am\u00e2ndoi au fost \u00eenchi\u0219i de mai multe ori \u0219i au stabilit o regul\u0103 \u00een familie, ca nimeni s\u0103 nu verse lacrimi din acest motiv. <\/p>\n\t<div class=\"epyt-video-wrapper\"><div  data-ep-a=\"fadeIn\"  style=\"display: block; margin: 0px auto;\"  id=\"_ytid_70052\"  width=\"3840\" height=\"2160\"  data-origwidth=\"3840\" data-origheight=\"2160\" data-facadesrc=\"https:\/\/www.youtube.com\/embed\/WOPg1lrL1ps?enablejsapi=1&autoplay=0&cc_load_policy=0&cc_lang_pref=&iv_load_policy=1&loop=0&rel=0&fs=1&playsinline=1&autohide=2&theme=dark&color=red&controls=1&disablekb=0&\" class=\"__youtube_prefs__ epyt-facade  no-lazyload\" data-epautoplay=\"1\" ><img decoding=\"async\" data-spai-excluded=\"true\" class=\"epyt-facade-poster skip-lazy\" loading=\"lazy\"  alt=\"YouTube player\"  src=\"https:\/\/i.ytimg.com\/vi\/WOPg1lrL1ps\/maxresdefault.jpg\"  \/><button class=\"epyt-facade-play\" aria-label=\"Play\"><svg data-no-lazy=\"1\" height=\"100%\" version=\"1.1\" viewBox=\"0 0 68 48\" width=\"100%\"><path class=\"ytp-large-play-button-bg\" d=\"M66.52,7.74c-0.78-2.93-2.49-5.41-5.42-6.19C55.79,.13,34,0,34,0S12.21,.13,6.9,1.55 C3.97,2.33,2.27,4.81,1.48,7.74C0.06,13.05,0,24,0,24s0.06,10.95,1.48,16.26c0.78,2.93,2.49,5.41,5.42,6.19 C12.21,47.87,34,48,34,48s21.79-0.13,27.1-1.55c2.93-0.78,4.64-3.26,5.42-6.19C67.94,34.95,68,24,68,24S67.94,13.05,66.52,7.74z\" fill=\"#f00\"><\/path><path d=\"M 45,24 27,14 27,34\" fill=\"#fff\"><\/path><\/svg><\/button><\/div><\/div><span itemprop=\"video\" itemscope itemtype=\"http:\/\/schema.org\/VideoObject\"><meta itemprop=\"embedUrl\" content=\"https:\/\/www.youtube.com\/embed\/WOPg1lrL1ps\"><meta itemprop=\"name\" content=\"An Ideal Father And Leader\"><meta itemprop=\"description\" content=\"A learned man who fought for his people, Shri Mataji remembers her own father, Prasad Rao Salve. She describes a brilliant man of principle and ideals. He was a leader in the fight for Indian independence, willing to go to jail for a just cause -- once for more than three years. The immense sacrifices he made, inspired Shri Mataji forward in her life&#039;s work, giving her a sense of right and wrong. More videos at: http:\/\/ShriMataji.org ~ A Life Dedicated to Humanity ~\"><meta itemprop=\"thumbnailUrl\" content=\"https:\/\/i.ytimg.com\/vi\/WOPg1lrL1ps\/0.jpg\"><meta itemprop=\"duration\" content=\"PT2M31S\"><meta itemprop=\"uploadDate\" content=\"2020-07-20T00:13:01Z\"><\/span>\n\t<p>Cu p\u0103rin\u021bii Ei adesea pleca\u021bi sau \u00een \u00eenchisoare, Shri Mataji a preluat conducerea gospod\u0103riei, pentru ca fra\u021bii mai mari s\u0103-\u0219i poat\u0103 continua studiile ne\u00eentrerupt. Avea opt ani la acea vreme.<\/p>\n<p>C\u00e2\u021biva ani mai t\u00e2rziu, Shri Mataji era suficient de mare pentru a se al\u0103tura luptei pentru libertate, \u00eencuraj\u00e2ndu-\u0219i colegii s\u0103 fac\u0103 acela\u0219i lucru. \u0218i Ea a fost \u00eenchis\u0103 \u0219i chiar torturat\u0103 de britanici. Dar spiritul Ei nu a fost sl\u0103bit de aceast\u0103 experien\u021b\u0103. De-a lungul vie\u021bii, Shri Mataji va continua s\u0103 personifice valorile eterne ale nobililor Ei str\u0103mo\u0219i: curajul, sacrificiul de sine \u0219i compasiunea.<\/p>\n\t\t\t\t<img decoding=\"async\" src=\"https:\/\/shrimataji.org\/test\/wp-content\/uploads\/2018\/07\/media_originals\/images\/shri-mataji-and-family\/shri-mataji-nirmala-devi-and-family.jpg\" alt=\"shri-mataji-nirmala-devi-and-family\" itemprop=\"image\" height=\"1045\" width=\"1500\" title=\"shri-mataji-nirmala-devi-and-family\" onerror=\"this.style.display='none'\" loading='lazy' \/>\n\t<hr \/>\n<h3>1. <a href=\"#citation-ref-1\">^<\/a> <a name=\"citation-note-1\"><\/a>H. P. Salve, \u201eMemoriile mele&#8221; New Delhi: Life Eternal Trust, 2000.<\/h3>\n\n","protected":false},"excerpt":{"rendered":"<p>O Mo\u0219tenire Nobil\u0103 Descenden\u021bii Dinastiei Shalivahana Exact la ora dou\u0103sprezece, \u00een ziua echinoc\u021biului de prim\u0103var\u0103, pe 21 martie 1923, Nirmala Salve s-a n\u0103scut \u00een Chhindwara, un ora\u0219 situat \u00een centrul geografic al Indiei. Calit\u0103\u021bile nobile ale str\u0103mo\u0219ilor s\u0103i puteau fi observate \u00eenc\u0103 de la o v\u00e2rst\u0103 fraged\u0103 \u00een caracterul lui Nirmala. Bunica ei, Sakhubai Salve,&hellip; <br \/> <a class=\"read-more\" href=\"https:\/\/shrimataji.org\/test\/ro\/a-noble-inheritance\/\">Read more<\/a><\/p>\n","protected":false},"author":1,"featured_media":14587,"parent":0,"menu_order":0,"comment_status":"closed","ping_status":"closed","template":"pro\/page-templates\/full-width-page.php","meta":{"inline_featured_image":false,"footnotes":""},"class_list":["post-14585","page","type-page","status-publish","has-post-thumbnail","hentry"],"yoast_head":"<!-- This site is optimized with the Yoast SEO plugin v27.4 - https:\/\/yoast.com\/product\/yoast-seo-wordpress\/ -->\n<title>O Mo\u0219tenire Nobil\u0103 - TEST - SMND<\/title>\n<meta name=\"robots\" content=\"noindex, follow, max-snippet:-1, max-image-preview:large, max-video-preview:-1\" \/>\n<meta property=\"og:locale\" content=\"en_US\" \/>\n<meta property=\"og:type\" content=\"article\" \/>\n<meta property=\"og:title\" content=\"O Mo\u0219tenire Nobil\u0103 - TEST - SMND\" \/>\n<meta property=\"og:description\" content=\"O Mo\u0219tenire Nobil\u0103 Descenden\u021bii Dinastiei Shalivahana Exact la ora dou\u0103sprezece, \u00een ziua echinoc\u021biului de prim\u0103var\u0103, pe 21 martie 1923, Nirmala Salve s-a n\u0103scut \u00een Chhindwara, un ora\u0219 situat \u00een centrul geografic al Indiei. Calit\u0103\u021bile nobile ale str\u0103mo\u0219ilor s\u0103i puteau fi observate \u00eenc\u0103 de la o v\u00e2rst\u0103 fraged\u0103 \u00een caracterul lui Nirmala. Bunica ei, Sakhubai Salve,&hellip; Read more\" \/>\n<meta property=\"og:url\" content=\"https:\/\/shrimataji.org\/test\/ro\/a-noble-inheritance\/\" \/>\n<meta property=\"og:site_name\" content=\"TEST - SMND\" \/>\n<meta property=\"article:publisher\" content=\"https:\/\/www.facebook.com\/shrimataji\" \/>\n<meta property=\"article:modified_time\" content=\"2025-05-31T14:27:12+00:00\" \/>\n<meta property=\"og:image\" content=\"https:\/\/shrimataji.org\/test\/wp-content\/uploads\/2023\/03\/7_Banner-Family_NobleInheritance-scaled.jpg\" \/>\n\t<meta property=\"og:image:width\" content=\"2560\" \/>\n\t<meta property=\"og:image:height\" content=\"905\" \/>\n\t<meta property=\"og:image:type\" content=\"image\/jpeg\" \/>\n<meta name=\"twitter:card\" content=\"summary_large_image\" \/>\n<meta name=\"twitter:site\" content=\"@shrimataji\" \/>\n<meta name=\"twitter:label1\" content=\"Est. reading time\" \/>\n\t<meta name=\"twitter:data1\" content=\"4 minutes\" \/>\n<script type=\"application\/ld+json\" class=\"yoast-schema-graph\">{\"@context\":\"https:\\\/\\\/schema.org\",\"@graph\":[{\"@type\":\"WebPage\",\"@id\":\"https:\\\/\\\/shrimataji.org\\\/test\\\/ro\\\/a-noble-inheritance\\\/\",\"url\":\"https:\\\/\\\/shrimataji.org\\\/test\\\/ro\\\/a-noble-inheritance\\\/\",\"name\":\"O Mo\u0219tenire Nobil\u0103 - TEST - SMND\",\"isPartOf\":{\"@id\":\"https:\\\/\\\/shrimataji.org\\\/test\\\/#website\"},\"primaryImageOfPage\":{\"@id\":\"https:\\\/\\\/shrimataji.org\\\/test\\\/ro\\\/a-noble-inheritance\\\/#primaryimage\"},\"image\":{\"@id\":\"https:\\\/\\\/shrimataji.org\\\/test\\\/ro\\\/a-noble-inheritance\\\/#primaryimage\"},\"thumbnailUrl\":\"https:\\\/\\\/shrimataji.org\\\/test\\\/wp-content\\\/uploads\\\/2023\\\/03\\\/7_Banner-Family_NobleInheritance-scaled.jpg\",\"datePublished\":\"2011-10-02T03:00:00+00:00\",\"dateModified\":\"2025-05-31T14:27:12+00:00\",\"breadcrumb\":{\"@id\":\"https:\\\/\\\/shrimataji.org\\\/test\\\/ro\\\/a-noble-inheritance\\\/#breadcrumb\"},\"inLanguage\":\"en-US\",\"potentialAction\":[{\"@type\":\"ReadAction\",\"target\":[\"https:\\\/\\\/shrimataji.org\\\/test\\\/ro\\\/a-noble-inheritance\\\/\"]}]},{\"@type\":\"ImageObject\",\"inLanguage\":\"en-US\",\"@id\":\"https:\\\/\\\/shrimataji.org\\\/test\\\/ro\\\/a-noble-inheritance\\\/#primaryimage\",\"url\":\"https:\\\/\\\/shrimataji.org\\\/test\\\/wp-content\\\/uploads\\\/2023\\\/03\\\/7_Banner-Family_NobleInheritance-scaled.jpg\",\"contentUrl\":\"https:\\\/\\\/shrimataji.org\\\/test\\\/wp-content\\\/uploads\\\/2023\\\/03\\\/7_Banner-Family_NobleInheritance-scaled.jpg\",\"width\":2560,\"height\":905},{\"@type\":\"BreadcrumbList\",\"@id\":\"https:\\\/\\\/shrimataji.org\\\/test\\\/ro\\\/a-noble-inheritance\\\/#breadcrumb\",\"itemListElement\":[{\"@type\":\"ListItem\",\"position\":1,\"name\":\"Home\",\"item\":\"https:\\\/\\\/shrimataji.org\\\/test\\\/uk\\\/home-en\\\/\"},{\"@type\":\"ListItem\",\"position\":2,\"name\":\"O Mo\u0219tenire Nobil\u0103\"}]},{\"@type\":\"WebSite\",\"@id\":\"https:\\\/\\\/shrimataji.org\\\/test\\\/#website\",\"url\":\"https:\\\/\\\/shrimataji.org\\\/test\\\/\",\"name\":\"Shri Mataji Nirmala Devi\",\"description\":\"A Life Dedicated to Humanity\",\"publisher\":{\"@id\":\"https:\\\/\\\/shrimataji.org\\\/test\\\/#\\\/schema\\\/person\\\/a1b3419c6585f164aa96da1ff85715d1\"},\"potentialAction\":[{\"@type\":\"SearchAction\",\"target\":{\"@type\":\"EntryPoint\",\"urlTemplate\":\"https:\\\/\\\/shrimataji.org\\\/test\\\/?s={search_term_string}\"},\"query-input\":{\"@type\":\"PropertyValueSpecification\",\"valueRequired\":true,\"valueName\":\"search_term_string\"}}],\"inLanguage\":\"en-US\"},{\"@type\":[\"Person\",\"Organization\"],\"@id\":\"https:\\\/\\\/shrimataji.org\\\/test\\\/#\\\/schema\\\/person\\\/a1b3419c6585f164aa96da1ff85715d1\",\"name\":\"Nirmala Shrivastava\",\"image\":{\"@type\":\"ImageObject\",\"inLanguage\":\"en-US\",\"@id\":\"https:\\\/\\\/shrimataji.org\\\/test\\\/wp-content\\\/uploads\\\/2023\\\/02\\\/SMO_LOGO-03.svg\",\"url\":\"https:\\\/\\\/shrimataji.org\\\/test\\\/wp-content\\\/uploads\\\/2023\\\/02\\\/SMO_LOGO-03.svg\",\"contentUrl\":\"https:\\\/\\\/shrimataji.org\\\/test\\\/wp-content\\\/uploads\\\/2023\\\/02\\\/SMO_LOGO-03.svg\",\"width\":\"1024\",\"height\":\"1024\",\"caption\":\"Nirmala Shrivastava\"},\"logo\":{\"@id\":\"https:\\\/\\\/shrimataji.org\\\/test\\\/wp-content\\\/uploads\\\/2023\\\/02\\\/SMO_LOGO-03.svg\"},\"sameAs\":[\"https:\\\/\\\/shrimataji.org\\\/test\",\"https:\\\/\\\/www.facebook.com\\\/shrimataji\",\"https:\\\/\\\/x.com\\\/shrimataji\",\"https:\\\/\\\/www.youtube.com\\\/@Shri_Mataji_Nirmala_Devi\\\/featured\"]}]}<\/script>\n<!-- \/ Yoast SEO plugin. -->","yoast_head_json":{"title":"O Mo\u0219tenire Nobil\u0103 - TEST - SMND","robots":{"index":"noindex","follow":"follow","max-snippet":"max-snippet:-1","max-image-preview":"max-image-preview:large","max-video-preview":"max-video-preview:-1"},"og_locale":"en_US","og_type":"article","og_title":"O Mo\u0219tenire Nobil\u0103 - TEST - SMND","og_description":"O Mo\u0219tenire Nobil\u0103 Descenden\u021bii Dinastiei Shalivahana Exact la ora dou\u0103sprezece, \u00een ziua echinoc\u021biului de prim\u0103var\u0103, pe 21 martie 1923, Nirmala Salve s-a n\u0103scut \u00een Chhindwara, un ora\u0219 situat \u00een centrul geografic al Indiei. Calit\u0103\u021bile nobile ale str\u0103mo\u0219ilor s\u0103i puteau fi observate \u00eenc\u0103 de la o v\u00e2rst\u0103 fraged\u0103 \u00een caracterul lui Nirmala. Bunica ei, Sakhubai Salve,&hellip; Read more","og_url":"https:\/\/shrimataji.org\/test\/ro\/a-noble-inheritance\/","og_site_name":"TEST - SMND","article_publisher":"https:\/\/www.facebook.com\/shrimataji","article_modified_time":"2025-05-31T14:27:12+00:00","og_image":[{"width":2560,"height":905,"url":"https:\/\/shrimataji.org\/test\/wp-content\/uploads\/2023\/03\/7_Banner-Family_NobleInheritance-scaled.jpg","type":"image\/jpeg"}],"twitter_card":"summary_large_image","twitter_site":"@shrimataji","twitter_misc":{"Est. reading time":"4 minutes"},"schema":{"@context":"https:\/\/schema.org","@graph":[{"@type":"WebPage","@id":"https:\/\/shrimataji.org\/test\/ro\/a-noble-inheritance\/","url":"https:\/\/shrimataji.org\/test\/ro\/a-noble-inheritance\/","name":"O Mo\u0219tenire Nobil\u0103 - TEST - SMND","isPartOf":{"@id":"https:\/\/shrimataji.org\/test\/#website"},"primaryImageOfPage":{"@id":"https:\/\/shrimataji.org\/test\/ro\/a-noble-inheritance\/#primaryimage"},"image":{"@id":"https:\/\/shrimataji.org\/test\/ro\/a-noble-inheritance\/#primaryimage"},"thumbnailUrl":"https:\/\/shrimataji.org\/test\/wp-content\/uploads\/2023\/03\/7_Banner-Family_NobleInheritance-scaled.jpg","datePublished":"2011-10-02T03:00:00+00:00","dateModified":"2025-05-31T14:27:12+00:00","breadcrumb":{"@id":"https:\/\/shrimataji.org\/test\/ro\/a-noble-inheritance\/#breadcrumb"},"inLanguage":"en-US","potentialAction":[{"@type":"ReadAction","target":["https:\/\/shrimataji.org\/test\/ro\/a-noble-inheritance\/"]}]},{"@type":"ImageObject","inLanguage":"en-US","@id":"https:\/\/shrimataji.org\/test\/ro\/a-noble-inheritance\/#primaryimage","url":"https:\/\/shrimataji.org\/test\/wp-content\/uploads\/2023\/03\/7_Banner-Family_NobleInheritance-scaled.jpg","contentUrl":"https:\/\/shrimataji.org\/test\/wp-content\/uploads\/2023\/03\/7_Banner-Family_NobleInheritance-scaled.jpg","width":2560,"height":905},{"@type":"BreadcrumbList","@id":"https:\/\/shrimataji.org\/test\/ro\/a-noble-inheritance\/#breadcrumb","itemListElement":[{"@type":"ListItem","position":1,"name":"Home","item":"https:\/\/shrimataji.org\/test\/uk\/home-en\/"},{"@type":"ListItem","position":2,"name":"O Mo\u0219tenire Nobil\u0103"}]},{"@type":"WebSite","@id":"https:\/\/shrimataji.org\/test\/#website","url":"https:\/\/shrimataji.org\/test\/","name":"Shri Mataji Nirmala Devi","description":"A Life Dedicated to Humanity","publisher":{"@id":"https:\/\/shrimataji.org\/test\/#\/schema\/person\/a1b3419c6585f164aa96da1ff85715d1"},"potentialAction":[{"@type":"SearchAction","target":{"@type":"EntryPoint","urlTemplate":"https:\/\/shrimataji.org\/test\/?s={search_term_string}"},"query-input":{"@type":"PropertyValueSpecification","valueRequired":true,"valueName":"search_term_string"}}],"inLanguage":"en-US"},{"@type":["Person","Organization"],"@id":"https:\/\/shrimataji.org\/test\/#\/schema\/person\/a1b3419c6585f164aa96da1ff85715d1","name":"Nirmala Shrivastava","image":{"@type":"ImageObject","inLanguage":"en-US","@id":"https:\/\/shrimataji.org\/test\/wp-content\/uploads\/2023\/02\/SMO_LOGO-03.svg","url":"https:\/\/shrimataji.org\/test\/wp-content\/uploads\/2023\/02\/SMO_LOGO-03.svg","contentUrl":"https:\/\/shrimataji.org\/test\/wp-content\/uploads\/2023\/02\/SMO_LOGO-03.svg","width":"1024","height":"1024","caption":"Nirmala Shrivastava"},"logo":{"@id":"https:\/\/shrimataji.org\/test\/wp-content\/uploads\/2023\/02\/SMO_LOGO-03.svg"},"sameAs":["https:\/\/shrimataji.org\/test","https:\/\/www.facebook.com\/shrimataji","https:\/\/x.com\/shrimataji","https:\/\/www.youtube.com\/@Shri_Mataji_Nirmala_Devi\/featured"]}]}},"lang":"ro","translations":{"ro":14585,"ur":37380,"en":434,"am":17951,"th":19872,"hu":19426,"sq":18352,"zh":17249,"hi":7323,"tr":10127,"pt":10344,"pl":10478,"de":10617,"fr":10715,"it":10813,"es":10911,"ja":11208,"ru":11396,"bn":11588,"te":11696,"sw":11819,"he":11967,"sk":12356,"fa":12454,"fi":12552,"bg":13510,"cs":14778,"nl":16512,"ku":16672,"ar":16848,"el":17659,"be":18559,"kn":18833,"mr":20236,"uk":20528,"ml":20827,"ta":22667,"sv":22940,"gu":28788,"pa":28946,"fil":29386,"da":37694,"nn":38246},"pll_sync_post":[],"_links":{"self":[{"href":"https:\/\/shrimataji.org\/test\/wp-json\/wp\/v2\/pages\/14585","targetHints":{"allow":["GET"]}}],"collection":[{"href":"https:\/\/shrimataji.org\/test\/wp-json\/wp\/v2\/pages"}],"about":[{"href":"https:\/\/shrimataji.org\/test\/wp-json\/wp\/v2\/types\/page"}],"author":[{"embeddable":true,"href":"https:\/\/shrimataji.org\/test\/wp-json\/wp\/v2\/users\/1"}],"replies":[{"embeddable":true,"href":"https:\/\/shrimataji.org\/test\/wp-json\/wp\/v2\/comments?post=14585"}],"version-history":[{"count":0,"href":"https:\/\/shrimataji.org\/test\/wp-json\/wp\/v2\/pages\/14585\/revisions"}],"wp:featuredmedia":[{"embeddable":true,"href":"https:\/\/shrimataji.org\/test\/wp-json\/wp\/v2\/media\/14587"}],"wp:attachment":[{"href":"https:\/\/shrimataji.org\/test\/wp-json\/wp\/v2\/media?parent=14585"}],"curies":[{"name":"wp","href":"https:\/\/api.w.org\/{rel}","templated":true}]}}