{"id":15376,"date":"2018-07-06T01:24:02","date_gmt":"2018-07-06T01:24:02","guid":{"rendered":"http:\/\/testwordpress.nirmalnagari.org\/smnd\/index.php\/mesmerize\/"},"modified":"2024-04-27T01:15:16","modified_gmt":"2024-04-27T01:15:16","slug":"home-de","status":"publish","type":"page","link":"https:\/\/shrimataji.org\/test\/de\/home-de\/","title":{"rendered":"Home DE"},"content":{"rendered":"<div  data-label=\"Content\" data-id=\"content--1\" data-export-id=\"content-12\" data-category=\"content\" class=\"content-12 content-section content-section-spacing\" id=\"content-1\" style=\"background-color: rgba(255, 255, 255, 0); background-image: none;\"><div  class=\"gridContainer\"> <div  class=\"row text-center\"><div  class=\"section-title-col\" data-type=\"column\"><h1  class=\"\" style=\"margin-bottom: 16px; outline-color: rgb(204, 204, 204); outline-style: solid;\">SHRI MATAJI NIRMALA DEVI<\/h1>  <h2  class=\"\">Ein Leben f\u00fcr die Menschheit<\/h2><h4  class=\"\" style=\"margin-bottom: 2rem; outline-color: rgb(204, 204, 204); outline-style: solid; font-family: Montserrat-Medium; text-align: left;\"><span  style=\"font-family: &quot;Montserrat Medium&quot;, arial, helvetica, sans-serif;\">\n<br >Shri Mataji Nirmala Devi hat im Stillen Leben ver\u00e4ndert. Mehr als 40 Jahre lang reiste sie durch die ganze Welt und bot kostenlose \u00f6ffentliche Vortr\u00e4ge und die Erfahrung der <a data-mce-href=\"..\/..\/..\/de\/selbst-verwirklichung\" href=\"..\/..\/..\/de\/selbst-verwirklichung\" target=\"_self\" data-mce-selected=\"inline-boundary\" data-cp-link=\"1\" rel=\"noopener\" class=\"\">Selbst-Verwirklichung<\/a> f\u00fcr alle an \u2013 unabh\u00e4ngig von Rasse, Religion oder sonstigen Lebensumst\u00e4nden. Sie erm\u00f6glichte es den Menschen nicht nur, diese wertvolle Erfahrung an andere weiterzugeben, sondern lehrte sie auch die daf\u00fcr notwendige und als <a data-mce-href=\"..\/..\/..\/de\/sahaja-yoga_d\" href=\"..\/..\/..\/de\/sahaja-yoga_d\" target=\"_self\" data-mce-selected=\"inline-boundary\" data-cp-link=\"1\" rel=\"noopener\" class=\"\">Sahaja Yoga<\/a> bekannte Meditationstechnik.<\/span><\/h4><\/div> <\/div> <div  class=\"row center-xs middle-xs\"> <div  class=\"col-sm-9\" data-type=\"column\"> <\/div> <\/div><\/div> <\/div><div  data-label=\"Content\" data-id=\"content--2\" data-export-id=\"content-11\" data-category=\"content\" class=\"content-11 content-section content-section-spacing\" id=\"content-2\" style=\"background-color: rgba(255, 255, 255, 0); background-image: none;\"><div  class=\"gridContainer\">  <div  class=\"row center-xs middle-xs\"> <div  class=\"col-sm-9\"> <div  class=\"lightbox-video lightbox-video-tall dark-overlay shadow-large flexbox middle-xs center-xs\" data-type=\"group\" data-bg=\"image\" style=\"background-image: url(&quot;https:\/\/shrimataji.org\/test\/wp-content\/uploads\/2020\/07\/cropped-p01.jpg&quot;);\"> <a  data-fancybox=\"\" data-video-lightbox=\"true\" href=\"https:\/\/www.youtube.com\/watch?v=NOejgcw9VZc\" class=\"\"> <i  data-cp-fa=\"true\" class=\"fa video-icon fa-play-circle-o color-white\"><\/i><\/a> <\/div><\/div> <\/div><\/div> <\/div><div  data-label=\"Content\" data-id=\"content--3\" data-export-id=\"content-12\" data-category=\"content\" class=\"content-12 content-section content-section-spacing\" id=\"content-3\" style=\"background-color: rgba(255, 255, 255, 0); background-image: none;\"><div  class=\"\"> <div  class=\"row text-center\"><div  class=\"section-title-col\" data-type=\"column\">  <p  class=\"\" style=\"text-align: left;\"><span  style=\"text-align: left;\">Jedem Menschen wohne ein spirituelles Potenzial inne, behauptete sie, das spontan erweckt werden k\u00f6nne. Dieses als Selbst-Verwirklichung bezeichnete Erwachen k\u00f6nne nicht erkauft werden. Daher werde weder f\u00fcr die Erfahrung der Selbst-Verwirklichung noch f\u00fcr das Wissen \u00fcber Sahaja Yoga jemals Geld verlangt. Weltweit haben bereits Hunderttausende von innerer Ausgeglichenheit und Stressabbau profitiert, die mit der Praxis von Sahaja Yoga einhergehen. \n<br ><br >Die F\u00e4higkeit, unsere angeborene spirituelle Energie schnell und einfach zu aktivieren sowie ihre Vorteile zu erfahren, unterscheidet Sahaja Yoga von anderen Meditationsformen. Mit etwas \u00dcbung sind wir individuell in der Lage, unsere ureigene Energie zu lenken sowie mentale, k\u00f6rperliche und emotionale Ungleichgewichte auszugleichen. So erreichen wir einen Zustand des Wohlbefindens, der Gelassenheit und der Erf\u00fcllung.<br >\n\n<br >Sahaja Yoga ist inzwischen in \u00fcber 100 L\u00e4ndern verbreitet. Daneben gr\u00fcndete Shri Mataji eine Nicht-Regierungs-Organisation f\u00fcr mittellose Frauen und Kinder, mehrere internationale Schulen mit einer ganzheitlichen Agenda, Sahaja Yoga praktizierende Gesundzentren und eine Kunstakademie f\u00fcr eine Renaissance von klassischer indischer Tanzkunst, Musik und Malerei.<\/span><\/p><\/div> <\/div> <div  class=\"row center-xs middle-xs\"> <div  class=\"col-sm-9\" data-type=\"column\"> <\/div> <\/div><\/div> <\/div><div  data-label=\"About\" data-id=\"about--1\" data-export-id=\"about-image-text\" data-category=\"about\" class=\"about-image-text content-section content-section-spacing\" id=\"about-1\" style=\"background-color: rgba(255, 255, 255, 0); background-image: none;\"><div  class=\"gridContainer\"> <div  class=\"row\"><div  class=\"col-sm-6 flexbox-strech center-xs middle-xs no-gutter-col\"> <div  class=\"shadow-large overlap-right-large flexbox middle-xs center-xs left-img\" data-bg=\"image\" style=\"background-image: url(&quot;https:\/\/shrimataji.org\/test\/wp-content\/uploads\/2023\/03\/Home-Poster-BW-scaled.jpg&quot;);\"><\/div><\/div> <div  class=\"col-sm-6 space-bottom-xs col-padding-small-xs col-sm-padding-large bg-color5 white-text content-col\" data-type=\"column\">  <h1  class=\"\" style=\"text-align: center;\">SAHAJA YOGA<\/h1><h2  class=\"\" style=\"text-align: center;\">Ihre einzigartige Entdeckung<\/h2><p  class=\"lead\" style=\"text-align: center;\">von der<br >\ninneren Transformation<br >\nzum<br >\nglobalen Wandelrom<\/p><h4  class=\"\" style=\"text-align: center;\"><a data-mce-href=\"..\/..\/..\/de\/sahaja-yoga_d\" href=\"..\/..\/..\/de\/sahaja-yoga_d\" target=\"_self\" data-mce-selected=\"inline-boundary\" data-cp-link=\"1\" rel=\"noopener\" class=\"\">mehr erfahren &gt;&gt;<\/a><\/h4><\/div> <\/div><\/div> <\/div><div  data-label=\"Content\" data-id=\"content--5\" data-export-id=\"content-12\" data-category=\"content\" class=\"content-12 content-section content-section-spacing\" id=\"content-5\" style=\"background-color: rgba(255, 255, 255, 0); background-image: none;\"><div  class=\"\"><div  data-section-title-area=\"true\" class=\"row text-center\">   <div  class=\"section-title-col\" data-type=\"column\">                 <\/div><\/div>  <div  class=\"row center-xs middle-xs\"> <div  class=\"col-sm-9\" data-type=\"column\"><div  data-editable=\"true\" data-name=\"ope-custom-content-shortcode\" data-content-shortcode=\"su_quote]Offen gesagt, gibt es weder innerlichen noch \u00e4u\u00dferlichen Frieden f\u00fcr die Menschen. Arme und Reiche sind gleicherma\u00dfen ungl\u00fccklich und \u00fcberall wird nach L\u00f6sungen gesucht. Auf einer k\u00fcnstlichen Ebene k\u00f6nnen Intellektuelle bestimmte Risiken unserer Umgebung entsch\u00e4rfen. Doch w\u00e4hrend einige Probleme so gel\u00f6st werden k\u00f6nnen, entstehen andere. Die wahre L\u00f6sung liegt nicht in den materiellen Umst\u00e4nden au\u00dferhalb, sondern im Inneren des Menschen selbst. Echte und dauerhafte L\u00f6sungen f\u00fcr die gegenw\u00e4rtigen Missst\u00e4nde k\u00f6nnen nur durch eine innere kollektive Transformation gefunden werden. Dies ist keine Unm\u00f6glichkeit, und sie hat bereits stattgefunden.[\/su_quote\" class=\"\"><div class=\"su-quote su-quote-style-default\"><div class=\"su-quote-inner su-u-clearfix su-u-trim\">Offen gesagt, gibt es weder innerlichen noch \u00e4u\u00dferlichen Frieden f\u00fcr die Menschen. Arme und Reiche sind gleicherma\u00dfen ungl\u00fccklich und \u00fcberall wird nach L\u00f6sungen gesucht. Auf einer k\u00fcnstlichen Ebene k\u00f6nnen Intellektuelle bestimmte Risiken unserer Umgebung entsch\u00e4rfen. Doch w\u00e4hrend einige Probleme so gel\u00f6st werden k\u00f6nnen, entstehen andere. Die wahre L\u00f6sung liegt nicht in den materiellen Umst\u00e4nden au\u00dferhalb, sondern im Inneren des Menschen selbst. Echte und dauerhafte L\u00f6sungen f\u00fcr die gegenw\u00e4rtigen Missst\u00e4nde k\u00f6nnen nur durch eine innere kollektive Transformation gefunden werden. Dies ist keine Unm\u00f6glichkeit, und sie hat bereits stattgefunden.<\/div><\/div><\/div> <\/div> <\/div><\/div> <\/div><div  data-label=\"Features\" data-id=\"features--1\" data-export-id=\"features-16\" data-category=\"features\" class=\"features-16 content-section content-section-spacing\" id=\"features-1\" style=\"background-color: rgba(255, 255, 255, 0); background-image: none;\"><div  class=\"gridContainer\"> <div  class=\"row text-center\"><div  class=\"section-title-col\" data-type=\"column\">  <h1  class=\"\">Weitere Artikel<\/h1><\/div> <\/div> <div  class=\"row spaced-cols\" data-type=\"row\"> <div  class=\"col-xs-12 col-sm-6 col-md-4 space-bottom\"> <img  decoding=\"async\" class=\"face jetpack-lazy-image\" src=\"https:\/\/shrimataji.org\/test\/wp-content\/uploads\/2018\/11\/cropped-cropped-shri-mataji-nirmala-devi-clearing-technique-in-england-2.jpg\" title=\"cropped-cropped-shri-mataji-nirmala-devi-clearing-technique-in-england-2.jpg\" alt=\"\" data-lazy-src=\"https:\/\/shrimataji.org\/test\/wp-content\/uploads\/2018\/11\/cropped-cropped-shri-mataji-nirmala-devi-clearing-technique-in-england-2.jpg?is-pending-load=1\" srcset=\"data:image\/gif;base64,R0lGODlhAQABAIAAAAAAAP\/\/\/yH5BAEAAAAALAAAAAABAAEAAAIBRAA7\"> <div  data-type=\"column\" class=\"col-padding-small col-padding-small-xs description-container\"> <h4  class=\"font-500\">Shri Mataji<\/h4> <p  class=\"\"><span  style=\"color: rgb(100, 3, 46);\">Von klein auf war Shri Mataji in ihre Umgebung eingebunden. W\u00e4hrend ihre Eltern aktiv in der indischen Unabh\u00e4ngigkeitsbewegung engagiert waren, \u00fcbernahm Shri Mataji bereits als kleines Kind die Verantwortung f\u00fcr den Haushalt. Mahatma Gandhi, dessen Ashram sie in jungen Jahren h\u00e4ufig besuchte, erkannte in ihr ein spirituelles Wunderkind.<\/span><\/p> <a class=\"read-more\" href=\"\/de\/shrimataji_de\" target=\"_self\" data-cp-link=\"1\" rel=\"noopener\">mehr erfahren<\/a><\/div> <\/div> <div  class=\"col-xs-12 col-sm-6 col-md-4 space-bottom\"> <img  decoding=\"async\" class=\"face jetpack-lazy-image\" src=\"https:\/\/shrimataji.org\/test\/wp-content\/uploads\/2018\/11\/cropped-shri-mataji-meeting-with-village-people-in-india-2-3.jpg\" title=\"cropped-shri-mataji-meeting-with-village-people-in-india-2-3.jpg\" alt=\"\" data-lazy-src=\"https:\/\/shrimataji.org\/test\/wp-content\/uploads\/2018\/11\/cropped-shri-mataji-meeting-with-village-people-in-india-2-3.jpg?is-pending-load=1\" srcset=\"data:image\/gif;base64,R0lGODlhAQABAIAAAAAAAP\/\/\/yH5BAEAAAAALAAAAAABAAEAAAIBRAA7\"> <div  data-type=\"column\" class=\"col-padding-small col-padding-small-xs description-container\"> <h4  class=\"font-500\">Gesellschaftlicher Wandel<\/h4> <p  class=\"\"><span  style=\"color: rgb(100, 3, 46);\">\u2026Sie erkannte, dass alle menschlichen Probleme aus der Unkenntnis ihres wahren inneren Potenzials als spirituelle Wesen herr\u00fchren und dieses Potenzial durch die Selbst-Verwirklichung leicht erschlossen werden kann. Die innere Transformation als Schl\u00fcssel f\u00fcr den gesellschaftlichen Wandel diente als Grundstein f\u00fcr alle von Shri Mataji gegr\u00fcndeten globalen NROs.<\/span><\/p> <a class=\"read-more\" href=\"\/de\/gesellschaftliche-transformation\" target=\"_self\" data-cp-link=\"1\" rel=\"noopener\">mehr erfahren<\/a><\/div> <\/div> <div  class=\"col-xs-12 col-sm-6 col-md-4 space-bottom\"> <img  decoding=\"async\" class=\"face jetpack-lazy-image\" src=\"https:\/\/shrimataji.org\/test\/wp-content\/uploads\/2018\/07\/cropped-fp02.jpg\" title=\"cropped-fp02.jpg\" alt=\"\" data-lazy-src=\"https:\/\/shrimataji.org\/test\/wp-content\/uploads\/2018\/07\/cropped-fp02.jpg?is-pending-load=1\" srcset=\"data:image\/gif;base64,R0lGODlhAQABAIAAAAAAAP\/\/\/yH5BAEAAAAALAAAAAABAAEAAAIBRAA7\"> <div  data-type=\"column\" class=\"col-padding-small col-padding-small-xs description-container\"> <h4  class=\"font-500\">Ihre \u00f6ffentlichen Veranstaltungen<\/h4> <p  class=\"\"><span  style=\"color: rgb(100, 3, 46);\">Kein Ort war zu klein oder zu weit entfernt f\u00fcr einen Besuch. Von den Ausl\u00e4ufern des Himalaya bis zum australischen Outback, von London \u00fcber Istanbul bis Los Angeles widmete Shri Mataji ihre Zeit dem Ziel, die Erfahrung der Selbst-Verwirklichung mit allen zu teilen, die es w\u00fcnschten\u2026.<\/span><\/p> <a class=\"read-more\" href=\"\/de\/oeffentliche-veranstaltungen\" target=\"_self\" data-cp-link=\"1\" rel=\"noopener\">mehr erfahren<\/a><\/div> <\/div><\/div> <\/div><\/div>","protected":false},"excerpt":{"rendered":"<p>SHRI MATAJI NIRMALA DEVI Ein Leben f\u00fcr die Menschheit Shri Mataji Nirmala Devi hat im Stillen Leben ver\u00e4ndert. Mehr als 40 Jahre lang reiste sie durch die ganze Welt und bot kostenlose \u00f6ffentliche Vortr\u00e4ge und die Erfahrung der Selbst-Verwirklichung f\u00fcr alle an \u2013 unabh\u00e4ngig von Rasse, Religion oder sonstigen Lebensumst\u00e4nden. Sie erm\u00f6glichte es den Menschen&hellip; <br \/> <a class=\"read-more\" href=\"https:\/\/shrimataji.org\/test\/de\/home-de\/\">Read more<\/a><\/p>\n","protected":false},"author":10,"featured_media":15369,"parent":0,"menu_order":0,"comment_status":"closed","ping_status":"closed","template":"page-templates\/homepage.php","meta":{"inline_featured_image":false,"footnotes":""},"class_list":["post-15376","page","type-page","status-publish","has-post-thumbnail","hentry"],"yoast_head":"<!-- This site is optimized with the Yoast SEO plugin v27.4 - https:\/\/yoast.com\/product\/yoast-seo-wordpress\/ -->\n<title>TEST - SMND<\/title>\n<meta name=\"description\" content=\"A Life Dedicated to Humanity\" \/>\n<meta name=\"robots\" content=\"noindex, follow, max-snippet:-1, max-image-preview:large, max-video-preview:-1\" \/>\n<meta property=\"og:locale\" content=\"en_US\" \/>\n<meta property=\"og:type\" content=\"article\" \/>\n<meta property=\"og:title\" content=\"Shri Mataji Nirmala Devi\" \/>\n<meta property=\"og:description\" content=\"A Life Dedicated to Humanity\" \/>\n<meta property=\"og:url\" content=\"https:\/\/shrimataji.org\/test\/de\/home-de\/\" \/>\n<meta property=\"og:site_name\" content=\"TEST - SMND\" \/>\n<meta property=\"article:publisher\" content=\"https:\/\/www.facebook.com\/shrimataji\" \/>\n<meta property=\"article:modified_time\" content=\"2024-04-27T01:15:16+00:00\" \/>\n<meta property=\"og:image\" content=\"https:\/\/shrimataji.org\/test\/wp-content\/uploads\/2018\/07\/fp11-e1588597806347.jpg\" \/>\n\t<meta property=\"og:image:width\" content=\"707\" \/>\n\t<meta property=\"og:image:height\" content=\"700\" \/>\n\t<meta property=\"og:image:type\" content=\"image\/jpeg\" \/>\n<meta name=\"twitter:card\" content=\"summary_large_image\" \/>\n<meta name=\"twitter:title\" content=\"Shri Mataji Nirmala Devi\" \/>\n<meta name=\"twitter:description\" content=\"A Life Dedicated to Humanity\" \/>\n<meta name=\"twitter:image\" content=\"https:\/\/shrimataji.org\/test\/wp-content\/uploads\/2018\/07\/fp11-e1588597806347.jpg\" \/>\n<meta name=\"twitter:site\" content=\"@shrimataji\" \/>\n<meta name=\"twitter:label1\" content=\"Est. reading time\" \/>\n\t<meta name=\"twitter:data1\" content=\"3 minutes\" \/>\n<script type=\"application\/ld+json\" class=\"yoast-schema-graph\">{\"@context\":\"https:\\\/\\\/schema.org\",\"@graph\":[{\"@type\":\"WebPage\",\"@id\":\"https:\\\/\\\/shrimataji.org\\\/test\\\/de\\\/home-de\\\/\",\"url\":\"https:\\\/\\\/shrimataji.org\\\/test\\\/de\\\/home-de\\\/\",\"name\":\"TEST - SMND\",\"isPartOf\":{\"@id\":\"https:\\\/\\\/shrimataji.org\\\/test\\\/#website\"},\"primaryImageOfPage\":{\"@id\":\"https:\\\/\\\/shrimataji.org\\\/test\\\/de\\\/home-de\\\/#primaryimage\"},\"image\":{\"@id\":\"https:\\\/\\\/shrimataji.org\\\/test\\\/de\\\/home-de\\\/#primaryimage\"},\"thumbnailUrl\":\"https:\\\/\\\/shrimataji.org\\\/test\\\/wp-content\\\/uploads\\\/2018\\\/07\\\/media_originals\\\/images\\\/shri-mataji-portraits\\\/shri-mataji-in-belgium-1984.jpg\",\"datePublished\":\"2018-07-06T01:24:02+00:00\",\"dateModified\":\"2024-04-27T01:15:16+00:00\",\"description\":\"A Life Dedicated to Humanity\",\"breadcrumb\":{\"@id\":\"https:\\\/\\\/shrimataji.org\\\/test\\\/de\\\/home-de\\\/#breadcrumb\"},\"inLanguage\":\"en-US\",\"potentialAction\":[{\"@type\":\"ReadAction\",\"target\":[\"https:\\\/\\\/shrimataji.org\\\/test\\\/de\\\/home-de\\\/\"]}]},{\"@type\":\"ImageObject\",\"inLanguage\":\"en-US\",\"@id\":\"https:\\\/\\\/shrimataji.org\\\/test\\\/de\\\/home-de\\\/#primaryimage\",\"url\":\"https:\\\/\\\/shrimataji.org\\\/test\\\/wp-content\\\/uploads\\\/2018\\\/07\\\/media_originals\\\/images\\\/shri-mataji-portraits\\\/shri-mataji-in-belgium-1984.jpg\",\"contentUrl\":\"https:\\\/\\\/shrimataji.org\\\/test\\\/wp-content\\\/uploads\\\/2018\\\/07\\\/media_originals\\\/images\\\/shri-mataji-portraits\\\/shri-mataji-in-belgium-1984.jpg\",\"width\":1500,\"height\":975},{\"@type\":\"BreadcrumbList\",\"@id\":\"https:\\\/\\\/shrimataji.org\\\/test\\\/de\\\/home-de\\\/#breadcrumb\",\"itemListElement\":[{\"@type\":\"ListItem\",\"position\":1,\"name\":\"Home\",\"item\":\"https:\\\/\\\/shrimataji.org\\\/test\\\/uk\\\/home-en\\\/\"},{\"@type\":\"ListItem\",\"position\":2,\"name\":\"Home DE\"}]},{\"@type\":\"WebSite\",\"@id\":\"https:\\\/\\\/shrimataji.org\\\/test\\\/#website\",\"url\":\"https:\\\/\\\/shrimataji.org\\\/test\\\/\",\"name\":\"Shri Mataji Nirmala Devi\",\"description\":\"A Life Dedicated to Humanity\",\"publisher\":{\"@id\":\"https:\\\/\\\/shrimataji.org\\\/test\\\/#\\\/schema\\\/person\\\/a1b3419c6585f164aa96da1ff85715d1\"},\"potentialAction\":[{\"@type\":\"SearchAction\",\"target\":{\"@type\":\"EntryPoint\",\"urlTemplate\":\"https:\\\/\\\/shrimataji.org\\\/test\\\/?s={search_term_string}\"},\"query-input\":{\"@type\":\"PropertyValueSpecification\",\"valueRequired\":true,\"valueName\":\"search_term_string\"}}],\"inLanguage\":\"en-US\"},{\"@type\":[\"Person\",\"Organization\"],\"@id\":\"https:\\\/\\\/shrimataji.org\\\/test\\\/#\\\/schema\\\/person\\\/a1b3419c6585f164aa96da1ff85715d1\",\"name\":\"Nirmala Shrivastava\",\"image\":{\"@type\":\"ImageObject\",\"inLanguage\":\"en-US\",\"@id\":\"https:\\\/\\\/shrimataji.org\\\/test\\\/wp-content\\\/uploads\\\/2023\\\/02\\\/SMO_LOGO-03.svg\",\"url\":\"https:\\\/\\\/shrimataji.org\\\/test\\\/wp-content\\\/uploads\\\/2023\\\/02\\\/SMO_LOGO-03.svg\",\"contentUrl\":\"https:\\\/\\\/shrimataji.org\\\/test\\\/wp-content\\\/uploads\\\/2023\\\/02\\\/SMO_LOGO-03.svg\",\"width\":\"1024\",\"height\":\"1024\",\"caption\":\"Nirmala Shrivastava\"},\"logo\":{\"@id\":\"https:\\\/\\\/shrimataji.org\\\/test\\\/wp-content\\\/uploads\\\/2023\\\/02\\\/SMO_LOGO-03.svg\"},\"sameAs\":[\"https:\\\/\\\/shrimataji.org\\\/test\",\"https:\\\/\\\/www.facebook.com\\\/shrimataji\",\"https:\\\/\\\/x.com\\\/shrimataji\",\"https:\\\/\\\/www.youtube.com\\\/@Shri_Mataji_Nirmala_Devi\\\/featured\"]}]}<\/script>\n<!-- \/ Yoast SEO plugin. -->","yoast_head_json":{"title":"TEST - SMND","description":"A Life Dedicated to Humanity","robots":{"index":"noindex","follow":"follow","max-snippet":"max-snippet:-1","max-image-preview":"max-image-preview:large","max-video-preview":"max-video-preview:-1"},"og_locale":"en_US","og_type":"article","og_title":"Shri Mataji Nirmala Devi","og_description":"A Life Dedicated to Humanity","og_url":"https:\/\/shrimataji.org\/test\/de\/home-de\/","og_site_name":"TEST - SMND","article_publisher":"https:\/\/www.facebook.com\/shrimataji","article_modified_time":"2024-04-27T01:15:16+00:00","og_image":[{"width":707,"height":700,"url":"https:\/\/shrimataji.org\/test\/wp-content\/uploads\/2018\/07\/fp11-e1588597806347.jpg","type":"image\/jpeg"}],"twitter_card":"summary_large_image","twitter_title":"Shri Mataji Nirmala Devi","twitter_description":"A Life Dedicated to Humanity","twitter_image":"https:\/\/shrimataji.org\/test\/wp-content\/uploads\/2018\/07\/fp11-e1588597806347.jpg","twitter_site":"@shrimataji","twitter_misc":{"Est. reading time":"3 minutes"},"schema":{"@context":"https:\/\/schema.org","@graph":[{"@type":"WebPage","@id":"https:\/\/shrimataji.org\/test\/de\/home-de\/","url":"https:\/\/shrimataji.org\/test\/de\/home-de\/","name":"TEST - SMND","isPartOf":{"@id":"https:\/\/shrimataji.org\/test\/#website"},"primaryImageOfPage":{"@id":"https:\/\/shrimataji.org\/test\/de\/home-de\/#primaryimage"},"image":{"@id":"https:\/\/shrimataji.org\/test\/de\/home-de\/#primaryimage"},"thumbnailUrl":"https:\/\/shrimataji.org\/test\/wp-content\/uploads\/2018\/07\/media_originals\/images\/shri-mataji-portraits\/shri-mataji-in-belgium-1984.jpg","datePublished":"2018-07-06T01:24:02+00:00","dateModified":"2024-04-27T01:15:16+00:00","description":"A Life Dedicated to Humanity","breadcrumb":{"@id":"https:\/\/shrimataji.org\/test\/de\/home-de\/#breadcrumb"},"inLanguage":"en-US","potentialAction":[{"@type":"ReadAction","target":["https:\/\/shrimataji.org\/test\/de\/home-de\/"]}]},{"@type":"ImageObject","inLanguage":"en-US","@id":"https:\/\/shrimataji.org\/test\/de\/home-de\/#primaryimage","url":"https:\/\/shrimataji.org\/test\/wp-content\/uploads\/2018\/07\/media_originals\/images\/shri-mataji-portraits\/shri-mataji-in-belgium-1984.jpg","contentUrl":"https:\/\/shrimataji.org\/test\/wp-content\/uploads\/2018\/07\/media_originals\/images\/shri-mataji-portraits\/shri-mataji-in-belgium-1984.jpg","width":1500,"height":975},{"@type":"BreadcrumbList","@id":"https:\/\/shrimataji.org\/test\/de\/home-de\/#breadcrumb","itemListElement":[{"@type":"ListItem","position":1,"name":"Home","item":"https:\/\/shrimataji.org\/test\/uk\/home-en\/"},{"@type":"ListItem","position":2,"name":"Home DE"}]},{"@type":"WebSite","@id":"https:\/\/shrimataji.org\/test\/#website","url":"https:\/\/shrimataji.org\/test\/","name":"Shri Mataji Nirmala Devi","description":"A Life Dedicated to Humanity","publisher":{"@id":"https:\/\/shrimataji.org\/test\/#\/schema\/person\/a1b3419c6585f164aa96da1ff85715d1"},"potentialAction":[{"@type":"SearchAction","target":{"@type":"EntryPoint","urlTemplate":"https:\/\/shrimataji.org\/test\/?s={search_term_string}"},"query-input":{"@type":"PropertyValueSpecification","valueRequired":true,"valueName":"search_term_string"}}],"inLanguage":"en-US"},{"@type":["Person","Organization"],"@id":"https:\/\/shrimataji.org\/test\/#\/schema\/person\/a1b3419c6585f164aa96da1ff85715d1","name":"Nirmala Shrivastava","image":{"@type":"ImageObject","inLanguage":"en-US","@id":"https:\/\/shrimataji.org\/test\/wp-content\/uploads\/2023\/02\/SMO_LOGO-03.svg","url":"https:\/\/shrimataji.org\/test\/wp-content\/uploads\/2023\/02\/SMO_LOGO-03.svg","contentUrl":"https:\/\/shrimataji.org\/test\/wp-content\/uploads\/2023\/02\/SMO_LOGO-03.svg","width":"1024","height":"1024","caption":"Nirmala Shrivastava"},"logo":{"@id":"https:\/\/shrimataji.org\/test\/wp-content\/uploads\/2023\/02\/SMO_LOGO-03.svg"},"sameAs":["https:\/\/shrimataji.org\/test","https:\/\/www.facebook.com\/shrimataji","https:\/\/x.com\/shrimataji","https:\/\/www.youtube.com\/@Shri_Mataji_Nirmala_Devi\/featured"]}]}},"lang":"de","translations":{"de":15376,"ur":28779,"en":5,"am":18011,"th":19959,"hu":19488,"sq":18412,"zh":17309,"hi":8573,"tr":10167,"pl":10244,"pt":10379,"fr":10751,"it":10849,"es":10946,"ru":11431,"bn":11623,"te":11731,"sw":11854,"he":12002,"el":12293,"sk":12391,"fa":12489,"bg":13483,"ro":14558,"cs":14751,"ja":16420,"nl":16572,"ku":16732,"ar":16908,"be":18619,"kn":18893,"mr":20323,"uk":20615,"ml":20912,"ta":22727,"sv":23000,"bs":27286,"fi":28770,"gu":28935,"pa":29004,"fil":29446,"sd":31000,"da":37751,"nn":38303},"pll_sync_post":[],"_links":{"self":[{"href":"https:\/\/shrimataji.org\/test\/wp-json\/wp\/v2\/pages\/15376","targetHints":{"allow":["GET"]}}],"collection":[{"href":"https:\/\/shrimataji.org\/test\/wp-json\/wp\/v2\/pages"}],"about":[{"href":"https:\/\/shrimataji.org\/test\/wp-json\/wp\/v2\/types\/page"}],"author":[{"embeddable":true,"href":"https:\/\/shrimataji.org\/test\/wp-json\/wp\/v2\/users\/10"}],"replies":[{"embeddable":true,"href":"https:\/\/shrimataji.org\/test\/wp-json\/wp\/v2\/comments?post=15376"}],"version-history":[{"count":0,"href":"https:\/\/shrimataji.org\/test\/wp-json\/wp\/v2\/pages\/15376\/revisions"}],"wp:featuredmedia":[{"embeddable":true,"href":"https:\/\/shrimataji.org\/test\/wp-json\/wp\/v2\/media\/15369"}],"wp:attachment":[{"href":"https:\/\/shrimataji.org\/test\/wp-json\/wp\/v2\/media?parent=15376"}],"curies":[{"name":"wp","href":"https:\/\/api.w.org\/{rel}","templated":true}]}}