{"id":15449,"date":"2018-07-10T06:54:46","date_gmt":"2018-07-10T06:54:46","guid":{"rendered":"http:\/\/testwordpress.nirmalnagari.org\/smnd\/index.php\/importance-of-family\/"},"modified":"2026-03-11T23:49:04","modified_gmt":"2026-03-11T23:49:04","slug":"la-importancia-de-la-familia","status":"publish","type":"page","link":"https:\/\/shrimataji.org\/test\/es\/la-importancia-de-la-familia\/","title":{"rendered":"La Importancia de la Familia"},"content":{"rendered":"\n\n\t<h1>La Importancia de la Familia<\/h1>\n<h2>El Pilar de la Sociedad<\/h2>\n\t<h4>Una sociedad exitosa se apoya en la solidez de sus familias, y en nuestros roles y relaciones con todos. Shri Mataji a menudo expres\u00f3 su visi\u00f3n de una sociedad equilibrada, y durante toda su vida, fue un ejemplo ideal de los variados roles que una mujer puede cumplir en la familia, en la comunidad, y en el escenario mundial.<\/h4>\n\t<p>Asumi\u00f3 la responsabilidad dentro de su familia a una edad temprana. Aunque no era la mayor, cuid\u00f3 de sus hermanos mientras sus padres estaban ocupados en la lucha por la independencia de la India -un movimiento al que tambi\u00e9n se unir\u00e1 de joven. Cuando era esposa y madre, Shri Mataji dedic\u00f3 al cuidado de sus ni\u00f1as y apoy\u00f3 a su esposo mientras viajaban internacionalmente por su trabajo en la Organizaci\u00f3n Mar\u00edtima de las Naciones Unidas. Aunque su preocupaci\u00f3n por la humanidad era a una escala global, esper\u00f3 hasta que sus hijas se casaran y establecieran antes de iniciar su trabajo p\u00fablico.<\/p>\n\t<p>Sobre la din\u00e1mica en la relaci\u00f3n entre marido y mujer, Shri Mataji una vez dijo, &#8220;Ustedes deben estar en equilibrio. No es el marido o la mujer, son ambos. Ellos deben respetarse, amarse, compartir y vivir de tal manera que la gente los vea como dos ruedas de una carro, una a la izquierda y otra a la derecha.&#8221; Y el equilibrio necesita igualdad. &#8220;No hay desequilibrio. Son iguales, pero no id\u00e9nticos.&#8221;<\/p>\n\t<div class=\"su-quote su-quote-style-default\"><div class=\"su-quote-inner su-u-clearfix su-u-trim\"> Cuando creas una buena familia, creas un universo hermoso, muy hermoso, a tu alrededor. <\/div><\/div>\n\t<p>Shri Mataji comparaba las cualidades de una esposa con los de la Madre Tierra: ella nos nutre, es generosa y amorosa, y puede crear belleza. Ella es tambi\u00e9n la pacificadora, ayuda a mantener las relaciones armoniosas en una familia. Ella es la fuente de solidez en una familia y su contribuci\u00f3n se expande m\u00e1s all\u00e1 de la esfera familiar. &#8220;La mujer le da poder&#8230; a tu hijo, a tu esposo, a toda la sociedad.&#8221;<\/p>\n<figure itemscope itemtype=\"https:\/\/schema.org\/ImageObject\">\n\t\t\t\t<img decoding=\"async\" src=\"https:\/\/shrimataji.org\/wp-content\/uploads\/2018\/07\/media_originals\/images\/art\/aftertitian-aldobrandini-by-graham-brown-dec-2009-1024x694.jpg\" alt=\"Aldobrandinische Madonna nach Tizian\n(Graham Brown, 2009)\" title=\"aftertitian-aldobrandini-by-graham-brown-dec-2009\" onerror=\"this.style.display='none'\" loading=\"lazy\" \/>\n\t<\/figure>\n\t<p>Un esposo tiene la responsabilidad de cuidar a todos en su familia y asegurar que se satisfagan sus necesidades. Debe haber un respeto mutuo entre el marido y mujer, ya que sus roles son interdependientes e igualmente valiosos.<\/p>\n<p>Otros aspectos importantes de la vida familiar incluyen las relaciones entre hijos y padres, hermanos, j\u00f3venes y mayores. Cuando existe equilibrio y paz en la familia, esto se refleja en la sociedad, creando un efecto pac\u00edfico y armonioso.<\/p>\n\t<p>Con estos valores y esta visi\u00f3n, mientras cumpl\u00eda con su papel de esposa, madre, abuela (e incluso bisabuela), la atenci\u00f3n de Shri Mataji se mantuvo global. Llev\u00f3 este mensaje de equilibrio e interdependencia entre hombres y mujeres al escenario mundial cuando, en 1995, se dirigi\u00f3 a la <a href=\"https:\/\/shrimataji.org\/test\/es\/conferencia-mundial-sobre-la-mujer-onu\/\" target=\"_blank\" rel=\"noopener\">Conferencia de las Naciones Unidas sobre la Mujer en Beijing.<\/a> All\u00ed expres\u00f3 su preocupaci\u00f3n por la situaci\u00f3n de las mujeres y enfatiz\u00f3 la importancia del rol de la madre; un rol que muchas sociedades han subestimado.<\/p>\n\t<p>Como todos los grandes l\u00edderes, busc\u00f3 unir e inspirar; consideraba al mundo entero como su familia, y todas las personas, independientemente de su raza, religi\u00f3n o nacionalidad, eran dignas de su preocupaci\u00f3n y cuidado.<\/p>\n\n","protected":false},"excerpt":{"rendered":"<p>La Importancia de la Familia El Pilar de la Sociedad Una sociedad exitosa se apoya en la solidez de sus familias, y en nuestros roles y relaciones con todos. Shri Mataji a menudo expres\u00f3 su visi\u00f3n de una sociedad equilibrada, y durante toda su vida, fue un ejemplo ideal de los variados roles que una&hellip; <br \/> <a class=\"read-more\" href=\"https:\/\/shrimataji.org\/test\/es\/la-importancia-de-la-familia\/\">Read more<\/a><\/p>\n","protected":false},"author":63,"featured_media":15450,"parent":0,"menu_order":0,"comment_status":"closed","ping_status":"closed","template":"","meta":{"inline_featured_image":false,"footnotes":""},"class_list":["post-15449","page","type-page","status-publish","has-post-thumbnail","hentry"],"yoast_head":"<!-- This site is optimized with the Yoast SEO plugin v27.4 - https:\/\/yoast.com\/product\/yoast-seo-wordpress\/ -->\n<title>La Importancia de la Familia - TEST - SMND<\/title>\n<meta name=\"robots\" content=\"noindex, follow, max-snippet:-1, max-image-preview:large, max-video-preview:-1\" \/>\n<meta property=\"og:locale\" content=\"en_US\" \/>\n<meta property=\"og:type\" content=\"article\" \/>\n<meta property=\"og:title\" content=\"La Importancia de la Familia - TEST - SMND\" \/>\n<meta property=\"og:description\" content=\"La Importancia de la Familia El Pilar de la Sociedad Una sociedad exitosa se apoya en la solidez de sus familias, y en nuestros roles y relaciones con todos. Shri Mataji a menudo expres\u00f3 su visi\u00f3n de una sociedad equilibrada, y durante toda su vida, fue un ejemplo ideal de los variados roles que una&hellip; Read more\" \/>\n<meta property=\"og:url\" content=\"https:\/\/shrimataji.org\/test\/es\/la-importancia-de-la-familia\/\" \/>\n<meta property=\"og:site_name\" content=\"TEST - SMND\" \/>\n<meta property=\"article:publisher\" content=\"https:\/\/www.facebook.com\/shrimataji\" \/>\n<meta property=\"article:modified_time\" content=\"2026-03-11T23:49:04+00:00\" \/>\n<meta property=\"og:image\" content=\"https:\/\/shrimataji.org\/test\/wp-content\/uploads\/2018\/07\/media_originals\/images\/headers-work-importance-of-family\/sunset-over-the-jesus-hill-in-glastonbury-uk.jpg\" \/>\n\t<meta property=\"og:image:width\" content=\"990\" \/>\n\t<meta property=\"og:image:height\" content=\"350\" \/>\n\t<meta property=\"og:image:type\" content=\"image\/jpeg\" \/>\n<meta name=\"twitter:card\" content=\"summary_large_image\" \/>\n<meta name=\"twitter:site\" content=\"@shrimataji\" \/>\n<meta name=\"twitter:label1\" content=\"Est. reading time\" \/>\n\t<meta name=\"twitter:data1\" content=\"3 minutes\" \/>\n<script type=\"application\/ld+json\" class=\"yoast-schema-graph\">{\"@context\":\"https:\\\/\\\/schema.org\",\"@graph\":[{\"@type\":\"WebPage\",\"@id\":\"https:\\\/\\\/shrimataji.org\\\/test\\\/es\\\/la-importancia-de-la-familia\\\/\",\"url\":\"https:\\\/\\\/shrimataji.org\\\/test\\\/es\\\/la-importancia-de-la-familia\\\/\",\"name\":\"La Importancia de la Familia - TEST - SMND\",\"isPartOf\":{\"@id\":\"https:\\\/\\\/shrimataji.org\\\/test\\\/#website\"},\"primaryImageOfPage\":{\"@id\":\"https:\\\/\\\/shrimataji.org\\\/test\\\/es\\\/la-importancia-de-la-familia\\\/#primaryimage\"},\"image\":{\"@id\":\"https:\\\/\\\/shrimataji.org\\\/test\\\/es\\\/la-importancia-de-la-familia\\\/#primaryimage\"},\"thumbnailUrl\":\"https:\\\/\\\/shrimataji.org\\\/test\\\/wp-content\\\/uploads\\\/2018\\\/07\\\/media_originals\\\/images\\\/headers-work-importance-of-family\\\/sunset-over-the-jesus-hill-in-glastonbury-uk.jpg\",\"datePublished\":\"2018-07-10T06:54:46+00:00\",\"dateModified\":\"2026-03-11T23:49:04+00:00\",\"breadcrumb\":{\"@id\":\"https:\\\/\\\/shrimataji.org\\\/test\\\/es\\\/la-importancia-de-la-familia\\\/#breadcrumb\"},\"inLanguage\":\"en-US\",\"potentialAction\":[{\"@type\":\"ReadAction\",\"target\":[\"https:\\\/\\\/shrimataji.org\\\/test\\\/es\\\/la-importancia-de-la-familia\\\/\"]}]},{\"@type\":\"ImageObject\",\"inLanguage\":\"en-US\",\"@id\":\"https:\\\/\\\/shrimataji.org\\\/test\\\/es\\\/la-importancia-de-la-familia\\\/#primaryimage\",\"url\":\"https:\\\/\\\/shrimataji.org\\\/test\\\/wp-content\\\/uploads\\\/2018\\\/07\\\/media_originals\\\/images\\\/headers-work-importance-of-family\\\/sunset-over-the-jesus-hill-in-glastonbury-uk.jpg\",\"contentUrl\":\"https:\\\/\\\/shrimataji.org\\\/test\\\/wp-content\\\/uploads\\\/2018\\\/07\\\/media_originals\\\/images\\\/headers-work-importance-of-family\\\/sunset-over-the-jesus-hill-in-glastonbury-uk.jpg\",\"width\":990,\"height\":350},{\"@type\":\"BreadcrumbList\",\"@id\":\"https:\\\/\\\/shrimataji.org\\\/test\\\/es\\\/la-importancia-de-la-familia\\\/#breadcrumb\",\"itemListElement\":[{\"@type\":\"ListItem\",\"position\":1,\"name\":\"Home\",\"item\":\"https:\\\/\\\/shrimataji.org\\\/test\\\/uk\\\/home-en\\\/\"},{\"@type\":\"ListItem\",\"position\":2,\"name\":\"La Importancia de la Familia\"}]},{\"@type\":\"WebSite\",\"@id\":\"https:\\\/\\\/shrimataji.org\\\/test\\\/#website\",\"url\":\"https:\\\/\\\/shrimataji.org\\\/test\\\/\",\"name\":\"Shri Mataji Nirmala Devi\",\"description\":\"A Life Dedicated to Humanity\",\"publisher\":{\"@id\":\"https:\\\/\\\/shrimataji.org\\\/test\\\/#\\\/schema\\\/person\\\/a1b3419c6585f164aa96da1ff85715d1\"},\"potentialAction\":[{\"@type\":\"SearchAction\",\"target\":{\"@type\":\"EntryPoint\",\"urlTemplate\":\"https:\\\/\\\/shrimataji.org\\\/test\\\/?s={search_term_string}\"},\"query-input\":{\"@type\":\"PropertyValueSpecification\",\"valueRequired\":true,\"valueName\":\"search_term_string\"}}],\"inLanguage\":\"en-US\"},{\"@type\":[\"Person\",\"Organization\"],\"@id\":\"https:\\\/\\\/shrimataji.org\\\/test\\\/#\\\/schema\\\/person\\\/a1b3419c6585f164aa96da1ff85715d1\",\"name\":\"Nirmala Shrivastava\",\"image\":{\"@type\":\"ImageObject\",\"inLanguage\":\"en-US\",\"@id\":\"https:\\\/\\\/shrimataji.org\\\/test\\\/wp-content\\\/uploads\\\/2023\\\/02\\\/SMO_LOGO-03.svg\",\"url\":\"https:\\\/\\\/shrimataji.org\\\/test\\\/wp-content\\\/uploads\\\/2023\\\/02\\\/SMO_LOGO-03.svg\",\"contentUrl\":\"https:\\\/\\\/shrimataji.org\\\/test\\\/wp-content\\\/uploads\\\/2023\\\/02\\\/SMO_LOGO-03.svg\",\"width\":\"1024\",\"height\":\"1024\",\"caption\":\"Nirmala Shrivastava\"},\"logo\":{\"@id\":\"https:\\\/\\\/shrimataji.org\\\/test\\\/wp-content\\\/uploads\\\/2023\\\/02\\\/SMO_LOGO-03.svg\"},\"sameAs\":[\"https:\\\/\\\/shrimataji.org\\\/test\",\"https:\\\/\\\/www.facebook.com\\\/shrimataji\",\"https:\\\/\\\/x.com\\\/shrimataji\",\"https:\\\/\\\/www.youtube.com\\\/@Shri_Mataji_Nirmala_Devi\\\/featured\"]}]}<\/script>\n<!-- \/ Yoast SEO plugin. -->","yoast_head_json":{"title":"La Importancia de la Familia - TEST - SMND","robots":{"index":"noindex","follow":"follow","max-snippet":"max-snippet:-1","max-image-preview":"max-image-preview:large","max-video-preview":"max-video-preview:-1"},"og_locale":"en_US","og_type":"article","og_title":"La Importancia de la Familia - TEST - SMND","og_description":"La Importancia de la Familia El Pilar de la Sociedad Una sociedad exitosa se apoya en la solidez de sus familias, y en nuestros roles y relaciones con todos. Shri Mataji a menudo expres\u00f3 su visi\u00f3n de una sociedad equilibrada, y durante toda su vida, fue un ejemplo ideal de los variados roles que una&hellip; Read more","og_url":"https:\/\/shrimataji.org\/test\/es\/la-importancia-de-la-familia\/","og_site_name":"TEST - SMND","article_publisher":"https:\/\/www.facebook.com\/shrimataji","article_modified_time":"2026-03-11T23:49:04+00:00","og_image":[{"width":990,"height":350,"url":"https:\/\/shrimataji.org\/test\/wp-content\/uploads\/2018\/07\/media_originals\/images\/headers-work-importance-of-family\/sunset-over-the-jesus-hill-in-glastonbury-uk.jpg","type":"image\/jpeg"}],"twitter_card":"summary_large_image","twitter_site":"@shrimataji","twitter_misc":{"Est. reading time":"3 minutes"},"schema":{"@context":"https:\/\/schema.org","@graph":[{"@type":"WebPage","@id":"https:\/\/shrimataji.org\/test\/es\/la-importancia-de-la-familia\/","url":"https:\/\/shrimataji.org\/test\/es\/la-importancia-de-la-familia\/","name":"La Importancia de la Familia - TEST - SMND","isPartOf":{"@id":"https:\/\/shrimataji.org\/test\/#website"},"primaryImageOfPage":{"@id":"https:\/\/shrimataji.org\/test\/es\/la-importancia-de-la-familia\/#primaryimage"},"image":{"@id":"https:\/\/shrimataji.org\/test\/es\/la-importancia-de-la-familia\/#primaryimage"},"thumbnailUrl":"https:\/\/shrimataji.org\/test\/wp-content\/uploads\/2018\/07\/media_originals\/images\/headers-work-importance-of-family\/sunset-over-the-jesus-hill-in-glastonbury-uk.jpg","datePublished":"2018-07-10T06:54:46+00:00","dateModified":"2026-03-11T23:49:04+00:00","breadcrumb":{"@id":"https:\/\/shrimataji.org\/test\/es\/la-importancia-de-la-familia\/#breadcrumb"},"inLanguage":"en-US","potentialAction":[{"@type":"ReadAction","target":["https:\/\/shrimataji.org\/test\/es\/la-importancia-de-la-familia\/"]}]},{"@type":"ImageObject","inLanguage":"en-US","@id":"https:\/\/shrimataji.org\/test\/es\/la-importancia-de-la-familia\/#primaryimage","url":"https:\/\/shrimataji.org\/test\/wp-content\/uploads\/2018\/07\/media_originals\/images\/headers-work-importance-of-family\/sunset-over-the-jesus-hill-in-glastonbury-uk.jpg","contentUrl":"https:\/\/shrimataji.org\/test\/wp-content\/uploads\/2018\/07\/media_originals\/images\/headers-work-importance-of-family\/sunset-over-the-jesus-hill-in-glastonbury-uk.jpg","width":990,"height":350},{"@type":"BreadcrumbList","@id":"https:\/\/shrimataji.org\/test\/es\/la-importancia-de-la-familia\/#breadcrumb","itemListElement":[{"@type":"ListItem","position":1,"name":"Home","item":"https:\/\/shrimataji.org\/test\/uk\/home-en\/"},{"@type":"ListItem","position":2,"name":"La Importancia de la Familia"}]},{"@type":"WebSite","@id":"https:\/\/shrimataji.org\/test\/#website","url":"https:\/\/shrimataji.org\/test\/","name":"Shri Mataji Nirmala Devi","description":"A Life Dedicated to Humanity","publisher":{"@id":"https:\/\/shrimataji.org\/test\/#\/schema\/person\/a1b3419c6585f164aa96da1ff85715d1"},"potentialAction":[{"@type":"SearchAction","target":{"@type":"EntryPoint","urlTemplate":"https:\/\/shrimataji.org\/test\/?s={search_term_string}"},"query-input":{"@type":"PropertyValueSpecification","valueRequired":true,"valueName":"search_term_string"}}],"inLanguage":"en-US"},{"@type":["Person","Organization"],"@id":"https:\/\/shrimataji.org\/test\/#\/schema\/person\/a1b3419c6585f164aa96da1ff85715d1","name":"Nirmala Shrivastava","image":{"@type":"ImageObject","inLanguage":"en-US","@id":"https:\/\/shrimataji.org\/test\/wp-content\/uploads\/2023\/02\/SMO_LOGO-03.svg","url":"https:\/\/shrimataji.org\/test\/wp-content\/uploads\/2023\/02\/SMO_LOGO-03.svg","contentUrl":"https:\/\/shrimataji.org\/test\/wp-content\/uploads\/2023\/02\/SMO_LOGO-03.svg","width":"1024","height":"1024","caption":"Nirmala Shrivastava"},"logo":{"@id":"https:\/\/shrimataji.org\/test\/wp-content\/uploads\/2023\/02\/SMO_LOGO-03.svg"},"sameAs":["https:\/\/shrimataji.org\/test","https:\/\/www.facebook.com\/shrimataji","https:\/\/x.com\/shrimataji","https:\/\/www.youtube.com\/@Shri_Mataji_Nirmala_Devi\/featured"]}]}},"lang":"es","translations":{"es":15449},"pll_sync_post":[],"_links":{"self":[{"href":"https:\/\/shrimataji.org\/test\/wp-json\/wp\/v2\/pages\/15449","targetHints":{"allow":["GET"]}}],"collection":[{"href":"https:\/\/shrimataji.org\/test\/wp-json\/wp\/v2\/pages"}],"about":[{"href":"https:\/\/shrimataji.org\/test\/wp-json\/wp\/v2\/types\/page"}],"author":[{"embeddable":true,"href":"https:\/\/shrimataji.org\/test\/wp-json\/wp\/v2\/users\/63"}],"replies":[{"embeddable":true,"href":"https:\/\/shrimataji.org\/test\/wp-json\/wp\/v2\/comments?post=15449"}],"version-history":[{"count":0,"href":"https:\/\/shrimataji.org\/test\/wp-json\/wp\/v2\/pages\/15449\/revisions"}],"wp:featuredmedia":[{"embeddable":true,"href":"https:\/\/shrimataji.org\/test\/wp-json\/wp\/v2\/media\/15450"}],"wp:attachment":[{"href":"https:\/\/shrimataji.org\/test\/wp-json\/wp\/v2\/media?parent=15449"}],"curies":[{"name":"wp","href":"https:\/\/api.w.org\/{rel}","templated":true}]}}