{"id":15463,"date":"2018-07-10T06:54:46","date_gmt":"2018-07-10T06:54:46","guid":{"rendered":"http:\/\/testwordpress.nirmalnagari.org\/smnd\/index.php\/importance-of-family\/"},"modified":"2026-01-18T18:45:32","modified_gmt":"2026-01-18T18:45:32","slug":"importancia-da-familia","status":"publish","type":"page","link":"https:\/\/shrimataji.org\/test\/pt\/importancia-da-familia\/","title":{"rendered":"A Import\u00e2ncia da Fam\u00edlia"},"content":{"rendered":"\n\n\t<h1>A Import\u00e2ncia da Fam\u00edlia<\/h1>\n<h2>A Funda\u00e7\u00e3o da Sociedade<\/h2>\n\t<h4>Uma sociedade bem-sucedida se sustenta na for\u00e7a de nossas estruturas familiares, bem como nos nossos pap\u00e9is e relacionamentos uns com os outros. Shri Mataji frequentemente expressava sua vis\u00e3o de uma sociedade equilibrada e, ao longo de sua vida, foi um exemplo ideal dos diversos pap\u00e9is que uma mulher pode desempenhar na fam\u00edlia, na comunidade e no cen\u00e1rio mundial.<\/h4>\n\t<p>Ela assumiu responsabilidades dentro de sua fam\u00edlia desde jovem. Embora n\u00e3o fosse a mais velha, cuidava de seus muitos irm\u00e3os enquanto seus pais estavam ocupados com a luta pela independ\u00eancia da \u00cdndia &#8211; um movimento que ela tamb\u00e9m se uniria quando jovem. Quando se tornou esposa e m\u00e3e, Shri Mataji cuidava de seus filhos e apoiava seu marido enquanto viajavam internacionalmente para o trabalho dele na Organiza\u00e7\u00e3o Mar\u00edtima das Na\u00e7\u00f5es Unidas. Embora sua preocupa\u00e7\u00e3o com a humanidade fosse em uma escala global, ela esperou at\u00e9 que suas filhas estivessem casadas e estabelecidas antes de come\u00e7ar seu trabalho p\u00fablico.<\/p>\n\t<p>Sobre a din\u00e2mica da rela\u00e7\u00e3o entre marido e esposa, Shri Mataji disse uma vez: &#8220;Voc\u00ea tem que estar em equil\u00edbrio. N\u00e3o \u00e9 o marido ou a esposa, mas ambos. Eles devem se respeitar, se amar, compartilhar tudo um com o outro e existir de tal forma que as pessoas vejam que h\u00e1 duas rodas de uma carruagem, uma \u00e0 esquerda e outra \u00e0 direita.&#8221; E o equil\u00edbrio exige igualdade. &#8220;N\u00e3o h\u00e1 desequil\u00edbrio. Eles s\u00e3o iguais, mas n\u00e3o semelhantes.&#8221;<\/p>\n\t<div class=\"su-quote su-quote-style-default\"><div class=\"su-quote-inner su-u-clearfix su-u-trim\"> Quando voc\u00ea cria uma boa fam\u00edlia, ent\u00e3o voc\u00ea cria um universo bonito, muito bonito, ao redor. <\/div><\/div>\n\t<p>Shri Mataji comparou as qualidades de uma esposa \u00e0s da M\u00e3e Terra: ela \u00e9 nutridora, generosa e amorosa, e pode criar beleza. Ela tamb\u00e9m \u00e9 a pacificadora, ajudando a manter os relacionamentos em uma fam\u00edlia harmoniosos. Ela \u00e9 a fonte da for\u00e7a da fam\u00edlia, e sua contribui\u00e7\u00e3o vai al\u00e9m do c\u00edrculo familiar. &#8220;A mulher d\u00e1 poder&#8230; ao seu filho, ao seu marido, a toda a sociedade.&#8221;<\/p>\n<figure itemscope itemtype=\"https:\/\/schema.org\/ImageObject\">\n\t\t\t\t<img decoding=\"async\" src=\"https:\/\/shrimataji.org\/wp-content\/uploads\/2018\/07\/media_originals\/images\/art\/aftertitian-aldobrandini-by-graham-brown-dec-2009-1024x694.jpg\" alt=\"Aldobrandinische Madonna nach Tizian\n(Graham Brown, 2009)\" title=\"aftertitian-aldobrandini-by-graham-brown-dec-2009\" onerror=\"this.style.display='none'\" loading=\"lazy\" \/>\n\t<\/figure>\n\t<p>Um marido tem a responsabilidade de cuidar de todos em sua fam\u00edlia e garantir que suas necessidades sejam atendidas. Deve haver respeito m\u00fatuo entre marido e esposa, pois seus pap\u00e9is s\u00e3o interdependentes e igualmente valiosos.<\/p>\n<p>Outros pontos importantes na vida familiar s\u00e3o as rela\u00e7\u00f5es entre pais e filhos, entre irm\u00e3os e irm\u00e3s, e entre os mais jovens e os mais velhos da fam\u00edlia. Quando a fam\u00edlia vive em harmonia e equil\u00edbrio, isso acaba refletindo para o resto da sociedade.<\/p>\n\t<p>Com esses valores e vis\u00e3o, enquanto cumpria seu pr\u00f3prio papel de esposa, m\u00e3e, av\u00f3 (e at\u00e9 bisav\u00f3), Shri Mataji manteve sua aten\u00e7\u00e3o voltada para o mundo. Ela levou essa mensagem de equil\u00edbrio e interdepend\u00eancia entre homens e mulheres para o palco mundial quando, em 1995, fez um discurso na <a href=\"https:\/\/shrimataji.org\/test\/pt\/conferencia-mundial-onu-mulheres\/\" target=\"_blank\" rel=\"noopener\">Confer\u00eancia das Mulheres da ONU, em Pequim<\/a>. Nessa ocasi\u00e3o, ela expressou suas preocupa\u00e7\u00f5es sobre a situa\u00e7\u00e3o das mulheres e destacou a import\u00e2ncia do papel da m\u00e3e, um papel que muitas sociedades t\u00eam subestimado.<\/p>\n\t<p>Assim como todos os verdadeiros grandes l\u00edderes, ela buscava unir e inspirar; considerava o mundo inteiro como sua fam\u00edlia, e todas as pessoas, independentemente de ra\u00e7a, religi\u00e3o ou nacionalidade, eram dignas de sua preocupa\u00e7\u00e3o e cuidado.<\/p>\n\n","protected":false},"excerpt":{"rendered":"<p>A Import\u00e2ncia da Fam\u00edlia A Funda\u00e7\u00e3o da Sociedade Uma sociedade bem-sucedida se sustenta na for\u00e7a de nossas estruturas familiares, bem como nos nossos pap\u00e9is e relacionamentos uns com os outros. Shri Mataji frequentemente expressava sua vis\u00e3o de uma sociedade equilibrada e, ao longo de sua vida, foi um exemplo ideal dos diversos pap\u00e9is que uma&hellip; <br \/> <a class=\"read-more\" href=\"https:\/\/shrimataji.org\/test\/pt\/importancia-da-familia\/\">Read more<\/a><\/p>\n","protected":false},"author":18,"featured_media":15464,"parent":0,"menu_order":0,"comment_status":"closed","ping_status":"closed","template":"","meta":{"inline_featured_image":false,"footnotes":""},"class_list":["post-15463","page","type-page","status-publish","has-post-thumbnail","hentry"],"yoast_head":"<!-- This site is optimized with the Yoast SEO plugin v27.4 - https:\/\/yoast.com\/product\/yoast-seo-wordpress\/ -->\n<title>A Import\u00e2ncia da Fam\u00edlia - TEST - SMND<\/title>\n<meta name=\"robots\" content=\"noindex, follow, max-snippet:-1, max-image-preview:large, max-video-preview:-1\" \/>\n<meta property=\"og:locale\" content=\"en_US\" \/>\n<meta property=\"og:type\" content=\"article\" \/>\n<meta property=\"og:title\" content=\"A Import\u00e2ncia da Fam\u00edlia - TEST - SMND\" \/>\n<meta property=\"og:description\" content=\"A Import\u00e2ncia da Fam\u00edlia A Funda\u00e7\u00e3o da Sociedade Uma sociedade bem-sucedida se sustenta na for\u00e7a de nossas estruturas familiares, bem como nos nossos pap\u00e9is e relacionamentos uns com os outros. Shri Mataji frequentemente expressava sua vis\u00e3o de uma sociedade equilibrada e, ao longo de sua vida, foi um exemplo ideal dos diversos pap\u00e9is que uma&hellip; Read more\" \/>\n<meta property=\"og:url\" content=\"https:\/\/shrimataji.org\/test\/pt\/importancia-da-familia\/\" \/>\n<meta property=\"og:site_name\" content=\"TEST - SMND\" \/>\n<meta property=\"article:publisher\" content=\"https:\/\/www.facebook.com\/shrimataji\" \/>\n<meta property=\"article:modified_time\" content=\"2026-01-18T18:45:32+00:00\" \/>\n<meta property=\"og:image\" content=\"https:\/\/shrimataji.org\/test\/wp-content\/uploads\/2018\/07\/media_originals\/images\/headers-work-importance-of-family\/sunset-over-the-jesus-hill-in-glastonbury-uk.jpg\" \/>\n\t<meta property=\"og:image:width\" content=\"990\" \/>\n\t<meta property=\"og:image:height\" content=\"350\" \/>\n\t<meta property=\"og:image:type\" content=\"image\/jpeg\" \/>\n<meta name=\"twitter:card\" content=\"summary_large_image\" \/>\n<meta name=\"twitter:site\" content=\"@shrimataji\" \/>\n<meta name=\"twitter:label1\" content=\"Est. reading time\" \/>\n\t<meta name=\"twitter:data1\" content=\"3 minutes\" \/>\n<script type=\"application\/ld+json\" class=\"yoast-schema-graph\">{\"@context\":\"https:\\\/\\\/schema.org\",\"@graph\":[{\"@type\":\"WebPage\",\"@id\":\"https:\\\/\\\/shrimataji.org\\\/test\\\/pt\\\/importancia-da-familia\\\/\",\"url\":\"https:\\\/\\\/shrimataji.org\\\/test\\\/pt\\\/importancia-da-familia\\\/\",\"name\":\"A Import\u00e2ncia da Fam\u00edlia - TEST - SMND\",\"isPartOf\":{\"@id\":\"https:\\\/\\\/shrimataji.org\\\/test\\\/#website\"},\"primaryImageOfPage\":{\"@id\":\"https:\\\/\\\/shrimataji.org\\\/test\\\/pt\\\/importancia-da-familia\\\/#primaryimage\"},\"image\":{\"@id\":\"https:\\\/\\\/shrimataji.org\\\/test\\\/pt\\\/importancia-da-familia\\\/#primaryimage\"},\"thumbnailUrl\":\"https:\\\/\\\/shrimataji.org\\\/test\\\/wp-content\\\/uploads\\\/2018\\\/07\\\/media_originals\\\/images\\\/headers-work-importance-of-family\\\/sunset-over-the-jesus-hill-in-glastonbury-uk.jpg\",\"datePublished\":\"2018-07-10T06:54:46+00:00\",\"dateModified\":\"2026-01-18T18:45:32+00:00\",\"breadcrumb\":{\"@id\":\"https:\\\/\\\/shrimataji.org\\\/test\\\/pt\\\/importancia-da-familia\\\/#breadcrumb\"},\"inLanguage\":\"en-US\",\"potentialAction\":[{\"@type\":\"ReadAction\",\"target\":[\"https:\\\/\\\/shrimataji.org\\\/test\\\/pt\\\/importancia-da-familia\\\/\"]}]},{\"@type\":\"ImageObject\",\"inLanguage\":\"en-US\",\"@id\":\"https:\\\/\\\/shrimataji.org\\\/test\\\/pt\\\/importancia-da-familia\\\/#primaryimage\",\"url\":\"https:\\\/\\\/shrimataji.org\\\/test\\\/wp-content\\\/uploads\\\/2018\\\/07\\\/media_originals\\\/images\\\/headers-work-importance-of-family\\\/sunset-over-the-jesus-hill-in-glastonbury-uk.jpg\",\"contentUrl\":\"https:\\\/\\\/shrimataji.org\\\/test\\\/wp-content\\\/uploads\\\/2018\\\/07\\\/media_originals\\\/images\\\/headers-work-importance-of-family\\\/sunset-over-the-jesus-hill-in-glastonbury-uk.jpg\",\"width\":990,\"height\":350},{\"@type\":\"BreadcrumbList\",\"@id\":\"https:\\\/\\\/shrimataji.org\\\/test\\\/pt\\\/importancia-da-familia\\\/#breadcrumb\",\"itemListElement\":[{\"@type\":\"ListItem\",\"position\":1,\"name\":\"Home\",\"item\":\"https:\\\/\\\/shrimataji.org\\\/test\\\/uk\\\/home-en\\\/\"},{\"@type\":\"ListItem\",\"position\":2,\"name\":\"A Import\u00e2ncia da Fam\u00edlia\"}]},{\"@type\":\"WebSite\",\"@id\":\"https:\\\/\\\/shrimataji.org\\\/test\\\/#website\",\"url\":\"https:\\\/\\\/shrimataji.org\\\/test\\\/\",\"name\":\"Shri Mataji Nirmala Devi\",\"description\":\"A Life Dedicated to Humanity\",\"publisher\":{\"@id\":\"https:\\\/\\\/shrimataji.org\\\/test\\\/#\\\/schema\\\/person\\\/a1b3419c6585f164aa96da1ff85715d1\"},\"potentialAction\":[{\"@type\":\"SearchAction\",\"target\":{\"@type\":\"EntryPoint\",\"urlTemplate\":\"https:\\\/\\\/shrimataji.org\\\/test\\\/?s={search_term_string}\"},\"query-input\":{\"@type\":\"PropertyValueSpecification\",\"valueRequired\":true,\"valueName\":\"search_term_string\"}}],\"inLanguage\":\"en-US\"},{\"@type\":[\"Person\",\"Organization\"],\"@id\":\"https:\\\/\\\/shrimataji.org\\\/test\\\/#\\\/schema\\\/person\\\/a1b3419c6585f164aa96da1ff85715d1\",\"name\":\"Nirmala Shrivastava\",\"image\":{\"@type\":\"ImageObject\",\"inLanguage\":\"en-US\",\"@id\":\"https:\\\/\\\/shrimataji.org\\\/test\\\/wp-content\\\/uploads\\\/2023\\\/02\\\/SMO_LOGO-03.svg\",\"url\":\"https:\\\/\\\/shrimataji.org\\\/test\\\/wp-content\\\/uploads\\\/2023\\\/02\\\/SMO_LOGO-03.svg\",\"contentUrl\":\"https:\\\/\\\/shrimataji.org\\\/test\\\/wp-content\\\/uploads\\\/2023\\\/02\\\/SMO_LOGO-03.svg\",\"width\":\"1024\",\"height\":\"1024\",\"caption\":\"Nirmala Shrivastava\"},\"logo\":{\"@id\":\"https:\\\/\\\/shrimataji.org\\\/test\\\/wp-content\\\/uploads\\\/2023\\\/02\\\/SMO_LOGO-03.svg\"},\"sameAs\":[\"https:\\\/\\\/shrimataji.org\\\/test\",\"https:\\\/\\\/www.facebook.com\\\/shrimataji\",\"https:\\\/\\\/x.com\\\/shrimataji\",\"https:\\\/\\\/www.youtube.com\\\/@Shri_Mataji_Nirmala_Devi\\\/featured\"]}]}<\/script>\n<!-- \/ Yoast SEO plugin. -->","yoast_head_json":{"title":"A Import\u00e2ncia da Fam\u00edlia - TEST - SMND","robots":{"index":"noindex","follow":"follow","max-snippet":"max-snippet:-1","max-image-preview":"max-image-preview:large","max-video-preview":"max-video-preview:-1"},"og_locale":"en_US","og_type":"article","og_title":"A Import\u00e2ncia da Fam\u00edlia - TEST - SMND","og_description":"A Import\u00e2ncia da Fam\u00edlia A Funda\u00e7\u00e3o da Sociedade Uma sociedade bem-sucedida se sustenta na for\u00e7a de nossas estruturas familiares, bem como nos nossos pap\u00e9is e relacionamentos uns com os outros. Shri Mataji frequentemente expressava sua vis\u00e3o de uma sociedade equilibrada e, ao longo de sua vida, foi um exemplo ideal dos diversos pap\u00e9is que uma&hellip; Read more","og_url":"https:\/\/shrimataji.org\/test\/pt\/importancia-da-familia\/","og_site_name":"TEST - SMND","article_publisher":"https:\/\/www.facebook.com\/shrimataji","article_modified_time":"2026-01-18T18:45:32+00:00","og_image":[{"width":990,"height":350,"url":"https:\/\/shrimataji.org\/test\/wp-content\/uploads\/2018\/07\/media_originals\/images\/headers-work-importance-of-family\/sunset-over-the-jesus-hill-in-glastonbury-uk.jpg","type":"image\/jpeg"}],"twitter_card":"summary_large_image","twitter_site":"@shrimataji","twitter_misc":{"Est. reading time":"3 minutes"},"schema":{"@context":"https:\/\/schema.org","@graph":[{"@type":"WebPage","@id":"https:\/\/shrimataji.org\/test\/pt\/importancia-da-familia\/","url":"https:\/\/shrimataji.org\/test\/pt\/importancia-da-familia\/","name":"A Import\u00e2ncia da Fam\u00edlia - TEST - SMND","isPartOf":{"@id":"https:\/\/shrimataji.org\/test\/#website"},"primaryImageOfPage":{"@id":"https:\/\/shrimataji.org\/test\/pt\/importancia-da-familia\/#primaryimage"},"image":{"@id":"https:\/\/shrimataji.org\/test\/pt\/importancia-da-familia\/#primaryimage"},"thumbnailUrl":"https:\/\/shrimataji.org\/test\/wp-content\/uploads\/2018\/07\/media_originals\/images\/headers-work-importance-of-family\/sunset-over-the-jesus-hill-in-glastonbury-uk.jpg","datePublished":"2018-07-10T06:54:46+00:00","dateModified":"2026-01-18T18:45:32+00:00","breadcrumb":{"@id":"https:\/\/shrimataji.org\/test\/pt\/importancia-da-familia\/#breadcrumb"},"inLanguage":"en-US","potentialAction":[{"@type":"ReadAction","target":["https:\/\/shrimataji.org\/test\/pt\/importancia-da-familia\/"]}]},{"@type":"ImageObject","inLanguage":"en-US","@id":"https:\/\/shrimataji.org\/test\/pt\/importancia-da-familia\/#primaryimage","url":"https:\/\/shrimataji.org\/test\/wp-content\/uploads\/2018\/07\/media_originals\/images\/headers-work-importance-of-family\/sunset-over-the-jesus-hill-in-glastonbury-uk.jpg","contentUrl":"https:\/\/shrimataji.org\/test\/wp-content\/uploads\/2018\/07\/media_originals\/images\/headers-work-importance-of-family\/sunset-over-the-jesus-hill-in-glastonbury-uk.jpg","width":990,"height":350},{"@type":"BreadcrumbList","@id":"https:\/\/shrimataji.org\/test\/pt\/importancia-da-familia\/#breadcrumb","itemListElement":[{"@type":"ListItem","position":1,"name":"Home","item":"https:\/\/shrimataji.org\/test\/uk\/home-en\/"},{"@type":"ListItem","position":2,"name":"A Import\u00e2ncia da Fam\u00edlia"}]},{"@type":"WebSite","@id":"https:\/\/shrimataji.org\/test\/#website","url":"https:\/\/shrimataji.org\/test\/","name":"Shri Mataji Nirmala Devi","description":"A Life Dedicated to Humanity","publisher":{"@id":"https:\/\/shrimataji.org\/test\/#\/schema\/person\/a1b3419c6585f164aa96da1ff85715d1"},"potentialAction":[{"@type":"SearchAction","target":{"@type":"EntryPoint","urlTemplate":"https:\/\/shrimataji.org\/test\/?s={search_term_string}"},"query-input":{"@type":"PropertyValueSpecification","valueRequired":true,"valueName":"search_term_string"}}],"inLanguage":"en-US"},{"@type":["Person","Organization"],"@id":"https:\/\/shrimataji.org\/test\/#\/schema\/person\/a1b3419c6585f164aa96da1ff85715d1","name":"Nirmala Shrivastava","image":{"@type":"ImageObject","inLanguage":"en-US","@id":"https:\/\/shrimataji.org\/test\/wp-content\/uploads\/2023\/02\/SMO_LOGO-03.svg","url":"https:\/\/shrimataji.org\/test\/wp-content\/uploads\/2023\/02\/SMO_LOGO-03.svg","contentUrl":"https:\/\/shrimataji.org\/test\/wp-content\/uploads\/2023\/02\/SMO_LOGO-03.svg","width":"1024","height":"1024","caption":"Nirmala Shrivastava"},"logo":{"@id":"https:\/\/shrimataji.org\/test\/wp-content\/uploads\/2023\/02\/SMO_LOGO-03.svg"},"sameAs":["https:\/\/shrimataji.org\/test","https:\/\/www.facebook.com\/shrimataji","https:\/\/x.com\/shrimataji","https:\/\/www.youtube.com\/@Shri_Mataji_Nirmala_Devi\/featured"]}]}},"lang":"pt","translations":{"pt":15463},"pll_sync_post":[],"_links":{"self":[{"href":"https:\/\/shrimataji.org\/test\/wp-json\/wp\/v2\/pages\/15463","targetHints":{"allow":["GET"]}}],"collection":[{"href":"https:\/\/shrimataji.org\/test\/wp-json\/wp\/v2\/pages"}],"about":[{"href":"https:\/\/shrimataji.org\/test\/wp-json\/wp\/v2\/types\/page"}],"author":[{"embeddable":true,"href":"https:\/\/shrimataji.org\/test\/wp-json\/wp\/v2\/users\/18"}],"replies":[{"embeddable":true,"href":"https:\/\/shrimataji.org\/test\/wp-json\/wp\/v2\/comments?post=15463"}],"version-history":[{"count":0,"href":"https:\/\/shrimataji.org\/test\/wp-json\/wp\/v2\/pages\/15463\/revisions"}],"wp:featuredmedia":[{"embeddable":true,"href":"https:\/\/shrimataji.org\/test\/wp-json\/wp\/v2\/media\/15464"}],"wp:attachment":[{"href":"https:\/\/shrimataji.org\/test\/wp-json\/wp\/v2\/media?parent=15463"}],"curies":[{"name":"wp","href":"https:\/\/api.w.org\/{rel}","templated":true}]}}