{"id":15469,"date":"2018-07-10T06:54:46","date_gmt":"2018-07-10T06:54:46","guid":{"rendered":"http:\/\/testwordpress.nirmalnagari.org\/smnd\/index.php\/importance-of-family\/"},"modified":"2026-01-31T17:09:24","modified_gmt":"2026-01-31T17:09:24","slug":"vyznam-rodiny","status":"publish","type":"page","link":"https:\/\/shrimataji.org\/test\/sk\/vyznam-rodiny\/","title":{"rendered":"V\u00fdznam rodiny"},"content":{"rendered":"\n\n\t<h1>V\u00fdznam rodiny<\/h1>\n<h2>Z\u00e1klad spolo\u010dnosti<\/h2>\n\t<h4>\u00daspech spolo\u010dnosti z\u00e1vis\u00ed na sile rodiny, na na\u0161ich vz\u0165ahoch a \u00faloh\u00e1ch v nej. \u0160ri Matad\u017ei \u010dasto vyjadrovala svoju v\u00edziu takejto harmonickej spolo\u010dnosti a po\u010das svojho \u017eivota bola ide\u00e1lnym pr\u00edkladom \u017eeny, ktor\u00e1 pln\u00ed mnoho funkci\u00ed nielen v rodine, ale aj v komunite a spolo\u010dnosti.<\/h4>\n\t<p>U\u017e v ranom veku prevzala zodpovednos\u0165 za svoju rodinu a hoci nebola najstar\u0161ia, starala sa o svojich po\u010detn\u00fdch s\u00farodencov, ke\u010f jej rodi\u010dia bojovali za oslobodenie Indie. Do tohto hnutia sa aj ona ako mlad\u00e1 pripojila. \u0160ri Matad\u017ei sa starala o svoje dc\u00e9ry, podporovala svojho man\u017eela, ke\u010f cestovali do zahrani\u010dia kv\u00f4li jeho pr\u00e1ci v n\u00e1mornej organiz\u00e1cii spojen\u00fdch n\u00e1rodov. Hoci jej z\u00e1ujem o \u013eudsk\u00e9 bytosti bol glob\u00e1lny, po\u010dkala k\u00fdm sa jej dc\u00e9ry neosamostatnia a nevydaj\u00fa a a\u017e potom za\u010dala svoju pr\u00e1cu pre \u013eudstvo.<\/p>\n\t<p>O dynamike man\u017eelsk\u00e9ho vz\u0165ahu \u0160ri Matad\u017ei raz povedala: &#8220;Mus\u00ed tu by\u0165 rovnov\u00e1ha, nejde o man\u017eela \u010di man\u017eelku, jedn\u00e1 sa o obidvoch. Mali by sa navz\u00e1jom re\u0161pektova\u0165, milova\u0165 sa, v\u0161etko spolo\u010dne zdie\u013ea\u0165 a spolu\u017ei\u0165 tak, aby ostatn\u00ed videli \u017ee na voze s\u00fa dve koles\u00e1, jedno na pravo a jedno na \u013eavo.&#8221; Rovnov\u00e1ha si vy\u017eaduje rovnos\u0165. Nesmie tam by\u0165 \u017eiadna nerovnov\u00e1ha, obaja s\u00fa rovnocenn\u00ed, ale odli\u0161n\u00ed.<\/p>\n\t<div class=\"su-quote su-quote-style-default\"><div class=\"su-quote-inner su-u-clearfix su-u-trim\"> Ke\u010f vytvor\u00edte dobr\u00fa rodinu, vytvor\u00edte okolo seba ve\u013emi kr\u00e1sny svet. <\/div><\/div>\n\t<p>\u0160ri Matad\u017ei prirovnala vlastnosti man\u017eelky k vlastnostiam Matky Zeme: d\u00e1va v\u00fd\u017eivu, je \u0161tedr\u00e1 a miluj\u00faca, dok\u00e1\u017ee vytv\u00e1ra\u0165 kr\u00e1su. Je tie\u017e tvorcom mieru, pom\u00e1ha udr\u017eiava\u0165 harmonick\u00e9 rodinn\u00e9 vz\u0165ahy. Je zdrojom sily v rodine, jej pr\u00ednos presahuje hranice rodiny. &#8220;\u017dena d\u00e1va silu svojmu synovi, man\u017eelovi a celej spolo\u010dnosti.&#8221;<\/p>\n<figure itemscope itemtype=\"https:\/\/schema.org\/ImageObject\">\n\t\t\t\t<img decoding=\"async\" src=\"https:\/\/shrimataji.org\/wp-content\/uploads\/2018\/07\/media_originals\/images\/art\/aftertitian-aldobrandini-by-graham-brown-dec-2009-1024x694.jpg\" alt=\"Aldobrandinische Madonna nach Tizian\n(Graham Brown, 2009)\" title=\"aftertitian-aldobrandini-by-graham-brown-dec-2009\" onerror=\"this.style.display='none'\" loading=\"lazy\" \/>\n\t<\/figure>\n\t<p>Man\u017eel je zodpovedn\u00fd za ka\u017ed\u00e9ho v rodine, star\u00e1 sa o ich potreby. Medzi man\u017eelmi by mala by\u0165 vz\u00e1jomn\u00e1 \u00facta, preto\u017ee ich \u00falohy s\u00fa r\u00f4zne, ale rovnako d\u00f4le\u017eit\u00e9.<\/p>\n<p>Medzi \u010fal\u0161ie d\u00f4le\u017eit\u00e9 aspekty rodinn\u00e9ho \u017eivota patria vz\u0165ahy medzi de\u0165mi a rodi\u010dmi, bratmi a sestrami, mlad\u0161\u00edmi a star\u0161\u00edmi \u010dlenmi rodiny.<\/p>\n\t<p>Popri plnen\u00ed svojej role man\u017eelky, matky, babi\u010dky ba aj prababi\u010dky, sa svojou v\u00edziou a hodnotami zameriavala na cel\u00fd svet. Toto posolstvo o rovnov\u00e1he medzi mu\u017eom a \u017eenou, ich vz\u00e1jomn\u00e9 prepojenie preniesla na svetov\u00fa sc\u00e9nu, ke\u010f v roku 1995 vyst\u00fapila na <a href=\"https:\/\/shrimataji.org\/test\/sk\/stvrta-svetova-konferencia-zien-osn\/\" target=\"_blank\" rel=\"noopener\">\u017eenskej konferencii Organiz\u00e1cie spojen\u00fdch n\u00e1rodov v Pekingu<\/a>. Tu vyjadrila svoje obavy zo situ\u00e1cie \u017eien a zd\u00f4raznila d\u00f4le\u017eitos\u0165 \u00falohy matky, ktor\u00e1 je spolo\u010dnos\u0165ou podce\u0148ovan\u00e1.<\/p>\n\t<p>Ako v\u0161etci ve\u013ek\u00ed vodcovia aj ona pova\u017eovala cel\u00fd svet za svoju rodinu, sna\u017eiac sa sp\u00e1ja\u0165 \u013eud\u00ed a in\u0161pirova\u0165 ich. Zauj\u00edmala sa o ka\u017ed\u00e9ho, bez oh\u013eadu na jeho rasu, n\u00e1bo\u017eenstvo \u010di n\u00e1rodnos\u0165.<\/p>\n\n","protected":false},"excerpt":{"rendered":"<p>V\u00fdznam rodiny Z\u00e1klad spolo\u010dnosti \u00daspech spolo\u010dnosti z\u00e1vis\u00ed na sile rodiny, na na\u0161ich vz\u0165ahoch a \u00faloh\u00e1ch v nej. \u0160ri Matad\u017ei \u010dasto vyjadrovala svoju v\u00edziu takejto harmonickej spolo\u010dnosti a po\u010das svojho \u017eivota bola ide\u00e1lnym pr\u00edkladom \u017eeny, ktor\u00e1 pln\u00ed mnoho funkci\u00ed nielen v rodine, ale aj v komunite a spolo\u010dnosti. U\u017e v ranom veku prevzala zodpovednos\u0165 za svoju&hellip; <br \/> <a class=\"read-more\" href=\"https:\/\/shrimataji.org\/test\/sk\/vyznam-rodiny\/\">Read more<\/a><\/p>\n","protected":false},"author":28,"featured_media":15470,"parent":0,"menu_order":0,"comment_status":"closed","ping_status":"closed","template":"","meta":{"inline_featured_image":false,"footnotes":""},"class_list":["post-15469","page","type-page","status-publish","has-post-thumbnail","hentry"],"yoast_head":"<!-- This site is optimized with the Yoast SEO plugin v27.4 - https:\/\/yoast.com\/product\/yoast-seo-wordpress\/ -->\n<title>V\u00fdznam rodiny - TEST - SMND<\/title>\n<meta name=\"robots\" content=\"noindex, follow, max-snippet:-1, max-image-preview:large, max-video-preview:-1\" \/>\n<meta property=\"og:locale\" content=\"en_US\" \/>\n<meta property=\"og:type\" content=\"article\" \/>\n<meta property=\"og:title\" content=\"V\u00fdznam rodiny - TEST - SMND\" \/>\n<meta property=\"og:description\" content=\"V\u00fdznam rodiny Z\u00e1klad spolo\u010dnosti \u00daspech spolo\u010dnosti z\u00e1vis\u00ed na sile rodiny, na na\u0161ich vz\u0165ahoch a \u00faloh\u00e1ch v nej. \u0160ri Matad\u017ei \u010dasto vyjadrovala svoju v\u00edziu takejto harmonickej spolo\u010dnosti a po\u010das svojho \u017eivota bola ide\u00e1lnym pr\u00edkladom \u017eeny, ktor\u00e1 pln\u00ed mnoho funkci\u00ed nielen v rodine, ale aj v komunite a spolo\u010dnosti. U\u017e v ranom veku prevzala zodpovednos\u0165 za svoju&hellip; Read more\" \/>\n<meta property=\"og:url\" content=\"https:\/\/shrimataji.org\/test\/sk\/vyznam-rodiny\/\" \/>\n<meta property=\"og:site_name\" content=\"TEST - SMND\" \/>\n<meta property=\"article:publisher\" content=\"https:\/\/www.facebook.com\/shrimataji\" \/>\n<meta property=\"article:modified_time\" content=\"2026-01-31T17:09:24+00:00\" \/>\n<meta property=\"og:image\" content=\"https:\/\/shrimataji.org\/test\/wp-content\/uploads\/2018\/07\/media_originals\/images\/headers-work-importance-of-family\/sunset-over-the-jesus-hill-in-glastonbury-uk.jpg\" \/>\n\t<meta property=\"og:image:width\" content=\"990\" \/>\n\t<meta property=\"og:image:height\" content=\"350\" \/>\n\t<meta property=\"og:image:type\" content=\"image\/jpeg\" \/>\n<meta name=\"twitter:card\" content=\"summary_large_image\" \/>\n<meta name=\"twitter:site\" content=\"@shrimataji\" \/>\n<meta name=\"twitter:label1\" content=\"Est. reading time\" \/>\n\t<meta name=\"twitter:data1\" content=\"3 minutes\" \/>\n<script type=\"application\/ld+json\" class=\"yoast-schema-graph\">{\"@context\":\"https:\\\/\\\/schema.org\",\"@graph\":[{\"@type\":\"WebPage\",\"@id\":\"https:\\\/\\\/shrimataji.org\\\/test\\\/sk\\\/vyznam-rodiny\\\/\",\"url\":\"https:\\\/\\\/shrimataji.org\\\/test\\\/sk\\\/vyznam-rodiny\\\/\",\"name\":\"V\u00fdznam rodiny - TEST - SMND\",\"isPartOf\":{\"@id\":\"https:\\\/\\\/shrimataji.org\\\/test\\\/#website\"},\"primaryImageOfPage\":{\"@id\":\"https:\\\/\\\/shrimataji.org\\\/test\\\/sk\\\/vyznam-rodiny\\\/#primaryimage\"},\"image\":{\"@id\":\"https:\\\/\\\/shrimataji.org\\\/test\\\/sk\\\/vyznam-rodiny\\\/#primaryimage\"},\"thumbnailUrl\":\"https:\\\/\\\/shrimataji.org\\\/test\\\/wp-content\\\/uploads\\\/2018\\\/07\\\/media_originals\\\/images\\\/headers-work-importance-of-family\\\/sunset-over-the-jesus-hill-in-glastonbury-uk.jpg\",\"datePublished\":\"2018-07-10T06:54:46+00:00\",\"dateModified\":\"2026-01-31T17:09:24+00:00\",\"breadcrumb\":{\"@id\":\"https:\\\/\\\/shrimataji.org\\\/test\\\/sk\\\/vyznam-rodiny\\\/#breadcrumb\"},\"inLanguage\":\"en-US\",\"potentialAction\":[{\"@type\":\"ReadAction\",\"target\":[\"https:\\\/\\\/shrimataji.org\\\/test\\\/sk\\\/vyznam-rodiny\\\/\"]}]},{\"@type\":\"ImageObject\",\"inLanguage\":\"en-US\",\"@id\":\"https:\\\/\\\/shrimataji.org\\\/test\\\/sk\\\/vyznam-rodiny\\\/#primaryimage\",\"url\":\"https:\\\/\\\/shrimataji.org\\\/test\\\/wp-content\\\/uploads\\\/2018\\\/07\\\/media_originals\\\/images\\\/headers-work-importance-of-family\\\/sunset-over-the-jesus-hill-in-glastonbury-uk.jpg\",\"contentUrl\":\"https:\\\/\\\/shrimataji.org\\\/test\\\/wp-content\\\/uploads\\\/2018\\\/07\\\/media_originals\\\/images\\\/headers-work-importance-of-family\\\/sunset-over-the-jesus-hill-in-glastonbury-uk.jpg\",\"width\":990,\"height\":350},{\"@type\":\"BreadcrumbList\",\"@id\":\"https:\\\/\\\/shrimataji.org\\\/test\\\/sk\\\/vyznam-rodiny\\\/#breadcrumb\",\"itemListElement\":[{\"@type\":\"ListItem\",\"position\":1,\"name\":\"Home\",\"item\":\"https:\\\/\\\/shrimataji.org\\\/test\\\/uk\\\/home-en\\\/\"},{\"@type\":\"ListItem\",\"position\":2,\"name\":\"V\u00fdznam rodiny\"}]},{\"@type\":\"WebSite\",\"@id\":\"https:\\\/\\\/shrimataji.org\\\/test\\\/#website\",\"url\":\"https:\\\/\\\/shrimataji.org\\\/test\\\/\",\"name\":\"Shri Mataji Nirmala Devi\",\"description\":\"A Life Dedicated to Humanity\",\"publisher\":{\"@id\":\"https:\\\/\\\/shrimataji.org\\\/test\\\/#\\\/schema\\\/person\\\/a1b3419c6585f164aa96da1ff85715d1\"},\"potentialAction\":[{\"@type\":\"SearchAction\",\"target\":{\"@type\":\"EntryPoint\",\"urlTemplate\":\"https:\\\/\\\/shrimataji.org\\\/test\\\/?s={search_term_string}\"},\"query-input\":{\"@type\":\"PropertyValueSpecification\",\"valueRequired\":true,\"valueName\":\"search_term_string\"}}],\"inLanguage\":\"en-US\"},{\"@type\":[\"Person\",\"Organization\"],\"@id\":\"https:\\\/\\\/shrimataji.org\\\/test\\\/#\\\/schema\\\/person\\\/a1b3419c6585f164aa96da1ff85715d1\",\"name\":\"Nirmala Shrivastava\",\"image\":{\"@type\":\"ImageObject\",\"inLanguage\":\"en-US\",\"@id\":\"https:\\\/\\\/shrimataji.org\\\/test\\\/wp-content\\\/uploads\\\/2023\\\/02\\\/SMO_LOGO-03.svg\",\"url\":\"https:\\\/\\\/shrimataji.org\\\/test\\\/wp-content\\\/uploads\\\/2023\\\/02\\\/SMO_LOGO-03.svg\",\"contentUrl\":\"https:\\\/\\\/shrimataji.org\\\/test\\\/wp-content\\\/uploads\\\/2023\\\/02\\\/SMO_LOGO-03.svg\",\"width\":\"1024\",\"height\":\"1024\",\"caption\":\"Nirmala Shrivastava\"},\"logo\":{\"@id\":\"https:\\\/\\\/shrimataji.org\\\/test\\\/wp-content\\\/uploads\\\/2023\\\/02\\\/SMO_LOGO-03.svg\"},\"sameAs\":[\"https:\\\/\\\/shrimataji.org\\\/test\",\"https:\\\/\\\/www.facebook.com\\\/shrimataji\",\"https:\\\/\\\/x.com\\\/shrimataji\",\"https:\\\/\\\/www.youtube.com\\\/@Shri_Mataji_Nirmala_Devi\\\/featured\"]}]}<\/script>\n<!-- \/ Yoast SEO plugin. -->","yoast_head_json":{"title":"V\u00fdznam rodiny - TEST - SMND","robots":{"index":"noindex","follow":"follow","max-snippet":"max-snippet:-1","max-image-preview":"max-image-preview:large","max-video-preview":"max-video-preview:-1"},"og_locale":"en_US","og_type":"article","og_title":"V\u00fdznam rodiny - TEST - SMND","og_description":"V\u00fdznam rodiny Z\u00e1klad spolo\u010dnosti \u00daspech spolo\u010dnosti z\u00e1vis\u00ed na sile rodiny, na na\u0161ich vz\u0165ahoch a \u00faloh\u00e1ch v nej. \u0160ri Matad\u017ei \u010dasto vyjadrovala svoju v\u00edziu takejto harmonickej spolo\u010dnosti a po\u010das svojho \u017eivota bola ide\u00e1lnym pr\u00edkladom \u017eeny, ktor\u00e1 pln\u00ed mnoho funkci\u00ed nielen v rodine, ale aj v komunite a spolo\u010dnosti. U\u017e v ranom veku prevzala zodpovednos\u0165 za svoju&hellip; Read more","og_url":"https:\/\/shrimataji.org\/test\/sk\/vyznam-rodiny\/","og_site_name":"TEST - SMND","article_publisher":"https:\/\/www.facebook.com\/shrimataji","article_modified_time":"2026-01-31T17:09:24+00:00","og_image":[{"width":990,"height":350,"url":"https:\/\/shrimataji.org\/test\/wp-content\/uploads\/2018\/07\/media_originals\/images\/headers-work-importance-of-family\/sunset-over-the-jesus-hill-in-glastonbury-uk.jpg","type":"image\/jpeg"}],"twitter_card":"summary_large_image","twitter_site":"@shrimataji","twitter_misc":{"Est. reading time":"3 minutes"},"schema":{"@context":"https:\/\/schema.org","@graph":[{"@type":"WebPage","@id":"https:\/\/shrimataji.org\/test\/sk\/vyznam-rodiny\/","url":"https:\/\/shrimataji.org\/test\/sk\/vyznam-rodiny\/","name":"V\u00fdznam rodiny - TEST - SMND","isPartOf":{"@id":"https:\/\/shrimataji.org\/test\/#website"},"primaryImageOfPage":{"@id":"https:\/\/shrimataji.org\/test\/sk\/vyznam-rodiny\/#primaryimage"},"image":{"@id":"https:\/\/shrimataji.org\/test\/sk\/vyznam-rodiny\/#primaryimage"},"thumbnailUrl":"https:\/\/shrimataji.org\/test\/wp-content\/uploads\/2018\/07\/media_originals\/images\/headers-work-importance-of-family\/sunset-over-the-jesus-hill-in-glastonbury-uk.jpg","datePublished":"2018-07-10T06:54:46+00:00","dateModified":"2026-01-31T17:09:24+00:00","breadcrumb":{"@id":"https:\/\/shrimataji.org\/test\/sk\/vyznam-rodiny\/#breadcrumb"},"inLanguage":"en-US","potentialAction":[{"@type":"ReadAction","target":["https:\/\/shrimataji.org\/test\/sk\/vyznam-rodiny\/"]}]},{"@type":"ImageObject","inLanguage":"en-US","@id":"https:\/\/shrimataji.org\/test\/sk\/vyznam-rodiny\/#primaryimage","url":"https:\/\/shrimataji.org\/test\/wp-content\/uploads\/2018\/07\/media_originals\/images\/headers-work-importance-of-family\/sunset-over-the-jesus-hill-in-glastonbury-uk.jpg","contentUrl":"https:\/\/shrimataji.org\/test\/wp-content\/uploads\/2018\/07\/media_originals\/images\/headers-work-importance-of-family\/sunset-over-the-jesus-hill-in-glastonbury-uk.jpg","width":990,"height":350},{"@type":"BreadcrumbList","@id":"https:\/\/shrimataji.org\/test\/sk\/vyznam-rodiny\/#breadcrumb","itemListElement":[{"@type":"ListItem","position":1,"name":"Home","item":"https:\/\/shrimataji.org\/test\/uk\/home-en\/"},{"@type":"ListItem","position":2,"name":"V\u00fdznam rodiny"}]},{"@type":"WebSite","@id":"https:\/\/shrimataji.org\/test\/#website","url":"https:\/\/shrimataji.org\/test\/","name":"Shri Mataji Nirmala Devi","description":"A Life Dedicated to Humanity","publisher":{"@id":"https:\/\/shrimataji.org\/test\/#\/schema\/person\/a1b3419c6585f164aa96da1ff85715d1"},"potentialAction":[{"@type":"SearchAction","target":{"@type":"EntryPoint","urlTemplate":"https:\/\/shrimataji.org\/test\/?s={search_term_string}"},"query-input":{"@type":"PropertyValueSpecification","valueRequired":true,"valueName":"search_term_string"}}],"inLanguage":"en-US"},{"@type":["Person","Organization"],"@id":"https:\/\/shrimataji.org\/test\/#\/schema\/person\/a1b3419c6585f164aa96da1ff85715d1","name":"Nirmala Shrivastava","image":{"@type":"ImageObject","inLanguage":"en-US","@id":"https:\/\/shrimataji.org\/test\/wp-content\/uploads\/2023\/02\/SMO_LOGO-03.svg","url":"https:\/\/shrimataji.org\/test\/wp-content\/uploads\/2023\/02\/SMO_LOGO-03.svg","contentUrl":"https:\/\/shrimataji.org\/test\/wp-content\/uploads\/2023\/02\/SMO_LOGO-03.svg","width":"1024","height":"1024","caption":"Nirmala Shrivastava"},"logo":{"@id":"https:\/\/shrimataji.org\/test\/wp-content\/uploads\/2023\/02\/SMO_LOGO-03.svg"},"sameAs":["https:\/\/shrimataji.org\/test","https:\/\/www.facebook.com\/shrimataji","https:\/\/x.com\/shrimataji","https:\/\/www.youtube.com\/@Shri_Mataji_Nirmala_Devi\/featured"]}]}},"lang":"sk","translations":{"sk":15469},"pll_sync_post":[],"_links":{"self":[{"href":"https:\/\/shrimataji.org\/test\/wp-json\/wp\/v2\/pages\/15469","targetHints":{"allow":["GET"]}}],"collection":[{"href":"https:\/\/shrimataji.org\/test\/wp-json\/wp\/v2\/pages"}],"about":[{"href":"https:\/\/shrimataji.org\/test\/wp-json\/wp\/v2\/types\/page"}],"author":[{"embeddable":true,"href":"https:\/\/shrimataji.org\/test\/wp-json\/wp\/v2\/users\/28"}],"replies":[{"embeddable":true,"href":"https:\/\/shrimataji.org\/test\/wp-json\/wp\/v2\/comments?post=15469"}],"version-history":[{"count":0,"href":"https:\/\/shrimataji.org\/test\/wp-json\/wp\/v2\/pages\/15469\/revisions"}],"wp:featuredmedia":[{"embeddable":true,"href":"https:\/\/shrimataji.org\/test\/wp-json\/wp\/v2\/media\/15470"}],"wp:attachment":[{"href":"https:\/\/shrimataji.org\/test\/wp-json\/wp\/v2\/media?parent=15469"}],"curies":[{"name":"wp","href":"https:\/\/api.w.org\/{rel}","templated":true}]}}