{"id":16532,"date":"2022-02-25T04:05:58","date_gmt":"2022-02-25T04:05:58","guid":{"rendered":"https:\/\/test.shrimataji.org\/?page_id=6476"},"modified":"2025-11-19T10:40:24","modified_gmt":"2025-11-19T10:40:24","slug":"chakras-kwaliteiten","status":"publish","type":"page","link":"https:\/\/shrimataji.org\/test\/nl\/chakras-kwaliteiten\/","title":{"rendered":"Chakra\u2019s en kwaliteiten"},"content":{"rendered":"\n\n\t<h1><a href=\"#_ftnref1\" name=\"_ftn1\"><\/a>Chakra&#8217;s en kwaliteiten<\/h1>\n<h2>De wielen van het leven<\/h2>\n<div class=\"su-quote su-quote-style-default\"><div class=\"su-quote-inner su-u-clearfix su-u-trim\">De chakra&#8217;s zijn gemaakt uit de vijf elementen: aarde, water, lucht, vuur en ether.<\/div><\/div>\n\t<h4>Shri Mataji legde de zoekers uit hoe je de subtiele centra (chakra&#8217;s) kan voelen, hetzij in het lichaam, hetzij in de vingertoppen en de tenen. Afhankelijk van de toestand van de menselijke psyche kan je verschillende sensaties voelen, van warm, koel tot een fysieke tinteling of druk. Geduldig ontcijferde ze elk van deze gewaarwordingen die de zoekers in haar aanwezigheid voelden als een specifiek probleem, dat hen op fysiek, mentaal, emotioneel en spiritueel niveau uit evenwicht kon brengen. Ze wees erop dat deze spirituele yoga-ervaring zeer goed beschreven staat in verschillende Heilige geschriften, vooral in de verzen van de Koran.<\/h4>\n\t<div class=\"su-quote su-quote-style-default\"><div class=\"su-quote-inner su-u-clearfix su-u-trim\">In de Koran noemt men deze ervaring Kiyama<a href=\"#citation-note-1\">[1]<\/a>. Hier wordt gezegd dat je handen zullen spreken en alles over jou en over anderen zullen vertellen. Dit is precies wat er gebeurt: je kunt met je vingertoppen je eigen (energie)centra en de centra van anderen voelen. Zo ontwikkel je zelfkennis en word je ook collectief bewust.<\/div><\/div>\n<p>Men kan zich de chakra&#8217;s voorstellen als een bundel vlammentongen of zelfs als bloemblaadjes van een lotus. Elke chakra heeft een ander aantal bloembladen die overeenkomen met het aantal subplexussen in de zenuwplexus. De zenuwplexussen regelen de informatiestroom binnen ons lichaam en onze hersenen die een harmonieus functioneren van ons wezen mogelijk maakt. Ze vormen de basis van al onze fysieke, mentale en emotionele activiteiten. Elke chakra wordt dus geassocieerd met bepaalde fysieke, mentale en emotionele eigenschappen. Wanneer we stoornissen ervaren op mentaal, emotioneel of fysiek niveau, komt dit door een subtiele blokkade of een obstakel in deze chakra&#8217;s.<\/p>\n<div class=\"su-quote su-quote-style-default\"><div class=\"su-quote-inner su-u-clearfix su-u-trim\">De subtiele energie komt binnen via het centrum van de hersenen (Sahasrara &#8211; Brahmarandhra) en verder naar de zes andere energiecentra. De manifestatie van deze subtiele energie, in het Sushumna-kanaal van het ruggenmerg, wordt het parasympathische zenuwstelsel genoemd. De subtiele centra komen in ons lichaam overeen met de plexussen buiten het ruggenmerg. Verrassend genoeg hebben we op het fysieke vlak hetzelfde aantal plexussen en subplexussen als het aantal chakra&#8217;s en hun bloembladen binnenin het ruggenmerg.<\/div><\/div>\n<p>Er is een \u00e9\u00e9n-op-\u00e9\u00e9n correlatie tussen de chakra&#8217;s in het ruggenmerg en de corresponderende uiteinden op onze handen en voeten. Als je de juiste ontcijfering kent van deze locaties in ons lichaam en hun corresponderende subtiele centra (chakra&#8217;s) wordt je gemakkelijk meester over je fysieke, mentale, emotionele en spirituele wezen. Je bent niet langer afgescheiden van de absolute universele werkelijkheid, maar je kunt je door zelfkennis losmaken van de illusies van waargenomen werkelijkheden.<\/p>\n\t\t\t\t<a href=\"https:\/\/shrimataji.org\/test\/wp-content\/uploads\/2025\/08\/Chakras_Kwaliteiten_SMO-01-scaled.png\"  target=\"_blank\" rel=\"noopener\"  itemprop=\"url\">\n\t\t\t\t<img decoding=\"async\" src=\"https:\/\/shrimataji.org\/test\/wp-content\/uploads\/2025\/08\/Chakras_Kwaliteiten_SMO-01-scaled.png\" alt=\"Chakras_Kwaliteiten_SMO-01\" itemprop=\"image\" height=\"2560\" width=\"2095\" title=\"Chakras_Kwaliteiten_SMO-01\" onerror=\"this.style.display='none'\" loading=\"lazy\" \/>\n\t\t\t\t<\/a>\n\t<p>De centra in ons subtiele systeem reguleren niet alleen ons fysieke, mentale en emotionele welzijn, maar helpen ook onze persoonlijkheid vorm te geven. Je kunt ze zien als een opslagplaats voor onze karaktereigenschappen. Naarmate we evolueren, volwassen worden en groeien, ontvouwen deze zich in ons leven, soms bewust en vaak onbewust. Bedenk eens hoe vaak je de neiging hebt gehad om iemand te helpen of vriendelijk of vrijgevig te zijn in een bepaalde situatie. Waar komen deze gevoelens vandaan? Oude oosterse culturen in China en India, leefden met behulp van de kennis van het subtiele systeem en baseerden hun samenlevingen op de hogere waarden van het spirituele leven, Dharma.<\/p>\n<p>Dharma betekent in het oude Sanskriet &#8216;rechtschapen gedragscode&#8217;, een code die in harmonie is met de universele Spirit. Een parallelle analogie kan worden getrokken met de tien geboden die aan Mozes zijn overgeleverd.\u00a0In feite kun je in vele religies, culturen en tradities van de oude wereld,\u00a0voorbeelden vinden van deze universele innerlijke gedragscode.<\/p>\n\t\t<iframe loading=\"lazy\" title=\"Chakras - The Subtle Centers\" width=\"1920\" height=\"1080\" src=\"https:\/\/www.youtube.com\/embed\/8_ocwivaNcc?feature=oembed\" frameborder=\"0\" allow=\"accelerometer; autoplay; clipboard-write; encrypted-media; gyroscope; picture-in-picture; web-share\" allowfullscreen><\/iframe>\t\n\t<p>Gebaseerd op de kennis gedeeld door Shri Mataji, beschrijven de volgende onderdelen elke chakra en benadrukken de aangeboren karaktereigenschappen gebaseerd op het oorspronkelijke principe van de subtiele centra. Sommige kwaliteiten van deze centra ontvouwen zich vanaf onze geboorte in ons menselijke bewustzijn. De hogere subtiele kwaliteiten van deze centra manifesteren zich volledig na onze zelfrealisatie door het ontwaken van de <a href=\"https:\/\/shrimataji.org\/test\/nl\/kundalini-energie\/\" target=\"_blank\" rel=\"noopener\"><u>Kundalini<\/u><\/a>.<\/p>\n<p>Door de subtiele kennis van de verschillende centra te gebruiken, kunnen we onszelf helpen in harmonie te leven met onze aangeboren spirituele natuur en onze medemensen.<\/p>\n\t<hr \/>\n\u00a0[1] <a name=\"citation-note-1\"><\/a><br \/>\nverwijst naar Al-Qiyama of Al-Qiyamah, gekend als de dag van de wederopstanding in de Koran\n\n","protected":false},"excerpt":{"rendered":"<p>Chakra&#8217;s en kwaliteiten De wielen van het leven Shri Mataji legde de zoekers uit hoe je de subtiele centra (chakra&#8217;s) kan voelen, hetzij in het lichaam, hetzij in de vingertoppen en de tenen. Afhankelijk van de toestand van de menselijke psyche kan je verschillende sensaties voelen, van warm, koel tot een fysieke tinteling of druk.&hellip; <br \/> <a class=\"read-more\" href=\"https:\/\/shrimataji.org\/test\/nl\/chakras-kwaliteiten\/\">Read more<\/a><\/p>\n","protected":false},"author":37,"featured_media":16533,"parent":0,"menu_order":0,"comment_status":"closed","ping_status":"closed","template":"","meta":{"inline_featured_image":false,"footnotes":"","advanced-sidebar-menu\/link-title":"","advanced-sidebar-menu\/exclude-page":false},"class_list":["post-16532","page","type-page","status-publish","has-post-thumbnail","hentry"],"yoast_head":"<!-- This site is optimized with the Yoast SEO plugin v27.6 - https:\/\/yoast.com\/product\/yoast-seo-wordpress\/ -->\n<title>Chakra\u2019s en kwaliteiten - TEST - SMND<\/title>\n<meta name=\"robots\" content=\"noindex, follow, max-snippet:-1, max-image-preview:large, max-video-preview:-1\" \/>\n<meta property=\"og:locale\" content=\"en_US\" \/>\n<meta property=\"og:type\" content=\"article\" \/>\n<meta property=\"og:title\" content=\"Chakra\u2019s en kwaliteiten - TEST - SMND\" \/>\n<meta property=\"og:description\" content=\"Chakra&#8217;s en kwaliteiten De wielen van het leven Shri Mataji legde de zoekers uit hoe je de subtiele centra (chakra&#8217;s) kan voelen, hetzij in het lichaam, hetzij in de vingertoppen en de tenen. Afhankelijk van de toestand van de menselijke psyche kan je verschillende sensaties voelen, van warm, koel tot een fysieke tinteling of druk.&hellip; Read more\" \/>\n<meta property=\"og:url\" content=\"https:\/\/shrimataji.org\/test\/nl\/chakras-kwaliteiten\/\" \/>\n<meta property=\"og:site_name\" content=\"TEST - SMND\" \/>\n<meta property=\"article:publisher\" content=\"https:\/\/www.facebook.com\/shrimataji\" \/>\n<meta property=\"article:modified_time\" content=\"2025-11-19T10:40:24+00:00\" \/>\n<meta property=\"og:image\" content=\"https:\/\/shrimataji.org\/test\/wp-content\/uploads\/2023\/03\/15_Banner-SY-ChakrasQualities-scaled.jpg\" \/>\n\t<meta property=\"og:image:width\" content=\"2560\" \/>\n\t<meta property=\"og:image:height\" content=\"905\" \/>\n\t<meta property=\"og:image:type\" content=\"image\/jpeg\" \/>\n<meta name=\"twitter:card\" content=\"summary_large_image\" \/>\n<meta name=\"twitter:site\" content=\"@shrimataji\" \/>\n<meta name=\"twitter:label1\" content=\"Est. reading time\" \/>\n\t<meta name=\"twitter:data1\" content=\"4 minutes\" \/>\n<script type=\"application\/ld+json\" class=\"yoast-schema-graph\">{\"@context\":\"https:\\\/\\\/schema.org\",\"@graph\":[{\"@type\":\"WebPage\",\"@id\":\"https:\\\/\\\/shrimataji.org\\\/test\\\/nl\\\/chakras-kwaliteiten\\\/\",\"url\":\"https:\\\/\\\/shrimataji.org\\\/test\\\/nl\\\/chakras-kwaliteiten\\\/\",\"name\":\"Chakra\u2019s en kwaliteiten - TEST - SMND\",\"isPartOf\":{\"@id\":\"https:\\\/\\\/shrimataji.org\\\/test\\\/#website\"},\"primaryImageOfPage\":{\"@id\":\"https:\\\/\\\/shrimataji.org\\\/test\\\/nl\\\/chakras-kwaliteiten\\\/#primaryimage\"},\"image\":{\"@id\":\"https:\\\/\\\/shrimataji.org\\\/test\\\/nl\\\/chakras-kwaliteiten\\\/#primaryimage\"},\"thumbnailUrl\":\"https:\\\/\\\/shrimataji.org\\\/test\\\/wp-content\\\/uploads\\\/2023\\\/03\\\/15_Banner-SY-ChakrasQualities-scaled.jpg\",\"datePublished\":\"2022-02-25T04:05:58+00:00\",\"dateModified\":\"2025-11-19T10:40:24+00:00\",\"breadcrumb\":{\"@id\":\"https:\\\/\\\/shrimataji.org\\\/test\\\/nl\\\/chakras-kwaliteiten\\\/#breadcrumb\"},\"inLanguage\":\"en-US\",\"potentialAction\":[{\"@type\":\"ReadAction\",\"target\":[\"https:\\\/\\\/shrimataji.org\\\/test\\\/nl\\\/chakras-kwaliteiten\\\/\"]}]},{\"@type\":\"ImageObject\",\"inLanguage\":\"en-US\",\"@id\":\"https:\\\/\\\/shrimataji.org\\\/test\\\/nl\\\/chakras-kwaliteiten\\\/#primaryimage\",\"url\":\"https:\\\/\\\/shrimataji.org\\\/test\\\/wp-content\\\/uploads\\\/2023\\\/03\\\/15_Banner-SY-ChakrasQualities-scaled.jpg\",\"contentUrl\":\"https:\\\/\\\/shrimataji.org\\\/test\\\/wp-content\\\/uploads\\\/2023\\\/03\\\/15_Banner-SY-ChakrasQualities-scaled.jpg\",\"width\":2560,\"height\":905},{\"@type\":\"BreadcrumbList\",\"@id\":\"https:\\\/\\\/shrimataji.org\\\/test\\\/nl\\\/chakras-kwaliteiten\\\/#breadcrumb\",\"itemListElement\":[{\"@type\":\"ListItem\",\"position\":1,\"name\":\"Home\",\"item\":\"https:\\\/\\\/shrimataji.org\\\/test\\\/uk\\\/home-en\\\/\"},{\"@type\":\"ListItem\",\"position\":2,\"name\":\"Chakra\u2019s en kwaliteiten\"}]},{\"@type\":\"WebSite\",\"@id\":\"https:\\\/\\\/shrimataji.org\\\/test\\\/#website\",\"url\":\"https:\\\/\\\/shrimataji.org\\\/test\\\/\",\"name\":\"Shri Mataji Nirmala Devi\",\"description\":\"A Life Dedicated to Humanity\",\"publisher\":{\"@id\":\"https:\\\/\\\/shrimataji.org\\\/test\\\/#\\\/schema\\\/person\\\/a1b3419c6585f164aa96da1ff85715d1\"},\"potentialAction\":[{\"@type\":\"SearchAction\",\"target\":{\"@type\":\"EntryPoint\",\"urlTemplate\":\"https:\\\/\\\/shrimataji.org\\\/test\\\/?s={search_term_string}\"},\"query-input\":{\"@type\":\"PropertyValueSpecification\",\"valueRequired\":true,\"valueName\":\"search_term_string\"}}],\"inLanguage\":\"en-US\"},{\"@type\":[\"Person\",\"Organization\"],\"@id\":\"https:\\\/\\\/shrimataji.org\\\/test\\\/#\\\/schema\\\/person\\\/a1b3419c6585f164aa96da1ff85715d1\",\"name\":\"Nirmala Shrivastava\",\"image\":{\"@type\":\"ImageObject\",\"inLanguage\":\"en-US\",\"@id\":\"https:\\\/\\\/shrimataji.org\\\/test\\\/wp-content\\\/uploads\\\/2023\\\/02\\\/SMO_LOGO-03.svg\",\"url\":\"https:\\\/\\\/shrimataji.org\\\/test\\\/wp-content\\\/uploads\\\/2023\\\/02\\\/SMO_LOGO-03.svg\",\"contentUrl\":\"https:\\\/\\\/shrimataji.org\\\/test\\\/wp-content\\\/uploads\\\/2023\\\/02\\\/SMO_LOGO-03.svg\",\"width\":\"1024\",\"height\":\"1024\",\"caption\":\"Nirmala Shrivastava\"},\"logo\":{\"@id\":\"https:\\\/\\\/shrimataji.org\\\/test\\\/wp-content\\\/uploads\\\/2023\\\/02\\\/SMO_LOGO-03.svg\"},\"sameAs\":[\"https:\\\/\\\/shrimataji.org\\\/test\",\"https:\\\/\\\/www.facebook.com\\\/shrimataji\",\"https:\\\/\\\/x.com\\\/shrimataji\",\"https:\\\/\\\/www.youtube.com\\\/@Shri_Mataji_Nirmala_Devi\\\/featured\"]}]}<\/script>\n<!-- \/ Yoast SEO plugin. -->","yoast_head_json":{"title":"Chakra\u2019s en kwaliteiten - TEST - SMND","robots":{"index":"noindex","follow":"follow","max-snippet":"max-snippet:-1","max-image-preview":"max-image-preview:large","max-video-preview":"max-video-preview:-1"},"og_locale":"en_US","og_type":"article","og_title":"Chakra\u2019s en kwaliteiten - TEST - SMND","og_description":"Chakra&#8217;s en kwaliteiten De wielen van het leven Shri Mataji legde de zoekers uit hoe je de subtiele centra (chakra&#8217;s) kan voelen, hetzij in het lichaam, hetzij in de vingertoppen en de tenen. Afhankelijk van de toestand van de menselijke psyche kan je verschillende sensaties voelen, van warm, koel tot een fysieke tinteling of druk.&hellip; Read more","og_url":"https:\/\/shrimataji.org\/test\/nl\/chakras-kwaliteiten\/","og_site_name":"TEST - SMND","article_publisher":"https:\/\/www.facebook.com\/shrimataji","article_modified_time":"2025-11-19T10:40:24+00:00","og_image":[{"width":2560,"height":905,"url":"https:\/\/shrimataji.org\/test\/wp-content\/uploads\/2023\/03\/15_Banner-SY-ChakrasQualities-scaled.jpg","type":"image\/jpeg"}],"twitter_card":"summary_large_image","twitter_site":"@shrimataji","twitter_misc":{"Est. reading time":"4 minutes"},"schema":{"@context":"https:\/\/schema.org","@graph":[{"@type":"WebPage","@id":"https:\/\/shrimataji.org\/test\/nl\/chakras-kwaliteiten\/","url":"https:\/\/shrimataji.org\/test\/nl\/chakras-kwaliteiten\/","name":"Chakra\u2019s en kwaliteiten - TEST - SMND","isPartOf":{"@id":"https:\/\/shrimataji.org\/test\/#website"},"primaryImageOfPage":{"@id":"https:\/\/shrimataji.org\/test\/nl\/chakras-kwaliteiten\/#primaryimage"},"image":{"@id":"https:\/\/shrimataji.org\/test\/nl\/chakras-kwaliteiten\/#primaryimage"},"thumbnailUrl":"https:\/\/shrimataji.org\/test\/wp-content\/uploads\/2023\/03\/15_Banner-SY-ChakrasQualities-scaled.jpg","datePublished":"2022-02-25T04:05:58+00:00","dateModified":"2025-11-19T10:40:24+00:00","breadcrumb":{"@id":"https:\/\/shrimataji.org\/test\/nl\/chakras-kwaliteiten\/#breadcrumb"},"inLanguage":"en-US","potentialAction":[{"@type":"ReadAction","target":["https:\/\/shrimataji.org\/test\/nl\/chakras-kwaliteiten\/"]}]},{"@type":"ImageObject","inLanguage":"en-US","@id":"https:\/\/shrimataji.org\/test\/nl\/chakras-kwaliteiten\/#primaryimage","url":"https:\/\/shrimataji.org\/test\/wp-content\/uploads\/2023\/03\/15_Banner-SY-ChakrasQualities-scaled.jpg","contentUrl":"https:\/\/shrimataji.org\/test\/wp-content\/uploads\/2023\/03\/15_Banner-SY-ChakrasQualities-scaled.jpg","width":2560,"height":905},{"@type":"BreadcrumbList","@id":"https:\/\/shrimataji.org\/test\/nl\/chakras-kwaliteiten\/#breadcrumb","itemListElement":[{"@type":"ListItem","position":1,"name":"Home","item":"https:\/\/shrimataji.org\/test\/uk\/home-en\/"},{"@type":"ListItem","position":2,"name":"Chakra\u2019s en kwaliteiten"}]},{"@type":"WebSite","@id":"https:\/\/shrimataji.org\/test\/#website","url":"https:\/\/shrimataji.org\/test\/","name":"Shri Mataji Nirmala Devi","description":"A Life Dedicated to Humanity","publisher":{"@id":"https:\/\/shrimataji.org\/test\/#\/schema\/person\/a1b3419c6585f164aa96da1ff85715d1"},"potentialAction":[{"@type":"SearchAction","target":{"@type":"EntryPoint","urlTemplate":"https:\/\/shrimataji.org\/test\/?s={search_term_string}"},"query-input":{"@type":"PropertyValueSpecification","valueRequired":true,"valueName":"search_term_string"}}],"inLanguage":"en-US"},{"@type":["Person","Organization"],"@id":"https:\/\/shrimataji.org\/test\/#\/schema\/person\/a1b3419c6585f164aa96da1ff85715d1","name":"Nirmala Shrivastava","image":{"@type":"ImageObject","inLanguage":"en-US","@id":"https:\/\/shrimataji.org\/test\/wp-content\/uploads\/2023\/02\/SMO_LOGO-03.svg","url":"https:\/\/shrimataji.org\/test\/wp-content\/uploads\/2023\/02\/SMO_LOGO-03.svg","contentUrl":"https:\/\/shrimataji.org\/test\/wp-content\/uploads\/2023\/02\/SMO_LOGO-03.svg","width":"1024","height":"1024","caption":"Nirmala Shrivastava"},"logo":{"@id":"https:\/\/shrimataji.org\/test\/wp-content\/uploads\/2023\/02\/SMO_LOGO-03.svg"},"sameAs":["https:\/\/shrimataji.org\/test","https:\/\/www.facebook.com\/shrimataji","https:\/\/x.com\/shrimataji","https:\/\/www.youtube.com\/@Shri_Mataji_Nirmala_Devi\/featured"]}]}},"lang":"nl","translations":{"nl":16532,"ur":37400,"en":6476,"am":17971,"th":19901,"hu":19446,"sq":18372,"zh":17269,"hi":7374,"tr":10139,"pt":10355,"de":10628,"fr":10726,"it":10824,"es":10922,"ja":11219,"ru":11407,"bn":11599,"te":11707,"sw":11830,"he":11978,"el":12269,"sk":12367,"fa":12465,"fi":12563,"bg":13378,"ro":14452,"cs":14645,"ku":16692,"ar":16868,"be":18579,"kn":18853,"mr":20265,"uk":20557,"ml":20856,"ta":22687,"sv":22960,"gu":28808,"pa":28966,"fil":29406,"da":37714,"pl":37931,"nn":38266},"pll_sync_post":{},"_links":{"self":[{"href":"https:\/\/shrimataji.org\/test\/wp-json\/wp\/v2\/pages\/16532","targetHints":{"allow":["GET"]}}],"collection":[{"href":"https:\/\/shrimataji.org\/test\/wp-json\/wp\/v2\/pages"}],"about":[{"href":"https:\/\/shrimataji.org\/test\/wp-json\/wp\/v2\/types\/page"}],"author":[{"embeddable":true,"href":"https:\/\/shrimataji.org\/test\/wp-json\/wp\/v2\/users\/37"}],"replies":[{"embeddable":true,"href":"https:\/\/shrimataji.org\/test\/wp-json\/wp\/v2\/comments?post=16532"}],"version-history":[{"count":0,"href":"https:\/\/shrimataji.org\/test\/wp-json\/wp\/v2\/pages\/16532\/revisions"}],"wp:featuredmedia":[{"embeddable":true,"href":"https:\/\/shrimataji.org\/test\/wp-json\/wp\/v2\/media\/16533"}],"wp:attachment":[{"href":"https:\/\/shrimataji.org\/test\/wp-json\/wp\/v2\/media?parent=16532"}],"curies":[{"name":"wp","href":"https:\/\/api.w.org\/{rel}","templated":true}]}}