{"id":16547,"date":"2018-07-10T06:54:42","date_gmt":"2018-07-10T06:54:42","guid":{"rendered":"http:\/\/testwordpress.nirmalnagari.org\/smnd\/index.php\/education-2\/"},"modified":"2025-11-19T10:42:33","modified_gmt":"2025-11-19T10:42:33","slug":"opvoeding","status":"publish","type":"page","link":"https:\/\/shrimataji.org\/test\/nl\/opvoeding\/","title":{"rendered":"Opvoeding"},"content":{"rendered":"\n\n\t<h1>Een verlichte opvoeding<\/h1>\n<h2>Spiritueel welzijn koesteren<\/h2>\n\t<div class=\"su-quote su-quote-style-default\"><div class=\"su-quote-inner su-u-clearfix su-u-trim\">Naast het stimuleren van de intellectuele en emotionele groei, moet onderwijs ook gericht zijn op het spirituele welzijn van kinderen.<\/div><\/div>\n\t<h4>Kinderen hebben nu meer dan ooit behoefte aan evenwichtig onderwijs. Dit onderwijs moet niet alleen de intellectuele en emotionele groei stimuleren, maar ook hun spirituele welzijn bevorderen. Wanneer kinderen hun innerlijke capaciteiten en kracht begrijpen, kunnen ze in elke omgeving floreren. Gerichte aandacht en een wereldwijd perspectief zijn twee andere sleutels tot een verlicht onderwijs.<\/h4>\n\t<p>Shri Mataji legde grote nadruk op een solide basis in het kleuteronderwijs, omdat zij geloofde dat dit een gezamenlijk proces van ouders en leerkrachten zou moeten zijn. Ook de natuurlijke omgeving speelt een educatieve rol. Naarmate kinderen leren over planten, dieren en natuurbehoud, krijgen ze respect voor Moeder Aarde en haar kostbare hulpbronnen.<\/p>\n\t<h5>&#8220;Literaire vorming is waardeloos, als ze niet in staat is een gezond karakter op te bouwen.&#8221;<\/h5>\n<h5>Mahatma Gandhi<\/h5>\n\t\t\t\t<img decoding=\"async\" src=\"https:\/\/shrimataji.org\/test\/wp-content\/uploads\/2018\/07\/media_originals\/images\/shri-mataji-with-people\/shri-mataji-nirmala-devi-being-greeted-at-the-train-station-in-rome-italy.jpg\" alt=\"\" itemprop=\"image\" height=\"974\" width=\"1500\" onerror=\"this.style.display='none'\" loading=\"lazy\" \/>\n\t<p>Om een gevoel van eigenwaarde en waardigheid bij te brengen, hechtte Shri Mataji veel waarde aan discipline &#8211; een discipline geworteld in liefde en respect. &#8220;Het is onze plicht ervoor te zorgen dat onze kinderen opgroeien tot geweldige mensen. Beter dan wij,&#8221; zei Shri Mataji. &#8220;Ze moeten voor de wereld zorgen.&#8221;<\/p>\n<p>Shri Mataji bracht haar visie in de praktijk en cre\u00eberde een onderwijssysteem met Sahaja Yoga als kern. Naast een uitdagend academisch curriculum mediteren studenten regelmatig. Dit helpt hen hun aandacht en focus te verbeteren, en vergroot hun zelfvertrouwen en zelfinzicht. Jongeren van over de hele wereld floreren op de scholen van Shri Mataji in India, Itali\u00eb, Canada, Oostenrijk, de Verenigde Staten, Tsjechi\u00eb, Rusland en Australi\u00eb, waar ze blijven bouwen aan hechte relaties.<\/p>\n\t<div class=\"su-quote su-quote-style-default\"><div class=\"su-quote-inner su-u-clearfix su-u-trim\">Ik heb kinderen van onze school in Dharamshala zien komen. Extreem zelfverzekerd en buitengewoon nederig. En toen ik hen vroeg: &#8216;Wat doen jullie?&#8217;, zeiden ze: &#8216;&#8230;We mediteren &#8216;s avonds en &#8216;s ochtends, en het helpt ons enorm.&#8217;<\/div><\/div>\n\t<p>Over kinderen merkte Nobelprijswinnaar Rabindranath Tagore op: &#8220;Ze zijn levende wezens &#8211; levendiger dan volwassenen die een schil van gewoontes om zich heen hebben gebouwd. Daarom is het absoluut noodzakelijk voor hun geestelijke gezondheid en ontwikkeling dat ze niet alleen een school hebben om hun lessen te volgen, maar een wereld die zich laat leiden door persoonlijke liefde.&#8221;<\/p>\n<p>De kinderen van vandaag zijn de toekomst van morgen. Investeren in goed onderwijs staat gelijk aan investeren in een betere wereld. Het sociale en psychologische welzijn van kinderen wordt echter steeds meer ondermijnd op scholen. Minstens \u00e9\u00e9n op de vijf kinderen en adolescenten kan jaarlijks te maken krijgen met psychische problemen. In de Verenigde Staten lijdt naar schatting \u00e9\u00e9n op de tien kinderen en adolescenten aan een psychische aandoening die ernstig genoeg is om een bepaalde mate van beperking te veroorzaken.<\/p>\n<p>Wetenschappelijk onderzoek naar meditatie<a href=\"https:\/\/shrimataji.org\/test\/nl\/opvoeding\/#_ftn1\" name=\"_ftnref1\">[1]<\/a> toont aan dat het een op bewijs gebaseerde biospirituele interventie is die kan helpen de gevolgen van stress te voorkomen en te beheersen. Die stress ontstaat vaak door de routinematige onevenwichtigheden in ons dagelijks leven &#8211; of dat nu op school, op het werk of thuis is. Sahaja Yoga Meditatie (SYM) blijkt uniek te zijn doordat deze vorm van meditatie spontaan, eenvoudig en moeiteloos is. Juist deze kenmerken maken SYM toegankelijk, aangenaam en populair bij zowel kinderen als leerkrachten. Bovendien blijkt dat SYM leraren ondersteunt in het vinden van een betere balans tussen werk en priv\u00e9leven, en hen helpt om beter om te gaan met de hoge werkdruk die gepaard gaat met het bieden van kwalitatief goed onderwijs binnen beperkte tijd.<\/p>\n<p>&nbsp;<\/p>\n<p>Verschillende initiatieven, zoals het Inner Peace Project (<a href=\"http:\/\/www.innerpeaceday.org\" target=\"_new\" rel=\"noopener\" data-start=\"234\" data-end=\"255\">www.innerpeaceday.org<\/a>) en Dhyaandhara [2] in India, brengen de voordelen van Sahaja Yoga Meditatie naar reguliere scholen.<\/p>\n\t<hr \/>\n<h3><a href=\"https:\/\/shrimataji.org\/test\/nl\/opvoeding\/#_ftnref1\" name=\"_ftn1\">[1]<\/a>\u00a0https:\/\/researchingmeditation.org\/<\/h3>\n<h3><a href=\"https:\/\/shrimataji.org\/test\/education-2\/#_ftnref2\" name=\"_ftn2\">[2]<\/a>\u00a0Dhyaandhara Study at LMP Intercollege Lucknow India<\/h3>\n\n","protected":false},"excerpt":{"rendered":"<p>Een verlichte opvoeding Spiritueel welzijn koesteren Kinderen hebben nu meer dan ooit behoefte aan evenwichtig onderwijs. Dit onderwijs moet niet alleen de intellectuele en emotionele groei stimuleren, maar ook hun spirituele welzijn bevorderen. Wanneer kinderen hun innerlijke capaciteiten en kracht begrijpen, kunnen ze in elke omgeving floreren. Gerichte aandacht en een wereldwijd perspectief zijn twee&hellip; <br \/> <a class=\"read-more\" href=\"https:\/\/shrimataji.org\/test\/nl\/opvoeding\/\">Read more<\/a><\/p>\n","protected":false},"author":37,"featured_media":16548,"parent":0,"menu_order":0,"comment_status":"closed","ping_status":"closed","template":"pro\/page-templates\/full-width-page.php","meta":{"inline_featured_image":false,"footnotes":""},"class_list":["post-16547","page","type-page","status-publish","has-post-thumbnail","hentry"],"yoast_head":"<!-- This site is optimized with the Yoast SEO plugin v27.4 - https:\/\/yoast.com\/product\/yoast-seo-wordpress\/ -->\n<title>Opvoeding - TEST - SMND<\/title>\n<meta name=\"robots\" content=\"noindex, follow, max-snippet:-1, max-image-preview:large, max-video-preview:-1\" \/>\n<meta property=\"og:locale\" content=\"en_US\" \/>\n<meta property=\"og:type\" content=\"article\" \/>\n<meta property=\"og:title\" content=\"Opvoeding - TEST - SMND\" \/>\n<meta property=\"og:description\" content=\"Een verlichte opvoeding Spiritueel welzijn koesteren Kinderen hebben nu meer dan ooit behoefte aan evenwichtig onderwijs. Dit onderwijs moet niet alleen de intellectuele en emotionele groei stimuleren, maar ook hun spirituele welzijn bevorderen. Wanneer kinderen hun innerlijke capaciteiten en kracht begrijpen, kunnen ze in elke omgeving floreren. Gerichte aandacht en een wereldwijd perspectief zijn twee&hellip; Read more\" \/>\n<meta property=\"og:url\" content=\"https:\/\/shrimataji.org\/test\/nl\/opvoeding\/\" \/>\n<meta property=\"og:site_name\" content=\"TEST - SMND\" \/>\n<meta property=\"article:publisher\" content=\"https:\/\/www.facebook.com\/shrimataji\" \/>\n<meta property=\"article:modified_time\" content=\"2025-11-19T10:42:33+00:00\" \/>\n<meta property=\"og:image\" content=\"https:\/\/shrimataji.org\/test\/wp-content\/uploads\/2018\/07\/media_originals\/images\/headers-general\/students-cheering-in-rajasthan-india.jpg\" \/>\n\t<meta property=\"og:image:width\" content=\"990\" \/>\n\t<meta property=\"og:image:height\" content=\"350\" \/>\n\t<meta property=\"og:image:type\" content=\"image\/jpeg\" \/>\n<meta name=\"twitter:card\" content=\"summary_large_image\" \/>\n<meta name=\"twitter:site\" content=\"@shrimataji\" \/>\n<script type=\"application\/ld+json\" class=\"yoast-schema-graph\">{\"@context\":\"https:\\\/\\\/schema.org\",\"@graph\":[{\"@type\":\"WebPage\",\"@id\":\"https:\\\/\\\/shrimataji.org\\\/test\\\/nl\\\/opvoeding\\\/\",\"url\":\"https:\\\/\\\/shrimataji.org\\\/test\\\/nl\\\/opvoeding\\\/\",\"name\":\"Opvoeding - TEST - SMND\",\"isPartOf\":{\"@id\":\"https:\\\/\\\/shrimataji.org\\\/test\\\/#website\"},\"primaryImageOfPage\":{\"@id\":\"https:\\\/\\\/shrimataji.org\\\/test\\\/nl\\\/opvoeding\\\/#primaryimage\"},\"image\":{\"@id\":\"https:\\\/\\\/shrimataji.org\\\/test\\\/nl\\\/opvoeding\\\/#primaryimage\"},\"thumbnailUrl\":\"https:\\\/\\\/shrimataji.org\\\/test\\\/wp-content\\\/uploads\\\/2018\\\/07\\\/media_originals\\\/images\\\/headers-general\\\/students-cheering-in-rajasthan-india.jpg\",\"datePublished\":\"2018-07-10T06:54:42+00:00\",\"dateModified\":\"2025-11-19T10:42:33+00:00\",\"breadcrumb\":{\"@id\":\"https:\\\/\\\/shrimataji.org\\\/test\\\/nl\\\/opvoeding\\\/#breadcrumb\"},\"inLanguage\":\"en-US\",\"potentialAction\":[{\"@type\":\"ReadAction\",\"target\":[\"https:\\\/\\\/shrimataji.org\\\/test\\\/nl\\\/opvoeding\\\/\"]}]},{\"@type\":\"ImageObject\",\"inLanguage\":\"en-US\",\"@id\":\"https:\\\/\\\/shrimataji.org\\\/test\\\/nl\\\/opvoeding\\\/#primaryimage\",\"url\":\"https:\\\/\\\/shrimataji.org\\\/test\\\/wp-content\\\/uploads\\\/2018\\\/07\\\/media_originals\\\/images\\\/headers-general\\\/students-cheering-in-rajasthan-india.jpg\",\"contentUrl\":\"https:\\\/\\\/shrimataji.org\\\/test\\\/wp-content\\\/uploads\\\/2018\\\/07\\\/media_originals\\\/images\\\/headers-general\\\/students-cheering-in-rajasthan-india.jpg\",\"width\":990,\"height\":350},{\"@type\":\"BreadcrumbList\",\"@id\":\"https:\\\/\\\/shrimataji.org\\\/test\\\/nl\\\/opvoeding\\\/#breadcrumb\",\"itemListElement\":[{\"@type\":\"ListItem\",\"position\":1,\"name\":\"Home\",\"item\":\"https:\\\/\\\/shrimataji.org\\\/test\\\/uk\\\/home-en\\\/\"},{\"@type\":\"ListItem\",\"position\":2,\"name\":\"Opvoeding\"}]},{\"@type\":\"WebSite\",\"@id\":\"https:\\\/\\\/shrimataji.org\\\/test\\\/#website\",\"url\":\"https:\\\/\\\/shrimataji.org\\\/test\\\/\",\"name\":\"Shri Mataji Nirmala Devi\",\"description\":\"A Life Dedicated to Humanity\",\"publisher\":{\"@id\":\"https:\\\/\\\/shrimataji.org\\\/test\\\/#\\\/schema\\\/person\\\/a1b3419c6585f164aa96da1ff85715d1\"},\"potentialAction\":[{\"@type\":\"SearchAction\",\"target\":{\"@type\":\"EntryPoint\",\"urlTemplate\":\"https:\\\/\\\/shrimataji.org\\\/test\\\/?s={search_term_string}\"},\"query-input\":{\"@type\":\"PropertyValueSpecification\",\"valueRequired\":true,\"valueName\":\"search_term_string\"}}],\"inLanguage\":\"en-US\"},{\"@type\":[\"Person\",\"Organization\"],\"@id\":\"https:\\\/\\\/shrimataji.org\\\/test\\\/#\\\/schema\\\/person\\\/a1b3419c6585f164aa96da1ff85715d1\",\"name\":\"Nirmala Shrivastava\",\"image\":{\"@type\":\"ImageObject\",\"inLanguage\":\"en-US\",\"@id\":\"https:\\\/\\\/shrimataji.org\\\/test\\\/wp-content\\\/uploads\\\/2023\\\/02\\\/SMO_LOGO-03.svg\",\"url\":\"https:\\\/\\\/shrimataji.org\\\/test\\\/wp-content\\\/uploads\\\/2023\\\/02\\\/SMO_LOGO-03.svg\",\"contentUrl\":\"https:\\\/\\\/shrimataji.org\\\/test\\\/wp-content\\\/uploads\\\/2023\\\/02\\\/SMO_LOGO-03.svg\",\"width\":\"1024\",\"height\":\"1024\",\"caption\":\"Nirmala Shrivastava\"},\"logo\":{\"@id\":\"https:\\\/\\\/shrimataji.org\\\/test\\\/wp-content\\\/uploads\\\/2023\\\/02\\\/SMO_LOGO-03.svg\"},\"sameAs\":[\"https:\\\/\\\/shrimataji.org\\\/test\",\"https:\\\/\\\/www.facebook.com\\\/shrimataji\",\"https:\\\/\\\/x.com\\\/shrimataji\",\"https:\\\/\\\/www.youtube.com\\\/@Shri_Mataji_Nirmala_Devi\\\/featured\"]}]}<\/script>\n<!-- \/ Yoast SEO plugin. -->","yoast_head_json":{"title":"Opvoeding - TEST - SMND","robots":{"index":"noindex","follow":"follow","max-snippet":"max-snippet:-1","max-image-preview":"max-image-preview:large","max-video-preview":"max-video-preview:-1"},"og_locale":"en_US","og_type":"article","og_title":"Opvoeding - TEST - SMND","og_description":"Een verlichte opvoeding Spiritueel welzijn koesteren Kinderen hebben nu meer dan ooit behoefte aan evenwichtig onderwijs. Dit onderwijs moet niet alleen de intellectuele en emotionele groei stimuleren, maar ook hun spirituele welzijn bevorderen. Wanneer kinderen hun innerlijke capaciteiten en kracht begrijpen, kunnen ze in elke omgeving floreren. Gerichte aandacht en een wereldwijd perspectief zijn twee&hellip; Read more","og_url":"https:\/\/shrimataji.org\/test\/nl\/opvoeding\/","og_site_name":"TEST - SMND","article_publisher":"https:\/\/www.facebook.com\/shrimataji","article_modified_time":"2025-11-19T10:42:33+00:00","og_image":[{"width":990,"height":350,"url":"https:\/\/shrimataji.org\/test\/wp-content\/uploads\/2018\/07\/media_originals\/images\/headers-general\/students-cheering-in-rajasthan-india.jpg","type":"image\/jpeg"}],"twitter_card":"summary_large_image","twitter_site":"@shrimataji","schema":{"@context":"https:\/\/schema.org","@graph":[{"@type":"WebPage","@id":"https:\/\/shrimataji.org\/test\/nl\/opvoeding\/","url":"https:\/\/shrimataji.org\/test\/nl\/opvoeding\/","name":"Opvoeding - TEST - SMND","isPartOf":{"@id":"https:\/\/shrimataji.org\/test\/#website"},"primaryImageOfPage":{"@id":"https:\/\/shrimataji.org\/test\/nl\/opvoeding\/#primaryimage"},"image":{"@id":"https:\/\/shrimataji.org\/test\/nl\/opvoeding\/#primaryimage"},"thumbnailUrl":"https:\/\/shrimataji.org\/test\/wp-content\/uploads\/2018\/07\/media_originals\/images\/headers-general\/students-cheering-in-rajasthan-india.jpg","datePublished":"2018-07-10T06:54:42+00:00","dateModified":"2025-11-19T10:42:33+00:00","breadcrumb":{"@id":"https:\/\/shrimataji.org\/test\/nl\/opvoeding\/#breadcrumb"},"inLanguage":"en-US","potentialAction":[{"@type":"ReadAction","target":["https:\/\/shrimataji.org\/test\/nl\/opvoeding\/"]}]},{"@type":"ImageObject","inLanguage":"en-US","@id":"https:\/\/shrimataji.org\/test\/nl\/opvoeding\/#primaryimage","url":"https:\/\/shrimataji.org\/test\/wp-content\/uploads\/2018\/07\/media_originals\/images\/headers-general\/students-cheering-in-rajasthan-india.jpg","contentUrl":"https:\/\/shrimataji.org\/test\/wp-content\/uploads\/2018\/07\/media_originals\/images\/headers-general\/students-cheering-in-rajasthan-india.jpg","width":990,"height":350},{"@type":"BreadcrumbList","@id":"https:\/\/shrimataji.org\/test\/nl\/opvoeding\/#breadcrumb","itemListElement":[{"@type":"ListItem","position":1,"name":"Home","item":"https:\/\/shrimataji.org\/test\/uk\/home-en\/"},{"@type":"ListItem","position":2,"name":"Opvoeding"}]},{"@type":"WebSite","@id":"https:\/\/shrimataji.org\/test\/#website","url":"https:\/\/shrimataji.org\/test\/","name":"Shri Mataji Nirmala Devi","description":"A Life Dedicated to Humanity","publisher":{"@id":"https:\/\/shrimataji.org\/test\/#\/schema\/person\/a1b3419c6585f164aa96da1ff85715d1"},"potentialAction":[{"@type":"SearchAction","target":{"@type":"EntryPoint","urlTemplate":"https:\/\/shrimataji.org\/test\/?s={search_term_string}"},"query-input":{"@type":"PropertyValueSpecification","valueRequired":true,"valueName":"search_term_string"}}],"inLanguage":"en-US"},{"@type":["Person","Organization"],"@id":"https:\/\/shrimataji.org\/test\/#\/schema\/person\/a1b3419c6585f164aa96da1ff85715d1","name":"Nirmala Shrivastava","image":{"@type":"ImageObject","inLanguage":"en-US","@id":"https:\/\/shrimataji.org\/test\/wp-content\/uploads\/2023\/02\/SMO_LOGO-03.svg","url":"https:\/\/shrimataji.org\/test\/wp-content\/uploads\/2023\/02\/SMO_LOGO-03.svg","contentUrl":"https:\/\/shrimataji.org\/test\/wp-content\/uploads\/2023\/02\/SMO_LOGO-03.svg","width":"1024","height":"1024","caption":"Nirmala Shrivastava"},"logo":{"@id":"https:\/\/shrimataji.org\/test\/wp-content\/uploads\/2023\/02\/SMO_LOGO-03.svg"},"sameAs":["https:\/\/shrimataji.org\/test","https:\/\/www.facebook.com\/shrimataji","https:\/\/x.com\/shrimataji","https:\/\/www.youtube.com\/@Shri_Mataji_Nirmala_Devi\/featured"]}]}},"lang":"nl","translations":{"nl":16547,"ur":37415,"en":398,"am":17986,"th":19923,"hu":19461,"sq":18387,"zh":17284,"hi":8488,"tr":10150,"pt":10363,"de":10637,"fr":10735,"it":10833,"es":10930,"ja":11227,"ru":11415,"bn":11607,"te":11715,"sw":11838,"he":11986,"el":12277,"sk":12375,"fa":12473,"fi":12571,"bg":13472,"ro":14544,"cs":14737,"ku":16707,"ar":16883,"be":18594,"kn":18868,"mr":20287,"uk":20579,"ml":20878,"ta":22702,"sv":22975,"gu":28823,"pa":28981,"fil":29421,"da":37729,"pl":37946,"nn":38281},"pll_sync_post":[],"_links":{"self":[{"href":"https:\/\/shrimataji.org\/test\/wp-json\/wp\/v2\/pages\/16547","targetHints":{"allow":["GET"]}}],"collection":[{"href":"https:\/\/shrimataji.org\/test\/wp-json\/wp\/v2\/pages"}],"about":[{"href":"https:\/\/shrimataji.org\/test\/wp-json\/wp\/v2\/types\/page"}],"author":[{"embeddable":true,"href":"https:\/\/shrimataji.org\/test\/wp-json\/wp\/v2\/users\/37"}],"replies":[{"embeddable":true,"href":"https:\/\/shrimataji.org\/test\/wp-json\/wp\/v2\/comments?post=16547"}],"version-history":[{"count":0,"href":"https:\/\/shrimataji.org\/test\/wp-json\/wp\/v2\/pages\/16547\/revisions"}],"wp:featuredmedia":[{"embeddable":true,"href":"https:\/\/shrimataji.org\/test\/wp-json\/wp\/v2\/media\/16548"}],"wp:attachment":[{"href":"https:\/\/shrimataji.org\/test\/wp-json\/wp\/v2\/media?parent=16547"}],"curies":[{"name":"wp","href":"https:\/\/api.w.org\/{rel}","templated":true}]}}