{"id":16578,"date":"2022-01-29T10:31:30","date_gmt":"2022-01-29T10:31:30","guid":{"rendered":"https:\/\/test.shrimataji.org\/?page_id=6410"},"modified":"2025-11-19T10:40:27","modified_gmt":"2025-11-19T10:40:27","slug":"ida-nadi-linkerkanaal","status":"publish","type":"page","link":"https:\/\/shrimataji.org\/test\/nl\/ida-nadi-linkerkanaal\/","title":{"rendered":"Ida Nadi (linkerkanaal)"},"content":{"rendered":"\n\n\t<h1>Ida Nadi (linkerkanaal)<\/h1>\n<h2>Verlangens en emoties<\/h2>\n\t<h4>Ons linker energiekanaal (in het Sanskriet Ida Nadi genoemd), ook wel het maankanaal genoemd, ontspringt uit het eerste centrum, de Muladhara Chakra, en stroomt via de linkerkant van ons lichaam omhoog om uiteindelijk als een ballon in de rechterkant van onze hersenen uit te monden.<\/h4>\n<p>Shri Mataji beschrijft deze ballon als het superego, dat fungeert als de opslagplaats van al onze herinneringen, gewoonten en conditioneringen. Het stuurt ook ons morele gedrag aan, dat we ons eigen maken via onze culturele tradities, onze opvoeding en onze leeftijdsgenoten.<\/p>\n<p>V\u00f3\u00f3r onze zelfrealisatie ervaren we remmingen die worden veroorzaakt door ons superego als een strijd tegen onze ego\u00efstische, genotzoekende driften.<\/p>\n\t\t\t\t<a href=\"https:\/\/shrimataji.org\/test\/wp-content\/uploads\/2023\/02\/2_Ida-Nadi-01.png\"  target=\"_blank\" rel=\"noopener\"  itemprop=\"url\">\n\t\t\t\t<img decoding=\"async\" src=\"https:\/\/shrimataji.org\/test\/wp-content\/uploads\/2023\/02\/2_Ida-Nadi-01.png\" alt=\"2_Ida Nadi-01\" itemprop=\"image\" height=\"3409\" width=\"3214\" title=\"2_Ida Nadi-01\" onerror=\"this.style.display='none'\" loading=\"lazy\" \/>\n\t\t\t\t<\/a>\n\t\t<iframe loading=\"lazy\" title=\"Ida Nadi\" width=\"1920\" height=\"1080\" src=\"https:\/\/www.youtube.com\/embed\/8xQf2bxSHIk?feature=oembed\" frameborder=\"0\" allow=\"accelerometer; autoplay; clipboard-write; encrypted-media; gyroscope; picture-in-picture; web-share\" allowfullscreen><\/iframe>\t\n\t<p>Vreugde is een essenti\u00eble eigenschap die geassocieerd wordt met het linker energiekanaal. Deze vreugde is echter niet in de zin van blij of opgewonden zijn over iets; dat is vaak van voorbijgaande aard en heeft als nadeel dat je ongelukkig of teleurgesteld bent wanneer dingen niet lopen zoals verwacht. Het is eerder vreugde van een zuiverdere kwaliteit. Shri Mataji beschrijft de eigenschap van pure vreugde van onze Spirit als iets dat zich uitdrukt als een natuurlijk, spontaan gevoel dat niet gerelateerd is aan onze waarnemingen of verwachtingen. Het is van eeuwige aard en niets kan dit pure gevoel van vreugde toevoegen of wegnemen. Deze eigenschap van pure vreugde van onze Spirit komt spontaan in ons bewustzijn na zelfrealisatie en kan gemakkelijk in stand worden gehouden door regelmatige meditatie.<\/p>\n<p>Shri Mataji identificeerde een aantal problemen die zich in ons leven voordoen wanneer ons linker energiekanaal geblokkeerd is. Zo iemand kan emotionele extremen ervaren. Dit omvat stemmingen die snel omslaan van euforie naar depressie en weer terug. Men kan ook lethargie en extreme passiviteit ervaren, vaak geassocieerd met het &#8220;couch potato&#8221;-syndroom (= een persoon die inactief is en veel tijd op de bank doorbrengt).<\/p>\n<p>Kortom, het linker energiekanaal be\u00efnvloedt onze emoties, gevoelens en verlangens. Het is ook verbonden met onze herinneringen en eerdere ervaringen. Zolang onze emoties op een normaal niveau blijven, ervaren we een gezond en evenwichtig leven. Wanneer we echter extreme emoties ervaren, zoals depressie, somberheid en piekeren, moeten we passende maatregelen nemen. Sahaja Yoga-meditatie heeft hier goede resultaten laten zien, waarvan vele succesvol zijn onderzocht in klinische studies.<\/p>\n<p>Shri Mataji heeft zeer eenvoudige technieken aanbevolen die gemakkelijk en veilig zijn en waarmee we onze linkerkant in evenwicht kunnen brengen en de negatieve effecten op ons emotionele en mentale welzijn kunnen corrigeren. Regelmatige meditatie, introspectie op de staat van ons vibratorisch bewustzijn en het toepassen van de technieken die Shri Mataji heeft laten zien om onze linkerkant te zuiveren, triggeren nieuwe gevoelens van vreugde en een levendige, positieve levenshouding.<\/p>\n\n","protected":false},"excerpt":{"rendered":"<p>Ida Nadi (linkerkanaal) Verlangens en emoties Ons linker energiekanaal (in het Sanskriet Ida Nadi genoemd), ook wel het maankanaal genoemd, ontspringt uit het eerste centrum, de Muladhara Chakra, en stroomt via de linkerkant van ons lichaam omhoog om uiteindelijk als een ballon in de rechterkant van onze hersenen uit te monden. Shri Mataji beschrijft deze&hellip; <br \/> <a class=\"read-more\" href=\"https:\/\/shrimataji.org\/test\/nl\/ida-nadi-linkerkanaal\/\">Read more<\/a><\/p>\n","protected":false},"author":37,"featured_media":16579,"parent":0,"menu_order":0,"comment_status":"closed","ping_status":"closed","template":"","meta":{"inline_featured_image":false,"footnotes":""},"class_list":["post-16578","page","type-page","status-publish","has-post-thumbnail","hentry"],"yoast_head":"<!-- This site is optimized with the Yoast SEO plugin v27.4 - https:\/\/yoast.com\/product\/yoast-seo-wordpress\/ -->\n<title>Ida Nadi (linkerkanaal) - TEST - SMND<\/title>\n<meta name=\"robots\" content=\"noindex, follow, max-snippet:-1, max-image-preview:large, max-video-preview:-1\" \/>\n<meta property=\"og:locale\" content=\"en_US\" \/>\n<meta property=\"og:type\" content=\"article\" \/>\n<meta property=\"og:title\" content=\"Ida Nadi (linkerkanaal) - TEST - SMND\" \/>\n<meta property=\"og:description\" content=\"Ida Nadi (linkerkanaal) Verlangens en emoties Ons linker energiekanaal (in het Sanskriet Ida Nadi genoemd), ook wel het maankanaal genoemd, ontspringt uit het eerste centrum, de Muladhara Chakra, en stroomt via de linkerkant van ons lichaam omhoog om uiteindelijk als een ballon in de rechterkant van onze hersenen uit te monden. Shri Mataji beschrijft deze&hellip; Read more\" \/>\n<meta property=\"og:url\" content=\"https:\/\/shrimataji.org\/test\/nl\/ida-nadi-linkerkanaal\/\" \/>\n<meta property=\"og:site_name\" content=\"TEST - SMND\" \/>\n<meta property=\"article:publisher\" content=\"https:\/\/www.facebook.com\/shrimataji\" \/>\n<meta property=\"article:modified_time\" content=\"2025-11-19T10:40:27+00:00\" \/>\n<meta property=\"og:image\" content=\"https:\/\/shrimataji.org\/test\/wp-content\/uploads\/2023\/03\/12_Banner-SY-Ida-scaled.jpg\" \/>\n\t<meta property=\"og:image:width\" content=\"2560\" \/>\n\t<meta property=\"og:image:height\" content=\"905\" \/>\n\t<meta property=\"og:image:type\" content=\"image\/jpeg\" \/>\n<meta name=\"twitter:card\" content=\"summary_large_image\" \/>\n<meta name=\"twitter:site\" content=\"@shrimataji\" \/>\n<script type=\"application\/ld+json\" class=\"yoast-schema-graph\">{\"@context\":\"https:\\\/\\\/schema.org\",\"@graph\":[{\"@type\":\"WebPage\",\"@id\":\"https:\\\/\\\/shrimataji.org\\\/test\\\/nl\\\/ida-nadi-linkerkanaal\\\/\",\"url\":\"https:\\\/\\\/shrimataji.org\\\/test\\\/nl\\\/ida-nadi-linkerkanaal\\\/\",\"name\":\"Ida Nadi (linkerkanaal) - TEST - SMND\",\"isPartOf\":{\"@id\":\"https:\\\/\\\/shrimataji.org\\\/test\\\/#website\"},\"primaryImageOfPage\":{\"@id\":\"https:\\\/\\\/shrimataji.org\\\/test\\\/nl\\\/ida-nadi-linkerkanaal\\\/#primaryimage\"},\"image\":{\"@id\":\"https:\\\/\\\/shrimataji.org\\\/test\\\/nl\\\/ida-nadi-linkerkanaal\\\/#primaryimage\"},\"thumbnailUrl\":\"https:\\\/\\\/shrimataji.org\\\/test\\\/wp-content\\\/uploads\\\/2023\\\/03\\\/12_Banner-SY-Ida-scaled.jpg\",\"datePublished\":\"2022-01-29T10:31:30+00:00\",\"dateModified\":\"2025-11-19T10:40:27+00:00\",\"breadcrumb\":{\"@id\":\"https:\\\/\\\/shrimataji.org\\\/test\\\/nl\\\/ida-nadi-linkerkanaal\\\/#breadcrumb\"},\"inLanguage\":\"en-US\",\"potentialAction\":[{\"@type\":\"ReadAction\",\"target\":[\"https:\\\/\\\/shrimataji.org\\\/test\\\/nl\\\/ida-nadi-linkerkanaal\\\/\"]}]},{\"@type\":\"ImageObject\",\"inLanguage\":\"en-US\",\"@id\":\"https:\\\/\\\/shrimataji.org\\\/test\\\/nl\\\/ida-nadi-linkerkanaal\\\/#primaryimage\",\"url\":\"https:\\\/\\\/shrimataji.org\\\/test\\\/wp-content\\\/uploads\\\/2023\\\/03\\\/12_Banner-SY-Ida-scaled.jpg\",\"contentUrl\":\"https:\\\/\\\/shrimataji.org\\\/test\\\/wp-content\\\/uploads\\\/2023\\\/03\\\/12_Banner-SY-Ida-scaled.jpg\",\"width\":2560,\"height\":905},{\"@type\":\"BreadcrumbList\",\"@id\":\"https:\\\/\\\/shrimataji.org\\\/test\\\/nl\\\/ida-nadi-linkerkanaal\\\/#breadcrumb\",\"itemListElement\":[{\"@type\":\"ListItem\",\"position\":1,\"name\":\"Home\",\"item\":\"https:\\\/\\\/shrimataji.org\\\/test\\\/uk\\\/home-en\\\/\"},{\"@type\":\"ListItem\",\"position\":2,\"name\":\"Ida Nadi (linkerkanaal)\"}]},{\"@type\":\"WebSite\",\"@id\":\"https:\\\/\\\/shrimataji.org\\\/test\\\/#website\",\"url\":\"https:\\\/\\\/shrimataji.org\\\/test\\\/\",\"name\":\"Shri Mataji Nirmala Devi\",\"description\":\"A Life Dedicated to Humanity\",\"publisher\":{\"@id\":\"https:\\\/\\\/shrimataji.org\\\/test\\\/#\\\/schema\\\/person\\\/a1b3419c6585f164aa96da1ff85715d1\"},\"potentialAction\":[{\"@type\":\"SearchAction\",\"target\":{\"@type\":\"EntryPoint\",\"urlTemplate\":\"https:\\\/\\\/shrimataji.org\\\/test\\\/?s={search_term_string}\"},\"query-input\":{\"@type\":\"PropertyValueSpecification\",\"valueRequired\":true,\"valueName\":\"search_term_string\"}}],\"inLanguage\":\"en-US\"},{\"@type\":[\"Person\",\"Organization\"],\"@id\":\"https:\\\/\\\/shrimataji.org\\\/test\\\/#\\\/schema\\\/person\\\/a1b3419c6585f164aa96da1ff85715d1\",\"name\":\"Nirmala Shrivastava\",\"image\":{\"@type\":\"ImageObject\",\"inLanguage\":\"en-US\",\"@id\":\"https:\\\/\\\/shrimataji.org\\\/test\\\/wp-content\\\/uploads\\\/2023\\\/02\\\/SMO_LOGO-03.svg\",\"url\":\"https:\\\/\\\/shrimataji.org\\\/test\\\/wp-content\\\/uploads\\\/2023\\\/02\\\/SMO_LOGO-03.svg\",\"contentUrl\":\"https:\\\/\\\/shrimataji.org\\\/test\\\/wp-content\\\/uploads\\\/2023\\\/02\\\/SMO_LOGO-03.svg\",\"width\":\"1024\",\"height\":\"1024\",\"caption\":\"Nirmala Shrivastava\"},\"logo\":{\"@id\":\"https:\\\/\\\/shrimataji.org\\\/test\\\/wp-content\\\/uploads\\\/2023\\\/02\\\/SMO_LOGO-03.svg\"},\"sameAs\":[\"https:\\\/\\\/shrimataji.org\\\/test\",\"https:\\\/\\\/www.facebook.com\\\/shrimataji\",\"https:\\\/\\\/x.com\\\/shrimataji\",\"https:\\\/\\\/www.youtube.com\\\/@Shri_Mataji_Nirmala_Devi\\\/featured\"]}]}<\/script>\n<!-- \/ Yoast SEO plugin. -->","yoast_head_json":{"title":"Ida Nadi (linkerkanaal) - TEST - SMND","robots":{"index":"noindex","follow":"follow","max-snippet":"max-snippet:-1","max-image-preview":"max-image-preview:large","max-video-preview":"max-video-preview:-1"},"og_locale":"en_US","og_type":"article","og_title":"Ida Nadi (linkerkanaal) - TEST - SMND","og_description":"Ida Nadi (linkerkanaal) Verlangens en emoties Ons linker energiekanaal (in het Sanskriet Ida Nadi genoemd), ook wel het maankanaal genoemd, ontspringt uit het eerste centrum, de Muladhara Chakra, en stroomt via de linkerkant van ons lichaam omhoog om uiteindelijk als een ballon in de rechterkant van onze hersenen uit te monden. Shri Mataji beschrijft deze&hellip; Read more","og_url":"https:\/\/shrimataji.org\/test\/nl\/ida-nadi-linkerkanaal\/","og_site_name":"TEST - SMND","article_publisher":"https:\/\/www.facebook.com\/shrimataji","article_modified_time":"2025-11-19T10:40:27+00:00","og_image":[{"width":2560,"height":905,"url":"https:\/\/shrimataji.org\/test\/wp-content\/uploads\/2023\/03\/12_Banner-SY-Ida-scaled.jpg","type":"image\/jpeg"}],"twitter_card":"summary_large_image","twitter_site":"@shrimataji","schema":{"@context":"https:\/\/schema.org","@graph":[{"@type":"WebPage","@id":"https:\/\/shrimataji.org\/test\/nl\/ida-nadi-linkerkanaal\/","url":"https:\/\/shrimataji.org\/test\/nl\/ida-nadi-linkerkanaal\/","name":"Ida Nadi (linkerkanaal) - TEST - SMND","isPartOf":{"@id":"https:\/\/shrimataji.org\/test\/#website"},"primaryImageOfPage":{"@id":"https:\/\/shrimataji.org\/test\/nl\/ida-nadi-linkerkanaal\/#primaryimage"},"image":{"@id":"https:\/\/shrimataji.org\/test\/nl\/ida-nadi-linkerkanaal\/#primaryimage"},"thumbnailUrl":"https:\/\/shrimataji.org\/test\/wp-content\/uploads\/2023\/03\/12_Banner-SY-Ida-scaled.jpg","datePublished":"2022-01-29T10:31:30+00:00","dateModified":"2025-11-19T10:40:27+00:00","breadcrumb":{"@id":"https:\/\/shrimataji.org\/test\/nl\/ida-nadi-linkerkanaal\/#breadcrumb"},"inLanguage":"en-US","potentialAction":[{"@type":"ReadAction","target":["https:\/\/shrimataji.org\/test\/nl\/ida-nadi-linkerkanaal\/"]}]},{"@type":"ImageObject","inLanguage":"en-US","@id":"https:\/\/shrimataji.org\/test\/nl\/ida-nadi-linkerkanaal\/#primaryimage","url":"https:\/\/shrimataji.org\/test\/wp-content\/uploads\/2023\/03\/12_Banner-SY-Ida-scaled.jpg","contentUrl":"https:\/\/shrimataji.org\/test\/wp-content\/uploads\/2023\/03\/12_Banner-SY-Ida-scaled.jpg","width":2560,"height":905},{"@type":"BreadcrumbList","@id":"https:\/\/shrimataji.org\/test\/nl\/ida-nadi-linkerkanaal\/#breadcrumb","itemListElement":[{"@type":"ListItem","position":1,"name":"Home","item":"https:\/\/shrimataji.org\/test\/uk\/home-en\/"},{"@type":"ListItem","position":2,"name":"Ida Nadi (linkerkanaal)"}]},{"@type":"WebSite","@id":"https:\/\/shrimataji.org\/test\/#website","url":"https:\/\/shrimataji.org\/test\/","name":"Shri Mataji Nirmala Devi","description":"A Life Dedicated to Humanity","publisher":{"@id":"https:\/\/shrimataji.org\/test\/#\/schema\/person\/a1b3419c6585f164aa96da1ff85715d1"},"potentialAction":[{"@type":"SearchAction","target":{"@type":"EntryPoint","urlTemplate":"https:\/\/shrimataji.org\/test\/?s={search_term_string}"},"query-input":{"@type":"PropertyValueSpecification","valueRequired":true,"valueName":"search_term_string"}}],"inLanguage":"en-US"},{"@type":["Person","Organization"],"@id":"https:\/\/shrimataji.org\/test\/#\/schema\/person\/a1b3419c6585f164aa96da1ff85715d1","name":"Nirmala Shrivastava","image":{"@type":"ImageObject","inLanguage":"en-US","@id":"https:\/\/shrimataji.org\/test\/wp-content\/uploads\/2023\/02\/SMO_LOGO-03.svg","url":"https:\/\/shrimataji.org\/test\/wp-content\/uploads\/2023\/02\/SMO_LOGO-03.svg","contentUrl":"https:\/\/shrimataji.org\/test\/wp-content\/uploads\/2023\/02\/SMO_LOGO-03.svg","width":"1024","height":"1024","caption":"Nirmala Shrivastava"},"logo":{"@id":"https:\/\/shrimataji.org\/test\/wp-content\/uploads\/2023\/02\/SMO_LOGO-03.svg"},"sameAs":["https:\/\/shrimataji.org\/test","https:\/\/www.facebook.com\/shrimataji","https:\/\/x.com\/shrimataji","https:\/\/www.youtube.com\/@Shri_Mataji_Nirmala_Devi\/featured"]}]}},"lang":"nl","translations":{"nl":16578,"ur":37443,"en":6410,"am":18017,"th":19968,"hu":19494,"sq":18418,"zh":17315,"hi":8307,"tr":10170,"pt":10382,"de":10656,"fr":10754,"it":10852,"es":10949,"ja":11246,"ru":11434,"bn":11626,"te":11734,"sw":11857,"he":12005,"el":12296,"sk":12394,"fa":12492,"fi":12590,"bg":13384,"ro":14458,"cs":14651,"ku":16738,"ar":16914,"be":18625,"kn":18899,"mr":20332,"uk":20624,"ml":20921,"ta":22733,"sv":23006,"gu":28850,"pa":29010,"fil":29452,"da":37757,"pl":37970,"nn":38309},"pll_sync_post":[],"_links":{"self":[{"href":"https:\/\/shrimataji.org\/test\/wp-json\/wp\/v2\/pages\/16578","targetHints":{"allow":["GET"]}}],"collection":[{"href":"https:\/\/shrimataji.org\/test\/wp-json\/wp\/v2\/pages"}],"about":[{"href":"https:\/\/shrimataji.org\/test\/wp-json\/wp\/v2\/types\/page"}],"author":[{"embeddable":true,"href":"https:\/\/shrimataji.org\/test\/wp-json\/wp\/v2\/users\/37"}],"replies":[{"embeddable":true,"href":"https:\/\/shrimataji.org\/test\/wp-json\/wp\/v2\/comments?post=16578"}],"version-history":[{"count":0,"href":"https:\/\/shrimataji.org\/test\/wp-json\/wp\/v2\/pages\/16578\/revisions"}],"wp:featuredmedia":[{"embeddable":true,"href":"https:\/\/shrimataji.org\/test\/wp-json\/wp\/v2\/media\/16579"}],"wp:attachment":[{"href":"https:\/\/shrimataji.org\/test\/wp-json\/wp\/v2\/media?parent=16578"}],"curies":[{"name":"wp","href":"https:\/\/api.w.org\/{rel}","templated":true}]}}