{"id":16607,"date":"2012-09-02T10:00:00","date_gmt":"2012-09-02T10:00:00","guid":{"rendered":"http:\/\/testwordpress.nirmalnagari.org\/smnd\/index.php\/our-spiritual-ascent\/"},"modified":"2025-11-19T10:42:33","modified_gmt":"2025-11-19T10:42:33","slug":"onze-spirituele-groei","status":"publish","type":"page","link":"https:\/\/shrimataji.org\/test\/nl\/onze-spirituele-groei\/","title":{"rendered":"Onze spirituele groei"},"content":{"rendered":"\n\n\t<h1>Onze spirituele groei<\/h1>\n<h2>Fragment uit een lezing gehouden tijdens een seminar in Chianciano Terme, Itali\u00eb, op 16&nbsp;februari 1991<\/h2>\n\t<p>Laatst las ik een aantal boeken over hoe het vroeger in zijn werk ging, over zelfrealisatie, over het leren kennen van de Spirit en over hoe mensen gepijnigd werden.<\/p>\n\t<p>Ten eerste moesten ze hun lichaam verloochenen, trotseren en veroordelen. Als het lichaam comfort verlangde werd gezegd: slaap dan eerst op het tapijt in plaats van een bed. Als dit onvoldoende is, ga dan van het tapijt naar een mat. Is het nog steeds onvoldoende, verhuis dan naar Moeder Aarde. Slaap op Moeder Aarde. Is het lichaam nog altijd niet in orde, slaap dan op de stenen. Maar de Himalaya&#8217;s blijven nog ver weg; Shiva verblijft immers in Kailasha. Ga dus naar de Himalaya&#8217;s en slaap op het ijs. Dat was de minimum vereiste.<\/p>\n<p>Dan werd er gezegd: als je van goed eten houdt, of van rijk en overdadig eten, dan begin je met jezelf alles te ontzeggen wat je graag eet.\u00a0 Zo bijvoorbeeld: Italianen mogen geen pasta eten.\u00a0 Ontzeg je dat.\u00a0 Maar dat is onvoldoende.<\/p>\n<p>Eet dan bittere dingen.\u00a0 Zoals in het Zen-systeem, waar ze je een gerecht geven dat 108 keer zo sterk smaakt als kinine.\u00a0 Pure bitterheid.<\/p>\n<p>Of pure zoetigheid.\u00a0 Je moet je tong testen.<\/p>\n<p>Maar je hebt nog altijd een maag!\u00a0 Als je te veel eet, vast dan \u00e9\u00e9n dag.\u00a0 Dit is niet voldoende,\u00a0 dan zeven dagen, dan veertig dagen.\u00a0 Ik bedoel dat een maand dertig dagen telt!\u00a0 Vasten gedurende veertig dagen: dan is het al met je gedaan.\u00a0 Zo moet je dus boete doen om het Nirwana te bereiken: het is gedaan met je.\u00a0 Niets blijft er van je over.<\/p>\n<p>Alleen de beenderen blijven over en deze beenderen worden Nirwana.\u00a0 Uiteindelijk volgt de dood en het is gedaan met je en de dood is Nirwana.\u00a0 Ongetwijfeld!<\/p>\n\t\t\t\t<img decoding=\"async\" src=\"https:\/\/shrimataji.org\/test\/wp-content\/uploads\/2018\/07\/media_originals\/images\/shri-mataji-portraits\/shri-mataji-explaining-742x1024.jpg\" alt=\"shri-mataji-explaining\" itemprop=\"image\" height=\"1024\" width=\"742\" title=\"shri-mataji-explaining\" onerror=\"this.style.display='none'\" loading=\"lazy\" \/>\n\t<p>Of je mag niet in een huis wonen, want een huis betekent comfort.\u00a0 Je moet je vrouw en kinderen opgeven.\u00a0 Iedereen opgeven. Of draag slechts \u00e9\u00e9n kledingstuk om je heengeslagen. Ga bedelen.\u00a0 Zelfs met deze kleren is er nog een probleem.\u00a0 Je bent nog gehecht aan kleding, ga dan naar de Himalaya&#8217;s, waar niemand je kan zien.\u00a0 Ontkleed je zodat je rilt van de kou.\u00a0 Dan bereik je Nirwana.\u00a0Op die manier bereik je Nirwana.<\/p>\n<p>Al deze condities werden gesteld om de vereisten van het lichaam te vernietigen.\u00a0 Maar dat is slechts het begin.\u00a0 &#8220;Negeer je lichaam; je zou beter werken aan het bereiken van Nirwana&#8221;.<\/p>\n\t<div class=\"su-quote su-quote-style-default\"><div class=\"su-quote-inner su-u-clearfix su-u-trim\">Het begint in je hart en gaat naar je hersenen. Het is iets dat voortkomt uit je ervaring van vreugde en dat je hersenen bedekt.<\/p>\n<p>Dus je brein kan het niet langer ontkennen. Het is dus belangrijk, vooral voor de mensen in het westen, om nu je hart te openen, want het begint vanuit je hart, niet vanuit je brein.<\/div><\/div>\n\t<p>Het tweede was het vernietigen van het mentale, dat je meesleept naar het zintuiglijke en het vermaak.\u00a0 Veronderstel dat je sterk naar iets verlangt, negeer het.\u00a0 Ontken het.\u00a0 Alles wat van het verstand (the mind) komt.\u00a0 Ontken het.<\/p>\n<p>In Sanskriet zegt men: &#8220;Neti, neti&#8230;&#8221; Dit wil zeggen: &#8220;Niet dit, niet dit, niet dit&#8230;&#8221;<\/p>\n<p>En in dit stadium kan je beginnen meepraten over Nirwana.\u00a0 Daarvoor ben je het zelfs niet waard erover te spreken.\u00a0 Toen ik deze boeken gelezen had dacht ik: &#8220;Ik geef het op.\u00a0 Het is te veel&#8221;.<\/p>\n\t<p>Maar in Sahaja Yoga is het net omgekeerd<strong>.<\/strong>\u00a0 Eerst komt de toren van het gebouw en dan het fundament.\u00a0 Het openen van de Sahasrara wordt eerst bereikt.<\/p>\n<p>Dan moet je jezelf bekijken in het licht van de Sahasrara.\u00a0 Geleidelijk aan leren we door introspectie met behulp van de vibraties onszelf te zien.\u00a0 Waarom wil ik dit?\u00a0 Waarom gaat mijn aandacht naar comfort, voeding, familie, kinderen als ik het hoogste zou moeten bereiken? Begin dus met jezelf te onderzoeken (introspectie).\u00a0 Dan zul je aan je vibraties voelen dat er iets verkeerd is met jou.\u00a0 Dan probeer je geen anderen te beoordelen; je onderzoekt jezelf.\u00a0 Het is je eigen spirituele groei die je moet bereiken.<\/p>\n\t<p>Vroeger werden al deze dingen individueel gedaan. Zoals iemand die het pad naar Nirvana begint, ging hij in &#8216;ekant&#8217;, naar verlaten streken, bleef hij weg van mensen, vermeed hij ze, had hij niets te doen, en bereikte hij deze spirituele groei, zelfrealisatie, alleen voor zichzelf. Het was niet voor anderen.<\/p>\n<p>Toen werd deze heer absoluut exclusief. Hij sprak met niemand, ontmoette niemand en zat ergens op een afgelegen bergtop.\u00a0Naar iedereen die hem probeerde te ontmoeten, gooide hij met stenen of zei allerlei vreselijke dingen, maar hij ontmoette die persoon nooit.<\/p>\n<p>Maar Sahaja Yoga is anders<strong>.<\/strong>\u00a0 Het is de realisatie van het geheel.\u00a0 Dat soort individuele verworvenheden brachten de mensheid tot niets.\u00a0 Vroeger probeerden heiligen de mensen te spreken over zelfrealisatie, God, rechtvaardigheid, waardensysteem, maar zij werden als iets vreemds aanzien, gemarteld en vervolgd.<\/p>\n<p>Dus wat betreft individuele realisatie konden ze niets anders doen dan erover praten tot Sahaja Yoga kwam.\u00a0 Zelfs erover praten was verboden.\u00a0 Tot de twaalfde eeuw werd er in India nooit in het openbaar over gesproken.\u00a0 Het was enkel te vinden in zeer moeilijke Sanskriet boeken, die slechts voor enkelen beschikbaar waren.\u00a0 Het werd aan zeer weinigen uitgelegd. Maar het geven van realisatie werd hen ontzegd.<\/p>\n\t\t\t\t<img decoding=\"async\" src=\"https:\/\/shrimataji.org\/test\/wp-content\/uploads\/2025\/08\/nl_william-blake-jakobs-ladder.jpg\" alt=\"Jacobsladder van spirituele opstijging door William Blake\" itemprop=\"image\" height=\"1000\" width=\"787\" title=\"nl_william-blake-jakobs-ladder\" onerror=\"this.style.display='none'\" loading=\"lazy\" \/>\n\t\tJacobsladder van spirituele opstijging door William Blake\n\t<p>E\u00e9n meester had \u00e9\u00e9n leerling en er was slechts individuele realisatie, individuele uitwerking.\u00a0 Zo&#8217;n leerling werd afgezonderd, en in het geheim werd het bij hem uitgewerkt. Hij mocht er wel gedichten over schrijven, erover praten en zijn vreugde beschrijven, maar hij had geen recht om realisatie door te geven aan mensen.\u00a0 Hij wist zelfs niet hoe dit te doen.<\/p>\n<p>Nu zie je dus hoever je al bent: je hebt je realisatie gekregen zonder daar veel voor te moeten opgeven.\u00a0 Je kan op een bredere schaal werken: je kan realisatie geven aan anderen.\u00a0 Je kent alle subtiele kennis over Sahaja Yoga&#8230;<\/p>\n<p>&#8230;Neem bijvoorbeeld\u00a0 Shankaracharya, die een heel mooi boek schreef: &#8220;Viveka-Chudamani&#8221;, waarin hij beschreef wat God is en veel meer.\u00a0 Viveka betekent het bewuste en het bewustzijn, en al deze dingen beschreef hij.\u00a0 Maar er was \u00e9\u00e9n verschrikkelijk man, Sarma genoemd.\u00a0 Die discussieerde met hem, tot hij, Shankaracharya het beu was.\u00a0 Hij wist dat het geen zin had verder met Sarma te spreken.<\/p>\n<p>Dus schreef hij maar Saundarya Lahari.\u00a0 Dit is niets anders dan al de mantra&#8217;s die de Moeder prijzen.\u00a0 Hij zei: ik ken Moeder, laat mij Haar prijzen.\u00a0 Hij zei: &#8220;Waarom moet ik met die domme mensen praten?&#8221; Hij wist dat deze mensen noch de capaciteit noch de gevoeligheid hadden om te begrijpen wat hij wist.<\/p>\n\t\t\t\t<img decoding=\"async\" src=\"https:\/\/shrimataji.org\/test\/wp-content\/uploads\/2025\/08\/nl_shri-mataji-speaking-about-spirituality-and-sahaja-yoga.jpg\" alt=\"Shri Mataji spreekt over spiritualiteit en Sahaja Yoga\" itemprop=\"image\" height=\"2310\" width=\"1500\" title=\"nl_shri-mataji-speaking-about-spirituality-and-sahaja-yoga\" onerror=\"this.style.display='none'\" loading=\"lazy\" \/>\n\t\tShri Mataji spreekt over spiritualiteit en Sahaja Yoga\n\t<p>Ziedaar de echte kennis, dit is te weten wat God is. En als dat God is, hoe kun je dan argwanend zijn, alles proberen te analyseren?\u00a0 Het is God!\u00a0 Het is God Almachtig, die alles weet, alles doet, overal van geniet.<\/p>\n<p>De zuivere kennis, gyana, is niet de kennis van de chakra&#8217;s, de vibraties, de kundalini, maar de kennis van God Almachtig.\u00a0 En de kennis van God Almachtig is niet mentaal.<\/p>\n<p>Het start vanuit het hart en gaat zo naar het brein, het is als iets dat uit de ervaring van vreugde komt en zo bezit neemt van ons verstand.\u00a0 Het verstand kan het niet meer loochenen.<\/p>\n<p>Het is zoals je je moeder kent.\u00a0 Je kent haar liefde.\u00a0 Dat kun je niet verklaren.\u00a0 Het komt uit je hart.\u00a0 Zo is mijn moeder, zij zou dit niet doen, ik ken haar zeer goed: de kennis van je moeder, diegene die je het leven schonk, ze mag dan al niet zo goed zijn.\u00a0 Maar de kennis van God, dat Hij liefde is, dat Hij waarheid is, dat Hij alles weet, dat wordt een deel van ons wezen.\u00a0 Dat is het moment waarop we zeggen: dat is Nirwana.<\/p>\n<p>Zeer belangrijk voor de mensen in het Westen: open je hart, omdat het daar start, niet vanuit het brein.<\/p>\n\n","protected":false},"excerpt":{"rendered":"<p>Onze spirituele groei Fragment uit een lezing gehouden tijdens een seminar in Chianciano Terme, Itali\u00eb, op 16&nbsp;februari 1991 Laatst las ik een aantal boeken over hoe het vroeger in zijn werk ging, over zelfrealisatie, over het leren kennen van de Spirit en over hoe mensen gepijnigd werden. Ten eerste moesten ze hun lichaam verloochenen, trotseren&hellip; <br \/> <a class=\"read-more\" href=\"https:\/\/shrimataji.org\/test\/nl\/onze-spirituele-groei\/\">Read more<\/a><\/p>\n","protected":false},"author":37,"featured_media":16608,"parent":0,"menu_order":0,"comment_status":"closed","ping_status":"closed","template":"","meta":{"inline_featured_image":false,"footnotes":""},"class_list":["post-16607","page","type-page","status-publish","has-post-thumbnail","hentry"],"yoast_head":"<!-- This site is optimized with the Yoast SEO plugin v27.4 - https:\/\/yoast.com\/product\/yoast-seo-wordpress\/ -->\n<title>Onze spirituele groei - TEST - SMND<\/title>\n<meta name=\"robots\" content=\"noindex, follow, max-snippet:-1, max-image-preview:large, max-video-preview:-1\" \/>\n<meta property=\"og:locale\" content=\"en_US\" \/>\n<meta property=\"og:type\" content=\"article\" \/>\n<meta property=\"og:title\" content=\"Onze spirituele groei - TEST - SMND\" \/>\n<meta property=\"og:description\" content=\"Onze spirituele groei Fragment uit een lezing gehouden tijdens een seminar in Chianciano Terme, Itali\u00eb, op 16&nbsp;februari 1991 Laatst las ik een aantal boeken over hoe het vroeger in zijn werk ging, over zelfrealisatie, over het leren kennen van de Spirit en over hoe mensen gepijnigd werden. Ten eerste moesten ze hun lichaam verloochenen, trotseren&hellip; Read more\" \/>\n<meta property=\"og:url\" content=\"https:\/\/shrimataji.org\/test\/nl\/onze-spirituele-groei\/\" \/>\n<meta property=\"og:site_name\" content=\"TEST - SMND\" \/>\n<meta property=\"article:publisher\" content=\"https:\/\/www.facebook.com\/shrimataji\" \/>\n<meta property=\"article:modified_time\" content=\"2025-11-19T10:42:33+00:00\" \/>\n<meta property=\"og:image\" content=\"https:\/\/shrimataji.org\/test\/wp-content\/uploads\/2018\/07\/media_originals\/images\/headers-general\/jacobs-ladder-by-william-blake-spiritual-ascent.jpg\" \/>\n\t<meta property=\"og:image:width\" content=\"990\" \/>\n\t<meta property=\"og:image:height\" content=\"350\" \/>\n\t<meta property=\"og:image:type\" content=\"image\/jpeg\" \/>\n<meta name=\"twitter:card\" content=\"summary_large_image\" \/>\n<meta name=\"twitter:site\" content=\"@shrimataji\" \/>\n<script type=\"application\/ld+json\" class=\"yoast-schema-graph\">{\"@context\":\"https:\\\/\\\/schema.org\",\"@graph\":[{\"@type\":\"WebPage\",\"@id\":\"https:\\\/\\\/shrimataji.org\\\/test\\\/nl\\\/onze-spirituele-groei\\\/\",\"url\":\"https:\\\/\\\/shrimataji.org\\\/test\\\/nl\\\/onze-spirituele-groei\\\/\",\"name\":\"Onze spirituele groei - TEST - SMND\",\"isPartOf\":{\"@id\":\"https:\\\/\\\/shrimataji.org\\\/test\\\/#website\"},\"primaryImageOfPage\":{\"@id\":\"https:\\\/\\\/shrimataji.org\\\/test\\\/nl\\\/onze-spirituele-groei\\\/#primaryimage\"},\"image\":{\"@id\":\"https:\\\/\\\/shrimataji.org\\\/test\\\/nl\\\/onze-spirituele-groei\\\/#primaryimage\"},\"thumbnailUrl\":\"https:\\\/\\\/shrimataji.org\\\/test\\\/wp-content\\\/uploads\\\/2018\\\/07\\\/media_originals\\\/images\\\/headers-general\\\/jacobs-ladder-by-william-blake-spiritual-ascent.jpg\",\"datePublished\":\"2012-09-02T10:00:00+00:00\",\"dateModified\":\"2025-11-19T10:42:33+00:00\",\"breadcrumb\":{\"@id\":\"https:\\\/\\\/shrimataji.org\\\/test\\\/nl\\\/onze-spirituele-groei\\\/#breadcrumb\"},\"inLanguage\":\"en-US\",\"potentialAction\":[{\"@type\":\"ReadAction\",\"target\":[\"https:\\\/\\\/shrimataji.org\\\/test\\\/nl\\\/onze-spirituele-groei\\\/\"]}]},{\"@type\":\"ImageObject\",\"inLanguage\":\"en-US\",\"@id\":\"https:\\\/\\\/shrimataji.org\\\/test\\\/nl\\\/onze-spirituele-groei\\\/#primaryimage\",\"url\":\"https:\\\/\\\/shrimataji.org\\\/test\\\/wp-content\\\/uploads\\\/2018\\\/07\\\/media_originals\\\/images\\\/headers-general\\\/jacobs-ladder-by-william-blake-spiritual-ascent.jpg\",\"contentUrl\":\"https:\\\/\\\/shrimataji.org\\\/test\\\/wp-content\\\/uploads\\\/2018\\\/07\\\/media_originals\\\/images\\\/headers-general\\\/jacobs-ladder-by-william-blake-spiritual-ascent.jpg\",\"width\":990,\"height\":350},{\"@type\":\"BreadcrumbList\",\"@id\":\"https:\\\/\\\/shrimataji.org\\\/test\\\/nl\\\/onze-spirituele-groei\\\/#breadcrumb\",\"itemListElement\":[{\"@type\":\"ListItem\",\"position\":1,\"name\":\"Home\",\"item\":\"https:\\\/\\\/shrimataji.org\\\/test\\\/uk\\\/home-en\\\/\"},{\"@type\":\"ListItem\",\"position\":2,\"name\":\"Onze spirituele groei\"}]},{\"@type\":\"WebSite\",\"@id\":\"https:\\\/\\\/shrimataji.org\\\/test\\\/#website\",\"url\":\"https:\\\/\\\/shrimataji.org\\\/test\\\/\",\"name\":\"Shri Mataji Nirmala Devi\",\"description\":\"A Life Dedicated to Humanity\",\"publisher\":{\"@id\":\"https:\\\/\\\/shrimataji.org\\\/test\\\/#\\\/schema\\\/person\\\/a1b3419c6585f164aa96da1ff85715d1\"},\"potentialAction\":[{\"@type\":\"SearchAction\",\"target\":{\"@type\":\"EntryPoint\",\"urlTemplate\":\"https:\\\/\\\/shrimataji.org\\\/test\\\/?s={search_term_string}\"},\"query-input\":{\"@type\":\"PropertyValueSpecification\",\"valueRequired\":true,\"valueName\":\"search_term_string\"}}],\"inLanguage\":\"en-US\"},{\"@type\":[\"Person\",\"Organization\"],\"@id\":\"https:\\\/\\\/shrimataji.org\\\/test\\\/#\\\/schema\\\/person\\\/a1b3419c6585f164aa96da1ff85715d1\",\"name\":\"Nirmala Shrivastava\",\"image\":{\"@type\":\"ImageObject\",\"inLanguage\":\"en-US\",\"@id\":\"https:\\\/\\\/shrimataji.org\\\/test\\\/wp-content\\\/uploads\\\/2023\\\/02\\\/SMO_LOGO-03.svg\",\"url\":\"https:\\\/\\\/shrimataji.org\\\/test\\\/wp-content\\\/uploads\\\/2023\\\/02\\\/SMO_LOGO-03.svg\",\"contentUrl\":\"https:\\\/\\\/shrimataji.org\\\/test\\\/wp-content\\\/uploads\\\/2023\\\/02\\\/SMO_LOGO-03.svg\",\"width\":\"1024\",\"height\":\"1024\",\"caption\":\"Nirmala Shrivastava\"},\"logo\":{\"@id\":\"https:\\\/\\\/shrimataji.org\\\/test\\\/wp-content\\\/uploads\\\/2023\\\/02\\\/SMO_LOGO-03.svg\"},\"sameAs\":[\"https:\\\/\\\/shrimataji.org\\\/test\",\"https:\\\/\\\/www.facebook.com\\\/shrimataji\",\"https:\\\/\\\/x.com\\\/shrimataji\",\"https:\\\/\\\/www.youtube.com\\\/@Shri_Mataji_Nirmala_Devi\\\/featured\"]}]}<\/script>\n<!-- \/ Yoast SEO plugin. -->","yoast_head_json":{"title":"Onze spirituele groei - TEST - SMND","robots":{"index":"noindex","follow":"follow","max-snippet":"max-snippet:-1","max-image-preview":"max-image-preview:large","max-video-preview":"max-video-preview:-1"},"og_locale":"en_US","og_type":"article","og_title":"Onze spirituele groei - TEST - SMND","og_description":"Onze spirituele groei Fragment uit een lezing gehouden tijdens een seminar in Chianciano Terme, Itali\u00eb, op 16&nbsp;februari 1991 Laatst las ik een aantal boeken over hoe het vroeger in zijn werk ging, over zelfrealisatie, over het leren kennen van de Spirit en over hoe mensen gepijnigd werden. Ten eerste moesten ze hun lichaam verloochenen, trotseren&hellip; Read more","og_url":"https:\/\/shrimataji.org\/test\/nl\/onze-spirituele-groei\/","og_site_name":"TEST - SMND","article_publisher":"https:\/\/www.facebook.com\/shrimataji","article_modified_time":"2025-11-19T10:42:33+00:00","og_image":[{"width":990,"height":350,"url":"https:\/\/shrimataji.org\/test\/wp-content\/uploads\/2018\/07\/media_originals\/images\/headers-general\/jacobs-ladder-by-william-blake-spiritual-ascent.jpg","type":"image\/jpeg"}],"twitter_card":"summary_large_image","twitter_site":"@shrimataji","schema":{"@context":"https:\/\/schema.org","@graph":[{"@type":"WebPage","@id":"https:\/\/shrimataji.org\/test\/nl\/onze-spirituele-groei\/","url":"https:\/\/shrimataji.org\/test\/nl\/onze-spirituele-groei\/","name":"Onze spirituele groei - TEST - SMND","isPartOf":{"@id":"https:\/\/shrimataji.org\/test\/#website"},"primaryImageOfPage":{"@id":"https:\/\/shrimataji.org\/test\/nl\/onze-spirituele-groei\/#primaryimage"},"image":{"@id":"https:\/\/shrimataji.org\/test\/nl\/onze-spirituele-groei\/#primaryimage"},"thumbnailUrl":"https:\/\/shrimataji.org\/test\/wp-content\/uploads\/2018\/07\/media_originals\/images\/headers-general\/jacobs-ladder-by-william-blake-spiritual-ascent.jpg","datePublished":"2012-09-02T10:00:00+00:00","dateModified":"2025-11-19T10:42:33+00:00","breadcrumb":{"@id":"https:\/\/shrimataji.org\/test\/nl\/onze-spirituele-groei\/#breadcrumb"},"inLanguage":"en-US","potentialAction":[{"@type":"ReadAction","target":["https:\/\/shrimataji.org\/test\/nl\/onze-spirituele-groei\/"]}]},{"@type":"ImageObject","inLanguage":"en-US","@id":"https:\/\/shrimataji.org\/test\/nl\/onze-spirituele-groei\/#primaryimage","url":"https:\/\/shrimataji.org\/test\/wp-content\/uploads\/2018\/07\/media_originals\/images\/headers-general\/jacobs-ladder-by-william-blake-spiritual-ascent.jpg","contentUrl":"https:\/\/shrimataji.org\/test\/wp-content\/uploads\/2018\/07\/media_originals\/images\/headers-general\/jacobs-ladder-by-william-blake-spiritual-ascent.jpg","width":990,"height":350},{"@type":"BreadcrumbList","@id":"https:\/\/shrimataji.org\/test\/nl\/onze-spirituele-groei\/#breadcrumb","itemListElement":[{"@type":"ListItem","position":1,"name":"Home","item":"https:\/\/shrimataji.org\/test\/uk\/home-en\/"},{"@type":"ListItem","position":2,"name":"Onze spirituele groei"}]},{"@type":"WebSite","@id":"https:\/\/shrimataji.org\/test\/#website","url":"https:\/\/shrimataji.org\/test\/","name":"Shri Mataji Nirmala Devi","description":"A Life Dedicated to Humanity","publisher":{"@id":"https:\/\/shrimataji.org\/test\/#\/schema\/person\/a1b3419c6585f164aa96da1ff85715d1"},"potentialAction":[{"@type":"SearchAction","target":{"@type":"EntryPoint","urlTemplate":"https:\/\/shrimataji.org\/test\/?s={search_term_string}"},"query-input":{"@type":"PropertyValueSpecification","valueRequired":true,"valueName":"search_term_string"}}],"inLanguage":"en-US"},{"@type":["Person","Organization"],"@id":"https:\/\/shrimataji.org\/test\/#\/schema\/person\/a1b3419c6585f164aa96da1ff85715d1","name":"Nirmala Shrivastava","image":{"@type":"ImageObject","inLanguage":"en-US","@id":"https:\/\/shrimataji.org\/test\/wp-content\/uploads\/2023\/02\/SMO_LOGO-03.svg","url":"https:\/\/shrimataji.org\/test\/wp-content\/uploads\/2023\/02\/SMO_LOGO-03.svg","contentUrl":"https:\/\/shrimataji.org\/test\/wp-content\/uploads\/2023\/02\/SMO_LOGO-03.svg","width":"1024","height":"1024","caption":"Nirmala Shrivastava"},"logo":{"@id":"https:\/\/shrimataji.org\/test\/wp-content\/uploads\/2023\/02\/SMO_LOGO-03.svg"},"sameAs":["https:\/\/shrimataji.org\/test","https:\/\/www.facebook.com\/shrimataji","https:\/\/x.com\/shrimataji","https:\/\/www.youtube.com\/@Shri_Mataji_Nirmala_Devi\/featured"]}]}},"lang":"nl","translations":{"nl":16607,"ur":37473,"en":429,"am":18046,"th":20013,"hu":19530,"sq":18447,"zh":17344,"tr":10191,"pt":10401,"de":10675,"fr":10773,"it":10871,"es":10968,"ja":11265,"ru":11453,"bn":11645,"te":11753,"sw":11876,"he":12024,"el":12316,"sk":12414,"fa":12512,"fi":12610,"bg":13500,"ro":14575,"cs":14768,"ku":16767,"ar":16943,"be":18654,"kn":18928,"mr":20377,"uk":20671,"ml":20966,"ta":22765,"sv":23035,"gu":28879,"pa":29039,"fil":29483,"da":37784,"pl":37996,"nn":38336},"pll_sync_post":[],"_links":{"self":[{"href":"https:\/\/shrimataji.org\/test\/wp-json\/wp\/v2\/pages\/16607","targetHints":{"allow":["GET"]}}],"collection":[{"href":"https:\/\/shrimataji.org\/test\/wp-json\/wp\/v2\/pages"}],"about":[{"href":"https:\/\/shrimataji.org\/test\/wp-json\/wp\/v2\/types\/page"}],"author":[{"embeddable":true,"href":"https:\/\/shrimataji.org\/test\/wp-json\/wp\/v2\/users\/37"}],"replies":[{"embeddable":true,"href":"https:\/\/shrimataji.org\/test\/wp-json\/wp\/v2\/comments?post=16607"}],"version-history":[{"count":0,"href":"https:\/\/shrimataji.org\/test\/wp-json\/wp\/v2\/pages\/16607\/revisions"}],"wp:featuredmedia":[{"embeddable":true,"href":"https:\/\/shrimataji.org\/test\/wp-json\/wp\/v2\/media\/16608"}],"wp:attachment":[{"href":"https:\/\/shrimataji.org\/test\/wp-json\/wp\/v2\/media?parent=16607"}],"curies":[{"name":"wp","href":"https:\/\/api.w.org\/{rel}","templated":true}]}}