{"id":16640,"date":"2012-11-01T12:00:00","date_gmt":"2012-11-01T12:00:00","guid":{"rendered":"http:\/\/testwordpress.nirmalnagari.org\/smnd\/index.php\/sir-c-p-srivastava\/"},"modified":"2025-11-19T10:40:27","modified_gmt":"2025-11-19T10:40:27","slug":"sir-c-p-haar-echtgenoot","status":"publish","type":"page","link":"https:\/\/shrimataji.org\/test\/nl\/sir-c-p-haar-echtgenoot\/","title":{"rendered":"Haar echtgenoot Sir C.P."},"content":{"rendered":"\n\n\t<h1>Sir C.P. Srivastava<\/h1>\n<h2>Sir C.P. en de &#8216;kleine kolos&#8217;<\/h2>\n\t<h4>Shri Mataji Nirmala Devi staat wereldwijd bekend als de inspirerende kracht achter Sahaja Yoga. Naast haar roem als spiritueel leider is er een parallel verhaal: de buitengewone carri\u00e8re van haar echtgenoot, Sir Chandrika Prasad Srivastava.<\/h4>\n<p>Degenen die het geluk hebben gehad om tijd met Shri Mataji persoonlijk door te brengen, zullen ook bekend zijn met de lange, waardige en zacht sprekende figuur van &#8216;Sir C.P.&#8217;, zoals hij liefkozend werd genoemd.<\/p>\n\t\t\t\t<img decoding=\"async\" src=\"https:\/\/shrimataji.org\/test\/wp-content\/uploads\/2025\/08\/nl_shri-mataji-sir-cp-kalpana-sadhana-family-london-uk-1.jpg\" alt=\"Shri Mataji en Sir C.P. met hun dochters Kalpana en Sadhana in Londen.\" itemprop=\"image\" height=\"2206\" width=\"1500\" title=\"nl_shri-mataji-sir-cp-kalpana-sadhana-family-london-uk-1\" onerror=\"this.style.display='none'\" loading=\"lazy\" \/>\n\t\tShri Mataji en Sir C.P. met hun dochters Kalpana en Sadhana in Londen.\n\t<p>Sir C.P. was een vooraanstaand staatsman. Hij diende vier termijnen achtereen als secretaris-generaal van de Internationale Maritieme Organisatie van de VN. Tijdens deze periode werd hij door koningin Elizabeth II tot ridder geslagen.<\/p>\n<p>Sir C.P. en Shri Mataji trouwden toen hij een relatief onbekende jonge officier was bij de Indiase overheid. Hij zei vaak dat hij zijn bliksemsnelle professionele succes grotendeels te danken had aan het volgen van het advies en de intu\u00eftie van zijn vrouw.<\/p>\n<p>Kort na hun huwelijk kreeg hij de benijdenswaardige keuze: hij zou toetreden tot de elite van de Indiase Administratieve Dienst of tot het even &#8211; zo niet meer &#8211; prestigieuze diplomatieke korps. Zijn vrienden moedigden hem aan diplomaat te worden, want dan was het slechts een kwestie van tijd voordat hij ambassadeur zou worden.<\/p>\n<p>Maar mevrouw Srivastava zei zonder aarzelen: &#8220;Nee, laten we in het land blijven. Laten we ons land hier dienen.&#8221; Niemand had kunnen voorspellen wat er daarna gebeurde toen Sir C.P., door een reeks onvoorziene ontmoetingen, werd benoemd tot persoonlijk secretaris van niemand minder dan de premier van India, Lal Bahadur Shastri.<\/p>\n\t\t<img decoding=\"async\" data-spai-excluded=\"true\" loading=\"lazy\"  alt=\"YouTube player\"  src=\"https:\/\/i.ytimg.com\/vi\/10r04eFnN3w\/maxresdefault.jpg\"  \/><button aria-label=\"Play\"><\/button><meta itemprop=\"embedUrl\" content=\"https:\/\/www.youtube.com\/embed\/10r04eFnN3w\"\/><meta itemprop=\"name\" content=\"What I Have Seen: A Stress Free Life\"\/><meta itemprop=\"description\" content=\"Speaking on the topic of stress management, Sir C.P. Srivastava, the husband of Shri Mataji, describes the value of Sahaja Yoga meditation. His perspective is unique, but not unusual. In this candid speech, he describes himself as a man able to do his job well, but now able to face life devoid of stress. &#039;It is a matter of wanting to achieve that transformation,&#039; he says. Nothing needs to be given up. &#039;I am telling you what I have seen.&#039; More videos at: http:\/\/ShriMataji.org ~ A Life Dedicated to Humanity ~\"\/><meta itemprop=\"thumbnailUrl\" content=\"https:\/\/i.ytimg.com\/vi\/10r04eFnN3w\/0.jpg\"\/><meta itemprop=\"duration\" content=\"PT10M46S\"\/><meta itemprop=\"uploadDate\" content=\"2020-07-20T00:05:20Z\"\/>\t\n\t<p>Achteraf gezien was dit een toevallige gebeurtenis, omdat meneer Shastri in veel opzichten de belichaming was van de Sahaj-filosofie waar Shri Mataji voor stond en die zij later met de wereld zou delen. Na zijn pensionering uit de publieke dienst schreef Sir C.P., wederom op aanmoediging van zijn vrouw, de biografie van Lal Bahadur Shastri: &#8216;Een leven van waarheid in de politiek&#8217;. Daarin beschrijft hij meneer Shastri als iemand met veel van de eigenschappen van de hindoegod Shri Rama: nederigheid en diep respect voor alle mensen, gecombineerd met een groot eer- en plichtsbesef.<\/p>\n\t<p>Sir C.P. schrijft dat Shastri &#8220;waarlijk trouw was aan dharma, rechtschapenheid, waarheid en moraal. Hij had geen enkele aangemeten houding. Er was geen tweeledigheid. Er was geen meneer Shastri vanbinnen, die verschilde van de meneer Shastri vanbuiten. Hij was absoluut \u00e9\u00e9n: \u00e9\u00e9n vanbinnen, \u00e9\u00e9n vanbuiten, mooi vanbinnen, mooi vanbuiten.&#8221;<\/p>\n<p>De heer Shastri was tenger, klein van gestalte en bescheiden van aard. Veel mensen dachten daarom dat hij gemakkelijk gedomineerd kon worden.<\/p>\n<p>Kort nadat Shastri premier was geworden, viel Pakistan Kasjmir binnen. Shastri&#8217;s reactie was: &#8220;Ik ben een vreedzaam man, maar ik ben een man van eer. Het is mijn plicht als premier om het land te verdedigen.&#8221;<\/p>\n<p>Zoals Sir C.P. het zei: &#8220;Deze man van vrede stond op als een kolos.&#8221;<\/p>\n\t\t\t\t<img decoding=\"async\" src=\"https:\/\/shrimataji.org\/test\/wp-content\/uploads\/2025\/08\/nl_sir-c.p.-and-naval-officers-near-statue-of-lal-bahadur-shastri.jpg\" alt=\"Sir C.P. met officieren van de marine bij het standbeeld van Lal Bahadur Shastri.\" itemprop=\"image\" height=\"1143\" width=\"1500\" title=\"nl_sir-c.p.-and-naval-officers-near-statue-of-lal-bahadur-shastri\" onerror=\"this.style.display='none'\" loading=\"lazy\" \/>\n\t\tSir C.P. met officieren van de marine bij het standbeeld van Lal Bahadur Shastri.\n\t<h5>&#8220;Lal Bahadur Shastri was absoluut \u00e9\u00e9n: \u00e9\u00e9n van binnen, \u00e9\u00e9n van buiten, prachtig vanbinnen, prachtig vanbuiten.&#8221;<\/h5>\n<h5>Sir C.P. Srivastava, december 1994<\/h5>\n\t<p>In dit opzicht droeg meneer Shastri de fakkel die Mahatma Gandhi als eerste had aangestoken. Hij vervolgde: &#8220;Het unieke aan (India) is dat we hindoes, moslims, christenen, sikhs, parsi&#8217;s en mensen van alle andere religies hebben&#8230; maar we betrekken dit niet allemaal bij de politiek. Dit is het verschil tussen India en Pakistan. Waar Pakistan zichzelf uitroept tot een islamitische staat en religie als een politieke factor gebruikt, hebben wij Indi\u00ebrs de vrijheid om elke religie te volgen die we willen en te bidden zoals we willen. Wat de politiek betreft, is ieder van ons net zo goed een Indi\u00ebr als de ander.&#8221;<\/p>\n\t<p>Tijdens de daaropvolgende vredesbesprekingen wist Shastri alle tegenpartijen voor zich te winnen en samen smeedden ze een duurzame vrede met Pakistan. Shastri overleed onverwachts tijdens dezelfde vredesbesprekingen, ogenschijnlijk aan een hartaanval. Sir C.P. was aan zijn zijde toen hij stierf. Hij schreef later dat hij &#8220;geen groter voorrecht genoot dan de gelegenheid te hebben gehad om Shri Lal Bahadur Shastri te dienen.&#8221; <a href=\"#citation-note-1\">[1]<\/a><\/p>\n<p>Ge\u00efnspireerd door de grote figuur Lal Bahadur Shastri en met de actieve hulp en steun van zijn vrouw, begon Sir C.P. aan zijn eigen roemruchte carri\u00e8re &#8211; eerst als hoge officier bij de Indian Administrative Service, vervolgens als voorzitter van de Indian Shipping Corporation en uiteindelijk als de langstzittende secretaris-generaal in de geschiedenis van de Internationale Maritieme Organisatie van de VN.<\/p>\n<p>De IMO is het enige VN-orgaan dat in Londen is gevestigd. Tijdens de zestien jaar dat Sir C.P. daar diende, maakte Shri Mataji het voor het eerst tot haar missie om <a href=\"https:\/\/shrimataji.org\/test\/nl\/sahaja-yoga-meditatie-2\/\" target=\"_blank\" rel=\"noopener\">Sahaja Yoga meditatie<\/a> aan de wereld te introduceren.<\/p>\n\t\t\t\t<img decoding=\"async\" src=\"https:\/\/shrimataji.org\/test\/wp-content\/uploads\/2025\/08\/nl_shri-mataji-nirmala-devi-sir-cp-world-maritime-university.jpg\" alt=\"Shri Mataji en Sir C.P. bij de World Maritime University\" itemprop=\"image\" height=\"960\" width=\"655\" title=\"nl_shri-mataji-nirmala-devi-sir-cp-world-maritime-university\" onerror=\"this.style.display='none'\" loading=\"lazy\" \/>\n\t\tShri Mataji en Sir C.P. bij de World Maritime University\n\t<hr \/>\n<h3>1. <a href=\"#citation-ref-1\">^<\/a><a name=\"citation-note-1\"><\/a> C. P. Srivastava, &#8216;Lal Bahadur Shastri: A Life of Truth in Politics&#8217; New Delhi: Oxford University Press, 1995.<\/h3>\n\n","protected":false},"excerpt":{"rendered":"<p>Sir C.P. Srivastava Sir C.P. en de &#8216;kleine kolos&#8217; Shri Mataji Nirmala Devi staat wereldwijd bekend als de inspirerende kracht achter Sahaja Yoga. Naast haar roem als spiritueel leider is er een parallel verhaal: de buitengewone carri\u00e8re van haar echtgenoot, Sir Chandrika Prasad Srivastava. Degenen die het geluk hebben gehad om tijd met Shri Mataji&hellip; <br \/> <a class=\"read-more\" href=\"https:\/\/shrimataji.org\/test\/nl\/sir-c-p-haar-echtgenoot\/\">Read more<\/a><\/p>\n","protected":false},"author":37,"featured_media":16641,"parent":0,"menu_order":0,"comment_status":"closed","ping_status":"closed","template":"","meta":{"inline_featured_image":false,"footnotes":"","advanced-sidebar-menu\/link-title":"","advanced-sidebar-menu\/exclude-page":false},"class_list":["post-16640","page","type-page","status-publish","has-post-thumbnail","hentry"],"yoast_head":"<!-- This site is optimized with the Yoast SEO plugin v27.6 - https:\/\/yoast.com\/product\/yoast-seo-wordpress\/ -->\n<title>Haar echtgenoot Sir C.P. - TEST - SMND<\/title>\n<meta name=\"robots\" content=\"noindex, follow, max-snippet:-1, max-image-preview:large, max-video-preview:-1\" \/>\n<meta property=\"og:locale\" content=\"en_US\" \/>\n<meta property=\"og:type\" content=\"article\" \/>\n<meta property=\"og:title\" content=\"Haar echtgenoot Sir C.P. - TEST - SMND\" \/>\n<meta property=\"og:description\" content=\"Sir C.P. Srivastava Sir C.P. en de &#8216;kleine kolos&#8217; Shri Mataji Nirmala Devi staat wereldwijd bekend als de inspirerende kracht achter Sahaja Yoga. Naast haar roem als spiritueel leider is er een parallel verhaal: de buitengewone carri\u00e8re van haar echtgenoot, Sir Chandrika Prasad Srivastava. Degenen die het geluk hebben gehad om tijd met Shri Mataji&hellip; Read more\" \/>\n<meta property=\"og:url\" content=\"https:\/\/shrimataji.org\/test\/nl\/sir-c-p-haar-echtgenoot\/\" \/>\n<meta property=\"og:site_name\" content=\"TEST - SMND\" \/>\n<meta property=\"article:publisher\" content=\"https:\/\/www.facebook.com\/shrimataji\" \/>\n<meta property=\"article:modified_time\" content=\"2025-11-19T10:40:27+00:00\" \/>\n<meta property=\"og:image\" content=\"https:\/\/shrimataji.org\/test\/wp-content\/uploads\/2023\/03\/8_Banner-Family_CP-2-scaled.jpg\" \/>\n\t<meta property=\"og:image:width\" content=\"2560\" \/>\n\t<meta property=\"og:image:height\" content=\"905\" \/>\n\t<meta property=\"og:image:type\" content=\"image\/jpeg\" \/>\n<meta name=\"twitter:card\" content=\"summary_large_image\" \/>\n<meta name=\"twitter:site\" content=\"@shrimataji\" \/>\n<meta name=\"twitter:label1\" content=\"Est. reading time\" \/>\n\t<meta name=\"twitter:data1\" content=\"5 minutes\" \/>\n<script type=\"application\/ld+json\" class=\"yoast-schema-graph\">{\"@context\":\"https:\\\/\\\/schema.org\",\"@graph\":[{\"@type\":\"WebPage\",\"@id\":\"https:\\\/\\\/shrimataji.org\\\/test\\\/nl\\\/sir-c-p-haar-echtgenoot\\\/\",\"url\":\"https:\\\/\\\/shrimataji.org\\\/test\\\/nl\\\/sir-c-p-haar-echtgenoot\\\/\",\"name\":\"Haar echtgenoot Sir C.P. - TEST - SMND\",\"isPartOf\":{\"@id\":\"https:\\\/\\\/shrimataji.org\\\/test\\\/#website\"},\"primaryImageOfPage\":{\"@id\":\"https:\\\/\\\/shrimataji.org\\\/test\\\/nl\\\/sir-c-p-haar-echtgenoot\\\/#primaryimage\"},\"image\":{\"@id\":\"https:\\\/\\\/shrimataji.org\\\/test\\\/nl\\\/sir-c-p-haar-echtgenoot\\\/#primaryimage\"},\"thumbnailUrl\":\"https:\\\/\\\/shrimataji.org\\\/test\\\/wp-content\\\/uploads\\\/2023\\\/03\\\/8_Banner-Family_CP-2-scaled.jpg\",\"datePublished\":\"2012-11-01T12:00:00+00:00\",\"dateModified\":\"2025-11-19T10:40:27+00:00\",\"breadcrumb\":{\"@id\":\"https:\\\/\\\/shrimataji.org\\\/test\\\/nl\\\/sir-c-p-haar-echtgenoot\\\/#breadcrumb\"},\"inLanguage\":\"en-US\",\"potentialAction\":[{\"@type\":\"ReadAction\",\"target\":[\"https:\\\/\\\/shrimataji.org\\\/test\\\/nl\\\/sir-c-p-haar-echtgenoot\\\/\"]}]},{\"@type\":\"ImageObject\",\"inLanguage\":\"en-US\",\"@id\":\"https:\\\/\\\/shrimataji.org\\\/test\\\/nl\\\/sir-c-p-haar-echtgenoot\\\/#primaryimage\",\"url\":\"https:\\\/\\\/shrimataji.org\\\/test\\\/wp-content\\\/uploads\\\/2023\\\/03\\\/8_Banner-Family_CP-2-scaled.jpg\",\"contentUrl\":\"https:\\\/\\\/shrimataji.org\\\/test\\\/wp-content\\\/uploads\\\/2023\\\/03\\\/8_Banner-Family_CP-2-scaled.jpg\",\"width\":2560,\"height\":905},{\"@type\":\"BreadcrumbList\",\"@id\":\"https:\\\/\\\/shrimataji.org\\\/test\\\/nl\\\/sir-c-p-haar-echtgenoot\\\/#breadcrumb\",\"itemListElement\":[{\"@type\":\"ListItem\",\"position\":1,\"name\":\"Home\",\"item\":\"https:\\\/\\\/shrimataji.org\\\/test\\\/uk\\\/home-en\\\/\"},{\"@type\":\"ListItem\",\"position\":2,\"name\":\"Haar echtgenoot Sir C.P.\"}]},{\"@type\":\"WebSite\",\"@id\":\"https:\\\/\\\/shrimataji.org\\\/test\\\/#website\",\"url\":\"https:\\\/\\\/shrimataji.org\\\/test\\\/\",\"name\":\"Shri Mataji Nirmala Devi\",\"description\":\"A Life Dedicated to Humanity\",\"publisher\":{\"@id\":\"https:\\\/\\\/shrimataji.org\\\/test\\\/#\\\/schema\\\/person\\\/a1b3419c6585f164aa96da1ff85715d1\"},\"potentialAction\":[{\"@type\":\"SearchAction\",\"target\":{\"@type\":\"EntryPoint\",\"urlTemplate\":\"https:\\\/\\\/shrimataji.org\\\/test\\\/?s={search_term_string}\"},\"query-input\":{\"@type\":\"PropertyValueSpecification\",\"valueRequired\":true,\"valueName\":\"search_term_string\"}}],\"inLanguage\":\"en-US\"},{\"@type\":[\"Person\",\"Organization\"],\"@id\":\"https:\\\/\\\/shrimataji.org\\\/test\\\/#\\\/schema\\\/person\\\/a1b3419c6585f164aa96da1ff85715d1\",\"name\":\"Nirmala Shrivastava\",\"image\":{\"@type\":\"ImageObject\",\"inLanguage\":\"en-US\",\"@id\":\"https:\\\/\\\/shrimataji.org\\\/test\\\/wp-content\\\/uploads\\\/2023\\\/02\\\/SMO_LOGO-03.svg\",\"url\":\"https:\\\/\\\/shrimataji.org\\\/test\\\/wp-content\\\/uploads\\\/2023\\\/02\\\/SMO_LOGO-03.svg\",\"contentUrl\":\"https:\\\/\\\/shrimataji.org\\\/test\\\/wp-content\\\/uploads\\\/2023\\\/02\\\/SMO_LOGO-03.svg\",\"width\":\"1024\",\"height\":\"1024\",\"caption\":\"Nirmala Shrivastava\"},\"logo\":{\"@id\":\"https:\\\/\\\/shrimataji.org\\\/test\\\/wp-content\\\/uploads\\\/2023\\\/02\\\/SMO_LOGO-03.svg\"},\"sameAs\":[\"https:\\\/\\\/shrimataji.org\\\/test\",\"https:\\\/\\\/www.facebook.com\\\/shrimataji\",\"https:\\\/\\\/x.com\\\/shrimataji\",\"https:\\\/\\\/www.youtube.com\\\/@Shri_Mataji_Nirmala_Devi\\\/featured\"]}]}<\/script>\n<!-- \/ Yoast SEO plugin. -->","yoast_head_json":{"title":"Haar echtgenoot Sir C.P. - TEST - SMND","robots":{"index":"noindex","follow":"follow","max-snippet":"max-snippet:-1","max-image-preview":"max-image-preview:large","max-video-preview":"max-video-preview:-1"},"og_locale":"en_US","og_type":"article","og_title":"Haar echtgenoot Sir C.P. - TEST - SMND","og_description":"Sir C.P. Srivastava Sir C.P. en de &#8216;kleine kolos&#8217; Shri Mataji Nirmala Devi staat wereldwijd bekend als de inspirerende kracht achter Sahaja Yoga. Naast haar roem als spiritueel leider is er een parallel verhaal: de buitengewone carri\u00e8re van haar echtgenoot, Sir Chandrika Prasad Srivastava. Degenen die het geluk hebben gehad om tijd met Shri Mataji&hellip; Read more","og_url":"https:\/\/shrimataji.org\/test\/nl\/sir-c-p-haar-echtgenoot\/","og_site_name":"TEST - SMND","article_publisher":"https:\/\/www.facebook.com\/shrimataji","article_modified_time":"2025-11-19T10:40:27+00:00","og_image":[{"width":2560,"height":905,"url":"https:\/\/shrimataji.org\/test\/wp-content\/uploads\/2023\/03\/8_Banner-Family_CP-2-scaled.jpg","type":"image\/jpeg"}],"twitter_card":"summary_large_image","twitter_site":"@shrimataji","twitter_misc":{"Est. reading time":"5 minutes"},"schema":{"@context":"https:\/\/schema.org","@graph":[{"@type":"WebPage","@id":"https:\/\/shrimataji.org\/test\/nl\/sir-c-p-haar-echtgenoot\/","url":"https:\/\/shrimataji.org\/test\/nl\/sir-c-p-haar-echtgenoot\/","name":"Haar echtgenoot Sir C.P. - TEST - SMND","isPartOf":{"@id":"https:\/\/shrimataji.org\/test\/#website"},"primaryImageOfPage":{"@id":"https:\/\/shrimataji.org\/test\/nl\/sir-c-p-haar-echtgenoot\/#primaryimage"},"image":{"@id":"https:\/\/shrimataji.org\/test\/nl\/sir-c-p-haar-echtgenoot\/#primaryimage"},"thumbnailUrl":"https:\/\/shrimataji.org\/test\/wp-content\/uploads\/2023\/03\/8_Banner-Family_CP-2-scaled.jpg","datePublished":"2012-11-01T12:00:00+00:00","dateModified":"2025-11-19T10:40:27+00:00","breadcrumb":{"@id":"https:\/\/shrimataji.org\/test\/nl\/sir-c-p-haar-echtgenoot\/#breadcrumb"},"inLanguage":"en-US","potentialAction":[{"@type":"ReadAction","target":["https:\/\/shrimataji.org\/test\/nl\/sir-c-p-haar-echtgenoot\/"]}]},{"@type":"ImageObject","inLanguage":"en-US","@id":"https:\/\/shrimataji.org\/test\/nl\/sir-c-p-haar-echtgenoot\/#primaryimage","url":"https:\/\/shrimataji.org\/test\/wp-content\/uploads\/2023\/03\/8_Banner-Family_CP-2-scaled.jpg","contentUrl":"https:\/\/shrimataji.org\/test\/wp-content\/uploads\/2023\/03\/8_Banner-Family_CP-2-scaled.jpg","width":2560,"height":905},{"@type":"BreadcrumbList","@id":"https:\/\/shrimataji.org\/test\/nl\/sir-c-p-haar-echtgenoot\/#breadcrumb","itemListElement":[{"@type":"ListItem","position":1,"name":"Home","item":"https:\/\/shrimataji.org\/test\/uk\/home-en\/"},{"@type":"ListItem","position":2,"name":"Haar echtgenoot Sir C.P."}]},{"@type":"WebSite","@id":"https:\/\/shrimataji.org\/test\/#website","url":"https:\/\/shrimataji.org\/test\/","name":"Shri Mataji Nirmala Devi","description":"A Life Dedicated to Humanity","publisher":{"@id":"https:\/\/shrimataji.org\/test\/#\/schema\/person\/a1b3419c6585f164aa96da1ff85715d1"},"potentialAction":[{"@type":"SearchAction","target":{"@type":"EntryPoint","urlTemplate":"https:\/\/shrimataji.org\/test\/?s={search_term_string}"},"query-input":{"@type":"PropertyValueSpecification","valueRequired":true,"valueName":"search_term_string"}}],"inLanguage":"en-US"},{"@type":["Person","Organization"],"@id":"https:\/\/shrimataji.org\/test\/#\/schema\/person\/a1b3419c6585f164aa96da1ff85715d1","name":"Nirmala Shrivastava","image":{"@type":"ImageObject","inLanguage":"en-US","@id":"https:\/\/shrimataji.org\/test\/wp-content\/uploads\/2023\/02\/SMO_LOGO-03.svg","url":"https:\/\/shrimataji.org\/test\/wp-content\/uploads\/2023\/02\/SMO_LOGO-03.svg","contentUrl":"https:\/\/shrimataji.org\/test\/wp-content\/uploads\/2023\/02\/SMO_LOGO-03.svg","width":"1024","height":"1024","caption":"Nirmala Shrivastava"},"logo":{"@id":"https:\/\/shrimataji.org\/test\/wp-content\/uploads\/2023\/02\/SMO_LOGO-03.svg"},"sameAs":["https:\/\/shrimataji.org\/test","https:\/\/www.facebook.com\/shrimataji","https:\/\/x.com\/shrimataji","https:\/\/www.youtube.com\/@Shri_Mataji_Nirmala_Devi\/featured"]}]}},"lang":"nl","translations":{"nl":16640,"en":423,"am":18079,"th":20064,"hu":19568,"sq":18480,"zh":17377,"tr":10212,"pt":10421,"de":10695,"fr":10793,"it":10891,"es":10988,"ja":11286,"ru":11474,"bn":11665,"te":11773,"sw":11896,"he":12044,"el":12336,"sk":12434,"fa":12532,"fi":12630,"bg":13492,"ro":14567,"cs":14760,"ku":16800,"ar":16976,"be":18687,"kn":18961,"mr":20428,"uk":20722,"ml":21017,"ta":22798,"sv":23068,"gu":28904,"pa":29064,"fil":29517,"da":37814,"nn":38366,"pl":39950,"ur":39951},"pll_sync_post":{},"_links":{"self":[{"href":"https:\/\/shrimataji.org\/test\/wp-json\/wp\/v2\/pages\/16640","targetHints":{"allow":["GET"]}}],"collection":[{"href":"https:\/\/shrimataji.org\/test\/wp-json\/wp\/v2\/pages"}],"about":[{"href":"https:\/\/shrimataji.org\/test\/wp-json\/wp\/v2\/types\/page"}],"author":[{"embeddable":true,"href":"https:\/\/shrimataji.org\/test\/wp-json\/wp\/v2\/users\/37"}],"replies":[{"embeddable":true,"href":"https:\/\/shrimataji.org\/test\/wp-json\/wp\/v2\/comments?post=16640"}],"version-history":[{"count":0,"href":"https:\/\/shrimataji.org\/test\/wp-json\/wp\/v2\/pages\/16640\/revisions"}],"wp:featuredmedia":[{"embeddable":true,"href":"https:\/\/shrimataji.org\/test\/wp-json\/wp\/v2\/media\/16641"}],"wp:attachment":[{"href":"https:\/\/shrimataji.org\/test\/wp-json\/wp\/v2\/media?parent=16640"}],"curies":[{"name":"wp","href":"https:\/\/api.w.org\/{rel}","templated":true}]}}