{"id":18038,"date":"2022-02-25T05:44:57","date_gmt":"2022-02-25T05:44:57","guid":{"rendered":"https:\/\/test.shrimataji.org\/?page_id=6480"},"modified":"2024-04-13T11:14:04","modified_gmt":"2024-04-13T11:14:04","slug":"mooladhara-chakra","status":"publish","type":"page","link":"https:\/\/shrimataji.org\/test\/am\/mooladhara-chakra\/","title":{"rendered":"Mooladhara Chakra"},"content":{"rendered":"\n\n\t<h1>Mooladhara Chakra<\/h1>\n<h2>Masumiyet ve Bilgelik<\/h2>\n<div class=\"su-quote su-quote-style-default\"><div class=\"su-quote-inner su-u-clearfix su-u-trim\">Mooladhara iki Sanskrit\u00e7e kelimeden olu\u015fur: &#8220;K\u00f6k&#8221; anlam\u0131na gelen &#8220;moola&#8221; ve &#8220;destek&#8221; anlam\u0131na gelen &#8220;adhara&#8221;, b\u00f6ylelikle yarad\u0131l\u0131\u015f\u0131n k\u00f6k\u00fcn\u00fcn deste\u011fi anlam\u0131na gelir.<\/div><\/div>\n<h4>D\u00fcnyaya masum bebekler olarak geliriz ve bu nedenle \u00e7ocuklara has \u00f6zelli\u011fin, i\u00e7imizde do\u011fu\u015ftan var olan bir ki\u015filik \u00f6zelli\u011fi oldu\u011funu s\u00f6yleyebiliriz. Masumiyet, do\u011fall\u0131k ve bilgelik bu merkezin tezah\u00fcrleridir. \u0130\u00e7imizdeki ebedi ve yok edilemez nitelikleri temsil eder. Bu nitelikler, Kundalini enerjimiz Mooladhara \u00c7akray\u0131 aktive etti\u011finde t\u00fcm g\u00fc\u00e7leriyle ortaya \u00e7\u0131kar. Bu \u00c7akram\u0131z, fiziksel olarak bo\u015falt\u0131m ve \u00fcreme sistemini y\u00f6netir. Ruhani d\u00fczeyde ise Mooladhara \u00c7akra, t\u00fcm s\u00fcbtil sistemin temelini olu\u015fturur.<\/h4>\n<h4>Meditasyon yoluyla geli\u015ftik\u00e7e, kendimiz ve ba\u015fkalar\u0131 i\u00e7in derin bir masumiyet, sayg\u0131 ve sevgi duygusu deneyimlemeye ba\u015flar\u0131z. Ayr\u0131ca zihnimiz dikkatimizi da\u011f\u0131tan \u015feylerden ar\u0131nd\u0131k\u00e7a haf\u0131zam\u0131z\u0131n da muazzam bir \u015fekilde geli\u015fti\u011fini fark ederiz. Bu merkez, i\u00e7imizde geli\u015ftik\u00e7e \u00e7ekici bir ki\u015filik olu\u015fur.<\/h4>\n\t\n\t<strong>Location<\/strong>:<br \/>\nThe Mooladhara Chakra is located in the pelvic plexus at the base of our spine. The vibrations of this root Chakra can be felt on the base of our palm.\n<strong>Color<\/strong>:<strong><br \/>\n<\/strong>This Chakra is represented by a coral red color. It is closely aligned with the earth element.\n<p><strong>The subtle qualities of Mooladhara Chakra include:<\/strong><\/p>\n\u2022\u00a0Innocence<br \/>\n\u2022\u00a0Purity<br \/>\n\u2022\u00a0Simplicity<br \/>\n\u2022\u00a0Childlike joy<br \/>\n\u2022\u00a0Inner wisdom<br \/>\n\u2022 Dignity<br \/>\n\u2022\u00a0Balance<br \/>\n\u2022\u00a0Purpose and direction<br \/>\n\u2022\u00a0Connection to Earth<br \/>\n\u2022\u00a0Harmony with nature\n\t\t\t\t<a href=\"https:\/\/shrimataji.org\/test\/wp-content\/uploads\/2023\/02\/1-Mooladhara-01.png\" target=\"_blank\" rel=\"noopener\">\n\t\t\t\t<img loading=\"lazy\" decoding=\"async\" src=\"https:\/\/shrimataji.org\/test\/wp-content\/uploads\/2024\/01\/TR_1-Mooladhara.png\" alt=\"TR_1-Mooladhara\" height=\"1644\" width=\"1543\" title=\"TR_1-Mooladhara\" \/>\n\t\t\t\t<\/a>\n\t<div class=\"su-quote su-quote-style-default\"><div class=\"su-quote-inner su-u-clearfix su-u-trim\">The lowest center is for our innocence. Our innocence can never be destroyed because it is eternal. Only it can be covered with some clouds. But with the awakening of the Kundalini the innocence comes back to us. Our attention becomes absolutely innocent and there is no lust and greed in our attention.<\/div><\/div>\n\t<strong>Experience and Benefits:<br \/>\n<\/strong>A balanced Mooladhara Chakra will help you maintain and expand your inner wisdom. You gain the innate ability to distinguish between right and wrong. When true wisdom prevails, one avoids actions (or inactions) that harm oneself or others.\n<p>A balanced Mooladhara Chakra will also lead to improved memory, attention and focus. One is able to make intellectual decisions effectively and efficiently while maintaining emotional balance and stability. Since the Mooladhara Chakra is formed out of the earth element, it plays an important role in connecting our awareness with Mother Nature and we enjoy living a life in complete harmony with her bounties. It also helps us to avoid unnatural or unhealthy lifestyles (those that may be considered &#8220;perverse&#8221; or &#8220;against nature&#8221;). An evolved Mooladhara Chakra allows us to understand and respect our own innocence and purity, as well as that of others. When we experience a disturbance on our Mooladhara Chakra, many illnesses may result.<\/p>\n<p>Left channel problems, such as depression or lethargy, can also be prevented by balancing the Mooladhara Chakra. Right channel problems, such as aggressive behaviour, excessive thinking, excessive planning and overindulging may also be eliminated by establishing a proper balance of Mooladhara Chakra.<\/p>\n<strong>Self-Assessment:<br \/>\n<\/strong>If your Mooladhara Chakra is out of balance, you may experience a poor sense of direction, poor memory, or a poor sense of balance (gravity). Other symptoms of disruption in this Chakra include excretory problems, sexual disorders and reproductive difficulties.\n<p><strong>Reasons for Imbalance: <\/strong><\/p>\n<ul>\n<li>An overloaded amount of mental activity and excessive indulgence in the pleasure of the senses can create a blockage on this center \u2022 Negative social influences can also affect the innate qualities innocence and wisdom that is part of our Mooladhara Chakra.<\/li>\n<\/ul>\n<strong>How to Balance<\/strong>:<strong><br \/>\n<\/strong>Regular Sahaja Yoga meditation practice helps to balance our Mooladhara Chakra and strengthen the beautiful innate qualities of this center in our awareness. To begin, you should sit directly on the earth as often as possible. While enjoying a peaceful moment outdoors, you may clear your left Mooladhara Chakra by resting on the ground in a cross-legged fashion. Place both hands on the ground beside your hips, palms facing downward.\n<p>If you are unable to spend time outside, there is another option. <a href=\"https:\/\/shrimataji.org\/test\/wp-content\/uploads\/2024\/04\/Footsoaking.pdf\" target=\"_blank\" rel=\"noopener\">Soaking your feet<\/a> in a bowl of lukewarm salted water is also helpful in balancing the Mooladhara Chakra.<\/p>\n\n","protected":false},"excerpt":{"rendered":"<p>Mooladhara Chakra Masumiyet ve Bilgelik D\u00fcnyaya masum bebekler olarak geliriz ve bu nedenle \u00e7ocuklara has \u00f6zelli\u011fin, i\u00e7imizde do\u011fu\u015ftan var olan bir ki\u015filik \u00f6zelli\u011fi oldu\u011funu s\u00f6yleyebiliriz. Masumiyet, do\u011fall\u0131k ve bilgelik bu merkezin tezah\u00fcrleridir. \u0130\u00e7imizdeki ebedi ve yok edilemez nitelikleri temsil eder. Bu nitelikler, Kundalini enerjimiz Mooladhara \u00c7akray\u0131 aktive etti\u011finde t\u00fcm g\u00fc\u00e7leriyle ortaya \u00e7\u0131kar. Bu \u00c7akram\u0131z, fiziksel&hellip; <br \/> <a class=\"read-more\" href=\"https:\/\/shrimataji.org\/test\/am\/mooladhara-chakra\/\">Read more<\/a><\/p>\n","protected":false},"author":1,"featured_media":18039,"parent":0,"menu_order":0,"comment_status":"closed","ping_status":"closed","template":"","meta":{"inline_featured_image":false,"footnotes":""},"class_list":["post-18038","page","type-page","status-publish","has-post-thumbnail","hentry"],"yoast_head":"<!-- This site is optimized with the Yoast SEO plugin v27.4 - https:\/\/yoast.com\/product\/yoast-seo-wordpress\/ -->\n<title>Mooladhara Chakra - TEST - SMND<\/title>\n<meta name=\"robots\" content=\"noindex, follow, max-snippet:-1, max-image-preview:large, max-video-preview:-1\" \/>\n<meta property=\"og:locale\" content=\"en_US\" \/>\n<meta property=\"og:type\" content=\"article\" \/>\n<meta property=\"og:title\" content=\"Mooladhara Chakra - TEST - SMND\" \/>\n<meta property=\"og:description\" content=\"Mooladhara Chakra Masumiyet ve Bilgelik D\u00fcnyaya masum bebekler olarak geliriz ve bu nedenle \u00e7ocuklara has \u00f6zelli\u011fin, i\u00e7imizde do\u011fu\u015ftan var olan bir ki\u015filik \u00f6zelli\u011fi oldu\u011funu s\u00f6yleyebiliriz. Masumiyet, do\u011fall\u0131k ve bilgelik bu merkezin tezah\u00fcrleridir. \u0130\u00e7imizdeki ebedi ve yok edilemez nitelikleri temsil eder. Bu nitelikler, Kundalini enerjimiz Mooladhara \u00c7akray\u0131 aktive etti\u011finde t\u00fcm g\u00fc\u00e7leriyle ortaya \u00e7\u0131kar. Bu \u00c7akram\u0131z, fiziksel&hellip; Read more\" \/>\n<meta property=\"og:url\" content=\"https:\/\/shrimataji.org\/test\/am\/mooladhara-chakra\/\" \/>\n<meta property=\"og:site_name\" content=\"TEST - SMND\" \/>\n<meta property=\"article:publisher\" content=\"https:\/\/www.facebook.com\/shrimataji\" \/>\n<meta property=\"article:modified_time\" content=\"2024-04-13T11:14:04+00:00\" \/>\n<meta property=\"og:image\" content=\"https:\/\/shrimataji.org\/test\/wp-content\/uploads\/2023\/03\/16_Banner-SY-Chakra-mool-scaled.jpg\" \/>\n\t<meta property=\"og:image:width\" content=\"2560\" \/>\n\t<meta property=\"og:image:height\" content=\"905\" \/>\n\t<meta property=\"og:image:type\" content=\"image\/jpeg\" \/>\n<meta name=\"twitter:card\" content=\"summary_large_image\" \/>\n<meta name=\"twitter:site\" content=\"@shrimataji\" \/>\n<meta name=\"twitter:label1\" content=\"Est. reading time\" \/>\n\t<meta name=\"twitter:data1\" content=\"4 minutes\" \/>\n<script type=\"application\/ld+json\" class=\"yoast-schema-graph\">{\"@context\":\"https:\\\/\\\/schema.org\",\"@graph\":[{\"@type\":\"WebPage\",\"@id\":\"https:\\\/\\\/shrimataji.org\\\/test\\\/am\\\/mooladhara-chakra\\\/\",\"url\":\"https:\\\/\\\/shrimataji.org\\\/test\\\/am\\\/mooladhara-chakra\\\/\",\"name\":\"Mooladhara Chakra - TEST - SMND\",\"isPartOf\":{\"@id\":\"https:\\\/\\\/shrimataji.org\\\/test\\\/#website\"},\"primaryImageOfPage\":{\"@id\":\"https:\\\/\\\/shrimataji.org\\\/test\\\/am\\\/mooladhara-chakra\\\/#primaryimage\"},\"image\":{\"@id\":\"https:\\\/\\\/shrimataji.org\\\/test\\\/am\\\/mooladhara-chakra\\\/#primaryimage\"},\"thumbnailUrl\":\"https:\\\/\\\/shrimataji.org\\\/test\\\/wp-content\\\/uploads\\\/2023\\\/03\\\/16_Banner-SY-Chakra-mool-scaled.jpg\",\"datePublished\":\"2022-02-25T05:44:57+00:00\",\"dateModified\":\"2024-04-13T11:14:04+00:00\",\"breadcrumb\":{\"@id\":\"https:\\\/\\\/shrimataji.org\\\/test\\\/am\\\/mooladhara-chakra\\\/#breadcrumb\"},\"inLanguage\":\"en-US\",\"potentialAction\":[{\"@type\":\"ReadAction\",\"target\":[\"https:\\\/\\\/shrimataji.org\\\/test\\\/am\\\/mooladhara-chakra\\\/\"]}]},{\"@type\":\"ImageObject\",\"inLanguage\":\"en-US\",\"@id\":\"https:\\\/\\\/shrimataji.org\\\/test\\\/am\\\/mooladhara-chakra\\\/#primaryimage\",\"url\":\"https:\\\/\\\/shrimataji.org\\\/test\\\/wp-content\\\/uploads\\\/2023\\\/03\\\/16_Banner-SY-Chakra-mool-scaled.jpg\",\"contentUrl\":\"https:\\\/\\\/shrimataji.org\\\/test\\\/wp-content\\\/uploads\\\/2023\\\/03\\\/16_Banner-SY-Chakra-mool-scaled.jpg\",\"width\":2560,\"height\":905},{\"@type\":\"BreadcrumbList\",\"@id\":\"https:\\\/\\\/shrimataji.org\\\/test\\\/am\\\/mooladhara-chakra\\\/#breadcrumb\",\"itemListElement\":[{\"@type\":\"ListItem\",\"position\":1,\"name\":\"Home\",\"item\":\"https:\\\/\\\/shrimataji.org\\\/test\\\/uk\\\/home-en\\\/\"},{\"@type\":\"ListItem\",\"position\":2,\"name\":\"Mooladhara Chakra\"}]},{\"@type\":\"WebSite\",\"@id\":\"https:\\\/\\\/shrimataji.org\\\/test\\\/#website\",\"url\":\"https:\\\/\\\/shrimataji.org\\\/test\\\/\",\"name\":\"Shri Mataji Nirmala Devi\",\"description\":\"A Life Dedicated to Humanity\",\"publisher\":{\"@id\":\"https:\\\/\\\/shrimataji.org\\\/test\\\/#\\\/schema\\\/person\\\/a1b3419c6585f164aa96da1ff85715d1\"},\"potentialAction\":[{\"@type\":\"SearchAction\",\"target\":{\"@type\":\"EntryPoint\",\"urlTemplate\":\"https:\\\/\\\/shrimataji.org\\\/test\\\/?s={search_term_string}\"},\"query-input\":{\"@type\":\"PropertyValueSpecification\",\"valueRequired\":true,\"valueName\":\"search_term_string\"}}],\"inLanguage\":\"en-US\"},{\"@type\":[\"Person\",\"Organization\"],\"@id\":\"https:\\\/\\\/shrimataji.org\\\/test\\\/#\\\/schema\\\/person\\\/a1b3419c6585f164aa96da1ff85715d1\",\"name\":\"Nirmala Shrivastava\",\"image\":{\"@type\":\"ImageObject\",\"inLanguage\":\"en-US\",\"@id\":\"https:\\\/\\\/shrimataji.org\\\/test\\\/wp-content\\\/uploads\\\/2023\\\/02\\\/SMO_LOGO-03.svg\",\"url\":\"https:\\\/\\\/shrimataji.org\\\/test\\\/wp-content\\\/uploads\\\/2023\\\/02\\\/SMO_LOGO-03.svg\",\"contentUrl\":\"https:\\\/\\\/shrimataji.org\\\/test\\\/wp-content\\\/uploads\\\/2023\\\/02\\\/SMO_LOGO-03.svg\",\"width\":\"1024\",\"height\":\"1024\",\"caption\":\"Nirmala Shrivastava\"},\"logo\":{\"@id\":\"https:\\\/\\\/shrimataji.org\\\/test\\\/wp-content\\\/uploads\\\/2023\\\/02\\\/SMO_LOGO-03.svg\"},\"sameAs\":[\"https:\\\/\\\/shrimataji.org\\\/test\",\"https:\\\/\\\/www.facebook.com\\\/shrimataji\",\"https:\\\/\\\/x.com\\\/shrimataji\",\"https:\\\/\\\/www.youtube.com\\\/@Shri_Mataji_Nirmala_Devi\\\/featured\"]}]}<\/script>\n<!-- \/ Yoast SEO plugin. -->","yoast_head_json":{"title":"Mooladhara Chakra - TEST - SMND","robots":{"index":"noindex","follow":"follow","max-snippet":"max-snippet:-1","max-image-preview":"max-image-preview:large","max-video-preview":"max-video-preview:-1"},"og_locale":"en_US","og_type":"article","og_title":"Mooladhara Chakra - TEST - SMND","og_description":"Mooladhara Chakra Masumiyet ve Bilgelik D\u00fcnyaya masum bebekler olarak geliriz ve bu nedenle \u00e7ocuklara has \u00f6zelli\u011fin, i\u00e7imizde do\u011fu\u015ftan var olan bir ki\u015filik \u00f6zelli\u011fi oldu\u011funu s\u00f6yleyebiliriz. Masumiyet, do\u011fall\u0131k ve bilgelik bu merkezin tezah\u00fcrleridir. \u0130\u00e7imizdeki ebedi ve yok edilemez nitelikleri temsil eder. Bu nitelikler, Kundalini enerjimiz Mooladhara \u00c7akray\u0131 aktive etti\u011finde t\u00fcm g\u00fc\u00e7leriyle ortaya \u00e7\u0131kar. Bu \u00c7akram\u0131z, fiziksel&hellip; Read more","og_url":"https:\/\/shrimataji.org\/test\/am\/mooladhara-chakra\/","og_site_name":"TEST - SMND","article_publisher":"https:\/\/www.facebook.com\/shrimataji","article_modified_time":"2024-04-13T11:14:04+00:00","og_image":[{"width":2560,"height":905,"url":"https:\/\/shrimataji.org\/test\/wp-content\/uploads\/2023\/03\/16_Banner-SY-Chakra-mool-scaled.jpg","type":"image\/jpeg"}],"twitter_card":"summary_large_image","twitter_site":"@shrimataji","twitter_misc":{"Est. reading time":"4 minutes"},"schema":{"@context":"https:\/\/schema.org","@graph":[{"@type":"WebPage","@id":"https:\/\/shrimataji.org\/test\/am\/mooladhara-chakra\/","url":"https:\/\/shrimataji.org\/test\/am\/mooladhara-chakra\/","name":"Mooladhara Chakra - TEST - SMND","isPartOf":{"@id":"https:\/\/shrimataji.org\/test\/#website"},"primaryImageOfPage":{"@id":"https:\/\/shrimataji.org\/test\/am\/mooladhara-chakra\/#primaryimage"},"image":{"@id":"https:\/\/shrimataji.org\/test\/am\/mooladhara-chakra\/#primaryimage"},"thumbnailUrl":"https:\/\/shrimataji.org\/test\/wp-content\/uploads\/2023\/03\/16_Banner-SY-Chakra-mool-scaled.jpg","datePublished":"2022-02-25T05:44:57+00:00","dateModified":"2024-04-13T11:14:04+00:00","breadcrumb":{"@id":"https:\/\/shrimataji.org\/test\/am\/mooladhara-chakra\/#breadcrumb"},"inLanguage":"en-US","potentialAction":[{"@type":"ReadAction","target":["https:\/\/shrimataji.org\/test\/am\/mooladhara-chakra\/"]}]},{"@type":"ImageObject","inLanguage":"en-US","@id":"https:\/\/shrimataji.org\/test\/am\/mooladhara-chakra\/#primaryimage","url":"https:\/\/shrimataji.org\/test\/wp-content\/uploads\/2023\/03\/16_Banner-SY-Chakra-mool-scaled.jpg","contentUrl":"https:\/\/shrimataji.org\/test\/wp-content\/uploads\/2023\/03\/16_Banner-SY-Chakra-mool-scaled.jpg","width":2560,"height":905},{"@type":"BreadcrumbList","@id":"https:\/\/shrimataji.org\/test\/am\/mooladhara-chakra\/#breadcrumb","itemListElement":[{"@type":"ListItem","position":1,"name":"Home","item":"https:\/\/shrimataji.org\/test\/uk\/home-en\/"},{"@type":"ListItem","position":2,"name":"Mooladhara Chakra"}]},{"@type":"WebSite","@id":"https:\/\/shrimataji.org\/test\/#website","url":"https:\/\/shrimataji.org\/test\/","name":"Shri Mataji Nirmala Devi","description":"A Life Dedicated to Humanity","publisher":{"@id":"https:\/\/shrimataji.org\/test\/#\/schema\/person\/a1b3419c6585f164aa96da1ff85715d1"},"potentialAction":[{"@type":"SearchAction","target":{"@type":"EntryPoint","urlTemplate":"https:\/\/shrimataji.org\/test\/?s={search_term_string}"},"query-input":{"@type":"PropertyValueSpecification","valueRequired":true,"valueName":"search_term_string"}}],"inLanguage":"en-US"},{"@type":["Person","Organization"],"@id":"https:\/\/shrimataji.org\/test\/#\/schema\/person\/a1b3419c6585f164aa96da1ff85715d1","name":"Nirmala Shrivastava","image":{"@type":"ImageObject","inLanguage":"en-US","@id":"https:\/\/shrimataji.org\/test\/wp-content\/uploads\/2023\/02\/SMO_LOGO-03.svg","url":"https:\/\/shrimataji.org\/test\/wp-content\/uploads\/2023\/02\/SMO_LOGO-03.svg","contentUrl":"https:\/\/shrimataji.org\/test\/wp-content\/uploads\/2023\/02\/SMO_LOGO-03.svg","width":"1024","height":"1024","caption":"Nirmala Shrivastava"},"logo":{"@id":"https:\/\/shrimataji.org\/test\/wp-content\/uploads\/2023\/02\/SMO_LOGO-03.svg"},"sameAs":["https:\/\/shrimataji.org\/test","https:\/\/www.facebook.com\/shrimataji","https:\/\/x.com\/shrimataji","https:\/\/www.youtube.com\/@Shri_Mataji_Nirmala_Devi\/featured"]}]}},"lang":"am","translations":{"am":18038,"ur":37466,"en":10186,"th":20000,"hu":19520,"sq":18439,"zh":17336,"ja":11260,"hi":8319,"pt":10396,"de":10670,"fr":10768,"it":10866,"es":10963,"ru":11448,"bn":11640,"te":11748,"sw":11871,"he":12019,"el":12311,"sk":12409,"fa":12507,"fi":12605,"bg":13376,"ro":14450,"cs":14643,"nl":16599,"ku":16759,"ar":16935,"be":18646,"kn":18920,"mr":20364,"uk":20658,"ml":20953,"ta":22757,"sv":23028,"gu":28871,"pa":29031,"fil":29476,"da":37778,"pl":37990,"nn":38330},"pll_sync_post":[],"_links":{"self":[{"href":"https:\/\/shrimataji.org\/test\/wp-json\/wp\/v2\/pages\/18038","targetHints":{"allow":["GET"]}}],"collection":[{"href":"https:\/\/shrimataji.org\/test\/wp-json\/wp\/v2\/pages"}],"about":[{"href":"https:\/\/shrimataji.org\/test\/wp-json\/wp\/v2\/types\/page"}],"author":[{"embeddable":true,"href":"https:\/\/shrimataji.org\/test\/wp-json\/wp\/v2\/users\/1"}],"replies":[{"embeddable":true,"href":"https:\/\/shrimataji.org\/test\/wp-json\/wp\/v2\/comments?post=18038"}],"version-history":[{"count":0,"href":"https:\/\/shrimataji.org\/test\/wp-json\/wp\/v2\/pages\/18038\/revisions"}],"wp:featuredmedia":[{"embeddable":true,"href":"https:\/\/shrimataji.org\/test\/wp-json\/wp\/v2\/media\/18039"}],"wp:attachment":[{"href":"https:\/\/shrimataji.org\/test\/wp-json\/wp\/v2\/media?parent=18038"}],"curies":[{"name":"wp","href":"https:\/\/api.w.org\/{rel}","templated":true}]}}