{"id":18396,"date":"2022-01-23T02:49:35","date_gmt":"2022-01-23T02:49:35","guid":{"rendered":"https:\/\/test.shrimataji.org\/?page_id=6269"},"modified":"2025-04-28T11:30:43","modified_gmt":"2025-04-28T11:30:43","slug":"perjetoni-vete-realizimin","status":"publish","type":"page","link":"https:\/\/shrimataji.org\/test\/sq\/perjetoni-vete-realizimin\/","title":{"rendered":"P\u00ebrjetoni Vet\u00eb-Realizimin"},"content":{"rendered":"\n\n\t<h1>P\u00ebrjetoni Vet\u00eb-realizimin<\/h1>\n<h2>Ju duhet vet\u00ebm nj\u00eb d\u00ebshir\u00eb e past\u00ebr<\/h2>\n<div class=\"su-quote su-quote-style-default\"><div class=\"su-quote-inner su-u-clearfix su-u-trim\">  \u00cbsht\u00eb e drejta e secilit p\u00ebr t\u00eb arritur k\u00ebt\u00eb gjendje t\u00eb evolucionit dhe tashm\u00eb \u00ebsht\u00eb p\u00ebrfshir\u00eb gjith\u00e7ka e nevojshme. Por meqen\u00ebse un\u00eb respektoj lirin\u00eb tuaj, duhet t\u00eb keni d\u00ebshir\u00ebn p\u00ebr t&#8217;a arritur k\u00ebt\u00eb gjendje, nuk mund t&#8217;ju imponohet.<\/div><\/div>\n\t<h4> Shri Mataji \u00ebsht\u00eb e vetmja Guru shpirt\u00ebrore n\u00eb historin\u00eb e njer\u00ebzimit q\u00eb ka dh\u00ebn\u00eb p\u00ebrvoj\u00ebn e Vet\u00eb-Realizimit Masiv n\u00eb t\u00eb gjith\u00eb bot\u00ebn me mij\u00ebra programe publike. Miliona njer\u00ebz kan\u00eb p\u00ebrfituar nga kjo p\u00ebrvoj\u00eb unike e cila \u00ebsht\u00eb b\u00ebr\u00eb nj\u00eb pik\u00eb kthese n\u00eb jet\u00ebn e tyre. K\u00ebrkuesit q\u00eb ndoq\u00ebn programet, e p\u00ebrjetuan vet\u00eb-realizimin si heshtje t\u00eb plot\u00eb t\u00eb brendshme, nj\u00eb gjendje fizike t\u00eb relaksuar dhe shpesh nj\u00eb fllad t\u00eb ngroht\u00eb ose t\u00eb fresk\u00ebt n\u00eb p\u00ebll\u00ebmb\u00ebt e duarve dhe ndonj\u00ebher\u00eb n\u00ebp\u00ebr t\u00eb gjith\u00eb trupin.<\/h4>\n<p>Hapat e m\u00ebposht\u00ebm do t&#8217;ju ndihmojn\u00eb t\u00eb p\u00ebrgatiteni p\u00ebr p\u00ebrvoj\u00ebn e vet\u00eb-realizimit. Uluni rehat me shpin\u00ebn drejt, madje hiqni edhe k\u00ebpuc\u00ebt pasi mund t\u00eb na ndihmoj\u00eb q\u00eb Toka N\u00ebn\u00eb t\u00eb thith\u00eb t\u00eb gjitha energjit\u00eb negative p\u00ebrmes k\u00ebmb\u00ebve tona.<\/p>\n<p>Vendosini t\u00eb dyja duart n\u00eb gjunj\u00eb me p\u00ebll\u00ebmb\u00ebt e hapura p\u00ebr lart. P\u00ebr t\u00eb qet\u00ebsuar v\u00ebmendjen q\u00eb endet, mund t\u00eb shikoni imazhin e Shri Mataji n\u00eb ekran (ose foto). Pasi t\u00eb jeni qet\u00ebsuar brenda vetes, n\u00eb paqe, provoni t\u00eb v\u00ebzhgoni mendimet tuaja.<\/p>\n<p>N\u00ebse p\u00ebrjetoni nj\u00eb heshtje t\u00eb plot\u00eb t\u00eb brendshme dhe ndoshta ndjeni nj\u00eb fllad t\u00eb leht\u00eb t\u00eb fresk\u00ebt q\u00eb fryn n\u00ebp\u00ebr p\u00ebll\u00ebmb\u00ebt tuaja ose n\u00eb kok\u00eb mbi zon\u00ebn fontanel\u00eb (shat\u00ebrvan), dijeni se ju jeni nj\u00eb shpirt i realizuar dhe e keni arritur natyrsh\u00ebm vet\u00eb-realizimin. Ky \u00ebsht\u00eb nj\u00eb fillim i mrekulluesh\u00ebm dhe hapat e ardhsh\u00ebm do t&#8217;ju ndihmojn\u00eb t\u00eb thelloni p\u00ebrvoj\u00ebn e meditimit.<\/p>\n<p>&nbsp;<\/p>\n\t\t\t\t<img loading=\"lazy\" decoding=\"async\" src=\"https:\/\/shrimataji.org\/test\/wp-content\/uploads\/2023\/02\/ShriMataji_BW.webp\" alt=\"ShriMataji_BW\" itemprop=\"image\" height=\"960\" width=\"671\" title=\"ShriMataji_BW\" onerror=\"this.style.display='none'\"  \/>\n\t<p>Edhe pse \u00ebsht\u00eb shum\u00eb e rrall\u00eb q\u00eb disa njer\u00ebz t\u00eb ken\u00eb p\u00ebrjetuar vet\u00eb-realizimin e plot\u00eb p\u00ebrpara Shri Mataji ose fotografis\u00eb s\u00eb saj, \u00ebsht\u00eb e dobishme q\u00eb p\u00ebr vet\u00eb-realizim t\u00eb p\u00ebrdoret meditimi i udh\u00ebzuar, t\u00eb cilin Shri Mataji e ka demonstruar m\u00eb shum\u00eb se nj\u00eb mij\u00eb her\u00eb n\u00eb mbar\u00eb bot\u00ebn.<\/p>\n\t<p>P\u00ebr t\u00eb ndjekur meditimin e drejtuar nga Shri Mataji n\u00eb videon bashkangjitur, do t\u00eb ishte e dobishme t\u00eb njiheni me hapat pasi t\u00eb gjith\u00eb ushtrimin do e kryeni me syt\u00eb mbyllur. Mbyllja e syve na ndihmon t\u00eb p\u00ebrjetojm\u00eb m\u00eb thell\u00eb vet\u00eb-realizimin dhe gjendjen medituese q\u00eb pason menj\u00ebher\u00eb. Ju mund t\u00eb shihni me kujdes sekuenc\u00ebn e ilustrimeve dhe tekstit m\u00eb posht\u00eb, p\u00ebr t\u00eb p\u00ebrcaktuar pozicionin e duhur t\u00eb dor\u00ebs n\u00eb trup ku Shri Mataji do t&#8217;ju udh\u00ebheq\u00eb n\u00eb ushtrimin e Vet\u00eb-Realizimit, s\u00eb bashku me pohimet p\u00ebr \u00e7do pozicion.<\/p>\n<p>Gjat\u00eb gjith\u00eb seanc\u00ebs s\u00eb vet\u00eb-realizimit, do t\u00eb vendosni <b>dor\u00ebn<\/b><strong> e djatht\u00eb<\/strong> n\u00eb qendrat p\u00ebrgjat\u00eb an\u00ebs s\u00eb majt\u00eb dhe do t\u00eb mbani<b> p\u00ebll\u00ebmb\u00ebn<\/b><strong> e majt\u00eb t\u00eb hapur<\/strong> si\u00e7 tregohet n\u00eb skicat e m\u00ebposhtme.<\/p>\n\t\t\t\t<img loading=\"lazy\" decoding=\"async\" src=\"https:\/\/shrimataji.org\/test\/wp-content\/uploads\/2025\/03\/SQ_1.png\" alt=\"SQ_1\" itemprop=\"image\" height=\"762\" width=\"535\" title=\"SQ_1\" onerror=\"this.style.display='none'\"  \/>\n\t\t\t\t<img loading=\"lazy\" decoding=\"async\" src=\"https:\/\/shrimataji.org\/test\/wp-content\/uploads\/2025\/03\/SQ_2.png\" alt=\"SQ_2\" itemprop=\"image\" height=\"754\" width=\"546\" title=\"SQ_2\" onerror=\"this.style.display='none'\"  \/>\n\t\t\t\t<img loading=\"lazy\" decoding=\"async\" src=\"https:\/\/shrimataji.org\/test\/wp-content\/uploads\/2025\/03\/SQ_3.png\" alt=\"SQ_3\" itemprop=\"image\" height=\"763\" width=\"547\" title=\"SQ_3\" onerror=\"this.style.display='none'\"  \/>\n\t\t\t\t<img loading=\"lazy\" decoding=\"async\" src=\"https:\/\/shrimataji.org\/test\/wp-content\/uploads\/2025\/03\/SQ_4.png\" alt=\"SQ_4\" itemprop=\"image\" height=\"768\" width=\"548\" title=\"SQ_4\" onerror=\"this.style.display='none'\"  \/>\n\t\t\t\t<img loading=\"lazy\" decoding=\"async\" src=\"https:\/\/shrimataji.org\/test\/wp-content\/uploads\/2025\/03\/SQ_5.png\" alt=\"SQ_5\" itemprop=\"image\" height=\"758\" width=\"535\" title=\"SQ_5\" onerror=\"this.style.display='none'\"  \/>\n\t\t\t\t<img loading=\"lazy\" decoding=\"async\" src=\"https:\/\/shrimataji.org\/test\/wp-content\/uploads\/2025\/03\/SQ_6.png\" alt=\"SQ_6\" itemprop=\"image\" height=\"757\" width=\"538\" title=\"SQ_6\" onerror=\"this.style.display='none'\"  \/>\n\t\t\t\t<img loading=\"lazy\" decoding=\"async\" src=\"https:\/\/shrimataji.org\/test\/wp-content\/uploads\/2025\/03\/SQ_7.png\" alt=\"SQ_7\" itemprop=\"image\" height=\"763\" width=\"540\" title=\"SQ_7\" onerror=\"this.style.display='none'\"  \/>\n\t\t\t\t<img loading=\"lazy\" decoding=\"async\" src=\"https:\/\/shrimataji.org\/test\/wp-content\/uploads\/2025\/03\/SQ_8.png\" alt=\"SQ_8\" itemprop=\"image\" height=\"794\" width=\"540\" title=\"SQ_8\" onerror=\"this.style.display='none'\"  \/>\n\t\t\t\t<img loading=\"lazy\" decoding=\"async\" src=\"https:\/\/shrimataji.org\/test\/wp-content\/uploads\/2025\/03\/SQ_9.png\" alt=\"SQ_9\" itemprop=\"image\" height=\"754\" width=\"547\" title=\"SQ_9\" onerror=\"this.style.display='none'\"  \/>\n\t<img decoding=\"async\" data-spai-excluded=\"true\" loading=\"lazy\"  alt=\"YouTube player\"  src=\"https:\/\/i.ytimg.com\/vi\/16KZE6xkDYA\/maxresdefault.jpg\"  \/><button aria-label=\"Play\"><\/button><meta itemprop=\"embedUrl\" content=\"https:\/\/www.youtube.com\/embed\/16KZE6xkDYA\"\/><meta itemprop=\"name\" content=\"Shri Mataji gives Self Realization\"\/><meta itemprop=\"description\" content=\"YouTube video\"\/><meta itemprop=\"thumbnailUrl\" content=\"https:\/\/i.ytimg.com\/vi\/16KZE6xkDYA\/0.jpg\"\/><meta itemprop=\"duration\" content=\"PT9M43S\"\/><meta itemprop=\"uploadDate\" content=\"2022-11-12T03:23:50Z\"\/>\n\t<p>Tani, n\u00eb fund t\u00eb meditimit t\u00eb udh\u00ebzuar, vini re n\u00ebse ndiheni t\u00eb relaksuar dhe n\u00ebse mendimet tuaja jan\u00eb qet\u00ebsuar apo jan\u00eb zhdukur gradualisht. Kjo \u00ebsht\u00eb gjendja e par\u00eb e meditimit: vet\u00ebdija pa mendime. \u00cbsht\u00eb nj\u00eb gjendje e vet\u00ebdijes s\u00eb past\u00ebr dhe paq\u00ebsore p\u00ebr veten dhe asaj q\u00eb ju rrethon.<\/p>\n<p>Tani v\u00ebreni n\u00ebse mund t\u00eb ndjeni nj\u00eb fllad t\u00eb leht\u00eb t\u00eb fresk\u00ebt n\u00eb p\u00ebll\u00ebmb\u00ebt tuaja dhe sip\u00ebr kok\u00ebs (zon\u00ebs  s\u00eb kock\u00ebs fontanel). Mund t\u00eb jet\u00eb nxeht\u00eb n\u00eb fillim, q\u00eb \u00ebsht\u00eb shenj\u00eb se energjia juaj Kundalini po pastron sistemin delikat, por n\u00eb fund do t\u00eb freskohet. Mund ta provoni duke vendosur p\u00ebll\u00ebmb\u00ebn e majt\u00eb mbi kok\u00ebn (pa e prekur)  dhe m\u00eb pas testoni me p\u00ebll\u00ebmb\u00ebn e djatht\u00eb.<\/p>\n<p>N\u00ebse nuk mund ta ndjeni, mund t\u00eb jet\u00eb p\u00ebr nj\u00eb s\u00ebr\u00eb arsyesh. Nj\u00eb nga m\u00eb t\u00eb zakonshmet \u00ebsht\u00eb se ne nuk jemi n\u00eb gjendje t\u00eb falim. Mund t\u00eb t\u00eb ndihmoj\u00eb t\u00eb thuash disa her\u00eb nga zemra: &#8220;N\u00ebn\u00eb (ose n\u00ebse preferon t\u00eb thuash Shri Mataji), i fal t\u00eb gjith\u00eb&#8221; dhe kontrollo s\u00ebrish p\u00ebr t\u00eb par\u00eb n\u00ebse e ndjen er\u00ebn e fresk\u00ebt mbi kok\u00eb.<\/p>\n<p>Ky \u00ebsht\u00eb fillimi i udh\u00ebtimit tuaj t\u00eb brendsh\u00ebm drejt nj\u00eb sfere t\u00eb re t\u00eb ekzistenc\u00ebs s\u00eb p\u00ebrjetshme shpirt\u00ebrore, t\u00eb cil\u00ebn tani mund ta eksploroni n\u00eb paqe dhe harmoni t\u00eb plot\u00eb. Duke ruajtur k\u00ebt\u00eb vet\u00ebdije t\u00eb re p\u00ebrmes meditimit t\u00eb rregullt, do t\u00eb jeni n\u00eb gjendje q\u00eb n\u00ebp\u00ebrmjet moll\u00ebzva t\u00eb gishtave t\u00eb ndjeni gjendjen e sistemit delikat apo edhe t\u00eb njer\u00ebzve t\u00eb tjer\u00eb, dhe t&#8217;i korrigjoni ato me energjin\u00eb shpirt\u00ebrore t\u00eb vet\u00eblindur (Kundalini).<\/p>\n<p>Seksionet e m\u00ebposhtme do t&#8217;ju ndihmojn\u00eb t\u00eb m\u00ebsoni m\u00eb shum\u00eb rreth meditimit Sahaja Yoga dhe gjithashtu se si t\u00eb praktikoni nj\u00eb meditim t\u00eb thjesht\u00eb dhe t\u00eb leht\u00eb n\u00eb sht\u00ebpi. Seksioni mbi Meditimin Kolektiv do t&#8217;ju njoh\u00eb me aspektin e meditimit kolektiv t\u00eb rekomanduar nga Shri Mataji dhe do t\u00eb gjeni qendra t\u00eb meditimit Sahaja Yoga n\u00eb mbar\u00eb bot\u00ebn.<\/p>\n\n","protected":false},"excerpt":{"rendered":"<p>P\u00ebrjetoni Vet\u00eb-realizimin Ju duhet vet\u00ebm nj\u00eb d\u00ebshir\u00eb e past\u00ebr Shri Mataji \u00ebsht\u00eb e vetmja Guru shpirt\u00ebrore n\u00eb historin\u00eb e njer\u00ebzimit q\u00eb ka dh\u00ebn\u00eb p\u00ebrvoj\u00ebn e Vet\u00eb-Realizimit Masiv n\u00eb t\u00eb gjith\u00eb bot\u00ebn me mij\u00ebra programe publike. Miliona njer\u00ebz kan\u00eb p\u00ebrfituar nga kjo p\u00ebrvoj\u00eb unike e cila \u00ebsht\u00eb b\u00ebr\u00eb nj\u00eb pik\u00eb kthese n\u00eb jet\u00ebn e tyre. K\u00ebrkuesit&hellip; <br \/> <a class=\"read-more\" href=\"https:\/\/shrimataji.org\/test\/sq\/perjetoni-vete-realizimin\/\">Read more<\/a><\/p>\n","protected":false},"author":12,"featured_media":18397,"parent":0,"menu_order":0,"comment_status":"closed","ping_status":"closed","template":"","meta":{"inline_featured_image":false,"footnotes":""},"class_list":["post-18396","page","type-page","status-publish","has-post-thumbnail","hentry"],"yoast_head":"<!-- This site is optimized with the Yoast SEO plugin v27.4 - https:\/\/yoast.com\/product\/yoast-seo-wordpress\/ -->\n<title>P\u00ebrjetoni Vet\u00eb-Realizimin - TEST - SMND<\/title>\n<meta name=\"robots\" content=\"noindex, follow, max-snippet:-1, max-image-preview:large, max-video-preview:-1\" \/>\n<meta property=\"og:locale\" content=\"en_US\" \/>\n<meta property=\"og:type\" content=\"article\" \/>\n<meta property=\"og:title\" content=\"P\u00ebrjetoni Vet\u00eb-Realizimin - TEST - SMND\" \/>\n<meta property=\"og:description\" content=\"P\u00ebrjetoni Vet\u00eb-realizimin Ju duhet vet\u00ebm nj\u00eb d\u00ebshir\u00eb e past\u00ebr Shri Mataji \u00ebsht\u00eb e vetmja Guru shpirt\u00ebrore n\u00eb historin\u00eb e njer\u00ebzimit q\u00eb ka dh\u00ebn\u00eb p\u00ebrvoj\u00ebn e Vet\u00eb-Realizimit Masiv n\u00eb t\u00eb gjith\u00eb bot\u00ebn me mij\u00ebra programe publike. Miliona njer\u00ebz kan\u00eb p\u00ebrfituar nga kjo p\u00ebrvoj\u00eb unike e cila \u00ebsht\u00eb b\u00ebr\u00eb nj\u00eb pik\u00eb kthese n\u00eb jet\u00ebn e tyre. K\u00ebrkuesit&hellip; Read more\" \/>\n<meta property=\"og:url\" content=\"https:\/\/shrimataji.org\/test\/sq\/perjetoni-vete-realizimin\/\" \/>\n<meta property=\"og:site_name\" content=\"TEST - SMND\" \/>\n<meta property=\"article:publisher\" content=\"https:\/\/www.facebook.com\/shrimataji\" \/>\n<meta property=\"article:modified_time\" content=\"2025-04-28T11:30:43+00:00\" \/>\n<meta property=\"og:image\" content=\"https:\/\/shrimataji.org\/test\/wp-content\/uploads\/2023\/03\/3_Banner-SY-Experience-2-scaled.jpg\" \/>\n\t<meta property=\"og:image:width\" content=\"2560\" \/>\n\t<meta property=\"og:image:height\" content=\"905\" \/>\n\t<meta property=\"og:image:type\" content=\"image\/jpeg\" \/>\n<meta name=\"twitter:card\" content=\"summary_large_image\" \/>\n<meta name=\"twitter:site\" content=\"@shrimataji\" \/>\n<meta name=\"twitter:label1\" content=\"Est. reading time\" \/>\n\t<meta name=\"twitter:data1\" content=\"6 minutes\" \/>\n<script type=\"application\/ld+json\" class=\"yoast-schema-graph\">{\"@context\":\"https:\\\/\\\/schema.org\",\"@graph\":[{\"@type\":\"WebPage\",\"@id\":\"https:\\\/\\\/shrimataji.org\\\/test\\\/sq\\\/perjetoni-vete-realizimin\\\/\",\"url\":\"https:\\\/\\\/shrimataji.org\\\/test\\\/sq\\\/perjetoni-vete-realizimin\\\/\",\"name\":\"P\u00ebrjetoni Vet\u00eb-Realizimin - TEST - SMND\",\"isPartOf\":{\"@id\":\"https:\\\/\\\/shrimataji.org\\\/test\\\/#website\"},\"primaryImageOfPage\":{\"@id\":\"https:\\\/\\\/shrimataji.org\\\/test\\\/sq\\\/perjetoni-vete-realizimin\\\/#primaryimage\"},\"image\":{\"@id\":\"https:\\\/\\\/shrimataji.org\\\/test\\\/sq\\\/perjetoni-vete-realizimin\\\/#primaryimage\"},\"thumbnailUrl\":\"https:\\\/\\\/shrimataji.org\\\/test\\\/wp-content\\\/uploads\\\/2023\\\/03\\\/3_Banner-SY-Experience-2-scaled.jpg\",\"datePublished\":\"2022-01-23T02:49:35+00:00\",\"dateModified\":\"2025-04-28T11:30:43+00:00\",\"breadcrumb\":{\"@id\":\"https:\\\/\\\/shrimataji.org\\\/test\\\/sq\\\/perjetoni-vete-realizimin\\\/#breadcrumb\"},\"inLanguage\":\"en-US\",\"potentialAction\":[{\"@type\":\"ReadAction\",\"target\":[\"https:\\\/\\\/shrimataji.org\\\/test\\\/sq\\\/perjetoni-vete-realizimin\\\/\"]}]},{\"@type\":\"ImageObject\",\"inLanguage\":\"en-US\",\"@id\":\"https:\\\/\\\/shrimataji.org\\\/test\\\/sq\\\/perjetoni-vete-realizimin\\\/#primaryimage\",\"url\":\"https:\\\/\\\/shrimataji.org\\\/test\\\/wp-content\\\/uploads\\\/2023\\\/03\\\/3_Banner-SY-Experience-2-scaled.jpg\",\"contentUrl\":\"https:\\\/\\\/shrimataji.org\\\/test\\\/wp-content\\\/uploads\\\/2023\\\/03\\\/3_Banner-SY-Experience-2-scaled.jpg\",\"width\":2560,\"height\":905},{\"@type\":\"BreadcrumbList\",\"@id\":\"https:\\\/\\\/shrimataji.org\\\/test\\\/sq\\\/perjetoni-vete-realizimin\\\/#breadcrumb\",\"itemListElement\":[{\"@type\":\"ListItem\",\"position\":1,\"name\":\"Home\",\"item\":\"https:\\\/\\\/shrimataji.org\\\/test\\\/uk\\\/home-en\\\/\"},{\"@type\":\"ListItem\",\"position\":2,\"name\":\"P\u00ebrjetoni Vet\u00eb-Realizimin\"}]},{\"@type\":\"WebSite\",\"@id\":\"https:\\\/\\\/shrimataji.org\\\/test\\\/#website\",\"url\":\"https:\\\/\\\/shrimataji.org\\\/test\\\/\",\"name\":\"Shri Mataji Nirmala Devi\",\"description\":\"A Life Dedicated to Humanity\",\"publisher\":{\"@id\":\"https:\\\/\\\/shrimataji.org\\\/test\\\/#\\\/schema\\\/person\\\/a1b3419c6585f164aa96da1ff85715d1\"},\"potentialAction\":[{\"@type\":\"SearchAction\",\"target\":{\"@type\":\"EntryPoint\",\"urlTemplate\":\"https:\\\/\\\/shrimataji.org\\\/test\\\/?s={search_term_string}\"},\"query-input\":{\"@type\":\"PropertyValueSpecification\",\"valueRequired\":true,\"valueName\":\"search_term_string\"}}],\"inLanguage\":\"en-US\"},{\"@type\":[\"Person\",\"Organization\"],\"@id\":\"https:\\\/\\\/shrimataji.org\\\/test\\\/#\\\/schema\\\/person\\\/a1b3419c6585f164aa96da1ff85715d1\",\"name\":\"Nirmala Shrivastava\",\"image\":{\"@type\":\"ImageObject\",\"inLanguage\":\"en-US\",\"@id\":\"https:\\\/\\\/shrimataji.org\\\/test\\\/wp-content\\\/uploads\\\/2023\\\/02\\\/SMO_LOGO-03.svg\",\"url\":\"https:\\\/\\\/shrimataji.org\\\/test\\\/wp-content\\\/uploads\\\/2023\\\/02\\\/SMO_LOGO-03.svg\",\"contentUrl\":\"https:\\\/\\\/shrimataji.org\\\/test\\\/wp-content\\\/uploads\\\/2023\\\/02\\\/SMO_LOGO-03.svg\",\"width\":\"1024\",\"height\":\"1024\",\"caption\":\"Nirmala Shrivastava\"},\"logo\":{\"@id\":\"https:\\\/\\\/shrimataji.org\\\/test\\\/wp-content\\\/uploads\\\/2023\\\/02\\\/SMO_LOGO-03.svg\"},\"sameAs\":[\"https:\\\/\\\/shrimataji.org\\\/test\",\"https:\\\/\\\/www.facebook.com\\\/shrimataji\",\"https:\\\/\\\/x.com\\\/shrimataji\",\"https:\\\/\\\/www.youtube.com\\\/@Shri_Mataji_Nirmala_Devi\\\/featured\"]}]}<\/script>\n<!-- \/ Yoast SEO plugin. -->","yoast_head_json":{"title":"P\u00ebrjetoni Vet\u00eb-Realizimin - TEST - SMND","robots":{"index":"noindex","follow":"follow","max-snippet":"max-snippet:-1","max-image-preview":"max-image-preview:large","max-video-preview":"max-video-preview:-1"},"og_locale":"en_US","og_type":"article","og_title":"P\u00ebrjetoni Vet\u00eb-Realizimin - TEST - SMND","og_description":"P\u00ebrjetoni Vet\u00eb-realizimin Ju duhet vet\u00ebm nj\u00eb d\u00ebshir\u00eb e past\u00ebr Shri Mataji \u00ebsht\u00eb e vetmja Guru shpirt\u00ebrore n\u00eb historin\u00eb e njer\u00ebzimit q\u00eb ka dh\u00ebn\u00eb p\u00ebrvoj\u00ebn e Vet\u00eb-Realizimit Masiv n\u00eb t\u00eb gjith\u00eb bot\u00ebn me mij\u00ebra programe publike. Miliona njer\u00ebz kan\u00eb p\u00ebrfituar nga kjo p\u00ebrvoj\u00eb unike e cila \u00ebsht\u00eb b\u00ebr\u00eb nj\u00eb pik\u00eb kthese n\u00eb jet\u00ebn e tyre. K\u00ebrkuesit&hellip; Read more","og_url":"https:\/\/shrimataji.org\/test\/sq\/perjetoni-vete-realizimin\/","og_site_name":"TEST - SMND","article_publisher":"https:\/\/www.facebook.com\/shrimataji","article_modified_time":"2025-04-28T11:30:43+00:00","og_image":[{"width":2560,"height":905,"url":"https:\/\/shrimataji.org\/test\/wp-content\/uploads\/2023\/03\/3_Banner-SY-Experience-2-scaled.jpg","type":"image\/jpeg"}],"twitter_card":"summary_large_image","twitter_site":"@shrimataji","twitter_misc":{"Est. reading time":"6 minutes"},"schema":{"@context":"https:\/\/schema.org","@graph":[{"@type":"WebPage","@id":"https:\/\/shrimataji.org\/test\/sq\/perjetoni-vete-realizimin\/","url":"https:\/\/shrimataji.org\/test\/sq\/perjetoni-vete-realizimin\/","name":"P\u00ebrjetoni Vet\u00eb-Realizimin - TEST - SMND","isPartOf":{"@id":"https:\/\/shrimataji.org\/test\/#website"},"primaryImageOfPage":{"@id":"https:\/\/shrimataji.org\/test\/sq\/perjetoni-vete-realizimin\/#primaryimage"},"image":{"@id":"https:\/\/shrimataji.org\/test\/sq\/perjetoni-vete-realizimin\/#primaryimage"},"thumbnailUrl":"https:\/\/shrimataji.org\/test\/wp-content\/uploads\/2023\/03\/3_Banner-SY-Experience-2-scaled.jpg","datePublished":"2022-01-23T02:49:35+00:00","dateModified":"2025-04-28T11:30:43+00:00","breadcrumb":{"@id":"https:\/\/shrimataji.org\/test\/sq\/perjetoni-vete-realizimin\/#breadcrumb"},"inLanguage":"en-US","potentialAction":[{"@type":"ReadAction","target":["https:\/\/shrimataji.org\/test\/sq\/perjetoni-vete-realizimin\/"]}]},{"@type":"ImageObject","inLanguage":"en-US","@id":"https:\/\/shrimataji.org\/test\/sq\/perjetoni-vete-realizimin\/#primaryimage","url":"https:\/\/shrimataji.org\/test\/wp-content\/uploads\/2023\/03\/3_Banner-SY-Experience-2-scaled.jpg","contentUrl":"https:\/\/shrimataji.org\/test\/wp-content\/uploads\/2023\/03\/3_Banner-SY-Experience-2-scaled.jpg","width":2560,"height":905},{"@type":"BreadcrumbList","@id":"https:\/\/shrimataji.org\/test\/sq\/perjetoni-vete-realizimin\/#breadcrumb","itemListElement":[{"@type":"ListItem","position":1,"name":"Home","item":"https:\/\/shrimataji.org\/test\/uk\/home-en\/"},{"@type":"ListItem","position":2,"name":"P\u00ebrjetoni Vet\u00eb-Realizimin"}]},{"@type":"WebSite","@id":"https:\/\/shrimataji.org\/test\/#website","url":"https:\/\/shrimataji.org\/test\/","name":"Shri Mataji Nirmala Devi","description":"A Life Dedicated to Humanity","publisher":{"@id":"https:\/\/shrimataji.org\/test\/#\/schema\/person\/a1b3419c6585f164aa96da1ff85715d1"},"potentialAction":[{"@type":"SearchAction","target":{"@type":"EntryPoint","urlTemplate":"https:\/\/shrimataji.org\/test\/?s={search_term_string}"},"query-input":{"@type":"PropertyValueSpecification","valueRequired":true,"valueName":"search_term_string"}}],"inLanguage":"en-US"},{"@type":["Person","Organization"],"@id":"https:\/\/shrimataji.org\/test\/#\/schema\/person\/a1b3419c6585f164aa96da1ff85715d1","name":"Nirmala Shrivastava","image":{"@type":"ImageObject","inLanguage":"en-US","@id":"https:\/\/shrimataji.org\/test\/wp-content\/uploads\/2023\/02\/SMO_LOGO-03.svg","url":"https:\/\/shrimataji.org\/test\/wp-content\/uploads\/2023\/02\/SMO_LOGO-03.svg","contentUrl":"https:\/\/shrimataji.org\/test\/wp-content\/uploads\/2023\/02\/SMO_LOGO-03.svg","width":"1024","height":"1024","caption":"Nirmala Shrivastava"},"logo":{"@id":"https:\/\/shrimataji.org\/test\/wp-content\/uploads\/2023\/02\/SMO_LOGO-03.svg"},"sameAs":["https:\/\/shrimataji.org\/test","https:\/\/www.facebook.com\/shrimataji","https:\/\/x.com\/shrimataji","https:\/\/www.youtube.com\/@Shri_Mataji_Nirmala_Devi\/featured"]}]}},"lang":"sq","translations":{"sq":18396,"ur":37424,"en":7043,"pa":25836,"gu":25439,"th":19936,"hu":19470,"zh":17293,"hi":8277,"tr":10155,"pt":10368,"de":10642,"fr":10740,"it":10838,"es":10935,"ja":11232,"ru":11420,"bn":11612,"te":11720,"sw":11843,"he":11991,"el":12282,"sk":12380,"fa":12478,"fi":12576,"bg":13413,"ro":14487,"cs":14680,"nl":16556,"ku":16716,"ar":16892,"be":18603,"kn":18877,"mr":20300,"uk":20592,"ml":20891,"ta":22711,"sv":22984,"bs":27284,"fil":29430,"sd":30998,"da":37738,"pl":37955,"nn":38290},"pll_sync_post":[],"_links":{"self":[{"href":"https:\/\/shrimataji.org\/test\/wp-json\/wp\/v2\/pages\/18396","targetHints":{"allow":["GET"]}}],"collection":[{"href":"https:\/\/shrimataji.org\/test\/wp-json\/wp\/v2\/pages"}],"about":[{"href":"https:\/\/shrimataji.org\/test\/wp-json\/wp\/v2\/types\/page"}],"author":[{"embeddable":true,"href":"https:\/\/shrimataji.org\/test\/wp-json\/wp\/v2\/users\/12"}],"replies":[{"embeddable":true,"href":"https:\/\/shrimataji.org\/test\/wp-json\/wp\/v2\/comments?post=18396"}],"version-history":[{"count":0,"href":"https:\/\/shrimataji.org\/test\/wp-json\/wp\/v2\/pages\/18396\/revisions"}],"wp:featuredmedia":[{"embeddable":true,"href":"https:\/\/shrimataji.org\/test\/wp-json\/wp\/v2\/media\/18397"}],"wp:attachment":[{"href":"https:\/\/shrimataji.org\/test\/wp-json\/wp\/v2\/media?parent=18396"}],"curies":[{"name":"wp","href":"https:\/\/api.w.org\/{rel}","templated":true}]}}