{"id":18412,"date":"2018-07-06T01:24:02","date_gmt":"2018-07-06T01:24:02","guid":{"rendered":"http:\/\/testwordpress.nirmalnagari.org\/smnd\/index.php\/mesmerize\/"},"modified":"2025-04-02T20:44:29","modified_gmt":"2025-04-02T20:44:29","slug":"home-sq","status":"publish","type":"page","link":"https:\/\/shrimataji.org\/test\/sq\/home-sq\/","title":{"rendered":"Home SQ"},"content":{"rendered":"\n\n\t<h1>Shri Mataji Nirmala Devi<\/h1>\n<h3> Nj\u00eb jet\u00eb kushtuar njer\u00ebzimit<\/h3>\n\t<p>Shri Mataji Nirmala Devi n\u00eb heshtje transformoi jet\u00eb. P\u00ebr m\u00eb shum\u00eb se dyzet vjet, udh\u00ebtoi n\u00ebp\u00ebr vende, duke ofruar p\u00ebr t\u00eb gjith\u00eb leksione publike dhe p\u00ebrvoj\u00ebn e <a href=\"https:\/\/shrimataji.org\/test\/sq\/vete-realizimi\/\">vet\u00eb-realizimit<\/a> falas, pavar\u00ebsisht nga raca, feja apo rrethanat. Ajo jo vet\u00ebm q\u00eb u mund\u00ebsoi njer\u00ebzve t&#8217;ua kalonin k\u00ebt\u00eb p\u00ebrvoj\u00eb t\u00eb vlefshme t\u00eb tjer\u00ebve, por u m\u00ebsoi atyre teknik\u00ebn e meditimit q\u00eb duhet p\u00ebr ta ruajtur, e njohur si <a href=\"https:\/\/shrimataji.org\/test\/sq\/sahaja-yoga\/\">Sahaja Yoga<\/a>.<\/p>\n\t<div id=\"attachment_282\" style=\"width: 310px\" class=\"wp-caption aligncenter\"><img loading=\"lazy\" decoding=\"async\" aria-describedby=\"caption-attachment-282\" src=\"https:\/\/shrimataji.org\/test\/wp-content\/uploads\/2018\/07\/media_originals\/images\/shri-mataji-teaching-sahaja-yoga\/shri-mataji-teching-sahaja-yoga-meditation-and-self-realization-300x201.jpg\" alt=\"\" width=\"300\" height=\"201\" \/><p id=\"caption-attachment-282\" class=\"wp-caption-text\"><a href=\"https:\/\/www.youtube.com\/user\/ShriMatajiVideos\" target=\"_blank\" rel=\"noopener\">VIDEO ARCHIVE<\/a><\/p><\/div>\n\t<p>Shri Mataji pohoi se ekziston nj\u00eb potencial shpirt\u00ebror i lindur brenda \u00e7do qenieje njer\u00ebzore q\u00eb mund t\u00eb zgjohet spontanisht. Ajo theksoi se ky zgjim, i cil\u00ebsuar si vet\u00ebrealizim, nuk mund t\u00eb blihet. Asnj\u00ebher\u00eb nuk jan\u00eb k\u00ebrkuar Para dhe as nuk do t\u00eb k\u00ebrkohen p\u00ebr p\u00ebrvoj\u00ebn e vet\u00eb-realizimit ose p\u00ebr m\u00ebsimin e meditimit t\u00eb Sahaja Yoga.<\/p>\n<p>Nga ekuilibrimi i brendsh\u00ebm dhe reduktimi i stresit q\u00eb shoq\u00ebron praktik\u00ebn e meditimit t\u00eb Sahaja Yoga kan\u00eb p\u00ebrfituar tashm\u00eb qindra mij\u00ebra n\u00eb mbar\u00eb bot\u00ebn. Aft\u00ebsia p\u00ebr t\u00eb aktivizuar shpejt dhe me leht\u00ebsi energjin\u00eb e lindur shpirt\u00ebrore &#8211; dhe p\u00ebrjetimi i p\u00ebrfitimeve t\u00eb saj &#8211; e dallon Sahaja Yoga nga format e tjera t\u00eb meditimit. Me praktik\u00eb, individ\u00ebt jan\u00eb n\u00eb gjendje t\u00eb drejtojn\u00eb energjin\u00eb e tyre dhe t\u00eb korrigjojn\u00eb \u00e7ekuilbrat mendore, fizike dhe emocionale p\u00ebr t\u00eb arritur nj\u00eb gjendje mir\u00ebqenieje, qet\u00ebsie dhe p\u00ebrmbushjeje.<\/p>\n<p> P\u00ebrve\u00e7 Sahaja Yoga, e cila tani \u00ebsht\u00eb krijuar n\u00eb m\u00eb shum\u00eb se 100 vende, Shri Mataji themeloi nj\u00eb organizat\u00eb joqeveritare p\u00ebr grat\u00eb dhe f\u00ebmij\u00ebt e varf\u00ebr, disa shkolla nd\u00ebrkomb\u00ebtare q\u00eb m\u00ebsojn\u00eb nj\u00eb kurrikul holistik, klinika sh\u00ebndet\u00ebsore q\u00eb ofrojn\u00eb trajtim p\u00ebrmes teknikave t\u00eb meditimit Sahaja Yoga dhe nj\u00eb akademi e arteve p\u00ebr t\u00eb rigjall\u00ebruar aft\u00ebsit\u00eb klasike t\u00eb k\u00ebrcimit, muzik\u00ebs dhe piktur\u00ebs.<\/p>\n\t\t\t\t<img loading=\"lazy\" decoding=\"async\" src=\"https:\/\/shrimataji.org\/test\/wp-content\/uploads\/2018\/07\/media_originals\/images\/shri-mataji-portraits\/shri-mataji-explaining-742x1024.jpg\" alt=\"shri-mataji-explaining\" itemprop=\"image\" height=\"1024\" width=\"742\" title=\"shri-mataji-explaining\" onerror=\"this.style.display='none'\"  \/>\n\t<div class=\"su-quote su-quote-style-default\"><div class=\"su-quote-inner su-u-clearfix su-u-trim\"> &#8220;Sinqerisht, nuk ka paqe brenda qenieve njer\u00ebzore dhe as jasht\u00eb saj. T\u00eb varf\u00ebrit dhe t\u00eb pasurit nj\u00ebsoj jan\u00eb t\u00eb pak\u00ebnaqur. Kudo njer\u00ebzit k\u00ebrkojn\u00eb zgjidhje. N\u00eb nivelin artificial, intelektuali mund t\u00eb zgjidh\u00eb disa probleme p\u00ebr gj\u00ebrat q\u00eb ne i shohim rreth nesh n\u00eb rrezik. Por nd\u00ebrsa disa probleme mund t\u00eb zgjidhen n\u00eb k\u00ebt\u00eb m\u00ebnyr\u00eb, lindin t\u00eb tjera. Zgjidhja e v\u00ebrtet\u00eb nuk q\u00ebndron n\u00eb rrethanat materiale jasht\u00eb qenieve njer\u00ebzore, por brenda qenieve njer\u00ebzore, brenda vet\u00eb qenieve njer\u00ebzore. Zgjidhjet e v\u00ebrteta dhe t\u00eb q\u00ebndrueshme p\u00ebr s\u00ebmundjet aktuale mund t\u00eb gjenden vet\u00ebm nga transformimi i brendsh\u00ebm, kolektiv i qenieve njer\u00ebzore. Kjo nuk \u00ebsht\u00eb e pamundur. N\u00eb fakt, tashm\u00eb ka ndodhur.&#8221; <\/div><\/div>\n\t<h2>Artikuj<\/h2>\n\t<p><img decoding=\"async\" title=\"shri-mataji-nirmala-devi-clearing-technique-in-england-2\" src=\"https:\/\/shrimataji.org\/test\/wp-content\/uploads\/2018\/11\/shri-mataji-nirmala-devi-clearing-technique-in-england-2.jpg\" alt=\"\" \/><\/p>\n<h4>Shri Mataji<\/h4>\n<p>Q\u00eb n\u00eb mosh\u00eb shum\u00eb t\u00eb re Shri Mataji u angazhua n\u00eb bot\u00ebn p\u00ebrreth saj. Nd\u00ebrsa prind\u00ebrit ishin t\u00eb p\u00ebrfshir\u00eb n\u00eb m\u00ebnyr\u00eb aktive n\u00eb luft\u00ebn p\u00ebr pavar\u00ebsi n\u00eb Indi, Shri Mataji, si nj\u00eb f\u00ebmij\u00eb i vog\u00ebl, mori p\u00ebrgjegj\u00ebsin\u00eb p\u00ebr sht\u00ebpin\u00eb. Mahatma Gandhi, ashramin e t\u00eb cilit ajo e vizitonte shpesh n\u00eb mosh\u00eb t\u00eb re, njohu tek ajo nj\u00eb mrekulli shpirt\u00ebrore.<\/p>\n<a href=\"\/work\/\" target=\"_blank\" rel=\"noopener noreferrer\" data-cp-link=\"1\">M\u00ebso m\u00eb shum\u00eb<\/a>\n\t<p><img decoding=\"async\" title=\"shri-mataji-greeting-the-queen-2\" src=\"https:\/\/shrimataji.org\/test\/wp-content\/uploads\/2018\/11\/shri-mataji-greeting-the-queen-2.jpg\" alt=\"\" \/><\/p>\n\n<h4>Transformimi Social<\/h4>\n<p>&#8230;Ajo b\u00ebri t\u00eb njohur se t\u00eb gjitha problemet njer\u00ebzore buronin nga mosnjohja e potencialit t\u00eb tyre t\u00eb v\u00ebrtet\u00eb t\u00eb brendsh\u00ebm si qenie shpirt\u00ebrore dhe se ky potencial mund t\u00eb shfryt\u00ebzohej leht\u00ebsisht p\u00ebrmes vet\u00eb-realizimit. Transformimi i brendsh\u00ebm, i cili \u00ebsht\u00eb \u00e7el\u00ebsi i transformimit social, ka sh\u00ebrbyer si gur themeli p\u00ebr t\u00eb gjitha OJQ-t\u00eb globale t\u00eb nisura nga Shri Mataji.<\/p>\n<a href=\"\/people\/\" target=\"_blank\" rel=\"noopener noreferrer\" data-cp-link=\"1\">M\u00ebso m\u00eb shum\u00eb<\/a>\n\t<p><img decoding=\"async\" title=\"shri-mataji-meeting-with-village-people-in-india-2\" src=\"https:\/\/shrimataji.org\/test\/wp-content\/uploads\/2018\/11\/shri-mataji-meeting-with-village-people-in-india-2.jpg\" alt=\"\" \/><\/p>\n<h4>Programet e Saj Publike<\/h4>\n<p>Nuk kishte vend shum\u00eb t\u00eb vog\u00ebl apo shum\u00eb t\u00eb larg\u00ebt q\u00eb b\u00ebhej penges\u00eb p\u00ebr nj\u00eb vizit\u00eb. Nga shpatet e Himalajeve n\u00eb pjes\u00ebn e jashtme t\u00eb Australis\u00eb; nga Londra n\u00eb Stamboll n\u00eb Los Anxhelos, Shri Mataji i kushtoi koh\u00ebn e saj ndarjes s\u00eb p\u00ebrvoj\u00ebs s\u00eb vet\u00eb-realizimit me t\u00eb gjith\u00eb ata q\u00eb e d\u00ebshironin at\u00eb&#8230;<\/p>\n<a href=\"\/people\/\" target=\"_blank\" rel=\"noopener noreferrer\" data-cp-link=\"1\">M\u00ebso m\u00eb shum\u00eb<\/a>\n\n","protected":false},"excerpt":{"rendered":"<p>Shri Mataji Nirmala Devi Nj\u00eb jet\u00eb kushtuar njer\u00ebzimit Shri Mataji Nirmala Devi n\u00eb heshtje transformoi jet\u00eb. P\u00ebr m\u00eb shum\u00eb se dyzet vjet, udh\u00ebtoi n\u00ebp\u00ebr vende, duke ofruar p\u00ebr t\u00eb gjith\u00eb leksione publike dhe p\u00ebrvoj\u00ebn e vet\u00eb-realizimit falas, pavar\u00ebsisht nga raca, feja apo rrethanat. Ajo jo vet\u00ebm q\u00eb u mund\u00ebsoi njer\u00ebzve t&#8217;ua kalonin k\u00ebt\u00eb p\u00ebrvoj\u00eb t\u00eb&hellip; <br \/> <a class=\"read-more\" href=\"https:\/\/shrimataji.org\/test\/sq\/home-sq\/\">Read more<\/a><\/p>\n","protected":false},"author":1,"featured_media":18413,"parent":0,"menu_order":0,"comment_status":"closed","ping_status":"closed","template":"page-templates\/homepage.php","meta":{"inline_featured_image":false,"footnotes":""},"class_list":["post-18412","page","type-page","status-publish","has-post-thumbnail","hentry"],"yoast_head":"<!-- This site is optimized with the Yoast SEO plugin v27.4 - https:\/\/yoast.com\/product\/yoast-seo-wordpress\/ -->\n<title>TEST - SMND<\/title>\n<meta name=\"description\" content=\"A Life Dedicated to Humanity\" \/>\n<meta name=\"robots\" content=\"noindex, follow, max-snippet:-1, max-image-preview:large, max-video-preview:-1\" \/>\n<meta property=\"og:locale\" content=\"en_US\" \/>\n<meta property=\"og:type\" content=\"article\" \/>\n<meta property=\"og:title\" content=\"Shri Mataji Nirmala Devi\" \/>\n<meta property=\"og:description\" content=\"A Life Dedicated to Humanity\" \/>\n<meta property=\"og:url\" content=\"https:\/\/shrimataji.org\/test\/sq\/home-sq\/\" \/>\n<meta property=\"og:site_name\" content=\"TEST - SMND\" \/>\n<meta property=\"article:publisher\" content=\"https:\/\/www.facebook.com\/shrimataji\" \/>\n<meta property=\"article:modified_time\" content=\"2025-04-02T20:44:29+00:00\" \/>\n<meta property=\"og:image\" content=\"https:\/\/shrimataji.org\/test\/wp-content\/uploads\/2018\/07\/fp11-e1588597806347.jpg\" \/>\n\t<meta property=\"og:image:width\" content=\"707\" \/>\n\t<meta property=\"og:image:height\" content=\"700\" \/>\n\t<meta property=\"og:image:type\" content=\"image\/jpeg\" \/>\n<meta name=\"twitter:card\" content=\"summary_large_image\" \/>\n<meta name=\"twitter:title\" content=\"Shri Mataji Nirmala Devi\" \/>\n<meta name=\"twitter:description\" content=\"A Life Dedicated to Humanity\" \/>\n<meta name=\"twitter:image\" content=\"https:\/\/shrimataji.org\/test\/wp-content\/uploads\/2018\/07\/fp11-e1588597806347.jpg\" \/>\n<meta name=\"twitter:site\" content=\"@shrimataji\" \/>\n<meta name=\"twitter:label1\" content=\"Est. reading time\" \/>\n\t<meta name=\"twitter:data1\" content=\"3 minutes\" \/>\n<script type=\"application\/ld+json\" class=\"yoast-schema-graph\">{\"@context\":\"https:\\\/\\\/schema.org\",\"@graph\":[{\"@type\":\"WebPage\",\"@id\":\"https:\\\/\\\/shrimataji.org\\\/test\\\/sq\\\/home-sq\\\/\",\"url\":\"https:\\\/\\\/shrimataji.org\\\/test\\\/sq\\\/home-sq\\\/\",\"name\":\"TEST - SMND\",\"isPartOf\":{\"@id\":\"https:\\\/\\\/shrimataji.org\\\/test\\\/#website\"},\"primaryImageOfPage\":{\"@id\":\"https:\\\/\\\/shrimataji.org\\\/test\\\/sq\\\/home-sq\\\/#primaryimage\"},\"image\":{\"@id\":\"https:\\\/\\\/shrimataji.org\\\/test\\\/sq\\\/home-sq\\\/#primaryimage\"},\"thumbnailUrl\":\"https:\\\/\\\/shrimataji.org\\\/test\\\/wp-content\\\/uploads\\\/2018\\\/07\\\/media_originals\\\/images\\\/shri-mataji-portraits\\\/shri-mataji-in-belgium-1984.jpg\",\"datePublished\":\"2018-07-06T01:24:02+00:00\",\"dateModified\":\"2025-04-02T20:44:29+00:00\",\"description\":\"A Life Dedicated to Humanity\",\"breadcrumb\":{\"@id\":\"https:\\\/\\\/shrimataji.org\\\/test\\\/sq\\\/home-sq\\\/#breadcrumb\"},\"inLanguage\":\"en-US\",\"potentialAction\":[{\"@type\":\"ReadAction\",\"target\":[\"https:\\\/\\\/shrimataji.org\\\/test\\\/sq\\\/home-sq\\\/\"]}]},{\"@type\":\"ImageObject\",\"inLanguage\":\"en-US\",\"@id\":\"https:\\\/\\\/shrimataji.org\\\/test\\\/sq\\\/home-sq\\\/#primaryimage\",\"url\":\"https:\\\/\\\/shrimataji.org\\\/test\\\/wp-content\\\/uploads\\\/2018\\\/07\\\/media_originals\\\/images\\\/shri-mataji-portraits\\\/shri-mataji-in-belgium-1984.jpg\",\"contentUrl\":\"https:\\\/\\\/shrimataji.org\\\/test\\\/wp-content\\\/uploads\\\/2018\\\/07\\\/media_originals\\\/images\\\/shri-mataji-portraits\\\/shri-mataji-in-belgium-1984.jpg\",\"width\":1500,\"height\":975},{\"@type\":\"BreadcrumbList\",\"@id\":\"https:\\\/\\\/shrimataji.org\\\/test\\\/sq\\\/home-sq\\\/#breadcrumb\",\"itemListElement\":[{\"@type\":\"ListItem\",\"position\":1,\"name\":\"Home\",\"item\":\"https:\\\/\\\/shrimataji.org\\\/test\\\/uk\\\/home-en\\\/\"},{\"@type\":\"ListItem\",\"position\":2,\"name\":\"Home SQ\"}]},{\"@type\":\"WebSite\",\"@id\":\"https:\\\/\\\/shrimataji.org\\\/test\\\/#website\",\"url\":\"https:\\\/\\\/shrimataji.org\\\/test\\\/\",\"name\":\"Shri Mataji Nirmala Devi\",\"description\":\"A Life Dedicated to Humanity\",\"publisher\":{\"@id\":\"https:\\\/\\\/shrimataji.org\\\/test\\\/#\\\/schema\\\/person\\\/a1b3419c6585f164aa96da1ff85715d1\"},\"potentialAction\":[{\"@type\":\"SearchAction\",\"target\":{\"@type\":\"EntryPoint\",\"urlTemplate\":\"https:\\\/\\\/shrimataji.org\\\/test\\\/?s={search_term_string}\"},\"query-input\":{\"@type\":\"PropertyValueSpecification\",\"valueRequired\":true,\"valueName\":\"search_term_string\"}}],\"inLanguage\":\"en-US\"},{\"@type\":[\"Person\",\"Organization\"],\"@id\":\"https:\\\/\\\/shrimataji.org\\\/test\\\/#\\\/schema\\\/person\\\/a1b3419c6585f164aa96da1ff85715d1\",\"name\":\"Nirmala Shrivastava\",\"image\":{\"@type\":\"ImageObject\",\"inLanguage\":\"en-US\",\"@id\":\"https:\\\/\\\/shrimataji.org\\\/test\\\/wp-content\\\/uploads\\\/2023\\\/02\\\/SMO_LOGO-03.svg\",\"url\":\"https:\\\/\\\/shrimataji.org\\\/test\\\/wp-content\\\/uploads\\\/2023\\\/02\\\/SMO_LOGO-03.svg\",\"contentUrl\":\"https:\\\/\\\/shrimataji.org\\\/test\\\/wp-content\\\/uploads\\\/2023\\\/02\\\/SMO_LOGO-03.svg\",\"width\":\"1024\",\"height\":\"1024\",\"caption\":\"Nirmala Shrivastava\"},\"logo\":{\"@id\":\"https:\\\/\\\/shrimataji.org\\\/test\\\/wp-content\\\/uploads\\\/2023\\\/02\\\/SMO_LOGO-03.svg\"},\"sameAs\":[\"https:\\\/\\\/shrimataji.org\\\/test\",\"https:\\\/\\\/www.facebook.com\\\/shrimataji\",\"https:\\\/\\\/x.com\\\/shrimataji\",\"https:\\\/\\\/www.youtube.com\\\/@Shri_Mataji_Nirmala_Devi\\\/featured\"]}]}<\/script>\n<!-- \/ Yoast SEO plugin. -->","yoast_head_json":{"title":"TEST - SMND","description":"A Life Dedicated to Humanity","robots":{"index":"noindex","follow":"follow","max-snippet":"max-snippet:-1","max-image-preview":"max-image-preview:large","max-video-preview":"max-video-preview:-1"},"og_locale":"en_US","og_type":"article","og_title":"Shri Mataji Nirmala Devi","og_description":"A Life Dedicated to Humanity","og_url":"https:\/\/shrimataji.org\/test\/sq\/home-sq\/","og_site_name":"TEST - SMND","article_publisher":"https:\/\/www.facebook.com\/shrimataji","article_modified_time":"2025-04-02T20:44:29+00:00","og_image":[{"width":707,"height":700,"url":"https:\/\/shrimataji.org\/test\/wp-content\/uploads\/2018\/07\/fp11-e1588597806347.jpg","type":"image\/jpeg"}],"twitter_card":"summary_large_image","twitter_title":"Shri Mataji Nirmala Devi","twitter_description":"A Life Dedicated to Humanity","twitter_image":"https:\/\/shrimataji.org\/test\/wp-content\/uploads\/2018\/07\/fp11-e1588597806347.jpg","twitter_site":"@shrimataji","twitter_misc":{"Est. reading time":"3 minutes"},"schema":{"@context":"https:\/\/schema.org","@graph":[{"@type":"WebPage","@id":"https:\/\/shrimataji.org\/test\/sq\/home-sq\/","url":"https:\/\/shrimataji.org\/test\/sq\/home-sq\/","name":"TEST - SMND","isPartOf":{"@id":"https:\/\/shrimataji.org\/test\/#website"},"primaryImageOfPage":{"@id":"https:\/\/shrimataji.org\/test\/sq\/home-sq\/#primaryimage"},"image":{"@id":"https:\/\/shrimataji.org\/test\/sq\/home-sq\/#primaryimage"},"thumbnailUrl":"https:\/\/shrimataji.org\/test\/wp-content\/uploads\/2018\/07\/media_originals\/images\/shri-mataji-portraits\/shri-mataji-in-belgium-1984.jpg","datePublished":"2018-07-06T01:24:02+00:00","dateModified":"2025-04-02T20:44:29+00:00","description":"A Life Dedicated to Humanity","breadcrumb":{"@id":"https:\/\/shrimataji.org\/test\/sq\/home-sq\/#breadcrumb"},"inLanguage":"en-US","potentialAction":[{"@type":"ReadAction","target":["https:\/\/shrimataji.org\/test\/sq\/home-sq\/"]}]},{"@type":"ImageObject","inLanguage":"en-US","@id":"https:\/\/shrimataji.org\/test\/sq\/home-sq\/#primaryimage","url":"https:\/\/shrimataji.org\/test\/wp-content\/uploads\/2018\/07\/media_originals\/images\/shri-mataji-portraits\/shri-mataji-in-belgium-1984.jpg","contentUrl":"https:\/\/shrimataji.org\/test\/wp-content\/uploads\/2018\/07\/media_originals\/images\/shri-mataji-portraits\/shri-mataji-in-belgium-1984.jpg","width":1500,"height":975},{"@type":"BreadcrumbList","@id":"https:\/\/shrimataji.org\/test\/sq\/home-sq\/#breadcrumb","itemListElement":[{"@type":"ListItem","position":1,"name":"Home","item":"https:\/\/shrimataji.org\/test\/uk\/home-en\/"},{"@type":"ListItem","position":2,"name":"Home SQ"}]},{"@type":"WebSite","@id":"https:\/\/shrimataji.org\/test\/#website","url":"https:\/\/shrimataji.org\/test\/","name":"Shri Mataji Nirmala Devi","description":"A Life Dedicated to Humanity","publisher":{"@id":"https:\/\/shrimataji.org\/test\/#\/schema\/person\/a1b3419c6585f164aa96da1ff85715d1"},"potentialAction":[{"@type":"SearchAction","target":{"@type":"EntryPoint","urlTemplate":"https:\/\/shrimataji.org\/test\/?s={search_term_string}"},"query-input":{"@type":"PropertyValueSpecification","valueRequired":true,"valueName":"search_term_string"}}],"inLanguage":"en-US"},{"@type":["Person","Organization"],"@id":"https:\/\/shrimataji.org\/test\/#\/schema\/person\/a1b3419c6585f164aa96da1ff85715d1","name":"Nirmala Shrivastava","image":{"@type":"ImageObject","inLanguage":"en-US","@id":"https:\/\/shrimataji.org\/test\/wp-content\/uploads\/2023\/02\/SMO_LOGO-03.svg","url":"https:\/\/shrimataji.org\/test\/wp-content\/uploads\/2023\/02\/SMO_LOGO-03.svg","contentUrl":"https:\/\/shrimataji.org\/test\/wp-content\/uploads\/2023\/02\/SMO_LOGO-03.svg","width":"1024","height":"1024","caption":"Nirmala Shrivastava"},"logo":{"@id":"https:\/\/shrimataji.org\/test\/wp-content\/uploads\/2023\/02\/SMO_LOGO-03.svg"},"sameAs":["https:\/\/shrimataji.org\/test","https:\/\/www.facebook.com\/shrimataji","https:\/\/x.com\/shrimataji","https:\/\/www.youtube.com\/@Shri_Mataji_Nirmala_Devi\/featured"]}]}},"lang":"sq","translations":{"sq":18412,"ur":28779,"en":5,"am":18011,"th":19959,"hu":19488,"zh":17309,"hi":8573,"tr":10167,"pl":10244,"pt":10379,"fr":10751,"it":10849,"es":10946,"ru":11431,"bn":11623,"te":11731,"sw":11854,"he":12002,"el":12293,"sk":12391,"fa":12489,"bg":13483,"ro":14558,"cs":14751,"de":15376,"ja":16420,"nl":16572,"ku":16732,"ar":16908,"be":18619,"kn":18893,"mr":20323,"uk":20615,"ml":20912,"ta":22727,"sv":23000,"bs":27286,"fi":28770,"gu":28935,"pa":29004,"fil":29446,"sd":31000,"da":37751,"nn":38303},"pll_sync_post":[],"_links":{"self":[{"href":"https:\/\/shrimataji.org\/test\/wp-json\/wp\/v2\/pages\/18412","targetHints":{"allow":["GET"]}}],"collection":[{"href":"https:\/\/shrimataji.org\/test\/wp-json\/wp\/v2\/pages"}],"about":[{"href":"https:\/\/shrimataji.org\/test\/wp-json\/wp\/v2\/types\/page"}],"author":[{"embeddable":true,"href":"https:\/\/shrimataji.org\/test\/wp-json\/wp\/v2\/users\/1"}],"replies":[{"embeddable":true,"href":"https:\/\/shrimataji.org\/test\/wp-json\/wp\/v2\/comments?post=18412"}],"version-history":[{"count":0,"href":"https:\/\/shrimataji.org\/test\/wp-json\/wp\/v2\/pages\/18412\/revisions"}],"wp:featuredmedia":[{"embeddable":true,"href":"https:\/\/shrimataji.org\/test\/wp-json\/wp\/v2\/media\/18413"}],"wp:attachment":[{"href":"https:\/\/shrimataji.org\/test\/wp-json\/wp\/v2\/media?parent=18412"}],"curies":[{"name":"wp","href":"https:\/\/api.w.org\/{rel}","templated":true}]}}