{"id":18459,"date":"2018-07-10T06:54:42","date_gmt":"2018-07-10T06:54:42","guid":{"rendered":"http:\/\/testwordpress.nirmalnagari.org\/smnd\/index.php\/travel\/"},"modified":"2025-04-28T11:30:44","modified_gmt":"2025-04-28T11:30:44","slug":"programet-publike","status":"publish","type":"page","link":"https:\/\/shrimataji.org\/test\/sq\/programet-publike\/","title":{"rendered":"Programet Publike"},"content":{"rendered":"\n\n\t<h1>Programet e Saj Publike<\/h1>\n<h2><b>Nj\u00eb itinerar global <\/b><\/h2>\n\t<h4> Q\u00eb nga prezantimi i teknik\u00ebs Sahaja Yoga n\u00eb 1970, Shri Mataji ka q\u00ebn\u00eb pothuajse vazhdimisht n\u00eb l\u00ebvizje: duke dh\u00ebn\u00eb programe publike, duke u intervistuar nga media, duke folur n\u00eb konferenca dhe seminare nd\u00ebrkomb\u00ebtare, duke krijuar organizata joqeveritare dhe duke kaluar koh\u00eb me at\u00eb q\u00eb ajo e konsideronte &#8220;familjen e saj globale&#8221;. <\/h4>\n<p>Nuk kishte vend shum\u00eb t\u00eb vog\u00ebl apo shum\u00eb t\u00eb larg\u00ebt q\u00eb b\u00ebhej penges\u00eb p\u00ebr nj\u00eb vizit\u00eb. Nga shpatet e Himalajeve n\u00eb pjes\u00ebn e jashtme t\u00eb Australis\u00eb; nga Londra n\u00eb Stamboll n\u00eb Los Anxhelos, Shri Mataji i kushtoi koh\u00ebn e saj ndarjes s\u00eb p\u00ebrvoj\u00ebs s\u00eb vet\u00eb-realizimit me t\u00eb gjith\u00eb ata q\u00eb e d\u00ebshironin at\u00eb. Nga fillimi i viteve 1970 deri n\u00eb vitet 1980, Shri Mataji b\u00ebri turne n\u00eb Evrop\u00eb, Australi dhe Amerik\u00ebn e Veriut vazhdimisht dhe pa u lodhur. N\u00eb vitet 1990, udh\u00ebtimet e tij u zgjeruan duke p\u00ebrfshir\u00eb Amerik\u00ebn e Jugut, Afrik\u00ebn, Rusin\u00eb, Evrop\u00ebn Lindore, Azin\u00eb dhe rajonin e Paq\u00ebsorit. Nj\u00eb v\u00ebshgim n\u00eb itinerarin e Shri Mataji n\u00eb vitin 1990 zbulon llojin e axhend\u00ebs q\u00eb mbante zakonisht, me m\u00eb shum\u00eb se dyqind evente n\u00eb nj\u00ebzet e gjasht\u00eb vende duke p\u00ebrfshir\u00eb Brazilin, Indin\u00eb, Australin\u00eb, Zeland\u00ebn e Re, Rusin\u00eb, Franc\u00ebn, Anglin\u00eb, Polonin\u00eb, Spanj\u00ebn, Italin\u00eb, Shtetet e Bashkuara dhe shum\u00eb t\u00eb tjer\u00eb. Distanca e p\u00ebrshkuar at\u00eb vit i kaloi 135,000 kilometrat, ekuivalente me tre her\u00eb rreth globit.<\/p>\n<p>Udh\u00ebtimet e b\u00ebra kan\u00eb qen\u00eb t\u00eb pabesueshme.  P\u00ebr rreth 40 vjet, ka m\u00ebsuar dhe themeluar Sahaja Yoga n\u00eb mbi 100 vende, nj\u00eb d\u00ebshmi e energjis\u00eb s\u00eb pashtershme dhe p\u00ebrkushtimit t\u00eb plot\u00eb ndaj kauz\u00ebs s\u00eb transformimit shpirt\u00ebror kudo.<\/p>\n<p>Harta interaktive m\u00eb posht\u00eb dokumenton lidhje audio-video t\u00eb programeve t\u00eb ndryshme publike, intervista mediatike, konferenca, seminare dhe trajnime me Shri Mataji midis viteve 1970 dhe 2011. Klikimi mbi nj\u00eb sh\u00ebnues ose grup sh\u00ebnuesish ju jep m\u00eb shum\u00eb informacion, duke p\u00ebrfshir\u00eb lidhjet audio-video me programet regjistruar n\u00eb at\u00eb vend.<\/p>\n\t<p><iframe loading=\"lazy\" src=\"https:\/\/shrimataji.org\/map\/amruta_map_newest.html\" name=\"travel_frame\" width=\"100%\" height=\"500px\" scrolling=\"no\" allowfullscreen=\"allowfullscreen\"><\/iframe><\/p>\n\t&#8220;<style>\n    form {\n        display: flex;\n        flex-wrap: wrap;\n        gap: 10px;\n    }\n    label {\n        flex: 1 100px;\n        text-align: right;\n        margin-right: 10px;\n        margin-left: 5px;\n    }\n    select {\n        width: 200px;\n        flex: 1;\n        max-width: 300px;\n        margin-right: 10px;\n        margin-left: 5px;        \n    }\n    .spacer {\n      margin-bottom: 20px;\n    }\n<\/style>\n<form id=\"filterForm\">\n    <label for=\"subtitle\">Titra e videos:<\/label>\n    <select id=\"subtitle\" name=\"subtitle\">\n        <option value=\"all\">All T\u00eb gjitha<\/option>\n    <\/select>\n    <label for=\"country\">Vendi:<\/label>\n    <select id=\"country\" name=\"country\" onchange=\"populateCities(this)\">\n        <option value=\"all\">All T\u00eb gjitha<\/option>\n    <\/select>\n    <label for=\"city\">Qyteti:<\/label>\n    <select id=\"city\" name=\"city\">\n        <option value=\"all\">All T\u00eb gjitha<\/option>\n    <\/select>\n    <label for=\"period\">Viti:<\/label>\n    <select id=\"period\" name=\"period\">\n        <option value=\"all\">All T\u00eb gjitha<\/option>\n    <\/select>\n    <label for=\"category\">Kategoria:<\/label>\n    <select id=\"category\" name=\"category\">\n        <option value=\"all\">All T\u00eb gjitha<\/option>\n        <option value=\"Public Program\">Public Program<\/option>\n        <option value=\"Conference\">Conference<\/option>\n        <option value=\"Interview\">Interview<\/option>\n    <\/select>\n        <a target=\"_self\" onclick=\"resetSelectFields()\">Reset Rivendos<\/a>\n    <!-- Add additional filter fields or submit button as needed -->\n<\/form>\n\n","protected":false},"excerpt":{"rendered":"<p>Programet e Saj Publike Nj\u00eb itinerar global Q\u00eb nga prezantimi i teknik\u00ebs Sahaja Yoga n\u00eb 1970, Shri Mataji ka q\u00ebn\u00eb pothuajse vazhdimisht n\u00eb l\u00ebvizje: duke dh\u00ebn\u00eb programe publike, duke u intervistuar nga media, duke folur n\u00eb konferenca dhe seminare nd\u00ebrkomb\u00ebtare, duke krijuar organizata joqeveritare dhe duke kaluar koh\u00eb me at\u00eb q\u00eb ajo e konsideronte &#8220;familjen&hellip; <br \/> <a class=\"read-more\" href=\"https:\/\/shrimataji.org\/test\/sq\/programet-publike\/\">Read more<\/a><\/p>\n","protected":false},"author":12,"featured_media":18460,"parent":0,"menu_order":0,"comment_status":"closed","ping_status":"closed","template":"pro\/page-templates\/full-width-page.php","meta":{"inline_featured_image":false,"footnotes":""},"class_list":["post-18459","page","type-page","status-publish","has-post-thumbnail","hentry"],"yoast_head":"<!-- This site is optimized with the Yoast SEO plugin v27.4 - https:\/\/yoast.com\/product\/yoast-seo-wordpress\/ -->\n<title>Programet Publike - TEST - SMND<\/title>\n<meta name=\"robots\" content=\"noindex, follow, max-snippet:-1, max-image-preview:large, max-video-preview:-1\" \/>\n<meta property=\"og:locale\" content=\"en_US\" \/>\n<meta property=\"og:type\" content=\"article\" \/>\n<meta property=\"og:title\" content=\"Programet Publike - TEST - SMND\" \/>\n<meta property=\"og:description\" content=\"Programet e Saj Publike Nj\u00eb itinerar global Q\u00eb nga prezantimi i teknik\u00ebs Sahaja Yoga n\u00eb 1970, Shri Mataji ka q\u00ebn\u00eb pothuajse vazhdimisht n\u00eb l\u00ebvizje: duke dh\u00ebn\u00eb programe publike, duke u intervistuar nga media, duke folur n\u00eb konferenca dhe seminare nd\u00ebrkomb\u00ebtare, duke krijuar organizata joqeveritare dhe duke kaluar koh\u00eb me at\u00eb q\u00eb ajo e konsideronte &#8220;familjen&hellip; Read more\" \/>\n<meta property=\"og:url\" content=\"https:\/\/shrimataji.org\/test\/sq\/programet-publike\/\" \/>\n<meta property=\"og:site_name\" content=\"TEST - SMND\" \/>\n<meta property=\"article:publisher\" content=\"https:\/\/www.facebook.com\/shrimataji\" \/>\n<meta property=\"article:modified_time\" content=\"2025-04-28T11:30:44+00:00\" \/>\n<meta property=\"og:image\" content=\"https:\/\/shrimataji.org\/test\/wp-content\/uploads\/2018\/07\/media_originals\/images\/headers-general\/shri-mataji-nirmala-devi-traveling.jpg\" \/>\n\t<meta property=\"og:image:width\" content=\"990\" \/>\n\t<meta property=\"og:image:height\" content=\"350\" \/>\n\t<meta property=\"og:image:type\" content=\"image\/jpeg\" \/>\n<meta name=\"twitter:card\" content=\"summary_large_image\" \/>\n<meta name=\"twitter:site\" content=\"@shrimataji\" \/>\n<meta name=\"twitter:label1\" content=\"Est. reading time\" \/>\n\t<meta name=\"twitter:data1\" content=\"2 minutes\" \/>\n<script type=\"application\/ld+json\" class=\"yoast-schema-graph\">{\"@context\":\"https:\\\/\\\/schema.org\",\"@graph\":[{\"@type\":\"WebPage\",\"@id\":\"https:\\\/\\\/shrimataji.org\\\/test\\\/sq\\\/programet-publike\\\/\",\"url\":\"https:\\\/\\\/shrimataji.org\\\/test\\\/sq\\\/programet-publike\\\/\",\"name\":\"Programet Publike - TEST - SMND\",\"isPartOf\":{\"@id\":\"https:\\\/\\\/shrimataji.org\\\/test\\\/#website\"},\"primaryImageOfPage\":{\"@id\":\"https:\\\/\\\/shrimataji.org\\\/test\\\/sq\\\/programet-publike\\\/#primaryimage\"},\"image\":{\"@id\":\"https:\\\/\\\/shrimataji.org\\\/test\\\/sq\\\/programet-publike\\\/#primaryimage\"},\"thumbnailUrl\":\"https:\\\/\\\/shrimataji.org\\\/test\\\/wp-content\\\/uploads\\\/2018\\\/07\\\/media_originals\\\/images\\\/headers-general\\\/shri-mataji-nirmala-devi-traveling.jpg\",\"datePublished\":\"2018-07-10T06:54:42+00:00\",\"dateModified\":\"2025-04-28T11:30:44+00:00\",\"breadcrumb\":{\"@id\":\"https:\\\/\\\/shrimataji.org\\\/test\\\/sq\\\/programet-publike\\\/#breadcrumb\"},\"inLanguage\":\"en-US\",\"potentialAction\":[{\"@type\":\"ReadAction\",\"target\":[\"https:\\\/\\\/shrimataji.org\\\/test\\\/sq\\\/programet-publike\\\/\"]}]},{\"@type\":\"ImageObject\",\"inLanguage\":\"en-US\",\"@id\":\"https:\\\/\\\/shrimataji.org\\\/test\\\/sq\\\/programet-publike\\\/#primaryimage\",\"url\":\"https:\\\/\\\/shrimataji.org\\\/test\\\/wp-content\\\/uploads\\\/2018\\\/07\\\/media_originals\\\/images\\\/headers-general\\\/shri-mataji-nirmala-devi-traveling.jpg\",\"contentUrl\":\"https:\\\/\\\/shrimataji.org\\\/test\\\/wp-content\\\/uploads\\\/2018\\\/07\\\/media_originals\\\/images\\\/headers-general\\\/shri-mataji-nirmala-devi-traveling.jpg\",\"width\":990,\"height\":350},{\"@type\":\"BreadcrumbList\",\"@id\":\"https:\\\/\\\/shrimataji.org\\\/test\\\/sq\\\/programet-publike\\\/#breadcrumb\",\"itemListElement\":[{\"@type\":\"ListItem\",\"position\":1,\"name\":\"Home\",\"item\":\"https:\\\/\\\/shrimataji.org\\\/test\\\/uk\\\/home-en\\\/\"},{\"@type\":\"ListItem\",\"position\":2,\"name\":\"Programet Publike\"}]},{\"@type\":\"WebSite\",\"@id\":\"https:\\\/\\\/shrimataji.org\\\/test\\\/#website\",\"url\":\"https:\\\/\\\/shrimataji.org\\\/test\\\/\",\"name\":\"Shri Mataji Nirmala Devi\",\"description\":\"A Life Dedicated to Humanity\",\"publisher\":{\"@id\":\"https:\\\/\\\/shrimataji.org\\\/test\\\/#\\\/schema\\\/person\\\/a1b3419c6585f164aa96da1ff85715d1\"},\"potentialAction\":[{\"@type\":\"SearchAction\",\"target\":{\"@type\":\"EntryPoint\",\"urlTemplate\":\"https:\\\/\\\/shrimataji.org\\\/test\\\/?s={search_term_string}\"},\"query-input\":{\"@type\":\"PropertyValueSpecification\",\"valueRequired\":true,\"valueName\":\"search_term_string\"}}],\"inLanguage\":\"en-US\"},{\"@type\":[\"Person\",\"Organization\"],\"@id\":\"https:\\\/\\\/shrimataji.org\\\/test\\\/#\\\/schema\\\/person\\\/a1b3419c6585f164aa96da1ff85715d1\",\"name\":\"Nirmala Shrivastava\",\"image\":{\"@type\":\"ImageObject\",\"inLanguage\":\"en-US\",\"@id\":\"https:\\\/\\\/shrimataji.org\\\/test\\\/wp-content\\\/uploads\\\/2023\\\/02\\\/SMO_LOGO-03.svg\",\"url\":\"https:\\\/\\\/shrimataji.org\\\/test\\\/wp-content\\\/uploads\\\/2023\\\/02\\\/SMO_LOGO-03.svg\",\"contentUrl\":\"https:\\\/\\\/shrimataji.org\\\/test\\\/wp-content\\\/uploads\\\/2023\\\/02\\\/SMO_LOGO-03.svg\",\"width\":\"1024\",\"height\":\"1024\",\"caption\":\"Nirmala Shrivastava\"},\"logo\":{\"@id\":\"https:\\\/\\\/shrimataji.org\\\/test\\\/wp-content\\\/uploads\\\/2023\\\/02\\\/SMO_LOGO-03.svg\"},\"sameAs\":[\"https:\\\/\\\/shrimataji.org\\\/test\",\"https:\\\/\\\/www.facebook.com\\\/shrimataji\",\"https:\\\/\\\/x.com\\\/shrimataji\",\"https:\\\/\\\/www.youtube.com\\\/@Shri_Mataji_Nirmala_Devi\\\/featured\"]}]}<\/script>\n<!-- \/ Yoast SEO plugin. -->","yoast_head_json":{"title":"Programet Publike - TEST - SMND","robots":{"index":"noindex","follow":"follow","max-snippet":"max-snippet:-1","max-image-preview":"max-image-preview:large","max-video-preview":"max-video-preview:-1"},"og_locale":"en_US","og_type":"article","og_title":"Programet Publike - TEST - SMND","og_description":"Programet e Saj Publike Nj\u00eb itinerar global Q\u00eb nga prezantimi i teknik\u00ebs Sahaja Yoga n\u00eb 1970, Shri Mataji ka q\u00ebn\u00eb pothuajse vazhdimisht n\u00eb l\u00ebvizje: duke dh\u00ebn\u00eb programe publike, duke u intervistuar nga media, duke folur n\u00eb konferenca dhe seminare nd\u00ebrkomb\u00ebtare, duke krijuar organizata joqeveritare dhe duke kaluar koh\u00eb me at\u00eb q\u00eb ajo e konsideronte &#8220;familjen&hellip; Read more","og_url":"https:\/\/shrimataji.org\/test\/sq\/programet-publike\/","og_site_name":"TEST - SMND","article_publisher":"https:\/\/www.facebook.com\/shrimataji","article_modified_time":"2025-04-28T11:30:44+00:00","og_image":[{"width":990,"height":350,"url":"https:\/\/shrimataji.org\/test\/wp-content\/uploads\/2018\/07\/media_originals\/images\/headers-general\/shri-mataji-nirmala-devi-traveling.jpg","type":"image\/jpeg"}],"twitter_card":"summary_large_image","twitter_site":"@shrimataji","twitter_misc":{"Est. reading time":"2 minutes"},"schema":{"@context":"https:\/\/schema.org","@graph":[{"@type":"WebPage","@id":"https:\/\/shrimataji.org\/test\/sq\/programet-publike\/","url":"https:\/\/shrimataji.org\/test\/sq\/programet-publike\/","name":"Programet Publike - TEST - SMND","isPartOf":{"@id":"https:\/\/shrimataji.org\/test\/#website"},"primaryImageOfPage":{"@id":"https:\/\/shrimataji.org\/test\/sq\/programet-publike\/#primaryimage"},"image":{"@id":"https:\/\/shrimataji.org\/test\/sq\/programet-publike\/#primaryimage"},"thumbnailUrl":"https:\/\/shrimataji.org\/test\/wp-content\/uploads\/2018\/07\/media_originals\/images\/headers-general\/shri-mataji-nirmala-devi-traveling.jpg","datePublished":"2018-07-10T06:54:42+00:00","dateModified":"2025-04-28T11:30:44+00:00","breadcrumb":{"@id":"https:\/\/shrimataji.org\/test\/sq\/programet-publike\/#breadcrumb"},"inLanguage":"en-US","potentialAction":[{"@type":"ReadAction","target":["https:\/\/shrimataji.org\/test\/sq\/programet-publike\/"]}]},{"@type":"ImageObject","inLanguage":"en-US","@id":"https:\/\/shrimataji.org\/test\/sq\/programet-publike\/#primaryimage","url":"https:\/\/shrimataji.org\/test\/wp-content\/uploads\/2018\/07\/media_originals\/images\/headers-general\/shri-mataji-nirmala-devi-traveling.jpg","contentUrl":"https:\/\/shrimataji.org\/test\/wp-content\/uploads\/2018\/07\/media_originals\/images\/headers-general\/shri-mataji-nirmala-devi-traveling.jpg","width":990,"height":350},{"@type":"BreadcrumbList","@id":"https:\/\/shrimataji.org\/test\/sq\/programet-publike\/#breadcrumb","itemListElement":[{"@type":"ListItem","position":1,"name":"Home","item":"https:\/\/shrimataji.org\/test\/uk\/home-en\/"},{"@type":"ListItem","position":2,"name":"Programet Publike"}]},{"@type":"WebSite","@id":"https:\/\/shrimataji.org\/test\/#website","url":"https:\/\/shrimataji.org\/test\/","name":"Shri Mataji Nirmala Devi","description":"A Life Dedicated to Humanity","publisher":{"@id":"https:\/\/shrimataji.org\/test\/#\/schema\/person\/a1b3419c6585f164aa96da1ff85715d1"},"potentialAction":[{"@type":"SearchAction","target":{"@type":"EntryPoint","urlTemplate":"https:\/\/shrimataji.org\/test\/?s={search_term_string}"},"query-input":{"@type":"PropertyValueSpecification","valueRequired":true,"valueName":"search_term_string"}}],"inLanguage":"en-US"},{"@type":["Person","Organization"],"@id":"https:\/\/shrimataji.org\/test\/#\/schema\/person\/a1b3419c6585f164aa96da1ff85715d1","name":"Nirmala Shrivastava","image":{"@type":"ImageObject","inLanguage":"en-US","@id":"https:\/\/shrimataji.org\/test\/wp-content\/uploads\/2023\/02\/SMO_LOGO-03.svg","url":"https:\/\/shrimataji.org\/test\/wp-content\/uploads\/2023\/02\/SMO_LOGO-03.svg","contentUrl":"https:\/\/shrimataji.org\/test\/wp-content\/uploads\/2023\/02\/SMO_LOGO-03.svg","width":"1024","height":"1024","caption":"Nirmala Shrivastava"},"logo":{"@id":"https:\/\/shrimataji.org\/test\/wp-content\/uploads\/2023\/02\/SMO_LOGO-03.svg"},"sameAs":["https:\/\/shrimataji.org\/test","https:\/\/www.facebook.com\/shrimataji","https:\/\/x.com\/shrimataji","https:\/\/www.youtube.com\/@Shri_Mataji_Nirmala_Devi\/featured"]}]}},"lang":"sq","translations":{"sq":18459,"ur":37483,"en":394,"pa":25899,"gu":25502,"th":20032,"hu":19544,"zh":17356,"tr":10198,"pt":10408,"de":10682,"fr":10780,"it":10878,"es":10975,"ja":11272,"ru":11460,"bn":11652,"te":11760,"sw":11883,"he":12031,"pl":12064,"el":12323,"sk":12421,"fa":12519,"fi":12617,"bg":13467,"ro":14539,"cs":14732,"nl":16619,"ku":16779,"ar":16955,"be":18666,"kn":18940,"mr":20396,"uk":20690,"ml":20985,"ta":22777,"sv":23047,"bs":27290,"fil":29495,"sd":31002,"da":37794,"nn":38346},"pll_sync_post":[],"_links":{"self":[{"href":"https:\/\/shrimataji.org\/test\/wp-json\/wp\/v2\/pages\/18459","targetHints":{"allow":["GET"]}}],"collection":[{"href":"https:\/\/shrimataji.org\/test\/wp-json\/wp\/v2\/pages"}],"about":[{"href":"https:\/\/shrimataji.org\/test\/wp-json\/wp\/v2\/types\/page"}],"author":[{"embeddable":true,"href":"https:\/\/shrimataji.org\/test\/wp-json\/wp\/v2\/users\/12"}],"replies":[{"embeddable":true,"href":"https:\/\/shrimataji.org\/test\/wp-json\/wp\/v2\/comments?post=18459"}],"version-history":[{"count":0,"href":"https:\/\/shrimataji.org\/test\/wp-json\/wp\/v2\/pages\/18459\/revisions"}],"wp:featuredmedia":[{"embeddable":true,"href":"https:\/\/shrimataji.org\/test\/wp-json\/wp\/v2\/media\/18460"}],"wp:attachment":[{"href":"https:\/\/shrimataji.org\/test\/wp-json\/wp\/v2\/media?parent=18459"}],"curies":[{"name":"wp","href":"https:\/\/api.w.org\/{rel}","templated":true}]}}