{"id":18464,"date":"2020-04-20T17:46:08","date_gmt":"2020-04-20T17:46:08","guid":{"rendered":"https:\/\/testwordpress.nirmalnagari.org\/smnd\/?page_id=3434"},"modified":"2025-04-28T11:30:44","modified_gmt":"2025-04-28T11:30:44","slug":"sahaja-yoga","status":"publish","type":"page","link":"https:\/\/shrimataji.org\/test\/sq\/sahaja-yoga\/","title":{"rendered":"Sahaja Yoga SQ"},"content":{"rendered":"\n\n\t<h1>Sahaja Yoga<\/h1>\n<h2>Zgjimi i Brendsh\u00ebm p\u00ebrmes Vet\u00eb-Realizimit dhe Meditimit<\/h2>\n<h4>Shri Mataji Nirmala Devi revolucionarizoi praktik\u00ebn e jog\u00ebs p\u00ebrmes aktualizimit t\u00eb vet\u00eb-realizimit n\u00eb sistemin nervor qendror. N\u00eb historin\u00eb e spiritualitetit, Shri Mataji \u00ebsht\u00eb personi i par\u00eb dhe i vet\u00ebm q\u00eb ofron p\u00ebrvoj\u00ebn e <a href=\"https:\/\/shrimataji.org\/test\/sq\/vete-realizimi\/\">vet\u00eb-realizimit<\/a> n\u00eb mas\u00eb. Ajo deklaroi se \u00ebsht\u00eb e drejta prej lindjes e t\u00eb gjitha qenieve njer\u00ebzore &#8211; pavar\u00ebsisht nga feja, raca, komb\u00ebsia apo rrethanat &#8211; t\u00eb marrin vet\u00eb-realizimin e tyre. K\u00ebmb\u00ebnguli gjithashtu se nuk mund t\u00eb paguhet p\u00ebr t\u00eb v\u00ebrtet\u00ebn apo p\u00ebr njohjen e vetvetes, k\u00ebshtu q\u00eb vet\u00eb-realizimi \u00ebsht\u00eb ofruar dhe vazhdon t\u00eb ofrohet gjithmon\u00eb pa pages\u00eb.<\/h4>\n<p>Shri Mataji lindi me vet\u00ebdijen e plot\u00eb t\u00eb vet\u00eb-realizimit dhe q\u00eb n\u00eb mosh\u00eb t\u00eb re donte ta ndante k\u00ebt\u00eb dhurat\u00eb t\u00eb \u00e7muar me t\u00eb gjith\u00eb. Ishte babai i saj q\u00eb kuptoi k\u00ebt\u00eb mrekulli shpirt\u00ebrore dhe e k\u00ebshilloi q\u00eb s\u00eb pari t\u00eb gjente nj\u00eb m\u00ebnyr\u00eb p\u00ebr t\u00eb vet\u00eb-realizuar n\u00eb mas\u00eb, q\u00eb m\u00eb pas do t&#8217;i mund\u00ebsonte t\u00eb arrinte tek nj\u00eb audienc\u00eb m\u00eb e gjer\u00eb globale p\u00ebr t\u00eb mir\u00ebn e njer\u00ebzimit. Kjo frym\u00ebzoi Shri Mataji p\u00ebr t\u00eb studiuar qeniet njer\u00ebzore gjat\u00eb nj\u00eb periudhe q\u00eb p\u00ebrfshin dyzet e shtat\u00eb vjet, nd\u00ebrsa jetoi dhe nd\u00ebrveproi mes tyre. Vet\u00ebm pasi ishte njohur plot\u00ebsisht me t\u00eb gjitha permutacionet dhe kombinimet e psikik\u00ebs njer\u00ebzore, mori vendimin p\u00ebrfundimtar p\u00ebr hapjen e\u00a0\u00a0Sahasrara Chakra\u00a0\u00a0(qendra e shtat\u00eb shpirt\u00ebrore n\u00eb maj\u00eb t\u00eb kok\u00ebs) s\u00eb pari brenda q\u00ebnies s\u00eb vet q\u00eb do ta lejonte p\u00ebr t\u00eb p\u00ebrmbushur misionin e jet\u00ebs p\u00ebr t\u00eb evoluar dhe p\u00ebrhapur masivisht vet\u00eb-realizimin dhe praktik\u00ebn e meditimit Sahaja Yoga.<\/p>\n<p>5 maji 1970 ishte nj\u00eb p\u00ebrparim historik n\u00eb evolucionin shpirt\u00ebror t\u00eb njer\u00ebzimit. Qasja n\u00eb zgjimin e brendsh\u00ebm n\u00ebp\u00ebrmjet vet\u00eb-realizimit dhe meditimit t\u00eb v\u00ebrtet\u00eb nuk do t\u00eb kufizohej m\u00eb n\u00eb disa mjesht\u00ebr t\u00eb zjarrt\u00eb t\u00eb jog\u00ebs por do t\u00eb b\u00ebhej i arritsh\u00ebm p\u00ebr masat, kushdo q\u00eb k\u00ebrkonte nj\u00eb p\u00ebrgjigje p\u00ebr t\u00eb arritur vet\u00ebdijen m\u00eb t\u00eb lart\u00eb. Dallimi unik q\u00eb Shri Mataji solli n\u00eb praktik\u00ebn e jog\u00ebs ishte aktualizimi i vet\u00eb-realizimit q\u00eb n\u00eb dit\u00ebn e par\u00eb. Rrall\u00eb m\u00eb par\u00eb mund t\u00eb ndodhte kjo, edhe pas ushtrimit rigoroz t\u00eb jog\u00ebs p\u00ebr shum\u00eb vite, n\u00ebse jo dekada, n\u00ebn drejtimin e ngusht\u00eb t\u00eb nj\u00eb guru. Shri Mataji zbuloi se vet\u00ebdija njer\u00ebzore kishte arritur nj\u00eb kulm n\u00eb procesin evolucionar dhe ishte pjekur mjaftuesh\u00ebm p\u00ebr t\u00eb marr\u00eb vet\u00eb-realizimin spontan, me kusht q\u00eb nj\u00eb mjesht\u00ebr i autorizuar t\u00eb mund t\u00eb nxiste energjin\u00eb shpirt\u00ebrore t\u00eb fjetur, primordiale, Kundalini-shakti (n\u00eb sanskritisht do t\u00eb thot\u00eb energji spirale e fuqis\u00eb gjith\u00ebp\u00ebrfshir\u00ebse hyjnore) q\u00eb ndodhet n\u00eb baz\u00ebn e shtyll\u00ebs kurrizore.<\/p>\n<p>Gjat\u00eb kat\u00ebr dekadave t\u00eb ardhshme, Shri Mataji themeloi praktik\u00ebn e meditimit Sahaja Yoga. \u00c7dokush, pavar\u00ebsisht nga prejardhja kulturore, fetare, e mosh\u00ebs ose arsimore mund ta praktikoj\u00eb leht\u00ebsisht k\u00ebt\u00eb form\u00eb t\u00eb meditimit t\u00eb jog\u00ebs. P\u00ebr m\u00eb tep\u00ebr, t\u00eb shumt\u00eb ata q\u00eb u stabilizuan n\u00eb Sahaja Yoga mund t&#8217;ua transmetonin pa mundim dhurat\u00ebn e plot\u00eb t\u00eb vet\u00eb-realizimit t\u00eb tjer\u00ebve, ashtu si nj\u00eb qiri q\u00eb mund t\u00eb p\u00ebrdoret p\u00ebr t\u00eb ndezur qirinj t\u00eb tjer\u00eb. Shri Mataji theksoi se nuk mund t\u00eb paguhet para p\u00ebr dh\u00ebnien e vet\u00eb-realizimit t\u00eb tjer\u00ebve ose p\u00ebr m\u00ebsimin e njohurive t\u00eb Sahaja Yoga, pasi ajo vet\u00eb personalisht nuk ka marr\u00eb kurr\u00eb para p\u00ebr ndarjen e k\u00ebsaj dhurate t\u00eb lindur. Kjo hodhi baz\u00ebn p\u00ebr vet\u00eb-realizimin e v\u00ebrtet\u00eb masiv, t\u00eb cilin babai i saj e kishte parashikuar kur ajo ishte ende f\u00ebmij\u00eb i vog\u00ebl.<\/p>\n<p>Meditimi Sahaja Yoga \u00ebsht\u00eb nj\u00eb teknik\u00eb e thjesht\u00eb dhe e leht\u00eb t\u00eb cil\u00ebn ajo e zhvilloi p\u00ebr t\u00eb mb\u00ebshtetur zgjimin e lindur t\u00eb p\u00ebrjetuar p\u00ebrmes fillimit t\u00eb <a href=\"https:\/\/shrimataji.org\/test\/sq\/vete-realizimi\/\">vet\u00eb-realizimit<\/a>. Fjala Sahaja do t\u00eb thot\u00eb &#8220;spontan&#8221; dhe &#8220;i lindur me ty&#8221;, duke p\u00ebrshkruar k\u00ebt\u00eb energji delikate (Kundalini) q\u00eb ekziston n\u00eb \u00e7do qenie njer\u00ebzore. Ndryshe nga besimi popullor, Yoga nuk p\u00ebrcakton nj\u00eb s\u00ebr\u00eb ushtrimesh ose q\u00ebndrimesh, por n\u00eb fakt do t\u00eb thot\u00eb &#8220;t\u00eb bashkohesh, t\u00eb njehsohesh, t\u00eb shkrihesh&#8221;. Q\u00ebllimi i yog\u00ebs \u00ebsht\u00eb t\u00eb nd\u00ebrgjegj\u00ebsoj\u00eb individin p\u00ebr natyr\u00ebn e v\u00ebrtet\u00eb t\u00eb vetes &#8220;Atma&#8221; (n\u00eb sanskritisht kjo tregon pasqyrimin e Shpirtit gjith\u00ebp\u00ebrfshir\u00ebs) dhe t\u00eb arrij\u00eb bashkimin e plot\u00eb me k\u00ebt\u00eb vet\u00ebdije t\u00eb re. Ashtu si nj\u00eb pik\u00eb uji shkrihet me oqeanin, mund t\u00eb thuhet se nd\u00ebrgjegjja individuale shkrihet me nd\u00ebrgjegjen kolektive. Kur ndodh ky bashkim, forca integruese e kundalinit sjell ekuilib\u00ebr dhe paqe si n\u00eb nivel individual dhe kolektiv.<\/p>\n<div class=\"su-quote su-quote-style-default\"><div class=\"su-quote-inner su-u-clearfix su-u-trim\">Kuptimi i &#8216;Sahaja Yoga&#8217; mund t\u00eb kuptohet m\u00eb mir\u00eb n\u00ebse e ndajm\u00eb at\u00eb n\u00eb pjes\u00ebt p\u00ebrb\u00ebr\u00ebse t\u00eb saj: &#8216;Saha&#8217; do t\u00eb thot\u00eb &#8216;me&#8217; dhe &#8216;ja&#8217; do t\u00eb thot\u00eb &#8216;lindur&#8217;, dhe &#8216;yoga&#8217; \u00ebsht\u00eb &#8216;bashkimi&#8217; ose &#8216;teknika&#8217;. . Pra, &#8216;Sahaja Yoga do t\u00eb thot\u00eb se teknika e evoluimit \u00ebsht\u00eb e lindur n\u00eb secilin prej nesh.<\/div><\/div>\n\t<img decoding=\"async\" data-spai-excluded=\"true\" loading=\"lazy\"  alt=\"YouTube player\"  src=\"https:\/\/i.ytimg.com\/vi\/0isS36I-zu8\/maxresdefault.jpg\"  \/><button aria-label=\"Play\"><\/button><meta itemprop=\"embedUrl\" content=\"https:\/\/www.youtube.com\/embed\/0isS36I-zu8\"\/><meta itemprop=\"name\" content=\"Sahaja Yoga is your birthright\"\/><meta itemprop=\"description\" content=\"YouTube video\"\/><meta itemprop=\"thumbnailUrl\" content=\"https:\/\/i.ytimg.com\/vi\/0isS36I-zu8\/0.jpg\"\/><meta itemprop=\"duration\" content=\"PT1M44S\"\/><meta itemprop=\"uploadDate\" content=\"2022-11-12T03:16:18Z\"\/>\n\n","protected":false},"excerpt":{"rendered":"<p>Sahaja Yoga Zgjimi i Brendsh\u00ebm p\u00ebrmes Vet\u00eb-Realizimit dhe Meditimit Shri Mataji Nirmala Devi revolucionarizoi praktik\u00ebn e jog\u00ebs p\u00ebrmes aktualizimit t\u00eb vet\u00eb-realizimit n\u00eb sistemin nervor qendror. N\u00eb historin\u00eb e spiritualitetit, Shri Mataji \u00ebsht\u00eb personi i par\u00eb dhe i vet\u00ebm q\u00eb ofron p\u00ebrvoj\u00ebn e vet\u00eb-realizimit n\u00eb mas\u00eb. Ajo deklaroi se \u00ebsht\u00eb e drejta prej lindjes e t\u00eb&hellip; <br \/> <a class=\"read-more\" href=\"https:\/\/shrimataji.org\/test\/sq\/sahaja-yoga\/\">Read more<\/a><\/p>\n","protected":false},"author":12,"featured_media":18465,"parent":0,"menu_order":0,"comment_status":"closed","ping_status":"closed","template":"","meta":{"inline_featured_image":false,"footnotes":""},"class_list":["post-18464","page","type-page","status-publish","has-post-thumbnail","hentry"],"yoast_head":"<!-- This site is optimized with the Yoast SEO plugin v27.4 - https:\/\/yoast.com\/product\/yoast-seo-wordpress\/ -->\n<title>Sahaja Yoga SQ - TEST - SMND<\/title>\n<meta name=\"robots\" content=\"noindex, follow, max-snippet:-1, max-image-preview:large, max-video-preview:-1\" \/>\n<meta property=\"og:locale\" content=\"en_US\" \/>\n<meta property=\"og:type\" content=\"article\" \/>\n<meta property=\"og:title\" content=\"Sahaja Yoga SQ - TEST - SMND\" \/>\n<meta property=\"og:description\" content=\"Sahaja Yoga Zgjimi i Brendsh\u00ebm p\u00ebrmes Vet\u00eb-Realizimit dhe Meditimit Shri Mataji Nirmala Devi revolucionarizoi praktik\u00ebn e jog\u00ebs p\u00ebrmes aktualizimit t\u00eb vet\u00eb-realizimit n\u00eb sistemin nervor qendror. N\u00eb historin\u00eb e spiritualitetit, Shri Mataji \u00ebsht\u00eb personi i par\u00eb dhe i vet\u00ebm q\u00eb ofron p\u00ebrvoj\u00ebn e vet\u00eb-realizimit n\u00eb mas\u00eb. Ajo deklaroi se \u00ebsht\u00eb e drejta prej lindjes e t\u00eb&hellip; Read more\" \/>\n<meta property=\"og:url\" content=\"https:\/\/shrimataji.org\/test\/sq\/sahaja-yoga\/\" \/>\n<meta property=\"og:site_name\" content=\"TEST - SMND\" \/>\n<meta property=\"article:publisher\" content=\"https:\/\/www.facebook.com\/shrimataji\" \/>\n<meta property=\"article:modified_time\" content=\"2025-04-28T11:30:44+00:00\" \/>\n<meta property=\"og:image\" content=\"https:\/\/shrimataji.org\/test\/wp-content\/uploads\/2023\/02\/Banner-SY-SY-scaled.jpg\" \/>\n\t<meta property=\"og:image:width\" content=\"2560\" \/>\n\t<meta property=\"og:image:height\" content=\"905\" \/>\n\t<meta property=\"og:image:type\" content=\"image\/jpeg\" \/>\n<meta name=\"twitter:card\" content=\"summary_large_image\" \/>\n<meta name=\"twitter:site\" content=\"@shrimataji\" \/>\n<meta name=\"twitter:label1\" content=\"Est. reading time\" \/>\n\t<meta name=\"twitter:data1\" content=\"4 minutes\" \/>\n<script type=\"application\/ld+json\" class=\"yoast-schema-graph\">{\"@context\":\"https:\\\/\\\/schema.org\",\"@graph\":[{\"@type\":\"WebPage\",\"@id\":\"https:\\\/\\\/shrimataji.org\\\/test\\\/sq\\\/sahaja-yoga\\\/\",\"url\":\"https:\\\/\\\/shrimataji.org\\\/test\\\/sq\\\/sahaja-yoga\\\/\",\"name\":\"Sahaja Yoga SQ - TEST - SMND\",\"isPartOf\":{\"@id\":\"https:\\\/\\\/shrimataji.org\\\/test\\\/#website\"},\"primaryImageOfPage\":{\"@id\":\"https:\\\/\\\/shrimataji.org\\\/test\\\/sq\\\/sahaja-yoga\\\/#primaryimage\"},\"image\":{\"@id\":\"https:\\\/\\\/shrimataji.org\\\/test\\\/sq\\\/sahaja-yoga\\\/#primaryimage\"},\"thumbnailUrl\":\"https:\\\/\\\/shrimataji.org\\\/test\\\/wp-content\\\/uploads\\\/2023\\\/02\\\/Banner-SY-SY-scaled.jpg\",\"datePublished\":\"2020-04-20T17:46:08+00:00\",\"dateModified\":\"2025-04-28T11:30:44+00:00\",\"breadcrumb\":{\"@id\":\"https:\\\/\\\/shrimataji.org\\\/test\\\/sq\\\/sahaja-yoga\\\/#breadcrumb\"},\"inLanguage\":\"en-US\",\"potentialAction\":[{\"@type\":\"ReadAction\",\"target\":[\"https:\\\/\\\/shrimataji.org\\\/test\\\/sq\\\/sahaja-yoga\\\/\"]}]},{\"@type\":\"ImageObject\",\"inLanguage\":\"en-US\",\"@id\":\"https:\\\/\\\/shrimataji.org\\\/test\\\/sq\\\/sahaja-yoga\\\/#primaryimage\",\"url\":\"https:\\\/\\\/shrimataji.org\\\/test\\\/wp-content\\\/uploads\\\/2023\\\/02\\\/Banner-SY-SY-scaled.jpg\",\"contentUrl\":\"https:\\\/\\\/shrimataji.org\\\/test\\\/wp-content\\\/uploads\\\/2023\\\/02\\\/Banner-SY-SY-scaled.jpg\",\"width\":2560,\"height\":905},{\"@type\":\"BreadcrumbList\",\"@id\":\"https:\\\/\\\/shrimataji.org\\\/test\\\/sq\\\/sahaja-yoga\\\/#breadcrumb\",\"itemListElement\":[{\"@type\":\"ListItem\",\"position\":1,\"name\":\"Home\",\"item\":\"https:\\\/\\\/shrimataji.org\\\/test\\\/uk\\\/home-en\\\/\"},{\"@type\":\"ListItem\",\"position\":2,\"name\":\"Sahaja Yoga SQ\"}]},{\"@type\":\"WebSite\",\"@id\":\"https:\\\/\\\/shrimataji.org\\\/test\\\/#website\",\"url\":\"https:\\\/\\\/shrimataji.org\\\/test\\\/\",\"name\":\"Shri Mataji Nirmala Devi\",\"description\":\"A Life Dedicated to Humanity\",\"publisher\":{\"@id\":\"https:\\\/\\\/shrimataji.org\\\/test\\\/#\\\/schema\\\/person\\\/a1b3419c6585f164aa96da1ff85715d1\"},\"potentialAction\":[{\"@type\":\"SearchAction\",\"target\":{\"@type\":\"EntryPoint\",\"urlTemplate\":\"https:\\\/\\\/shrimataji.org\\\/test\\\/?s={search_term_string}\"},\"query-input\":{\"@type\":\"PropertyValueSpecification\",\"valueRequired\":true,\"valueName\":\"search_term_string\"}}],\"inLanguage\":\"en-US\"},{\"@type\":[\"Person\",\"Organization\"],\"@id\":\"https:\\\/\\\/shrimataji.org\\\/test\\\/#\\\/schema\\\/person\\\/a1b3419c6585f164aa96da1ff85715d1\",\"name\":\"Nirmala Shrivastava\",\"image\":{\"@type\":\"ImageObject\",\"inLanguage\":\"en-US\",\"@id\":\"https:\\\/\\\/shrimataji.org\\\/test\\\/wp-content\\\/uploads\\\/2023\\\/02\\\/SMO_LOGO-03.svg\",\"url\":\"https:\\\/\\\/shrimataji.org\\\/test\\\/wp-content\\\/uploads\\\/2023\\\/02\\\/SMO_LOGO-03.svg\",\"contentUrl\":\"https:\\\/\\\/shrimataji.org\\\/test\\\/wp-content\\\/uploads\\\/2023\\\/02\\\/SMO_LOGO-03.svg\",\"width\":\"1024\",\"height\":\"1024\",\"caption\":\"Nirmala Shrivastava\"},\"logo\":{\"@id\":\"https:\\\/\\\/shrimataji.org\\\/test\\\/wp-content\\\/uploads\\\/2023\\\/02\\\/SMO_LOGO-03.svg\"},\"sameAs\":[\"https:\\\/\\\/shrimataji.org\\\/test\",\"https:\\\/\\\/www.facebook.com\\\/shrimataji\",\"https:\\\/\\\/x.com\\\/shrimataji\",\"https:\\\/\\\/www.youtube.com\\\/@Shri_Mataji_Nirmala_Devi\\\/featured\"]}]}<\/script>\n<!-- \/ Yoast SEO plugin. -->","yoast_head_json":{"title":"Sahaja Yoga SQ - TEST - SMND","robots":{"index":"noindex","follow":"follow","max-snippet":"max-snippet:-1","max-image-preview":"max-image-preview:large","max-video-preview":"max-video-preview:-1"},"og_locale":"en_US","og_type":"article","og_title":"Sahaja Yoga SQ - TEST - SMND","og_description":"Sahaja Yoga Zgjimi i Brendsh\u00ebm p\u00ebrmes Vet\u00eb-Realizimit dhe Meditimit Shri Mataji Nirmala Devi revolucionarizoi praktik\u00ebn e jog\u00ebs p\u00ebrmes aktualizimit t\u00eb vet\u00eb-realizimit n\u00eb sistemin nervor qendror. N\u00eb historin\u00eb e spiritualitetit, Shri Mataji \u00ebsht\u00eb personi i par\u00eb dhe i vet\u00ebm q\u00eb ofron p\u00ebrvoj\u00ebn e vet\u00eb-realizimit n\u00eb mas\u00eb. Ajo deklaroi se \u00ebsht\u00eb e drejta prej lindjes e t\u00eb&hellip; Read more","og_url":"https:\/\/shrimataji.org\/test\/sq\/sahaja-yoga\/","og_site_name":"TEST - SMND","article_publisher":"https:\/\/www.facebook.com\/shrimataji","article_modified_time":"2025-04-28T11:30:44+00:00","og_image":[{"width":2560,"height":905,"url":"https:\/\/shrimataji.org\/test\/wp-content\/uploads\/2023\/02\/Banner-SY-SY-scaled.jpg","type":"image\/jpeg"}],"twitter_card":"summary_large_image","twitter_site":"@shrimataji","twitter_misc":{"Est. reading time":"4 minutes"},"schema":{"@context":"https:\/\/schema.org","@graph":[{"@type":"WebPage","@id":"https:\/\/shrimataji.org\/test\/sq\/sahaja-yoga\/","url":"https:\/\/shrimataji.org\/test\/sq\/sahaja-yoga\/","name":"Sahaja Yoga SQ - TEST - SMND","isPartOf":{"@id":"https:\/\/shrimataji.org\/test\/#website"},"primaryImageOfPage":{"@id":"https:\/\/shrimataji.org\/test\/sq\/sahaja-yoga\/#primaryimage"},"image":{"@id":"https:\/\/shrimataji.org\/test\/sq\/sahaja-yoga\/#primaryimage"},"thumbnailUrl":"https:\/\/shrimataji.org\/test\/wp-content\/uploads\/2023\/02\/Banner-SY-SY-scaled.jpg","datePublished":"2020-04-20T17:46:08+00:00","dateModified":"2025-04-28T11:30:44+00:00","breadcrumb":{"@id":"https:\/\/shrimataji.org\/test\/sq\/sahaja-yoga\/#breadcrumb"},"inLanguage":"en-US","potentialAction":[{"@type":"ReadAction","target":["https:\/\/shrimataji.org\/test\/sq\/sahaja-yoga\/"]}]},{"@type":"ImageObject","inLanguage":"en-US","@id":"https:\/\/shrimataji.org\/test\/sq\/sahaja-yoga\/#primaryimage","url":"https:\/\/shrimataji.org\/test\/wp-content\/uploads\/2023\/02\/Banner-SY-SY-scaled.jpg","contentUrl":"https:\/\/shrimataji.org\/test\/wp-content\/uploads\/2023\/02\/Banner-SY-SY-scaled.jpg","width":2560,"height":905},{"@type":"BreadcrumbList","@id":"https:\/\/shrimataji.org\/test\/sq\/sahaja-yoga\/#breadcrumb","itemListElement":[{"@type":"ListItem","position":1,"name":"Home","item":"https:\/\/shrimataji.org\/test\/uk\/home-en\/"},{"@type":"ListItem","position":2,"name":"Sahaja Yoga SQ"}]},{"@type":"WebSite","@id":"https:\/\/shrimataji.org\/test\/#website","url":"https:\/\/shrimataji.org\/test\/","name":"Shri Mataji Nirmala Devi","description":"A Life Dedicated to Humanity","publisher":{"@id":"https:\/\/shrimataji.org\/test\/#\/schema\/person\/a1b3419c6585f164aa96da1ff85715d1"},"potentialAction":[{"@type":"SearchAction","target":{"@type":"EntryPoint","urlTemplate":"https:\/\/shrimataji.org\/test\/?s={search_term_string}"},"query-input":{"@type":"PropertyValueSpecification","valueRequired":true,"valueName":"search_term_string"}}],"inLanguage":"en-US"},{"@type":["Person","Organization"],"@id":"https:\/\/shrimataji.org\/test\/#\/schema\/person\/a1b3419c6585f164aa96da1ff85715d1","name":"Nirmala Shrivastava","image":{"@type":"ImageObject","inLanguage":"en-US","@id":"https:\/\/shrimataji.org\/test\/wp-content\/uploads\/2023\/02\/SMO_LOGO-03.svg","url":"https:\/\/shrimataji.org\/test\/wp-content\/uploads\/2023\/02\/SMO_LOGO-03.svg","contentUrl":"https:\/\/shrimataji.org\/test\/wp-content\/uploads\/2023\/02\/SMO_LOGO-03.svg","width":"1024","height":"1024","caption":"Nirmala Shrivastava"},"logo":{"@id":"https:\/\/shrimataji.org\/test\/wp-content\/uploads\/2023\/02\/SMO_LOGO-03.svg"},"sameAs":["https:\/\/shrimataji.org\/test","https:\/\/www.facebook.com\/shrimataji","https:\/\/x.com\/shrimataji","https:\/\/www.youtube.com\/@Shri_Mataji_Nirmala_Devi\/featured"]}]}},"lang":"sq","translations":{"sq":18464,"ur":37488,"en":3434,"pa":25904,"gu":25507,"th":20040,"hu":19550,"zh":17361,"tr":10201,"pt":10411,"de":10685,"fr":10783,"it":10881,"es":10978,"ja":11276,"ru":11464,"bn":11655,"te":11763,"sw":11886,"he":12034,"el":12326,"sk":12424,"fa":12522,"fi":12620,"bg":13428,"ro":14502,"cs":14695,"nl":16624,"ku":16784,"ar":16960,"be":18671,"kn":18945,"mr":20404,"uk":20698,"ml":20993,"ta":22782,"sv":23052,"bs":27292,"fil":29500,"sd":31004,"da":37798,"pl":38008,"nn":38350},"pll_sync_post":[],"_links":{"self":[{"href":"https:\/\/shrimataji.org\/test\/wp-json\/wp\/v2\/pages\/18464","targetHints":{"allow":["GET"]}}],"collection":[{"href":"https:\/\/shrimataji.org\/test\/wp-json\/wp\/v2\/pages"}],"about":[{"href":"https:\/\/shrimataji.org\/test\/wp-json\/wp\/v2\/types\/page"}],"author":[{"embeddable":true,"href":"https:\/\/shrimataji.org\/test\/wp-json\/wp\/v2\/users\/12"}],"replies":[{"embeddable":true,"href":"https:\/\/shrimataji.org\/test\/wp-json\/wp\/v2\/comments?post=18464"}],"version-history":[{"count":0,"href":"https:\/\/shrimataji.org\/test\/wp-json\/wp\/v2\/pages\/18464\/revisions"}],"wp:featuredmedia":[{"embeddable":true,"href":"https:\/\/shrimataji.org\/test\/wp-json\/wp\/v2\/media\/18465"}],"wp:attachment":[{"href":"https:\/\/shrimataji.org\/test\/wp-json\/wp\/v2\/media?parent=18464"}],"curies":[{"name":"wp","href":"https:\/\/api.w.org\/{rel}","templated":true}]}}