{"id":18476,"date":"2018-07-10T06:54:46","date_gmt":"2018-07-10T06:54:46","guid":{"rendered":"http:\/\/testwordpress.nirmalnagari.org\/smnd\/index.php\/self-realization\/"},"modified":"2025-04-28T11:30:44","modified_gmt":"2025-04-28T11:30:44","slug":"vete-realizimi","status":"publish","type":"page","link":"https:\/\/shrimataji.org\/test\/sq\/vete-realizimi\/","title":{"rendered":"Vet\u00eb-Realizimi"},"content":{"rendered":"\n\n\t<h1>Vet\u00eb-Realizimi dhe Meditimi<\/h1>\n<h2> Nj\u00eb aktualizim unik spontan i vetvetes<\/h2>\n\t<div class=\"su-quote su-quote-style-default\"><div class=\"su-quote-inner su-u-clearfix su-u-trim\">Vet\u00eb-realizimi \u00ebsht\u00eb ndeshja e par\u00eb me realitetin<\/div><\/div>\n\t<h4>Shri Mataji p\u00ebrdori procesin e lasht\u00eb t\u00eb zgjimit t\u00eb Kundalinit (n\u00eb sanskritisht q\u00eb do t\u00eb thot\u00eb spirale) si themelin e Meditimit Sahaja Yoga. N\u00eb t\u00eb kaluar\u00ebn, zgjimi i k\u00ebsaj energjie t\u00eb brendshme shpirt\u00ebrore arrihej vet\u00ebm nga disa njer\u00ebz me p\u00ebrpjekje t\u00eb mundimshme pastrimi dhe asketizmi.<\/h4>\n<p>Shri Mataji zbuloi nj\u00eb metod\u00eb spontane t\u00eb zgjimit t\u00eb k\u00ebsaj energjie en masse (n\u00eb mas\u00eb), e cila nuk k\u00ebrkon njohuri paraprake apo praktik\u00eb shpirt\u00ebrore. Emri i dh\u00ebn\u00eb k\u00ebtij zgjimi \u00ebsht\u00eb vet\u00eb-realizimi. Ky zgjim spontan m\u00eb pas mund t&#8217;u kalohet leht\u00ebsisht t\u00eb tjer\u00ebve pa pasur nevoj\u00eb t\u00eb paguajn\u00eb, t\u00eb studiojn\u00eb p\u00ebr nj\u00eb diplom\u00eb ose t\u00eb b\u00ebhen dishepull. Dikush mund ta krahasoj\u00eb k\u00ebt\u00eb fenomen me nj\u00eb qiri q\u00eb \u00ebsht\u00eb ndezur dhe mund t\u00eb ndez\u00eb nj\u00eb qiri tjet\u00ebr.<\/p>\n<p>Shri Mataji shpjegon se meditimi pa vet\u00eb-realizim \u00ebsht\u00eb si t\u00eb p\u00ebrpiqesh t\u00eb drejtosh nj\u00eb makin\u00eb pa ndezur motorin. Nuk arrin askund vet\u00ebm duke rrotulluar timonin ose duke shtypur p\u00ebrshpejtuesin. N\u00eb t\u00eb nj\u00ebjt\u00ebn m\u00ebnyr\u00eb, t\u00eb gjitha p\u00ebrpjekjet p\u00ebr meditim jan\u00eb t\u00eb pafrytshme n\u00ebse dikush nuk e kupton vetveten nga zgjimi i Kundalinit dhe nuk p\u00ebrjeton gjendjen e sistemit t\u00eb brendsh\u00ebm subtile (delikat).<\/p>\n\t<iframe loading=\"lazy\" title=\"What is Self Realization\" width=\"1920\" height=\"1080\" src=\"https:\/\/www.youtube.com\/embed\/tqh9lhTVoTQ?feature=oembed\" frameborder=\"0\" allow=\"accelerometer; autoplay; clipboard-write; encrypted-media; gyroscope; picture-in-picture; web-share\" allowfullscreen><\/iframe>\n<p>N\u00ebp\u00ebrmjet vet\u00eb-realizimit njeriu b\u00ebhet i vet\u00ebdijsh\u00ebm p\u00ebr Kundalinin (energjin\u00eb e brendshme delikate) e cila q\u00ebndron n\u00eb \u00e7do qenie njer\u00ebzore n\u00eb baz\u00ebn e shtyll\u00ebs kurrizore. Ekzistenca e k\u00ebsaj energjie delikate ka qen\u00eb e njohur n\u00eb shum\u00eb kultura t\u00eb lashta. P\u00ebr shembull, grek\u00ebt e lasht\u00eb i dhan\u00eb nj\u00eb em\u00ebr t\u00eb ve\u00e7ant\u00eb kock\u00ebs q\u00eb vepron si nj\u00eb en\u00eb p\u00ebr k\u00ebt\u00eb energji sakrale, duke e quajtur at\u00eb hieron osteon, q\u00eb p\u00ebrkthehet si &#8220;kock\u00eb e shenjt\u00eb&#8221;. Kur zgjohemi, kjo energji mir\u00ebdash\u00ebse, ushqyese ngrihet p\u00ebrmes sistemit delikat, prek dhe ndri\u00e7on brendin\u00eb e vetes ton\u00eb (Atma) q\u00eb banon n\u00eb zem\u00ebr dhe del n\u00eb maj\u00eb t\u00eb kok\u00ebs nga zona e fontanelit(shat\u00ebrvan), duke e ngritur k\u00ebshtu v\u00ebmendjen ton\u00eb n\u00eb nj\u00eb gjendje sublime, t\u00eb leht\u00eb t\u00eb nj\u00eb meditimi t\u00eb heshtur.<\/p>\n<p>N\u00eb fakt mund t\u00eb ndjehet energjia e Kundalinit q\u00eb shfaqet si nj\u00eb er\u00eb e fresk\u00ebt mbi kok\u00eb, si dhe n\u00eb p\u00ebll\u00ebmb\u00ebt e duarve. Kjo energji, e mb\u00ebshtetur p\u00ebrmes praktik\u00ebs s\u00eb meditimit t\u00eb Sahaja Yoga, ka nj\u00eb efekt kurues dhe ekuilibrues n\u00eb sistemin ton\u00eb. Ai gjithashtu leht\u00ebson nj\u00eb gjendje p\u00ebrmir\u00ebsuese t\u00eb njohur si vet\u00ebdije e pamenduar [1], n\u00eb t\u00eb cil\u00ebn mendja \u00ebsht\u00eb n\u00eb prehje, por njeriu \u00ebsht\u00eb plot\u00ebsisht i vet\u00ebdijsh\u00ebm p\u00ebr =ka e rrethon. Ajo q\u00eb e dallon meditimin e Sahaja Yoga nga format e tjera t\u00eb praktik\u00ebs s\u00eb lasht\u00eb t\u00eb meditimit t\u00eb yog\u00ebs \u00ebsht\u00eb se k\u00ebrkuesit m\u00eb par\u00eb duhej t\u00eb kalonin vite duke pastruar sistemin e tyre delikate n\u00ebn drejtimin e nj\u00eb mjeshtri n\u00eb m\u00ebnyr\u00eb q\u00eb t\u00eb arrinin p\u00ebrfundimisht vet\u00eb-realizimin. Shri Mataji e ka kthyer k\u00ebt\u00eb n\u00eb pjes\u00ebn e kok\u00ebs dhe fillimisht na ka dh\u00ebn\u00eb p\u00ebrvoj\u00ebn e ndri\u00e7imit t\u00eb sistemit ton\u00eb delikat dhe m\u00eb pas t\u00eb zhytjes plot\u00ebsisht n\u00eb meditim.<\/p>\n<p>P\u00ebr shkak t\u00eb thjesht\u00ebsis\u00eb dhe aksesit t\u00eb tij, qindra mij\u00ebra njer\u00ebz kan\u00eb marr\u00eb vet\u00eb-realizimin e tyre p\u00ebrmes Sahaja Yoga, me qendra meditimi n\u00eb mbi 100 vende q\u00eb ofrojn\u00eb vazhdimisht kurse falas dhe mb\u00ebshtetje nga komuniteti p\u00ebr praktikuesit e k\u00ebtij meditimi t\u00eb thjesht\u00eb, por efektiv. \u00cbsht\u00eb futur edhe n\u00eb korporata, shkolla, spitale, burgje dhe shum\u00eb institucione me rezultate pozitive.<\/p>\n<p>P\u00ebrvoja e vet\u00eb-realizimit p\u00ebrmes Sahaja Yoga ofron p\u00ebrfitime t\u00eb r\u00ebnd\u00ebsishme p\u00ebr ata q\u00eb i kushtojn\u00eb edhe nj\u00eb sasi t\u00eb vog\u00ebl kohe meditimit t\u00eb p\u00ebrditsh\u00ebm. Redukton stresin dhe lodhjen, rikthen ekuilibrin emocional dhe i jep dikujt nj\u00eb ndjenj\u00eb paqeje dhe k\u00ebnaq\u00ebsie, edhe n\u00eb rrethanat m\u00eb t\u00eb trazuara.<\/p>\nN\u00eb fakt, p\u00ebrvoja e vet\u00eb-realizimit \u00ebsht\u00eb aq e thjesht\u00eb dhe e leht\u00eb, saq\u00eb njeriu mund ta marr\u00eb at\u00eb edhe nga komoditeti i sht\u00ebpis\u00eb ose zyr\u00ebs s\u00eb tij kudo q\u00eb ka nj\u00eb akses n\u00eb internet.<br \/>\nNe i ftojm\u00eb lexuesit tan\u00eb t\u00eb <a href=\"https:\/\/shrimataji.org\/test\/sq\/perjetoni-vete-realizimin\/\">p\u00ebrjetojn\u00eb vet\u00eb-realizimin<\/a> dhe t\u00eb fillojn\u00eb nj\u00eb udh\u00ebtim t\u00eb ri t\u00eb brendsh\u00ebm paqeje, harmonie dhe ekuilibri.\n<div class=\"su-quote su-quote-style-default\"><div class=\"su-quote-inner su-u-clearfix su-u-trim\">Tani, lind pyetja q\u00eb shum\u00eb njer\u00ebz m\u00eb b\u00ebjn\u00eb: &#8220;N\u00ebn\u00eb, n\u00ebse \u00ebsht\u00eb kaq e thjesht\u00eb, pse ishte e v\u00ebshtir\u00eb m\u00eb par\u00eb?&#8221; Kjo nuk ishte kurr\u00eb e v\u00ebshtir\u00eb. Dikush e pyeti gurun e Shivaji Maharajt, Ramdas Swami, &#8220;Sa koh\u00eb i duhet Kundalini p\u00ebr t&#8217;u zgjuar?&#8221; Ai u p\u00ebrgjigj: &#8220;Tat kshan&#8221;, q\u00eb do t\u00eb thot\u00eb, pik\u00ebrisht at\u00eb sekond\u00eb. Por duhet t\u00eb ket\u00eb nj\u00eb person p\u00ebr t\u00eb dh\u00ebn\u00eb, dhe gjithashtu nj\u00eb person p\u00ebr t\u00eb marr\u00eb. M\u00eb par\u00eb, mund t\u00eb kishte shum\u00eb njer\u00ebz p\u00ebr t\u00eb dh\u00ebn\u00eb, por shum\u00eb pak njer\u00ebz p\u00ebr t\u00eb marr\u00eb. Sot, ka mij\u00ebra njer\u00ebz p\u00ebr t\u00eb marr\u00eb; kjo \u00ebsht\u00eb arsyeja pse kjo \u00ebsht\u00eb b\u00ebr\u00eb m\u00eb e leht\u00eb.<\/div><\/div>\n\t<hr \/>\n<h3>1.<a href=\"https:\/\/shrimataji.org\/test\/self-realization\/#citation-ref-1\">^<\/a>\u00a0Dr Ramesh Manocha, &#8216;Does Meditation Have a Specific Effect?: A Systematic Experimental Evaluation of a Mental Silence Orientated Definition&#8217; (University of NSW, Australia 2008); e-book:\u00a0<a href=\"https:\/\/www.beyondthemind.com\/\">&#8216;Silence Your Mind&#8217;<\/a>\u00a0published by Hachette Australia 2013.<\/h3>\n\n","protected":false},"excerpt":{"rendered":"<p>Vet\u00eb-Realizimi dhe Meditimi Nj\u00eb aktualizim unik spontan i vetvetes Shri Mataji p\u00ebrdori procesin e lasht\u00eb t\u00eb zgjimit t\u00eb Kundalinit (n\u00eb sanskritisht q\u00eb do t\u00eb thot\u00eb spirale) si themelin e Meditimit Sahaja Yoga. N\u00eb t\u00eb kaluar\u00ebn, zgjimi i k\u00ebsaj energjie t\u00eb brendshme shpirt\u00ebrore arrihej vet\u00ebm nga disa njer\u00ebz me p\u00ebrpjekje t\u00eb mundimshme pastrimi dhe asketizmi. Shri&hellip; <br \/> <a class=\"read-more\" href=\"https:\/\/shrimataji.org\/test\/sq\/vete-realizimi\/\">Read more<\/a><\/p>\n","protected":false},"author":12,"featured_media":18477,"parent":0,"menu_order":0,"comment_status":"closed","ping_status":"closed","template":"","meta":{"inline_featured_image":false,"footnotes":""},"class_list":["post-18476","page","type-page","status-publish","has-post-thumbnail","hentry"],"yoast_head":"<!-- This site is optimized with the Yoast SEO plugin v27.4 - https:\/\/yoast.com\/product\/yoast-seo-wordpress\/ -->\n<title>Vet\u00eb-Realizimi - TEST - SMND<\/title>\n<meta name=\"robots\" content=\"noindex, follow, max-snippet:-1, max-image-preview:large, max-video-preview:-1\" \/>\n<meta property=\"og:locale\" content=\"en_US\" \/>\n<meta property=\"og:type\" content=\"article\" \/>\n<meta property=\"og:title\" content=\"Vet\u00eb-Realizimi - TEST - SMND\" \/>\n<meta property=\"og:description\" content=\"Vet\u00eb-Realizimi dhe Meditimi Nj\u00eb aktualizim unik spontan i vetvetes Shri Mataji p\u00ebrdori procesin e lasht\u00eb t\u00eb zgjimit t\u00eb Kundalinit (n\u00eb sanskritisht q\u00eb do t\u00eb thot\u00eb spirale) si themelin e Meditimit Sahaja Yoga. N\u00eb t\u00eb kaluar\u00ebn, zgjimi i k\u00ebsaj energjie t\u00eb brendshme shpirt\u00ebrore arrihej vet\u00ebm nga disa njer\u00ebz me p\u00ebrpjekje t\u00eb mundimshme pastrimi dhe asketizmi. Shri&hellip; Read more\" \/>\n<meta property=\"og:url\" content=\"https:\/\/shrimataji.org\/test\/sq\/vete-realizimi\/\" \/>\n<meta property=\"og:site_name\" content=\"TEST - SMND\" \/>\n<meta property=\"article:publisher\" content=\"https:\/\/www.facebook.com\/shrimataji\" \/>\n<meta property=\"article:modified_time\" content=\"2025-04-28T11:30:44+00:00\" \/>\n<meta property=\"og:image\" content=\"https:\/\/shrimataji.org\/test\/wp-content\/uploads\/2023\/03\/2_Banner-SelfRealisation-scaled.jpg\" \/>\n\t<meta property=\"og:image:width\" content=\"2560\" \/>\n\t<meta property=\"og:image:height\" content=\"905\" \/>\n\t<meta property=\"og:image:type\" content=\"image\/jpeg\" \/>\n<meta name=\"twitter:card\" content=\"summary_large_image\" \/>\n<meta name=\"twitter:site\" content=\"@shrimataji\" \/>\n<meta name=\"twitter:label1\" content=\"Est. reading time\" \/>\n\t<meta name=\"twitter:data1\" content=\"4 minutes\" \/>\n<script type=\"application\/ld+json\" class=\"yoast-schema-graph\">{\"@context\":\"https:\\\/\\\/schema.org\",\"@graph\":[{\"@type\":\"WebPage\",\"@id\":\"https:\\\/\\\/shrimataji.org\\\/test\\\/sq\\\/vete-realizimi\\\/\",\"url\":\"https:\\\/\\\/shrimataji.org\\\/test\\\/sq\\\/vete-realizimi\\\/\",\"name\":\"Vet\u00eb-Realizimi - TEST - SMND\",\"isPartOf\":{\"@id\":\"https:\\\/\\\/shrimataji.org\\\/test\\\/#website\"},\"primaryImageOfPage\":{\"@id\":\"https:\\\/\\\/shrimataji.org\\\/test\\\/sq\\\/vete-realizimi\\\/#primaryimage\"},\"image\":{\"@id\":\"https:\\\/\\\/shrimataji.org\\\/test\\\/sq\\\/vete-realizimi\\\/#primaryimage\"},\"thumbnailUrl\":\"https:\\\/\\\/shrimataji.org\\\/test\\\/wp-content\\\/uploads\\\/2023\\\/03\\\/2_Banner-SelfRealisation-scaled.jpg\",\"datePublished\":\"2018-07-10T06:54:46+00:00\",\"dateModified\":\"2025-04-28T11:30:44+00:00\",\"breadcrumb\":{\"@id\":\"https:\\\/\\\/shrimataji.org\\\/test\\\/sq\\\/vete-realizimi\\\/#breadcrumb\"},\"inLanguage\":\"en-US\",\"potentialAction\":[{\"@type\":\"ReadAction\",\"target\":[\"https:\\\/\\\/shrimataji.org\\\/test\\\/sq\\\/vete-realizimi\\\/\"]}]},{\"@type\":\"ImageObject\",\"inLanguage\":\"en-US\",\"@id\":\"https:\\\/\\\/shrimataji.org\\\/test\\\/sq\\\/vete-realizimi\\\/#primaryimage\",\"url\":\"https:\\\/\\\/shrimataji.org\\\/test\\\/wp-content\\\/uploads\\\/2023\\\/03\\\/2_Banner-SelfRealisation-scaled.jpg\",\"contentUrl\":\"https:\\\/\\\/shrimataji.org\\\/test\\\/wp-content\\\/uploads\\\/2023\\\/03\\\/2_Banner-SelfRealisation-scaled.jpg\",\"width\":2560,\"height\":905},{\"@type\":\"BreadcrumbList\",\"@id\":\"https:\\\/\\\/shrimataji.org\\\/test\\\/sq\\\/vete-realizimi\\\/#breadcrumb\",\"itemListElement\":[{\"@type\":\"ListItem\",\"position\":1,\"name\":\"Home\",\"item\":\"https:\\\/\\\/shrimataji.org\\\/test\\\/uk\\\/home-en\\\/\"},{\"@type\":\"ListItem\",\"position\":2,\"name\":\"Vet\u00eb-Realizimi\"}]},{\"@type\":\"WebSite\",\"@id\":\"https:\\\/\\\/shrimataji.org\\\/test\\\/#website\",\"url\":\"https:\\\/\\\/shrimataji.org\\\/test\\\/\",\"name\":\"Shri Mataji Nirmala Devi\",\"description\":\"A Life Dedicated to Humanity\",\"publisher\":{\"@id\":\"https:\\\/\\\/shrimataji.org\\\/test\\\/#\\\/schema\\\/person\\\/a1b3419c6585f164aa96da1ff85715d1\"},\"potentialAction\":[{\"@type\":\"SearchAction\",\"target\":{\"@type\":\"EntryPoint\",\"urlTemplate\":\"https:\\\/\\\/shrimataji.org\\\/test\\\/?s={search_term_string}\"},\"query-input\":{\"@type\":\"PropertyValueSpecification\",\"valueRequired\":true,\"valueName\":\"search_term_string\"}}],\"inLanguage\":\"en-US\"},{\"@type\":[\"Person\",\"Organization\"],\"@id\":\"https:\\\/\\\/shrimataji.org\\\/test\\\/#\\\/schema\\\/person\\\/a1b3419c6585f164aa96da1ff85715d1\",\"name\":\"Nirmala Shrivastava\",\"image\":{\"@type\":\"ImageObject\",\"inLanguage\":\"en-US\",\"@id\":\"https:\\\/\\\/shrimataji.org\\\/test\\\/wp-content\\\/uploads\\\/2023\\\/02\\\/SMO_LOGO-03.svg\",\"url\":\"https:\\\/\\\/shrimataji.org\\\/test\\\/wp-content\\\/uploads\\\/2023\\\/02\\\/SMO_LOGO-03.svg\",\"contentUrl\":\"https:\\\/\\\/shrimataji.org\\\/test\\\/wp-content\\\/uploads\\\/2023\\\/02\\\/SMO_LOGO-03.svg\",\"width\":\"1024\",\"height\":\"1024\",\"caption\":\"Nirmala Shrivastava\"},\"logo\":{\"@id\":\"https:\\\/\\\/shrimataji.org\\\/test\\\/wp-content\\\/uploads\\\/2023\\\/02\\\/SMO_LOGO-03.svg\"},\"sameAs\":[\"https:\\\/\\\/shrimataji.org\\\/test\",\"https:\\\/\\\/www.facebook.com\\\/shrimataji\",\"https:\\\/\\\/x.com\\\/shrimataji\",\"https:\\\/\\\/www.youtube.com\\\/@Shri_Mataji_Nirmala_Devi\\\/featured\"]}]}<\/script>\n<!-- \/ Yoast SEO plugin. -->","yoast_head_json":{"title":"Vet\u00eb-Realizimi - TEST - SMND","robots":{"index":"noindex","follow":"follow","max-snippet":"max-snippet:-1","max-image-preview":"max-image-preview:large","max-video-preview":"max-video-preview:-1"},"og_locale":"en_US","og_type":"article","og_title":"Vet\u00eb-Realizimi - TEST - SMND","og_description":"Vet\u00eb-Realizimi dhe Meditimi Nj\u00eb aktualizim unik spontan i vetvetes Shri Mataji p\u00ebrdori procesin e lasht\u00eb t\u00eb zgjimit t\u00eb Kundalinit (n\u00eb sanskritisht q\u00eb do t\u00eb thot\u00eb spirale) si themelin e Meditimit Sahaja Yoga. N\u00eb t\u00eb kaluar\u00ebn, zgjimi i k\u00ebsaj energjie t\u00eb brendshme shpirt\u00ebrore arrihej vet\u00ebm nga disa njer\u00ebz me p\u00ebrpjekje t\u00eb mundimshme pastrimi dhe asketizmi. Shri&hellip; Read more","og_url":"https:\/\/shrimataji.org\/test\/sq\/vete-realizimi\/","og_site_name":"TEST - SMND","article_publisher":"https:\/\/www.facebook.com\/shrimataji","article_modified_time":"2025-04-28T11:30:44+00:00","og_image":[{"width":2560,"height":905,"url":"https:\/\/shrimataji.org\/test\/wp-content\/uploads\/2023\/03\/2_Banner-SelfRealisation-scaled.jpg","type":"image\/jpeg"}],"twitter_card":"summary_large_image","twitter_site":"@shrimataji","twitter_misc":{"Est. reading time":"4 minutes"},"schema":{"@context":"https:\/\/schema.org","@graph":[{"@type":"WebPage","@id":"https:\/\/shrimataji.org\/test\/sq\/vete-realizimi\/","url":"https:\/\/shrimataji.org\/test\/sq\/vete-realizimi\/","name":"Vet\u00eb-Realizimi - TEST - SMND","isPartOf":{"@id":"https:\/\/shrimataji.org\/test\/#website"},"primaryImageOfPage":{"@id":"https:\/\/shrimataji.org\/test\/sq\/vete-realizimi\/#primaryimage"},"image":{"@id":"https:\/\/shrimataji.org\/test\/sq\/vete-realizimi\/#primaryimage"},"thumbnailUrl":"https:\/\/shrimataji.org\/test\/wp-content\/uploads\/2023\/03\/2_Banner-SelfRealisation-scaled.jpg","datePublished":"2018-07-10T06:54:46+00:00","dateModified":"2025-04-28T11:30:44+00:00","breadcrumb":{"@id":"https:\/\/shrimataji.org\/test\/sq\/vete-realizimi\/#breadcrumb"},"inLanguage":"en-US","potentialAction":[{"@type":"ReadAction","target":["https:\/\/shrimataji.org\/test\/sq\/vete-realizimi\/"]}]},{"@type":"ImageObject","inLanguage":"en-US","@id":"https:\/\/shrimataji.org\/test\/sq\/vete-realizimi\/#primaryimage","url":"https:\/\/shrimataji.org\/test\/wp-content\/uploads\/2023\/03\/2_Banner-SelfRealisation-scaled.jpg","contentUrl":"https:\/\/shrimataji.org\/test\/wp-content\/uploads\/2023\/03\/2_Banner-SelfRealisation-scaled.jpg","width":2560,"height":905},{"@type":"BreadcrumbList","@id":"https:\/\/shrimataji.org\/test\/sq\/vete-realizimi\/#breadcrumb","itemListElement":[{"@type":"ListItem","position":1,"name":"Home","item":"https:\/\/shrimataji.org\/test\/uk\/home-en\/"},{"@type":"ListItem","position":2,"name":"Vet\u00eb-Realizimi"}]},{"@type":"WebSite","@id":"https:\/\/shrimataji.org\/test\/#website","url":"https:\/\/shrimataji.org\/test\/","name":"Shri Mataji Nirmala Devi","description":"A Life Dedicated to Humanity","publisher":{"@id":"https:\/\/shrimataji.org\/test\/#\/schema\/person\/a1b3419c6585f164aa96da1ff85715d1"},"potentialAction":[{"@type":"SearchAction","target":{"@type":"EntryPoint","urlTemplate":"https:\/\/shrimataji.org\/test\/?s={search_term_string}"},"query-input":{"@type":"PropertyValueSpecification","valueRequired":true,"valueName":"search_term_string"}}],"inLanguage":"en-US"},{"@type":["Person","Organization"],"@id":"https:\/\/shrimataji.org\/test\/#\/schema\/person\/a1b3419c6585f164aa96da1ff85715d1","name":"Nirmala Shrivastava","image":{"@type":"ImageObject","inLanguage":"en-US","@id":"https:\/\/shrimataji.org\/test\/wp-content\/uploads\/2023\/02\/SMO_LOGO-03.svg","url":"https:\/\/shrimataji.org\/test\/wp-content\/uploads\/2023\/02\/SMO_LOGO-03.svg","contentUrl":"https:\/\/shrimataji.org\/test\/wp-content\/uploads\/2023\/02\/SMO_LOGO-03.svg","width":"1024","height":"1024","caption":"Nirmala Shrivastava"},"logo":{"@id":"https:\/\/shrimataji.org\/test\/wp-content\/uploads\/2023\/02\/SMO_LOGO-03.svg"},"sameAs":["https:\/\/shrimataji.org\/test","https:\/\/www.facebook.com\/shrimataji","https:\/\/x.com\/shrimataji","https:\/\/www.youtube.com\/@Shri_Mataji_Nirmala_Devi\/featured"]}]}},"lang":"sq","translations":{"sq":18476,"ur":37500,"en":410,"pa":25916,"gu":25519,"th":20058,"hu":19564,"zh":17373,"hi":8373,"tr":10209,"pt":10419,"de":10693,"fr":10791,"it":10889,"es":10986,"ja":11284,"ru":11472,"bn":11663,"te":11771,"sw":11894,"he":12042,"el":12334,"sk":12432,"fa":12530,"fi":12628,"bg":13461,"ro":14533,"cs":14726,"nl":16636,"ku":16796,"ar":16972,"be":18683,"kn":18957,"mr":20422,"uk":20716,"ml":21011,"ta":22794,"sv":23064,"bs":27294,"fil":29512,"sd":31008,"da":37810,"pl":38020,"nn":38362},"pll_sync_post":[],"_links":{"self":[{"href":"https:\/\/shrimataji.org\/test\/wp-json\/wp\/v2\/pages\/18476","targetHints":{"allow":["GET"]}}],"collection":[{"href":"https:\/\/shrimataji.org\/test\/wp-json\/wp\/v2\/pages"}],"about":[{"href":"https:\/\/shrimataji.org\/test\/wp-json\/wp\/v2\/types\/page"}],"author":[{"embeddable":true,"href":"https:\/\/shrimataji.org\/test\/wp-json\/wp\/v2\/users\/12"}],"replies":[{"embeddable":true,"href":"https:\/\/shrimataji.org\/test\/wp-json\/wp\/v2\/comments?post=18476"}],"version-history":[{"count":0,"href":"https:\/\/shrimataji.org\/test\/wp-json\/wp\/v2\/pages\/18476\/revisions"}],"wp:featuredmedia":[{"embeddable":true,"href":"https:\/\/shrimataji.org\/test\/wp-json\/wp\/v2\/media\/18477"}],"wp:attachment":[{"href":"https:\/\/shrimataji.org\/test\/wp-json\/wp\/v2\/media?parent=18476"}],"curies":[{"name":"wp","href":"https:\/\/api.w.org\/{rel}","templated":true}]}}