{"id":18478,"date":"2018-07-10T06:54:42","date_gmt":"2018-07-10T06:54:42","guid":{"rendered":"http:\/\/testwordpress.nirmalnagari.org\/smnd\/index.php\/life\/"},"modified":"2025-04-28T11:30:44","modified_gmt":"2025-04-28T11:30:44","slug":"shrimataji","status":"publish","type":"page","link":"https:\/\/shrimataji.org\/test\/sq\/shrimataji\/","title":{"rendered":"Shri Mataji SQ"},"content":{"rendered":"\n\n\t<h1>Shri Mataji<\/h1>\n<h2>Biografia e nj\u00eb Angazhimi p\u00ebrjet\u00ebsh\u00ebm<\/h2>\n<h4>Duke udh\u00ebtuar pa u lodhur mij\u00ebra km rreth globit nga fshatrat e larg\u00ebta n\u00eb qytete dhe metropole, duke ndar\u00eb me vet\u00ebmohim zbulimin e saj unik t\u00eb ndri\u00e7imit t\u00eb v\u00ebrtet\u00eb shpirt\u00ebror p\u00ebrmes p\u00ebrvoj\u00ebs s\u00eb <a href=\"https:\/\/shrimataji.org\/test\/sq\/vete-realizimi\/\">vet\u00eb-realizimit<\/a> me miliona njer\u00ebz, duke revolucionarizuar ndryshimet shoq\u00ebrore bazuar n\u00eb transformimin e brendsh\u00ebm &#8211; t\u00eb gjitha k\u00ebto dhe shum\u00eb t\u00eb tjera momente t\u00eb tilla t\u00eb \u00e7muara ofrojn\u00eb nj\u00eb paraqitje t\u00eb shkurt\u00ebr t\u00eb angazhimit t\u00eb p\u00ebrjetsh\u00ebm t\u00eb Shri Mataji kushtuar mir\u00ebqenies s\u00eb njer\u00ebzimit.<\/h4>\n\t<p>Nirmala Srivastava, e njohur me titull nderi Shri Mataji Nirmala Devi, lindi m\u00eb 21 mars 1923 n\u00eb Chhindwara, Indi. Ajo lindi n\u00eb nj\u00eb familje t\u00eb krishter\u00eb dhe prind\u00ebrit e saj, Prasad dhe Cornelia Salve, zgjodh\u00ebn emrin Nirmala, q\u00eb do t\u00eb thot\u00eb &#8220;i pap\u00ebrlyer&#8221;. Babai i saj, avokat dhe studiues q\u00eb fliste rrjedhsh\u00ebm 14 gjuh\u00eb, p\u00ebrktheu Kur&#8217;anin n\u00eb Hinduisht. N\u00ebna e saj ishte gruaja e par\u00eb n\u00eb Indi q\u00eb mori nj\u00eb diplom\u00eb nderi n\u00eb matematik\u00eb.<\/p>\n<p>Q\u00eb n\u00eb mosh\u00eb shum\u00eb t\u00eb re Shri Mataji u angazhua n\u00eb bot\u00ebn p\u00ebrreth saj. Nd\u00ebrsa prind\u00ebrit ishin t\u00eb p\u00ebrfshir\u00eb n\u00eb m\u00ebnyr\u00eb aktive n\u00eb luft\u00ebn p\u00ebr pavar\u00ebsi n\u00eb Indi, Shri Mataji, si nj\u00eb f\u00ebmij\u00eb i vog\u00ebl, mori p\u00ebrgjegj\u00ebsin\u00eb p\u00ebr sht\u00ebpin\u00eb. Mahatma Gandhi, ashramin e t\u00eb cilit ajo e vizitonte shpesh n\u00eb mosh\u00eb t\u00eb re, njohu tek ajo nj\u00eb mrekulli shpirt\u00ebrore. Ai shpesh konsultohej me t\u00eb p\u00ebr lutjet e p\u00ebrditshme q\u00eb mbaheshin atje. Po ashtu edhe shok\u00ebt e saj t\u00eb shkoll\u00ebs do t\u00eb k\u00ebrkonin k\u00ebshilla dhe mb\u00ebshtetje tek ajo.<\/p>\n<p>Shri Mataji studioi mjek\u00ebsi n\u00eb Kolegjin Mjek\u00ebsor t\u00eb Krishter\u00eb n\u00eb Ludhiana dhe n\u00eb Kolegjin Mjek\u00ebsor Balakram n\u00eb Lahore. Si vajz\u00eb e re mori pjes\u00eb edhe n\u00eb luft\u00ebn p\u00ebr pavar\u00ebsi dhe udh\u00ebhoqi bashk\u00ebmoshatar\u00ebt e saj n\u00eb kolegj n\u00eb L\u00ebvizjen Quit India. N\u00eb vitin 1942 u burgos p\u00ebr pjes\u00ebmarrjen n\u00eb l\u00ebvizje.<\/p>\n\t\t\t\t<img loading=\"lazy\" decoding=\"async\" src=\"https:\/\/shrimataji.org\/test\/wp-content\/uploads\/2018\/07\/media_originals\/images\/shri-mataji-portraits\/shri-mataji-in-delhi-india-feb-1983-683x1024.jpg\" alt=\"Shri Mataji in Delhi, ca. 09.02.1983\" itemprop=\"image\" height=\"1024\" width=\"683\" title=\"shri-mataji-in-delhi-india-feb-1983\" onerror=\"this.style.display='none'\"  \/>\n\t<p>N\u00eb vitin 1947 u martua me Chandrika Prasad Srivastava, nj\u00eb n\u00ebpun\u00ebs civil i rangut t\u00eb lart\u00eb indian, karriera e t\u00eb cilit shtrihej duke sh\u00ebrbyer si sekretar personal i kryeministrit t\u00eb ndjer\u00eb indian Lal Bahadur Shastri, m\u00eb pas n\u00eb kat\u00ebr mandate t\u00eb nj\u00ebpasnj\u00ebshme si Sekretar i P\u00ebrgjithsh\u00ebm i Organizat\u00ebs Nd\u00ebrkomb\u00ebtare Detare t\u00eb Kombeve t\u00eb Bashkuara. Pat\u00ebn dy vajza. Gjat\u00eb k\u00ebsaj kohe, nd\u00ebrsa ajo rriti vajzat dhe mb\u00ebshteti karrier\u00ebn e burrit t\u00eb shquar, Shri Mataji vazhdoi t\u00eb tregoj\u00eb nj\u00eb interes dashamir\u00ebs p\u00ebr bot\u00ebn p\u00ebrreth saj. Ajo u p\u00ebrball me nj\u00eb gam\u00eb t\u00eb gjer\u00eb njer\u00ebzish nga vende, kultura, nivele t\u00eb t\u00eb ardhurave dhe prejardhje t\u00eb ndryshme dhe t\u00eb lidhur me ta n\u00ebp\u00ebrmjet nj\u00eb respekti t\u00eb v\u00ebrtet\u00eb. Qoft\u00eb duke diskutuar \u00e7\u00ebshtjet e shtetit me drejtues t\u00eb r\u00ebnd\u00ebsish\u00ebm, apo \u00e7\u00ebshtjet familjare me nj\u00eb shofer taksie, ishte gjithmon\u00eb e hapur p\u00ebr t\u00eb d\u00ebgjuar dhe kuptuar. Q\u00ebndroi kund\u00ebr paragjykimeve, u ofroi mbrojtje atyre n\u00eb nevoj\u00eb, u angazhua n\u00eb pun\u00eb bamir\u00ebsie, inkurajoi kultur\u00ebn p\u00ebrmes muzik\u00ebs dhe filmit, kultivoi tok\u00ebn dhe u kujdes p\u00ebr nj\u00eb sht\u00ebpi t\u00eb madhe. Qe nj\u00eb grua, n\u00ebn\u00eb dhe mot\u00ebr e dashur dhe m\u00eb n\u00eb fund u b\u00eb edhe gjyshe.<\/p>\n<p>Gjat\u00eb gjith\u00eb koh\u00ebs thelloi perceptimin p\u00ebr natyr\u00ebn njer\u00ebzore duke e p\u00ebrqendruar v\u00ebmendjen n\u00eb m\u00ebnyr\u00ebn se si t\u00eb ndihmonte qeniet njer\u00ebzore t\u00eb ngrihen n\u00eb potencialin m\u00eb t\u00eb lart\u00eb. Arriti t\u00eb kuptonte se nj\u00eb transformim i till\u00eb mund t\u00eb ndodhte vet\u00ebm p\u00ebrmes procesit t\u00eb vet\u00eb-realizimit, q\u00eb \u00ebsht\u00eb aktivizimi i energjis\u00eb delikate t\u00eb brendshme (t\u00eb quajtur Kundalini) e cila \u00ebsht\u00eb e pranishme n\u00eb t\u00eb gjith\u00eb ne. Zgjimi i k\u00ebsaj energjie ishte di\u00e7ka q\u00eb ajo do ta p\u00ebrjetonte vet\u00eb, p\u00ebrpara se t&#8217;i kushtonte jet\u00ebn ndarjes me t\u00eb tjer\u00ebt.<\/p>\n<p>M\u00eb 5 maj 1970 Shri Mataji filloi jet\u00ebn shpirt\u00ebrore. N\u00eb mosh\u00ebn 47-vje\u00e7are gjeti nj\u00eb m\u00ebnyr\u00eb dhe zhvilloi nj\u00eb metod\u00eb p\u00ebr t\u00eb dh\u00ebn\u00eb vet\u00eb-realizim masiv. Ajo d\u00ebshironte t\u00eb ofronte nj\u00eb p\u00ebrvoj\u00eb t\u00eb v\u00ebrtet\u00eb q\u00eb njer\u00ebzit mund ta p\u00ebrdornin p\u00ebr t\u00eb transformuar dhe sh\u00ebruar veten e tyre. Ndryshe nga shum\u00eb t\u00eb ashtuquajtur guru q\u00eb p\u00ebrfituan nga ata njer\u00ebz q\u00eb k\u00ebrkonin njohuri shpirt\u00ebrore, Shri Mataji donte t\u00eb fuqizonte vet\u00eb k\u00ebrkuesit me k\u00ebt\u00eb njohuri. Ajo denoncoi t\u00eb gjith\u00eb gurut\u00eb e rrem\u00eb dhe gjat\u00eb gjith\u00eb jet\u00ebs paralajm\u00ebroi kund\u00ebr praktikave shpirt\u00ebrore mashtruese dhe abuzive.<\/p>\n<p>Kur burri i saj u b\u00eb Sekretar i P\u00ebrgjithsh\u00ebm i Organizat\u00ebs Detare t\u00eb OKB-s\u00eb, Shri Mataji u transferua n\u00eb Lond\u00ebr dhe filloi pun\u00ebn shpirt\u00ebrore me nj\u00eb grup t\u00eb vog\u00ebl njer\u00ebzish. Udh\u00ebtoi n\u00ebp\u00ebr Mbret\u00ebrin\u00eb e Bashkuar duke dh\u00ebn\u00eb leksione si dhe p\u00ebrvoj\u00ebn e vet\u00eb-realizimit. Kurr\u00eb nuk k\u00ebrkoi para p\u00ebr k\u00ebto programe, duke k\u00ebmb\u00ebngulur se zgjimi i k\u00ebsaj energjie shpirt\u00ebrore t\u00eb fjetur brenda t\u00eb gjith\u00eb qenieve njer\u00ebzore ishte e drejta e tyre e lindjes dhe p\u00ebr rrjedhoj\u00eb, nuk mund t\u00eb paguhej. Nd\u00ebrsa njer\u00ebzit p\u00ebrreth saj arrit\u00ebn t\u00eb njohin cil\u00ebsit\u00eb e jasht\u00ebzakonshme shpirt\u00ebrore dhe amtare, ajo shpejt mori titullin e nderit &#8220;Shri Mataji&#8221; q\u00eb do t\u00eb thot\u00eb &#8220;N\u00ebn\u00eb e nderuar&#8221;.<\/p>\n<p>Metoda e meditimit p\u00ebrmes vet\u00eb-realizimit e zhvilluar nga Shri Mataji u quajt Sahaja Yoga. Gjat\u00eb gjith\u00eb viteve 1980, Shri Mataji udh\u00ebtoi vazhdimisht dhe pa u lodhur n\u00eb Evrop\u00eb, Australi dhe Amerik\u00ebn e Veriut, duke ua m\u00ebsuar k\u00ebt\u00eb metod\u00eb pa pages\u00eb t\u00eb interesuarve. N\u00eb vitet 1990 udh\u00ebtimet e saj u p\u00ebrhap\u00ebn n\u00eb Amerik\u00ebn e Jugut, Afrik\u00eb, Rusi, Evrop\u00ebn Lindore dhe Azi si dhe n\u00eb rajonin e Paq\u00ebsorit.<\/p>\n<p>IInstitucionet n\u00eb mbar\u00eb bot\u00ebn i dhan\u00eb \u00e7mime nderi dhe doktorata. N\u00eb vitin 1995 mbajti fjalwn n\u00eb Konferenc\u00ebn e Kat\u00ebrt Bot\u00ebrore mbi Grat\u00eb n\u00eb Pekin. Claes Nobel foli p\u00ebr nominimin e saj p\u00ebr \u00c7mimin Nobel t\u00eb Paqes n\u00eb 1997 n\u00eb Royal Albert Hall n\u00eb Lond\u00ebr. Si admirues i madh i Shri Mataji dhe Sahaja Yoga, ai e shpalli at\u00eb &#8220;nj\u00eb burim shprese p\u00ebr njer\u00ebzimin&#8221; dhe &#8220;nj\u00eb pik\u00eb referimi p\u00ebr dallimin e s\u00eb drejt\u00ebs nga e gabuara&#8221;.<\/p>\n<div class=\"su-quote su-quote-style-default\"><div class=\"su-quote-inner su-u-clearfix su-u-trim\">Jeta ime tani \u00ebsht\u00eb e dedikuar p\u00ebr mir\u00ebqenien dhe mir\u00ebdashjen e njer\u00ebzimit; plot\u00ebsisht; t\u00ebr\u00ebsisht.<\/div><\/div>\n<p>Shri Mataji besonte se potenciali i vet\u00eb-realizimit masiv dhe p\u00ebrfitimet holistike t\u00eb meditimit t\u00eb Sahaja Yoga p\u00ebr jet\u00ebn personale dhe shoq\u00ebrore t\u00eb individit ishin themeli p\u00ebr <a href=\"https:\/\/shrimataji.org\/test\/sq\/transformimi-social\/\">transformimin e v\u00ebrtet\u00eb shoq\u00ebror<\/a>. Ajo themeloi shum\u00eb organizata joqeveritare bazuar n\u00eb parimet e k\u00ebtij transformimi unik t\u00eb brendsh\u00ebm, duke p\u00ebrfshir\u00eb nj\u00eb sht\u00ebpi p\u00ebr grat\u00eb dhe f\u00ebmij\u00ebt e varf\u00ebr, disa shkolla nd\u00ebrkomb\u00ebtare, nj\u00eb qend\u00ebr sh\u00ebndet\u00ebsore dhe k\u00ebrkimore holistike dhe nj\u00eb akademi nd\u00ebrkomb\u00ebtare q\u00eb promovon muzik\u00ebn klasike dhe artet e bukura.<\/p>\n<p>M\u00eb 23 shkurt 2011, Shri Mataji u nda nga jeta paq\u00ebsisht n\u00eb mosh\u00ebn 87-vje\u00e7are n\u00eb Gjenov\u00eb t\u00eb Italis\u00eb.<\/p>\n<p>Trash\u00ebgimia e saj vazhdon nd\u00ebrsa p\u00ebrvoja e vet\u00eb-realizimit vijon t\u00eb transformoj\u00eb jet\u00eb t\u00eb panum\u00ebrta n\u00ebn kujdesin e dashur t\u00eb praktikuesve t\u00eb Sahaja Yoga dhe qendrave t\u00eb meditimit t\u00eb krijuara n\u00eb m\u00eb shum\u00eb se 100 vende ku m\u00ebsohet Sahaja Yoga, gjithmon\u00eb pa pages\u00eb.<\/p>\n<div class=\"su-quote su-quote-style-default\"><div class=\"su-quote-inner su-u-clearfix su-u-trim\">Ashtu si oqeani q\u00eb godet brigjet dhe m\u00eb pas val\u00ebt kthehen dhe thurin nj\u00eb g\u00ebrshet, k\u00ebshtu mund ta shihja t\u00ebr\u00eb jet\u00ebn time si nj\u00eb g\u00ebrshet t\u00eb bukur. Dhe k\u00ebt\u00eb lidh\u00ebse t\u00eb bukur nuk mund ta p\u00ebrshkruani me fjal\u00eb.<\/div><\/div>\n\n","protected":false},"excerpt":{"rendered":"<p>Shri Mataji Biografia e nj\u00eb Angazhimi p\u00ebrjet\u00ebsh\u00ebm Duke udh\u00ebtuar pa u lodhur mij\u00ebra km rreth globit nga fshatrat e larg\u00ebta n\u00eb qytete dhe metropole, duke ndar\u00eb me vet\u00ebmohim zbulimin e saj unik t\u00eb ndri\u00e7imit t\u00eb v\u00ebrtet\u00eb shpirt\u00ebror p\u00ebrmes p\u00ebrvoj\u00ebs s\u00eb vet\u00eb-realizimit me miliona njer\u00ebz, duke revolucionarizuar ndryshimet shoq\u00ebrore bazuar n\u00eb transformimin e brendsh\u00ebm &#8211; t\u00eb&hellip; <br \/> <a class=\"read-more\" href=\"https:\/\/shrimataji.org\/test\/sq\/shrimataji\/\">Read more<\/a><\/p>\n","protected":false},"author":12,"featured_media":18479,"parent":0,"menu_order":0,"comment_status":"closed","ping_status":"closed","template":"","meta":{"inline_featured_image":false,"footnotes":""},"class_list":["post-18478","page","type-page","status-publish","has-post-thumbnail","hentry"],"yoast_head":"<!-- This site is optimized with the Yoast SEO plugin v27.4 - https:\/\/yoast.com\/product\/yoast-seo-wordpress\/ -->\n<title>Shri Mataji SQ - TEST - SMND<\/title>\n<meta name=\"robots\" content=\"noindex, follow, max-snippet:-1, max-image-preview:large, max-video-preview:-1\" \/>\n<meta property=\"og:locale\" content=\"en_US\" \/>\n<meta property=\"og:type\" content=\"article\" \/>\n<meta property=\"og:title\" content=\"Shri Mataji SQ - TEST - SMND\" \/>\n<meta property=\"og:description\" content=\"Shri Mataji Biografia e nj\u00eb Angazhimi p\u00ebrjet\u00ebsh\u00ebm Duke udh\u00ebtuar pa u lodhur mij\u00ebra km rreth globit nga fshatrat e larg\u00ebta n\u00eb qytete dhe metropole, duke ndar\u00eb me vet\u00ebmohim zbulimin e saj unik t\u00eb ndri\u00e7imit t\u00eb v\u00ebrtet\u00eb shpirt\u00ebror p\u00ebrmes p\u00ebrvoj\u00ebs s\u00eb vet\u00eb-realizimit me miliona njer\u00ebz, duke revolucionarizuar ndryshimet shoq\u00ebrore bazuar n\u00eb transformimin e brendsh\u00ebm &#8211; t\u00eb&hellip; Read more\" \/>\n<meta property=\"og:url\" content=\"https:\/\/shrimataji.org\/test\/sq\/shrimataji\/\" \/>\n<meta property=\"og:site_name\" content=\"TEST - SMND\" \/>\n<meta property=\"article:publisher\" content=\"https:\/\/www.facebook.com\/shrimataji\" \/>\n<meta property=\"article:modified_time\" content=\"2025-04-28T11:30:44+00:00\" \/>\n<meta property=\"og:image\" content=\"https:\/\/shrimataji.org\/test\/wp-content\/uploads\/2023\/03\/test_banner_inner_shrimataji-scaled.jpg\" \/>\n\t<meta property=\"og:image:width\" content=\"2560\" \/>\n\t<meta property=\"og:image:height\" content=\"1067\" \/>\n\t<meta property=\"og:image:type\" content=\"image\/jpeg\" \/>\n<meta name=\"twitter:card\" content=\"summary_large_image\" \/>\n<meta name=\"twitter:site\" content=\"@shrimataji\" \/>\n<meta name=\"twitter:label1\" content=\"Est. reading time\" \/>\n\t<meta name=\"twitter:data1\" content=\"5 minutes\" \/>\n<script type=\"application\/ld+json\" class=\"yoast-schema-graph\">{\"@context\":\"https:\\\/\\\/schema.org\",\"@graph\":[{\"@type\":\"WebPage\",\"@id\":\"https:\\\/\\\/shrimataji.org\\\/test\\\/sq\\\/shrimataji\\\/\",\"url\":\"https:\\\/\\\/shrimataji.org\\\/test\\\/sq\\\/shrimataji\\\/\",\"name\":\"Shri Mataji SQ - TEST - SMND\",\"isPartOf\":{\"@id\":\"https:\\\/\\\/shrimataji.org\\\/test\\\/#website\"},\"primaryImageOfPage\":{\"@id\":\"https:\\\/\\\/shrimataji.org\\\/test\\\/sq\\\/shrimataji\\\/#primaryimage\"},\"image\":{\"@id\":\"https:\\\/\\\/shrimataji.org\\\/test\\\/sq\\\/shrimataji\\\/#primaryimage\"},\"thumbnailUrl\":\"https:\\\/\\\/shrimataji.org\\\/test\\\/wp-content\\\/uploads\\\/2023\\\/03\\\/test_banner_inner_shrimataji-scaled.jpg\",\"datePublished\":\"2018-07-10T06:54:42+00:00\",\"dateModified\":\"2025-04-28T11:30:44+00:00\",\"breadcrumb\":{\"@id\":\"https:\\\/\\\/shrimataji.org\\\/test\\\/sq\\\/shrimataji\\\/#breadcrumb\"},\"inLanguage\":\"en-US\",\"potentialAction\":[{\"@type\":\"ReadAction\",\"target\":[\"https:\\\/\\\/shrimataji.org\\\/test\\\/sq\\\/shrimataji\\\/\"]}]},{\"@type\":\"ImageObject\",\"inLanguage\":\"en-US\",\"@id\":\"https:\\\/\\\/shrimataji.org\\\/test\\\/sq\\\/shrimataji\\\/#primaryimage\",\"url\":\"https:\\\/\\\/shrimataji.org\\\/test\\\/wp-content\\\/uploads\\\/2023\\\/03\\\/test_banner_inner_shrimataji-scaled.jpg\",\"contentUrl\":\"https:\\\/\\\/shrimataji.org\\\/test\\\/wp-content\\\/uploads\\\/2023\\\/03\\\/test_banner_inner_shrimataji-scaled.jpg\",\"width\":2560,\"height\":1067},{\"@type\":\"BreadcrumbList\",\"@id\":\"https:\\\/\\\/shrimataji.org\\\/test\\\/sq\\\/shrimataji\\\/#breadcrumb\",\"itemListElement\":[{\"@type\":\"ListItem\",\"position\":1,\"name\":\"Home\",\"item\":\"https:\\\/\\\/shrimataji.org\\\/test\\\/uk\\\/home-en\\\/\"},{\"@type\":\"ListItem\",\"position\":2,\"name\":\"Shri Mataji SQ\"}]},{\"@type\":\"WebSite\",\"@id\":\"https:\\\/\\\/shrimataji.org\\\/test\\\/#website\",\"url\":\"https:\\\/\\\/shrimataji.org\\\/test\\\/\",\"name\":\"Shri Mataji Nirmala Devi\",\"description\":\"A Life Dedicated to Humanity\",\"publisher\":{\"@id\":\"https:\\\/\\\/shrimataji.org\\\/test\\\/#\\\/schema\\\/person\\\/a1b3419c6585f164aa96da1ff85715d1\"},\"potentialAction\":[{\"@type\":\"SearchAction\",\"target\":{\"@type\":\"EntryPoint\",\"urlTemplate\":\"https:\\\/\\\/shrimataji.org\\\/test\\\/?s={search_term_string}\"},\"query-input\":{\"@type\":\"PropertyValueSpecification\",\"valueRequired\":true,\"valueName\":\"search_term_string\"}}],\"inLanguage\":\"en-US\"},{\"@type\":[\"Person\",\"Organization\"],\"@id\":\"https:\\\/\\\/shrimataji.org\\\/test\\\/#\\\/schema\\\/person\\\/a1b3419c6585f164aa96da1ff85715d1\",\"name\":\"Nirmala Shrivastava\",\"image\":{\"@type\":\"ImageObject\",\"inLanguage\":\"en-US\",\"@id\":\"https:\\\/\\\/shrimataji.org\\\/test\\\/wp-content\\\/uploads\\\/2023\\\/02\\\/SMO_LOGO-03.svg\",\"url\":\"https:\\\/\\\/shrimataji.org\\\/test\\\/wp-content\\\/uploads\\\/2023\\\/02\\\/SMO_LOGO-03.svg\",\"contentUrl\":\"https:\\\/\\\/shrimataji.org\\\/test\\\/wp-content\\\/uploads\\\/2023\\\/02\\\/SMO_LOGO-03.svg\",\"width\":\"1024\",\"height\":\"1024\",\"caption\":\"Nirmala Shrivastava\"},\"logo\":{\"@id\":\"https:\\\/\\\/shrimataji.org\\\/test\\\/wp-content\\\/uploads\\\/2023\\\/02\\\/SMO_LOGO-03.svg\"},\"sameAs\":[\"https:\\\/\\\/shrimataji.org\\\/test\",\"https:\\\/\\\/www.facebook.com\\\/shrimataji\",\"https:\\\/\\\/x.com\\\/shrimataji\",\"https:\\\/\\\/www.youtube.com\\\/@Shri_Mataji_Nirmala_Devi\\\/featured\"]}]}<\/script>\n<!-- \/ Yoast SEO plugin. -->","yoast_head_json":{"title":"Shri Mataji SQ - TEST - SMND","robots":{"index":"noindex","follow":"follow","max-snippet":"max-snippet:-1","max-image-preview":"max-image-preview:large","max-video-preview":"max-video-preview:-1"},"og_locale":"en_US","og_type":"article","og_title":"Shri Mataji SQ - TEST - SMND","og_description":"Shri Mataji Biografia e nj\u00eb Angazhimi p\u00ebrjet\u00ebsh\u00ebm Duke udh\u00ebtuar pa u lodhur mij\u00ebra km rreth globit nga fshatrat e larg\u00ebta n\u00eb qytete dhe metropole, duke ndar\u00eb me vet\u00ebmohim zbulimin e saj unik t\u00eb ndri\u00e7imit t\u00eb v\u00ebrtet\u00eb shpirt\u00ebror p\u00ebrmes p\u00ebrvoj\u00ebs s\u00eb vet\u00eb-realizimit me miliona njer\u00ebz, duke revolucionarizuar ndryshimet shoq\u00ebrore bazuar n\u00eb transformimin e brendsh\u00ebm &#8211; t\u00eb&hellip; Read more","og_url":"https:\/\/shrimataji.org\/test\/sq\/shrimataji\/","og_site_name":"TEST - SMND","article_publisher":"https:\/\/www.facebook.com\/shrimataji","article_modified_time":"2025-04-28T11:30:44+00:00","og_image":[{"width":2560,"height":1067,"url":"https:\/\/shrimataji.org\/test\/wp-content\/uploads\/2023\/03\/test_banner_inner_shrimataji-scaled.jpg","type":"image\/jpeg"}],"twitter_card":"summary_large_image","twitter_site":"@shrimataji","twitter_misc":{"Est. reading time":"5 minutes"},"schema":{"@context":"https:\/\/schema.org","@graph":[{"@type":"WebPage","@id":"https:\/\/shrimataji.org\/test\/sq\/shrimataji\/","url":"https:\/\/shrimataji.org\/test\/sq\/shrimataji\/","name":"Shri Mataji SQ - TEST - SMND","isPartOf":{"@id":"https:\/\/shrimataji.org\/test\/#website"},"primaryImageOfPage":{"@id":"https:\/\/shrimataji.org\/test\/sq\/shrimataji\/#primaryimage"},"image":{"@id":"https:\/\/shrimataji.org\/test\/sq\/shrimataji\/#primaryimage"},"thumbnailUrl":"https:\/\/shrimataji.org\/test\/wp-content\/uploads\/2023\/03\/test_banner_inner_shrimataji-scaled.jpg","datePublished":"2018-07-10T06:54:42+00:00","dateModified":"2025-04-28T11:30:44+00:00","breadcrumb":{"@id":"https:\/\/shrimataji.org\/test\/sq\/shrimataji\/#breadcrumb"},"inLanguage":"en-US","potentialAction":[{"@type":"ReadAction","target":["https:\/\/shrimataji.org\/test\/sq\/shrimataji\/"]}]},{"@type":"ImageObject","inLanguage":"en-US","@id":"https:\/\/shrimataji.org\/test\/sq\/shrimataji\/#primaryimage","url":"https:\/\/shrimataji.org\/test\/wp-content\/uploads\/2023\/03\/test_banner_inner_shrimataji-scaled.jpg","contentUrl":"https:\/\/shrimataji.org\/test\/wp-content\/uploads\/2023\/03\/test_banner_inner_shrimataji-scaled.jpg","width":2560,"height":1067},{"@type":"BreadcrumbList","@id":"https:\/\/shrimataji.org\/test\/sq\/shrimataji\/#breadcrumb","itemListElement":[{"@type":"ListItem","position":1,"name":"Home","item":"https:\/\/shrimataji.org\/test\/uk\/home-en\/"},{"@type":"ListItem","position":2,"name":"Shri Mataji SQ"}]},{"@type":"WebSite","@id":"https:\/\/shrimataji.org\/test\/#website","url":"https:\/\/shrimataji.org\/test\/","name":"Shri Mataji Nirmala Devi","description":"A Life Dedicated to Humanity","publisher":{"@id":"https:\/\/shrimataji.org\/test\/#\/schema\/person\/a1b3419c6585f164aa96da1ff85715d1"},"potentialAction":[{"@type":"SearchAction","target":{"@type":"EntryPoint","urlTemplate":"https:\/\/shrimataji.org\/test\/?s={search_term_string}"},"query-input":{"@type":"PropertyValueSpecification","valueRequired":true,"valueName":"search_term_string"}}],"inLanguage":"en-US"},{"@type":["Person","Organization"],"@id":"https:\/\/shrimataji.org\/test\/#\/schema\/person\/a1b3419c6585f164aa96da1ff85715d1","name":"Nirmala Shrivastava","image":{"@type":"ImageObject","inLanguage":"en-US","@id":"https:\/\/shrimataji.org\/test\/wp-content\/uploads\/2023\/02\/SMO_LOGO-03.svg","url":"https:\/\/shrimataji.org\/test\/wp-content\/uploads\/2023\/02\/SMO_LOGO-03.svg","contentUrl":"https:\/\/shrimataji.org\/test\/wp-content\/uploads\/2023\/02\/SMO_LOGO-03.svg","width":"1024","height":"1024","caption":"Nirmala Shrivastava"},"logo":{"@id":"https:\/\/shrimataji.org\/test\/wp-content\/uploads\/2023\/02\/SMO_LOGO-03.svg"},"sameAs":["https:\/\/shrimataji.org\/test","https:\/\/www.facebook.com\/shrimataji","https:\/\/x.com\/shrimataji","https:\/\/www.youtube.com\/@Shri_Mataji_Nirmala_Devi\/featured"]}]}},"lang":"sq","translations":{"sq":18478,"ur":37503,"en":391,"pa":25918,"gu":25521,"th":20061,"hu":19566,"zh":17375,"hi":8496,"tr":10210,"pt":10420,"de":10694,"fr":10792,"it":10890,"es":10987,"ja":11285,"ru":11473,"bn":11664,"te":11772,"sw":11895,"he":12043,"el":12335,"sk":12433,"fa":12531,"fi":12629,"bg":13463,"ro":14535,"cs":14728,"nl":16638,"ku":16798,"ar":16974,"be":18685,"kn":18959,"mr":20425,"uk":20719,"ml":21014,"ta":22796,"sv":23066,"bs":27296,"fil":29515,"sd":31010,"da":37812,"pl":38022,"nn":38364},"pll_sync_post":[],"_links":{"self":[{"href":"https:\/\/shrimataji.org\/test\/wp-json\/wp\/v2\/pages\/18478","targetHints":{"allow":["GET"]}}],"collection":[{"href":"https:\/\/shrimataji.org\/test\/wp-json\/wp\/v2\/pages"}],"about":[{"href":"https:\/\/shrimataji.org\/test\/wp-json\/wp\/v2\/types\/page"}],"author":[{"embeddable":true,"href":"https:\/\/shrimataji.org\/test\/wp-json\/wp\/v2\/users\/12"}],"replies":[{"embeddable":true,"href":"https:\/\/shrimataji.org\/test\/wp-json\/wp\/v2\/comments?post=18478"}],"version-history":[{"count":0,"href":"https:\/\/shrimataji.org\/test\/wp-json\/wp\/v2\/pages\/18478\/revisions"}],"wp:featuredmedia":[{"embeddable":true,"href":"https:\/\/shrimataji.org\/test\/wp-json\/wp\/v2\/media\/18479"}],"wp:attachment":[{"href":"https:\/\/shrimataji.org\/test\/wp-json\/wp\/v2\/media?parent=18478"}],"curies":[{"name":"wp","href":"https:\/\/api.w.org\/{rel}","templated":true}]}}