{"id":18482,"date":"2018-07-10T06:54:42","date_gmt":"2018-07-10T06:54:42","guid":{"rendered":"http:\/\/testwordpress.nirmalnagari.org\/smnd\/index.php\/work\/"},"modified":"2025-04-28T11:30:44","modified_gmt":"2025-04-28T11:30:44","slug":"transformimi-social","status":"publish","type":"page","link":"https:\/\/shrimataji.org\/test\/sq\/transformimi-social\/","title":{"rendered":"Transformimi Social"},"content":{"rendered":"\n\n\t<h1>Transformimi Social<\/h1>\n<h2>Nj\u00eb pun\u00eb me dashuri <\/h2>\n\t<h4>E rritur n\u00eb nj\u00eb familje q\u00eb e konsideronte vet\u00ebflijimin thirrjen m\u00eb t\u00eb lart\u00eb, Shri Mataji ia kushtoi jet\u00ebn nj\u00eb programi t\u00eb vazhduesh\u00ebm publik dhe shpirt\u00ebror. <\/h4>\n\t<p>Q\u00eb n\u00eb mosh\u00eb t\u00eb re ajo mori pjes\u00eb dinamike n\u00eb luft\u00ebn p\u00ebr liri t\u00eb Indis\u00eb. M\u00eb von\u00eb, edhe n\u00eb mes t\u00eb jet\u00ebs s\u00eb ngarkuar si gruaja e nj\u00eb diplomati t\u00eb shquar indian dhe rritjes s\u00eb dy vajzave, ajo vazhdoi t\u00eb tregoj\u00eb nj\u00eb interes dashamir\u00ebs p\u00ebr bot\u00ebn p\u00ebrreth. N\u00eb vitin 1961, Shri Mataji hapi &#8220;Shoq\u00ebrin\u00eb e Filmit Rinor&#8221; p\u00ebr t\u00eb inkurajuar vlerat komb\u00ebtare, sociale dhe morale tek t\u00eb rinjt\u00eb. Ajo ishte gjithashtu an\u00ebtare e Bordit t\u00eb Censur\u00ebs s\u00eb Filmit n\u00eb Mumbai.<\/p>\n<p>Si themeluese e meditimit Sahaja Yoga dhe duke udh\u00ebtuar gjer\u00ebsisht n\u00ebp\u00ebr bot\u00eb, nd\u00ebrveproi me nj\u00eb gam\u00eb t\u00eb gjer\u00eb njer\u00ebzish nga vende, kultura, nivele t\u00eb t\u00eb ardhurave dhe prejardhje t\u00eb ndryshme dhe u lidh me ta me interesim dhe sinqeritet. Ajo b\u00ebri t\u00eb njohur se t\u00eb gjitha problemet njer\u00ebzore buronin nga mosnjohja e potencialit t\u00eb tyre t\u00eb v\u00ebrtet\u00eb t\u00eb brendsh\u00ebm si qenie shpirt\u00ebrore dhe se ky potencial mund t\u00eb shfryt\u00ebzohej leht\u00ebsisht p\u00ebrmes vet\u00eb-realizimit. Transformimi i brendsh\u00ebm, i cili \u00ebsht\u00eb \u00e7el\u00ebsi i transformimit social, ka sh\u00ebrbyer si gur themeli p\u00ebr t\u00eb gjitha OJQ-t\u00eb globale t\u00eb nisura nga Shri Mataji.<\/p>\n<p>Ka krijuar organizata bamir\u00ebse si Vishwa Nirmala Prem Ashram p\u00ebr grat\u00eb e varf\u00ebra dhe f\u00ebmij\u00ebt jetim\u00eb, themeloi shkolla nd\u00ebrkomb\u00ebtare q\u00eb promovojn\u00eb arsimin e shkolluar, themeloi qendra sh\u00ebndet\u00ebsore holistike, krijoi nj\u00eb akademi nd\u00ebrkomb\u00ebtare q\u00eb promovon muzik\u00ebn klasike dhe artet e bukura dhe shum\u00eb m\u00eb tep\u00ebr. T\u00eb gjitha k\u00ebto p\u00ebrpjekje p\u00ebrfunduan pun\u00ebn e p\u00ebrgjithshme t\u00eb transformimit shpirt\u00ebror.<\/p>\n<p>Shekulli 21 paraqet sfida shum\u00ebplan\u00ebshe, p\u00ebrgjigjet ndaj t\u00eb cilave do t\u00eb p\u00ebrcaktojn\u00eb dhe form\u00ebsojn\u00eb normat e reja t\u00eb shoq\u00ebris\u00eb s\u00eb nes\u00ebrme. Njer\u00ebzit n\u00eb mbar\u00eb bot\u00ebn vazhdojn\u00eb t\u00eb k\u00ebrkojn\u00eb zgjidhje p\u00ebr k\u00ebto sfida, qofshin ato pandemi globale, ndryshime klimatike, probleme social-ekonomike, konflikte kulturore, fanatiz\u00ebm fetar, etj., t\u00eb cilat do t\u00eb p\u00ebrcaktojn\u00eb gjurm\u00ebn ton\u00eb humane n\u00eb planetin Tok\u00eb.<\/p>\n<p>Shum\u00eb nga problemet sociale dhe ekonomike me t\u00eb cilat p\u00ebrballen shoq\u00ebrit\u00eb sot jan\u00eb shkaktuar nga lakmia dhe materializmi. Shri Mataji theksoi se materializmi \u00ebsht\u00eb nj\u00eb q\u00ebndrim i gabuar ndaj materies dhe se materia ka q\u00ebllimin e vet\u00ebm t\u00eb na jap\u00eb g\u00ebzim. N\u00ebse shohim nj\u00eb vep\u00ebr t\u00eb bukur arti, p\u00ebr shembull, mund ta admirojm\u00eb, por nuk kemi nevoj\u00eb ta zot\u00ebrojm\u00eb. Ose, n\u00ebse i b\u00ebjm\u00eb dhurat\u00eb dikujt si shprehje e dashuris\u00eb son\u00eb, ne e p\u00ebrdorim \u00e7\u00ebshtjen n\u00eb m\u00ebnyr\u00ebn e duhur dhe p\u00ebrjetojm\u00eb k\u00ebnaq\u00ebsi t\u00eb v\u00ebrtet\u00eb p\u00ebrtej k\u00ebnaq\u00ebsis\u00eb kalimtare t\u00eb blerjes dhe zot\u00ebrimit t\u00eb di\u00e7kaje.<\/p>\n<p>Kur qendra e tret\u00eb delikate, e njohur si Chakra Nabhi brenda nesh, ndri=ohet pas vet\u00eb-realizimit p\u00ebrmes zgjimit t\u00eb Kundalinit, ne ndihemi plot\u00ebsisht t\u00eb k\u00ebnaqur, t\u00eb lir\u00eb nga tendencat negative t\u00eb lakmis\u00eb dhe zot\u00ebrimit. Ne shohim vler\u00ebn shpirt\u00ebrore t\u00eb materies, t\u00eb cil\u00ebn e ndiejm\u00eb si energji pozitive t\u00eb reflektuar nga objektet e krijuara nga materiale t\u00eb natyr\u00ebs dhe madje edhe vepra artizanale dhe piktura t\u00eb bukura t\u00eb punuara me dor\u00eb. Shri Mataji ia atribuoi k\u00ebto fenomene koeficientit shpirt\u00ebror t\u00eb materies q\u00eb mund t\u00eb perceptohen pas <a href=\"https:\/\/shrimataji.org\/test\/sq\/vete-realizimi\/\">vet\u00eb-realizimit<\/a>.<\/p>\n<p>\u00cbsht\u00eb interesante se ndri\u00e7imi i qendr\u00ebs s\u00eb dyt\u00eb, Chakra Swadhisthan, brenda sistemit ton\u00eb delikat, i njohur si Swadhisthan Chakra, rrit ndjenj\u00ebn ton\u00eb t\u00eb krijimtaris\u00eb, duke na lejuar jo vet\u00ebm t\u00eb vler\u00ebsojm\u00eb pun\u00ebn krijuese t\u00eb t\u00eb tjer\u00ebve, por shpesh t\u00eb zbulojm\u00eb potencialin e lindur t\u00eb krijimtaris\u00eb son\u00eb. Shum\u00eb praktikues t\u00eb meditimit Sahaja Yoga jan\u00eb mahnitur nga rritja e talenteve t\u00eb tyre krijues, t\u00eb cilat vijn\u00eb t\u00eb gjitha spontanisht n\u00eb form\u00ebn e frym\u00ebzimit dhe intuit\u00ebs s\u00eb past\u00ebr.<\/p>\n<p>Shri Mataji parashikoi shfaqjen e k\u00ebtyre cil\u00ebsive t\u00eb bukura delikate jo vet\u00ebm brenda individit, por edhe si nj\u00eb forc\u00eb kolektive q\u00eb mund t\u00eb manifestohej n\u00eb shoq\u00ebri dhe t\u00eb ndryshonte rrjedh\u00ebn e njer\u00ebzimit nga nj\u00eb rrug\u00eb e vet\u00ebshkat\u00ebrrimit drejt jet\u00ebs s\u00eb q\u00ebndrueshme n\u00eb planetin Tok\u00eb.<\/p>\n<p>Dhembshuria dhe shqet\u00ebsimi i Shri Mataji p\u00ebr njer\u00ebzimin ishte karburanti p\u00ebr t\u00eb gjitha aktivitetet e saj. Ai kurr\u00eb nuk iu referua asaj q\u00eb b\u00ebri si nj\u00eb &#8220;pun\u00eb&#8221;, por nj\u00eb pun\u00eb dashurie q\u00eb e k\u00ebnaqte t\u00ebr\u00ebsisht.<\/p>\n\n","protected":false},"excerpt":{"rendered":"<p>Transformimi Social Nj\u00eb pun\u00eb me dashuri E rritur n\u00eb nj\u00eb familje q\u00eb e konsideronte vet\u00ebflijimin thirrjen m\u00eb t\u00eb lart\u00eb, Shri Mataji ia kushtoi jet\u00ebn nj\u00eb programi t\u00eb vazhduesh\u00ebm publik dhe shpirt\u00ebror. Q\u00eb n\u00eb mosh\u00eb t\u00eb re ajo mori pjes\u00eb dinamike n\u00eb luft\u00ebn p\u00ebr liri t\u00eb Indis\u00eb. M\u00eb von\u00eb, edhe n\u00eb mes t\u00eb jet\u00ebs s\u00eb ngarkuar&hellip; <br \/> <a class=\"read-more\" href=\"https:\/\/shrimataji.org\/test\/sq\/transformimi-social\/\">Read more<\/a><\/p>\n","protected":false},"author":12,"featured_media":18483,"parent":0,"menu_order":0,"comment_status":"closed","ping_status":"closed","template":"","meta":{"inline_featured_image":false,"footnotes":""},"class_list":["post-18482","page","type-page","status-publish","has-post-thumbnail","hentry"],"yoast_head":"<!-- This site is optimized with the Yoast SEO plugin v27.4 - https:\/\/yoast.com\/product\/yoast-seo-wordpress\/ -->\n<title>Transformimi Social - TEST - SMND<\/title>\n<meta name=\"robots\" content=\"noindex, follow, max-snippet:-1, max-image-preview:large, max-video-preview:-1\" \/>\n<meta property=\"og:locale\" content=\"en_US\" \/>\n<meta property=\"og:type\" content=\"article\" \/>\n<meta property=\"og:title\" content=\"Transformimi Social - TEST - SMND\" \/>\n<meta property=\"og:description\" content=\"Transformimi Social Nj\u00eb pun\u00eb me dashuri E rritur n\u00eb nj\u00eb familje q\u00eb e konsideronte vet\u00ebflijimin thirrjen m\u00eb t\u00eb lart\u00eb, Shri Mataji ia kushtoi jet\u00ebn nj\u00eb programi t\u00eb vazhduesh\u00ebm publik dhe shpirt\u00ebror. Q\u00eb n\u00eb mosh\u00eb t\u00eb re ajo mori pjes\u00eb dinamike n\u00eb luft\u00ebn p\u00ebr liri t\u00eb Indis\u00eb. M\u00eb von\u00eb, edhe n\u00eb mes t\u00eb jet\u00ebs s\u00eb ngarkuar&hellip; Read more\" \/>\n<meta property=\"og:url\" content=\"https:\/\/shrimataji.org\/test\/sq\/transformimi-social\/\" \/>\n<meta property=\"og:site_name\" content=\"TEST - SMND\" \/>\n<meta property=\"article:publisher\" content=\"https:\/\/www.facebook.com\/shrimataji\" \/>\n<meta property=\"article:modified_time\" content=\"2025-04-28T11:30:44+00:00\" \/>\n<meta property=\"og:image\" content=\"https:\/\/shrimataji.org\/test\/wp-content\/uploads\/2018\/07\/media_originals\/images\/headers-general\/shri-mataji-arrival-in-rome-may-1985.jpg\" \/>\n\t<meta property=\"og:image:width\" content=\"990\" \/>\n\t<meta property=\"og:image:height\" content=\"350\" \/>\n\t<meta property=\"og:image:type\" content=\"image\/jpeg\" \/>\n<meta name=\"twitter:card\" content=\"summary_large_image\" \/>\n<meta name=\"twitter:site\" content=\"@shrimataji\" \/>\n<meta name=\"twitter:label1\" content=\"Est. reading time\" \/>\n\t<meta name=\"twitter:data1\" content=\"3 minutes\" \/>\n<script type=\"application\/ld+json\" class=\"yoast-schema-graph\">{\"@context\":\"https:\\\/\\\/schema.org\",\"@graph\":[{\"@type\":\"WebPage\",\"@id\":\"https:\\\/\\\/shrimataji.org\\\/test\\\/sq\\\/transformimi-social\\\/\",\"url\":\"https:\\\/\\\/shrimataji.org\\\/test\\\/sq\\\/transformimi-social\\\/\",\"name\":\"Transformimi Social - TEST - SMND\",\"isPartOf\":{\"@id\":\"https:\\\/\\\/shrimataji.org\\\/test\\\/#website\"},\"primaryImageOfPage\":{\"@id\":\"https:\\\/\\\/shrimataji.org\\\/test\\\/sq\\\/transformimi-social\\\/#primaryimage\"},\"image\":{\"@id\":\"https:\\\/\\\/shrimataji.org\\\/test\\\/sq\\\/transformimi-social\\\/#primaryimage\"},\"thumbnailUrl\":\"https:\\\/\\\/shrimataji.org\\\/test\\\/wp-content\\\/uploads\\\/2018\\\/07\\\/media_originals\\\/images\\\/headers-general\\\/shri-mataji-arrival-in-rome-may-1985.jpg\",\"datePublished\":\"2018-07-10T06:54:42+00:00\",\"dateModified\":\"2025-04-28T11:30:44+00:00\",\"breadcrumb\":{\"@id\":\"https:\\\/\\\/shrimataji.org\\\/test\\\/sq\\\/transformimi-social\\\/#breadcrumb\"},\"inLanguage\":\"en-US\",\"potentialAction\":[{\"@type\":\"ReadAction\",\"target\":[\"https:\\\/\\\/shrimataji.org\\\/test\\\/sq\\\/transformimi-social\\\/\"]}]},{\"@type\":\"ImageObject\",\"inLanguage\":\"en-US\",\"@id\":\"https:\\\/\\\/shrimataji.org\\\/test\\\/sq\\\/transformimi-social\\\/#primaryimage\",\"url\":\"https:\\\/\\\/shrimataji.org\\\/test\\\/wp-content\\\/uploads\\\/2018\\\/07\\\/media_originals\\\/images\\\/headers-general\\\/shri-mataji-arrival-in-rome-may-1985.jpg\",\"contentUrl\":\"https:\\\/\\\/shrimataji.org\\\/test\\\/wp-content\\\/uploads\\\/2018\\\/07\\\/media_originals\\\/images\\\/headers-general\\\/shri-mataji-arrival-in-rome-may-1985.jpg\",\"width\":990,\"height\":350},{\"@type\":\"BreadcrumbList\",\"@id\":\"https:\\\/\\\/shrimataji.org\\\/test\\\/sq\\\/transformimi-social\\\/#breadcrumb\",\"itemListElement\":[{\"@type\":\"ListItem\",\"position\":1,\"name\":\"Home\",\"item\":\"https:\\\/\\\/shrimataji.org\\\/test\\\/uk\\\/home-en\\\/\"},{\"@type\":\"ListItem\",\"position\":2,\"name\":\"Transformimi Social\"}]},{\"@type\":\"WebSite\",\"@id\":\"https:\\\/\\\/shrimataji.org\\\/test\\\/#website\",\"url\":\"https:\\\/\\\/shrimataji.org\\\/test\\\/\",\"name\":\"Shri Mataji Nirmala Devi\",\"description\":\"A Life Dedicated to Humanity\",\"publisher\":{\"@id\":\"https:\\\/\\\/shrimataji.org\\\/test\\\/#\\\/schema\\\/person\\\/a1b3419c6585f164aa96da1ff85715d1\"},\"potentialAction\":[{\"@type\":\"SearchAction\",\"target\":{\"@type\":\"EntryPoint\",\"urlTemplate\":\"https:\\\/\\\/shrimataji.org\\\/test\\\/?s={search_term_string}\"},\"query-input\":{\"@type\":\"PropertyValueSpecification\",\"valueRequired\":true,\"valueName\":\"search_term_string\"}}],\"inLanguage\":\"en-US\"},{\"@type\":[\"Person\",\"Organization\"],\"@id\":\"https:\\\/\\\/shrimataji.org\\\/test\\\/#\\\/schema\\\/person\\\/a1b3419c6585f164aa96da1ff85715d1\",\"name\":\"Nirmala Shrivastava\",\"image\":{\"@type\":\"ImageObject\",\"inLanguage\":\"en-US\",\"@id\":\"https:\\\/\\\/shrimataji.org\\\/test\\\/wp-content\\\/uploads\\\/2023\\\/02\\\/SMO_LOGO-03.svg\",\"url\":\"https:\\\/\\\/shrimataji.org\\\/test\\\/wp-content\\\/uploads\\\/2023\\\/02\\\/SMO_LOGO-03.svg\",\"contentUrl\":\"https:\\\/\\\/shrimataji.org\\\/test\\\/wp-content\\\/uploads\\\/2023\\\/02\\\/SMO_LOGO-03.svg\",\"width\":\"1024\",\"height\":\"1024\",\"caption\":\"Nirmala Shrivastava\"},\"logo\":{\"@id\":\"https:\\\/\\\/shrimataji.org\\\/test\\\/wp-content\\\/uploads\\\/2023\\\/02\\\/SMO_LOGO-03.svg\"},\"sameAs\":[\"https:\\\/\\\/shrimataji.org\\\/test\",\"https:\\\/\\\/www.facebook.com\\\/shrimataji\",\"https:\\\/\\\/x.com\\\/shrimataji\",\"https:\\\/\\\/www.youtube.com\\\/@Shri_Mataji_Nirmala_Devi\\\/featured\"]}]}<\/script>\n<!-- \/ Yoast SEO plugin. -->","yoast_head_json":{"title":"Transformimi Social - TEST - SMND","robots":{"index":"noindex","follow":"follow","max-snippet":"max-snippet:-1","max-image-preview":"max-image-preview:large","max-video-preview":"max-video-preview:-1"},"og_locale":"en_US","og_type":"article","og_title":"Transformimi Social - TEST - SMND","og_description":"Transformimi Social Nj\u00eb pun\u00eb me dashuri E rritur n\u00eb nj\u00eb familje q\u00eb e konsideronte vet\u00ebflijimin thirrjen m\u00eb t\u00eb lart\u00eb, Shri Mataji ia kushtoi jet\u00ebn nj\u00eb programi t\u00eb vazhduesh\u00ebm publik dhe shpirt\u00ebror. Q\u00eb n\u00eb mosh\u00eb t\u00eb re ajo mori pjes\u00eb dinamike n\u00eb luft\u00ebn p\u00ebr liri t\u00eb Indis\u00eb. M\u00eb von\u00eb, edhe n\u00eb mes t\u00eb jet\u00ebs s\u00eb ngarkuar&hellip; Read more","og_url":"https:\/\/shrimataji.org\/test\/sq\/transformimi-social\/","og_site_name":"TEST - SMND","article_publisher":"https:\/\/www.facebook.com\/shrimataji","article_modified_time":"2025-04-28T11:30:44+00:00","og_image":[{"width":990,"height":350,"url":"https:\/\/shrimataji.org\/test\/wp-content\/uploads\/2018\/07\/media_originals\/images\/headers-general\/shri-mataji-arrival-in-rome-may-1985.jpg","type":"image\/jpeg"}],"twitter_card":"summary_large_image","twitter_site":"@shrimataji","twitter_misc":{"Est. reading time":"3 minutes"},"schema":{"@context":"https:\/\/schema.org","@graph":[{"@type":"WebPage","@id":"https:\/\/shrimataji.org\/test\/sq\/transformimi-social\/","url":"https:\/\/shrimataji.org\/test\/sq\/transformimi-social\/","name":"Transformimi Social - TEST - SMND","isPartOf":{"@id":"https:\/\/shrimataji.org\/test\/#website"},"primaryImageOfPage":{"@id":"https:\/\/shrimataji.org\/test\/sq\/transformimi-social\/#primaryimage"},"image":{"@id":"https:\/\/shrimataji.org\/test\/sq\/transformimi-social\/#primaryimage"},"thumbnailUrl":"https:\/\/shrimataji.org\/test\/wp-content\/uploads\/2018\/07\/media_originals\/images\/headers-general\/shri-mataji-arrival-in-rome-may-1985.jpg","datePublished":"2018-07-10T06:54:42+00:00","dateModified":"2025-04-28T11:30:44+00:00","breadcrumb":{"@id":"https:\/\/shrimataji.org\/test\/sq\/transformimi-social\/#breadcrumb"},"inLanguage":"en-US","potentialAction":[{"@type":"ReadAction","target":["https:\/\/shrimataji.org\/test\/sq\/transformimi-social\/"]}]},{"@type":"ImageObject","inLanguage":"en-US","@id":"https:\/\/shrimataji.org\/test\/sq\/transformimi-social\/#primaryimage","url":"https:\/\/shrimataji.org\/test\/wp-content\/uploads\/2018\/07\/media_originals\/images\/headers-general\/shri-mataji-arrival-in-rome-may-1985.jpg","contentUrl":"https:\/\/shrimataji.org\/test\/wp-content\/uploads\/2018\/07\/media_originals\/images\/headers-general\/shri-mataji-arrival-in-rome-may-1985.jpg","width":990,"height":350},{"@type":"BreadcrumbList","@id":"https:\/\/shrimataji.org\/test\/sq\/transformimi-social\/#breadcrumb","itemListElement":[{"@type":"ListItem","position":1,"name":"Home","item":"https:\/\/shrimataji.org\/test\/uk\/home-en\/"},{"@type":"ListItem","position":2,"name":"Transformimi Social"}]},{"@type":"WebSite","@id":"https:\/\/shrimataji.org\/test\/#website","url":"https:\/\/shrimataji.org\/test\/","name":"Shri Mataji Nirmala Devi","description":"A Life Dedicated to Humanity","publisher":{"@id":"https:\/\/shrimataji.org\/test\/#\/schema\/person\/a1b3419c6585f164aa96da1ff85715d1"},"potentialAction":[{"@type":"SearchAction","target":{"@type":"EntryPoint","urlTemplate":"https:\/\/shrimataji.org\/test\/?s={search_term_string}"},"query-input":{"@type":"PropertyValueSpecification","valueRequired":true,"valueName":"search_term_string"}}],"inLanguage":"en-US"},{"@type":["Person","Organization"],"@id":"https:\/\/shrimataji.org\/test\/#\/schema\/person\/a1b3419c6585f164aa96da1ff85715d1","name":"Nirmala Shrivastava","image":{"@type":"ImageObject","inLanguage":"en-US","@id":"https:\/\/shrimataji.org\/test\/wp-content\/uploads\/2023\/02\/SMO_LOGO-03.svg","url":"https:\/\/shrimataji.org\/test\/wp-content\/uploads\/2023\/02\/SMO_LOGO-03.svg","contentUrl":"https:\/\/shrimataji.org\/test\/wp-content\/uploads\/2023\/02\/SMO_LOGO-03.svg","width":"1024","height":"1024","caption":"Nirmala Shrivastava"},"logo":{"@id":"https:\/\/shrimataji.org\/test\/wp-content\/uploads\/2023\/02\/SMO_LOGO-03.svg"},"sameAs":["https:\/\/shrimataji.org\/test","https:\/\/www.facebook.com\/shrimataji","https:\/\/x.com\/shrimataji","https:\/\/www.youtube.com\/@Shri_Mataji_Nirmala_Devi\/featured"]}]}},"lang":"sq","translations":{"sq":18482,"ur":37508,"en":392,"pa":25922,"gu":25525,"th":20067,"hu":19570,"zh":17379,"tr":10214,"pt":10422,"de":10696,"fr":10794,"it":10892,"es":10989,"ja":11287,"ru":11475,"bn":11666,"te":11774,"sw":11897,"he":12045,"el":12337,"sk":12435,"fa":12533,"fi":12631,"bg":13465,"ro":14537,"cs":14730,"nl":16642,"ku":16802,"ar":16978,"be":18689,"kn":18963,"mr":20431,"uk":20725,"ml":21020,"ta":22801,"sv":23070,"bs":27298,"fil":29519,"sd":31012,"da":37816,"pl":38026,"nn":38368},"pll_sync_post":[],"_links":{"self":[{"href":"https:\/\/shrimataji.org\/test\/wp-json\/wp\/v2\/pages\/18482","targetHints":{"allow":["GET"]}}],"collection":[{"href":"https:\/\/shrimataji.org\/test\/wp-json\/wp\/v2\/pages"}],"about":[{"href":"https:\/\/shrimataji.org\/test\/wp-json\/wp\/v2\/types\/page"}],"author":[{"embeddable":true,"href":"https:\/\/shrimataji.org\/test\/wp-json\/wp\/v2\/users\/12"}],"replies":[{"embeddable":true,"href":"https:\/\/shrimataji.org\/test\/wp-json\/wp\/v2\/comments?post=18482"}],"version-history":[{"count":0,"href":"https:\/\/shrimataji.org\/test\/wp-json\/wp\/v2\/pages\/18482\/revisions"}],"wp:featuredmedia":[{"embeddable":true,"href":"https:\/\/shrimataji.org\/test\/wp-json\/wp\/v2\/media\/18483"}],"wp:attachment":[{"href":"https:\/\/shrimataji.org\/test\/wp-json\/wp\/v2\/media?parent=18482"}],"curies":[{"name":"wp","href":"https:\/\/api.w.org\/{rel}","templated":true}]}}