{"id":19426,"date":"2011-10-02T03:00:00","date_gmt":"2011-10-02T03:00:00","guid":{"rendered":"http:\/\/testwordpress.nirmalnagari.org\/smnd\/index.php\/a-noble-inheritance\/"},"modified":"2026-04-21T19:45:42","modified_gmt":"2026-04-21T19:45:42","slug":"a-noble-inheritance","status":"publish","type":"page","link":"https:\/\/shrimataji.org\/test\/hu\/a-noble-inheritance\/","title":{"rendered":"Nemesi \u00f6r\u00f6ks\u00e9g"},"content":{"rendered":"\n\n\t<h1>Nemesi \u00f6r\u00f6ks\u00e9g<\/h1>\n<h2>A Shalivahana-dinasztia lesz\u00e1rmazottai<\/h2>\n\t<h4>1923. m\u00e1rcius 21-\u00e9n, a tavaszi nap\u00e9jegyenl\u0151s\u00e9g napj\u00e1n, pontosan tizenk\u00e9t \u00f3rakor megsz\u00fcletett Nirmala Salve Chhindwar\u00e1ban, India f\u00f6ldrajzi k\u00f6zpontj\u00e1ban. Nirmala karakter\u00e9ben m\u00e1r kiskor\u00e1t\u00f3l kezdve megmutatkoztak \u0151sei nemesi tulajdons\u00e1gai.<\/h4>\n\t\t<img decoding=\"async\" data-spai-excluded=\"true\" loading=\"lazy\"  alt=\"YouTube player\"  src=\"https:\/\/i.ytimg.com\/vi\/PWHnhJCTwLA\/maxresdefault.jpg\"  \/><button aria-label=\"Play\"><\/button><meta itemprop=\"embedUrl\" content=\"https:\/\/www.youtube.com\/embed\/PWHnhJCTwLA\"\/><meta itemprop=\"name\" content=\"Family, Birth And Education\"\/><meta itemprop=\"description\" content=\"Shri Mataji&#039;s parents were educated and enlightened people. She speaks about their encounter with a tiger just before her birth. Shri Mataji&#039;s mother felt great compassion towards this animal. The ease and purity of the birth gave them cause to call their child Nirmala, meaning &#039;immaculate.&#039; They felt she was certain to do something great. Her father guided her to an understanding of humans and encouraged her to give Realization. More videos at: http:\/\/ShriMataji.org ~ A Life Dedicated to Humanity ~\"\/><meta itemprop=\"thumbnailUrl\" content=\"https:\/\/i.ytimg.com\/vi\/PWHnhJCTwLA\/0.jpg\"\/><meta itemprop=\"duration\" content=\"PT5M31S\"\/><meta itemprop=\"uploadDate\" content=\"2020-07-20T00:16:36Z\"\/>\t\n\t<p>Nagyanyja, Sakhubai Salve megtestes\u00edtette azokat a b\u00e1tor \u00e9s er\u00e9nyes tulajdons\u00e1gokat, melyek \u00e9vsz\u00e1zadokon \u00e1t k\u00eds\u00e9rt\u00e9k a csal\u00e1di dinaszti\u00e1t. Sakhubai, 1883-ban, a terhess\u00e9ge k\u00e9s\u0151i szakasz\u00e1ban, tragikus k\u00f6l\u00fclm\u00e9nyek k\u00f6z\u00f6tt vesz\u00edtette el f\u00e9rj\u00e9t. Rokonai (akik nem t\u0171rt\u00e9k, hogy \u0151 \u00e9s csal\u00e1dja kereszt\u00e9nyek voltak) fenyeget\u00e9se ellen\u00e9re, megfogta n\u00e9gy gyermek\u00e9t \u00e9s egy monszun \u00e1ztatta \u00e9jszak\u00e1n, a meg\u00e1radt foly\u00f3n elhagyta a rokonokat.<\/p>\nSakhubai hite olyannyira er\u0151s volt, hogy a fizikai \u00e1llapota, a t\u00f6bb mint 8 m\u00e9teres sz\u00e1rija, a zuhog\u00f3 es\u0151 \u00e9s az megduzzadt foly\u00f3 ellen\u00e9re is siker\u00fclt \u00e1tkelnie a foly\u00f3n, gyermekeivel. Majd egy 8 km-es gyalogl\u00e1s k\u00f6vetkezett a legk\u00f6zelebbi vas\u00fat\u00e1llom\u00e1sig. Hajnalban vonatra sz\u00e1lltak Ujjainba, Sakhubai b\u00e1tyja otthon\u00e1ba. Ilyen neh\u00e9z k\u00f6r\u00fclm\u00e9nyek k\u00f6z\u00f6tt sz\u00fcletett Prasad Rao Salve, Shri Mataji \u00e9desapja.\n\t<p>Sakhubainak \u00e9s gyermekeinek, a gazdag \u00e9s k\u00f6nnyed \u00e9letb\u0151l a rendk\u00edv\u00fcli takar\u00e9koss\u00e1gra kellett \u00e1tt\u00e9rni\u00fck. Sz\u00e1m\u00e1ra azonban gyermekei oktat\u00e1sa elengedhetetlen volt, \u00e9s bel\u00e9j\u00fck oltotta az \u00f6nfel\u00e1ldoz\u00e1s \u00e9s elk\u00f6telezetts\u00e9g szellem\u00e9t. Amikor otthon elfogyott a petr\u00f3leum, az utcai l\u00e1mp\u00e1k alatt folytatt\u00e1k a tanul\u00e1st. <\/p>\n<p>Prasad Rao, a legfiatalabb, kiemelked\u0151en ragyog\u00f3 tanul\u00f3 volt \u00e9s tudom\u00e1nyos p\u00e1lyafut\u00e1sa sor\u00e1n sz\u00e1mos \u00f6szt\u00f6nd\u00edjat kapott. Jogot tanult \u00e9s Chhindwara v\u00e1ros\u00e1ban egy j\u00f3l ismert c\u00e9gn\u00e9l kezdett dolgozni. Nem sokkal ezut\u00e1n megn\u0151s\u00fclt, de sajnos 37 \u00e9vesen meg\u00f6zvegy\u00fclt \u00e9s egyed\u00fcl maradt \u00f6t gyermek\u00e9vel. B\u00e1r nem volt \u00edny\u00e9re, de rokonai \u00f6szt\u00f6k\u00e9l\u00e9s\u00e9re hallgatva, a gyermekei j\u00f3l\u00e9te miatt, megbar\u00e1tkozott azzal a gondolattal, hogy \u00fajra h\u00e1zasodjon.<\/p>\n<p>A nagpuri fiatal n\u0151, Cornelia Karuna volt az els\u0151 n\u0151 Indi\u00e1ban, aki matematik\u00e1b\u00f3l kit\u00fcntet\u00e9ses diplom\u00e1t szerzett. Egyar\u00e1nt j\u00f3 ismer\u0151je volt a szanszkrit nyelvnek \u00e9s az \u0151si indiai kult\u00far\u00e1nak. Magas k\u00e9pzetts\u00e9ge miatt apja nehezen tal\u00e1lt sz\u00e1m\u00e1ra vele azonos vagy magasabb tudom\u00e1nyos v\u00e9gzetts\u00e9g\u0171 f\u00e9rjet.<\/p>\n<p>Prasad Rao k\u00f6z\u00f6s bar\u00e1tokon kereszt\u00fcl k\u00fcld\u00f6tt h\u00e1zass\u00e1gi aj\u00e1nlatot Corneli\u00e1nak \u00e9s apj\u00e1nak. Nem volt k\u00f6nny\u0171 a d\u00f6nt\u00e9s, hogy elfogadj\u00e1k-e az \u00f6tgyermekes meg\u00f6zvegy\u00fclt f\u00e9rfi aj\u00e1nlat\u00e1t, azonban Corneli\u00e1t leny\u0171g\u00f6zte a f\u00e9rfi intelligenci\u00e1ja \u00e9s Istenbe vetett hite \u00e9s m\u00e9ly egy\u00fctt\u00e9rz\u00e9st \u00e9rzett gyermekei ir\u00e1nt, akik olyan fiatalon anya n\u00e9lk\u00fcl maradtak. 1920. j\u00fanius 21-\u00e9n h\u00e1zass\u00e1got k\u00f6t\u00f6ttek.<\/p>\n\t<div class=\"su-quote su-quote-style-default\"><div class=\"su-quote-inner su-u-clearfix su-u-trim\"> Az \u0151seim uralt\u00e1k ezt a helyet \u00e9s ez volt a Shalivahanak f\u0151v\u00e1rosa, Prathishthannak h\u00edvt\u00e1k, melyet Paithan-ra egyszer\u0171s\u00edtettek. \u0150k voltak az uralkod\u00f3k \u00e9vezredeken \u00e1t. \u0150k ind\u00edtott\u00e1k el a Shalivahana dinaszti\u00e1t, tulajdonk\u00e9ppen \u0151k magukat Sathvahan-nak nevezt\u00e9k, ami h\u00e9t Vahana-t (j\u00e1rm\u0171vet) jelent. \u0150k k\u00e9pviselt\u00e9k a h\u00e9t csakra h\u00e9t Vahana-j\u00e1t. Meglep\u0151, hogy milyen Sahaj.\u00a0<\/div><\/div>\n\t<p>Prasad Rao \u00e9s Cornelia, mindketten m\u00e9ly szeretet \u00e9reztek haz\u00e1juk \u00e9s annak nagyszer\u0171 spiritu\u00e1lis hagyom\u00e1nyai \u00e9s \u00e9rt\u00e9kei ir\u00e1nt. Amikor el\u0151sz\u00f6r tal\u00e1lkoztak Mahatma Gandhival 1925-ben, l\u00e1nyuk Nirmala, mind\u00f6ssze k\u00e9t \u00e9ves volt. Ez a tal\u00e1lkoz\u00e1s \u00f3ri\u00e1si hat\u00e1ssal volt r\u00e1juk, felismert\u00e9k \u00e9s maguk\u00e9v\u00e1 tettt\u00e9k Gandhi v\u00edzi\u00f3j\u00e1t a szabad, er\u0151szakmentes k\u00fczdelem \u00e1ltal el\u00e9rt Indi\u00e1r\u00f3l.<\/p>\n<p>Annak ellen\u00e9re, hogy Prasad Rao-t az angolok kit\u00fcntett\u00e9k \u00e9s b\u00e1r kereszt\u00e9nyek l\u00e9v\u00e9n sok kiv\u00e1lts\u00e1got \u00e9lveztek a brit uralom idej\u00e9n, feles\u00e9g\u00e9vel egy\u00fctt m\u00e9gsem haboztak a mozgalomhoz csatlakozni. \u00c1ll\u00e1spontjukat egy\u00e9rtelm\u0171en kinyilv\u00e1n\u00edtott\u00e1k: m\u00e9g k\u00fclf\u00f6ldi gy\u00e1rt\u00e1s\u00fa ruh\u00e1ikat is el\u00e9gett\u00e9k Nagpur nyilv\u00e1nos ter\u00e9n. A f\u00fcggetlens\u00e9gi mozgalomban val\u00f3 r\u00e9szv\u00e9tel\u00fck miatt mindketten t\u00f6bbsz\u00f6r is b\u00f6rt\u00f6nbe ker\u00fcltek, \u00e9s szab\u00e1lly\u00e1 tett\u00e9k a csal\u00e1dban, hogy senki nem ejt k\u00f6nnyet \u00e9rt\u00fck. India szabads\u00e1ga volt a legfontosabb \u00e9s az \u00f6nfel\u00e1ldoz\u00e1s nem kiv\u00e9tel volt, hanem mag\u00e1t\u00f3l \u00e9rtet\u0151d\u0151.<\/p>\n\t<div class=\"epyt-video-wrapper\"><div  data-ep-a=\"fadeIn\"  style=\"display: block; margin: 0px auto;\"  id=\"_ytid_21724\"  width=\"3840\" height=\"2160\"  data-origwidth=\"3840\" data-origheight=\"2160\" data-facadesrc=\"https:\/\/www.youtube.com\/embed\/WOPg1lrL1ps?enablejsapi=1&autoplay=0&cc_load_policy=0&cc_lang_pref=&iv_load_policy=1&loop=0&rel=0&fs=1&playsinline=1&autohide=2&theme=dark&color=red&controls=1&disablekb=0&\" class=\"__youtube_prefs__ epyt-facade  no-lazyload\" data-epautoplay=\"1\" ><img decoding=\"async\" data-spai-excluded=\"true\" class=\"epyt-facade-poster skip-lazy\" loading=\"lazy\"  alt=\"YouTube player\"  src=\"https:\/\/i.ytimg.com\/vi\/WOPg1lrL1ps\/maxresdefault.jpg\"  \/><button class=\"epyt-facade-play\" aria-label=\"Play\"><svg data-no-lazy=\"1\" height=\"100%\" version=\"1.1\" viewBox=\"0 0 68 48\" width=\"100%\"><path class=\"ytp-large-play-button-bg\" d=\"M66.52,7.74c-0.78-2.93-2.49-5.41-5.42-6.19C55.79,.13,34,0,34,0S12.21,.13,6.9,1.55 C3.97,2.33,2.27,4.81,1.48,7.74C0.06,13.05,0,24,0,24s0.06,10.95,1.48,16.26c0.78,2.93,2.49,5.41,5.42,6.19 C12.21,47.87,34,48,34,48s21.79-0.13,27.1-1.55c2.93-0.78,4.64-3.26,5.42-6.19C67.94,34.95,68,24,68,24S67.94,13.05,66.52,7.74z\" fill=\"#f00\"><\/path><path d=\"M 45,24 27,14 27,34\" fill=\"#fff\"><\/path><\/svg><\/button><\/div><\/div><span itemprop=\"video\" itemscope itemtype=\"http:\/\/schema.org\/VideoObject\"><meta itemprop=\"embedUrl\" content=\"https:\/\/www.youtube.com\/embed\/WOPg1lrL1ps\"><meta itemprop=\"name\" content=\"An Ideal Father And Leader\"><meta itemprop=\"description\" content=\"A learned man who fought for his people, Shri Mataji remembers her own father, Prasad Rao Salve. She describes a brilliant man of principle and ideals. He was a leader in the fight for Indian independence, willing to go to jail for a just cause -- once for more than three years. The immense sacrifices he made, inspired Shri Mataji forward in her life&#039;s work, giving her a sense of right and wrong. More videos at: http:\/\/ShriMataji.org ~ A Life Dedicated to Humanity ~\"><meta itemprop=\"thumbnailUrl\" content=\"https:\/\/i.ytimg.com\/vi\/WOPg1lrL1ps\/0.jpg\"><meta itemprop=\"duration\" content=\"PT2M31S\"><meta itemprop=\"uploadDate\" content=\"2020-07-20T00:13:01Z\"><\/span>\n\t<p>Am\u00edg sz\u00fclei t\u00e1vol vagy b\u00f6rt\u00f6nben voltak, Shri Mataji vette kez\u00e9be a h\u00e1ztart\u00e1s vezet\u00e9s\u00e9t, hogy id\u0151sebb testv\u00e9rei zavartalanul folytathass\u00e1k tanulm\u00e1nyaikat. Ekkor nyolc \u00e9ves volt.<\/p>\n<p>N\u00e9h\u00e1ny \u00e9vvel k\u00e9s\u00f6bb Shri Mataji m\u00e1r el\u00e9g id\u0151s volt ahhoz, hogy csatlakozzon a f\u00fcggetlens\u00e9gi mozgalomhoz \u00e9s di\u00e1kt\u00e1rsait is erre buzd\u00edtotta. \u0150t is beb\u00f6rt\u00f6n\u00f6zt\u00e9k, s\u0151t meg is k\u00ednozt\u00e1k a britek, de a lelk\u00e9t nem gyeng\u00edtette meg ez a tapasztalat. Eg\u00e9sz \u00e9let\u00e9ben megtestes\u00edtette azokat az \u00f6r\u00f6k \u00e9rt\u00e9keket, melyeket nemes \u0151sei is k\u00e9pviseltek: a b\u00e1tors\u00e1got, az \u00f6nfel\u00e1ldoz\u00e1st \u00e9s az egy\u00fctt\u00e9rz\u00e9st.<\/p>\n<figure itemscope itemtype=\"https:\/\/schema.org\/ImageObject\">\n\t\t\t\t<img decoding=\"async\" src=\"https:\/\/shrimataji.org\/test\/wp-content\/uploads\/2018\/07\/media_originals\/images\/shri-mataji-and-family\/shri-mataji-nirmala-devi-and-family.jpg\" alt=\"shri-mataji-nirmala-devi-and-family\" height=\"1045\" width=\"1500\" title=\"shri-mataji-nirmala-devi-and-family\" onerror=\"this.style.display='none'\" loading=\"lazy\" \/>\n\t\t\n\t<\/figure>\n\t<hr \/>\n<h3>1. <a href=\"#citation-ref-1\">^<\/a> H. P. Salve, \u201eMy Memoirs&#8221; \u00daj-Delhi: Life Eternal Trust, 2000.<\/h3>\n\n","protected":false},"excerpt":{"rendered":"<p>Nemesi \u00f6r\u00f6ks\u00e9g A Shalivahana-dinasztia lesz\u00e1rmazottai 1923. m\u00e1rcius 21-\u00e9n, a tavaszi nap\u00e9jegyenl\u0151s\u00e9g napj\u00e1n, pontosan tizenk\u00e9t \u00f3rakor megsz\u00fcletett Nirmala Salve Chhindwar\u00e1ban, India f\u00f6ldrajzi k\u00f6zpontj\u00e1ban. Nirmala karakter\u00e9ben m\u00e1r kiskor\u00e1t\u00f3l kezdve megmutatkoztak \u0151sei nemesi tulajdons\u00e1gai. Nagyanyja, Sakhubai Salve megtestes\u00edtette azokat a b\u00e1tor \u00e9s er\u00e9nyes tulajdons\u00e1gokat, melyek \u00e9vsz\u00e1zadokon \u00e1t k\u00eds\u00e9rt\u00e9k a csal\u00e1di dinaszti\u00e1t. Sakhubai, 1883-ban, a terhess\u00e9ge k\u00e9s\u0151i szakasz\u00e1ban, tragikus&hellip; <br \/> <a class=\"read-more\" href=\"https:\/\/shrimataji.org\/test\/hu\/a-noble-inheritance\/\">Read more<\/a><\/p>\n","protected":false},"author":1,"featured_media":19147,"parent":0,"menu_order":0,"comment_status":"closed","ping_status":"closed","template":"pro\/page-templates\/full-width-page.php","meta":{"inline_featured_image":false,"footnotes":""},"class_list":["post-19426","page","type-page","status-publish","has-post-thumbnail","hentry"],"yoast_head":"<!-- This site is optimized with the Yoast SEO plugin v27.4 - https:\/\/yoast.com\/product\/yoast-seo-wordpress\/ -->\n<title>Nemesi \u00f6r\u00f6ks\u00e9g - TEST - SMND<\/title>\n<meta name=\"robots\" content=\"noindex, follow, max-snippet:-1, max-image-preview:large, max-video-preview:-1\" \/>\n<meta property=\"og:locale\" content=\"en_US\" \/>\n<meta property=\"og:type\" content=\"article\" \/>\n<meta property=\"og:title\" content=\"Nemesi \u00f6r\u00f6ks\u00e9g - TEST - SMND\" \/>\n<meta property=\"og:description\" content=\"Nemesi \u00f6r\u00f6ks\u00e9g A Shalivahana-dinasztia lesz\u00e1rmazottai 1923. m\u00e1rcius 21-\u00e9n, a tavaszi nap\u00e9jegyenl\u0151s\u00e9g napj\u00e1n, pontosan tizenk\u00e9t \u00f3rakor megsz\u00fcletett Nirmala Salve Chhindwar\u00e1ban, India f\u00f6ldrajzi k\u00f6zpontj\u00e1ban. Nirmala karakter\u00e9ben m\u00e1r kiskor\u00e1t\u00f3l kezdve megmutatkoztak \u0151sei nemesi tulajdons\u00e1gai. Nagyanyja, Sakhubai Salve megtestes\u00edtette azokat a b\u00e1tor \u00e9s er\u00e9nyes tulajdons\u00e1gokat, melyek \u00e9vsz\u00e1zadokon \u00e1t k\u00eds\u00e9rt\u00e9k a csal\u00e1di dinaszti\u00e1t. Sakhubai, 1883-ban, a terhess\u00e9ge k\u00e9s\u0151i szakasz\u00e1ban, tragikus&hellip; Read more\" \/>\n<meta property=\"og:url\" content=\"https:\/\/shrimataji.org\/test\/hu\/a-noble-inheritance\/\" \/>\n<meta property=\"og:site_name\" content=\"TEST - SMND\" \/>\n<meta property=\"article:publisher\" content=\"https:\/\/www.facebook.com\/shrimataji\" \/>\n<meta property=\"article:modified_time\" content=\"2026-04-21T19:45:42+00:00\" \/>\n<meta property=\"og:image\" content=\"https:\/\/shrimataji.org\/test\/wp-content\/uploads\/2023\/03\/7_Banner-Family_NobleInheritance-scaled.jpg\" \/>\n\t<meta property=\"og:image:width\" content=\"2560\" \/>\n\t<meta property=\"og:image:height\" content=\"905\" \/>\n\t<meta property=\"og:image:type\" content=\"image\/jpeg\" \/>\n<meta name=\"twitter:card\" content=\"summary_large_image\" \/>\n<meta name=\"twitter:site\" content=\"@shrimataji\" \/>\n<meta name=\"twitter:label1\" content=\"Est. reading time\" \/>\n\t<meta name=\"twitter:data1\" content=\"3 minutes\" \/>\n<script type=\"application\/ld+json\" class=\"yoast-schema-graph\">{\"@context\":\"https:\\\/\\\/schema.org\",\"@graph\":[{\"@type\":\"WebPage\",\"@id\":\"https:\\\/\\\/shrimataji.org\\\/test\\\/hu\\\/a-noble-inheritance\\\/\",\"url\":\"https:\\\/\\\/shrimataji.org\\\/test\\\/hu\\\/a-noble-inheritance\\\/\",\"name\":\"Nemesi \u00f6r\u00f6ks\u00e9g - TEST - SMND\",\"isPartOf\":{\"@id\":\"https:\\\/\\\/shrimataji.org\\\/test\\\/#website\"},\"primaryImageOfPage\":{\"@id\":\"https:\\\/\\\/shrimataji.org\\\/test\\\/hu\\\/a-noble-inheritance\\\/#primaryimage\"},\"image\":{\"@id\":\"https:\\\/\\\/shrimataji.org\\\/test\\\/hu\\\/a-noble-inheritance\\\/#primaryimage\"},\"thumbnailUrl\":\"https:\\\/\\\/shrimataji.org\\\/test\\\/wp-content\\\/uploads\\\/2023\\\/03\\\/7_Banner-Family_NobleInheritance-scaled.jpg\",\"datePublished\":\"2011-10-02T03:00:00+00:00\",\"dateModified\":\"2026-04-21T19:45:42+00:00\",\"breadcrumb\":{\"@id\":\"https:\\\/\\\/shrimataji.org\\\/test\\\/hu\\\/a-noble-inheritance\\\/#breadcrumb\"},\"inLanguage\":\"en-US\",\"potentialAction\":[{\"@type\":\"ReadAction\",\"target\":[\"https:\\\/\\\/shrimataji.org\\\/test\\\/hu\\\/a-noble-inheritance\\\/\"]}]},{\"@type\":\"ImageObject\",\"inLanguage\":\"en-US\",\"@id\":\"https:\\\/\\\/shrimataji.org\\\/test\\\/hu\\\/a-noble-inheritance\\\/#primaryimage\",\"url\":\"https:\\\/\\\/shrimataji.org\\\/test\\\/wp-content\\\/uploads\\\/2023\\\/03\\\/7_Banner-Family_NobleInheritance-scaled.jpg\",\"contentUrl\":\"https:\\\/\\\/shrimataji.org\\\/test\\\/wp-content\\\/uploads\\\/2023\\\/03\\\/7_Banner-Family_NobleInheritance-scaled.jpg\",\"width\":2560,\"height\":905},{\"@type\":\"BreadcrumbList\",\"@id\":\"https:\\\/\\\/shrimataji.org\\\/test\\\/hu\\\/a-noble-inheritance\\\/#breadcrumb\",\"itemListElement\":[{\"@type\":\"ListItem\",\"position\":1,\"name\":\"Home\",\"item\":\"https:\\\/\\\/shrimataji.org\\\/test\\\/uk\\\/home-en\\\/\"},{\"@type\":\"ListItem\",\"position\":2,\"name\":\"Nemesi \u00f6r\u00f6ks\u00e9g\"}]},{\"@type\":\"WebSite\",\"@id\":\"https:\\\/\\\/shrimataji.org\\\/test\\\/#website\",\"url\":\"https:\\\/\\\/shrimataji.org\\\/test\\\/\",\"name\":\"Shri Mataji Nirmala Devi\",\"description\":\"A Life Dedicated to Humanity\",\"publisher\":{\"@id\":\"https:\\\/\\\/shrimataji.org\\\/test\\\/#\\\/schema\\\/person\\\/a1b3419c6585f164aa96da1ff85715d1\"},\"potentialAction\":[{\"@type\":\"SearchAction\",\"target\":{\"@type\":\"EntryPoint\",\"urlTemplate\":\"https:\\\/\\\/shrimataji.org\\\/test\\\/?s={search_term_string}\"},\"query-input\":{\"@type\":\"PropertyValueSpecification\",\"valueRequired\":true,\"valueName\":\"search_term_string\"}}],\"inLanguage\":\"en-US\"},{\"@type\":[\"Person\",\"Organization\"],\"@id\":\"https:\\\/\\\/shrimataji.org\\\/test\\\/#\\\/schema\\\/person\\\/a1b3419c6585f164aa96da1ff85715d1\",\"name\":\"Nirmala Shrivastava\",\"image\":{\"@type\":\"ImageObject\",\"inLanguage\":\"en-US\",\"@id\":\"https:\\\/\\\/shrimataji.org\\\/test\\\/wp-content\\\/uploads\\\/2023\\\/02\\\/SMO_LOGO-03.svg\",\"url\":\"https:\\\/\\\/shrimataji.org\\\/test\\\/wp-content\\\/uploads\\\/2023\\\/02\\\/SMO_LOGO-03.svg\",\"contentUrl\":\"https:\\\/\\\/shrimataji.org\\\/test\\\/wp-content\\\/uploads\\\/2023\\\/02\\\/SMO_LOGO-03.svg\",\"width\":\"1024\",\"height\":\"1024\",\"caption\":\"Nirmala Shrivastava\"},\"logo\":{\"@id\":\"https:\\\/\\\/shrimataji.org\\\/test\\\/wp-content\\\/uploads\\\/2023\\\/02\\\/SMO_LOGO-03.svg\"},\"sameAs\":[\"https:\\\/\\\/shrimataji.org\\\/test\",\"https:\\\/\\\/www.facebook.com\\\/shrimataji\",\"https:\\\/\\\/x.com\\\/shrimataji\",\"https:\\\/\\\/www.youtube.com\\\/@Shri_Mataji_Nirmala_Devi\\\/featured\"]}]}<\/script>\n<!-- \/ Yoast SEO plugin. -->","yoast_head_json":{"title":"Nemesi \u00f6r\u00f6ks\u00e9g - TEST - SMND","robots":{"index":"noindex","follow":"follow","max-snippet":"max-snippet:-1","max-image-preview":"max-image-preview:large","max-video-preview":"max-video-preview:-1"},"og_locale":"en_US","og_type":"article","og_title":"Nemesi \u00f6r\u00f6ks\u00e9g - TEST - SMND","og_description":"Nemesi \u00f6r\u00f6ks\u00e9g A Shalivahana-dinasztia lesz\u00e1rmazottai 1923. m\u00e1rcius 21-\u00e9n, a tavaszi nap\u00e9jegyenl\u0151s\u00e9g napj\u00e1n, pontosan tizenk\u00e9t \u00f3rakor megsz\u00fcletett Nirmala Salve Chhindwar\u00e1ban, India f\u00f6ldrajzi k\u00f6zpontj\u00e1ban. Nirmala karakter\u00e9ben m\u00e1r kiskor\u00e1t\u00f3l kezdve megmutatkoztak \u0151sei nemesi tulajdons\u00e1gai. Nagyanyja, Sakhubai Salve megtestes\u00edtette azokat a b\u00e1tor \u00e9s er\u00e9nyes tulajdons\u00e1gokat, melyek \u00e9vsz\u00e1zadokon \u00e1t k\u00eds\u00e9rt\u00e9k a csal\u00e1di dinaszti\u00e1t. Sakhubai, 1883-ban, a terhess\u00e9ge k\u00e9s\u0151i szakasz\u00e1ban, tragikus&hellip; Read more","og_url":"https:\/\/shrimataji.org\/test\/hu\/a-noble-inheritance\/","og_site_name":"TEST - SMND","article_publisher":"https:\/\/www.facebook.com\/shrimataji","article_modified_time":"2026-04-21T19:45:42+00:00","og_image":[{"width":2560,"height":905,"url":"https:\/\/shrimataji.org\/test\/wp-content\/uploads\/2023\/03\/7_Banner-Family_NobleInheritance-scaled.jpg","type":"image\/jpeg"}],"twitter_card":"summary_large_image","twitter_site":"@shrimataji","twitter_misc":{"Est. reading time":"3 minutes"},"schema":{"@context":"https:\/\/schema.org","@graph":[{"@type":"WebPage","@id":"https:\/\/shrimataji.org\/test\/hu\/a-noble-inheritance\/","url":"https:\/\/shrimataji.org\/test\/hu\/a-noble-inheritance\/","name":"Nemesi \u00f6r\u00f6ks\u00e9g - TEST - SMND","isPartOf":{"@id":"https:\/\/shrimataji.org\/test\/#website"},"primaryImageOfPage":{"@id":"https:\/\/shrimataji.org\/test\/hu\/a-noble-inheritance\/#primaryimage"},"image":{"@id":"https:\/\/shrimataji.org\/test\/hu\/a-noble-inheritance\/#primaryimage"},"thumbnailUrl":"https:\/\/shrimataji.org\/test\/wp-content\/uploads\/2023\/03\/7_Banner-Family_NobleInheritance-scaled.jpg","datePublished":"2011-10-02T03:00:00+00:00","dateModified":"2026-04-21T19:45:42+00:00","breadcrumb":{"@id":"https:\/\/shrimataji.org\/test\/hu\/a-noble-inheritance\/#breadcrumb"},"inLanguage":"en-US","potentialAction":[{"@type":"ReadAction","target":["https:\/\/shrimataji.org\/test\/hu\/a-noble-inheritance\/"]}]},{"@type":"ImageObject","inLanguage":"en-US","@id":"https:\/\/shrimataji.org\/test\/hu\/a-noble-inheritance\/#primaryimage","url":"https:\/\/shrimataji.org\/test\/wp-content\/uploads\/2023\/03\/7_Banner-Family_NobleInheritance-scaled.jpg","contentUrl":"https:\/\/shrimataji.org\/test\/wp-content\/uploads\/2023\/03\/7_Banner-Family_NobleInheritance-scaled.jpg","width":2560,"height":905},{"@type":"BreadcrumbList","@id":"https:\/\/shrimataji.org\/test\/hu\/a-noble-inheritance\/#breadcrumb","itemListElement":[{"@type":"ListItem","position":1,"name":"Home","item":"https:\/\/shrimataji.org\/test\/uk\/home-en\/"},{"@type":"ListItem","position":2,"name":"Nemesi \u00f6r\u00f6ks\u00e9g"}]},{"@type":"WebSite","@id":"https:\/\/shrimataji.org\/test\/#website","url":"https:\/\/shrimataji.org\/test\/","name":"Shri Mataji Nirmala Devi","description":"A Life Dedicated to Humanity","publisher":{"@id":"https:\/\/shrimataji.org\/test\/#\/schema\/person\/a1b3419c6585f164aa96da1ff85715d1"},"potentialAction":[{"@type":"SearchAction","target":{"@type":"EntryPoint","urlTemplate":"https:\/\/shrimataji.org\/test\/?s={search_term_string}"},"query-input":{"@type":"PropertyValueSpecification","valueRequired":true,"valueName":"search_term_string"}}],"inLanguage":"en-US"},{"@type":["Person","Organization"],"@id":"https:\/\/shrimataji.org\/test\/#\/schema\/person\/a1b3419c6585f164aa96da1ff85715d1","name":"Nirmala Shrivastava","image":{"@type":"ImageObject","inLanguage":"en-US","@id":"https:\/\/shrimataji.org\/test\/wp-content\/uploads\/2023\/02\/SMO_LOGO-03.svg","url":"https:\/\/shrimataji.org\/test\/wp-content\/uploads\/2023\/02\/SMO_LOGO-03.svg","contentUrl":"https:\/\/shrimataji.org\/test\/wp-content\/uploads\/2023\/02\/SMO_LOGO-03.svg","width":"1024","height":"1024","caption":"Nirmala Shrivastava"},"logo":{"@id":"https:\/\/shrimataji.org\/test\/wp-content\/uploads\/2023\/02\/SMO_LOGO-03.svg"},"sameAs":["https:\/\/shrimataji.org\/test","https:\/\/www.facebook.com\/shrimataji","https:\/\/x.com\/shrimataji","https:\/\/www.youtube.com\/@Shri_Mataji_Nirmala_Devi\/featured"]}]}},"lang":"hu","translations":{"hu":19426,"ur":37380,"en":434,"am":17951,"th":19872,"sq":18352,"zh":17249,"hi":7323,"tr":10127,"pt":10344,"pl":10478,"de":10617,"fr":10715,"it":10813,"es":10911,"ja":11208,"ru":11396,"bn":11588,"te":11696,"sw":11819,"he":11967,"sk":12356,"fa":12454,"fi":12552,"bg":13510,"ro":14585,"cs":14778,"nl":16512,"ku":16672,"ar":16848,"el":17659,"be":18559,"kn":18833,"mr":20236,"uk":20528,"ml":20827,"ta":22667,"sv":22940,"gu":28788,"pa":28946,"fil":29386,"da":37694,"nn":38246},"pll_sync_post":[],"_links":{"self":[{"href":"https:\/\/shrimataji.org\/test\/wp-json\/wp\/v2\/pages\/19426","targetHints":{"allow":["GET"]}}],"collection":[{"href":"https:\/\/shrimataji.org\/test\/wp-json\/wp\/v2\/pages"}],"about":[{"href":"https:\/\/shrimataji.org\/test\/wp-json\/wp\/v2\/types\/page"}],"author":[{"embeddable":true,"href":"https:\/\/shrimataji.org\/test\/wp-json\/wp\/v2\/users\/1"}],"replies":[{"embeddable":true,"href":"https:\/\/shrimataji.org\/test\/wp-json\/wp\/v2\/comments?post=19426"}],"version-history":[{"count":0,"href":"https:\/\/shrimataji.org\/test\/wp-json\/wp\/v2\/pages\/19426\/revisions"}],"wp:featuredmedia":[{"embeddable":true,"href":"https:\/\/shrimataji.org\/test\/wp-json\/wp\/v2\/media\/19147"}],"wp:attachment":[{"href":"https:\/\/shrimataji.org\/test\/wp-json\/wp\/v2\/media?parent=19426"}],"curies":[{"name":"wp","href":"https:\/\/api.w.org\/{rel}","templated":true}]}}