{"id":19429,"date":"2018-07-10T06:54:46","date_gmt":"2018-07-10T06:54:46","guid":{"rendered":"http:\/\/testwordpress.nirmalnagari.org\/smnd\/index.php\/a-pivotal-moment\/"},"modified":"2026-04-21T18:37:27","modified_gmt":"2026-04-21T18:37:27","slug":"a-pivotal-moment","status":"publish","type":"page","link":"https:\/\/shrimataji.org\/test\/hu\/a-pivotal-moment\/","title":{"rendered":"Egy mindent meghat\u00e1roz\u00f3 pillanat"},"content":{"rendered":"\n\n\t<h1>Egy mindent meghat\u00e1roz\u00f3 pillanat<\/h1>\n<h2>A tiszta \u00e1talakul\u00e1s \u00f6r\u00f6k pillanata.<\/h2>\n\t<h4>1970. m\u00e1jus 5-\u00e9n, India nyugati partj\u00e1n, a Mumbait\u00f3l nem messze fekv\u0151 tengerparti v\u00e1rosban, Nargolban, egy rendk\u00edv\u00fcl fontos esem\u00e9ny t\u00f6rt\u00e9nt: a limbikus ter\u00fclet energiak\u00f6zpontj\u00e1nak, a Sahasrar\u00e1nak a megnyit\u00e1sa.<\/h4>\n\t<p>Ennek az esem\u00e9nynek a jelent\u0151s\u00e9g\u00e9t nem lehet el\u00e9gg\u00e9 hangs\u00falyozni. Minden, ami Shri Mataji spiritu\u00e1lis \u00f6r\u00f6ks\u00e9g\u00e9ben ezut\u00e1n t\u00f6rt\u00e9nt, ett\u0151l a pillanatt\u00f3l ered. Ahogyan egy fontos tudom\u00e1nyos felfedez\u00e9s vagy egy gy\u00f6ny\u00f6r\u0171 m\u0171v\u00e9szeti alkot\u00e1s eset\u00e9ben is, ez az \u00e1tt\u00f6r\u00e9s olyan p\u00e9lda n\u00e9lk\u00fcli, hogy senki sem ker\u00fclheti meg, ha kapcsolatba ker\u00fcl a munk\u00e1ss\u00e1g\u00e1val \u00e9s a vizi\u00f3j\u00e1val.<\/p>\n<p>Shri Mataji felfedez\u00e9se mai napig egyed\u00fcl\u00e1ll\u00f3. A Sahasrara megnyit\u00e1sa a tiszta \u00e1talakul\u00e1s pillanata, amely egy olyan m\u00f3dszert k\u00edn\u00e1l az emberi l\u00e9nyek sz\u00e1m\u00e1ra, mellyel t\u00fal tudnak l\u00e9pni korl\u00e1taikon \u00e9s kapcsolatba ker\u00fclhetnek valami magasabbal. Ez az esem\u00e9ny \u00e9s az \u00e1ltala el\u00e9rhet\u0151 tudatoss\u00e1g volt az, amelyet Shri Mataji el akart \u00e9rni.<\/p>\n<p>\u201eMegold\u00e1sokat \u00e9s a m\u00f3dszereket kerestem,&#8221; &#8211; magyar\u00e1zta &#8211; &#8220;hogy a saj\u00e1t medit\u00e1ci\u00f3s m\u00f3dszerem r\u00e9v\u00e9n mindent, az \u00f6sszes lehets\u00e9ges permut\u00e1ci\u00f3t \u00e9s kombin\u00e1ci\u00f3t is, magamban kidolgozhassam. Ha egy szem\u00e9llyel tal\u00e1lkoztam, tanulm\u00e1nyoztam, hogy milyen probl\u00e9m\u00e1kkal k\u00fczd, \u00e9s hogyan tudn\u00e1 megoldani azokat. Bel\u00fclr\u0151l pr\u00f3b\u00e1ltam elemezni az illet\u0151t.&#8221;<\/p>\n<figure itemscope itemtype=\"https:\/\/schema.org\/ImageObject\">\n\t\t\t\t<img decoding=\"async\" src=\"https:\/\/shrimataji.org\/test\/wp-content\/uploads\/2018\/07\/media_originals\/images\/shri-mataji-portraits\/mother-ocean.jpg\" alt=\"mother-ocean\" height=\"541\" width=\"721\" title=\"mother-ocean\" onerror=\"this.style.display='none'\" loading=\"lazy\" \/>\n\t\t\t\t\t\t\n\t<\/figure>\n\t<p>Shri Mataji tudta, hogy az emberi probl\u00e9m\u00e1k meg\u00e9rt\u00e9s\u00e9nek kulcsa, az \u0151si tud\u00e1s, a finomszint\u0171 test ismeret\u00e9ben rejlik. Ez a fizikai testen t\u00fali test val\u00f3s, csatorn\u00e1kb\u00f3l, energiak\u00f6zpontokb\u00f3l \u00e9s a Kundalini n\u00e9ven ismert els\u0151dleges er\u0151b\u0151ll \u00e1ll. M\u0171k\u00f6d\u00e9se \u00e9s szerkezete a tudom\u00e1ny \u00e1ltal ismert fizikai testet t\u00fckr\u00f6zi egy finomabb szinten.<\/p>\n<p>\u201eMindent l\u00e1ttam, ami t\u00f6rt\u00e9nt.&#8221; &#8211; eml\u00e9kezett vissza. \u201eEz volt az a nap, amikor azt mondtam, \u00edgy vagy \u00fagy, de meg kell nyitnom az utols\u00f3 csakr\u00e1t.&#8221;<\/p>\n<p>Ezt a csakr\u00e1t, vagy m\u00e1s n\u00e9ven energiak\u00f6zpontot szanszkrit\u00fcl Sahasrara (ejtsd: szahaszr\u00e1ra) n\u00e9ven ismerik, melynek sz\u00e9khelye a limbikus ter\u00fcleten tal\u00e1lhat\u00f3. Ennek az energiak\u00f6zpontnak a megnyit\u00e1sa volt az a pont, mely mindent mozg\u00e1sba hozott, ez volt a kapu az igazs\u00e1ghoz.<\/p>\n<figure itemscope itemtype=\"https:\/\/schema.org\/ImageObject\">\n\t\t\t\t<img decoding=\"async\" src=\"https:\/\/shrimataji.org\/test\/wp-content\/uploads\/2018\/07\/media_originals\/images\/shri-mataji-portraits\/shri-mataji-looking.jpg\" alt=\"shri-mataji-looking\" height=\"541\" width=\"721\" title=\"shri-mataji-looking\" onerror=\"this.style.display='none'\" loading=\"lazy\" \/>\n\t\t\t\t\t\t\n\t<\/figure>\n\t<p>\u201eEgyed\u00fcl voltam \u00e9s nagyon j\u00f3l \u00e9reztem magam. Nem volt a k\u00f6zelben senki, aki egy sz\u00f3t is sz\u00f3lhatott volna. Ekkor, a medit\u00e1ci\u00f3ban \u00e9reztem, hogy itt az id\u0151, meg kell nyitni a Sahasrar\u00e1t. Ebben a pillanatban, az a v\u00e1gy volt bennem, hogy megny\u00edljon a Sahasrara, \u00e9s azt tapasztaltam, hogy a Kundalini teleszk\u00f3pk\u00e9nt emelkedett fel bennem, a r\u00e9szek egym\u00e1s ut\u00e1n ny\u00edltak meg felfel\u00e9. Olyan volt a sz\u00edne, mint az olvadt, v\u00f6r\u00f6sen izz\u00f3 vas\u00e9.&#8221;<\/p>\n<p>\u201eAzt\u00e1n l\u00e1ttam a Kundalini k\u00fcls\u0151 szerkezet\u00e9t, ami tov\u00e1bbra is emelkedett, minden egyes csakr\u00e1n\u00e1l hangokat adva. A Kundalini felemelkedett, hogy \u00e1tt\u00f6rje a Brahmarandra-t.&#8221;<\/p>\n<p>A Brahmarandra a fej tetej\u00e9n tal\u00e1lhat\u00f3 kutacs ter\u00fclete. Az az \u00e9lm\u00e9ny, melyet Shri Mataji le\u00edrt, maga az \u00f6nmegval\u00f3sul\u00e1s, a tud\u00e1snak \u00e9s tudatoss\u00e1gnak az a kiteljesed\u00e9se, melyre oly sokan v\u00e1gynak. Arr\u00f3l a \u00e9letc\u00e9lr\u00f3l besz\u00e9lt, melyet olyan sokan keresnek, arr\u00f3l a jutalomr\u00f3l, mely \u00e1ltal\u00e1ban sok-sok \u00e9v odaad\u00e1sa \u00e9s munk\u00e1ja ut\u00e1n \u00e9rhet\u0151 el.<\/p>\n\t<p>\u201eEbben a pillanatban azt \u00e9reztem, hogy mindaz az er\u0151, mely ott volt f\u00f6l\u00f6ttem, egyszerre csak bel\u00e9m \u00e1radt, el\u00f6nt\u00f6tt minden oldalr\u00f3l, mint egy h\u0171v\u00f6s fuvallat. L\u00e1ttam, ahogy az eg\u00e9sz megny\u00edlik \u00e9s a h\u0171v\u00f6s szell\u0151 hatalmas zuhog\u00f3 es\u0151k\u00e9nt kezdett \u00e1tfolyni mindenhol a fejemen. \u00dagy \u00e9reztem, elvesztem, nem vagyok t\u00f6bb\u00e9. Csak a kegyelem volt, semmi m\u00e1s. Teljes eg\u00e9sz\u00e9ben l\u00e1ttam, ahogy ez megt\u00f6rt\u00e9nik velem.&#8221;<\/p>\n\t<p>Shri Mataji tudta, hogy az \u00f6nmegval\u00f3sul\u00e1s megtapasztal\u00e1s\u00e1t, ezt a magasabb tud\u00e1st meg kell osztani a vil\u00e1ggal.<\/p>\n<p>\u201eEkkor j\u00f6ttem r\u00e1, hogy nem \u00e1ll m\u00e1r semmi annak \u00fatj\u00e1ban, hogy elkezdjem a munk\u00e1t. A k\u00e9telyek elsz\u00e1lltak. V\u00e9gre elj\u00f6tt az id\u0151. Nincs mit\u0151l f\u00e9lni. Ennek v\u00e9g\u00fcl is meg kell t\u00f6rt\u00e9nnie. Csakis az\u00e9rt j\u00f6ttem erre a vil\u00e1gra, hogy az emberi l\u00e9nyekben fel\u00e9bresszem a kollekt\u00edv tudatoss\u00e1got. \u00dagy gondoltam, hogy am\u00edg az emberek meg nem kapj\u00e1k az \u00f6nmegval\u00f3sul\u00e1sukat ill. meg nem ismerik saj\u00e1t \u00f6nval\u00f3jukat, ez lehetetlen feladat. Ebben a vil\u00e1gban, b\u00e1rmi m\u00e1st megpr\u00f3b\u00e1lni, haszontalan lett volna.&#8221;<\/p>\n<p>Shri Mataji le\u00edrta, hogyan kezd\u0151d\u00f6tt el spiritu\u00e1lis munk\u00e1ja. \u201eEgy \u00edd\u0151s h\u00f6lgy\u00f6n dolgoztam ki ezt a m\u00f3dszert, aki j\u00f3l ismert engem. Amikor megkapta az \u00f6nmegval\u00f3sul\u00e1s\u00e1t, el\u00e9gedett voltam. Azt \u00e9reztem, hogy sokan m\u00e1sok is megkaphatj\u00e1k az \u00f6nmegval\u00f3sul\u00e1sukat. K\u00f6nny\u0171 volt egy embernek \u00f6nmegval\u00f3sul\u00e1st adni. Nagyon k\u00f6nny\u0171 volt egyetlen embert tudatoss\u00e1 tenni, de ahhoz, hogy ez kollekt\u00edv szinten, t\u00f6megekn\u00e9l is m\u0171k\u00f6dj\u00f6n, m\u00e9g t\u00f6bb munk\u00e1ra volt sz\u00fcks\u00e9g.<\/p>\n<p>Mindenkinek r\u00e9szes\u00fclnie kellett az \u00e1ld\u00e1sban az egyedi \u00f6nmegval\u00f3sul\u00e1s r\u00e9v\u00e9n, ugyanakkor az az igazs\u00e1g, hogy ezel\u0151tt ez a t\u00edpus\u00fa munka kollekt\u00edv szinten soha nem t\u00f6rt\u00e9nt meg. Ezt az eg\u00e9szet a medit\u00e1ci\u00f3val \u00e9rtem el.&#8221;<\/p>\n<p>Munk\u00e1ja sok \u00e9ven \u00e1t csendben, az alapokt\u00f3l \u00e9p\u00edtkezve folytat\u00f3dott. \u201eSoha senki nem tudta, hogy milyen er\u0151k rejlenek bennem. Senki sem tudta ki vagyok, sejtelm\u00fck sem volt r\u00f3lam.&#8221; A legt\u00f6bb ember nem volt felk\u00e9sz\u00fclve arra sem, amit mondott. \u00dczenete, mely egyszerre volt forradalmi \u00e9s mer\u00e9sz, alapvet\u0151 kih\u00edv\u00e1st jelentett a legt\u00f6bb ember sz\u00e1m\u00e1ra saj\u00e1t maguk meg\u00e9rt\u00e9s\u00e9ben.<\/p>\n<figure itemscope itemtype=\"https:\/\/schema.org\/ImageObject\">\n\t\t\t\t<img decoding=\"async\" src=\"https:\/\/shrimataji.org\/test\/wp-content\/uploads\/2018\/07\/media_originals\/images\/shri-mataji-portraits\/shri-mataji-nirmala-devi-831x1080.jpg\" alt=\"shri-mataji-nirmala-devi\" height=\"1080\" width=\"831\" title=\"shri-mataji-nirmala-devi\" onerror=\"this.style.display='none'\" loading=\"lazy\" \/>\n\t\t\n\t<\/figure>\n\t<p>\u201eDe amikor a Kundalini fel\u00e9bredt abban a h\u00f6lgyben &#8211; eml\u00e9kezett vissza Shri Mataji -, \u00fagy \u00e9reztem, hogy egy valamif\u00e9le finom er\u0151 \u00e1radt bel\u00e9. Ezut\u00e1n m\u00e9g tizenketten kaptak \u00f6nmegval\u00f3sul\u00e1st. Meg voltak d\u00f6bbenve \u00e9s a szem\u00fck ragyogni kezdett. Ez\u00e1ltal a kiv\u00e9teles \u00e9rz\u00e9kenys\u00e9get ad\u00f3 er\u0151 \u00e1ltal, elkezdtek mindent felismerni \u00e9s tiszt\u00e1n l\u00e1tni, \u00e9rz\u00e9kelni.&#8221;<\/p>\n<figure itemscope itemtype=\"https:\/\/schema.org\/ImageObject\">\n\t\t\t\t<img decoding=\"async\" src=\"https:\/\/shrimataji.org\/test\/wp-content\/uploads\/2018\/07\/media_originals\/images\/shri-mataji-teaching-sahaja-yoga\/shri-mataji-nirmala-devi-teaching-sahaja-yoga-meditation-in-india.jpg\" alt=\"Shri Mataji opettaa Sahaja Yoga -meditaatiota Intiassa\" height=\"541\" width=\"721\" title=\"Shri Mataji opettaa Sahaja Yoga -meditaatiota Intiassa\" onerror=\"this.style.display='none'\" loading=\"lazy\" \/>\n\t\t\n\t<\/figure>\n\t<p>Az \u00f6nmegval\u00f3sul\u00e1s \u00e1ltal, az emberek az Igaz \u00c9nj\u00fckk\u00e9 v\u00e1ltak. R\u00e1j\u00f6ttek arra, amit kor\u00e1bban nem tudtak. Elkezdt\u00e9k egym\u00e1sban megl\u00e1tni \u00f6nmagukat. Ezzel, megkezd\u0151d\u00f6tt a val\u00f3di integr\u00e1ci\u00f3.<\/p>\n<p>\u201eEnnek a tizenk\u00e9t embernek, tizenk\u00e9t elt\u00e9r\u0151 term\u00e9szete volt, \u00e9s ahogy ott \u00fcltem vel\u00fck, arra az egy dologra bizonyosan r\u00e1j\u00f6ttem, hogy meg kell nekik mondani, hogy hogyan kell egyes\u00edteni a L\u00e9lekben rejl\u0151 f\u00e9ny erej\u00e9t.&#8221; &#8211; mondta. \u201eOlyan, mint amikor vir\u00e1gokat f\u0171z\u00fcnk fel egy f\u00fcz\u00e9rbe egy t\u0171 seg\u00edts\u00e9g\u00e9vel&#8230; Amikor megkapt\u00e1k az \u00f6nmegval\u00f3sul\u00e1sukat, azt vettem \u00e9szre, hogy egym\u00e1s ut\u00e1n mindannyiukban egyetlen f\u00fcz\u00e9rr\u00e9 integr\u00e1l\u00f3dott.<\/p>\n\t<div class=\"su-quote su-quote-style-default\"><div class=\"su-quote-inner su-u-clearfix su-u-trim\">Egy h\u00f6lggyel kezdtem. Azt\u00e1n fokozatosan sokan m\u00e1sok is megkapt\u00e1k az \u00f6nmegval\u00f3sul\u00e1st. Ez a munka fokozatosan t\u00f6k\u00e9letesedett \u00e9s az emberek \u00fagy tal\u00e1lt\u00e1k, hogy ez a \u00fatja \u00f6nmagunk \u00e1talakul\u00e1s\u00e1nak. Meg\u00e1llap\u00edtott\u00e1k, hogy a Sahaja J\u00f3ga egy nagyon fontos dolog.<\/div><\/div>\n\t\t<iframe loading=\"lazy\" title=\"First Awakenings And Self Realization\" width=\"1920\" height=\"1080\" src=\"https:\/\/www.youtube.com\/embed\/EM8Bip5ObJo?feature=oembed\" frameborder=\"0\" allow=\"accelerometer; autoplay; clipboard-write; encrypted-media; gyroscope; picture-in-picture; web-share\" allowfullscreen><\/iframe>\t\n\t\t<iframe loading=\"lazy\" title=\"A Meeting That Gave Understanding\" width=\"1920\" height=\"1080\" src=\"https:\/\/www.youtube.com\/embed\/yKot6Plxn7Y?feature=oembed\" frameborder=\"0\" allow=\"accelerometer; autoplay; clipboard-write; encrypted-media; gyroscope; picture-in-picture; web-share\" allowfullscreen><\/iframe>\t\n\t\t<iframe loading=\"lazy\" title=\"Many Are Still Seeking The Truth\" width=\"1920\" height=\"1080\" src=\"https:\/\/www.youtube.com\/embed\/-KffEGsqep8?feature=oembed\" frameborder=\"0\" allow=\"accelerometer; autoplay; clipboard-write; encrypted-media; gyroscope; picture-in-picture; web-share\" allowfullscreen><\/iframe>\t\n\n","protected":false},"excerpt":{"rendered":"<p>Egy mindent meghat\u00e1roz\u00f3 pillanat A tiszta \u00e1talakul\u00e1s \u00f6r\u00f6k pillanata. 1970. m\u00e1jus 5-\u00e9n, India nyugati partj\u00e1n, a Mumbait\u00f3l nem messze fekv\u0151 tengerparti v\u00e1rosban, Nargolban, egy rendk\u00edv\u00fcl fontos esem\u00e9ny t\u00f6rt\u00e9nt: a limbikus ter\u00fclet energiak\u00f6zpontj\u00e1nak, a Sahasrar\u00e1nak a megnyit\u00e1sa. Ennek az esem\u00e9nynek a jelent\u0151s\u00e9g\u00e9t nem lehet el\u00e9gg\u00e9 hangs\u00falyozni. Minden, ami Shri Mataji spiritu\u00e1lis \u00f6r\u00f6ks\u00e9g\u00e9ben ezut\u00e1n t\u00f6rt\u00e9nt, ett\u0151l a&hellip; <br \/> <a class=\"read-more\" href=\"https:\/\/shrimataji.org\/test\/hu\/a-pivotal-moment\/\">Read more<\/a><\/p>\n","protected":false},"author":1,"featured_media":19150,"parent":0,"menu_order":0,"comment_status":"closed","ping_status":"closed","template":"","meta":{"inline_featured_image":false,"footnotes":""},"class_list":["post-19429","page","type-page","status-publish","has-post-thumbnail","hentry"],"yoast_head":"<!-- This site is optimized with the Yoast SEO plugin v27.4 - https:\/\/yoast.com\/product\/yoast-seo-wordpress\/ -->\n<title>Egy mindent meghat\u00e1roz\u00f3 pillanat - TEST - SMND<\/title>\n<meta name=\"robots\" content=\"noindex, follow, max-snippet:-1, max-image-preview:large, max-video-preview:-1\" \/>\n<meta property=\"og:locale\" content=\"en_US\" \/>\n<meta property=\"og:type\" content=\"article\" \/>\n<meta property=\"og:title\" content=\"Egy mindent meghat\u00e1roz\u00f3 pillanat - TEST - SMND\" \/>\n<meta property=\"og:description\" content=\"Egy mindent meghat\u00e1roz\u00f3 pillanat A tiszta \u00e1talakul\u00e1s \u00f6r\u00f6k pillanata. 1970. m\u00e1jus 5-\u00e9n, India nyugati partj\u00e1n, a Mumbait\u00f3l nem messze fekv\u0151 tengerparti v\u00e1rosban, Nargolban, egy rendk\u00edv\u00fcl fontos esem\u00e9ny t\u00f6rt\u00e9nt: a limbikus ter\u00fclet energiak\u00f6zpontj\u00e1nak, a Sahasrar\u00e1nak a megnyit\u00e1sa. Ennek az esem\u00e9nynek a jelent\u0151s\u00e9g\u00e9t nem lehet el\u00e9gg\u00e9 hangs\u00falyozni. Minden, ami Shri Mataji spiritu\u00e1lis \u00f6r\u00f6ks\u00e9g\u00e9ben ezut\u00e1n t\u00f6rt\u00e9nt, ett\u0151l a&hellip; Read more\" \/>\n<meta property=\"og:url\" content=\"https:\/\/shrimataji.org\/test\/hu\/a-pivotal-moment\/\" \/>\n<meta property=\"og:site_name\" content=\"TEST - SMND\" \/>\n<meta property=\"article:publisher\" content=\"https:\/\/www.facebook.com\/shrimataji\" \/>\n<meta property=\"article:modified_time\" content=\"2026-04-21T18:37:27+00:00\" \/>\n<meta property=\"og:image\" content=\"https:\/\/shrimataji.org\/test\/wp-content\/uploads\/2023\/03\/11_Banner-PublicLife-PivotalMoment-scaled.jpg\" \/>\n\t<meta property=\"og:image:width\" content=\"2560\" \/>\n\t<meta property=\"og:image:height\" content=\"905\" \/>\n\t<meta property=\"og:image:type\" content=\"image\/jpeg\" \/>\n<meta name=\"twitter:card\" content=\"summary_large_image\" \/>\n<meta name=\"twitter:site\" content=\"@shrimataji\" \/>\n<meta name=\"twitter:label1\" content=\"Est. reading time\" \/>\n\t<meta name=\"twitter:data1\" content=\"5 minutes\" \/>\n<script type=\"application\/ld+json\" class=\"yoast-schema-graph\">{\"@context\":\"https:\\\/\\\/schema.org\",\"@graph\":[{\"@type\":\"WebPage\",\"@id\":\"https:\\\/\\\/shrimataji.org\\\/test\\\/hu\\\/a-pivotal-moment\\\/\",\"url\":\"https:\\\/\\\/shrimataji.org\\\/test\\\/hu\\\/a-pivotal-moment\\\/\",\"name\":\"Egy mindent meghat\u00e1roz\u00f3 pillanat - TEST - SMND\",\"isPartOf\":{\"@id\":\"https:\\\/\\\/shrimataji.org\\\/test\\\/#website\"},\"primaryImageOfPage\":{\"@id\":\"https:\\\/\\\/shrimataji.org\\\/test\\\/hu\\\/a-pivotal-moment\\\/#primaryimage\"},\"image\":{\"@id\":\"https:\\\/\\\/shrimataji.org\\\/test\\\/hu\\\/a-pivotal-moment\\\/#primaryimage\"},\"thumbnailUrl\":\"https:\\\/\\\/shrimataji.org\\\/test\\\/wp-content\\\/uploads\\\/2023\\\/03\\\/11_Banner-PublicLife-PivotalMoment-scaled.jpg\",\"datePublished\":\"2018-07-10T06:54:46+00:00\",\"dateModified\":\"2026-04-21T18:37:27+00:00\",\"breadcrumb\":{\"@id\":\"https:\\\/\\\/shrimataji.org\\\/test\\\/hu\\\/a-pivotal-moment\\\/#breadcrumb\"},\"inLanguage\":\"en-US\",\"potentialAction\":[{\"@type\":\"ReadAction\",\"target\":[\"https:\\\/\\\/shrimataji.org\\\/test\\\/hu\\\/a-pivotal-moment\\\/\"]}]},{\"@type\":\"ImageObject\",\"inLanguage\":\"en-US\",\"@id\":\"https:\\\/\\\/shrimataji.org\\\/test\\\/hu\\\/a-pivotal-moment\\\/#primaryimage\",\"url\":\"https:\\\/\\\/shrimataji.org\\\/test\\\/wp-content\\\/uploads\\\/2023\\\/03\\\/11_Banner-PublicLife-PivotalMoment-scaled.jpg\",\"contentUrl\":\"https:\\\/\\\/shrimataji.org\\\/test\\\/wp-content\\\/uploads\\\/2023\\\/03\\\/11_Banner-PublicLife-PivotalMoment-scaled.jpg\",\"width\":2560,\"height\":905},{\"@type\":\"BreadcrumbList\",\"@id\":\"https:\\\/\\\/shrimataji.org\\\/test\\\/hu\\\/a-pivotal-moment\\\/#breadcrumb\",\"itemListElement\":[{\"@type\":\"ListItem\",\"position\":1,\"name\":\"Home\",\"item\":\"https:\\\/\\\/shrimataji.org\\\/test\\\/uk\\\/home-en\\\/\"},{\"@type\":\"ListItem\",\"position\":2,\"name\":\"Egy mindent meghat\u00e1roz\u00f3 pillanat\"}]},{\"@type\":\"WebSite\",\"@id\":\"https:\\\/\\\/shrimataji.org\\\/test\\\/#website\",\"url\":\"https:\\\/\\\/shrimataji.org\\\/test\\\/\",\"name\":\"Shri Mataji Nirmala Devi\",\"description\":\"A Life Dedicated to Humanity\",\"publisher\":{\"@id\":\"https:\\\/\\\/shrimataji.org\\\/test\\\/#\\\/schema\\\/person\\\/a1b3419c6585f164aa96da1ff85715d1\"},\"potentialAction\":[{\"@type\":\"SearchAction\",\"target\":{\"@type\":\"EntryPoint\",\"urlTemplate\":\"https:\\\/\\\/shrimataji.org\\\/test\\\/?s={search_term_string}\"},\"query-input\":{\"@type\":\"PropertyValueSpecification\",\"valueRequired\":true,\"valueName\":\"search_term_string\"}}],\"inLanguage\":\"en-US\"},{\"@type\":[\"Person\",\"Organization\"],\"@id\":\"https:\\\/\\\/shrimataji.org\\\/test\\\/#\\\/schema\\\/person\\\/a1b3419c6585f164aa96da1ff85715d1\",\"name\":\"Nirmala Shrivastava\",\"image\":{\"@type\":\"ImageObject\",\"inLanguage\":\"en-US\",\"@id\":\"https:\\\/\\\/shrimataji.org\\\/test\\\/wp-content\\\/uploads\\\/2023\\\/02\\\/SMO_LOGO-03.svg\",\"url\":\"https:\\\/\\\/shrimataji.org\\\/test\\\/wp-content\\\/uploads\\\/2023\\\/02\\\/SMO_LOGO-03.svg\",\"contentUrl\":\"https:\\\/\\\/shrimataji.org\\\/test\\\/wp-content\\\/uploads\\\/2023\\\/02\\\/SMO_LOGO-03.svg\",\"width\":\"1024\",\"height\":\"1024\",\"caption\":\"Nirmala Shrivastava\"},\"logo\":{\"@id\":\"https:\\\/\\\/shrimataji.org\\\/test\\\/wp-content\\\/uploads\\\/2023\\\/02\\\/SMO_LOGO-03.svg\"},\"sameAs\":[\"https:\\\/\\\/shrimataji.org\\\/test\",\"https:\\\/\\\/www.facebook.com\\\/shrimataji\",\"https:\\\/\\\/x.com\\\/shrimataji\",\"https:\\\/\\\/www.youtube.com\\\/@Shri_Mataji_Nirmala_Devi\\\/featured\"]}]}<\/script>\n<!-- \/ Yoast SEO plugin. -->","yoast_head_json":{"title":"Egy mindent meghat\u00e1roz\u00f3 pillanat - TEST - SMND","robots":{"index":"noindex","follow":"follow","max-snippet":"max-snippet:-1","max-image-preview":"max-image-preview:large","max-video-preview":"max-video-preview:-1"},"og_locale":"en_US","og_type":"article","og_title":"Egy mindent meghat\u00e1roz\u00f3 pillanat - TEST - SMND","og_description":"Egy mindent meghat\u00e1roz\u00f3 pillanat A tiszta \u00e1talakul\u00e1s \u00f6r\u00f6k pillanata. 1970. m\u00e1jus 5-\u00e9n, India nyugati partj\u00e1n, a Mumbait\u00f3l nem messze fekv\u0151 tengerparti v\u00e1rosban, Nargolban, egy rendk\u00edv\u00fcl fontos esem\u00e9ny t\u00f6rt\u00e9nt: a limbikus ter\u00fclet energiak\u00f6zpontj\u00e1nak, a Sahasrar\u00e1nak a megnyit\u00e1sa. Ennek az esem\u00e9nynek a jelent\u0151s\u00e9g\u00e9t nem lehet el\u00e9gg\u00e9 hangs\u00falyozni. Minden, ami Shri Mataji spiritu\u00e1lis \u00f6r\u00f6ks\u00e9g\u00e9ben ezut\u00e1n t\u00f6rt\u00e9nt, ett\u0151l a&hellip; Read more","og_url":"https:\/\/shrimataji.org\/test\/hu\/a-pivotal-moment\/","og_site_name":"TEST - SMND","article_publisher":"https:\/\/www.facebook.com\/shrimataji","article_modified_time":"2026-04-21T18:37:27+00:00","og_image":[{"width":2560,"height":905,"url":"https:\/\/shrimataji.org\/test\/wp-content\/uploads\/2023\/03\/11_Banner-PublicLife-PivotalMoment-scaled.jpg","type":"image\/jpeg"}],"twitter_card":"summary_large_image","twitter_site":"@shrimataji","twitter_misc":{"Est. reading time":"5 minutes"},"schema":{"@context":"https:\/\/schema.org","@graph":[{"@type":"WebPage","@id":"https:\/\/shrimataji.org\/test\/hu\/a-pivotal-moment\/","url":"https:\/\/shrimataji.org\/test\/hu\/a-pivotal-moment\/","name":"Egy mindent meghat\u00e1roz\u00f3 pillanat - TEST - SMND","isPartOf":{"@id":"https:\/\/shrimataji.org\/test\/#website"},"primaryImageOfPage":{"@id":"https:\/\/shrimataji.org\/test\/hu\/a-pivotal-moment\/#primaryimage"},"image":{"@id":"https:\/\/shrimataji.org\/test\/hu\/a-pivotal-moment\/#primaryimage"},"thumbnailUrl":"https:\/\/shrimataji.org\/test\/wp-content\/uploads\/2023\/03\/11_Banner-PublicLife-PivotalMoment-scaled.jpg","datePublished":"2018-07-10T06:54:46+00:00","dateModified":"2026-04-21T18:37:27+00:00","breadcrumb":{"@id":"https:\/\/shrimataji.org\/test\/hu\/a-pivotal-moment\/#breadcrumb"},"inLanguage":"en-US","potentialAction":[{"@type":"ReadAction","target":["https:\/\/shrimataji.org\/test\/hu\/a-pivotal-moment\/"]}]},{"@type":"ImageObject","inLanguage":"en-US","@id":"https:\/\/shrimataji.org\/test\/hu\/a-pivotal-moment\/#primaryimage","url":"https:\/\/shrimataji.org\/test\/wp-content\/uploads\/2023\/03\/11_Banner-PublicLife-PivotalMoment-scaled.jpg","contentUrl":"https:\/\/shrimataji.org\/test\/wp-content\/uploads\/2023\/03\/11_Banner-PublicLife-PivotalMoment-scaled.jpg","width":2560,"height":905},{"@type":"BreadcrumbList","@id":"https:\/\/shrimataji.org\/test\/hu\/a-pivotal-moment\/#breadcrumb","itemListElement":[{"@type":"ListItem","position":1,"name":"Home","item":"https:\/\/shrimataji.org\/test\/uk\/home-en\/"},{"@type":"ListItem","position":2,"name":"Egy mindent meghat\u00e1roz\u00f3 pillanat"}]},{"@type":"WebSite","@id":"https:\/\/shrimataji.org\/test\/#website","url":"https:\/\/shrimataji.org\/test\/","name":"Shri Mataji Nirmala Devi","description":"A Life Dedicated to Humanity","publisher":{"@id":"https:\/\/shrimataji.org\/test\/#\/schema\/person\/a1b3419c6585f164aa96da1ff85715d1"},"potentialAction":[{"@type":"SearchAction","target":{"@type":"EntryPoint","urlTemplate":"https:\/\/shrimataji.org\/test\/?s={search_term_string}"},"query-input":{"@type":"PropertyValueSpecification","valueRequired":true,"valueName":"search_term_string"}}],"inLanguage":"en-US"},{"@type":["Person","Organization"],"@id":"https:\/\/shrimataji.org\/test\/#\/schema\/person\/a1b3419c6585f164aa96da1ff85715d1","name":"Nirmala Shrivastava","image":{"@type":"ImageObject","inLanguage":"en-US","@id":"https:\/\/shrimataji.org\/test\/wp-content\/uploads\/2023\/02\/SMO_LOGO-03.svg","url":"https:\/\/shrimataji.org\/test\/wp-content\/uploads\/2023\/02\/SMO_LOGO-03.svg","contentUrl":"https:\/\/shrimataji.org\/test\/wp-content\/uploads\/2023\/02\/SMO_LOGO-03.svg","width":"1024","height":"1024","caption":"Nirmala Shrivastava"},"logo":{"@id":"https:\/\/shrimataji.org\/test\/wp-content\/uploads\/2023\/02\/SMO_LOGO-03.svg"},"sameAs":["https:\/\/shrimataji.org\/test","https:\/\/www.facebook.com\/shrimataji","https:\/\/x.com\/shrimataji","https:\/\/www.youtube.com\/@Shri_Mataji_Nirmala_Devi\/featured"]}]}},"lang":"hu","translations":{"hu":19429,"ur":37383,"en":12554,"am":17954,"th":19876,"sq":18355,"zh":17252,"hi":7332,"tr":10129,"pt":10346,"de":10619,"fr":10717,"it":10815,"es":10913,"ja":11210,"ru":11398,"bn":11590,"te":11698,"sw":11821,"he":11969,"el":12260,"sk":12358,"fa":12456,"bg":13459,"ro":14531,"cs":14724,"nl":16515,"ku":16675,"ar":16851,"be":18562,"kn":18836,"mr":20240,"uk":20532,"ml":20831,"ta":22670,"sv":22943,"gu":28791,"pa":28949,"fil":29389,"da":37697,"pl":37916,"nn":38249},"pll_sync_post":[],"_links":{"self":[{"href":"https:\/\/shrimataji.org\/test\/wp-json\/wp\/v2\/pages\/19429","targetHints":{"allow":["GET"]}}],"collection":[{"href":"https:\/\/shrimataji.org\/test\/wp-json\/wp\/v2\/pages"}],"about":[{"href":"https:\/\/shrimataji.org\/test\/wp-json\/wp\/v2\/types\/page"}],"author":[{"embeddable":true,"href":"https:\/\/shrimataji.org\/test\/wp-json\/wp\/v2\/users\/1"}],"replies":[{"embeddable":true,"href":"https:\/\/shrimataji.org\/test\/wp-json\/wp\/v2\/comments?post=19429"}],"version-history":[{"count":0,"href":"https:\/\/shrimataji.org\/test\/wp-json\/wp\/v2\/pages\/19429\/revisions"}],"wp:featuredmedia":[{"embeddable":true,"href":"https:\/\/shrimataji.org\/test\/wp-json\/wp\/v2\/media\/19150"}],"wp:attachment":[{"href":"https:\/\/shrimataji.org\/test\/wp-json\/wp\/v2\/media?parent=19429"}],"curies":[{"name":"wp","href":"https:\/\/api.w.org\/{rel}","templated":true}]}}