{"id":19431,"date":"2011-12-05T02:00:00","date_gmt":"2011-12-05T02:00:00","guid":{"rendered":"http:\/\/testwordpress.nirmalnagari.org\/smnd\/index.php\/a-town-hall-for-the-world\/"},"modified":"2026-04-09T08:38:14","modified_gmt":"2026-04-09T08:38:14","slug":"a-town-hall-for-the-world","status":"publish","type":"page","link":"https:\/\/shrimataji.org\/test\/hu\/a-town-hall-for-the-world\/","title":{"rendered":"Egy v\u00e1rosh\u00e1za a vil\u00e1g\u00e9rt"},"content":{"rendered":"\n\n\t<h1>Egy v\u00e1rosh\u00e1za a vil\u00e1g\u00e9rt<\/h1>\n<h2>Ahol a sz\u00edvek tal\u00e1lkoznak.<\/h2>\n<figure itemscope itemtype=\"https:\/\/schema.org\/ImageObject\">\n\t\t\t\t<img decoding=\"async\" src=\"https:\/\/shrimataji.org\/test\/wp-content\/uploads\/2018\/07\/media_originals\/images\/geographic-locations\/caxton-hall-london-uk.jpg\" alt=\"Caxton Hall v Lond\u00fdne\" height=\"2000\" width=\"1500\" title=\"21 Caxton Hall v Lond\u00fdne\" onerror=\"this.style.display='none'\" loading=\"lazy\" \/>\n\t\t<figcaption>Caxton Hall, London<\/figcaption>\n\t<\/figure>\n\t<p>A Caxton Hall Westminsterben, London k\u00f6zpontj\u00e1ban tal\u00e1lhat\u00f3. A 19. sz\u00e1zad k\u00f6zep\u00e9n \u00e9p\u00fclt \u00e9s William Caxtonr\u00f3l kapta a nev\u00e9t, aki Anglia els\u0151 nyomd\u00e1j\u00e1t alap\u00edtotta. Kezdem\u00e9nyez\u00e9se forradalmi v\u00e1ltoz\u00e1st jelentett az ismeretekhez val\u00f3 hozz\u00e1f\u00e9r\u00e9sben. Az \u00e9p\u00fclet hossz\u00fa m\u00faltra tekint vissza, mely sor\u00e1n mind\u00edg is mer\u00e9sz, \u00faj \u00f6tletek sz\u00fclet\u00e9s\u00e9nek \u00e9s megvitat\u00e1s\u00e1nak helysz\u00edne volt.<\/p>\n<p>A Caxton Hall eredetileg korm\u00e1nyzati \u00e9p\u00fcletk\u00e9nt szolg\u00e1lt: v\u00e1rosh\u00e1za volt. Az \u00e9vek sor\u00e1n azt\u00e1n kett\u0151s szerepet kapott. Mozgalmas tal\u00e1lkoz\u00f3k, gy\u0171l\u00e9sek helysz\u00ednek\u00e9nt, pet\u00edci\u00f3kra, t\u00e1rsadalmi reformokra, aktivizmusra val\u00f3 buzd\u00edt\u00e1s mellett helyt adott polg\u00e1ri esem\u00e9nyeknek, h\u00edress\u00e9gek h\u00e1zass\u00e1gk\u00f6t\u00e9s\u00e9nek is. A 20. sz\u00e1zad sz\u00e1mos nagyszer\u0171 eszm\u00e9je \u00e9s mozgalma ennek az \u00e9p\u00fcletnek a falai k\u00f6z\u00f6tt fogant meg, majd azt\u00e1n innen \u00e1radt ki a vil\u00e1g sz\u00ednter\u00e9re. Ilyenek p\u00e9ld\u00e1ul a n\u0151k v\u00e1laszt\u00f3j\u00e1g\u00e1\u00e9rt val\u00f3 k\u00fczdelem, a szocializmus, vagy a rabszolgas\u00e1g k\u00f6vetkezm\u00e9nyeivel foglalkoz\u00f3 els\u0151 p\u00e1n-afrikai konferencia.<\/p>\n\t<p>\u00c9rdekes teh\u00e1t, hogy 1977-ben Shri Mataji Nirmala Devi \u00e9ppen ezt a helyet v\u00e1laszotta arra, hogy \u00fczenet\u00e9t a nyilv\u00e1noss\u00e1g sz\u00e1m\u00e1ra \u00fatj\u00e1ra ind\u00edtsa. Shri Mataji 1977 \u00e9s 1983 k\u00f6z\u00f6tt csaknem sz\u00e1z alkalommal \u00e1llt itt a szinpadon, s \u00edgy sz\u00e9les t\u00f6megeket tudott el\u00e9rni. Szavai mindenkihez sz\u00f3ltak. Az el\u0151ad\u00e1sai nyilv\u00e1nosak voltak, a r\u00e9szv\u00e9tel pedig ingyenes.<\/p>\n\t<p>1913 nyar\u00e1n a nagy beng\u00e1li, Nobel-d\u00edjas k\u00f6lt\u0151, Rabindranath Tagore tartott itt sikeres el\u0151ad\u00e1s-sorozatot. Az el\u0151ad\u00e1sok c\u00edmei k\u00f6z\u00fcl n\u00e9h\u00e1ny: \u201eAz egy\u00e9n viszonya a vil\u00e1gegyetemhez&#8221;, \u201eA l\u00e9lek tudatoss\u00e1ga&#8221;, \u201eA szeretetben val\u00f3 megval\u00f3sul\u00e1s&#8221; vagy \u201eAz \u00f6nval\u00f3 probl\u00e9m\u00e1ja&#8221;. Ezek azok a t\u00e9m\u00e1k, melyekr\u0151l Shri Mataji maga is besz\u00e9lt mintegy hetven \u00e9vvel k\u00e9s\u0151bb. El\u0151dj\u00e9hez hasonl\u00f3an \u0151 is egy \u0151si keleti tud\u00e1st k\u00edv\u00e1nt megosztani a nyugati k\u00f6z\u00f6ns\u00e9ggel \u00e9s ezzel egy\u00fattal bels\u0151 utaz\u00e1sra invit\u00e1lta \u0151ket.<\/p>\n<h5>\u201eBenn\u00fcnk tal\u00e1lhat\u00f3 az, ahol a t\u00e9r \u00e9s az id\u0151 megsz\u0171nik uralkodni, \u00e9s ahol az evol\u00faci\u00f3 l\u00e1ncszemei egys\u00e9gben olvadnak \u00f6ssze.&#8221;<\/h5>\n<h5>Rabindranath Tagore<\/h5>\n<figure itemscope itemtype=\"https:\/\/schema.org\/ImageObject\">\n\t\t\t\t<img decoding=\"async\" src=\"https:\/\/shrimataji.org\/test\/wp-content\/uploads\/2018\/07\/media_originals\/images\/people\/ravindranath-tagore-c1915-223x300.jpg\" alt=\"Rabindranath Tagore\" height=\"300\" width=\"223\" title=\"ravindranath-tagore-c1915\" onerror=\"this.style.display='none'\" loading=\"lazy\" \/>\n\t\t<figcaption>Rabindranath Tagore<\/figcaption>\n\t<\/figure>\n\t<p>Azonban Shri Mataji el\u0151ad\u00e1saival nem puszt\u00e1n egy \u00faj eszm\u00e9t k\u00edv\u00e1nt megosztani, hanem azt a gyakorlatban is \u00e1t akarta adni. Az el\u0151ad\u00e1sai mindig plusz b\u00f3nusszal z\u00e1rultak. Az est v\u00e9g\u00e9n mindig felk\u00edn\u00e1lta az \u00f6nmegval\u00f3sul\u00e1s megtapasztal\u00e1s\u00e1t. A m\u00e9ly medit\u00e1ci\u00f3 csendj\u00e9be vezette k\u00f6z\u00f6ns\u00e9g\u00e9t, hogy meg\u00e9rezhess\u00e9k saj\u00e1t m\u00e9lys\u00e9g\u00fcket. Tagore \u201eA Brahma megval\u00f3sul\u00e1sa&#8221; Shri Mataji r\u00e9v\u00e9n \u201eA val\u00f3di \u00c9n megtapasztal\u00e1sa&#8221; lett.<\/p>\n\t<p>Ism\u00e9t egy forradalmi mozgalom indult \u00fatj\u00e1ra a Caxton Hall l\u00e9pcs\u0151ir\u0151l. Az emberis\u00e9g spiritu\u00e1lis felemelked\u00e9s\u00e9hez sz\u00fcks\u00e9ges alapvet\u0151 l\u00e9p\u00e9s megt\u00f6rt\u00e9nt, sokan m\u00e9lyrehat\u00f3 v\u00e1ltoz\u00e1st tapasztaltak meg \u00f6nmagukban \u00e9s abban ahogy a vil\u00e1got l\u00e1tj\u00e1k.<\/p>\n\t<p><img loading=\"lazy\" decoding=\"async\" src=\"https:\/\/shrimataji.org\/test\/wp-content\/uploads\/2018\/07\/media_originals\/images\/shri-mataji-with-people\/shri-mataji-nirmala-devi-clearing-technique-in-england-1024x672.jpg\" alt=\"\" width=\"1024\" height=\"672\" \/><\/p>\n\t<p>A Caxton Hall-ban hat \u00e9ven \u00e1t tartott Shri Mataji el\u0151ad\u00e1sokat az \u00e9let mindenf\u00e9le ter\u00fclet\u00e9r\u0151l \u00e9rkezett embereknek. Id\u0151t szak\u00edtott minden aggodalmukra. V\u00e1laszokat adott azokra a bizonyos nagy k\u00e9rd\u00e9sekre: \u201eMi\u00e9rt vagyunk itt?&#8221;, \u201eMi az \u00e9letem c\u00e9lja?&#8221;, \u201eMi\u00e9rt teremtett minket Isten?, s\u0151t \u201eVan e Isten?&#8221;. V\u00e9g\u00fcl mindenki megtapasztalhatta a kapcsolatot a val\u00f3di \u00e9nj\u00e9vel.<\/p>\n<p>A Nyugaton \u00edgy kezd\u0151d\u00f6tt Shri Mataji hivatalos szerepv\u00e1llal\u00e1sa. Caxton Hall-ban mindenkit szeretettel fogadtak \u00e9s az ami a leg\u00e9rt\u00e9kesebb volt (az \u00f6nmegval\u00f3sul\u00e1s), azt ingyen adt\u00e1k. Sokan, akik megkapt\u00e1k az \u00f6nmegval\u00f3sul\u00e1sukat, Shri Mataji mellett maradtak \u00e9s t\u00e1mogatt\u00e1k er\u0151fesz\u00edt\u00e9seit, hogy min\u00e9l t\u00f6bb, az igazs\u00e1got keres\u0151 emberhez jusson el.<\/p>\n\t<p>1980-ban Shri Mataji azt mondta: \u201eAz igazs\u00e1g keres\u00e9se megkezd\u0151d\u00f6tt, sok bolt ny\u00edlt, ahol az igazs\u00e1g megtal\u00e1l\u00e1s\u00e1t \u00edg\u00e9rik. Ez nem egy bolt. Ez egy templom, \u00e9s a piact\u00e9ren \u00e1ll\u00f3 templomot nem \u00e9rt\u00e9kelik. Ha h\u00e9t hegyet kell megm\u00e1szni, hogy eljussatok a templomhoz, akkor annak sokkal nagyobb az \u00e9rt\u00e9ke. Azonban csak kevesen juthatnak fel \u00e9lve oda.&#8221; Teh\u00e1t a templomnak le kellett j\u00f6nnie Londonba, a Caxton Hall-ba, hogy besz\u00e9ljen az emberekhez.<\/p>\n<p>Az \u00f6nmegval\u00f3sul\u00e1s aj\u00e1nd\u00e9k\u00e1val Shri Mataji mindenkit befogadott \u00e9s felkarolt.<\/p>\n<p>Tagore szavait id\u00e9zve: \u201eA szeretet legf\u0151bb funkci\u00f3ja, hogy minden korl\u00e1tot befogadjon \u00e9s meghaladja azokat.&#8221; \u00e9s Shri Mataji szeretete \u00e9s a szeretet aj\u00e1nd\u00e9ka legy\u0151z minden akad\u00e1lyt \u00e9s megvil\u00e1gos\u00edtja a sz\u00edveket \u00e9s a vil\u00e1got.<\/p>\n<div class=\"su-quote su-quote-style-default\"><div class=\"su-quote-inner su-u-clearfix su-u-trim\">Az igazs\u00e1g az, ami. Nem tudjuk megv\u00e1ltoztatni. Nem tudjuk \u00e1talak\u00edtani. Nem tudjuk \u00e1tfogalmazni.<\/div><\/div>\n<figure itemscope itemtype=\"https:\/\/schema.org\/ImageObject\">\n\t\t\t\t<img decoding=\"async\" src=\"https:\/\/shrimataji.org\/test\/wp-content\/uploads\/2018\/07\/media_originals\/images\/shri-mataji-with-people\/shri-mataji-nirmala-devi-bath-england-1977-759x1024.jpg\" alt=\"Shri Mataji en Bath, Inglaterra, 1977\" height=\"1024\" width=\"759\" title=\"shri-mataji-nirmala-devi-bath-england-1977\" onerror=\"this.style.display='none'\" loading=\"lazy\" \/>\n\t\t<figcaption>Shri Mataji, Bath, Anglia, 1977<\/figcaption>\n\t<\/figure>\n\n","protected":false},"excerpt":{"rendered":"<p>Egy v\u00e1rosh\u00e1za a vil\u00e1g\u00e9rt Ahol a sz\u00edvek tal\u00e1lkoznak. Caxton Hall, London A Caxton Hall Westminsterben, London k\u00f6zpontj\u00e1ban tal\u00e1lhat\u00f3. A 19. sz\u00e1zad k\u00f6zep\u00e9n \u00e9p\u00fclt \u00e9s William Caxtonr\u00f3l kapta a nev\u00e9t, aki Anglia els\u0151 nyomd\u00e1j\u00e1t alap\u00edtotta. Kezdem\u00e9nyez\u00e9se forradalmi v\u00e1ltoz\u00e1st jelentett az ismeretekhez val\u00f3 hozz\u00e1f\u00e9r\u00e9sben. Az \u00e9p\u00fclet hossz\u00fa m\u00faltra tekint vissza, mely sor\u00e1n mind\u00edg is mer\u00e9sz, \u00faj \u00f6tletek&hellip; <br \/> <a class=\"read-more\" href=\"https:\/\/shrimataji.org\/test\/hu\/a-town-hall-for-the-world\/\">Read more<\/a><\/p>\n","protected":false},"author":1,"featured_media":19153,"parent":0,"menu_order":0,"comment_status":"closed","ping_status":"closed","template":"","meta":{"inline_featured_image":false,"footnotes":""},"class_list":["post-19431","page","type-page","status-publish","has-post-thumbnail","hentry"],"yoast_head":"<!-- This site is optimized with the Yoast SEO plugin v27.4 - https:\/\/yoast.com\/product\/yoast-seo-wordpress\/ -->\n<title>Egy v\u00e1rosh\u00e1za a vil\u00e1g\u00e9rt - TEST - SMND<\/title>\n<meta name=\"robots\" content=\"noindex, follow, max-snippet:-1, max-image-preview:large, max-video-preview:-1\" \/>\n<meta property=\"og:locale\" content=\"en_US\" \/>\n<meta property=\"og:type\" content=\"article\" \/>\n<meta property=\"og:title\" content=\"Egy v\u00e1rosh\u00e1za a vil\u00e1g\u00e9rt - TEST - SMND\" \/>\n<meta property=\"og:description\" content=\"Egy v\u00e1rosh\u00e1za a vil\u00e1g\u00e9rt Ahol a sz\u00edvek tal\u00e1lkoznak. Caxton Hall, London A Caxton Hall Westminsterben, London k\u00f6zpontj\u00e1ban tal\u00e1lhat\u00f3. A 19. sz\u00e1zad k\u00f6zep\u00e9n \u00e9p\u00fclt \u00e9s William Caxtonr\u00f3l kapta a nev\u00e9t, aki Anglia els\u0151 nyomd\u00e1j\u00e1t alap\u00edtotta. Kezdem\u00e9nyez\u00e9se forradalmi v\u00e1ltoz\u00e1st jelentett az ismeretekhez val\u00f3 hozz\u00e1f\u00e9r\u00e9sben. Az \u00e9p\u00fclet hossz\u00fa m\u00faltra tekint vissza, mely sor\u00e1n mind\u00edg is mer\u00e9sz, \u00faj \u00f6tletek&hellip; Read more\" \/>\n<meta property=\"og:url\" content=\"https:\/\/shrimataji.org\/test\/hu\/a-town-hall-for-the-world\/\" \/>\n<meta property=\"og:site_name\" content=\"TEST - SMND\" \/>\n<meta property=\"article:publisher\" content=\"https:\/\/www.facebook.com\/shrimataji\" \/>\n<meta property=\"article:modified_time\" content=\"2026-04-09T08:38:14+00:00\" \/>\n<meta property=\"og:image\" content=\"https:\/\/shrimataji.org\/test\/wp-content\/uploads\/2023\/03\/12_Banner-PublicLife-Hall-scaled.jpg\" \/>\n\t<meta property=\"og:image:width\" content=\"2560\" \/>\n\t<meta property=\"og:image:height\" content=\"905\" \/>\n\t<meta property=\"og:image:type\" content=\"image\/jpeg\" \/>\n<meta name=\"twitter:card\" content=\"summary_large_image\" \/>\n<meta name=\"twitter:site\" content=\"@shrimataji\" \/>\n<meta name=\"twitter:label1\" content=\"Est. reading time\" \/>\n\t<meta name=\"twitter:data1\" content=\"5 minutes\" \/>\n<script type=\"application\/ld+json\" class=\"yoast-schema-graph\">{\"@context\":\"https:\\\/\\\/schema.org\",\"@graph\":[{\"@type\":\"WebPage\",\"@id\":\"https:\\\/\\\/shrimataji.org\\\/test\\\/hu\\\/a-town-hall-for-the-world\\\/\",\"url\":\"https:\\\/\\\/shrimataji.org\\\/test\\\/hu\\\/a-town-hall-for-the-world\\\/\",\"name\":\"Egy v\u00e1rosh\u00e1za a vil\u00e1g\u00e9rt - TEST - SMND\",\"isPartOf\":{\"@id\":\"https:\\\/\\\/shrimataji.org\\\/test\\\/#website\"},\"primaryImageOfPage\":{\"@id\":\"https:\\\/\\\/shrimataji.org\\\/test\\\/hu\\\/a-town-hall-for-the-world\\\/#primaryimage\"},\"image\":{\"@id\":\"https:\\\/\\\/shrimataji.org\\\/test\\\/hu\\\/a-town-hall-for-the-world\\\/#primaryimage\"},\"thumbnailUrl\":\"https:\\\/\\\/shrimataji.org\\\/test\\\/wp-content\\\/uploads\\\/2023\\\/03\\\/12_Banner-PublicLife-Hall-scaled.jpg\",\"datePublished\":\"2011-12-05T02:00:00+00:00\",\"dateModified\":\"2026-04-09T08:38:14+00:00\",\"breadcrumb\":{\"@id\":\"https:\\\/\\\/shrimataji.org\\\/test\\\/hu\\\/a-town-hall-for-the-world\\\/#breadcrumb\"},\"inLanguage\":\"en-US\",\"potentialAction\":[{\"@type\":\"ReadAction\",\"target\":[\"https:\\\/\\\/shrimataji.org\\\/test\\\/hu\\\/a-town-hall-for-the-world\\\/\"]}]},{\"@type\":\"ImageObject\",\"inLanguage\":\"en-US\",\"@id\":\"https:\\\/\\\/shrimataji.org\\\/test\\\/hu\\\/a-town-hall-for-the-world\\\/#primaryimage\",\"url\":\"https:\\\/\\\/shrimataji.org\\\/test\\\/wp-content\\\/uploads\\\/2023\\\/03\\\/12_Banner-PublicLife-Hall-scaled.jpg\",\"contentUrl\":\"https:\\\/\\\/shrimataji.org\\\/test\\\/wp-content\\\/uploads\\\/2023\\\/03\\\/12_Banner-PublicLife-Hall-scaled.jpg\",\"width\":2560,\"height\":905},{\"@type\":\"BreadcrumbList\",\"@id\":\"https:\\\/\\\/shrimataji.org\\\/test\\\/hu\\\/a-town-hall-for-the-world\\\/#breadcrumb\",\"itemListElement\":[{\"@type\":\"ListItem\",\"position\":1,\"name\":\"Home\",\"item\":\"https:\\\/\\\/shrimataji.org\\\/test\\\/uk\\\/home-en\\\/\"},{\"@type\":\"ListItem\",\"position\":2,\"name\":\"Egy v\u00e1rosh\u00e1za a vil\u00e1g\u00e9rt\"}]},{\"@type\":\"WebSite\",\"@id\":\"https:\\\/\\\/shrimataji.org\\\/test\\\/#website\",\"url\":\"https:\\\/\\\/shrimataji.org\\\/test\\\/\",\"name\":\"Shri Mataji Nirmala Devi\",\"description\":\"A Life Dedicated to Humanity\",\"publisher\":{\"@id\":\"https:\\\/\\\/shrimataji.org\\\/test\\\/#\\\/schema\\\/person\\\/a1b3419c6585f164aa96da1ff85715d1\"},\"potentialAction\":[{\"@type\":\"SearchAction\",\"target\":{\"@type\":\"EntryPoint\",\"urlTemplate\":\"https:\\\/\\\/shrimataji.org\\\/test\\\/?s={search_term_string}\"},\"query-input\":{\"@type\":\"PropertyValueSpecification\",\"valueRequired\":true,\"valueName\":\"search_term_string\"}}],\"inLanguage\":\"en-US\"},{\"@type\":[\"Person\",\"Organization\"],\"@id\":\"https:\\\/\\\/shrimataji.org\\\/test\\\/#\\\/schema\\\/person\\\/a1b3419c6585f164aa96da1ff85715d1\",\"name\":\"Nirmala Shrivastava\",\"image\":{\"@type\":\"ImageObject\",\"inLanguage\":\"en-US\",\"@id\":\"https:\\\/\\\/shrimataji.org\\\/test\\\/wp-content\\\/uploads\\\/2023\\\/02\\\/SMO_LOGO-03.svg\",\"url\":\"https:\\\/\\\/shrimataji.org\\\/test\\\/wp-content\\\/uploads\\\/2023\\\/02\\\/SMO_LOGO-03.svg\",\"contentUrl\":\"https:\\\/\\\/shrimataji.org\\\/test\\\/wp-content\\\/uploads\\\/2023\\\/02\\\/SMO_LOGO-03.svg\",\"width\":\"1024\",\"height\":\"1024\",\"caption\":\"Nirmala Shrivastava\"},\"logo\":{\"@id\":\"https:\\\/\\\/shrimataji.org\\\/test\\\/wp-content\\\/uploads\\\/2023\\\/02\\\/SMO_LOGO-03.svg\"},\"sameAs\":[\"https:\\\/\\\/shrimataji.org\\\/test\",\"https:\\\/\\\/www.facebook.com\\\/shrimataji\",\"https:\\\/\\\/x.com\\\/shrimataji\",\"https:\\\/\\\/www.youtube.com\\\/@Shri_Mataji_Nirmala_Devi\\\/featured\"]}]}<\/script>\n<!-- \/ Yoast SEO plugin. -->","yoast_head_json":{"title":"Egy v\u00e1rosh\u00e1za a vil\u00e1g\u00e9rt - TEST - SMND","robots":{"index":"noindex","follow":"follow","max-snippet":"max-snippet:-1","max-image-preview":"max-image-preview:large","max-video-preview":"max-video-preview:-1"},"og_locale":"en_US","og_type":"article","og_title":"Egy v\u00e1rosh\u00e1za a vil\u00e1g\u00e9rt - TEST - SMND","og_description":"Egy v\u00e1rosh\u00e1za a vil\u00e1g\u00e9rt Ahol a sz\u00edvek tal\u00e1lkoznak. Caxton Hall, London A Caxton Hall Westminsterben, London k\u00f6zpontj\u00e1ban tal\u00e1lhat\u00f3. A 19. sz\u00e1zad k\u00f6zep\u00e9n \u00e9p\u00fclt \u00e9s William Caxtonr\u00f3l kapta a nev\u00e9t, aki Anglia els\u0151 nyomd\u00e1j\u00e1t alap\u00edtotta. Kezdem\u00e9nyez\u00e9se forradalmi v\u00e1ltoz\u00e1st jelentett az ismeretekhez val\u00f3 hozz\u00e1f\u00e9r\u00e9sben. Az \u00e9p\u00fclet hossz\u00fa m\u00faltra tekint vissza, mely sor\u00e1n mind\u00edg is mer\u00e9sz, \u00faj \u00f6tletek&hellip; Read more","og_url":"https:\/\/shrimataji.org\/test\/hu\/a-town-hall-for-the-world\/","og_site_name":"TEST - SMND","article_publisher":"https:\/\/www.facebook.com\/shrimataji","article_modified_time":"2026-04-09T08:38:14+00:00","og_image":[{"width":2560,"height":905,"url":"https:\/\/shrimataji.org\/test\/wp-content\/uploads\/2023\/03\/12_Banner-PublicLife-Hall-scaled.jpg","type":"image\/jpeg"}],"twitter_card":"summary_large_image","twitter_site":"@shrimataji","twitter_misc":{"Est. reading time":"5 minutes"},"schema":{"@context":"https:\/\/schema.org","@graph":[{"@type":"WebPage","@id":"https:\/\/shrimataji.org\/test\/hu\/a-town-hall-for-the-world\/","url":"https:\/\/shrimataji.org\/test\/hu\/a-town-hall-for-the-world\/","name":"Egy v\u00e1rosh\u00e1za a vil\u00e1g\u00e9rt - TEST - SMND","isPartOf":{"@id":"https:\/\/shrimataji.org\/test\/#website"},"primaryImageOfPage":{"@id":"https:\/\/shrimataji.org\/test\/hu\/a-town-hall-for-the-world\/#primaryimage"},"image":{"@id":"https:\/\/shrimataji.org\/test\/hu\/a-town-hall-for-the-world\/#primaryimage"},"thumbnailUrl":"https:\/\/shrimataji.org\/test\/wp-content\/uploads\/2023\/03\/12_Banner-PublicLife-Hall-scaled.jpg","datePublished":"2011-12-05T02:00:00+00:00","dateModified":"2026-04-09T08:38:14+00:00","breadcrumb":{"@id":"https:\/\/shrimataji.org\/test\/hu\/a-town-hall-for-the-world\/#breadcrumb"},"inLanguage":"en-US","potentialAction":[{"@type":"ReadAction","target":["https:\/\/shrimataji.org\/test\/hu\/a-town-hall-for-the-world\/"]}]},{"@type":"ImageObject","inLanguage":"en-US","@id":"https:\/\/shrimataji.org\/test\/hu\/a-town-hall-for-the-world\/#primaryimage","url":"https:\/\/shrimataji.org\/test\/wp-content\/uploads\/2023\/03\/12_Banner-PublicLife-Hall-scaled.jpg","contentUrl":"https:\/\/shrimataji.org\/test\/wp-content\/uploads\/2023\/03\/12_Banner-PublicLife-Hall-scaled.jpg","width":2560,"height":905},{"@type":"BreadcrumbList","@id":"https:\/\/shrimataji.org\/test\/hu\/a-town-hall-for-the-world\/#breadcrumb","itemListElement":[{"@type":"ListItem","position":1,"name":"Home","item":"https:\/\/shrimataji.org\/test\/uk\/home-en\/"},{"@type":"ListItem","position":2,"name":"Egy v\u00e1rosh\u00e1za a vil\u00e1g\u00e9rt"}]},{"@type":"WebSite","@id":"https:\/\/shrimataji.org\/test\/#website","url":"https:\/\/shrimataji.org\/test\/","name":"Shri Mataji Nirmala Devi","description":"A Life Dedicated to Humanity","publisher":{"@id":"https:\/\/shrimataji.org\/test\/#\/schema\/person\/a1b3419c6585f164aa96da1ff85715d1"},"potentialAction":[{"@type":"SearchAction","target":{"@type":"EntryPoint","urlTemplate":"https:\/\/shrimataji.org\/test\/?s={search_term_string}"},"query-input":{"@type":"PropertyValueSpecification","valueRequired":true,"valueName":"search_term_string"}}],"inLanguage":"en-US"},{"@type":["Person","Organization"],"@id":"https:\/\/shrimataji.org\/test\/#\/schema\/person\/a1b3419c6585f164aa96da1ff85715d1","name":"Nirmala Shrivastava","image":{"@type":"ImageObject","inLanguage":"en-US","@id":"https:\/\/shrimataji.org\/test\/wp-content\/uploads\/2023\/02\/SMO_LOGO-03.svg","url":"https:\/\/shrimataji.org\/test\/wp-content\/uploads\/2023\/02\/SMO_LOGO-03.svg","contentUrl":"https:\/\/shrimataji.org\/test\/wp-content\/uploads\/2023\/02\/SMO_LOGO-03.svg","width":"1024","height":"1024","caption":"Nirmala Shrivastava"},"logo":{"@id":"https:\/\/shrimataji.org\/test\/wp-content\/uploads\/2023\/02\/SMO_LOGO-03.svg"},"sameAs":["https:\/\/shrimataji.org\/test","https:\/\/www.facebook.com\/shrimataji","https:\/\/x.com\/shrimataji","https:\/\/www.youtube.com\/@Shri_Mataji_Nirmala_Devi\/featured"]}]}},"lang":"hu","translations":{"hu":19431,"ur":37385,"en":443,"am":17956,"th":19879,"sq":18357,"zh":17254,"hi":8514,"tr":10130,"pl":10239,"pt":10347,"de":10620,"fr":10718,"it":10816,"es":10914,"ja":11211,"ru":11399,"bn":11591,"te":11699,"sw":11822,"he":11970,"el":12261,"sk":12359,"fa":12457,"fi":12555,"bg":13504,"ro":14579,"cs":14772,"nl":16517,"ku":16677,"ar":16853,"be":18564,"kn":18838,"mr":20243,"uk":20535,"ml":20834,"ta":22672,"sv":22945,"gu":28793,"pa":28951,"fil":29391,"da":37699,"nn":38251},"pll_sync_post":[],"_links":{"self":[{"href":"https:\/\/shrimataji.org\/test\/wp-json\/wp\/v2\/pages\/19431","targetHints":{"allow":["GET"]}}],"collection":[{"href":"https:\/\/shrimataji.org\/test\/wp-json\/wp\/v2\/pages"}],"about":[{"href":"https:\/\/shrimataji.org\/test\/wp-json\/wp\/v2\/types\/page"}],"author":[{"embeddable":true,"href":"https:\/\/shrimataji.org\/test\/wp-json\/wp\/v2\/users\/1"}],"replies":[{"embeddable":true,"href":"https:\/\/shrimataji.org\/test\/wp-json\/wp\/v2\/comments?post=19431"}],"version-history":[{"count":0,"href":"https:\/\/shrimataji.org\/test\/wp-json\/wp\/v2\/pages\/19431\/revisions"}],"wp:featuredmedia":[{"embeddable":true,"href":"https:\/\/shrimataji.org\/test\/wp-json\/wp\/v2\/media\/19153"}],"wp:attachment":[{"href":"https:\/\/shrimataji.org\/test\/wp-json\/wp\/v2\/media?parent=19431"}],"curies":[{"name":"wp","href":"https:\/\/api.w.org\/{rel}","templated":true}]}}