{"id":19433,"date":"2022-03-05T07:57:08","date_gmt":"2022-03-05T07:57:08","guid":{"rendered":"https:\/\/test.shrimataji.org\/?page_id=6497"},"modified":"2026-04-18T14:36:35","modified_gmt":"2026-04-18T14:36:35","slug":"agnya-chakra","status":"publish","type":"page","link":"https:\/\/shrimataji.org\/test\/hu\/agnya-chakra\/","title":{"rendered":"Agnya csakra"},"content":{"rendered":"\n\n\t<h1>Agnya csakra<\/h1>\n<h2>A megbocs\u00e1t\u00e1s ereje<\/h2>\n<h4>Ennek a csakr\u00e1nak a l\u00e9nyege a megbocs\u00e1t\u00e1s. Amikor nem bocs\u00e1tunk meg, val\u00f3j\u00e1ban magunknak \u00e1rtunk az\u00e1ltal, hogy kibillentj\u00fck ezt a csakr\u00e1t az egyens\u00faly\u00e1b\u00f3l. A megbocs\u00e1t\u00e1s az az er\u0151, mellyel elengedj\u00fck a haragot, a gy\u0171l\u00f6letet \u00e9s a neheztel\u00e9st, ami nem k\u00f6nny\u0171 az \u00f6nmegval\u00f3sul\u00e1s el\u0151tt. Azzal, hogy egyszer\u0171en \u0151szinte sz\u00edvb\u0151l kimondjuk: \u201eMegbocs\u00e1tok&#8221;, a\u00a0<a href=\"https:\/\/shrimataji.org\/test\/kundalini\/\">Kundalinink<\/a>\u00a0be tud l\u00e9pni ebbe a k\u00f6zpontba \u00e9s az Isteni Csend Birodalm\u00e1ba ir\u00e1nyithatja a figyelm\u00fcnket, lehet\u0151v\u00e9 t\u00e9ve sz\u00e1munkra, hogy a medit\u00e1ci\u00f3 sor\u00e1n k\u00f6nnyed\u00e9n el\u00e9rj\u00fck a gondolatmentes tudatoss\u00e1g \u00e1llapot\u00e1t.<\/h4>\n<p>A megbocs\u00e1t\u00e1s ereje \u00e1ltal felfedezz\u00fck Lelk\u00fcnk magasabb rend\u0171 term\u00e9szet\u00e9t &#8211; az al\u00e1zatot, nemess\u00e9get, nagylelk\u0171s\u00e9get, valamint a v\u00e9gtelen szeretetet \u00e9s egy\u00fctt\u00e9rz\u00e9st mindenki ir\u00e1nt. A medit\u00e1ci\u00f3 r\u00e9v\u00e9n, egy fejlett Agnya csakra \u00e9retts\u00e9ge feloldja minden eg\u00f3nkat, kondicion\u00e1lts\u00e1gunkat, szok\u00e1sainkat, a rasszizmussal kapcsolatos t\u00e9vhiteket \u00e9s minden hamis azonosul\u00e1st. A szent\u00edr\u00e1sok \u00fagy \u00edrj\u00e1k le, mint a keskeny kaput, amely megnyitja az utat a tudatoss\u00e1gunk el\u0151tt, hogy el\u00e9rje v\u00e9gs\u0151 c\u00e9lj\u00e1t, a hetedik k\u00f6zpontot, a Sahasrara csakr\u00e1t, amely a l\u00e9tez\u00e9s legtiszt\u00e1bb spiritu\u00e1lis birodalm\u00e1t jelk\u00e9pezi.<\/p>\n\t\t<iframe loading=\"lazy\" title=\"Agnya Chakra\" width=\"1920\" height=\"1080\" src=\"https:\/\/www.youtube.com\/embed\/Fu9CT50ZFSc?feature=oembed\" frameborder=\"0\" allow=\"accelerometer; autoplay; clipboard-write; encrypted-media; gyroscope; picture-in-picture; web-share\" allowfullscreen><\/iframe>\t\n\t<strong>Elhelyezked\u00e9s:<br \/>\n<\/strong>Az Agnya csakra az agyunkban tal\u00e1lhat\u00f3, k\u00f6r\u00fclbel\u00fcl a l\u00e1t\u00f3idegek rostjaink tal\u00e1lkoz\u00e1s\u00e1n\u00e1l (az orvosi terminol\u00f3gi\u00e1ban chiasma opticum-nak nevezik) a homlokunk k\u00f6zep\u00e9n. Az Agnya csakra vibr\u00e1ci\u00f3it a gy\u0171r\u0171sujjainkon \u00e9rezhetj\u00fck.\n<strong>Sz\u00edn:<br \/>\n<\/strong>Az Agnya csakr\u00e1t az ez\u00fcst sz\u00edn k\u00e9pviseli. Ez a csakra a f\u00e9ny esszenci\u00e1j\u00e1val van kapcsolatban.\n<strong>Az Agnya Csakra tulajdons\u00e1gai a k\u00f6vetkez\u0151k:<br \/>\n<\/strong>\u2022 Megbocs\u00e1t\u00e1s<br \/>\n\u2022 Egy\u00fctt\u00e9rz\u00e9s<br \/>\n\u2022 Al\u00e1zat<br \/>\n\u2022 Gondolatmentes tudatoss\u00e1g<br \/>\n\u2022 Ego \u00e9s szuperego\n<figure itemscope itemtype=\"https:\/\/schema.org\/ImageObject\">\n\t\t\t\t<a href=\"https:\/\/shrimataji.org\/test\/wp-content\/uploads\/2023\/02\/6-Agnya-01.png\"  target=\"_blank\" rel=\"noopener\"  itemprop=\"url\">\n\t\t\t\t<img decoding=\"async\" src=\"https:\/\/shrimataji.org\/test\/wp-content\/uploads\/2026\/04\/hu-6-Agnya-01-scaled.png\" alt=\"hu-6-Agnya-01\" height=\"2560\" width=\"2402\" title=\"hu-6-Agnya-01\" onerror=\"this.style.display='none'\" loading=\"lazy\" \/>\n\t\t\t\t<\/a>\n\t<\/figure>\n\t<p>Az Agnya els\u0151dleges tulajdons\u00e1ga a megbocs\u00e1t\u00e1s. Ennek a csakr\u00e1nak a fel\u00e9bred\u00e9s\u00e9vel fejlesztj\u00fck ki azt a k\u00e9pess\u00e9get, hogy meg tudjuk bocs\u00e1tani magunk \u00e9s m\u00e1sok emberi hi\u00e1nyoss\u00e1gait. Az Agnya csakr\u00e1t \u201ea harmadik szem&#8221;-nek is nevezik. Ez a harmadik szem nem az ezoterikus k\u00e9pek l\u00e1t\u00e1s\u00e1r\u00f3l vagy a l\u00e1tnoki k\u00e9pess\u00e9gekr\u0151l sz\u00f3l, ahogyan azt sok m\u00e1s j\u00f3gagyakorl\u00f3 \u00e1ll\u00edtja, hanem azon szeml\u00e9let\u00fcnk megv\u00e1ltoztat\u00e1s\u00e1r\u00f3l, amelyhez t\u00f6bbnyire ment\u00e1lis \u00e9s \u00e9rzelmi el\u0151\u00edt\u00e9leteink r\u00e9v\u00e9n szoktunk hozz\u00e1. Ugyanaz az \u00e9let, amely stresszes volt, gyakran unalmas vagy \u00e9rtelem n\u00e9lk\u00fcli, az \u00f6nmegval\u00f3sul\u00e1s \u00e9s az Agnya csakra megny\u00edl\u00e1sa ut\u00e1n megtelik \u00f6r\u00f6mmel, szeretettel \u00e9s egy\u00fctt\u00e9rz\u00e9ssel, ahogyan r\u00e1\u00e9bred\u00fcnk sz\u00fclet\u00e9s\u00fcnk val\u00f3di c\u00e9lj\u00e1ra. Sem a b\u0151s\u00e9g, sem az \u00edns\u00e9g nem tud felemelni vagy csal\u00f3d\u00e1st okozni nek\u00fcnk, mivel k\u00e9nyelmesen helyezkedt\u00fcnk el spiritu\u00e1lis term\u00e9szet\u00fcnk val\u00f3s\u00e1g\u00e1ban. E magasabb szint el\u00e9r\u00e9se seg\u00edt meg\u00e9rten\u00fcnk, hogy Gautama Buddha mi\u00e9rt nem \u00e9rezte soha sz\u00fcks\u00e9g\u00e9t, hogy megvil\u00e1gosod\u00e1sa ut\u00e1n visszat\u00e9rjen palot\u00e1ja k\u00e9nyelm\u00e9be.<\/p>\n<strong>Tapasztalat \u00e9s el\u0151ny\u00f6k:<\/strong><br \/>\nAz Agnya csakr\u00e1nk ir\u00e1ny\u00edtja a l\u00e1t\u00e1sunkat, a gondolatainkat \u00e9s r\u00e9szben a hall\u00e1sunkat. Az agyalapi mirigyet is szab\u00e1lyozza. Ez az esszenci\u00e1lis mirigy, m\u00e1s n\u00e9ven &#8220;mestermirigy&#8221;, szab\u00e1lyozza az \u00f6sszes t\u00f6bbi endokrin mirigyet \u00e9s befoly\u00e1solja a n\u00f6veked\u00e9s\u00fcnket, \u00e9lettani fejl\u0151d\u00e9s\u00fcnket, anyagcser\u00e9nket \u00e9s alv\u00e1sunkat. Sokan, munk\u00e1nk r\u00e9szek\u00e9nt hossz\u00fa \u00f3r\u00e1kat t\u00f6lt\u00fcnk a sz\u00e1m\u00edt\u00f3g\u00e9p \u00e9s a televizi\u00f3 el\u0151tt is. A t\u00fal sok vizu\u00e1lis inger gyeng\u00edtheti az Agnya csakr\u00e1t. A Sahaja j\u00f3ga medit\u00e1ci\u00f3 rendszeres gyakorl\u00e1s\u00e1val azonban jav\u00edthatunk ezen. Az Agnya bal oldali r\u00e9sze kapcsol\u00f3dik az agy szupereg\u00f3 r\u00e9sz\u00e9hez, mely meg\u0151rzi az eml\u00e9keket, a tapasztalatokat, a szok\u00e1sokat \u00e9s az \u00e9rzelmeket. A jobb oldali r\u00e9sze pedig az eg\u00f3hoz kapcsol\u00f3dik, mely a gondolkod\u00e1son, tervez\u00e9sen \u00e9s cselekv\u00e9sen kereszt\u00fcl a j\u00f6v\u0151re \u00f6sszpontos\u00edt. Az eg\u00f3 \u00e9s szupereg\u00f3 az Agnya csakra szintj\u00e9n keresztezik egym\u00e1st.\n<p>Ha a bal Agnya t\u00fal akt\u00edv, a szupereg\u00f3 felf\u00fav\u00f3dhat, mint egy l\u00e9gg\u00f6mb. A t\u00falzott figyelem a m\u00falton, er\u0151s \u00e9rzelmi be\u00e1ll\u00edtotts\u00e1g \u00e9s \u00f6npuszt\u00edt\u00f3 gondolatok vagy viselked\u00e9s kialakul\u00e1s\u00e1hoz vezethet. Hasonl\u00f3an, ha a jobb oldali Agnya t\u00falzottan akt\u00edv, akkor az eg\u00f3 f\u00fav\u00f3dik fel a t\u00falzott gondolkod\u00e1s \u00e9s tervez\u00e9s miatt. Ez nyugtalans\u00e1ghoz, az \u00f6nuralom gyakori elveszt\u00e9s\u00e9hez, ak\u00e1r m\u00e1sokkal szembeni indulatos, agressz\u00edv viselked\u00e9shez vezethet.<\/p>\n<p>Szerencs\u00e9re, amikor a Kundalini energia bel\u00e9p az Agnya csakr\u00e1ba, az nagyon hat\u00e9konyan egyens\u00falyba hozza, valamint leereszti az eg\u00f3t \u00e9s a szupereg\u00f3t. A medit\u00e1ci\u00f3b\u00f3l fakad\u00f3 csend az elm\u00e9ben al\u00e1zatot \u00e9breszt mindannyiunkban. Az al\u00e1zat fejleszti ki benn\u00fcnk a megbocs\u00e1t\u00e1s erej\u00e9t. A megbocs\u00e1t\u00e1s az elfogad\u00e1st \u00e9s a gy\u00f3gyul\u00e1st jelenti, megszabad\u00edt a harag, a gy\u0171l\u00f6let \u00e9s a neheztel\u00e9s negat\u00edv k\u00f6tel\u00e9keit\u0151l. A megbocs\u00e1t\u00e1skor a b\u00e9ke \u00e9s megk\u00f6nnyebb\u00fcl\u00e9s \u00e9rz\u00e9s\u00e9t tapasztalhatjuk meg.<\/p>\n<strong>\u00d6n\u00e9rt\u00e9kel\u00e9s:<br \/>\n<\/strong>Ha az Agnya csakr\u00e1ban akad\u00e1ly van, el\u0151fordulhat, hogy k\u00e9ptelen vagy megbocs\u00e1tani magadnak vagy m\u00e1soknak. Lehet, hogy a m\u00falton elm\u00e9lkedsz, vagy eluralkodik rajtad az \u00f6nsajn\u00e1lat. Az egoizmus \u00e9s az agresszi\u00f3, valamint a megsz\u00e1llott \u00e9rdekl\u0151d\u00e9s a pornogr\u00e1fia vagy a figyelmet elvon\u00f3 szexu\u00e1lis fant\u00e1zi\u00e1l\u00e1s ir\u00e1nt, az Agnya egyens\u00faly\u00e1nak hi\u00e1ny\u00e1t jelzik. Az aggodalmaskod\u00e1s, a t\u00falzott gondolkod\u00e1s \u00e9s tervez\u00e9s szint\u00e9n az Agnya csakra akad\u00e1lyaira utal.\n<p><strong>Az egyens\u00faly hi\u00e1ny\u00e1nak okai:<\/strong><\/p>\n<ul>\n<li>Merev elk\u00e9pzel\u00e9sek.<\/li>\n<li>Megr\u00f6gz\u00f6tt viselked\u00e9si mint\u00e1k.<\/li>\n<li>Sz\u00e9ls\u0151s\u00e9ges cselekedetek.<\/li>\n<\/ul>\n<strong>A kiegyens\u00falyoz\u00e1s m\u00f3dja:<br \/>\n<\/strong>Az Agnya csakra egyens\u00faly\u00e1nak helyre\u00e1ll\u00edt\u00e1sa \u00e9rdek\u00e9ben v\u00e9gezd el a medit\u00e1ci\u00f3s gyakorlatokat, ha lehet a term\u00e9szetben. Pr\u00f3b\u00e1lj meg a szabadban medit\u00e1lni, \u00e9s n\u00e9zd k\u00f6zben az eget. Tedd a jobb kezed a homlokodra \u00e9s kiss\u00e9 hajtsd el\u0151re a fejed. Mondd: \u201eMegbocs\u00e1tok mindenkinek, megbocs\u00e1tok magamnak is.&#8221; Pr\u00f3b\u00e1lj sz\u00edvb\u0151l megbocs\u00e1tani.\n<p>Legjobban \u00fagy tudod egyens\u00falyban tartani az Agnya csakr\u00e1t, ha ker\u00fcl\u00f6d a t\u00falzott gondolkod\u00e1st \u00e9s tervez\u00e9st. \u00c9lj a jelenben \u00e9s \u00e9lvezz minden percet!<\/p>\n\n","protected":false},"excerpt":{"rendered":"<p>Agnya csakra A megbocs\u00e1t\u00e1s ereje Ennek a csakr\u00e1nak a l\u00e9nyege a megbocs\u00e1t\u00e1s. Amikor nem bocs\u00e1tunk meg, val\u00f3j\u00e1ban magunknak \u00e1rtunk az\u00e1ltal, hogy kibillentj\u00fck ezt a csakr\u00e1t az egyens\u00faly\u00e1b\u00f3l. A megbocs\u00e1t\u00e1s az az er\u0151, mellyel elengedj\u00fck a haragot, a gy\u0171l\u00f6letet \u00e9s a neheztel\u00e9st, ami nem k\u00f6nny\u0171 az \u00f6nmegval\u00f3sul\u00e1s el\u0151tt. Azzal, hogy egyszer\u0171en \u0151szinte sz\u00edvb\u0151l kimondjuk: \u201eMegbocs\u00e1tok&#8221;, a\u00a0Kundalinink\u00a0be&hellip; <br \/> <a class=\"read-more\" href=\"https:\/\/shrimataji.org\/test\/hu\/agnya-chakra\/\">Read more<\/a><\/p>\n","protected":false},"author":1,"featured_media":19156,"parent":0,"menu_order":0,"comment_status":"closed","ping_status":"closed","template":"","meta":{"inline_featured_image":false,"footnotes":""},"class_list":["post-19433","page","type-page","status-publish","has-post-thumbnail","hentry"],"yoast_head":"<!-- This site is optimized with the Yoast SEO plugin v27.4 - https:\/\/yoast.com\/product\/yoast-seo-wordpress\/ -->\n<title>Agnya csakra - TEST - SMND<\/title>\n<meta name=\"robots\" content=\"noindex, follow, max-snippet:-1, max-image-preview:large, max-video-preview:-1\" \/>\n<meta property=\"og:locale\" content=\"en_US\" \/>\n<meta property=\"og:type\" content=\"article\" \/>\n<meta property=\"og:title\" content=\"Agnya csakra - TEST - SMND\" \/>\n<meta property=\"og:description\" content=\"Agnya csakra A megbocs\u00e1t\u00e1s ereje Ennek a csakr\u00e1nak a l\u00e9nyege a megbocs\u00e1t\u00e1s. Amikor nem bocs\u00e1tunk meg, val\u00f3j\u00e1ban magunknak \u00e1rtunk az\u00e1ltal, hogy kibillentj\u00fck ezt a csakr\u00e1t az egyens\u00faly\u00e1b\u00f3l. A megbocs\u00e1t\u00e1s az az er\u0151, mellyel elengedj\u00fck a haragot, a gy\u0171l\u00f6letet \u00e9s a neheztel\u00e9st, ami nem k\u00f6nny\u0171 az \u00f6nmegval\u00f3sul\u00e1s el\u0151tt. Azzal, hogy egyszer\u0171en \u0151szinte sz\u00edvb\u0151l kimondjuk: \u201eMegbocs\u00e1tok&#8221;, a\u00a0Kundalinink\u00a0be&hellip; Read more\" \/>\n<meta property=\"og:url\" content=\"https:\/\/shrimataji.org\/test\/hu\/agnya-chakra\/\" \/>\n<meta property=\"og:site_name\" content=\"TEST - SMND\" \/>\n<meta property=\"article:publisher\" content=\"https:\/\/www.facebook.com\/shrimataji\" \/>\n<meta property=\"article:modified_time\" content=\"2026-04-18T14:36:35+00:00\" \/>\n<meta property=\"og:image\" content=\"https:\/\/shrimataji.org\/test\/wp-content\/uploads\/2023\/03\/21_Banner-SY-Chakra-agnya-scaled.jpg\" \/>\n\t<meta property=\"og:image:width\" content=\"2560\" \/>\n\t<meta property=\"og:image:height\" content=\"905\" \/>\n\t<meta property=\"og:image:type\" content=\"image\/jpeg\" \/>\n<meta name=\"twitter:card\" content=\"summary_large_image\" \/>\n<meta name=\"twitter:site\" content=\"@shrimataji\" \/>\n<meta name=\"twitter:label1\" content=\"Est. reading time\" \/>\n\t<meta name=\"twitter:data1\" content=\"4 minutes\" \/>\n<script type=\"application\/ld+json\" class=\"yoast-schema-graph\">{\"@context\":\"https:\\\/\\\/schema.org\",\"@graph\":[{\"@type\":\"WebPage\",\"@id\":\"https:\\\/\\\/shrimataji.org\\\/test\\\/hu\\\/agnya-chakra\\\/\",\"url\":\"https:\\\/\\\/shrimataji.org\\\/test\\\/hu\\\/agnya-chakra\\\/\",\"name\":\"Agnya csakra - TEST - SMND\",\"isPartOf\":{\"@id\":\"https:\\\/\\\/shrimataji.org\\\/test\\\/#website\"},\"primaryImageOfPage\":{\"@id\":\"https:\\\/\\\/shrimataji.org\\\/test\\\/hu\\\/agnya-chakra\\\/#primaryimage\"},\"image\":{\"@id\":\"https:\\\/\\\/shrimataji.org\\\/test\\\/hu\\\/agnya-chakra\\\/#primaryimage\"},\"thumbnailUrl\":\"https:\\\/\\\/shrimataji.org\\\/test\\\/wp-content\\\/uploads\\\/2023\\\/03\\\/21_Banner-SY-Chakra-agnya-scaled.jpg\",\"datePublished\":\"2022-03-05T07:57:08+00:00\",\"dateModified\":\"2026-04-18T14:36:35+00:00\",\"breadcrumb\":{\"@id\":\"https:\\\/\\\/shrimataji.org\\\/test\\\/hu\\\/agnya-chakra\\\/#breadcrumb\"},\"inLanguage\":\"en-US\",\"potentialAction\":[{\"@type\":\"ReadAction\",\"target\":[\"https:\\\/\\\/shrimataji.org\\\/test\\\/hu\\\/agnya-chakra\\\/\"]}]},{\"@type\":\"ImageObject\",\"inLanguage\":\"en-US\",\"@id\":\"https:\\\/\\\/shrimataji.org\\\/test\\\/hu\\\/agnya-chakra\\\/#primaryimage\",\"url\":\"https:\\\/\\\/shrimataji.org\\\/test\\\/wp-content\\\/uploads\\\/2023\\\/03\\\/21_Banner-SY-Chakra-agnya-scaled.jpg\",\"contentUrl\":\"https:\\\/\\\/shrimataji.org\\\/test\\\/wp-content\\\/uploads\\\/2023\\\/03\\\/21_Banner-SY-Chakra-agnya-scaled.jpg\",\"width\":2560,\"height\":905},{\"@type\":\"BreadcrumbList\",\"@id\":\"https:\\\/\\\/shrimataji.org\\\/test\\\/hu\\\/agnya-chakra\\\/#breadcrumb\",\"itemListElement\":[{\"@type\":\"ListItem\",\"position\":1,\"name\":\"Home\",\"item\":\"https:\\\/\\\/shrimataji.org\\\/test\\\/uk\\\/home-en\\\/\"},{\"@type\":\"ListItem\",\"position\":2,\"name\":\"Agnya csakra\"}]},{\"@type\":\"WebSite\",\"@id\":\"https:\\\/\\\/shrimataji.org\\\/test\\\/#website\",\"url\":\"https:\\\/\\\/shrimataji.org\\\/test\\\/\",\"name\":\"Shri Mataji Nirmala Devi\",\"description\":\"A Life Dedicated to Humanity\",\"publisher\":{\"@id\":\"https:\\\/\\\/shrimataji.org\\\/test\\\/#\\\/schema\\\/person\\\/a1b3419c6585f164aa96da1ff85715d1\"},\"potentialAction\":[{\"@type\":\"SearchAction\",\"target\":{\"@type\":\"EntryPoint\",\"urlTemplate\":\"https:\\\/\\\/shrimataji.org\\\/test\\\/?s={search_term_string}\"},\"query-input\":{\"@type\":\"PropertyValueSpecification\",\"valueRequired\":true,\"valueName\":\"search_term_string\"}}],\"inLanguage\":\"en-US\"},{\"@type\":[\"Person\",\"Organization\"],\"@id\":\"https:\\\/\\\/shrimataji.org\\\/test\\\/#\\\/schema\\\/person\\\/a1b3419c6585f164aa96da1ff85715d1\",\"name\":\"Nirmala Shrivastava\",\"image\":{\"@type\":\"ImageObject\",\"inLanguage\":\"en-US\",\"@id\":\"https:\\\/\\\/shrimataji.org\\\/test\\\/wp-content\\\/uploads\\\/2023\\\/02\\\/SMO_LOGO-03.svg\",\"url\":\"https:\\\/\\\/shrimataji.org\\\/test\\\/wp-content\\\/uploads\\\/2023\\\/02\\\/SMO_LOGO-03.svg\",\"contentUrl\":\"https:\\\/\\\/shrimataji.org\\\/test\\\/wp-content\\\/uploads\\\/2023\\\/02\\\/SMO_LOGO-03.svg\",\"width\":\"1024\",\"height\":\"1024\",\"caption\":\"Nirmala Shrivastava\"},\"logo\":{\"@id\":\"https:\\\/\\\/shrimataji.org\\\/test\\\/wp-content\\\/uploads\\\/2023\\\/02\\\/SMO_LOGO-03.svg\"},\"sameAs\":[\"https:\\\/\\\/shrimataji.org\\\/test\",\"https:\\\/\\\/www.facebook.com\\\/shrimataji\",\"https:\\\/\\\/x.com\\\/shrimataji\",\"https:\\\/\\\/www.youtube.com\\\/@Shri_Mataji_Nirmala_Devi\\\/featured\"]}]}<\/script>\n<!-- \/ Yoast SEO plugin. -->","yoast_head_json":{"title":"Agnya csakra - TEST - SMND","robots":{"index":"noindex","follow":"follow","max-snippet":"max-snippet:-1","max-image-preview":"max-image-preview:large","max-video-preview":"max-video-preview:-1"},"og_locale":"en_US","og_type":"article","og_title":"Agnya csakra - TEST - SMND","og_description":"Agnya csakra A megbocs\u00e1t\u00e1s ereje Ennek a csakr\u00e1nak a l\u00e9nyege a megbocs\u00e1t\u00e1s. Amikor nem bocs\u00e1tunk meg, val\u00f3j\u00e1ban magunknak \u00e1rtunk az\u00e1ltal, hogy kibillentj\u00fck ezt a csakr\u00e1t az egyens\u00faly\u00e1b\u00f3l. A megbocs\u00e1t\u00e1s az az er\u0151, mellyel elengedj\u00fck a haragot, a gy\u0171l\u00f6letet \u00e9s a neheztel\u00e9st, ami nem k\u00f6nny\u0171 az \u00f6nmegval\u00f3sul\u00e1s el\u0151tt. Azzal, hogy egyszer\u0171en \u0151szinte sz\u00edvb\u0151l kimondjuk: \u201eMegbocs\u00e1tok&#8221;, a\u00a0Kundalinink\u00a0be&hellip; Read more","og_url":"https:\/\/shrimataji.org\/test\/hu\/agnya-chakra\/","og_site_name":"TEST - SMND","article_publisher":"https:\/\/www.facebook.com\/shrimataji","article_modified_time":"2026-04-18T14:36:35+00:00","og_image":[{"width":2560,"height":905,"url":"https:\/\/shrimataji.org\/test\/wp-content\/uploads\/2023\/03\/21_Banner-SY-Chakra-agnya-scaled.jpg","type":"image\/jpeg"}],"twitter_card":"summary_large_image","twitter_site":"@shrimataji","twitter_misc":{"Est. reading time":"4 minutes"},"schema":{"@context":"https:\/\/schema.org","@graph":[{"@type":"WebPage","@id":"https:\/\/shrimataji.org\/test\/hu\/agnya-chakra\/","url":"https:\/\/shrimataji.org\/test\/hu\/agnya-chakra\/","name":"Agnya csakra - TEST - SMND","isPartOf":{"@id":"https:\/\/shrimataji.org\/test\/#website"},"primaryImageOfPage":{"@id":"https:\/\/shrimataji.org\/test\/hu\/agnya-chakra\/#primaryimage"},"image":{"@id":"https:\/\/shrimataji.org\/test\/hu\/agnya-chakra\/#primaryimage"},"thumbnailUrl":"https:\/\/shrimataji.org\/test\/wp-content\/uploads\/2023\/03\/21_Banner-SY-Chakra-agnya-scaled.jpg","datePublished":"2022-03-05T07:57:08+00:00","dateModified":"2026-04-18T14:36:35+00:00","breadcrumb":{"@id":"https:\/\/shrimataji.org\/test\/hu\/agnya-chakra\/#breadcrumb"},"inLanguage":"en-US","potentialAction":[{"@type":"ReadAction","target":["https:\/\/shrimataji.org\/test\/hu\/agnya-chakra\/"]}]},{"@type":"ImageObject","inLanguage":"en-US","@id":"https:\/\/shrimataji.org\/test\/hu\/agnya-chakra\/#primaryimage","url":"https:\/\/shrimataji.org\/test\/wp-content\/uploads\/2023\/03\/21_Banner-SY-Chakra-agnya-scaled.jpg","contentUrl":"https:\/\/shrimataji.org\/test\/wp-content\/uploads\/2023\/03\/21_Banner-SY-Chakra-agnya-scaled.jpg","width":2560,"height":905},{"@type":"BreadcrumbList","@id":"https:\/\/shrimataji.org\/test\/hu\/agnya-chakra\/#breadcrumb","itemListElement":[{"@type":"ListItem","position":1,"name":"Home","item":"https:\/\/shrimataji.org\/test\/uk\/home-en\/"},{"@type":"ListItem","position":2,"name":"Agnya csakra"}]},{"@type":"WebSite","@id":"https:\/\/shrimataji.org\/test\/#website","url":"https:\/\/shrimataji.org\/test\/","name":"Shri Mataji Nirmala Devi","description":"A Life Dedicated to Humanity","publisher":{"@id":"https:\/\/shrimataji.org\/test\/#\/schema\/person\/a1b3419c6585f164aa96da1ff85715d1"},"potentialAction":[{"@type":"SearchAction","target":{"@type":"EntryPoint","urlTemplate":"https:\/\/shrimataji.org\/test\/?s={search_term_string}"},"query-input":{"@type":"PropertyValueSpecification","valueRequired":true,"valueName":"search_term_string"}}],"inLanguage":"en-US"},{"@type":["Person","Organization"],"@id":"https:\/\/shrimataji.org\/test\/#\/schema\/person\/a1b3419c6585f164aa96da1ff85715d1","name":"Nirmala Shrivastava","image":{"@type":"ImageObject","inLanguage":"en-US","@id":"https:\/\/shrimataji.org\/test\/wp-content\/uploads\/2023\/02\/SMO_LOGO-03.svg","url":"https:\/\/shrimataji.org\/test\/wp-content\/uploads\/2023\/02\/SMO_LOGO-03.svg","contentUrl":"https:\/\/shrimataji.org\/test\/wp-content\/uploads\/2023\/02\/SMO_LOGO-03.svg","width":"1024","height":"1024","caption":"Nirmala Shrivastava"},"logo":{"@id":"https:\/\/shrimataji.org\/test\/wp-content\/uploads\/2023\/02\/SMO_LOGO-03.svg"},"sameAs":["https:\/\/shrimataji.org\/test","https:\/\/www.facebook.com\/shrimataji","https:\/\/x.com\/shrimataji","https:\/\/www.youtube.com\/@Shri_Mataji_Nirmala_Devi\/featured"]}]}},"lang":"hu","translations":{"hu":19433,"ur":37387,"en":6497,"am":17958,"th":19882,"sq":18359,"zh":17256,"hi":7347,"tr":10131,"pt":10348,"de":10621,"fr":10719,"it":10817,"es":10915,"ja":11212,"ru":11400,"bn":11592,"te":11700,"sw":11823,"he":11971,"el":12262,"sk":12360,"fa":12458,"fi":12556,"bg":13366,"ro":14440,"cs":14633,"nl":16519,"ku":16679,"ar":16855,"be":18566,"kn":18840,"mr":20246,"uk":20538,"ml":20837,"ta":22674,"sv":22947,"gu":28795,"pa":28953,"fil":29393,"da":37701,"pl":37918,"nn":38253},"pll_sync_post":[],"_links":{"self":[{"href":"https:\/\/shrimataji.org\/test\/wp-json\/wp\/v2\/pages\/19433","targetHints":{"allow":["GET"]}}],"collection":[{"href":"https:\/\/shrimataji.org\/test\/wp-json\/wp\/v2\/pages"}],"about":[{"href":"https:\/\/shrimataji.org\/test\/wp-json\/wp\/v2\/types\/page"}],"author":[{"embeddable":true,"href":"https:\/\/shrimataji.org\/test\/wp-json\/wp\/v2\/users\/1"}],"replies":[{"embeddable":true,"href":"https:\/\/shrimataji.org\/test\/wp-json\/wp\/v2\/comments?post=19433"}],"version-history":[{"count":0,"href":"https:\/\/shrimataji.org\/test\/wp-json\/wp\/v2\/pages\/19433\/revisions"}],"wp:featuredmedia":[{"embeddable":true,"href":"https:\/\/shrimataji.org\/test\/wp-json\/wp\/v2\/media\/19156"}],"wp:attachment":[{"href":"https:\/\/shrimataji.org\/test\/wp-json\/wp\/v2\/media?parent=19433"}],"curies":[{"name":"wp","href":"https:\/\/api.w.org\/{rel}","templated":true}]}}