{"id":19435,"date":"2022-03-05T07:42:03","date_gmt":"2022-03-05T07:42:03","guid":{"rendered":"https:\/\/test.shrimataji.org\/?page_id=6490"},"modified":"2026-04-21T13:34:31","modified_gmt":"2026-04-21T13:34:31","slug":"anahata-chakra","status":"publish","type":"page","link":"https:\/\/shrimataji.org\/test\/hu\/anahata-chakra\/","title":{"rendered":"Anahata csakra"},"content":{"rendered":"\n\n\t<h1>Anahata csakra<\/h1>\n<h2>Felt\u00e9tel n\u00e9lk\u00fcli szeretet \u00e9s f\u00e9lelemn\u00e9lk\u00fclis\u00e9g<\/h2>\n<h4>Az \u00f6r\u00f6k, mindent \u00e1that\u00f3 L\u00e9lek (Atma) legel\u0151sz\u00f6r az emberi magzat kialakul\u00e1s\u00e1nak korai szakasz\u00e1ban l\u00e9p be az embri\u00f3ba. Shri Mataji ezt a pillanatot az els\u0151 sz\u00edvdobban\u00e1sk\u00e9nt \u00edrja le, amely beind\u00edtja az \u00e9leter\u0151t benn\u00fcnk, \u00e9s l\u00e9trehozza az esem\u00e9nyek l\u00e1ncolat\u00e1t, melyben <a href=\"https:\/\/shrimataji.org\/test\/kundalini\/\">Kundalinink<\/a> \u00f6sszefonja a finom test\u00fcnket a fizikai test fejl\u0151d\u00e9s\u00e9vel. Ez a l\u00fcktet\u0151 sz\u00edv, mely a magzat fej\u00e9hez k\u00f6zel alakul ki, k\u00e9s\u0151bb lefel\u00e9 tol\u00f3dik a mellkasba, ahogy a test\u00fcnk fejl\u0151dik. Ott nyugszik \u00f6r\u00f6kk\u00e9 tiszt\u00e1n \u00e9s \u00e9let\u00fcnk esem\u00e9nyeit\u0151l \u00e9rintetlen\u00fcl, mint egy n\u00e9z\u0151, szeml\u00e9lve az \u00e9let j\u00e1t\u00e9k\u00e1t.<\/h4>\n<p>Amikor a Kundalini megvil\u00e1gos\u00edtja ezt a k\u00f6zpontot, megtapasztaljuk a tiszta, felt\u00e9tel n\u00e9lk\u00fcli szeretet \u00e9rz\u00e9s\u00e9t, mely Lelk\u00fcnk val\u00f3di term\u00e9szete. Kifejl\u0151dik benn\u00fcnk a vil\u00e1gi \u00e9let\u00fcnkt\u0151l val\u00f3 f\u00fcggetlens\u00e9g \u00e9rz\u00e9se, ahogy tudatoss\u00e1gunk visszah\u00faz\u00f3dik azokb\u00f3l az ill\u00fazi\u00f3kb\u00f3l, melyekbe a Void (a harmadik csakr\u00e1t k\u00f6r\u00fclvev\u0151 t\u00e9r) szintj\u00e9n elveszt\u00fcnk. R\u00e1ad\u00e1sul, amint megszabadulunk az illuzi\u00f3kt\u00f3l, teljesen f\u00e9lelemn\u00e9lk\u00fcliv\u00e9 v\u00e1lunk.<\/p>\n<p>Az egy\u00fctt\u00e9rz\u00e9s \u00e9s a szeretet a tiszta sz\u00edvb\u0151l nyilv\u00e1nul meg \u00e9s a a m\u00e1sok ir\u00e1nti felel\u0151ss\u00e9g\u00e9rzetet, j\u00f3indulatot is a sz\u00edv csakra adja. Ez a csakra ny\u00fajt nek\u00fcnk teljes biztons\u00e1got \u00e9s magabiztoss\u00e1got is. Az ilyen szem\u00e9lyis\u00e9g nagyon dinamikus, tele van j\u00f6v\u0151k\u00e9ppel \u00e9s \u00e9letc\u00e9llal. Ennek klasszikus p\u00e9ld\u00e1ja Gandhi, akinek \u00f6nzetlen er\u0151fesz\u00edt\u00e9se hozz\u00e1j\u00e1rult India f\u00fcggetlens\u00e9g\u00e9hez.<\/p>\n\t\t<iframe loading=\"lazy\" title=\"Anahata Chakra\" width=\"1920\" height=\"1080\" src=\"https:\/\/www.youtube.com\/embed\/Hj3SNT9-pfk?feature=oembed\" frameborder=\"0\" allow=\"accelerometer; autoplay; clipboard-write; encrypted-media; gyroscope; picture-in-picture; web-share\" allowfullscreen><\/iframe>\t\n\t<strong>Elhelyezked\u00e9s:<\/strong><br \/>\nAz Anahata csakra a gerincoszlopunkban tal\u00e1lhat\u00f3. K\u00f6r\u00fclbel\u00fcl a mellkas szintj\u00e9n helyezkedik el, a szegycsontunk magass\u00e1g\u00e1ban. Ez a k\u00f6zpont szab\u00e1lyozza a sz\u00edvfonat m\u0171k\u00f6d\u00e9s\u00e9t. Az Anahata csakra vibr\u00e1ci\u00f3it mindk\u00e9t kez\u00fcnk\u00f6n a kisujjainkon \u00e9rezhetj\u00fck.\n<strong>Sz\u00edn:<br \/>\n<\/strong>Az Anahata csakr\u00e1t a v\u00f6r\u00f6s sz\u00edn k\u00e9pviseli. A leveg\u0151 alapvet\u0151 elem\u00e9vel van \u00f6sszhangban.\n<strong>Az Anahata csakra tulajdons\u00e1gai a k\u00f6vetkez\u0151k:<\/strong><br \/>\n\u2022 Felt\u00e9tel n\u00e9lk\u00fcli szeretet<br \/>\n\u2022 Felt\u00e9tel n\u00e9lk\u00fcli egy\u00fctt\u00e9rz\u00e9s<br \/>\n\u2022 Kegyes viselked\u00e9s<br \/>\n\u2022 Igazs\u00e1g<br \/>\n\u2022 \u00d6r\u00f6m<br \/>\n\u2022 Magabiztoss\u00e1g<br \/>\n\u2022 A f\u00e9lelem hi\u00e1nya \u00e9s biztons\u00e1g\u00e9rzet az \u00e9letben<br \/>\n\u2022 Pozit\u00edv apai \u00e9s anyai kapcsolatok\n<figure itemscope itemtype=\"https:\/\/schema.org\/ImageObject\">\n\t\t\t\t<a href=\"https:\/\/shrimataji.org\/test\/wp-content\/uploads\/2023\/02\/4-Anahata-01.png\"  target=\"_blank\" rel=\"noopener\"  itemprop=\"url\">\n\t\t\t\t<img decoding=\"async\" src=\"https:\/\/shrimataji.org\/test\/wp-content\/uploads\/2026\/04\/hu-4-Anahata-01-scaled.png\" alt=\"hu-4-Anahata-01\" height=\"2560\" width=\"2403\" title=\"hu-4-Anahata-01\" onerror=\"this.style.display='none'\" loading=\"lazy\" \/>\n\t\t\t\t<\/a>\n\t<\/figure>\n\t<p>Az Anahata csakra alapvet\u0151 tulajdons\u00e1ga a felt\u00e9tel n\u00e9lk\u00fcli szeretet. Ennek a csakr\u00e1nak az \u00f6nmegval\u00f3sul\u00e1s ut\u00e1ni aktiv\u00e1l\u00e1sa lehet\u0151v\u00e9 teszi sz\u00e1munkra, hogy magabiztosnak, erk\u00f6lcsileg felel\u0151snek \u00e9s \u00e9rzelmileg kiegyens\u00falyozottnak \u00e9rezz\u00fck magunkat. Amikor ennek a finom k\u00f6zpontnak a tulajdons\u00e1gai kibontakoznak a tudatunkban, akkor megtapasztaljuk a l\u00e9tez\u00e9s tiszta \u00f6r\u00f6m\u00e9t. Felfedezz\u00fck \u00e9let\u00fcnk val\u00f3di c\u00e9lj\u00e1t, \u00e9s folyamatosan arra t\u00f6reksz\u00fcnk, hogy fejl\u0151dj\u00fcnk \u00e9s el\u00e9rj\u00fck a spiritu\u00e1lis tudatoss\u00e1g magasabb szintj\u00e9t.<\/p>\n<strong>Tapasztalat \u00e9s el\u0151ny\u00f6k:<\/strong><br \/>\nAz Anahata csakra legfontosabb \u00e9lettani funkci\u00f3ja a sz\u00edv \u00e9s a t\u00fcd\u0151 szab\u00e1lyoz\u00e1sa. Ezek a szervek felel\u0151sek a kering\u00e9s\u00e9rt \u00e9s a l\u00e9gz\u0151rendszer\u00e9rt, \u00edgy a megfelel\u0151 m\u0171k\u00f6d\u00e9s\u00fck elengedhetetlen. Az Anahata csakra szab\u00e1lyozza a melleket \u00e9s a csecsem\u0151mirigyet is. A csecsem\u0151mirigy egy kis mirigy, amely a szegycsont teteje m\u00f6g\u00f6tt tal\u00e1lhat\u00f3 gyermekkorban. Elengedhetetlen az immunrendszer m\u0171k\u00f6d\u00e9s\u00e9hez.\n<p>Id\u0151nk\u00e9nt \u00f6sszekeverj\u00fck a szeretetet \u00e9s az egy\u00fctt\u00e9rz\u00e9st a birtokl\u00e1s \u00e9s az \u00f6nz\u00e9s kev\u00e9sb\u00e9 k\u00edv\u00e1natos \u00e9rz\u00e9seivel. Mivel a Sahaja J\u00f3ga isteni energi\u00e1val t\u00f6lti meg a sz\u00edv\u00fcnket, k\u00e9pesek vagyunk ezeket megk\u00fcl\u00f6nb\u00f6ztetni. Tiszt\u00e1ban lesz\u00fcnk m\u00e1sok sz\u00fcks\u00e9gleteivel. K\u00e9pess\u00e9 v\u00e1lunk tiszt\u00e1n \u00e9s \u00f6nz\u00e9s n\u00e9lk\u00fcl szeretni.<\/p>\n<p>Mint sok m\u00e1s csakra eset\u00e9ben, a mindennapi \u00e9let adta stressz elz\u00e1r\u00f3d\u00e1shoz \u00e9s egyens\u00falyhi\u00e1nyhoz vezethet. A t\u00falzott gondolkod\u00e1s, a t\u00falzott tervez\u00e9s, a bizonytalans\u00e1g \u00e9s a szorong\u00e1s mind hozz\u00e1j\u00e1rulhatnak az Anahata csakra egyens\u00faly\u00e1nak megboml\u00e1s\u00e1hoz. Ha azonban a medit\u00e1ci\u00f3 sor\u00e1n felt\u00f6ltj\u00fck ezt a csakr\u00e1t, akkor az visszanyeri az egyens\u00falyi \u00e1llapot\u00e1t. \u00d6nbizalommal \u00e9s biztons\u00e1g\u00e9rzettel, immuniss\u00e1 v\u00e1lunk a negat\u00edv hat\u00e1sokkal szemben. Er\u0151s sz\u00edvcsakr\u00e1val, teljes m\u00e9rt\u00e9kben szabadon \u00e9rt\u00e9kelhetj\u00fck az \u00e9let \u00f6r\u00f6m\u00e9t.<\/p>\n<p>Ha anyai vagy apai kapcsolatokban negat\u00edv a tapasztalatunk, akkor egy er\u0151s Anahata csakra m\u00e9g ebben is seg\u00edthet. Megtanuljuk, hogy hat\u00e1rokat szabjunk saj\u00e1t viselked\u00e9s\u00fcnknek, \u00e9s tisztelj\u00fck m\u00e1sok hat\u00e1rait. Ennek eredm\u00e9nyek\u00e9nt minden kapcsolatunk javulni fog.<\/p>\n<strong>\u00d6n\u00e9rt\u00e9kel\u00e9s:<br \/>\n<\/strong>Az Anahata csakra bez\u00e1r\u00f3d\u00e1sa vagy egyens\u00falyhi\u00e1nya, olyan t\u00fcneteket okoz, mint a sz\u00edvdobog\u00e1s, az asztma \u00e9s a legyeng\u00fclt immunrendszer. A legs\u00falyosabb esetekben sz\u00edvinfarktus, mellr\u00e1k \u00e9s t\u00fcd\u0151betegs\u00e9gek fordulhatnak el\u0151. Val\u00f3szin\u0171leg a legt\u00f6bben nem \u00e9rik el ezt az \u00e1llapotot. Ennek a csakr\u00e1nak a kiegyens\u00falyoz\u00e1sa egyszer\u0171, \u00e9s seg\u00edt megel\u0151zni ezeket a s\u00falyos betegs\u00e9geket, valamint a kev\u00e9sb\u00e9 s\u00falyos t\u00fcneteket.\n<p><strong>Az egyens\u00faly hi\u00e1ny\u00e1nak okai:<\/strong><\/p>\n<ul>\n<li>F\u00e9lelem<\/li>\n<li>T\u00falzott felel\u0151ss\u00e9gv\u00e1llal\u00e1s\/a felel\u0151ss\u00e9g hi\u00e1nya<\/li>\n<li>Puszt\u00e1n \u00f6n\u00e9rdek<\/li>\n<\/ul>\n<strong>A kiegyens\u00falyoz\u00e1s m\u00f3dja:<br \/>\n<\/strong>Ha egyens\u00falyba kell hozni az Anahata csakr\u00e1dat, n\u00e9h\u00e1ny m\u00e1sodpercig lassan l\u00e9legezz m\u00e9lyeket. \u00c9rezni fogod, hogy ellazulsz, mik\u00f6zben be- \u00e9s kil\u00e9legzel. Vegy\u00e9l m\u00e9ly leveg\u0151t, \u00e9s tartsd vissza n\u00e9h\u00e1ny m\u00e1sodpercig. L\u00e9legezz ki lassan \u00e9s egyenletesen. Ism\u00e9teld meg a folyamatot t\u00f6bbsz\u00f6r.\n<p>A jobb, k\u00f6z\u00e9ps\u0151 \u00e9s bal Anahata csakra eset\u00e9ben a k\u00f6vetkez\u0151 m\u00f3dszer is haszn\u00e1lhat\u00f3 az egyens\u00faly megteremt\u00e9s\u00e9re. Helyezd a jobb kezed n\u00e9h\u00e1ny centire a k\u00edv\u00e1nt oldalon a sz\u00edvcsakr\u00e1t\u00f3l, teny\u00e9rrel befel\u00e9. Amikor \u00e9rzed, hogy a vibr\u00e1ci\u00f3k \u00e1ramlanak a kezedb\u0151l, forgasd el a k\u00e9zfejed a csakra k\u00f6r\u00fcl az \u00f3ramutat\u00f3 j\u00e1r\u00e1s\u00e1val megegyez\u0151 ir\u00e1nyba. Ism\u00e9teld meg t\u00f6bbsz\u00f6r a forgat\u00e1st.<\/p>\n<p>A bal Anahata csakr\u00e1dat kifejezetten \u00fagy tudod egyens\u00falyba hozni, hogy medit\u00e1ci\u00f3 k\u00f6zben jobb kezed a sz\u00edvedre helyezed. Mondd el t\u00f6bbsz\u00f6r ezeket a szavakat: \u201eEgy vagyok a lelkemmel.&#8221; \u00c9rezd ezeket a szavakat a sz\u00edvedben.<\/p>\n\n","protected":false},"excerpt":{"rendered":"<p>Anahata csakra Felt\u00e9tel n\u00e9lk\u00fcli szeretet \u00e9s f\u00e9lelemn\u00e9lk\u00fclis\u00e9g Az \u00f6r\u00f6k, mindent \u00e1that\u00f3 L\u00e9lek (Atma) legel\u0151sz\u00f6r az emberi magzat kialakul\u00e1s\u00e1nak korai szakasz\u00e1ban l\u00e9p be az embri\u00f3ba. Shri Mataji ezt a pillanatot az els\u0151 sz\u00edvdobban\u00e1sk\u00e9nt \u00edrja le, amely beind\u00edtja az \u00e9leter\u0151t benn\u00fcnk, \u00e9s l\u00e9trehozza az esem\u00e9nyek l\u00e1ncolat\u00e1t, melyben Kundalinink \u00f6sszefonja a finom test\u00fcnket a fizikai test fejl\u0151d\u00e9s\u00e9vel. Ez&hellip; <br \/> <a class=\"read-more\" href=\"https:\/\/shrimataji.org\/test\/hu\/anahata-chakra\/\">Read more<\/a><\/p>\n","protected":false},"author":1,"featured_media":19159,"parent":0,"menu_order":0,"comment_status":"closed","ping_status":"closed","template":"","meta":{"inline_featured_image":false,"footnotes":""},"class_list":["post-19435","page","type-page","status-publish","has-post-thumbnail","hentry"],"yoast_head":"<!-- This site is optimized with the Yoast SEO plugin v27.4 - https:\/\/yoast.com\/product\/yoast-seo-wordpress\/ -->\n<title>Anahata csakra - TEST - SMND<\/title>\n<meta name=\"robots\" content=\"noindex, follow, max-snippet:-1, max-image-preview:large, max-video-preview:-1\" \/>\n<meta property=\"og:locale\" content=\"en_US\" \/>\n<meta property=\"og:type\" content=\"article\" \/>\n<meta property=\"og:title\" content=\"Anahata csakra - TEST - SMND\" \/>\n<meta property=\"og:description\" content=\"Anahata csakra Felt\u00e9tel n\u00e9lk\u00fcli szeretet \u00e9s f\u00e9lelemn\u00e9lk\u00fclis\u00e9g Az \u00f6r\u00f6k, mindent \u00e1that\u00f3 L\u00e9lek (Atma) legel\u0151sz\u00f6r az emberi magzat kialakul\u00e1s\u00e1nak korai szakasz\u00e1ban l\u00e9p be az embri\u00f3ba. Shri Mataji ezt a pillanatot az els\u0151 sz\u00edvdobban\u00e1sk\u00e9nt \u00edrja le, amely beind\u00edtja az \u00e9leter\u0151t benn\u00fcnk, \u00e9s l\u00e9trehozza az esem\u00e9nyek l\u00e1ncolat\u00e1t, melyben Kundalinink \u00f6sszefonja a finom test\u00fcnket a fizikai test fejl\u0151d\u00e9s\u00e9vel. Ez&hellip; Read more\" \/>\n<meta property=\"og:url\" content=\"https:\/\/shrimataji.org\/test\/hu\/anahata-chakra\/\" \/>\n<meta property=\"og:site_name\" content=\"TEST - SMND\" \/>\n<meta property=\"article:publisher\" content=\"https:\/\/www.facebook.com\/shrimataji\" \/>\n<meta property=\"article:modified_time\" content=\"2026-04-21T13:34:31+00:00\" \/>\n<meta property=\"og:image\" content=\"https:\/\/shrimataji.org\/test\/wp-content\/uploads\/2023\/03\/19_Banner-SY-Chakra-anahat-scaled.jpg\" \/>\n\t<meta property=\"og:image:width\" content=\"2560\" \/>\n\t<meta property=\"og:image:height\" content=\"905\" \/>\n\t<meta property=\"og:image:type\" content=\"image\/jpeg\" \/>\n<meta name=\"twitter:card\" content=\"summary_large_image\" \/>\n<meta name=\"twitter:site\" content=\"@shrimataji\" \/>\n<meta name=\"twitter:label1\" content=\"Est. reading time\" \/>\n\t<meta name=\"twitter:data1\" content=\"4 minutes\" \/>\n<script type=\"application\/ld+json\" class=\"yoast-schema-graph\">{\"@context\":\"https:\\\/\\\/schema.org\",\"@graph\":[{\"@type\":\"WebPage\",\"@id\":\"https:\\\/\\\/shrimataji.org\\\/test\\\/hu\\\/anahata-chakra\\\/\",\"url\":\"https:\\\/\\\/shrimataji.org\\\/test\\\/hu\\\/anahata-chakra\\\/\",\"name\":\"Anahata csakra - TEST - SMND\",\"isPartOf\":{\"@id\":\"https:\\\/\\\/shrimataji.org\\\/test\\\/#website\"},\"primaryImageOfPage\":{\"@id\":\"https:\\\/\\\/shrimataji.org\\\/test\\\/hu\\\/anahata-chakra\\\/#primaryimage\"},\"image\":{\"@id\":\"https:\\\/\\\/shrimataji.org\\\/test\\\/hu\\\/anahata-chakra\\\/#primaryimage\"},\"thumbnailUrl\":\"https:\\\/\\\/shrimataji.org\\\/test\\\/wp-content\\\/uploads\\\/2023\\\/03\\\/19_Banner-SY-Chakra-anahat-scaled.jpg\",\"datePublished\":\"2022-03-05T07:42:03+00:00\",\"dateModified\":\"2026-04-21T13:34:31+00:00\",\"breadcrumb\":{\"@id\":\"https:\\\/\\\/shrimataji.org\\\/test\\\/hu\\\/anahata-chakra\\\/#breadcrumb\"},\"inLanguage\":\"en-US\",\"potentialAction\":[{\"@type\":\"ReadAction\",\"target\":[\"https:\\\/\\\/shrimataji.org\\\/test\\\/hu\\\/anahata-chakra\\\/\"]}]},{\"@type\":\"ImageObject\",\"inLanguage\":\"en-US\",\"@id\":\"https:\\\/\\\/shrimataji.org\\\/test\\\/hu\\\/anahata-chakra\\\/#primaryimage\",\"url\":\"https:\\\/\\\/shrimataji.org\\\/test\\\/wp-content\\\/uploads\\\/2023\\\/03\\\/19_Banner-SY-Chakra-anahat-scaled.jpg\",\"contentUrl\":\"https:\\\/\\\/shrimataji.org\\\/test\\\/wp-content\\\/uploads\\\/2023\\\/03\\\/19_Banner-SY-Chakra-anahat-scaled.jpg\",\"width\":2560,\"height\":905},{\"@type\":\"BreadcrumbList\",\"@id\":\"https:\\\/\\\/shrimataji.org\\\/test\\\/hu\\\/anahata-chakra\\\/#breadcrumb\",\"itemListElement\":[{\"@type\":\"ListItem\",\"position\":1,\"name\":\"Home\",\"item\":\"https:\\\/\\\/shrimataji.org\\\/test\\\/uk\\\/home-en\\\/\"},{\"@type\":\"ListItem\",\"position\":2,\"name\":\"Anahata csakra\"}]},{\"@type\":\"WebSite\",\"@id\":\"https:\\\/\\\/shrimataji.org\\\/test\\\/#website\",\"url\":\"https:\\\/\\\/shrimataji.org\\\/test\\\/\",\"name\":\"Shri Mataji Nirmala Devi\",\"description\":\"A Life Dedicated to Humanity\",\"publisher\":{\"@id\":\"https:\\\/\\\/shrimataji.org\\\/test\\\/#\\\/schema\\\/person\\\/a1b3419c6585f164aa96da1ff85715d1\"},\"potentialAction\":[{\"@type\":\"SearchAction\",\"target\":{\"@type\":\"EntryPoint\",\"urlTemplate\":\"https:\\\/\\\/shrimataji.org\\\/test\\\/?s={search_term_string}\"},\"query-input\":{\"@type\":\"PropertyValueSpecification\",\"valueRequired\":true,\"valueName\":\"search_term_string\"}}],\"inLanguage\":\"en-US\"},{\"@type\":[\"Person\",\"Organization\"],\"@id\":\"https:\\\/\\\/shrimataji.org\\\/test\\\/#\\\/schema\\\/person\\\/a1b3419c6585f164aa96da1ff85715d1\",\"name\":\"Nirmala Shrivastava\",\"image\":{\"@type\":\"ImageObject\",\"inLanguage\":\"en-US\",\"@id\":\"https:\\\/\\\/shrimataji.org\\\/test\\\/wp-content\\\/uploads\\\/2023\\\/02\\\/SMO_LOGO-03.svg\",\"url\":\"https:\\\/\\\/shrimataji.org\\\/test\\\/wp-content\\\/uploads\\\/2023\\\/02\\\/SMO_LOGO-03.svg\",\"contentUrl\":\"https:\\\/\\\/shrimataji.org\\\/test\\\/wp-content\\\/uploads\\\/2023\\\/02\\\/SMO_LOGO-03.svg\",\"width\":\"1024\",\"height\":\"1024\",\"caption\":\"Nirmala Shrivastava\"},\"logo\":{\"@id\":\"https:\\\/\\\/shrimataji.org\\\/test\\\/wp-content\\\/uploads\\\/2023\\\/02\\\/SMO_LOGO-03.svg\"},\"sameAs\":[\"https:\\\/\\\/shrimataji.org\\\/test\",\"https:\\\/\\\/www.facebook.com\\\/shrimataji\",\"https:\\\/\\\/x.com\\\/shrimataji\",\"https:\\\/\\\/www.youtube.com\\\/@Shri_Mataji_Nirmala_Devi\\\/featured\"]}]}<\/script>\n<!-- \/ Yoast SEO plugin. -->","yoast_head_json":{"title":"Anahata csakra - TEST - SMND","robots":{"index":"noindex","follow":"follow","max-snippet":"max-snippet:-1","max-image-preview":"max-image-preview:large","max-video-preview":"max-video-preview:-1"},"og_locale":"en_US","og_type":"article","og_title":"Anahata csakra - TEST - SMND","og_description":"Anahata csakra Felt\u00e9tel n\u00e9lk\u00fcli szeretet \u00e9s f\u00e9lelemn\u00e9lk\u00fclis\u00e9g Az \u00f6r\u00f6k, mindent \u00e1that\u00f3 L\u00e9lek (Atma) legel\u0151sz\u00f6r az emberi magzat kialakul\u00e1s\u00e1nak korai szakasz\u00e1ban l\u00e9p be az embri\u00f3ba. Shri Mataji ezt a pillanatot az els\u0151 sz\u00edvdobban\u00e1sk\u00e9nt \u00edrja le, amely beind\u00edtja az \u00e9leter\u0151t benn\u00fcnk, \u00e9s l\u00e9trehozza az esem\u00e9nyek l\u00e1ncolat\u00e1t, melyben Kundalinink \u00f6sszefonja a finom test\u00fcnket a fizikai test fejl\u0151d\u00e9s\u00e9vel. Ez&hellip; Read more","og_url":"https:\/\/shrimataji.org\/test\/hu\/anahata-chakra\/","og_site_name":"TEST - SMND","article_publisher":"https:\/\/www.facebook.com\/shrimataji","article_modified_time":"2026-04-21T13:34:31+00:00","og_image":[{"width":2560,"height":905,"url":"https:\/\/shrimataji.org\/test\/wp-content\/uploads\/2023\/03\/19_Banner-SY-Chakra-anahat-scaled.jpg","type":"image\/jpeg"}],"twitter_card":"summary_large_image","twitter_site":"@shrimataji","twitter_misc":{"Est. reading time":"4 minutes"},"schema":{"@context":"https:\/\/schema.org","@graph":[{"@type":"WebPage","@id":"https:\/\/shrimataji.org\/test\/hu\/anahata-chakra\/","url":"https:\/\/shrimataji.org\/test\/hu\/anahata-chakra\/","name":"Anahata csakra - TEST - SMND","isPartOf":{"@id":"https:\/\/shrimataji.org\/test\/#website"},"primaryImageOfPage":{"@id":"https:\/\/shrimataji.org\/test\/hu\/anahata-chakra\/#primaryimage"},"image":{"@id":"https:\/\/shrimataji.org\/test\/hu\/anahata-chakra\/#primaryimage"},"thumbnailUrl":"https:\/\/shrimataji.org\/test\/wp-content\/uploads\/2023\/03\/19_Banner-SY-Chakra-anahat-scaled.jpg","datePublished":"2022-03-05T07:42:03+00:00","dateModified":"2026-04-21T13:34:31+00:00","breadcrumb":{"@id":"https:\/\/shrimataji.org\/test\/hu\/anahata-chakra\/#breadcrumb"},"inLanguage":"en-US","potentialAction":[{"@type":"ReadAction","target":["https:\/\/shrimataji.org\/test\/hu\/anahata-chakra\/"]}]},{"@type":"ImageObject","inLanguage":"en-US","@id":"https:\/\/shrimataji.org\/test\/hu\/anahata-chakra\/#primaryimage","url":"https:\/\/shrimataji.org\/test\/wp-content\/uploads\/2023\/03\/19_Banner-SY-Chakra-anahat-scaled.jpg","contentUrl":"https:\/\/shrimataji.org\/test\/wp-content\/uploads\/2023\/03\/19_Banner-SY-Chakra-anahat-scaled.jpg","width":2560,"height":905},{"@type":"BreadcrumbList","@id":"https:\/\/shrimataji.org\/test\/hu\/anahata-chakra\/#breadcrumb","itemListElement":[{"@type":"ListItem","position":1,"name":"Home","item":"https:\/\/shrimataji.org\/test\/uk\/home-en\/"},{"@type":"ListItem","position":2,"name":"Anahata csakra"}]},{"@type":"WebSite","@id":"https:\/\/shrimataji.org\/test\/#website","url":"https:\/\/shrimataji.org\/test\/","name":"Shri Mataji Nirmala Devi","description":"A Life Dedicated to Humanity","publisher":{"@id":"https:\/\/shrimataji.org\/test\/#\/schema\/person\/a1b3419c6585f164aa96da1ff85715d1"},"potentialAction":[{"@type":"SearchAction","target":{"@type":"EntryPoint","urlTemplate":"https:\/\/shrimataji.org\/test\/?s={search_term_string}"},"query-input":{"@type":"PropertyValueSpecification","valueRequired":true,"valueName":"search_term_string"}}],"inLanguage":"en-US"},{"@type":["Person","Organization"],"@id":"https:\/\/shrimataji.org\/test\/#\/schema\/person\/a1b3419c6585f164aa96da1ff85715d1","name":"Nirmala Shrivastava","image":{"@type":"ImageObject","inLanguage":"en-US","@id":"https:\/\/shrimataji.org\/test\/wp-content\/uploads\/2023\/02\/SMO_LOGO-03.svg","url":"https:\/\/shrimataji.org\/test\/wp-content\/uploads\/2023\/02\/SMO_LOGO-03.svg","contentUrl":"https:\/\/shrimataji.org\/test\/wp-content\/uploads\/2023\/02\/SMO_LOGO-03.svg","width":"1024","height":"1024","caption":"Nirmala Shrivastava"},"logo":{"@id":"https:\/\/shrimataji.org\/test\/wp-content\/uploads\/2023\/02\/SMO_LOGO-03.svg"},"sameAs":["https:\/\/shrimataji.org\/test","https:\/\/www.facebook.com\/shrimataji","https:\/\/x.com\/shrimataji","https:\/\/www.youtube.com\/@Shri_Mataji_Nirmala_Devi\/featured"]}]}},"lang":"hu","translations":{"hu":19435,"ur":37389,"en":6490,"am":17960,"th":19885,"sq":18361,"zh":17258,"hi":8331,"tr":10132,"pt":10349,"de":10622,"fr":10720,"it":10818,"es":10916,"ja":11213,"ru":11401,"bn":11593,"te":11701,"sw":11824,"he":11972,"el":12263,"sk":12361,"fa":12459,"fi":12557,"bg":13370,"ro":14444,"cs":14637,"nl":16521,"ku":16681,"ar":16857,"be":18568,"kn":18842,"mr":20249,"uk":20541,"ml":20840,"ta":22676,"sv":22949,"gu":28797,"pa":28955,"fil":29395,"da":37703,"pl":37920,"nn":38255},"pll_sync_post":[],"_links":{"self":[{"href":"https:\/\/shrimataji.org\/test\/wp-json\/wp\/v2\/pages\/19435","targetHints":{"allow":["GET"]}}],"collection":[{"href":"https:\/\/shrimataji.org\/test\/wp-json\/wp\/v2\/pages"}],"about":[{"href":"https:\/\/shrimataji.org\/test\/wp-json\/wp\/v2\/types\/page"}],"author":[{"embeddable":true,"href":"https:\/\/shrimataji.org\/test\/wp-json\/wp\/v2\/users\/1"}],"replies":[{"embeddable":true,"href":"https:\/\/shrimataji.org\/test\/wp-json\/wp\/v2\/comments?post=19435"}],"version-history":[{"count":0,"href":"https:\/\/shrimataji.org\/test\/wp-json\/wp\/v2\/pages\/19435\/revisions"}],"wp:featuredmedia":[{"embeddable":true,"href":"https:\/\/shrimataji.org\/test\/wp-json\/wp\/v2\/media\/19159"}],"wp:attachment":[{"href":"https:\/\/shrimataji.org\/test\/wp-json\/wp\/v2\/media?parent=19435"}],"curies":[{"name":"wp","href":"https:\/\/api.w.org\/{rel}","templated":true}]}}