{"id":19437,"date":"2022-01-29T09:56:43","date_gmt":"2022-01-29T09:56:43","guid":{"rendered":"https:\/\/test.shrimataji.org\/?page_id=6391"},"modified":"2026-04-21T18:41:42","modified_gmt":"2026-04-21T18:41:42","slug":"ascent","status":"publish","type":"page","link":"https:\/\/shrimataji.org\/test\/hu\/ascent\/","title":{"rendered":"Felemelked\u00e9s"},"content":{"rendered":"\n\n\t<h1>Felemelked\u00e9s<\/h1>\n<h2>Fel\u00fclemelked\u00e9s az \u00e9let ill\u00fazi\u00f3in<\/h2>\n<div class=\"su-quote su-quote-style-default\"><div class=\"su-quote-inner su-u-clearfix su-u-trim\"> Itt az ideje a felemelked\u00e9snek. &#8230; \u00c9s elkezded \u00e9rezni, ahogy a h\u0171v\u00f6s szell\u0151 \u00e1ramlik a fejedb\u0151l. M\u00e9g a kezeidben is \u00e9rzed. <\/div><\/div>\n<h4>Az \u00f6nmegval\u00f3sul\u00e1s legfontosabb c\u00e9lja egy t\u00f6k\u00e9letes egyens\u00falyi \u00e1llapot el\u00e9r\u00e9se, ahol folyamatosan a tudatoss\u00e1g magasabb s\u00edkjaira emelkedhet\u00fcnk. A Sahaja J\u00f3ga medit\u00e1ci\u00f3 seg\u00edt abban, hogy spiritu\u00e1lis tudatoss\u00e1gunkban olyan magaslatokat \u00e9rj\u00fcnk el, amelyek el\u0151nyei mindennapi \u00e9s csal\u00e1di \u00e9let\u00fcnkben, munk\u00e1nkban \u00e9s a t\u00e1rsadalomban is megmutatkoznak. Ez egy fontos m\u00e9rf\u00f6ldk\u0151, amelyet el kell \u00e9rni annak \u00e9rdek\u00e9ben, hogy fenntarthat\u00f3 \u00e9letet teremts\u00fcnk magunk \u00e9s a F\u00f6ld bolyg\u00f3nk sz\u00e1m\u00e1ra.<\/h4>\n<p>Spiritu\u00e1lis felemelked\u00e9s\u00fcnk legnagyobb kih\u00edv\u00e1sa az, hogy legy\u0151zz\u00fck ezt a muland\u00f3 \u00e9letet, amelyet gyakran illuz\u00f3rikus \u00e9letnek neveznek, \u00e9s amelyet mindennapi val\u00f3s\u00e1gunknak tekint\u00fcnk. Az \u00f3kori szent \u00edr\u00e1sok le\u00edrj\u00e1k, hogy minden emberi tapasztalatunk ebben az \u00e1tmeneti \u00e9letben &#8211; amely oda-vissza dob\u00e1lja tudatunkat az izgalom vagy depresszi\u00f3, \u00f6r\u00f6m vagy f\u00e1jdalom, nyeres\u00e9g vagy vesztes\u00e9g kett\u0151ss\u00e9g\u00e9ben &#8211; boldogtalans\u00e1gunk forr\u00e1sa, \u00e9s azt tan\u00e1csolj\u00e1k, k\u00f6vess\u00fck az aszk\u00e9zis \u00e9s a medit\u00e1ci\u00f3 \u00fatj\u00e1t, hogy meg\u00e9lj\u00fck a b\u00e9k\u00e9t \u00e9s az el\u00e9gedetts\u00e9get egy magasabb spiritu\u00e1lis tudatoss\u00e1gban. Ez a magyar\u00e1zata annak, hogy az igazs\u00e1g keres\u0151i k\u00f6z\u00fcl sokan megpr\u00f3b\u00e1lnak lemondani a vil\u00e1gr\u00f3l \u00e9s elmenek\u00fclni a k\u00e1osz el\u0151l olyan rejtett helyekre, mint a Himalaya. Azt hiszik, hogy ott el fogj\u00e1k \u00e9rni a Nirv\u00e1n\u00e1t, a spiritu\u00e1lis felszabadul\u00e1st. B\u00e1r n\u00e9h\u00e1ny lelkes keres\u0151 val\u00f3ban megvil\u00e1gosod\u00e1st tal\u00e1l egy \u00f6nmegval\u00f3sult guru ir\u00e1ny\u00edt\u00e1sa alatt, sokan csal\u00f3dottan \u00e9s \u00fcres k\u00e9zzel t\u00e9rnek vissza, b\u00e1r \u00e9vekig kem\u00e9ny aszk\u00e9ta \u00e9letet \u00e9s szigor\u00fa j\u00f3ga-medit\u00e1ci\u00f3t k\u00f6vettek.<\/p>\n<p>A Sahaja J\u00f3ga medit\u00e1ci\u00f3 nem ig\u00e9nyel szigor\u00fa aszketikus \u00e9letm\u00f3dot vagy a t\u00e1rsadalomt\u00f3l val\u00f3 visszah\u00faz\u00f3d\u00e1st. Legink\u00e1bb csal\u00e1dfenntart\u00f3k vagy a t\u00e1rsadalomban \u00e9l\u0151 \u00e1tlagpolg\u00e1rok sz\u00e1m\u00e1ra alkalmas. Val\u00f3j\u00e1ban a mindennapi \u00e9let kih\u00edv\u00e1sai biztos\u00edtanak eg\u00e9szs\u00e9ges alapot arra, hogy tesztelj\u00fck felemelked\u00e9s\u00fcnk \u00e1llapot\u00e1t, amelyet a Sahaja J\u00f3ga gyakorl\u00e1s\u00e1val \u00e9r\u00fcnk el.<\/p>\n<p>Az\u00e1ltal, hogy a Sahaja J\u00f3ga medit\u00e1ci\u00f3 r\u00e9v\u00e9n megalapozzuk \u00f6nmegval\u00f3sul\u00e1sunkat, felismerj\u00fck. hogy val\u00f3di term\u00e9szet\u00fcnk a tiszta egyetemes L\u00e9lek. Ezzel a tudatoss\u00e1ggal, valamint a Sahaja J\u00f3ga \u00e1ltal biztos\u00edtott eszk\u00f6z\u00f6kkel egy\u00fctt, k\u00e9pesek lesz\u00fcnk tan\u00fai lenni az \u00e9let z\u0171rzavar\u00e1nak, elszakadni att\u00f3l, hogy a probl\u00e9m\u00e1kkal \u00e9s akad\u00e1lyokkal azonosuljunk, \u00e9s megl\u00e1tni, hogy sok minden, amit az \u201e\u00e9letnek&#8221; gondolunk, az a saj\u00e1t, magunkra er\u0151ltetett gondolkod\u00e1sm\u00f3dunk \u00e9s elv\u00e1r\u00e1saink eredm\u00e9nye, \u00e9s mint ilyen, muland\u00f3.<\/p>\n<div class=\"epyt-video-wrapper\"><div  data-ep-a=\"fadeIn\"  style=\"display: block; margin: 0px auto;\"  id=\"_ytid_40063\"  width=\"3840\" height=\"2160\"  data-origwidth=\"3840\" data-origheight=\"2160\" data-facadesrc=\"https:\/\/www.youtube.com\/embed\/L9AKl8ypUcE?enablejsapi=1&autoplay=0&cc_load_policy=0&cc_lang_pref=&iv_load_policy=1&loop=0&rel=0&fs=1&playsinline=1&autohide=2&theme=dark&color=red&controls=1&disablekb=0&\" class=\"__youtube_prefs__ epyt-facade  no-lazyload\" data-epautoplay=\"1\" ><img decoding=\"async\" data-spai-excluded=\"true\" class=\"epyt-facade-poster skip-lazy\" loading=\"lazy\"  alt=\"YouTube player\"  src=\"https:\/\/i.ytimg.com\/vi\/L9AKl8ypUcE\/maxresdefault.jpg\"  \/><button class=\"epyt-facade-play\" aria-label=\"Play\"><svg data-no-lazy=\"1\" height=\"100%\" version=\"1.1\" viewBox=\"0 0 68 48\" width=\"100%\"><path class=\"ytp-large-play-button-bg\" d=\"M66.52,7.74c-0.78-2.93-2.49-5.41-5.42-6.19C55.79,.13,34,0,34,0S12.21,.13,6.9,1.55 C3.97,2.33,2.27,4.81,1.48,7.74C0.06,13.05,0,24,0,24s0.06,10.95,1.48,16.26c0.78,2.93,2.49,5.41,5.42,6.19 C12.21,47.87,34,48,34,48s21.79-0.13,27.1-1.55c2.93-0.78,4.64-3.26,5.42-6.19C67.94,34.95,68,24,68,24S67.94,13.05,66.52,7.74z\" fill=\"#f00\"><\/path><path d=\"M 45,24 27,14 27,34\" fill=\"#fff\"><\/path><\/svg><\/button><\/div><\/div><span itemprop=\"video\" itemscope itemtype=\"http:\/\/schema.org\/VideoObject\"><meta itemprop=\"embedUrl\" content=\"https:\/\/www.youtube.com\/embed\/L9AKl8ypUcE\"><meta itemprop=\"name\" content=\"Ascent\"><meta itemprop=\"description\" content=\"YouTube video\"><meta itemprop=\"thumbnailUrl\" content=\"https:\/\/i.ytimg.com\/vi\/L9AKl8ypUcE\/0.jpg\"><meta itemprop=\"duration\" content=\"PT49S\"><meta itemprop=\"uploadDate\" content=\"2022-11-12T03:28:05Z\"><\/span>\n<div class=\"su-quote su-quote-style-default\"><div class=\"su-quote-inner su-u-clearfix su-u-trim\"> A felemelked\u00e9s az \u00e9leted c\u00e9lja, \u00e9s a t\u00f6k\u00e9letes\u00edt\u00e9se a feladatod. <\/div><\/div>\n<p>A Sahaja J\u00f3ga igazi tud\u00e1s\u00e1nak minden kincse megtal\u00e1lhat\u00f3 \u0150szents\u00e9ge Shri Mataji Nirmala Devi t\u00f6bb ezer el\u0151ad\u00e1s\u00e1ban. Ezek az el\u0151ad\u00e1sok seg\u00edtenek felfedezni spiritu\u00e1lis l\u00e9t\u00fcnk gy\u00f6ny\u00f6r\u0171 dimenzi\u00f3it, \u00e9s megfelel\u0151 \u00fatmutat\u00e1st adnak ahhoz, hogy ebben a tudatoss\u00e1gban n\u00f6vekedhess\u00fcnk. Olvas\u00f3inknak azt javasoljuk, hogy hallgass\u00e1k, olvass\u00e1k el a k\u00fcl\u00f6nf\u00e9le el\u0151ad\u00e1sokat, amelyeket a Nyilv\u00e1nos Program \u00e9s a K\u00f6nyvt\u00e1r r\u00e9szleg alatt tal\u00e1lhatnak.<\/p>\n<p>Itt megosztunk egy ilyen gy\u00f6ny\u00f6r\u0171 el\u0151ad\u00e1st a <a href=\"https:\/\/shrimataji.org\/test\/our-spiritual-ascent\/\" target=\"_blank\" rel=\"noopener\"><u>Spiritu\u00e1lis Felemelked\u00e9s\u00fcnkr\u0151l<\/u><\/a>, amely elm\u00e9ly\u00edti spiritu\u00e1lis meditat\u00edv \u00e1llapotunkat.<\/p>\n<p>&nbsp;<\/p>\n\n","protected":false},"excerpt":{"rendered":"<p>Felemelked\u00e9s Fel\u00fclemelked\u00e9s az \u00e9let ill\u00fazi\u00f3in Az \u00f6nmegval\u00f3sul\u00e1s legfontosabb c\u00e9lja egy t\u00f6k\u00e9letes egyens\u00falyi \u00e1llapot el\u00e9r\u00e9se, ahol folyamatosan a tudatoss\u00e1g magasabb s\u00edkjaira emelkedhet\u00fcnk. A Sahaja J\u00f3ga medit\u00e1ci\u00f3 seg\u00edt abban, hogy spiritu\u00e1lis tudatoss\u00e1gunkban olyan magaslatokat \u00e9rj\u00fcnk el, amelyek el\u0151nyei mindennapi \u00e9s csal\u00e1di \u00e9let\u00fcnkben, munk\u00e1nkban \u00e9s a t\u00e1rsadalomban is megmutatkoznak. Ez egy fontos m\u00e9rf\u00f6ldk\u0151, amelyet el kell \u00e9rni annak&hellip; <br \/> <a class=\"read-more\" href=\"https:\/\/shrimataji.org\/test\/hu\/ascent\/\">Read more<\/a><\/p>\n","protected":false},"author":1,"featured_media":19163,"parent":0,"menu_order":0,"comment_status":"closed","ping_status":"closed","template":"","meta":{"inline_featured_image":false,"footnotes":""},"class_list":["post-19437","page","type-page","status-publish","has-post-thumbnail","hentry"],"yoast_head":"<!-- This site is optimized with the Yoast SEO plugin v27.4 - https:\/\/yoast.com\/product\/yoast-seo-wordpress\/ -->\n<title>Felemelked\u00e9s - TEST - SMND<\/title>\n<meta name=\"robots\" content=\"noindex, follow, max-snippet:-1, max-image-preview:large, max-video-preview:-1\" \/>\n<meta property=\"og:locale\" content=\"en_US\" \/>\n<meta property=\"og:type\" content=\"article\" \/>\n<meta property=\"og:title\" content=\"Felemelked\u00e9s - TEST - SMND\" \/>\n<meta property=\"og:description\" content=\"Felemelked\u00e9s Fel\u00fclemelked\u00e9s az \u00e9let ill\u00fazi\u00f3in Az \u00f6nmegval\u00f3sul\u00e1s legfontosabb c\u00e9lja egy t\u00f6k\u00e9letes egyens\u00falyi \u00e1llapot el\u00e9r\u00e9se, ahol folyamatosan a tudatoss\u00e1g magasabb s\u00edkjaira emelkedhet\u00fcnk. A Sahaja J\u00f3ga medit\u00e1ci\u00f3 seg\u00edt abban, hogy spiritu\u00e1lis tudatoss\u00e1gunkban olyan magaslatokat \u00e9rj\u00fcnk el, amelyek el\u0151nyei mindennapi \u00e9s csal\u00e1di \u00e9let\u00fcnkben, munk\u00e1nkban \u00e9s a t\u00e1rsadalomban is megmutatkoznak. Ez egy fontos m\u00e9rf\u00f6ldk\u0151, amelyet el kell \u00e9rni annak&hellip; Read more\" \/>\n<meta property=\"og:url\" content=\"https:\/\/shrimataji.org\/test\/hu\/ascent\/\" \/>\n<meta property=\"og:site_name\" content=\"TEST - SMND\" \/>\n<meta property=\"article:publisher\" content=\"https:\/\/www.facebook.com\/shrimataji\" \/>\n<meta property=\"article:modified_time\" content=\"2026-04-21T18:41:42+00:00\" \/>\n<meta property=\"og:image\" content=\"https:\/\/shrimataji.org\/test\/wp-content\/uploads\/2023\/03\/27_Banner-SY-Ascent-scaled.jpg\" \/>\n\t<meta property=\"og:image:width\" content=\"2560\" \/>\n\t<meta property=\"og:image:height\" content=\"905\" \/>\n\t<meta property=\"og:image:type\" content=\"image\/jpeg\" \/>\n<meta name=\"twitter:card\" content=\"summary_large_image\" \/>\n<meta name=\"twitter:site\" content=\"@shrimataji\" \/>\n<meta name=\"twitter:label1\" content=\"Est. reading time\" \/>\n\t<meta name=\"twitter:data1\" content=\"3 minutes\" \/>\n<script type=\"application\/ld+json\" class=\"yoast-schema-graph\">{\"@context\":\"https:\\\/\\\/schema.org\",\"@graph\":[{\"@type\":\"WebPage\",\"@id\":\"https:\\\/\\\/shrimataji.org\\\/test\\\/hu\\\/ascent\\\/\",\"url\":\"https:\\\/\\\/shrimataji.org\\\/test\\\/hu\\\/ascent\\\/\",\"name\":\"Felemelked\u00e9s - TEST - SMND\",\"isPartOf\":{\"@id\":\"https:\\\/\\\/shrimataji.org\\\/test\\\/#website\"},\"primaryImageOfPage\":{\"@id\":\"https:\\\/\\\/shrimataji.org\\\/test\\\/hu\\\/ascent\\\/#primaryimage\"},\"image\":{\"@id\":\"https:\\\/\\\/shrimataji.org\\\/test\\\/hu\\\/ascent\\\/#primaryimage\"},\"thumbnailUrl\":\"https:\\\/\\\/shrimataji.org\\\/test\\\/wp-content\\\/uploads\\\/2023\\\/03\\\/27_Banner-SY-Ascent-scaled.jpg\",\"datePublished\":\"2022-01-29T09:56:43+00:00\",\"dateModified\":\"2026-04-21T18:41:42+00:00\",\"breadcrumb\":{\"@id\":\"https:\\\/\\\/shrimataji.org\\\/test\\\/hu\\\/ascent\\\/#breadcrumb\"},\"inLanguage\":\"en-US\",\"potentialAction\":[{\"@type\":\"ReadAction\",\"target\":[\"https:\\\/\\\/shrimataji.org\\\/test\\\/hu\\\/ascent\\\/\"]}]},{\"@type\":\"ImageObject\",\"inLanguage\":\"en-US\",\"@id\":\"https:\\\/\\\/shrimataji.org\\\/test\\\/hu\\\/ascent\\\/#primaryimage\",\"url\":\"https:\\\/\\\/shrimataji.org\\\/test\\\/wp-content\\\/uploads\\\/2023\\\/03\\\/27_Banner-SY-Ascent-scaled.jpg\",\"contentUrl\":\"https:\\\/\\\/shrimataji.org\\\/test\\\/wp-content\\\/uploads\\\/2023\\\/03\\\/27_Banner-SY-Ascent-scaled.jpg\",\"width\":2560,\"height\":905},{\"@type\":\"BreadcrumbList\",\"@id\":\"https:\\\/\\\/shrimataji.org\\\/test\\\/hu\\\/ascent\\\/#breadcrumb\",\"itemListElement\":[{\"@type\":\"ListItem\",\"position\":1,\"name\":\"Home\",\"item\":\"https:\\\/\\\/shrimataji.org\\\/test\\\/uk\\\/home-en\\\/\"},{\"@type\":\"ListItem\",\"position\":2,\"name\":\"Felemelked\u00e9s\"}]},{\"@type\":\"WebSite\",\"@id\":\"https:\\\/\\\/shrimataji.org\\\/test\\\/#website\",\"url\":\"https:\\\/\\\/shrimataji.org\\\/test\\\/\",\"name\":\"Shri Mataji Nirmala Devi\",\"description\":\"A Life Dedicated to Humanity\",\"publisher\":{\"@id\":\"https:\\\/\\\/shrimataji.org\\\/test\\\/#\\\/schema\\\/person\\\/a1b3419c6585f164aa96da1ff85715d1\"},\"potentialAction\":[{\"@type\":\"SearchAction\",\"target\":{\"@type\":\"EntryPoint\",\"urlTemplate\":\"https:\\\/\\\/shrimataji.org\\\/test\\\/?s={search_term_string}\"},\"query-input\":{\"@type\":\"PropertyValueSpecification\",\"valueRequired\":true,\"valueName\":\"search_term_string\"}}],\"inLanguage\":\"en-US\"},{\"@type\":[\"Person\",\"Organization\"],\"@id\":\"https:\\\/\\\/shrimataji.org\\\/test\\\/#\\\/schema\\\/person\\\/a1b3419c6585f164aa96da1ff85715d1\",\"name\":\"Nirmala Shrivastava\",\"image\":{\"@type\":\"ImageObject\",\"inLanguage\":\"en-US\",\"@id\":\"https:\\\/\\\/shrimataji.org\\\/test\\\/wp-content\\\/uploads\\\/2023\\\/02\\\/SMO_LOGO-03.svg\",\"url\":\"https:\\\/\\\/shrimataji.org\\\/test\\\/wp-content\\\/uploads\\\/2023\\\/02\\\/SMO_LOGO-03.svg\",\"contentUrl\":\"https:\\\/\\\/shrimataji.org\\\/test\\\/wp-content\\\/uploads\\\/2023\\\/02\\\/SMO_LOGO-03.svg\",\"width\":\"1024\",\"height\":\"1024\",\"caption\":\"Nirmala Shrivastava\"},\"logo\":{\"@id\":\"https:\\\/\\\/shrimataji.org\\\/test\\\/wp-content\\\/uploads\\\/2023\\\/02\\\/SMO_LOGO-03.svg\"},\"sameAs\":[\"https:\\\/\\\/shrimataji.org\\\/test\",\"https:\\\/\\\/www.facebook.com\\\/shrimataji\",\"https:\\\/\\\/x.com\\\/shrimataji\",\"https:\\\/\\\/www.youtube.com\\\/@Shri_Mataji_Nirmala_Devi\\\/featured\"]}]}<\/script>\n<!-- \/ Yoast SEO plugin. -->","yoast_head_json":{"title":"Felemelked\u00e9s - TEST - SMND","robots":{"index":"noindex","follow":"follow","max-snippet":"max-snippet:-1","max-image-preview":"max-image-preview:large","max-video-preview":"max-video-preview:-1"},"og_locale":"en_US","og_type":"article","og_title":"Felemelked\u00e9s - TEST - SMND","og_description":"Felemelked\u00e9s Fel\u00fclemelked\u00e9s az \u00e9let ill\u00fazi\u00f3in Az \u00f6nmegval\u00f3sul\u00e1s legfontosabb c\u00e9lja egy t\u00f6k\u00e9letes egyens\u00falyi \u00e1llapot el\u00e9r\u00e9se, ahol folyamatosan a tudatoss\u00e1g magasabb s\u00edkjaira emelkedhet\u00fcnk. A Sahaja J\u00f3ga medit\u00e1ci\u00f3 seg\u00edt abban, hogy spiritu\u00e1lis tudatoss\u00e1gunkban olyan magaslatokat \u00e9rj\u00fcnk el, amelyek el\u0151nyei mindennapi \u00e9s csal\u00e1di \u00e9let\u00fcnkben, munk\u00e1nkban \u00e9s a t\u00e1rsadalomban is megmutatkoznak. Ez egy fontos m\u00e9rf\u00f6ldk\u0151, amelyet el kell \u00e9rni annak&hellip; Read more","og_url":"https:\/\/shrimataji.org\/test\/hu\/ascent\/","og_site_name":"TEST - SMND","article_publisher":"https:\/\/www.facebook.com\/shrimataji","article_modified_time":"2026-04-21T18:41:42+00:00","og_image":[{"width":2560,"height":905,"url":"https:\/\/shrimataji.org\/test\/wp-content\/uploads\/2023\/03\/27_Banner-SY-Ascent-scaled.jpg","type":"image\/jpeg"}],"twitter_card":"summary_large_image","twitter_site":"@shrimataji","twitter_misc":{"Est. reading time":"3 minutes"},"schema":{"@context":"https:\/\/schema.org","@graph":[{"@type":"WebPage","@id":"https:\/\/shrimataji.org\/test\/hu\/ascent\/","url":"https:\/\/shrimataji.org\/test\/hu\/ascent\/","name":"Felemelked\u00e9s - TEST - SMND","isPartOf":{"@id":"https:\/\/shrimataji.org\/test\/#website"},"primaryImageOfPage":{"@id":"https:\/\/shrimataji.org\/test\/hu\/ascent\/#primaryimage"},"image":{"@id":"https:\/\/shrimataji.org\/test\/hu\/ascent\/#primaryimage"},"thumbnailUrl":"https:\/\/shrimataji.org\/test\/wp-content\/uploads\/2023\/03\/27_Banner-SY-Ascent-scaled.jpg","datePublished":"2022-01-29T09:56:43+00:00","dateModified":"2026-04-21T18:41:42+00:00","breadcrumb":{"@id":"https:\/\/shrimataji.org\/test\/hu\/ascent\/#breadcrumb"},"inLanguage":"en-US","potentialAction":[{"@type":"ReadAction","target":["https:\/\/shrimataji.org\/test\/hu\/ascent\/"]}]},{"@type":"ImageObject","inLanguage":"en-US","@id":"https:\/\/shrimataji.org\/test\/hu\/ascent\/#primaryimage","url":"https:\/\/shrimataji.org\/test\/wp-content\/uploads\/2023\/03\/27_Banner-SY-Ascent-scaled.jpg","contentUrl":"https:\/\/shrimataji.org\/test\/wp-content\/uploads\/2023\/03\/27_Banner-SY-Ascent-scaled.jpg","width":2560,"height":905},{"@type":"BreadcrumbList","@id":"https:\/\/shrimataji.org\/test\/hu\/ascent\/#breadcrumb","itemListElement":[{"@type":"ListItem","position":1,"name":"Home","item":"https:\/\/shrimataji.org\/test\/uk\/home-en\/"},{"@type":"ListItem","position":2,"name":"Felemelked\u00e9s"}]},{"@type":"WebSite","@id":"https:\/\/shrimataji.org\/test\/#website","url":"https:\/\/shrimataji.org\/test\/","name":"Shri Mataji Nirmala Devi","description":"A Life Dedicated to Humanity","publisher":{"@id":"https:\/\/shrimataji.org\/test\/#\/schema\/person\/a1b3419c6585f164aa96da1ff85715d1"},"potentialAction":[{"@type":"SearchAction","target":{"@type":"EntryPoint","urlTemplate":"https:\/\/shrimataji.org\/test\/?s={search_term_string}"},"query-input":{"@type":"PropertyValueSpecification","valueRequired":true,"valueName":"search_term_string"}}],"inLanguage":"en-US"},{"@type":["Person","Organization"],"@id":"https:\/\/shrimataji.org\/test\/#\/schema\/person\/a1b3419c6585f164aa96da1ff85715d1","name":"Nirmala Shrivastava","image":{"@type":"ImageObject","inLanguage":"en-US","@id":"https:\/\/shrimataji.org\/test\/wp-content\/uploads\/2023\/02\/SMO_LOGO-03.svg","url":"https:\/\/shrimataji.org\/test\/wp-content\/uploads\/2023\/02\/SMO_LOGO-03.svg","contentUrl":"https:\/\/shrimataji.org\/test\/wp-content\/uploads\/2023\/02\/SMO_LOGO-03.svg","width":"1024","height":"1024","caption":"Nirmala Shrivastava"},"logo":{"@id":"https:\/\/shrimataji.org\/test\/wp-content\/uploads\/2023\/02\/SMO_LOGO-03.svg"},"sameAs":["https:\/\/shrimataji.org\/test","https:\/\/www.facebook.com\/shrimataji","https:\/\/x.com\/shrimataji","https:\/\/www.youtube.com\/@Shri_Mataji_Nirmala_Devi\/featured"]}]}},"lang":"hu","translations":{"hu":19437,"ur":37391,"en":6391,"am":17962,"th":19888,"sq":18363,"zh":17260,"hi":7355,"tr":10133,"pt":10350,"de":10623,"fr":10721,"it":10819,"es":10917,"ja":11214,"ru":11402,"bn":11594,"te":11702,"sw":11825,"he":11973,"el":12264,"sk":12362,"fa":12460,"fi":12558,"bg":13397,"ro":14471,"cs":14664,"nl":16523,"ku":16683,"ar":16859,"be":18570,"kn":18844,"mr":20252,"uk":20544,"ml":20843,"ta":22678,"sv":22951,"gu":28799,"pa":28957,"fil":29397,"da":37705,"pl":37922,"nn":38257},"pll_sync_post":[],"_links":{"self":[{"href":"https:\/\/shrimataji.org\/test\/wp-json\/wp\/v2\/pages\/19437","targetHints":{"allow":["GET"]}}],"collection":[{"href":"https:\/\/shrimataji.org\/test\/wp-json\/wp\/v2\/pages"}],"about":[{"href":"https:\/\/shrimataji.org\/test\/wp-json\/wp\/v2\/types\/page"}],"author":[{"embeddable":true,"href":"https:\/\/shrimataji.org\/test\/wp-json\/wp\/v2\/users\/1"}],"replies":[{"embeddable":true,"href":"https:\/\/shrimataji.org\/test\/wp-json\/wp\/v2\/comments?post=19437"}],"version-history":[{"count":0,"href":"https:\/\/shrimataji.org\/test\/wp-json\/wp\/v2\/pages\/19437\/revisions"}],"wp:featuredmedia":[{"embeddable":true,"href":"https:\/\/shrimataji.org\/test\/wp-json\/wp\/v2\/media\/19163"}],"wp:attachment":[{"href":"https:\/\/shrimataji.org\/test\/wp-json\/wp\/v2\/media?parent=19437"}],"curies":[{"name":"wp","href":"https:\/\/api.w.org\/{rel}","templated":true}]}}