{"id":19442,"date":"2018-07-10T06:54:50","date_gmt":"2018-07-10T06:54:50","guid":{"rendered":"http:\/\/testwordpress.nirmalnagari.org\/smnd\/index.php\/awards\/"},"modified":"2026-04-21T18:34:52","modified_gmt":"2026-04-21T18:34:52","slug":"awards","status":"publish","type":"page","link":"https:\/\/shrimataji.org\/test\/hu\/awards\/","title":{"rendered":"D\u00edjak"},"content":{"rendered":"\n\n\t<h1>D\u00edjak<\/h1>\n<h2>Nemzetk\u00f6zi elismer\u00e9sek<\/h2>\n\t<h4>Shri Mataji humanit\u00e1rius \u00e9s spiritu\u00e1lis munk\u00e1ja nemcsak a sz\u00e1mtalan, t\u00f6bb mint 95 orsz\u00e1gban \u00e9l\u0151 ember csod\u00e1lat\u00e1t v\u00e1ltotta ki, akiknek tan\u00edt\u00e1sai szem\u00e9lyes seg\u00edts\u00e9get ny\u00fajtottak, hanem korm\u00e1nyok, m\u00e9lt\u00f3s\u00e1gok, oktat\u00e1si int\u00e9zm\u00e9nyek \u00e9s humanit\u00e1rius szervezetek is elismerik azt.<\/h4>\n<p>Felismerve tan\u00edt\u00e1sainak tudom\u00e1nyos \u00e9s ellen\u0151rizhet\u0151 jelleg\u00e9t, a szentp\u00e9terv\u00e1ri Petrovszkaja M\u0171v\u00e9szeti \u00e9s Tudom\u00e1nyos Akad\u00e9mia tiszteletbeli tags\u00e1got adom\u00e1nyozott Shri Matajinak, hozz\u00e1f\u0171zve: \u201eTe m\u00e9g a tudom\u00e1nyn\u00e1l is magasabb vagy.&#8221;<\/p>\n<p>M\u00e1sok, mint p\u00e9ld\u00e1ul Claes Nobel, megk\u00f6sz\u00f6nt\u00e9k neki, hogy rem\u00e9nyt adott az emberis\u00e9gnek. Minden d\u00edjat r\u00e1 jellemz\u0151 al\u00e1zattal fogadott el, m\u00e1sok er\u0151fesz\u00edt\u00e9seit dics\u00e9rve, \u00e9s a kollekt\u00edv, nem pedig az egy\u00e9ni teljes\u00edtm\u00e9nyre helyezve a hangs\u00falyt.<\/p>\n<p>A sz\u00fcntelen utaz\u00e1sok ellen\u00e9re Shri Mataji soha nem nevezte f\u00e1raszt\u00f3nak megterhel\u0151 id\u0151beoszt\u00e1s\u00e1t, ink\u00e1bb egy szeret\u0151 anya munk\u00e1j\u00e1hoz hasonl\u00edtotta azt, aki a gyermekei j\u00f3l\u00e9t\u00e9r\u0151l gondoskodik.<\/p>\n\t\t<iframe loading=\"lazy\" title=\"Claes Nobel - Tribute to Shri Mataji\" width=\"1920\" height=\"1080\" src=\"https:\/\/www.youtube.com\/embed\/K4ftCStNzWk?feature=oembed\" frameborder=\"0\" allow=\"accelerometer; autoplay; clipboard-write; encrypted-media; gyroscope; picture-in-picture; web-share\" allowfullscreen><\/iframe>\t\n<figure itemscope itemtype=\"https:\/\/schema.org\/ImageObject\">\n\t\t\t\t<img decoding=\"async\" src=\"https:\/\/shrimataji.org\/test\/wp-content\/uploads\/2018\/07\/media_originals\/images\/shri-mataji-with-people\/shri-mataji-at-the-womens-conference-in-beijing-13.09.1995-1024x668.jpg\" alt=\"Konferencia Organiz\u00e1cie Spojen\u00fdch n\u00e1rodov (Peking, \u010c\u00edna, 1995)\" height=\"668\" width=\"1024\" height=\"668\" width=\"1024\" onerror=\"this.style.display='none'\" loading=\"lazy\" \/>\n\t\t<figcaption>ENSZ-konferencia (Peking, K\u00edna, 1995)<\/figcaption>\n\t<\/figure>\n\t<p><strong>V\u00e1logat\u00e1s a d\u00edjak \u00e9s elismer\u00e9sek k\u00f6z\u00fcl<\/strong><\/p>\n<p>Shri Matajit vil\u00e1gszerte sz\u00e1mos rangos int\u00e9zm\u00e9ny ismerte el \u00f6nzetlen munk\u00e1j\u00e1\u00e9rt \u00e9s a Sahaja J\u00f3g\u00e1n kereszt\u00fcl v\u00e9gzett spiritu\u00e1lis tan\u00edt\u00e1sainak figyelemre m\u00e9lt\u00f3 eredm\u00e9nyei\u00e9rt, amelyek k\u00f6z\u00fcl n\u00e9h\u00e1nyat az al\u00e1bbiakban felsorolunk.<\/p>\n<strong>Olaszorsz\u00e1g, 1986<\/strong><br \/>\nAz olasz korm\u00e1ny az \u201e\u00c9v Szem\u00e9lyis\u00e9g\u00e9nek&#8221; nyilv\u00e1n\u00edtotta.\n<strong>Moszkva, Oroszorsz\u00e1g, 1989<\/strong><br \/>\nMiut\u00e1n Shri Mataji tal\u00e1lkozott a Szovjetuni\u00f3 eg\u00e9szs\u00e9g\u00fcgyi miniszter\u00e9vel, a Sahaja J\u00f3ga teljes korm\u00e1nyzati t\u00e1mogat\u00e1st kapott, bele\u00e9rtve a tudom\u00e1nyos kutat\u00e1s finansz\u00edroz\u00e1s\u00e1t is.\n<strong>New York, 1990-1994<\/strong><br \/>\nAz Egyes\u00fclt Nemzetek Szervezete n\u00e9gy egym\u00e1st k\u00f6vet\u0151 \u00e9vben megh\u00edvta, hogy a vil\u00e1gb\u00e9ke el\u00e9r\u00e9s\u00e9nek m\u00f3djair\u00f3l \u00e9s eszk\u00f6zeir\u0151l besz\u00e9ljen.\n<strong>Szentp\u00e9terv\u00e1r, Oroszorsz\u00e1g, 1993<\/strong><br \/>\nA Petrovszkaja M\u0171v\u00e9szeti \u00e9s Tudom\u00e1nyos Akad\u00e9mia tiszteletbeli tagj\u00e1v\u00e1 nevezt\u00e9k ki. Az Akad\u00e9mia t\u00f6rt\u00e9net\u00e9ben mind\u00f6ssze tizenk\u00e9t ember r\u00e9szes\u00fclt ebben a megtiszteltet\u00e9sben, Einstein is k\u00f6zt\u00fck volt. Shri Mataji nyitotta meg az els\u0151 Nemzetk\u00f6zi Orvostudom\u00e1nyi \u00e9s \u00d6nismereti Konferenci\u00e1t, amely ezt k\u00f6vet\u0151en az Akad\u00e9mia \u00e9ves rendezv\u00e9nny\u00e9 v\u00e1lt.\n<strong>Braz\u00edlia, 1994<\/strong><br \/>\nBraz\u00edlia polg\u00e1rmestere a rep\u00fcl\u0151t\u00e9ren fogadta Shri Matajit, \u00e1tadta neki a v\u00e1ros kulcs\u00e1t, \u00e9s t\u00e1mogatta az \u00f6sszes programj\u00e1t.\n<strong>New York, 1994<\/strong><br \/>\nSzeptember 26-\u00e1t kiki\u00e1ltott\u00e1k, mint \u201eShri Mataji Nirmala Devi Napja&#8221;-t. Rend\u0151ri k\u00eds\u00e9retet aj\u00e1nlottak fel a Shri Mataji tisztelet\u00e9re tartott felvonul\u00e1shoz, \u00e9s Mahatma Gandhival val\u00f3 kapcsolat\u00e1nak meg\u00fcnnepl\u00e9s\u00e9hez.\n<strong>Brit Columbia, Kanada, 1994<\/strong><br \/>\nMike Harcourt \u00far, Brit Columbia tartom\u00e1ny minisztereln\u00f6ke \u00fcdv\u00f6zl\u0151levelet adott \u00e1t Kanada n\u00e9pe nev\u00e9ben.\n<strong>Rom\u00e1nia, 1995<\/strong><br \/>\nD. Drimer professzor, a Bukaresti \u00d6kol\u00f3giai Egyetem vezet\u0151je kognit\u00edv tudom\u00e1nyok d\u00edszdoktori c\u00edmmel adom\u00e1nyozta meg Shri Matajit.\n<strong>K\u00edna, 1995<\/strong><br \/>\nShri Mataji a k\u00ednai korm\u00e1ny hivatalos vend\u00e9gek\u00e9nt sz\u00f3lal fel az ENSZ Nemzetk\u00f6zi N\u0151i Konferenci\u00e1j\u00e1n.\n<strong>Pune, India, 1996<\/strong><br \/>\nSzent Gyaneshwara 700. \u00e9vfordul\u00f3ja alkalm\u00e1b\u00f3l Shri Mataji besz\u00e9det mondott a \u201eVil\u00e1g Filoz\u00f3fusok Tal\u00e1lkoz\u00f3ja &#8217;96 &#8211; A Tudom\u00e1ny, Vall\u00e1s \u00e9s Filoz\u00f3fia Parlamentje&#8221; rendezv\u00e9nyen, ahol m\u00e9ltatt\u00e1k spiritu\u00e1lis mozgalm\u00e1\u00e9rt, a Sahaja J\u00f3g\u00e1\u00e9rt.&#8221;\n<strong>London, 1997<\/strong><br \/>\nClaes Nobel \u00far, Alfred Nobel unoka\u00f6ccse, az United Earth \u00e9s a National Society of High School Scholars eln\u00f6ke nyilv\u00e1nos besz\u00e9d\u00e9ben tisztelgett Shri Mataji \u00e9lete \u00e9s munk\u00e1ss\u00e1ga el\u0151tt a Royal Albert Hallban.\n<strong>USA, 105. Kongresszus, 1997 \u00e9s 106. Kongresszus, 2000<\/strong><br \/>\nEliot Engle k\u00e9pvisel\u0151 tiszteletbeli nyilatkozata a Kongresszusi Jegyz\u0151k\u00f6nyvbe, amelyben m\u00e9ltatta Shri Matajit az emberis\u00e9g\u00e9rt v\u00e9gzett elk\u00f6telezett \u00e9s f\u00e1radhatatlan munk\u00e1j\u00e1\u00e9rt.\n<strong>Cabella Ligure, Olaszorsz\u00e1g, 2006<\/strong><br \/>\nShri Mataji elnyerte a tiszteletbeli olasz \u00e1llampolg\u00e1rs\u00e1got, amit a \u201eShri Mataji Nirmala Devi World Foundation of Sahaja Yoga&#8221; alapk\u00f6v\u00e9nek leleplez\u00e9se k\u00f6vetett. Ennek az alap\u00edtv\u00e1nynak a sz\u00e9khelye Cabella Ligur\u00e9ben van.\n<figure itemscope itemtype=\"https:\/\/schema.org\/ImageObject\">\n\t\t\t\t<img decoding=\"async\" src=\"https:\/\/shrimataji.org\/test\/wp-content\/uploads\/2018\/07\/media_originals\/images\/geographic-locations\/lwp-3459.jpg\" alt=\"Cabella Ligure, Taliansko\" height=\"427\" width=\"640\" title=\"lwp-3459\" onerror=\"this.style.display='none'\" loading=\"lazy\" \/>\n\t\t<figcaption>Cabella Ligure, Olaszorsz\u00e1g<\/figcaption>\n\t<\/figure>\n\t<div class=\"su-quote su-quote-style-default\"><div class=\"su-quote-inner su-u-clearfix su-u-trim\">Egy anya helyzete m\u00e1s, ez a t\u00fcrelem, ez a szeretet \u00e9s ez a megbocs\u00e1t\u00e1s velesz\u00fcletett egy any\u00e1ban&#8230; az \u0151 hozz\u00e1\u00e1ll\u00e1sa teljesen m\u00e1s. Nem valami eredm\u00e9ny\u00e9rt, nem valami nagy n\u00e9v\u00e9rt vagy valami d\u00edj\u00e9rt vagy ilyesmi\u00e9rt&#8230; az\u00e9rt teszi, mert anya.<\/div><\/div>\n\n","protected":false},"excerpt":{"rendered":"<p>D\u00edjak Nemzetk\u00f6zi elismer\u00e9sek Shri Mataji humanit\u00e1rius \u00e9s spiritu\u00e1lis munk\u00e1ja nemcsak a sz\u00e1mtalan, t\u00f6bb mint 95 orsz\u00e1gban \u00e9l\u0151 ember csod\u00e1lat\u00e1t v\u00e1ltotta ki, akiknek tan\u00edt\u00e1sai szem\u00e9lyes seg\u00edts\u00e9get ny\u00fajtottak, hanem korm\u00e1nyok, m\u00e9lt\u00f3s\u00e1gok, oktat\u00e1si int\u00e9zm\u00e9nyek \u00e9s humanit\u00e1rius szervezetek is elismerik azt. Felismerve tan\u00edt\u00e1sainak tudom\u00e1nyos \u00e9s ellen\u0151rizhet\u0151 jelleg\u00e9t, a szentp\u00e9terv\u00e1ri Petrovszkaja M\u0171v\u00e9szeti \u00e9s Tudom\u00e1nyos Akad\u00e9mia tiszteletbeli tags\u00e1got adom\u00e1nyozott Shri Matajinak,&hellip; <br \/> <a class=\"read-more\" href=\"https:\/\/shrimataji.org\/test\/hu\/awards\/\">Read more<\/a><\/p>\n","protected":false},"author":1,"featured_media":19169,"parent":0,"menu_order":0,"comment_status":"closed","ping_status":"closed","template":"","meta":{"inline_featured_image":false,"footnotes":""},"class_list":["post-19442","page","type-page","status-publish","has-post-thumbnail","hentry"],"yoast_head":"<!-- This site is optimized with the Yoast SEO plugin v27.4 - https:\/\/yoast.com\/product\/yoast-seo-wordpress\/ -->\n<title>D\u00edjak - TEST - SMND<\/title>\n<meta name=\"robots\" content=\"noindex, follow, max-snippet:-1, max-image-preview:large, max-video-preview:-1\" \/>\n<meta property=\"og:locale\" content=\"en_US\" \/>\n<meta property=\"og:type\" content=\"article\" \/>\n<meta property=\"og:title\" content=\"D\u00edjak - TEST - SMND\" \/>\n<meta property=\"og:description\" content=\"D\u00edjak Nemzetk\u00f6zi elismer\u00e9sek Shri Mataji humanit\u00e1rius \u00e9s spiritu\u00e1lis munk\u00e1ja nemcsak a sz\u00e1mtalan, t\u00f6bb mint 95 orsz\u00e1gban \u00e9l\u0151 ember csod\u00e1lat\u00e1t v\u00e1ltotta ki, akiknek tan\u00edt\u00e1sai szem\u00e9lyes seg\u00edts\u00e9get ny\u00fajtottak, hanem korm\u00e1nyok, m\u00e9lt\u00f3s\u00e1gok, oktat\u00e1si int\u00e9zm\u00e9nyek \u00e9s humanit\u00e1rius szervezetek is elismerik azt. Felismerve tan\u00edt\u00e1sainak tudom\u00e1nyos \u00e9s ellen\u0151rizhet\u0151 jelleg\u00e9t, a szentp\u00e9terv\u00e1ri Petrovszkaja M\u0171v\u00e9szeti \u00e9s Tudom\u00e1nyos Akad\u00e9mia tiszteletbeli tags\u00e1got adom\u00e1nyozott Shri Matajinak,&hellip; Read more\" \/>\n<meta property=\"og:url\" content=\"https:\/\/shrimataji.org\/test\/hu\/awards\/\" \/>\n<meta property=\"og:site_name\" content=\"TEST - SMND\" \/>\n<meta property=\"article:publisher\" content=\"https:\/\/www.facebook.com\/shrimataji\" \/>\n<meta property=\"article:modified_time\" content=\"2026-04-21T18:34:52+00:00\" \/>\n<meta property=\"og:image\" content=\"https:\/\/shrimataji.org\/test\/wp-content\/uploads\/2018\/07\/media_originals\/images\/headers-life-awards\/shri-mataji-recieves-recognition-in-moscow-russia.jpg\" \/>\n\t<meta property=\"og:image:width\" content=\"990\" \/>\n\t<meta property=\"og:image:height\" content=\"350\" \/>\n\t<meta property=\"og:image:type\" content=\"image\/jpeg\" \/>\n<meta name=\"twitter:card\" content=\"summary_large_image\" \/>\n<meta name=\"twitter:site\" content=\"@shrimataji\" \/>\n<meta name=\"twitter:label1\" content=\"Est. reading time\" \/>\n\t<meta name=\"twitter:data1\" content=\"4 minutes\" \/>\n<script type=\"application\/ld+json\" class=\"yoast-schema-graph\">{\"@context\":\"https:\\\/\\\/schema.org\",\"@graph\":[{\"@type\":\"WebPage\",\"@id\":\"https:\\\/\\\/shrimataji.org\\\/test\\\/hu\\\/awards\\\/\",\"url\":\"https:\\\/\\\/shrimataji.org\\\/test\\\/hu\\\/awards\\\/\",\"name\":\"D\u00edjak - TEST - SMND\",\"isPartOf\":{\"@id\":\"https:\\\/\\\/shrimataji.org\\\/test\\\/#website\"},\"primaryImageOfPage\":{\"@id\":\"https:\\\/\\\/shrimataji.org\\\/test\\\/hu\\\/awards\\\/#primaryimage\"},\"image\":{\"@id\":\"https:\\\/\\\/shrimataji.org\\\/test\\\/hu\\\/awards\\\/#primaryimage\"},\"thumbnailUrl\":\"https:\\\/\\\/shrimataji.org\\\/test\\\/wp-content\\\/uploads\\\/2018\\\/07\\\/media_originals\\\/images\\\/headers-life-awards\\\/shri-mataji-recieves-recognition-in-moscow-russia.jpg\",\"datePublished\":\"2018-07-10T06:54:50+00:00\",\"dateModified\":\"2026-04-21T18:34:52+00:00\",\"breadcrumb\":{\"@id\":\"https:\\\/\\\/shrimataji.org\\\/test\\\/hu\\\/awards\\\/#breadcrumb\"},\"inLanguage\":\"en-US\",\"potentialAction\":[{\"@type\":\"ReadAction\",\"target\":[\"https:\\\/\\\/shrimataji.org\\\/test\\\/hu\\\/awards\\\/\"]}]},{\"@type\":\"ImageObject\",\"inLanguage\":\"en-US\",\"@id\":\"https:\\\/\\\/shrimataji.org\\\/test\\\/hu\\\/awards\\\/#primaryimage\",\"url\":\"https:\\\/\\\/shrimataji.org\\\/test\\\/wp-content\\\/uploads\\\/2018\\\/07\\\/media_originals\\\/images\\\/headers-life-awards\\\/shri-mataji-recieves-recognition-in-moscow-russia.jpg\",\"contentUrl\":\"https:\\\/\\\/shrimataji.org\\\/test\\\/wp-content\\\/uploads\\\/2018\\\/07\\\/media_originals\\\/images\\\/headers-life-awards\\\/shri-mataji-recieves-recognition-in-moscow-russia.jpg\",\"width\":990,\"height\":350},{\"@type\":\"BreadcrumbList\",\"@id\":\"https:\\\/\\\/shrimataji.org\\\/test\\\/hu\\\/awards\\\/#breadcrumb\",\"itemListElement\":[{\"@type\":\"ListItem\",\"position\":1,\"name\":\"Home\",\"item\":\"https:\\\/\\\/shrimataji.org\\\/test\\\/uk\\\/home-en\\\/\"},{\"@type\":\"ListItem\",\"position\":2,\"name\":\"D\u00edjak\"}]},{\"@type\":\"WebSite\",\"@id\":\"https:\\\/\\\/shrimataji.org\\\/test\\\/#website\",\"url\":\"https:\\\/\\\/shrimataji.org\\\/test\\\/\",\"name\":\"Shri Mataji Nirmala Devi\",\"description\":\"A Life Dedicated to Humanity\",\"publisher\":{\"@id\":\"https:\\\/\\\/shrimataji.org\\\/test\\\/#\\\/schema\\\/person\\\/a1b3419c6585f164aa96da1ff85715d1\"},\"potentialAction\":[{\"@type\":\"SearchAction\",\"target\":{\"@type\":\"EntryPoint\",\"urlTemplate\":\"https:\\\/\\\/shrimataji.org\\\/test\\\/?s={search_term_string}\"},\"query-input\":{\"@type\":\"PropertyValueSpecification\",\"valueRequired\":true,\"valueName\":\"search_term_string\"}}],\"inLanguage\":\"en-US\"},{\"@type\":[\"Person\",\"Organization\"],\"@id\":\"https:\\\/\\\/shrimataji.org\\\/test\\\/#\\\/schema\\\/person\\\/a1b3419c6585f164aa96da1ff85715d1\",\"name\":\"Nirmala Shrivastava\",\"image\":{\"@type\":\"ImageObject\",\"inLanguage\":\"en-US\",\"@id\":\"https:\\\/\\\/shrimataji.org\\\/test\\\/wp-content\\\/uploads\\\/2023\\\/02\\\/SMO_LOGO-03.svg\",\"url\":\"https:\\\/\\\/shrimataji.org\\\/test\\\/wp-content\\\/uploads\\\/2023\\\/02\\\/SMO_LOGO-03.svg\",\"contentUrl\":\"https:\\\/\\\/shrimataji.org\\\/test\\\/wp-content\\\/uploads\\\/2023\\\/02\\\/SMO_LOGO-03.svg\",\"width\":\"1024\",\"height\":\"1024\",\"caption\":\"Nirmala Shrivastava\"},\"logo\":{\"@id\":\"https:\\\/\\\/shrimataji.org\\\/test\\\/wp-content\\\/uploads\\\/2023\\\/02\\\/SMO_LOGO-03.svg\"},\"sameAs\":[\"https:\\\/\\\/shrimataji.org\\\/test\",\"https:\\\/\\\/www.facebook.com\\\/shrimataji\",\"https:\\\/\\\/x.com\\\/shrimataji\",\"https:\\\/\\\/www.youtube.com\\\/@Shri_Mataji_Nirmala_Devi\\\/featured\"]}]}<\/script>\n<!-- \/ Yoast SEO plugin. -->","yoast_head_json":{"title":"D\u00edjak - TEST - SMND","robots":{"index":"noindex","follow":"follow","max-snippet":"max-snippet:-1","max-image-preview":"max-image-preview:large","max-video-preview":"max-video-preview:-1"},"og_locale":"en_US","og_type":"article","og_title":"D\u00edjak - TEST - SMND","og_description":"D\u00edjak Nemzetk\u00f6zi elismer\u00e9sek Shri Mataji humanit\u00e1rius \u00e9s spiritu\u00e1lis munk\u00e1ja nemcsak a sz\u00e1mtalan, t\u00f6bb mint 95 orsz\u00e1gban \u00e9l\u0151 ember csod\u00e1lat\u00e1t v\u00e1ltotta ki, akiknek tan\u00edt\u00e1sai szem\u00e9lyes seg\u00edts\u00e9get ny\u00fajtottak, hanem korm\u00e1nyok, m\u00e9lt\u00f3s\u00e1gok, oktat\u00e1si int\u00e9zm\u00e9nyek \u00e9s humanit\u00e1rius szervezetek is elismerik azt. Felismerve tan\u00edt\u00e1sainak tudom\u00e1nyos \u00e9s ellen\u0151rizhet\u0151 jelleg\u00e9t, a szentp\u00e9terv\u00e1ri Petrovszkaja M\u0171v\u00e9szeti \u00e9s Tudom\u00e1nyos Akad\u00e9mia tiszteletbeli tags\u00e1got adom\u00e1nyozott Shri Matajinak,&hellip; Read more","og_url":"https:\/\/shrimataji.org\/test\/hu\/awards\/","og_site_name":"TEST - SMND","article_publisher":"https:\/\/www.facebook.com\/shrimataji","article_modified_time":"2026-04-21T18:34:52+00:00","og_image":[{"width":990,"height":350,"url":"https:\/\/shrimataji.org\/test\/wp-content\/uploads\/2018\/07\/media_originals\/images\/headers-life-awards\/shri-mataji-recieves-recognition-in-moscow-russia.jpg","type":"image\/jpeg"}],"twitter_card":"summary_large_image","twitter_site":"@shrimataji","twitter_misc":{"Est. reading time":"4 minutes"},"schema":{"@context":"https:\/\/schema.org","@graph":[{"@type":"WebPage","@id":"https:\/\/shrimataji.org\/test\/hu\/awards\/","url":"https:\/\/shrimataji.org\/test\/hu\/awards\/","name":"D\u00edjak - TEST - SMND","isPartOf":{"@id":"https:\/\/shrimataji.org\/test\/#website"},"primaryImageOfPage":{"@id":"https:\/\/shrimataji.org\/test\/hu\/awards\/#primaryimage"},"image":{"@id":"https:\/\/shrimataji.org\/test\/hu\/awards\/#primaryimage"},"thumbnailUrl":"https:\/\/shrimataji.org\/test\/wp-content\/uploads\/2018\/07\/media_originals\/images\/headers-life-awards\/shri-mataji-recieves-recognition-in-moscow-russia.jpg","datePublished":"2018-07-10T06:54:50+00:00","dateModified":"2026-04-21T18:34:52+00:00","breadcrumb":{"@id":"https:\/\/shrimataji.org\/test\/hu\/awards\/#breadcrumb"},"inLanguage":"en-US","potentialAction":[{"@type":"ReadAction","target":["https:\/\/shrimataji.org\/test\/hu\/awards\/"]}]},{"@type":"ImageObject","inLanguage":"en-US","@id":"https:\/\/shrimataji.org\/test\/hu\/awards\/#primaryimage","url":"https:\/\/shrimataji.org\/test\/wp-content\/uploads\/2018\/07\/media_originals\/images\/headers-life-awards\/shri-mataji-recieves-recognition-in-moscow-russia.jpg","contentUrl":"https:\/\/shrimataji.org\/test\/wp-content\/uploads\/2018\/07\/media_originals\/images\/headers-life-awards\/shri-mataji-recieves-recognition-in-moscow-russia.jpg","width":990,"height":350},{"@type":"BreadcrumbList","@id":"https:\/\/shrimataji.org\/test\/hu\/awards\/#breadcrumb","itemListElement":[{"@type":"ListItem","position":1,"name":"Home","item":"https:\/\/shrimataji.org\/test\/uk\/home-en\/"},{"@type":"ListItem","position":2,"name":"D\u00edjak"}]},{"@type":"WebSite","@id":"https:\/\/shrimataji.org\/test\/#website","url":"https:\/\/shrimataji.org\/test\/","name":"Shri Mataji Nirmala Devi","description":"A Life Dedicated to Humanity","publisher":{"@id":"https:\/\/shrimataji.org\/test\/#\/schema\/person\/a1b3419c6585f164aa96da1ff85715d1"},"potentialAction":[{"@type":"SearchAction","target":{"@type":"EntryPoint","urlTemplate":"https:\/\/shrimataji.org\/test\/?s={search_term_string}"},"query-input":{"@type":"PropertyValueSpecification","valueRequired":true,"valueName":"search_term_string"}}],"inLanguage":"en-US"},{"@type":["Person","Organization"],"@id":"https:\/\/shrimataji.org\/test\/#\/schema\/person\/a1b3419c6585f164aa96da1ff85715d1","name":"Nirmala Shrivastava","image":{"@type":"ImageObject","inLanguage":"en-US","@id":"https:\/\/shrimataji.org\/test\/wp-content\/uploads\/2023\/02\/SMO_LOGO-03.svg","url":"https:\/\/shrimataji.org\/test\/wp-content\/uploads\/2023\/02\/SMO_LOGO-03.svg","contentUrl":"https:\/\/shrimataji.org\/test\/wp-content\/uploads\/2023\/02\/SMO_LOGO-03.svg","width":"1024","height":"1024","caption":"Nirmala Shrivastava"},"logo":{"@id":"https:\/\/shrimataji.org\/test\/wp-content\/uploads\/2023\/02\/SMO_LOGO-03.svg"},"sameAs":["https:\/\/shrimataji.org\/test","https:\/\/www.facebook.com\/shrimataji","https:\/\/x.com\/shrimataji","https:\/\/www.youtube.com\/@Shri_Mataji_Nirmala_Devi\/featured"]}]}},"lang":"hu","translations":{"hu":19442,"ur":37691,"en":437,"am":17967,"th":19895,"sq":18368,"zh":17265,"tr":10136,"pt":10353,"de":10626,"fr":10724,"it":10822,"es":10920,"ja":11217,"ru":11405,"bn":11597,"te":11705,"sw":11828,"he":11976,"el":12267,"sk":12365,"fa":12463,"fi":12561,"bg":13438,"ro":14512,"cs":14705,"nl":16528,"ku":16688,"ar":16864,"be":18575,"kn":18849,"mr":20259,"uk":20551,"ml":20850,"ta":22683,"sv":22956,"gu":28804,"pa":28962,"fil":29402,"da":37710,"pl":37927,"nn":38262},"pll_sync_post":[],"_links":{"self":[{"href":"https:\/\/shrimataji.org\/test\/wp-json\/wp\/v2\/pages\/19442","targetHints":{"allow":["GET"]}}],"collection":[{"href":"https:\/\/shrimataji.org\/test\/wp-json\/wp\/v2\/pages"}],"about":[{"href":"https:\/\/shrimataji.org\/test\/wp-json\/wp\/v2\/types\/page"}],"author":[{"embeddable":true,"href":"https:\/\/shrimataji.org\/test\/wp-json\/wp\/v2\/users\/1"}],"replies":[{"embeddable":true,"href":"https:\/\/shrimataji.org\/test\/wp-json\/wp\/v2\/comments?post=19442"}],"version-history":[{"count":0,"href":"https:\/\/shrimataji.org\/test\/wp-json\/wp\/v2\/pages\/19442\/revisions"}],"wp:featuredmedia":[{"embeddable":true,"href":"https:\/\/shrimataji.org\/test\/wp-json\/wp\/v2\/media\/19169"}],"wp:attachment":[{"href":"https:\/\/shrimataji.org\/test\/wp-json\/wp\/v2\/media?parent=19442"}],"curies":[{"name":"wp","href":"https:\/\/api.w.org\/{rel}","templated":true}]}}