{"id":19444,"date":"2022-01-29T09:51:00","date_gmt":"2022-01-29T09:51:00","guid":{"rendered":"https:\/\/test.shrimataji.org\/?page_id=6388"},"modified":"2026-04-09T09:30:50","modified_gmt":"2026-04-09T09:30:50","slug":"becoming-a-master","status":"publish","type":"page","link":"https:\/\/shrimataji.org\/test\/hu\/becoming-a-master\/","title":{"rendered":"Mesterr\u00e9 v\u00e1lni"},"content":{"rendered":"\n\n\t<h1>Mesterr\u00e9 v\u00e1lni<\/h1>\n<h2>A guru-elv fel\u00e9breszt\u00e9se<\/h2>\n<div class=\"su-quote su-quote-style-default\"><div class=\"su-quote-inner su-u-clearfix su-u-trim\"> De mi j\u00f3val felette vagyunk mindezen h\u00e9tk\u00f6znapi eszk\u00f6z\u00f6knek, m\u00e9g a legbonyolultabbaknak, a legfejlettebbeknek \u00e9s a tudom\u00e1ny \u00e1ltal legjobban kifejlesztetteknek is. Mert el\u00e9r\u00fcnk egy olyan \u00e1llapotot, ahol mi magunk v\u00e1lunk a tudom\u00e1nny\u00e1, az igazs\u00e1g tudom\u00e1ny\u00e1v\u00e1, az abszol\u00fat igazs\u00e1gg\u00e1. Teh\u00e1t, amire egy gurunak sz\u00fcks\u00e9ge van, az az \u00f6nbecs\u00fcl\u00e9s. <\/div><\/div>\n<h4>Shri Mataji m\u00e1r a Sahaja J\u00f3ga tan\u00edt\u00e1s\u00e1nak els\u0151 napj\u00e1t\u00f3l kezdve hangs\u00falyozta az \u00f6nuralom \u00e1llapot\u00e1nak el\u00e9r\u00e9s\u00e9t. M\u00e1s j\u00f3gatudom\u00e1nyokkal ellent\u00e9tben, amelyek \u00e9vekig tart\u00f3 tanul\u00e1st ig\u00e9nyelnek egy mester vagy guru szoros ir\u00e1ny\u00edt\u00e1sa alatt, a Sahaja J\u00f3ga medit\u00e1ci\u00f3 arra \u00f6sszpontos\u00edt, hogy el\u00e9rj\u00fck a megvil\u00e1gosodott L\u00e9lek saj\u00e1t bels\u0151 mesterelv\u00e9t.<\/h4>\n<p>Minden igazi tud\u00e1st csak a k\u00f6zponti idegrendszer\u00fcnk\u00f6n kereszt\u00fcl ismerhet\u00fcnk meg. A hatodik \u00e9rz\u00e9k, a finomszint\u0171 vibr\u00e1ci\u00f3s tudatoss\u00e1g, melyet az \u00f6nmegval\u00f3sul\u00e1s tesz lehet\u0151v\u00e9, \u00e9s a megfelel\u0151 Sahaja J\u00f3ga medit\u00e1ci\u00f3s gyakorlat alak\u00edtja ki, t\u00f6k\u00e9letes eszk\u00f6zz\u00e9 v\u00e1lik saj\u00e1t \u00e9s m\u00e1sok tud\u00e1s\u00e1nak igazol\u00e1s\u00e1ra a tudatoss\u00e1g ezen \u00faj dimenzi\u00f3j\u00e1n kereszt\u00fcl.<\/p>\n<p>Amint el\u00e9rj\u00fck ezt a velesz\u00fcletett mester-elv \u00e1llapotot, tiszt\u00e1n l\u00e1tjuk a dolgokat \u00fagy, ahogy vannak, \u00e9s nem \u00fagy, ahogy kor\u00e1bban hitt\u00fck \u0151ket. Nem k\u00f6vet\u00fcnk vakon hitet, vall\u00e1st, tanokat vagy dogm\u00e1kat; ehelyett a perspekt\u00edv\u00e1nk megv\u00e1ltozik az\u00e1ltal, hogy mindent az abszol\u00fat vibr\u00e1ci\u00f3s tudatoss\u00e1g \u00e1llapot\u00e1ban n\u00e9z\u00fcnk, ami t\u00fal van korl\u00e1tozott elm\u00e9nk kett\u0151ss\u00e9g\u00e9n.<\/p>\n<p>Kezdetben az ilyen isteni \u00e9lm\u00e9nyek csak r\u00f6vid pillanatokig tarthatnak, de ahogy sz\u00edvb\u0151l haladunk el\u0151re a Sahaja J\u00f3ga medit\u00e1ci\u00f3j\u00e1ban, ezek a m\u00e9ly \u00e9lm\u00e9nyek szerves r\u00e9sz\u00e9v\u00e9 v\u00e1lnak \u00e9let\u00fcnknek. Higgadtan tudunk szemben\u00e9zni \u00e9let\u00fcnk minden oldal\u00e1val, \u00e9s \u00farr\u00e1 lehet\u00fcnk minden olyan helyzet felett, amely kor\u00e1bban ijeszt\u0151nek vagy szorongat\u00f3nak t\u0171nhetett.<\/p>\n<p>Az \u00f6nfegyelem gyakorl\u00e1sa nemcsak azt teszi lehet\u0151v\u00e9 sz\u00e1munkra, hogy harmonikus egyens\u00falyt vigy\u00fcnk a mindennapi \u00e9let\u00fcnkbe, hanem k\u00e9pess\u00e9 tesz arra is, hogy m\u00e1sokat is eljuttassunk ebbe a gy\u00f6ny\u00f6r\u0171 \u00f6nmegval\u00f3sult \u00e1llapotba. Sok Sahaja j\u00f3gi megtapasztalta, hogyan v\u00e1ltozott \u00e1t a saj\u00e1t \u00e9lete, csal\u00e1dja, bar\u00e1tai, s\u0151t m\u00e9g a t\u00e1gabb t\u00e1rsadalom is, amelyben \u00e9lnek, puszt\u00e1n az\u00e1ltal, hogy maguk mestereiv\u00e9 v\u00e1ltak, megalapozt\u00e1k magukban a guru-elvet.<\/p>\n<div class=\"su-quote su-quote-style-default\"><div class=\"su-quote-inner su-u-clearfix su-u-trim\"> Ugyan\u00edgy, amikor abban a magass\u00e1gban vagy abban az \u00e1llapotban vagy, akkor an\u00e9lk\u00fcl, hogy b\u00e1rmit is mondan\u00e1l, b\u00e1rmit is tenn\u00e9l, ak\u00e1r egy pillant\u00e1st is vetn\u00e9l, megnyilv\u00e1nulsz. <\/div><\/div>\n\n","protected":false},"excerpt":{"rendered":"<p>Mesterr\u00e9 v\u00e1lni A guru-elv fel\u00e9breszt\u00e9se Shri Mataji m\u00e1r a Sahaja J\u00f3ga tan\u00edt\u00e1s\u00e1nak els\u0151 napj\u00e1t\u00f3l kezdve hangs\u00falyozta az \u00f6nuralom \u00e1llapot\u00e1nak el\u00e9r\u00e9s\u00e9t. M\u00e1s j\u00f3gatudom\u00e1nyokkal ellent\u00e9tben, amelyek \u00e9vekig tart\u00f3 tanul\u00e1st ig\u00e9nyelnek egy mester vagy guru szoros ir\u00e1ny\u00edt\u00e1sa alatt, a Sahaja J\u00f3ga medit\u00e1ci\u00f3 arra \u00f6sszpontos\u00edt, hogy el\u00e9rj\u00fck a megvil\u00e1gosodott L\u00e9lek saj\u00e1t bels\u0151 mesterelv\u00e9t. Minden igazi tud\u00e1st csak a k\u00f6zponti&hellip; <br \/> <a class=\"read-more\" href=\"https:\/\/shrimataji.org\/test\/hu\/becoming-a-master\/\">Read more<\/a><\/p>\n","protected":false},"author":1,"featured_media":19172,"parent":0,"menu_order":0,"comment_status":"closed","ping_status":"closed","template":"","meta":{"inline_featured_image":false,"footnotes":""},"class_list":["post-19444","page","type-page","status-publish","has-post-thumbnail","hentry"],"yoast_head":"<!-- This site is optimized with the Yoast SEO plugin v27.4 - https:\/\/yoast.com\/product\/yoast-seo-wordpress\/ -->\n<title>Mesterr\u00e9 v\u00e1lni - TEST - SMND<\/title>\n<meta name=\"robots\" content=\"noindex, follow, max-snippet:-1, max-image-preview:large, max-video-preview:-1\" \/>\n<meta property=\"og:locale\" content=\"en_US\" \/>\n<meta property=\"og:type\" content=\"article\" \/>\n<meta property=\"og:title\" content=\"Mesterr\u00e9 v\u00e1lni - TEST - SMND\" \/>\n<meta property=\"og:description\" content=\"Mesterr\u00e9 v\u00e1lni A guru-elv fel\u00e9breszt\u00e9se Shri Mataji m\u00e1r a Sahaja J\u00f3ga tan\u00edt\u00e1s\u00e1nak els\u0151 napj\u00e1t\u00f3l kezdve hangs\u00falyozta az \u00f6nuralom \u00e1llapot\u00e1nak el\u00e9r\u00e9s\u00e9t. M\u00e1s j\u00f3gatudom\u00e1nyokkal ellent\u00e9tben, amelyek \u00e9vekig tart\u00f3 tanul\u00e1st ig\u00e9nyelnek egy mester vagy guru szoros ir\u00e1ny\u00edt\u00e1sa alatt, a Sahaja J\u00f3ga medit\u00e1ci\u00f3 arra \u00f6sszpontos\u00edt, hogy el\u00e9rj\u00fck a megvil\u00e1gosodott L\u00e9lek saj\u00e1t bels\u0151 mesterelv\u00e9t. Minden igazi tud\u00e1st csak a k\u00f6zponti&hellip; Read more\" \/>\n<meta property=\"og:url\" content=\"https:\/\/shrimataji.org\/test\/hu\/becoming-a-master\/\" \/>\n<meta property=\"og:site_name\" content=\"TEST - SMND\" \/>\n<meta property=\"article:publisher\" content=\"https:\/\/www.facebook.com\/shrimataji\" \/>\n<meta property=\"article:modified_time\" content=\"2026-04-09T09:30:50+00:00\" \/>\n<meta property=\"og:image\" content=\"https:\/\/shrimataji.org\/test\/wp-content\/uploads\/2023\/03\/26_Banner-SY-Master-scaled.jpg\" \/>\n\t<meta property=\"og:image:width\" content=\"2560\" \/>\n\t<meta property=\"og:image:height\" content=\"905\" \/>\n\t<meta property=\"og:image:type\" content=\"image\/jpeg\" \/>\n<meta name=\"twitter:card\" content=\"summary_large_image\" \/>\n<meta name=\"twitter:site\" content=\"@shrimataji\" \/>\n<meta name=\"twitter:label1\" content=\"Est. reading time\" \/>\n\t<meta name=\"twitter:data1\" content=\"2 minutes\" \/>\n<script type=\"application\/ld+json\" class=\"yoast-schema-graph\">{\"@context\":\"https:\\\/\\\/schema.org\",\"@graph\":[{\"@type\":\"WebPage\",\"@id\":\"https:\\\/\\\/shrimataji.org\\\/test\\\/hu\\\/becoming-a-master\\\/\",\"url\":\"https:\\\/\\\/shrimataji.org\\\/test\\\/hu\\\/becoming-a-master\\\/\",\"name\":\"Mesterr\u00e9 v\u00e1lni - TEST - SMND\",\"isPartOf\":{\"@id\":\"https:\\\/\\\/shrimataji.org\\\/test\\\/#website\"},\"primaryImageOfPage\":{\"@id\":\"https:\\\/\\\/shrimataji.org\\\/test\\\/hu\\\/becoming-a-master\\\/#primaryimage\"},\"image\":{\"@id\":\"https:\\\/\\\/shrimataji.org\\\/test\\\/hu\\\/becoming-a-master\\\/#primaryimage\"},\"thumbnailUrl\":\"https:\\\/\\\/shrimataji.org\\\/test\\\/wp-content\\\/uploads\\\/2023\\\/03\\\/26_Banner-SY-Master-scaled.jpg\",\"datePublished\":\"2022-01-29T09:51:00+00:00\",\"dateModified\":\"2026-04-09T09:30:50+00:00\",\"breadcrumb\":{\"@id\":\"https:\\\/\\\/shrimataji.org\\\/test\\\/hu\\\/becoming-a-master\\\/#breadcrumb\"},\"inLanguage\":\"en-US\",\"potentialAction\":[{\"@type\":\"ReadAction\",\"target\":[\"https:\\\/\\\/shrimataji.org\\\/test\\\/hu\\\/becoming-a-master\\\/\"]}]},{\"@type\":\"ImageObject\",\"inLanguage\":\"en-US\",\"@id\":\"https:\\\/\\\/shrimataji.org\\\/test\\\/hu\\\/becoming-a-master\\\/#primaryimage\",\"url\":\"https:\\\/\\\/shrimataji.org\\\/test\\\/wp-content\\\/uploads\\\/2023\\\/03\\\/26_Banner-SY-Master-scaled.jpg\",\"contentUrl\":\"https:\\\/\\\/shrimataji.org\\\/test\\\/wp-content\\\/uploads\\\/2023\\\/03\\\/26_Banner-SY-Master-scaled.jpg\",\"width\":2560,\"height\":905},{\"@type\":\"BreadcrumbList\",\"@id\":\"https:\\\/\\\/shrimataji.org\\\/test\\\/hu\\\/becoming-a-master\\\/#breadcrumb\",\"itemListElement\":[{\"@type\":\"ListItem\",\"position\":1,\"name\":\"Home\",\"item\":\"https:\\\/\\\/shrimataji.org\\\/test\\\/uk\\\/home-en\\\/\"},{\"@type\":\"ListItem\",\"position\":2,\"name\":\"Mesterr\u00e9 v\u00e1lni\"}]},{\"@type\":\"WebSite\",\"@id\":\"https:\\\/\\\/shrimataji.org\\\/test\\\/#website\",\"url\":\"https:\\\/\\\/shrimataji.org\\\/test\\\/\",\"name\":\"Shri Mataji Nirmala Devi\",\"description\":\"A Life Dedicated to Humanity\",\"publisher\":{\"@id\":\"https:\\\/\\\/shrimataji.org\\\/test\\\/#\\\/schema\\\/person\\\/a1b3419c6585f164aa96da1ff85715d1\"},\"potentialAction\":[{\"@type\":\"SearchAction\",\"target\":{\"@type\":\"EntryPoint\",\"urlTemplate\":\"https:\\\/\\\/shrimataji.org\\\/test\\\/?s={search_term_string}\"},\"query-input\":{\"@type\":\"PropertyValueSpecification\",\"valueRequired\":true,\"valueName\":\"search_term_string\"}}],\"inLanguage\":\"en-US\"},{\"@type\":[\"Person\",\"Organization\"],\"@id\":\"https:\\\/\\\/shrimataji.org\\\/test\\\/#\\\/schema\\\/person\\\/a1b3419c6585f164aa96da1ff85715d1\",\"name\":\"Nirmala Shrivastava\",\"image\":{\"@type\":\"ImageObject\",\"inLanguage\":\"en-US\",\"@id\":\"https:\\\/\\\/shrimataji.org\\\/test\\\/wp-content\\\/uploads\\\/2023\\\/02\\\/SMO_LOGO-03.svg\",\"url\":\"https:\\\/\\\/shrimataji.org\\\/test\\\/wp-content\\\/uploads\\\/2023\\\/02\\\/SMO_LOGO-03.svg\",\"contentUrl\":\"https:\\\/\\\/shrimataji.org\\\/test\\\/wp-content\\\/uploads\\\/2023\\\/02\\\/SMO_LOGO-03.svg\",\"width\":\"1024\",\"height\":\"1024\",\"caption\":\"Nirmala Shrivastava\"},\"logo\":{\"@id\":\"https:\\\/\\\/shrimataji.org\\\/test\\\/wp-content\\\/uploads\\\/2023\\\/02\\\/SMO_LOGO-03.svg\"},\"sameAs\":[\"https:\\\/\\\/shrimataji.org\\\/test\",\"https:\\\/\\\/www.facebook.com\\\/shrimataji\",\"https:\\\/\\\/x.com\\\/shrimataji\",\"https:\\\/\\\/www.youtube.com\\\/@Shri_Mataji_Nirmala_Devi\\\/featured\"]}]}<\/script>\n<!-- \/ Yoast SEO plugin. -->","yoast_head_json":{"title":"Mesterr\u00e9 v\u00e1lni - TEST - SMND","robots":{"index":"noindex","follow":"follow","max-snippet":"max-snippet:-1","max-image-preview":"max-image-preview:large","max-video-preview":"max-video-preview:-1"},"og_locale":"en_US","og_type":"article","og_title":"Mesterr\u00e9 v\u00e1lni - TEST - SMND","og_description":"Mesterr\u00e9 v\u00e1lni A guru-elv fel\u00e9breszt\u00e9se Shri Mataji m\u00e1r a Sahaja J\u00f3ga tan\u00edt\u00e1s\u00e1nak els\u0151 napj\u00e1t\u00f3l kezdve hangs\u00falyozta az \u00f6nuralom \u00e1llapot\u00e1nak el\u00e9r\u00e9s\u00e9t. M\u00e1s j\u00f3gatudom\u00e1nyokkal ellent\u00e9tben, amelyek \u00e9vekig tart\u00f3 tanul\u00e1st ig\u00e9nyelnek egy mester vagy guru szoros ir\u00e1ny\u00edt\u00e1sa alatt, a Sahaja J\u00f3ga medit\u00e1ci\u00f3 arra \u00f6sszpontos\u00edt, hogy el\u00e9rj\u00fck a megvil\u00e1gosodott L\u00e9lek saj\u00e1t bels\u0151 mesterelv\u00e9t. Minden igazi tud\u00e1st csak a k\u00f6zponti&hellip; Read more","og_url":"https:\/\/shrimataji.org\/test\/hu\/becoming-a-master\/","og_site_name":"TEST - SMND","article_publisher":"https:\/\/www.facebook.com\/shrimataji","article_modified_time":"2026-04-09T09:30:50+00:00","og_image":[{"width":2560,"height":905,"url":"https:\/\/shrimataji.org\/test\/wp-content\/uploads\/2023\/03\/26_Banner-SY-Master-scaled.jpg","type":"image\/jpeg"}],"twitter_card":"summary_large_image","twitter_site":"@shrimataji","twitter_misc":{"Est. reading time":"2 minutes"},"schema":{"@context":"https:\/\/schema.org","@graph":[{"@type":"WebPage","@id":"https:\/\/shrimataji.org\/test\/hu\/becoming-a-master\/","url":"https:\/\/shrimataji.org\/test\/hu\/becoming-a-master\/","name":"Mesterr\u00e9 v\u00e1lni - TEST - SMND","isPartOf":{"@id":"https:\/\/shrimataji.org\/test\/#website"},"primaryImageOfPage":{"@id":"https:\/\/shrimataji.org\/test\/hu\/becoming-a-master\/#primaryimage"},"image":{"@id":"https:\/\/shrimataji.org\/test\/hu\/becoming-a-master\/#primaryimage"},"thumbnailUrl":"https:\/\/shrimataji.org\/test\/wp-content\/uploads\/2023\/03\/26_Banner-SY-Master-scaled.jpg","datePublished":"2022-01-29T09:51:00+00:00","dateModified":"2026-04-09T09:30:50+00:00","breadcrumb":{"@id":"https:\/\/shrimataji.org\/test\/hu\/becoming-a-master\/#breadcrumb"},"inLanguage":"en-US","potentialAction":[{"@type":"ReadAction","target":["https:\/\/shrimataji.org\/test\/hu\/becoming-a-master\/"]}]},{"@type":"ImageObject","inLanguage":"en-US","@id":"https:\/\/shrimataji.org\/test\/hu\/becoming-a-master\/#primaryimage","url":"https:\/\/shrimataji.org\/test\/wp-content\/uploads\/2023\/03\/26_Banner-SY-Master-scaled.jpg","contentUrl":"https:\/\/shrimataji.org\/test\/wp-content\/uploads\/2023\/03\/26_Banner-SY-Master-scaled.jpg","width":2560,"height":905},{"@type":"BreadcrumbList","@id":"https:\/\/shrimataji.org\/test\/hu\/becoming-a-master\/#breadcrumb","itemListElement":[{"@type":"ListItem","position":1,"name":"Home","item":"https:\/\/shrimataji.org\/test\/uk\/home-en\/"},{"@type":"ListItem","position":2,"name":"Mesterr\u00e9 v\u00e1lni"}]},{"@type":"WebSite","@id":"https:\/\/shrimataji.org\/test\/#website","url":"https:\/\/shrimataji.org\/test\/","name":"Shri Mataji Nirmala Devi","description":"A Life Dedicated to Humanity","publisher":{"@id":"https:\/\/shrimataji.org\/test\/#\/schema\/person\/a1b3419c6585f164aa96da1ff85715d1"},"potentialAction":[{"@type":"SearchAction","target":{"@type":"EntryPoint","urlTemplate":"https:\/\/shrimataji.org\/test\/?s={search_term_string}"},"query-input":{"@type":"PropertyValueSpecification","valueRequired":true,"valueName":"search_term_string"}}],"inLanguage":"en-US"},{"@type":["Person","Organization"],"@id":"https:\/\/shrimataji.org\/test\/#\/schema\/person\/a1b3419c6585f164aa96da1ff85715d1","name":"Nirmala Shrivastava","image":{"@type":"ImageObject","inLanguage":"en-US","@id":"https:\/\/shrimataji.org\/test\/wp-content\/uploads\/2023\/02\/SMO_LOGO-03.svg","url":"https:\/\/shrimataji.org\/test\/wp-content\/uploads\/2023\/02\/SMO_LOGO-03.svg","contentUrl":"https:\/\/shrimataji.org\/test\/wp-content\/uploads\/2023\/02\/SMO_LOGO-03.svg","width":"1024","height":"1024","caption":"Nirmala Shrivastava"},"logo":{"@id":"https:\/\/shrimataji.org\/test\/wp-content\/uploads\/2023\/02\/SMO_LOGO-03.svg"},"sameAs":["https:\/\/shrimataji.org\/test","https:\/\/www.facebook.com\/shrimataji","https:\/\/x.com\/shrimataji","https:\/\/www.youtube.com\/@Shri_Mataji_Nirmala_Devi\/featured"]}]}},"lang":"hu","translations":{"hu":19444,"ur":37398,"en":6388,"am":17969,"th":19898,"sq":18370,"zh":17267,"hi":7370,"tr":10137,"pt":10354,"de":10627,"fr":10725,"it":10823,"es":10921,"ja":11218,"ru":11406,"bn":11598,"te":11706,"sw":11829,"he":11977,"el":12268,"sk":12366,"fa":12464,"fi":12562,"bg":13400,"ro":14474,"cs":14667,"nl":16530,"ku":16690,"ar":16866,"be":18577,"kn":18851,"mr":20262,"uk":20554,"ml":20853,"ta":22685,"sv":22958,"gu":28806,"pa":28964,"fil":29404,"da":37712,"pl":37929,"nn":38264},"pll_sync_post":[],"_links":{"self":[{"href":"https:\/\/shrimataji.org\/test\/wp-json\/wp\/v2\/pages\/19444","targetHints":{"allow":["GET"]}}],"collection":[{"href":"https:\/\/shrimataji.org\/test\/wp-json\/wp\/v2\/pages"}],"about":[{"href":"https:\/\/shrimataji.org\/test\/wp-json\/wp\/v2\/types\/page"}],"author":[{"embeddable":true,"href":"https:\/\/shrimataji.org\/test\/wp-json\/wp\/v2\/users\/1"}],"replies":[{"embeddable":true,"href":"https:\/\/shrimataji.org\/test\/wp-json\/wp\/v2\/comments?post=19444"}],"version-history":[{"count":0,"href":"https:\/\/shrimataji.org\/test\/wp-json\/wp\/v2\/pages\/19444\/revisions"}],"wp:featuredmedia":[{"embeddable":true,"href":"https:\/\/shrimataji.org\/test\/wp-json\/wp\/v2\/media\/19172"}],"wp:attachment":[{"href":"https:\/\/shrimataji.org\/test\/wp-json\/wp\/v2\/media?parent=19444"}],"curies":[{"name":"wp","href":"https:\/\/api.w.org\/{rel}","templated":true}]}}