{"id":19446,"date":"2022-02-25T04:05:58","date_gmt":"2022-02-25T04:05:58","guid":{"rendered":"https:\/\/test.shrimataji.org\/?page_id=6476"},"modified":"2026-04-18T14:55:28","modified_gmt":"2026-04-18T14:55:28","slug":"chakras-qualities","status":"publish","type":"page","link":"https:\/\/shrimataji.org\/test\/hu\/chakras-qualities\/","title":{"rendered":"Csakr\u00e1k \u00e9s tulajdons\u00e1gok"},"content":{"rendered":"\n\n\t<h1><a href=\"#_ftnref1\" name=\"_ftn1\"><\/a>Csakr\u00e1k \u00e9s tulajdons\u00e1gok<\/h1>\n<h2>Az \u00e9let kerekei<\/h2>\n<div class=\"su-quote su-quote-style-default\"><div class=\"su-quote-inner su-u-clearfix su-u-trim\">A csakr\u00e1k az \u00f6t finom szint\u0171 elemb\u0151l &#8211; f\u00f6ld, v\u00edz, leveg\u0151, t\u0171z \u00e9s \u00e9ter &#8211; \u00e9p\u00fclnek fel.<\/div><\/div>\n\t<h4>Shri Mataji elmagyar\u00e1zta a keres\u0151knek, hogy val\u00f3j\u00e1ban hogyan lehet \u00e9rezni a finom k\u00f6zpontokat (csakr\u00e1kat) ak\u00e1r a testben, ak\u00e1r a v\u00e9gtagokban, p\u00e9ld\u00e1ul a k\u00e9z \u00e9s a l\u00e1b ujjbegyein. Az emberi pszich\u00e9 \u00e1llapot\u00e1t\u00f3l f\u00fcgg\u0151en k\u00fcl\u00f6nb\u00f6z\u0151 \u00e9rz\u00e9seket \u00e9rezhet\u00fcnk, kezdve a meleg, vagy a h\u0171v\u00f6s \u00e9rzetekt\u0151l a fizikai bizserg\u00e9sen vagy elnehez\u00fcl\u00e9sen \u00e1t. Shri Mataji t\u00fcrelmesen \u00f6sszeegyeztette ezeket az \u00e9rzeteket, amelyeket a keres\u0151k az \u0151 jelenl\u00e9t\u00e9ben tapasztaltak, egy adott probl\u00e9m\u00e1val, amely fizikai, ment\u00e1lis, \u00e9rzelmi \u00e9s spiritu\u00e1lis szinten \u00e9rintette a keres\u0151ket. R\u00e1mutatott, hogy ezt a j\u00f3gikus spiritu\u00e1lis \u00e9lm\u00e9nyt nagyon j\u00f3l le\u00edrj\u00e1k a vil\u00e1g k\u00fcl\u00f6nb\u00f6z\u0151 szent\u00edr\u00e1sai, k\u00fcl\u00f6n\u00f6sen a Szent Kor\u00e1n versei.<\/h4>\n\t<div class=\"su-quote su-quote-style-default\"><div class=\"su-quote-inner su-u-clearfix su-u-trim\">A Kor\u00e1nban Kiyam\u00e1nak[1] h\u00edvj\u00e1k, arr\u00f3l besz\u00e9lnek, hogy a kezeid besz\u00e9lni fognak, \u00e9s mindent elmondanak r\u00f3lad \u00e9s m\u00e1sokr\u00f3l. Pontosan ez t\u00f6rt\u00e9nik a Sahaja J\u00f3g\u00e1ban, hogy az ujjbegyeken lehet \u00e9rezni a saj\u00e1t \u00e9s m\u00e1sok k\u00f6zpontjait. \u00cdgy fejl\u0151dik az \u00f6nismeret, \u00e9s v\u00e1lik el\u00e9rhet\u0151v\u00e9 a kollekt\u00edv tudatoss\u00e1g.<\/div><\/div>\n<p>A csakr\u00e1kat l\u00e1ngnyelvek vagy ak\u00e1r l\u00f3tuszszirmok k\u00f6tegek\u00e9nt is elk\u00e9pzelhetj\u00fck. Minden csakr\u00e1nak elt\u00e9r\u0151 sz\u00e1m\u00fa szirmai vannak, melyek az idegfonaton bel\u00fcli alfonatok sz\u00e1m\u00e1nak felelnek meg. Az idegfonatok szab\u00e1lyozz\u00e1k az inform\u00e1ci\u00f3\u00e1raml\u00e1st a test\u00fcnk \u00e9s az agyunk k\u00f6z\u00f6tt, ami lehet\u0151v\u00e9 teszi l\u00e9ny\u00fcnk harmonikus m\u0171k\u00f6d\u00e9s\u00e9t. Ezek minden fizikai, ment\u00e1lis \u00e9s \u00e9rzelmi tev\u00e9kenys\u00e9g\u00fcnk gy\u00f6kerei. \u00cdgy minden csakra bizonyos fizikai, ment\u00e1lis \u00e9s \u00e9rzelmi tulajdons\u00e1gokkal van \u00f6sszef\u00fcgg\u00e9sben. Amikor ment\u00e1lis, \u00e9rzelmi vagy fizikai szinten zavarokat tapasztalunk, az ezekben a csakr\u00e1kban tal\u00e1lhat\u00f3 finom blokkok vagy akad\u00e1lyok miatt van.<\/p>\n<div class=\"su-quote su-quote-style-default\"><div class=\"su-quote-inner su-u-clearfix su-u-trim\">A finomenergia az agy k\u00f6zpontj\u00e1n (Sahasrara Brahmarandhra) kereszt\u00fcl jut be, \u00e9s tov\u00e1bbi hat k\u00f6zpontot hoz l\u00e9tre lefel\u00e9 tart\u00f3 \u00fatj\u00e1n. A Sushumna csatorna finomenergi\u00e1j\u00e1nak a durva, anyagi szint\u0171 megnyilv\u00e1nul\u00e1s\u00e1t paraszimpatikus idegrendszernek nevezik. A csakr\u00e1k k\u00f6zpontjai a gerincvel\u0151n k\u00edv\u00fcl a durva szinten idegplexusokk\u00e9nt fejez\u0151dnek ki. Meglep\u0151 m\u00f3don ugyanannyi plexus \u00e9s alplexus tal\u00e1lhat\u00f3 a gerincvel\u0151n k\u00edv\u00fcl, mint ah\u00e1ny csakra \u00e9s szirom van a gerincvel\u0151ben.<\/div><\/div>\n<p>Idegrendszer\u00fcnk perif\u00e9rikus kiterjed\u00e9se egybeesik finomtest\u00fcnk perif\u00e9rikus kiterjed\u00e9s\u00e9vel, ami lehet\u0151v\u00e9 teszi az egy\u00e9rtelm\u0171 egyez\u00e9st a gerincvel\u0151ben tal\u00e1lhat\u00f3 csakr\u00e1k \u00e9s a kez\u00fcnk\u00f6n \u00e9s l\u00e1bunkon tal\u00e1lhat\u00f3 megfelel\u0151 helyek k\u00f6z\u00f6tt. Ha valaki ismeri ezen testr\u00e9szek \u00e9s a hozz\u00e1juk tartoz\u00f3 finomk\u00f6zpontok (csakr\u00e1k) helyes dek\u00f3dol\u00e1s\u00e1t, k\u00f6nnyen mestere lehet saj\u00e1t fizikai, ment\u00e1lis, \u00e9rzelmi \u00e9s spiritu\u00e1lis l\u00e9ny\u00e9nek. Az ember t\u00f6bb\u00e9 nincs elv\u00e1lasztva az abszol\u00fat univerz\u00e1lis val\u00f3s\u00e1gt\u00f3l, hanem \u00f6nismerete r\u00e9v\u00e9n el tudja t\u00e1vol\u00edtani mag\u00e1t az \u00e9rz\u00e9kelt val\u00f3s\u00e1g ill\u00fazi\u00f3it\u00f3l.<\/p>\n<figure itemscope itemtype=\"https:\/\/schema.org\/ImageObject\">\n\t\t\t\t<a href=\"https:\/\/shrimataji.org\/test\/wp-content\/uploads\/2023\/02\/01a_Chakras-_-Qualities_SMO-01-1.png\"  target=\"_blank\" rel=\"noopener\"  itemprop=\"url\">\n\t\t\t\t<img decoding=\"async\" src=\"https:\/\/shrimataji.org\/test\/wp-content\/uploads\/2026\/04\/hu-Chakras_Qualities_SMO-01-scaled.png\" alt=\"hu-Chakras_Qualities_SMO-01\" height=\"2560\" width=\"2095\" title=\"hu-Chakras_Qualities_SMO-01\" onerror=\"this.style.display='none'\" loading=\"lazy\" \/>\n\t\t\t\t<\/a>\n\t<\/figure>\n\t<p>A finomrendszer\u00fcnkben tal\u00e1lhat\u00f3 k\u00f6zpontok nemcsak fizikai, ment\u00e1lis \u00e9s \u00e9rzelmi j\u00f3l\u00e9t\u00fcnket szab\u00e1lyozz\u00e1k, hanem szem\u00e9lyis\u00e9g\u00fcnket is form\u00e1lj\u00e1k. \u00dagy is felfoghatjuk \u0151ket, mint szem\u00e9lyis\u00e9gjegyeink t\u00e1rh\u00e1z\u00e1t. Ahogy fejl\u0151d\u00fcnk, \u00e9r\u00fcnk \u00e9s n\u00f6veksz\u00fcnk, ezek a szem\u00e9lyis\u00e9gjegyek kibontakoznak az \u00e9let\u00fcnkben, n\u00e9ha tudatosan \u00e9s gyakran \u00f6ntudatlanul. Gondolj bele, milyen gyakran \u00e9rezt\u00e9l k\u00e9sztet\u00e9st arra, hogy seg\u00edts valakin, vagy kedves vagy nagylelk\u0171 legy\u00e9l egy adott helyzetben. Honnan sz\u00e1rmaznak ezek az \u00e9rz\u00e9sek? Az \u00f3kori keleti kult\u00far\u00e1k K\u00edn\u00e1ban \u00e9s Indi\u00e1ban, ahol a finomrendszer ismeret\u00e9t felhaszn\u00e1lva \u00e9ltek, t\u00e1rsadalmukat a spiritu\u00e1lis \u00e9let magasabb \u00e9rt\u00e9keire, a Dharm\u00e1ra alapozt\u00e1k. A Dharma az \u0151si szanszkrit nyelven \u201eigazs\u00e1gos viselked\u00e9si k\u00f3dexet&#8221; jelent, egy olyan k\u00f3dexet, amely \u00f6sszhangban van az egyetemes L\u00e9lekkel. Hasonl\u00f3 a M\u00f3zesnek \u00e1tadott t\u00edzparancsolattal. Val\u00f3j\u00e1ban sz\u00e1mos \u0151si vil\u00e1gvall\u00e1sban, kult\u00far\u00e1ban \u00e9s hagyom\u00e1nyban tal\u00e1lhatunk m\u00e1s p\u00e9ld\u00e1kat erre az egyetemes bels\u0151 viselked\u00e9si k\u00f3dexre.<\/p>\n\t\t<iframe loading=\"lazy\" title=\"Chakras - The Subtle Centers\" width=\"1920\" height=\"1080\" src=\"https:\/\/www.youtube.com\/embed\/8_ocwivaNcc?feature=oembed\" frameborder=\"0\" allow=\"accelerometer; autoplay; clipboard-write; encrypted-media; gyroscope; picture-in-picture; web-share\" allowfullscreen><\/iframe>\t\n\t<p>Shri Mataji \u00e1ltal megosztott tud\u00e1s alapj\u00e1n a k\u00f6vetkez\u0151 bekezd\u00e9sek r\u00e9szletesen bemutatj\u00e1k az egyes csakr\u00e1kat, \u00e9s kiemelik azok \u00e1ltal hordozott bels\u0151 szem\u00e9lyis\u00e9gjegyeket. Ezen k\u00f6zpontok egyes tulajdons\u00e1gai m\u00e1r sz\u00fclet\u00e9s\u00fcnkt\u0151l fogva kibontakoznak az emberi tudatunkban. A csakr\u00e1k magasabb rend\u0171 finom tulajdons\u00e1gai teljes m\u00e9rt\u00e9kben csak az \u00f6nmegval\u00f3sul\u00e1sunk ut\u00e1n, a <a href=\"https:\/\/shrimataji.org\/test\/kundalini\/\" target=\"_blank\" rel=\"noopener\"><u>Kundalini<\/u><\/a>\u00a0fel\u00e9bred\u00e9se r\u00e9v\u00e9n fejez\u0151dnek ki.<\/p>\n<p>A k\u00fcl\u00f6nb\u00f6z\u0151 k\u00f6zpontok e finom ismeret\u00e9nek seg\u00edts\u00e9g\u00e9vel el\u00e9rhetj\u00fck, hogy harm\u00f3ni\u00e1ban \u00e9lj\u00fcnk vel\u00fcnk sz\u00fcletett spiritu\u00e1lis term\u00e9szet\u00fcnkkel \u00e9s embert\u00e1rsainkkal.<\/p>\n\t<hr \/>\n<p>\u00a0[1] az Al-Qiyam\u00e1ra vagy Al-Qiyamah-ra utal, mely a Kor\u00e1nban a felt\u00e1mad\u00e1s napj\u00e1t jelenti.<\/p>\n\n","protected":false},"excerpt":{"rendered":"<p>Csakr\u00e1k \u00e9s tulajdons\u00e1gok Az \u00e9let kerekei Shri Mataji elmagyar\u00e1zta a keres\u0151knek, hogy val\u00f3j\u00e1ban hogyan lehet \u00e9rezni a finom k\u00f6zpontokat (csakr\u00e1kat) ak\u00e1r a testben, ak\u00e1r a v\u00e9gtagokban, p\u00e9ld\u00e1ul a k\u00e9z \u00e9s a l\u00e1b ujjbegyein. Az emberi pszich\u00e9 \u00e1llapot\u00e1t\u00f3l f\u00fcgg\u0151en k\u00fcl\u00f6nb\u00f6z\u0151 \u00e9rz\u00e9seket \u00e9rezhet\u00fcnk, kezdve a meleg, vagy a h\u0171v\u00f6s \u00e9rzetekt\u0151l a fizikai bizserg\u00e9sen vagy elnehez\u00fcl\u00e9sen \u00e1t. Shri&hellip; <br \/> <a class=\"read-more\" href=\"https:\/\/shrimataji.org\/test\/hu\/chakras-qualities\/\">Read more<\/a><\/p>\n","protected":false},"author":1,"featured_media":19175,"parent":0,"menu_order":0,"comment_status":"closed","ping_status":"closed","template":"","meta":{"inline_featured_image":false,"footnotes":""},"class_list":["post-19446","page","type-page","status-publish","has-post-thumbnail","hentry"],"yoast_head":"<!-- This site is optimized with the Yoast SEO plugin v27.4 - https:\/\/yoast.com\/product\/yoast-seo-wordpress\/ -->\n<title>Csakr\u00e1k \u00e9s tulajdons\u00e1gok - TEST - SMND<\/title>\n<meta name=\"robots\" content=\"noindex, follow, max-snippet:-1, max-image-preview:large, max-video-preview:-1\" \/>\n<meta property=\"og:locale\" content=\"en_US\" \/>\n<meta property=\"og:type\" content=\"article\" \/>\n<meta property=\"og:title\" content=\"Csakr\u00e1k \u00e9s tulajdons\u00e1gok - TEST - SMND\" \/>\n<meta property=\"og:description\" content=\"Csakr\u00e1k \u00e9s tulajdons\u00e1gok Az \u00e9let kerekei Shri Mataji elmagyar\u00e1zta a keres\u0151knek, hogy val\u00f3j\u00e1ban hogyan lehet \u00e9rezni a finom k\u00f6zpontokat (csakr\u00e1kat) ak\u00e1r a testben, ak\u00e1r a v\u00e9gtagokban, p\u00e9ld\u00e1ul a k\u00e9z \u00e9s a l\u00e1b ujjbegyein. Az emberi pszich\u00e9 \u00e1llapot\u00e1t\u00f3l f\u00fcgg\u0151en k\u00fcl\u00f6nb\u00f6z\u0151 \u00e9rz\u00e9seket \u00e9rezhet\u00fcnk, kezdve a meleg, vagy a h\u0171v\u00f6s \u00e9rzetekt\u0151l a fizikai bizserg\u00e9sen vagy elnehez\u00fcl\u00e9sen \u00e1t. Shri&hellip; Read more\" \/>\n<meta property=\"og:url\" content=\"https:\/\/shrimataji.org\/test\/hu\/chakras-qualities\/\" \/>\n<meta property=\"og:site_name\" content=\"TEST - SMND\" \/>\n<meta property=\"article:publisher\" content=\"https:\/\/www.facebook.com\/shrimataji\" \/>\n<meta property=\"article:modified_time\" content=\"2026-04-18T14:55:28+00:00\" \/>\n<meta property=\"og:image\" content=\"https:\/\/shrimataji.org\/test\/wp-content\/uploads\/2023\/03\/15_Banner-SY-ChakrasQualities-scaled.jpg\" \/>\n\t<meta property=\"og:image:width\" content=\"2560\" \/>\n\t<meta property=\"og:image:height\" content=\"905\" \/>\n\t<meta property=\"og:image:type\" content=\"image\/jpeg\" \/>\n<meta name=\"twitter:card\" content=\"summary_large_image\" \/>\n<meta name=\"twitter:site\" content=\"@shrimataji\" \/>\n<meta name=\"twitter:label1\" content=\"Est. reading time\" \/>\n\t<meta name=\"twitter:data1\" content=\"4 minutes\" \/>\n<script type=\"application\/ld+json\" class=\"yoast-schema-graph\">{\"@context\":\"https:\\\/\\\/schema.org\",\"@graph\":[{\"@type\":\"WebPage\",\"@id\":\"https:\\\/\\\/shrimataji.org\\\/test\\\/hu\\\/chakras-qualities\\\/\",\"url\":\"https:\\\/\\\/shrimataji.org\\\/test\\\/hu\\\/chakras-qualities\\\/\",\"name\":\"Csakr\u00e1k \u00e9s tulajdons\u00e1gok - TEST - SMND\",\"isPartOf\":{\"@id\":\"https:\\\/\\\/shrimataji.org\\\/test\\\/#website\"},\"primaryImageOfPage\":{\"@id\":\"https:\\\/\\\/shrimataji.org\\\/test\\\/hu\\\/chakras-qualities\\\/#primaryimage\"},\"image\":{\"@id\":\"https:\\\/\\\/shrimataji.org\\\/test\\\/hu\\\/chakras-qualities\\\/#primaryimage\"},\"thumbnailUrl\":\"https:\\\/\\\/shrimataji.org\\\/test\\\/wp-content\\\/uploads\\\/2023\\\/03\\\/15_Banner-SY-ChakrasQualities-scaled.jpg\",\"datePublished\":\"2022-02-25T04:05:58+00:00\",\"dateModified\":\"2026-04-18T14:55:28+00:00\",\"breadcrumb\":{\"@id\":\"https:\\\/\\\/shrimataji.org\\\/test\\\/hu\\\/chakras-qualities\\\/#breadcrumb\"},\"inLanguage\":\"en-US\",\"potentialAction\":[{\"@type\":\"ReadAction\",\"target\":[\"https:\\\/\\\/shrimataji.org\\\/test\\\/hu\\\/chakras-qualities\\\/\"]}]},{\"@type\":\"ImageObject\",\"inLanguage\":\"en-US\",\"@id\":\"https:\\\/\\\/shrimataji.org\\\/test\\\/hu\\\/chakras-qualities\\\/#primaryimage\",\"url\":\"https:\\\/\\\/shrimataji.org\\\/test\\\/wp-content\\\/uploads\\\/2023\\\/03\\\/15_Banner-SY-ChakrasQualities-scaled.jpg\",\"contentUrl\":\"https:\\\/\\\/shrimataji.org\\\/test\\\/wp-content\\\/uploads\\\/2023\\\/03\\\/15_Banner-SY-ChakrasQualities-scaled.jpg\",\"width\":2560,\"height\":905},{\"@type\":\"BreadcrumbList\",\"@id\":\"https:\\\/\\\/shrimataji.org\\\/test\\\/hu\\\/chakras-qualities\\\/#breadcrumb\",\"itemListElement\":[{\"@type\":\"ListItem\",\"position\":1,\"name\":\"Home\",\"item\":\"https:\\\/\\\/shrimataji.org\\\/test\\\/uk\\\/home-en\\\/\"},{\"@type\":\"ListItem\",\"position\":2,\"name\":\"Csakr\u00e1k \u00e9s tulajdons\u00e1gok\"}]},{\"@type\":\"WebSite\",\"@id\":\"https:\\\/\\\/shrimataji.org\\\/test\\\/#website\",\"url\":\"https:\\\/\\\/shrimataji.org\\\/test\\\/\",\"name\":\"Shri Mataji Nirmala Devi\",\"description\":\"A Life Dedicated to Humanity\",\"publisher\":{\"@id\":\"https:\\\/\\\/shrimataji.org\\\/test\\\/#\\\/schema\\\/person\\\/a1b3419c6585f164aa96da1ff85715d1\"},\"potentialAction\":[{\"@type\":\"SearchAction\",\"target\":{\"@type\":\"EntryPoint\",\"urlTemplate\":\"https:\\\/\\\/shrimataji.org\\\/test\\\/?s={search_term_string}\"},\"query-input\":{\"@type\":\"PropertyValueSpecification\",\"valueRequired\":true,\"valueName\":\"search_term_string\"}}],\"inLanguage\":\"en-US\"},{\"@type\":[\"Person\",\"Organization\"],\"@id\":\"https:\\\/\\\/shrimataji.org\\\/test\\\/#\\\/schema\\\/person\\\/a1b3419c6585f164aa96da1ff85715d1\",\"name\":\"Nirmala Shrivastava\",\"image\":{\"@type\":\"ImageObject\",\"inLanguage\":\"en-US\",\"@id\":\"https:\\\/\\\/shrimataji.org\\\/test\\\/wp-content\\\/uploads\\\/2023\\\/02\\\/SMO_LOGO-03.svg\",\"url\":\"https:\\\/\\\/shrimataji.org\\\/test\\\/wp-content\\\/uploads\\\/2023\\\/02\\\/SMO_LOGO-03.svg\",\"contentUrl\":\"https:\\\/\\\/shrimataji.org\\\/test\\\/wp-content\\\/uploads\\\/2023\\\/02\\\/SMO_LOGO-03.svg\",\"width\":\"1024\",\"height\":\"1024\",\"caption\":\"Nirmala Shrivastava\"},\"logo\":{\"@id\":\"https:\\\/\\\/shrimataji.org\\\/test\\\/wp-content\\\/uploads\\\/2023\\\/02\\\/SMO_LOGO-03.svg\"},\"sameAs\":[\"https:\\\/\\\/shrimataji.org\\\/test\",\"https:\\\/\\\/www.facebook.com\\\/shrimataji\",\"https:\\\/\\\/x.com\\\/shrimataji\",\"https:\\\/\\\/www.youtube.com\\\/@Shri_Mataji_Nirmala_Devi\\\/featured\"]}]}<\/script>\n<!-- \/ Yoast SEO plugin. -->","yoast_head_json":{"title":"Csakr\u00e1k \u00e9s tulajdons\u00e1gok - TEST - SMND","robots":{"index":"noindex","follow":"follow","max-snippet":"max-snippet:-1","max-image-preview":"max-image-preview:large","max-video-preview":"max-video-preview:-1"},"og_locale":"en_US","og_type":"article","og_title":"Csakr\u00e1k \u00e9s tulajdons\u00e1gok - TEST - SMND","og_description":"Csakr\u00e1k \u00e9s tulajdons\u00e1gok Az \u00e9let kerekei Shri Mataji elmagyar\u00e1zta a keres\u0151knek, hogy val\u00f3j\u00e1ban hogyan lehet \u00e9rezni a finom k\u00f6zpontokat (csakr\u00e1kat) ak\u00e1r a testben, ak\u00e1r a v\u00e9gtagokban, p\u00e9ld\u00e1ul a k\u00e9z \u00e9s a l\u00e1b ujjbegyein. Az emberi pszich\u00e9 \u00e1llapot\u00e1t\u00f3l f\u00fcgg\u0151en k\u00fcl\u00f6nb\u00f6z\u0151 \u00e9rz\u00e9seket \u00e9rezhet\u00fcnk, kezdve a meleg, vagy a h\u0171v\u00f6s \u00e9rzetekt\u0151l a fizikai bizserg\u00e9sen vagy elnehez\u00fcl\u00e9sen \u00e1t. Shri&hellip; Read more","og_url":"https:\/\/shrimataji.org\/test\/hu\/chakras-qualities\/","og_site_name":"TEST - SMND","article_publisher":"https:\/\/www.facebook.com\/shrimataji","article_modified_time":"2026-04-18T14:55:28+00:00","og_image":[{"width":2560,"height":905,"url":"https:\/\/shrimataji.org\/test\/wp-content\/uploads\/2023\/03\/15_Banner-SY-ChakrasQualities-scaled.jpg","type":"image\/jpeg"}],"twitter_card":"summary_large_image","twitter_site":"@shrimataji","twitter_misc":{"Est. reading time":"4 minutes"},"schema":{"@context":"https:\/\/schema.org","@graph":[{"@type":"WebPage","@id":"https:\/\/shrimataji.org\/test\/hu\/chakras-qualities\/","url":"https:\/\/shrimataji.org\/test\/hu\/chakras-qualities\/","name":"Csakr\u00e1k \u00e9s tulajdons\u00e1gok - TEST - SMND","isPartOf":{"@id":"https:\/\/shrimataji.org\/test\/#website"},"primaryImageOfPage":{"@id":"https:\/\/shrimataji.org\/test\/hu\/chakras-qualities\/#primaryimage"},"image":{"@id":"https:\/\/shrimataji.org\/test\/hu\/chakras-qualities\/#primaryimage"},"thumbnailUrl":"https:\/\/shrimataji.org\/test\/wp-content\/uploads\/2023\/03\/15_Banner-SY-ChakrasQualities-scaled.jpg","datePublished":"2022-02-25T04:05:58+00:00","dateModified":"2026-04-18T14:55:28+00:00","breadcrumb":{"@id":"https:\/\/shrimataji.org\/test\/hu\/chakras-qualities\/#breadcrumb"},"inLanguage":"en-US","potentialAction":[{"@type":"ReadAction","target":["https:\/\/shrimataji.org\/test\/hu\/chakras-qualities\/"]}]},{"@type":"ImageObject","inLanguage":"en-US","@id":"https:\/\/shrimataji.org\/test\/hu\/chakras-qualities\/#primaryimage","url":"https:\/\/shrimataji.org\/test\/wp-content\/uploads\/2023\/03\/15_Banner-SY-ChakrasQualities-scaled.jpg","contentUrl":"https:\/\/shrimataji.org\/test\/wp-content\/uploads\/2023\/03\/15_Banner-SY-ChakrasQualities-scaled.jpg","width":2560,"height":905},{"@type":"BreadcrumbList","@id":"https:\/\/shrimataji.org\/test\/hu\/chakras-qualities\/#breadcrumb","itemListElement":[{"@type":"ListItem","position":1,"name":"Home","item":"https:\/\/shrimataji.org\/test\/uk\/home-en\/"},{"@type":"ListItem","position":2,"name":"Csakr\u00e1k \u00e9s tulajdons\u00e1gok"}]},{"@type":"WebSite","@id":"https:\/\/shrimataji.org\/test\/#website","url":"https:\/\/shrimataji.org\/test\/","name":"Shri Mataji Nirmala Devi","description":"A Life Dedicated to Humanity","publisher":{"@id":"https:\/\/shrimataji.org\/test\/#\/schema\/person\/a1b3419c6585f164aa96da1ff85715d1"},"potentialAction":[{"@type":"SearchAction","target":{"@type":"EntryPoint","urlTemplate":"https:\/\/shrimataji.org\/test\/?s={search_term_string}"},"query-input":{"@type":"PropertyValueSpecification","valueRequired":true,"valueName":"search_term_string"}}],"inLanguage":"en-US"},{"@type":["Person","Organization"],"@id":"https:\/\/shrimataji.org\/test\/#\/schema\/person\/a1b3419c6585f164aa96da1ff85715d1","name":"Nirmala Shrivastava","image":{"@type":"ImageObject","inLanguage":"en-US","@id":"https:\/\/shrimataji.org\/test\/wp-content\/uploads\/2023\/02\/SMO_LOGO-03.svg","url":"https:\/\/shrimataji.org\/test\/wp-content\/uploads\/2023\/02\/SMO_LOGO-03.svg","contentUrl":"https:\/\/shrimataji.org\/test\/wp-content\/uploads\/2023\/02\/SMO_LOGO-03.svg","width":"1024","height":"1024","caption":"Nirmala Shrivastava"},"logo":{"@id":"https:\/\/shrimataji.org\/test\/wp-content\/uploads\/2023\/02\/SMO_LOGO-03.svg"},"sameAs":["https:\/\/shrimataji.org\/test","https:\/\/www.facebook.com\/shrimataji","https:\/\/x.com\/shrimataji","https:\/\/www.youtube.com\/@Shri_Mataji_Nirmala_Devi\/featured"]}]}},"lang":"hu","translations":{"hu":19446,"ur":37400,"en":6476,"am":17971,"th":19901,"sq":18372,"zh":17269,"hi":7374,"tr":10139,"pt":10355,"de":10628,"fr":10726,"it":10824,"es":10922,"ja":11219,"ru":11407,"bn":11599,"te":11707,"sw":11830,"he":11978,"el":12269,"sk":12367,"fa":12465,"fi":12563,"bg":13378,"ro":14452,"cs":14645,"nl":16532,"ku":16692,"ar":16868,"be":18579,"kn":18853,"mr":20265,"uk":20557,"ml":20856,"ta":22687,"sv":22960,"gu":28808,"pa":28966,"fil":29406,"da":37714,"pl":37931,"nn":38266},"pll_sync_post":[],"_links":{"self":[{"href":"https:\/\/shrimataji.org\/test\/wp-json\/wp\/v2\/pages\/19446","targetHints":{"allow":["GET"]}}],"collection":[{"href":"https:\/\/shrimataji.org\/test\/wp-json\/wp\/v2\/pages"}],"about":[{"href":"https:\/\/shrimataji.org\/test\/wp-json\/wp\/v2\/types\/page"}],"author":[{"embeddable":true,"href":"https:\/\/shrimataji.org\/test\/wp-json\/wp\/v2\/users\/1"}],"replies":[{"embeddable":true,"href":"https:\/\/shrimataji.org\/test\/wp-json\/wp\/v2\/comments?post=19446"}],"version-history":[{"count":0,"href":"https:\/\/shrimataji.org\/test\/wp-json\/wp\/v2\/pages\/19446\/revisions"}],"wp:featuredmedia":[{"embeddable":true,"href":"https:\/\/shrimataji.org\/test\/wp-json\/wp\/v2\/media\/19175"}],"wp:attachment":[{"href":"https:\/\/shrimataji.org\/test\/wp-json\/wp\/v2\/media?parent=19446"}],"curies":[{"name":"wp","href":"https:\/\/api.w.org\/{rel}","templated":true}]}}