{"id":19448,"date":"2022-01-23T03:35:11","date_gmt":"2022-01-23T03:35:11","guid":{"rendered":"https:\/\/test.shrimataji.org\/?page_id=6283"},"modified":"2026-04-09T10:17:04","modified_gmt":"2026-04-09T10:17:04","slug":"collective-meditation","status":"publish","type":"page","link":"https:\/\/shrimataji.org\/test\/hu\/collective-meditation\/","title":{"rendered":"Kollekt\u00edv medit\u00e1ci\u00f3"},"content":{"rendered":"\n\n\t<h1>Kollekt\u00edv medit\u00e1ci\u00f3<\/h1>\n<h2>Az eg\u00e9sz szerves r\u00e9sz\u00e9v\u00e9 v\u00e1lni<\/h2>\n<div class=\"su-quote su-quote-style-default\"><div class=\"su-quote-inner su-u-clearfix su-u-trim\"> A L\u00e9lek a benn\u00fcnk \u00e9l\u0151 kollekt\u00edv l\u00e9ny. Amikor megnyilv\u00e1nul, meglep\u0151dsz majd, hogy egy m\u00e1sik szem\u00e9ly finomk\u00f6zpontjait is \u00e9rezheted az ujjbegyeiden, \u00e9s a saj\u00e1t l\u00e9nyed finomk\u00f6zpontjait is \u00e9rezheted az ujjbegyeiden. <\/div><\/div>\n<h4>Shri Mataji tan\u00edt\u00e1saiban felt\u00e1rja, hogy val\u00f3j\u00e1ban egy \u00e9l\u0151 spiritu\u00e1lis univerzum (Virata) r\u00e9szei vagyunk, amely \u00f6r\u00f6kk\u00e9 l\u00e9tezik a t\u00e9r, az id\u0151 \u00e9s az anyag dimenzi\u00f3in t\u00fal. Csak\u00fagy, mint test\u00fcnk sejtjei, amelyek akkor maradnak fenn, amikor a test r\u00e9sz\u00e9t k\u00e9pezik, \u00e9s megsz\u0171nnek l\u00e9tezni, amikor elk\u00fcl\u00f6n\u00fclnek a t\u00f6bbit\u0151l, spiritu\u00e1lis tudatoss\u00e1gunk folyamatos n\u00f6veked\u00e9se akkor tarthat\u00f3 fenn a legjobban, ha kifejlesztj\u00fck azt az \u00e9rz\u00e9st, hogy egy teljes eg\u00e9sz r\u00e9szei vagyunk, \u00e9s m\u00e1sokkal egy\u00fctt, kollekt\u00edven medit\u00e1lunk.<\/h4>\n<p>Nincs sz\u00fcks\u00e9g k\u00e9nyelmes \u00e9s luxusfelszerel\u00e9ssel teli szob\u00e1kra. A hely, ahol medit\u00e1lunk, lehet egyszer\u0171; az a fontos, hogy az ember azzal az egyszer\u0171 \u00e9s tiszta sz\u00e1nd\u00e9kkal \u00e9rkezzen, hogy medit\u00e1ljon, \u00e9s k\u00e9nyelmesen \u00e9rezze mag\u00e1t az \u00f6r\u00f6k L\u00e9lek \u00e1llapot\u00e1ban, amely mindenben lakozik, hogy \u00e9lvezze a csendes medit\u00e1ci\u00f3 \u00f3ce\u00e1nj\u00e1nak boldogs\u00e1g\u00e1t, amikor egy\u00fctt medit\u00e1l m\u00e1s \u00f6nmegval\u00f3sult lelkekkel.<\/p>\n<p>Shri Mataji azt javasolta a Sahaja j\u00f3giknak, akik m\u00e1r megalapozt\u00e1k az \u00f6nmegval\u00f3sul\u00e1sukat, hogy keressenek egyszer\u0171, k\u00f6nnyen megk\u00f6zel\u00edthet\u0151 helyeket az adott ter\u00fcleten \u00e9l\u0151k sz\u00e1m\u00e1ra, ahol \u00f6sszegy\u0171lhetnek medit\u00e1lni.<\/p>\n<p>1970 \u00f3ta vil\u00e1gszerte t\u00f6bb ezer helyi Sahaja J\u00f3ga medit\u00e1ci\u00f3s k\u00f6zpontot m\u0171k\u00f6dtetnek \u00f6nk\u00e9ntesen a Sahaja J\u00f3ga gyakorl\u00f3i, hogy seg\u00edtsenek az igazs\u00e1g minden keres\u0151j\u00e9nek el\u00e9rni az \u00f6nmegval\u00f3sul\u00e1st \u00e9s megalapozni \u00f6nmagukat a medit\u00e1ci\u00f3ban. Az \u00f6nmegval\u00f3sul\u00e1s \u00e9lm\u00e9ny\u00e9\u00e9rt \u00e9s a Sahaja J\u00f3ga gyakorlat ismeret\u00e9nek elsaj\u00e1t\u00edt\u00e1s\u00e1\u00e9rt soha nem k\u00e9rtek p\u00e9nzt, ahogy ezt Shri Mataji akarta.<\/p>\n<h2>Sahaja J\u00f3ga medit\u00e1ci\u00f3s k\u00f6zpontok vil\u00e1gszerte<\/h2>\n<p>A hozz\u00e1d legk\u00f6zelebbi Sahaja J\u00f3ga medit\u00e1ci\u00f3s k\u00f6zpontot, online medit\u00e1ci\u00f3s tanfolyamokat \u00e9s programokat az interakt\u00edv t\u00e9rk\u00e9p seg\u00edts\u00e9g\u00e9vel tal\u00e1lhatod meg. Tov\u00e1bbi inform\u00e1ci\u00f3k\u00e9rt haszn\u00e1ld a linkeket a helyi Sahaja J\u00f3ga weboldal megtal\u00e1l\u00e1s\u00e1hoz.<\/p>\n\t\t\t\t\t<a role=\"heading\" aria-level=\"2\" tabindex=\"-1\"  id=\"fl-accordion--label-0\">T\u00e9rk\u00e9p<\/a>\n\t\t\t\t\t\t\t\t\t\t\t<button type=\"button\" id=\"fl-accordion--icon-0\" aria-expanded=\"false\" aria-controls=\"fl-accordion--panel-0\"><i>Expand<\/i><\/button>\n\t\t\t\t\t<h4>Note: <\/h4>\n<p>Ez a t\u00e9rk\u00e9p fejleszt\u00e9s alatt \u00e1ll, \u00e9s jelenleg csak egy kis \u00edzel\u00edt\u0151t mutat a vil\u00e1g Sahaja J\u00f3ga tal\u00e1lkoz\u00f3helyeib\u0151l \u00e9s kurzusaib\u00f3l. K\u00e9rj\u00fck, nagy\u00edts r\u00e1, hogy tov\u00e1bbi tal\u00e1lkoz\u00f3helysz\u00edneket l\u00e1ss, amelyekkel kapcsolatba l\u00e9phetsz. A lista rendszeresen friss\u00fcl, ez\u00e9rt mindenk\u00e9ppen l\u00e1togass vissza, ha jelenleg nem tal\u00e1lt\u00e1l k\u00f6zeli tal\u00e1lkoz\u00f3helyet.<\/p>\n<p><iframe loading=\"lazy\" src=\"\/map\/atlas.html\" width=\"100%\" height=\"500px\">Your browser does not support iframes.<\/iframe><\/p>\n\t\t\t\t\t<a role=\"heading\" aria-level=\"2\" tabindex=\"-1\"  id=\"fl-accordion--label-1\">Jegyzetek:<\/a>\n\t\t\t\t\t\t\t\t\t\t\t<button type=\"button\" id=\"fl-accordion--icon-1\" aria-expanded=\"false\" aria-controls=\"fl-accordion--panel-1\"><i>Expand<\/i><\/button>\n\t\t\t\t\t<h4><strong>Nemzetk\u00f6zi Sahaja J\u00f3ga weboldalak list\u00e1ja<\/strong><\/h4>\n<p>Keress egy Sahaja J\u00f3ga weboldalt az orsz\u00e1godban<\/p>\n<p><iframe loading=\"lazy\" src=\"\/map\/world.html\" width=\"100%\" height=\"500px\">Your browser does not support iframes.<\/iframe><\/p>\n\n","protected":false},"excerpt":{"rendered":"<p>Kollekt\u00edv medit\u00e1ci\u00f3 Az eg\u00e9sz szerves r\u00e9sz\u00e9v\u00e9 v\u00e1lni Shri Mataji tan\u00edt\u00e1saiban felt\u00e1rja, hogy val\u00f3j\u00e1ban egy \u00e9l\u0151 spiritu\u00e1lis univerzum (Virata) r\u00e9szei vagyunk, amely \u00f6r\u00f6kk\u00e9 l\u00e9tezik a t\u00e9r, az id\u0151 \u00e9s az anyag dimenzi\u00f3in t\u00fal. Csak\u00fagy, mint test\u00fcnk sejtjei, amelyek akkor maradnak fenn, amikor a test r\u00e9sz\u00e9t k\u00e9pezik, \u00e9s megsz\u0171nnek l\u00e9tezni, amikor elk\u00fcl\u00f6n\u00fclnek a t\u00f6bbit\u0151l, spiritu\u00e1lis tudatoss\u00e1gunk folyamatos&hellip; <br \/> <a class=\"read-more\" href=\"https:\/\/shrimataji.org\/test\/hu\/collective-meditation\/\">Read more<\/a><\/p>\n","protected":false},"author":1,"featured_media":19178,"parent":0,"menu_order":0,"comment_status":"closed","ping_status":"closed","template":"","meta":{"inline_featured_image":false,"footnotes":""},"class_list":["post-19448","page","type-page","status-publish","has-post-thumbnail","hentry"],"yoast_head":"<!-- This site is optimized with the Yoast SEO plugin v27.4 - https:\/\/yoast.com\/product\/yoast-seo-wordpress\/ -->\n<title>Kollekt\u00edv medit\u00e1ci\u00f3 - TEST - SMND<\/title>\n<meta name=\"robots\" content=\"noindex, follow, max-snippet:-1, max-image-preview:large, max-video-preview:-1\" \/>\n<meta property=\"og:locale\" content=\"en_US\" \/>\n<meta property=\"og:type\" content=\"article\" \/>\n<meta property=\"og:title\" content=\"Kollekt\u00edv medit\u00e1ci\u00f3 - TEST - SMND\" \/>\n<meta property=\"og:description\" content=\"Kollekt\u00edv medit\u00e1ci\u00f3 Az eg\u00e9sz szerves r\u00e9sz\u00e9v\u00e9 v\u00e1lni Shri Mataji tan\u00edt\u00e1saiban felt\u00e1rja, hogy val\u00f3j\u00e1ban egy \u00e9l\u0151 spiritu\u00e1lis univerzum (Virata) r\u00e9szei vagyunk, amely \u00f6r\u00f6kk\u00e9 l\u00e9tezik a t\u00e9r, az id\u0151 \u00e9s az anyag dimenzi\u00f3in t\u00fal. Csak\u00fagy, mint test\u00fcnk sejtjei, amelyek akkor maradnak fenn, amikor a test r\u00e9sz\u00e9t k\u00e9pezik, \u00e9s megsz\u0171nnek l\u00e9tezni, amikor elk\u00fcl\u00f6n\u00fclnek a t\u00f6bbit\u0151l, spiritu\u00e1lis tudatoss\u00e1gunk folyamatos&hellip; Read more\" \/>\n<meta property=\"og:url\" content=\"https:\/\/shrimataji.org\/test\/hu\/collective-meditation\/\" \/>\n<meta property=\"og:site_name\" content=\"TEST - SMND\" \/>\n<meta property=\"article:publisher\" content=\"https:\/\/www.facebook.com\/shrimataji\" \/>\n<meta property=\"article:modified_time\" content=\"2026-04-09T10:17:04+00:00\" \/>\n<meta property=\"og:image\" content=\"https:\/\/shrimataji.org\/test\/wp-content\/uploads\/2023\/03\/6_Banner-SY-collective-scaled.jpg\" \/>\n\t<meta property=\"og:image:width\" content=\"2560\" \/>\n\t<meta property=\"og:image:height\" content=\"905\" \/>\n\t<meta property=\"og:image:type\" content=\"image\/jpeg\" \/>\n<meta name=\"twitter:card\" content=\"summary_large_image\" \/>\n<meta name=\"twitter:site\" content=\"@shrimataji\" \/>\n<meta name=\"twitter:label1\" content=\"Est. reading time\" \/>\n\t<meta name=\"twitter:data1\" content=\"2 minutes\" \/>\n<script type=\"application\/ld+json\" class=\"yoast-schema-graph\">{\"@context\":\"https:\\\/\\\/schema.org\",\"@graph\":[{\"@type\":\"WebPage\",\"@id\":\"https:\\\/\\\/shrimataji.org\\\/test\\\/hu\\\/collective-meditation\\\/\",\"url\":\"https:\\\/\\\/shrimataji.org\\\/test\\\/hu\\\/collective-meditation\\\/\",\"name\":\"Kollekt\u00edv medit\u00e1ci\u00f3 - TEST - SMND\",\"isPartOf\":{\"@id\":\"https:\\\/\\\/shrimataji.org\\\/test\\\/#website\"},\"primaryImageOfPage\":{\"@id\":\"https:\\\/\\\/shrimataji.org\\\/test\\\/hu\\\/collective-meditation\\\/#primaryimage\"},\"image\":{\"@id\":\"https:\\\/\\\/shrimataji.org\\\/test\\\/hu\\\/collective-meditation\\\/#primaryimage\"},\"thumbnailUrl\":\"https:\\\/\\\/shrimataji.org\\\/test\\\/wp-content\\\/uploads\\\/2023\\\/03\\\/6_Banner-SY-collective-scaled.jpg\",\"datePublished\":\"2022-01-23T03:35:11+00:00\",\"dateModified\":\"2026-04-09T10:17:04+00:00\",\"breadcrumb\":{\"@id\":\"https:\\\/\\\/shrimataji.org\\\/test\\\/hu\\\/collective-meditation\\\/#breadcrumb\"},\"inLanguage\":\"en-US\",\"potentialAction\":[{\"@type\":\"ReadAction\",\"target\":[\"https:\\\/\\\/shrimataji.org\\\/test\\\/hu\\\/collective-meditation\\\/\"]}]},{\"@type\":\"ImageObject\",\"inLanguage\":\"en-US\",\"@id\":\"https:\\\/\\\/shrimataji.org\\\/test\\\/hu\\\/collective-meditation\\\/#primaryimage\",\"url\":\"https:\\\/\\\/shrimataji.org\\\/test\\\/wp-content\\\/uploads\\\/2023\\\/03\\\/6_Banner-SY-collective-scaled.jpg\",\"contentUrl\":\"https:\\\/\\\/shrimataji.org\\\/test\\\/wp-content\\\/uploads\\\/2023\\\/03\\\/6_Banner-SY-collective-scaled.jpg\",\"width\":2560,\"height\":905},{\"@type\":\"BreadcrumbList\",\"@id\":\"https:\\\/\\\/shrimataji.org\\\/test\\\/hu\\\/collective-meditation\\\/#breadcrumb\",\"itemListElement\":[{\"@type\":\"ListItem\",\"position\":1,\"name\":\"Home\",\"item\":\"https:\\\/\\\/shrimataji.org\\\/test\\\/uk\\\/home-en\\\/\"},{\"@type\":\"ListItem\",\"position\":2,\"name\":\"Kollekt\u00edv medit\u00e1ci\u00f3\"}]},{\"@type\":\"WebSite\",\"@id\":\"https:\\\/\\\/shrimataji.org\\\/test\\\/#website\",\"url\":\"https:\\\/\\\/shrimataji.org\\\/test\\\/\",\"name\":\"Shri Mataji Nirmala Devi\",\"description\":\"A Life Dedicated to Humanity\",\"publisher\":{\"@id\":\"https:\\\/\\\/shrimataji.org\\\/test\\\/#\\\/schema\\\/person\\\/a1b3419c6585f164aa96da1ff85715d1\"},\"potentialAction\":[{\"@type\":\"SearchAction\",\"target\":{\"@type\":\"EntryPoint\",\"urlTemplate\":\"https:\\\/\\\/shrimataji.org\\\/test\\\/?s={search_term_string}\"},\"query-input\":{\"@type\":\"PropertyValueSpecification\",\"valueRequired\":true,\"valueName\":\"search_term_string\"}}],\"inLanguage\":\"en-US\"},{\"@type\":[\"Person\",\"Organization\"],\"@id\":\"https:\\\/\\\/shrimataji.org\\\/test\\\/#\\\/schema\\\/person\\\/a1b3419c6585f164aa96da1ff85715d1\",\"name\":\"Nirmala Shrivastava\",\"image\":{\"@type\":\"ImageObject\",\"inLanguage\":\"en-US\",\"@id\":\"https:\\\/\\\/shrimataji.org\\\/test\\\/wp-content\\\/uploads\\\/2023\\\/02\\\/SMO_LOGO-03.svg\",\"url\":\"https:\\\/\\\/shrimataji.org\\\/test\\\/wp-content\\\/uploads\\\/2023\\\/02\\\/SMO_LOGO-03.svg\",\"contentUrl\":\"https:\\\/\\\/shrimataji.org\\\/test\\\/wp-content\\\/uploads\\\/2023\\\/02\\\/SMO_LOGO-03.svg\",\"width\":\"1024\",\"height\":\"1024\",\"caption\":\"Nirmala Shrivastava\"},\"logo\":{\"@id\":\"https:\\\/\\\/shrimataji.org\\\/test\\\/wp-content\\\/uploads\\\/2023\\\/02\\\/SMO_LOGO-03.svg\"},\"sameAs\":[\"https:\\\/\\\/shrimataji.org\\\/test\",\"https:\\\/\\\/www.facebook.com\\\/shrimataji\",\"https:\\\/\\\/x.com\\\/shrimataji\",\"https:\\\/\\\/www.youtube.com\\\/@Shri_Mataji_Nirmala_Devi\\\/featured\"]}]}<\/script>\n<!-- \/ Yoast SEO plugin. -->","yoast_head_json":{"title":"Kollekt\u00edv medit\u00e1ci\u00f3 - TEST - SMND","robots":{"index":"noindex","follow":"follow","max-snippet":"max-snippet:-1","max-image-preview":"max-image-preview:large","max-video-preview":"max-video-preview:-1"},"og_locale":"en_US","og_type":"article","og_title":"Kollekt\u00edv medit\u00e1ci\u00f3 - TEST - SMND","og_description":"Kollekt\u00edv medit\u00e1ci\u00f3 Az eg\u00e9sz szerves r\u00e9sz\u00e9v\u00e9 v\u00e1lni Shri Mataji tan\u00edt\u00e1saiban felt\u00e1rja, hogy val\u00f3j\u00e1ban egy \u00e9l\u0151 spiritu\u00e1lis univerzum (Virata) r\u00e9szei vagyunk, amely \u00f6r\u00f6kk\u00e9 l\u00e9tezik a t\u00e9r, az id\u0151 \u00e9s az anyag dimenzi\u00f3in t\u00fal. Csak\u00fagy, mint test\u00fcnk sejtjei, amelyek akkor maradnak fenn, amikor a test r\u00e9sz\u00e9t k\u00e9pezik, \u00e9s megsz\u0171nnek l\u00e9tezni, amikor elk\u00fcl\u00f6n\u00fclnek a t\u00f6bbit\u0151l, spiritu\u00e1lis tudatoss\u00e1gunk folyamatos&hellip; Read more","og_url":"https:\/\/shrimataji.org\/test\/hu\/collective-meditation\/","og_site_name":"TEST - SMND","article_publisher":"https:\/\/www.facebook.com\/shrimataji","article_modified_time":"2026-04-09T10:17:04+00:00","og_image":[{"width":2560,"height":905,"url":"https:\/\/shrimataji.org\/test\/wp-content\/uploads\/2023\/03\/6_Banner-SY-collective-scaled.jpg","type":"image\/jpeg"}],"twitter_card":"summary_large_image","twitter_site":"@shrimataji","twitter_misc":{"Est. reading time":"2 minutes"},"schema":{"@context":"https:\/\/schema.org","@graph":[{"@type":"WebPage","@id":"https:\/\/shrimataji.org\/test\/hu\/collective-meditation\/","url":"https:\/\/shrimataji.org\/test\/hu\/collective-meditation\/","name":"Kollekt\u00edv medit\u00e1ci\u00f3 - TEST - SMND","isPartOf":{"@id":"https:\/\/shrimataji.org\/test\/#website"},"primaryImageOfPage":{"@id":"https:\/\/shrimataji.org\/test\/hu\/collective-meditation\/#primaryimage"},"image":{"@id":"https:\/\/shrimataji.org\/test\/hu\/collective-meditation\/#primaryimage"},"thumbnailUrl":"https:\/\/shrimataji.org\/test\/wp-content\/uploads\/2023\/03\/6_Banner-SY-collective-scaled.jpg","datePublished":"2022-01-23T03:35:11+00:00","dateModified":"2026-04-09T10:17:04+00:00","breadcrumb":{"@id":"https:\/\/shrimataji.org\/test\/hu\/collective-meditation\/#breadcrumb"},"inLanguage":"en-US","potentialAction":[{"@type":"ReadAction","target":["https:\/\/shrimataji.org\/test\/hu\/collective-meditation\/"]}]},{"@type":"ImageObject","inLanguage":"en-US","@id":"https:\/\/shrimataji.org\/test\/hu\/collective-meditation\/#primaryimage","url":"https:\/\/shrimataji.org\/test\/wp-content\/uploads\/2023\/03\/6_Banner-SY-collective-scaled.jpg","contentUrl":"https:\/\/shrimataji.org\/test\/wp-content\/uploads\/2023\/03\/6_Banner-SY-collective-scaled.jpg","width":2560,"height":905},{"@type":"BreadcrumbList","@id":"https:\/\/shrimataji.org\/test\/hu\/collective-meditation\/#breadcrumb","itemListElement":[{"@type":"ListItem","position":1,"name":"Home","item":"https:\/\/shrimataji.org\/test\/uk\/home-en\/"},{"@type":"ListItem","position":2,"name":"Kollekt\u00edv medit\u00e1ci\u00f3"}]},{"@type":"WebSite","@id":"https:\/\/shrimataji.org\/test\/#website","url":"https:\/\/shrimataji.org\/test\/","name":"Shri Mataji Nirmala Devi","description":"A Life Dedicated to Humanity","publisher":{"@id":"https:\/\/shrimataji.org\/test\/#\/schema\/person\/a1b3419c6585f164aa96da1ff85715d1"},"potentialAction":[{"@type":"SearchAction","target":{"@type":"EntryPoint","urlTemplate":"https:\/\/shrimataji.org\/test\/?s={search_term_string}"},"query-input":{"@type":"PropertyValueSpecification","valueRequired":true,"valueName":"search_term_string"}}],"inLanguage":"en-US"},{"@type":["Person","Organization"],"@id":"https:\/\/shrimataji.org\/test\/#\/schema\/person\/a1b3419c6585f164aa96da1ff85715d1","name":"Nirmala Shrivastava","image":{"@type":"ImageObject","inLanguage":"en-US","@id":"https:\/\/shrimataji.org\/test\/wp-content\/uploads\/2023\/02\/SMO_LOGO-03.svg","url":"https:\/\/shrimataji.org\/test\/wp-content\/uploads\/2023\/02\/SMO_LOGO-03.svg","contentUrl":"https:\/\/shrimataji.org\/test\/wp-content\/uploads\/2023\/02\/SMO_LOGO-03.svg","width":"1024","height":"1024","caption":"Nirmala Shrivastava"},"logo":{"@id":"https:\/\/shrimataji.org\/test\/wp-content\/uploads\/2023\/02\/SMO_LOGO-03.svg"},"sameAs":["https:\/\/shrimataji.org\/test","https:\/\/www.facebook.com\/shrimataji","https:\/\/x.com\/shrimataji","https:\/\/www.youtube.com\/@Shri_Mataji_Nirmala_Devi\/featured"]}]}},"lang":"hu","translations":{"hu":19448,"ur":37402,"en":7046,"am":17973,"th":19904,"sq":18374,"zh":17271,"hi":7378,"tr":10143,"pt":10356,"de":10630,"fr":10728,"it":10826,"es":10923,"ja":11220,"ru":11408,"bn":11600,"te":11708,"sw":11831,"he":11979,"el":12270,"sk":12368,"fa":12466,"fi":12564,"bg":13407,"ro":14481,"cs":14674,"nl":16534,"ku":16694,"ar":16870,"be":18581,"kn":18855,"mr":20268,"uk":20560,"ml":20859,"ta":22689,"sv":22962,"gu":28810,"pa":28968,"fil":29408,"da":37716,"pl":37933,"nn":38268},"pll_sync_post":[],"_links":{"self":[{"href":"https:\/\/shrimataji.org\/test\/wp-json\/wp\/v2\/pages\/19448","targetHints":{"allow":["GET"]}}],"collection":[{"href":"https:\/\/shrimataji.org\/test\/wp-json\/wp\/v2\/pages"}],"about":[{"href":"https:\/\/shrimataji.org\/test\/wp-json\/wp\/v2\/types\/page"}],"author":[{"embeddable":true,"href":"https:\/\/shrimataji.org\/test\/wp-json\/wp\/v2\/users\/1"}],"replies":[{"embeddable":true,"href":"https:\/\/shrimataji.org\/test\/wp-json\/wp\/v2\/comments?post=19448"}],"version-history":[{"count":0,"href":"https:\/\/shrimataji.org\/test\/wp-json\/wp\/v2\/pages\/19448\/revisions"}],"wp:featuredmedia":[{"embeddable":true,"href":"https:\/\/shrimataji.org\/test\/wp-json\/wp\/v2\/media\/19178"}],"wp:attachment":[{"href":"https:\/\/shrimataji.org\/test\/wp-json\/wp\/v2\/media?parent=19448"}],"curies":[{"name":"wp","href":"https:\/\/api.w.org\/{rel}","templated":true}]}}