{"id":19453,"date":"2018-07-10T06:54:42","date_gmt":"2018-07-10T06:54:42","guid":{"rendered":"http:\/\/testwordpress.nirmalnagari.org\/smnd\/index.php\/creativity\/"},"modified":"2026-04-09T21:44:23","modified_gmt":"2026-04-09T21:44:23","slug":"creativity","status":"publish","type":"page","link":"https:\/\/shrimataji.org\/test\/hu\/creativity\/","title":{"rendered":"Kreativit\u00e1s"},"content":{"rendered":"\n\n\t<h1>Kreativit\u00e1s<\/h1>\n<h2>A bels\u0151 sz\u00e9ps\u00e9g kifejez\u00e9se<\/h2>\n\t<h4>Shri Mataji \u00e9lete \u00e9s munk\u00e1ss\u00e1ga sor\u00e1n sok id\u0151t \u00e9s energi\u00e1t szentelt a m\u0171v\u00e9szetek n\u00e9pszer\u0171s\u00edt\u00e9s\u00e9nek. A m\u0171v\u00e9szeteket f\u0151 eszk\u00f6znek tekintette a vil\u00e1g kult\u00far\u00e1inak kifejez\u00e9s\u00e9re \u00e9s t\u00e1pl\u00e1l\u00e1s\u00e1ra. K\u00fcl\u00f6n\u00f6sen fontosnak tartotta sz\u00fcl\u0151haz\u00e1ja, India gazdag, \u0151si m\u0171v\u00e9szeti hagyom\u00e1nyainak meg\u0151rz\u00e9s\u00e9t, \u00e9s akt\u00edvan \u00f6szt\u00f6n\u00f6zte azok terjeszt\u00e9s\u00e9t szerte a vil\u00e1gon.<\/h4>\n<figure itemscope itemtype=\"https:\/\/schema.org\/ImageObject\">\n\t\t\t\t<img decoding=\"async\" src=\"https:\/\/shrimataji.org\/test\/wp-content\/uploads\/2018\/07\/media_originals\/images\/art\/blick-vom-garten-1024x722.jpg\" alt=\"blick-vom-garten\" height=\"722\" width=\"1024\" height=\"722\" width=\"1024\" title=\"blick-vom-garten\" onerror=\"this.style.display='none'\" loading=\"lazy\" \/>\n\t<\/figure>\n\t<p>2003-ban Shri Mataji testv\u00e9re seg\u00edts\u00e9g\u00e9vel (akit szeretetteljesen Babamamak\u00e9nt ismernek) m\u0171v\u00e9szeti k\u00f6zpontot hozott l\u00e9tre az indiai Maharashtr\u00e1ban. A vil\u00e1g minden t\u00e1j\u00e1r\u00f3l \u00e9rkeznek di\u00e1kok, hogy indiai klasszikus zen\u00e9t, t\u00e1ncot \u00e9s fest\u00e9szetet tanuljanak ebben a nyugodt vid\u00e9ki k\u00f6rnyezetben. Shri Mataji szem\u00e9lyesen ir\u00e1ny\u00edtotta a\u00a0<a href=\"https:\/\/www.pksacademy.com\/\" target=\"_blank\" rel=\"noopener noreferrer\" data-cp-link=\"1\">PK Salve M\u0171v\u00e9szeti Akad\u00e9mia<\/a> \u00e9p\u00edt\u00e9szeti tervez\u00e9s\u00e9t, valamint m\u00e1s humanit\u00e1rius c\u00e9lokra \u00e9p\u00fclt \u00e9p\u00fcletek\u00e9t, bele\u00e9rtve a Delhiben tal\u00e1lhat\u00f3\u00a0<a href=\"https:\/\/www.nirmalprem.org\/\" target=\"_blank\" rel=\"noopener noreferrer\" data-cp-link=\"1\">Vishwa Nirmala Prem K\u00f6zpontot a R\u00e1szorul\u00f3 N\u0151k \u00e9s \u00c1rva Gyermekek<\/a>\u00a0sz\u00e1m\u00e1ra.<\/p>\n<p>Felismerte a k\u00e9zzel k\u00e9sz\u00edtett \u00e1ruk fontoss\u00e1g\u00e1t, \u00e9s Mahatma Gandhi hagyom\u00e1nyait k\u00f6vetve k\u00f6vetkezetesen t\u00e1mogatta az India gazdas\u00e1gi \u00e9s kultur\u00e1lis \u00e9let\u00e9ben l\u00e9tfontoss\u00e1g\u00fa szerepet bet\u00f6lt\u0151 kisipart.<\/p>\n\t<p>Az \u00e9vek sor\u00e1n Shri Mataji a klasszikus indiai zene \u00e9s t\u00e1nc n\u00e9h\u00e1ny legismertebb k\u00e9pvisel\u0151j\u00e9t h\u00edvta meg koncertekre \u00e9s programokra. Sokan azok k\u00f6z\u00fcl, akik a jelenl\u00e9t\u00e9ben l\u00e9ptek fel, m\u0171v\u00e9szi fejl\u0151d\u00e9s\u00fck \u00e1talak\u00edt\u00f3 pillanatak\u00e9nt \u00edrt\u00e1k le ezt. \u00dagy tal\u00e1lt\u00e1k, hogy Shri Mataji er\u0151s kreat\u00edv energi\u00e1ja n\u00f6velte saj\u00e1t kreativit\u00e1sukat \u00e9s el\u0151ad\u00f3i k\u00e9szs\u00e9geiket.<\/p>\n\t<p>Ustad Amjad Ali Khan, Debu Chaudhari \u00e9s Ustad Bismillah Khan csak n\u00e9h\u00e1ny a neves m\u0171v\u00e9szek k\u00f6z\u00fcl, akik Shri Mataji megh\u00edv\u00e1s\u00e1ra l\u00e9ptek fel. Shri Mataji maga is \u00edrt k\u00f6nyveket, bhadzsanokat (indiai vall\u00e1sos dalokat) \u00e9s verseket.<\/p>\n<p>Shri Mataji m\u0171v\u00e9szetek ir\u00e1nti elk\u00f6telezetts\u00e9ge mag\u00e1ban foglalta a sz\u00ednm\u0171v\u00e9szetek er\u0151s t\u00e1mogat\u00e1s\u00e1t is. Arra biztatott egy tehets\u00e9ges sz\u00ednh\u00e1zi el\u0151ad\u00f3kb\u00f3l \u00e1ll\u00f3 csoportot, hogy m\u0171k\u00f6djenek egy\u00fctt az <a href=\"https:\/\/theatreofeternalvalues.com\" data-cp-link=\"1\">\u00d6r\u00f6k \u00c9rt\u00e9kek Sz\u00ednh\u00e1zak\u00e9nt<\/a>. Az 1993-ban a belgiumi Gentben megalakult t\u00e1rsulat a mai napig nemzetk\u00f6zi turn\u00e9kon vesz r\u00e9szt, olyan dr\u00e1ma\u00edr\u00f3k m\u0171veit adva el\u0151, akik \u00f6nismeretre \u00e9s spiritualit\u00e1sra \u00f6szt\u00f6n\u00f6zik k\u00f6z\u00f6ns\u00e9g\u00fcket.<\/p>\n\t<div class=\"su-quote su-quote-style-default\"><div class=\"su-quote-inner su-u-clearfix su-u-trim\"> Val\u00f3j\u00e1ban a materializmus sz\u00f3 val\u00f3di \u00e9rtelm\u00e9ben azt jelenti, hogy meg\u00e9rtj\u00fck az anyag \u00e9rt\u00e9k\u00e9t. Az anyag \u00e9rt\u00e9ke pedig az eszt\u00e9tika: a m\u0171v\u00e9szi \u00e9rt\u00e9k, a val\u00f3di m\u0171v\u00e9szeti \u00e9rt\u00e9kek. \u00c9s ezen t\u00fal az anyag \u00e9rt\u00e9ke az, hogy azzal szeretetet adhatunk m\u00e1soknak.<\/div><\/div>\n\t<p>Az \u00d6r\u00f6k \u00c9rt\u00e9kek Sz\u00ednh\u00e1za iskol\u00e1kkal, egyetemekkel, v\u00e1llalatokkal \u00e9s a k\u00f6z\u00f6ss\u00e9ggel is egy\u00fcttm\u0171k\u00f6dik, hogy gyakorlati szak\u00e9rtelmet biztos\u00edtson olyan oktat\u00e1si \u00e9s m\u0171v\u00e9szeti projektekben, mint a <a href=\"https:\/\/www.theatreofeternalvalues.com\/events\" target=\"_blank\" rel=\"noopener noreferrer\" data-cp-link=\"1\">L\u00e9lek Kult\u00far\u00e1ja Fesztiv\u00e1l<\/a> \u00e9s a <a href=\"https:\/\/www.theatreofeternalvalues.com\/education\/academy\" target=\"_blank\" rel=\"noopener noreferrer\" data-cp-link=\"1\">Nemzetk\u00f6zi Nirmal M\u0171v\u00e9szeti Akad\u00e9mia<\/a>, melyek minden \u00e9vben megrendez\u00e9sre ker\u00fclnek az olaszorsz\u00e1gi Piemontban.<\/p>\n\n<figure itemscope itemtype=\"https:\/\/schema.org\/ImageObject\">\n\t\t\t\t<img decoding=\"async\" src=\"https:\/\/shrimataji.org\/test\/wp-content\/uploads\/2020\/05\/theater-of-eternal-values.jpg\" alt=\"Divadlo ve\u010dn\u00fdch hodn\u00f4t vystupuje v Lond\u00fdne s hrou Williama Blakea s n\u00e1zvom Bo\u017e\u00ed \u013eudia.\" height=\"270\" width=\"1500\" title=\"theater-of-eternal-values\" onerror=\"this.style.display='none'\" loading=\"lazy\" \/>\n\t\t<figcaption>Az \u00d6r\u00f6k \u00c9rt\u00e9kek Sz\u00ednh\u00e1za William Blake \u201eIsteni Emberis\u00e9g&#8221; c\u00edm\u0171 m\u0171v\u00e9t adja el\u0151 Londonban, az Egyes\u00fclt Kir\u00e1lys\u00e1gban.<\/figcaption>\n\t<\/figure>\n\t<p>India \u0151si j\u00f3ga hagyom\u00e1nya szerint az ember h\u00e9t alapvet\u0151 tulajdons\u00e1ggal rendelkezik. Ezek k\u00f6z\u00fcl a m\u00e1sodik a kreativit\u00e1s elve, amely n\u00e9lk\u00fcl az <a href=\"\/self-realization\/\" target=\"_blank\" rel=\"noopener\" data-cp-link=\"1\">\u00f6nmegval\u00f3sul\u00e1s<\/a> vagy az \u00f6nismeret lehet\u0151s\u00e9ge rendk\u00edv\u00fcl korl\u00e1tozott, ha nem lehetetlen. Emiatt Shri Mataji arra t\u00f6rekedett, hogy fel\u00e9bressze az egy\u00e9nek \u00e9s a k\u00f6z\u00f6ss\u00e9gek kreat\u00edv erej\u00e9t az \u00f6sszes \u00e1ltala megl\u00e1togatott orsz\u00e1gban.<\/p>\n\t<div class=\"su-quote su-quote-style-default\"><div class=\"su-quote-inner su-u-clearfix su-u-trim\">Ilyen egy m\u0171v\u00e9sz motiv\u00e1l\u00f3 ereje. \u0150k a teremt\u00e9s legszebb vir\u00e1gai, az alkot\u00f3 leg\u00e9desebb \u00e1lmai \u00e9s az emberi t\u00e1rsadalom legkedvesebb r\u00e9szei. Tal\u00e1n nem is tudj\u00e1k, mennyire szeretik, im\u00e1dj\u00e1k \u00e9s k\u00f6vetik \u0151ket a n\u00e9z\u0151ik.<\/div><\/div>\n\n","protected":false},"excerpt":{"rendered":"<p>Kreativit\u00e1s A bels\u0151 sz\u00e9ps\u00e9g kifejez\u00e9se Shri Mataji \u00e9lete \u00e9s munk\u00e1ss\u00e1ga sor\u00e1n sok id\u0151t \u00e9s energi\u00e1t szentelt a m\u0171v\u00e9szetek n\u00e9pszer\u0171s\u00edt\u00e9s\u00e9nek. A m\u0171v\u00e9szeteket f\u0151 eszk\u00f6znek tekintette a vil\u00e1g kult\u00far\u00e1inak kifejez\u00e9s\u00e9re \u00e9s t\u00e1pl\u00e1l\u00e1s\u00e1ra. K\u00fcl\u00f6n\u00f6sen fontosnak tartotta sz\u00fcl\u0151haz\u00e1ja, India gazdag, \u0151si m\u0171v\u00e9szeti hagyom\u00e1nyainak meg\u0151rz\u00e9s\u00e9t, \u00e9s akt\u00edvan \u00f6szt\u00f6n\u00f6zte azok terjeszt\u00e9s\u00e9t szerte a vil\u00e1gon. 2003-ban Shri Mataji testv\u00e9re seg\u00edts\u00e9g\u00e9vel (akit szeretetteljesen&hellip; <br \/> <a class=\"read-more\" href=\"https:\/\/shrimataji.org\/test\/hu\/creativity\/\">Read more<\/a><\/p>\n","protected":false},"author":1,"featured_media":19185,"parent":0,"menu_order":0,"comment_status":"closed","ping_status":"closed","template":"pro\/page-templates\/full-width-page.php","meta":{"inline_featured_image":false,"footnotes":""},"class_list":["post-19453","page","type-page","status-publish","has-post-thumbnail","hentry"],"yoast_head":"<!-- This site is optimized with the Yoast SEO plugin v27.4 - https:\/\/yoast.com\/product\/yoast-seo-wordpress\/ -->\n<title>Kreativit\u00e1s - TEST - SMND<\/title>\n<meta name=\"robots\" content=\"noindex, follow, max-snippet:-1, max-image-preview:large, max-video-preview:-1\" \/>\n<meta property=\"og:locale\" content=\"en_US\" \/>\n<meta property=\"og:type\" content=\"article\" \/>\n<meta property=\"og:title\" content=\"Kreativit\u00e1s - TEST - SMND\" \/>\n<meta property=\"og:description\" content=\"Kreativit\u00e1s A bels\u0151 sz\u00e9ps\u00e9g kifejez\u00e9se Shri Mataji \u00e9lete \u00e9s munk\u00e1ss\u00e1ga sor\u00e1n sok id\u0151t \u00e9s energi\u00e1t szentelt a m\u0171v\u00e9szetek n\u00e9pszer\u0171s\u00edt\u00e9s\u00e9nek. A m\u0171v\u00e9szeteket f\u0151 eszk\u00f6znek tekintette a vil\u00e1g kult\u00far\u00e1inak kifejez\u00e9s\u00e9re \u00e9s t\u00e1pl\u00e1l\u00e1s\u00e1ra. K\u00fcl\u00f6n\u00f6sen fontosnak tartotta sz\u00fcl\u0151haz\u00e1ja, India gazdag, \u0151si m\u0171v\u00e9szeti hagyom\u00e1nyainak meg\u0151rz\u00e9s\u00e9t, \u00e9s akt\u00edvan \u00f6szt\u00f6n\u00f6zte azok terjeszt\u00e9s\u00e9t szerte a vil\u00e1gon. 2003-ban Shri Mataji testv\u00e9re seg\u00edts\u00e9g\u00e9vel (akit szeretetteljesen&hellip; Read more\" \/>\n<meta property=\"og:url\" content=\"https:\/\/shrimataji.org\/test\/hu\/creativity\/\" \/>\n<meta property=\"og:site_name\" content=\"TEST - SMND\" \/>\n<meta property=\"article:publisher\" content=\"https:\/\/www.facebook.com\/shrimataji\" \/>\n<meta property=\"article:modified_time\" content=\"2026-04-09T21:44:23+00:00\" \/>\n<meta property=\"og:image\" content=\"https:\/\/shrimataji.org\/test\/wp-content\/uploads\/2018\/07\/media_originals\/images\/headers-work-creativity\/dance-scene-cabella-italy.jpg\" \/>\n\t<meta property=\"og:image:width\" content=\"990\" \/>\n\t<meta property=\"og:image:height\" content=\"350\" \/>\n\t<meta property=\"og:image:type\" content=\"image\/jpeg\" \/>\n<meta name=\"twitter:card\" content=\"summary_large_image\" \/>\n<meta name=\"twitter:site\" content=\"@shrimataji\" \/>\n<meta name=\"twitter:label1\" content=\"Est. reading time\" \/>\n\t<meta name=\"twitter:data1\" content=\"3 minutes\" \/>\n<script type=\"application\/ld+json\" class=\"yoast-schema-graph\">{\"@context\":\"https:\\\/\\\/schema.org\",\"@graph\":[{\"@type\":\"WebPage\",\"@id\":\"https:\\\/\\\/shrimataji.org\\\/test\\\/hu\\\/creativity\\\/\",\"url\":\"https:\\\/\\\/shrimataji.org\\\/test\\\/hu\\\/creativity\\\/\",\"name\":\"Kreativit\u00e1s - TEST - SMND\",\"isPartOf\":{\"@id\":\"https:\\\/\\\/shrimataji.org\\\/test\\\/#website\"},\"primaryImageOfPage\":{\"@id\":\"https:\\\/\\\/shrimataji.org\\\/test\\\/hu\\\/creativity\\\/#primaryimage\"},\"image\":{\"@id\":\"https:\\\/\\\/shrimataji.org\\\/test\\\/hu\\\/creativity\\\/#primaryimage\"},\"thumbnailUrl\":\"https:\\\/\\\/shrimataji.org\\\/test\\\/wp-content\\\/uploads\\\/2018\\\/07\\\/media_originals\\\/images\\\/headers-work-creativity\\\/dance-scene-cabella-italy.jpg\",\"datePublished\":\"2018-07-10T06:54:42+00:00\",\"dateModified\":\"2026-04-09T21:44:23+00:00\",\"breadcrumb\":{\"@id\":\"https:\\\/\\\/shrimataji.org\\\/test\\\/hu\\\/creativity\\\/#breadcrumb\"},\"inLanguage\":\"en-US\",\"potentialAction\":[{\"@type\":\"ReadAction\",\"target\":[\"https:\\\/\\\/shrimataji.org\\\/test\\\/hu\\\/creativity\\\/\"]}]},{\"@type\":\"ImageObject\",\"inLanguage\":\"en-US\",\"@id\":\"https:\\\/\\\/shrimataji.org\\\/test\\\/hu\\\/creativity\\\/#primaryimage\",\"url\":\"https:\\\/\\\/shrimataji.org\\\/test\\\/wp-content\\\/uploads\\\/2018\\\/07\\\/media_originals\\\/images\\\/headers-work-creativity\\\/dance-scene-cabella-italy.jpg\",\"contentUrl\":\"https:\\\/\\\/shrimataji.org\\\/test\\\/wp-content\\\/uploads\\\/2018\\\/07\\\/media_originals\\\/images\\\/headers-work-creativity\\\/dance-scene-cabella-italy.jpg\",\"width\":990,\"height\":350},{\"@type\":\"BreadcrumbList\",\"@id\":\"https:\\\/\\\/shrimataji.org\\\/test\\\/hu\\\/creativity\\\/#breadcrumb\",\"itemListElement\":[{\"@type\":\"ListItem\",\"position\":1,\"name\":\"Home\",\"item\":\"https:\\\/\\\/shrimataji.org\\\/test\\\/uk\\\/home-en\\\/\"},{\"@type\":\"ListItem\",\"position\":2,\"name\":\"Kreativit\u00e1s\"}]},{\"@type\":\"WebSite\",\"@id\":\"https:\\\/\\\/shrimataji.org\\\/test\\\/#website\",\"url\":\"https:\\\/\\\/shrimataji.org\\\/test\\\/\",\"name\":\"Shri Mataji Nirmala Devi\",\"description\":\"A Life Dedicated to Humanity\",\"publisher\":{\"@id\":\"https:\\\/\\\/shrimataji.org\\\/test\\\/#\\\/schema\\\/person\\\/a1b3419c6585f164aa96da1ff85715d1\"},\"potentialAction\":[{\"@type\":\"SearchAction\",\"target\":{\"@type\":\"EntryPoint\",\"urlTemplate\":\"https:\\\/\\\/shrimataji.org\\\/test\\\/?s={search_term_string}\"},\"query-input\":{\"@type\":\"PropertyValueSpecification\",\"valueRequired\":true,\"valueName\":\"search_term_string\"}}],\"inLanguage\":\"en-US\"},{\"@type\":[\"Person\",\"Organization\"],\"@id\":\"https:\\\/\\\/shrimataji.org\\\/test\\\/#\\\/schema\\\/person\\\/a1b3419c6585f164aa96da1ff85715d1\",\"name\":\"Nirmala Shrivastava\",\"image\":{\"@type\":\"ImageObject\",\"inLanguage\":\"en-US\",\"@id\":\"https:\\\/\\\/shrimataji.org\\\/test\\\/wp-content\\\/uploads\\\/2023\\\/02\\\/SMO_LOGO-03.svg\",\"url\":\"https:\\\/\\\/shrimataji.org\\\/test\\\/wp-content\\\/uploads\\\/2023\\\/02\\\/SMO_LOGO-03.svg\",\"contentUrl\":\"https:\\\/\\\/shrimataji.org\\\/test\\\/wp-content\\\/uploads\\\/2023\\\/02\\\/SMO_LOGO-03.svg\",\"width\":\"1024\",\"height\":\"1024\",\"caption\":\"Nirmala Shrivastava\"},\"logo\":{\"@id\":\"https:\\\/\\\/shrimataji.org\\\/test\\\/wp-content\\\/uploads\\\/2023\\\/02\\\/SMO_LOGO-03.svg\"},\"sameAs\":[\"https:\\\/\\\/shrimataji.org\\\/test\",\"https:\\\/\\\/www.facebook.com\\\/shrimataji\",\"https:\\\/\\\/x.com\\\/shrimataji\",\"https:\\\/\\\/www.youtube.com\\\/@Shri_Mataji_Nirmala_Devi\\\/featured\"]}]}<\/script>\n<!-- \/ Yoast SEO plugin. -->","yoast_head_json":{"title":"Kreativit\u00e1s - TEST - SMND","robots":{"index":"noindex","follow":"follow","max-snippet":"max-snippet:-1","max-image-preview":"max-image-preview:large","max-video-preview":"max-video-preview:-1"},"og_locale":"en_US","og_type":"article","og_title":"Kreativit\u00e1s - TEST - SMND","og_description":"Kreativit\u00e1s A bels\u0151 sz\u00e9ps\u00e9g kifejez\u00e9se Shri Mataji \u00e9lete \u00e9s munk\u00e1ss\u00e1ga sor\u00e1n sok id\u0151t \u00e9s energi\u00e1t szentelt a m\u0171v\u00e9szetek n\u00e9pszer\u0171s\u00edt\u00e9s\u00e9nek. A m\u0171v\u00e9szeteket f\u0151 eszk\u00f6znek tekintette a vil\u00e1g kult\u00far\u00e1inak kifejez\u00e9s\u00e9re \u00e9s t\u00e1pl\u00e1l\u00e1s\u00e1ra. K\u00fcl\u00f6n\u00f6sen fontosnak tartotta sz\u00fcl\u0151haz\u00e1ja, India gazdag, \u0151si m\u0171v\u00e9szeti hagyom\u00e1nyainak meg\u0151rz\u00e9s\u00e9t, \u00e9s akt\u00edvan \u00f6szt\u00f6n\u00f6zte azok terjeszt\u00e9s\u00e9t szerte a vil\u00e1gon. 2003-ban Shri Mataji testv\u00e9re seg\u00edts\u00e9g\u00e9vel (akit szeretetteljesen&hellip; Read more","og_url":"https:\/\/shrimataji.org\/test\/hu\/creativity\/","og_site_name":"TEST - SMND","article_publisher":"https:\/\/www.facebook.com\/shrimataji","article_modified_time":"2026-04-09T21:44:23+00:00","og_image":[{"width":990,"height":350,"url":"https:\/\/shrimataji.org\/test\/wp-content\/uploads\/2018\/07\/media_originals\/images\/headers-work-creativity\/dance-scene-cabella-italy.jpg","type":"image\/jpeg"}],"twitter_card":"summary_large_image","twitter_site":"@shrimataji","twitter_misc":{"Est. reading time":"3 minutes"},"schema":{"@context":"https:\/\/schema.org","@graph":[{"@type":"WebPage","@id":"https:\/\/shrimataji.org\/test\/hu\/creativity\/","url":"https:\/\/shrimataji.org\/test\/hu\/creativity\/","name":"Kreativit\u00e1s - TEST - SMND","isPartOf":{"@id":"https:\/\/shrimataji.org\/test\/#website"},"primaryImageOfPage":{"@id":"https:\/\/shrimataji.org\/test\/hu\/creativity\/#primaryimage"},"image":{"@id":"https:\/\/shrimataji.org\/test\/hu\/creativity\/#primaryimage"},"thumbnailUrl":"https:\/\/shrimataji.org\/test\/wp-content\/uploads\/2018\/07\/media_originals\/images\/headers-work-creativity\/dance-scene-cabella-italy.jpg","datePublished":"2018-07-10T06:54:42+00:00","dateModified":"2026-04-09T21:44:23+00:00","breadcrumb":{"@id":"https:\/\/shrimataji.org\/test\/hu\/creativity\/#breadcrumb"},"inLanguage":"en-US","potentialAction":[{"@type":"ReadAction","target":["https:\/\/shrimataji.org\/test\/hu\/creativity\/"]}]},{"@type":"ImageObject","inLanguage":"en-US","@id":"https:\/\/shrimataji.org\/test\/hu\/creativity\/#primaryimage","url":"https:\/\/shrimataji.org\/test\/wp-content\/uploads\/2018\/07\/media_originals\/images\/headers-work-creativity\/dance-scene-cabella-italy.jpg","contentUrl":"https:\/\/shrimataji.org\/test\/wp-content\/uploads\/2018\/07\/media_originals\/images\/headers-work-creativity\/dance-scene-cabella-italy.jpg","width":990,"height":350},{"@type":"BreadcrumbList","@id":"https:\/\/shrimataji.org\/test\/hu\/creativity\/#breadcrumb","itemListElement":[{"@type":"ListItem","position":1,"name":"Home","item":"https:\/\/shrimataji.org\/test\/uk\/home-en\/"},{"@type":"ListItem","position":2,"name":"Kreativit\u00e1s"}]},{"@type":"WebSite","@id":"https:\/\/shrimataji.org\/test\/#website","url":"https:\/\/shrimataji.org\/test\/","name":"Shri Mataji Nirmala Devi","description":"A Life Dedicated to Humanity","publisher":{"@id":"https:\/\/shrimataji.org\/test\/#\/schema\/person\/a1b3419c6585f164aa96da1ff85715d1"},"potentialAction":[{"@type":"SearchAction","target":{"@type":"EntryPoint","urlTemplate":"https:\/\/shrimataji.org\/test\/?s={search_term_string}"},"query-input":{"@type":"PropertyValueSpecification","valueRequired":true,"valueName":"search_term_string"}}],"inLanguage":"en-US"},{"@type":["Person","Organization"],"@id":"https:\/\/shrimataji.org\/test\/#\/schema\/person\/a1b3419c6585f164aa96da1ff85715d1","name":"Nirmala Shrivastava","image":{"@type":"ImageObject","inLanguage":"en-US","@id":"https:\/\/shrimataji.org\/test\/wp-content\/uploads\/2023\/02\/SMO_LOGO-03.svg","url":"https:\/\/shrimataji.org\/test\/wp-content\/uploads\/2023\/02\/SMO_LOGO-03.svg","contentUrl":"https:\/\/shrimataji.org\/test\/wp-content\/uploads\/2023\/02\/SMO_LOGO-03.svg","width":"1024","height":"1024","caption":"Nirmala Shrivastava"},"logo":{"@id":"https:\/\/shrimataji.org\/test\/wp-content\/uploads\/2023\/02\/SMO_LOGO-03.svg"},"sameAs":["https:\/\/shrimataji.org\/test","https:\/\/www.facebook.com\/shrimataji","https:\/\/x.com\/shrimataji","https:\/\/www.youtube.com\/@Shri_Mataji_Nirmala_Devi\/featured"]}]}},"lang":"hu","translations":{"hu":19453,"ur":37407,"en":400,"am":17978,"th":19911,"sq":18379,"zh":17276,"tr":10146,"pt":10359,"de":10633,"fr":10731,"it":10829,"es":10926,"ja":11223,"ru":11411,"bn":11603,"te":11711,"sw":11834,"he":11982,"el":12273,"sk":12371,"fa":12469,"fi":12567,"bg":13474,"ro":14546,"cs":14739,"nl":16539,"ku":16699,"ar":16875,"be":18586,"kn":18860,"mr":20275,"uk":20567,"ml":20866,"ta":22694,"sv":22967,"gu":28815,"pa":28973,"fil":29413,"da":37721,"pl":37938,"nn":38273},"pll_sync_post":[],"_links":{"self":[{"href":"https:\/\/shrimataji.org\/test\/wp-json\/wp\/v2\/pages\/19453","targetHints":{"allow":["GET"]}}],"collection":[{"href":"https:\/\/shrimataji.org\/test\/wp-json\/wp\/v2\/pages"}],"about":[{"href":"https:\/\/shrimataji.org\/test\/wp-json\/wp\/v2\/types\/page"}],"author":[{"embeddable":true,"href":"https:\/\/shrimataji.org\/test\/wp-json\/wp\/v2\/users\/1"}],"replies":[{"embeddable":true,"href":"https:\/\/shrimataji.org\/test\/wp-json\/wp\/v2\/comments?post=19453"}],"version-history":[{"count":0,"href":"https:\/\/shrimataji.org\/test\/wp-json\/wp\/v2\/pages\/19453\/revisions"}],"wp:featuredmedia":[{"embeddable":true,"href":"https:\/\/shrimataji.org\/test\/wp-json\/wp\/v2\/media\/19185"}],"wp:attachment":[{"href":"https:\/\/shrimataji.org\/test\/wp-json\/wp\/v2\/media?parent=19453"}],"curies":[{"name":"wp","href":"https:\/\/api.w.org\/{rel}","templated":true}]}}