{"id":19455,"date":"2018-07-10T06:54:42","date_gmt":"2018-07-10T06:54:42","guid":{"rendered":"http:\/\/testwordpress.nirmalnagari.org\/smnd\/index.php\/cultural-integration\/"},"modified":"2026-04-09T21:53:04","modified_gmt":"2026-04-09T21:53:04","slug":"cultural-integration","status":"publish","type":"page","link":"https:\/\/shrimataji.org\/test\/hu\/cultural-integration\/","title":{"rendered":"Kultur\u00e1lis integr\u00e1ci\u00f3"},"content":{"rendered":"\n\n\t<h1>Kultur\u00e1lis integr\u00e1ci\u00f3<\/h1>\n<h2>Egy fenntarthat\u00f3 civiliz\u00e1ci\u00f3 fel\u00e9<\/h2>\n\t<h4>Szemin\u00e1riumokon, sajt\u00f3t\u00e1j\u00e9koztat\u00f3kon \u00e9s inform\u00e1lis el\u0151ad\u00e1sokon Shri Mataji gyakran mondta, hogy a t\u00f6rt\u00e9nelem sor\u00e1n a pr\u00f3f\u00e9t\u00e1k \u00e9s a szentek mind arr\u00f3l besz\u00e9ltek, hogy meg kell ismern\u00fcnk \u00f6nmagunkat, a saj\u00e1t Lelk\u00fcnket. \u201eEzt kell tenn\u00fcnk. Ki kell fejleszten\u00fcnk a Lelk\u00fcnk vall\u00e1s\u00e1t&#8221; &#8211; mondta. A vall\u00e1sok n\u00f6veked\u00e9s\u00e9t egy nagy f\u00e1hoz hasonl\u00edtotta, amely egyed\u00fcl\u00e1ll\u00f3, de rengeteg vir\u00e1ggal rendelkezik. A tudatlans\u00e1gukban az emberek leszedik a vir\u00e1gokat, \u00e9s arra haszn\u00e1lj\u00e1k \u0151ket, hogy egym\u00e1ssal harcoljanak, elfelejtve, hogy ezek a vir\u00e1gok ugyanarr\u00f3l a f\u00e1r\u00f3l sz\u00e1rmaznak.<\/h4>\n\t<div class=\"su-quote su-quote-style-default\"><div class=\"su-quote-inner su-u-clearfix su-u-trim\"> Teh\u00e1t tiszteletben kell tartanunk minden embert, minden emberi l\u00e9nyt, b\u00e1rmilyen nemzetb\u0151l sz\u00e1rmazzanak, b\u00e1rmilyen orsz\u00e1ghoz tartozzanak, b\u00e1rmilyen b\u0151rsz\u00edn\u0171ek is legyenek, mert mindannyiuknak megvan a saj\u00e1t Kundalinij\u00fck. <\/div><\/div>\n\t<p>Egy nyilv\u00e1nos m\u0171sor sor\u00e1n egy k\u00edv\u00e1ncsi hallgat\u00f3 megk\u00e9rdezte Shri Matajit\u00f3l: \u201eAny\u00e1m, hogyan fogj\u00e1k m\u00e1sok meg\u00e9rteni az \u00fczenetedet?&#8221; Shri Mataji elmosolyodott: \u201eMindenki \u00e9rti a szeretetet, nem igaz?&#8221; A Sahaja J\u00f3ga medit\u00e1ci\u00f3val pedig felt\u00e1rt egy m\u00f3dszert, amely a k\u00fcl\u00f6nb\u00f6z\u0151 kult\u00far\u00e1k \u00e9s vall\u00e1sok egy\u00e9nek k\u00f6z\u00f6tti integr\u00e1ci\u00f3t teszi lehet\u0151v\u00e9: egy olyan tudatoss\u00e1gi \u00e1llapot el\u00e9r\u00e9s\u00e9vel, ahol az elme teljesen elcsendesedik, \u00e9s azz\u00e1 az integr\u00e1l\u00f3 er\u0151v\u00e9 v\u00e1lik, amelyet kollekt\u00edv tudatoss\u00e1gk\u00e9nt ismer\u00fcnk.<\/p>\n<figure itemscope itemtype=\"https:\/\/schema.org\/ImageObject\">\n\t\t\t\t<img decoding=\"async\" src=\"https:\/\/shrimataji.org\/test\/wp-content\/uploads\/2018\/07\/media_originals\/images\/headers-general\/shri-mataji-meets-sufis-in-delhi-india.jpg\" alt=\"N\u00e1v\u0161teva sv\u00e4tyne Nizamuddina, Dill\u00ed, India, 1993\" height=\"350\" width=\"990\" title=\"shri-mataji-meets-sufis-in-delhi-india\" onerror=\"this.style.display='none'\" loading=\"lazy\" \/>\n\t\t<figcaption>Shri Mataji megl\u00e1togatja a Nizamuddin szent\u00e9lyt, Delhiben, Indi\u00e1ban 1993<\/figcaption>\n\t<\/figure>\n\t<p>Carl Jung \u00edgy \u00edrta le a kollekt\u00edv tudatot: \u201eA k\u00f6zvetlen tudatunkon k\u00edv\u00fcl, amely teljes m\u00e9rt\u00e9kben szem\u00e9lyes term\u00e9szet\u0171, \u00e9s amelyet az egyetlen empirikus pszich\u00e9nek hisz\u00fcnk, l\u00e9tezik egy m\u00e1sodik pszichikus rendszer is, amely kollekt\u00edv, univerz\u00e1lis \u00e9s szem\u00e9lytelen term\u00e9szet\u0171, \u00e9s minden egy\u00e9nben azonos.&#8221;<a href=\"#citation-note-1\">[1]<\/a> A Sahaja J\u00f3ga medit\u00e1ci\u00f3 m\u00e9lyebb szinten, az auton\u00f3m idegrendszer gy\u00f6kerein\u00e9l aktiv\u00e1lja az egy\u00e9n tudatoss\u00e1g\u00e1t. Miut\u00e1n az elme zavar\u00f3 cseveg\u00e9se \u00e9s a r\u00e9g\u00f3ta fenn\u00e1ll\u00f3 beidegz\u0151d\u00e9sek elcsendesednek, az ember k\u00e9pes felismerni, hogy a kultur\u00e1lis k\u00fcl\u00f6nbs\u00e9gek felsz\u00ednes szinten jelentkeznek. Az \u201euniverz\u00e1lis \u00e9s szem\u00e9lytelen term\u00e9szet&#8221; az egyetlen.<\/p>\n\t<p>\u201e\u00c9s \u00edgy meg kell \u00e9rten\u00fcnk, hogy mindannyiunkat \u00f6sszek\u00f6t valamilyen k\u00f6z\u00f6s \u00e9letelv&#8221; &#8211; magyar\u00e1zta Shri Mataji -, \u201ehogy mindannyiunkban ott van a Kundalini. Teh\u00e1t tiszteln\u00fcnk kell minden embert, minden emberi l\u00e9nyt, b\u00e1rmilyen nemzetb\u0151l sz\u00e1rmazzanak, b\u00e1rmilyen orsz\u00e1ghoz tartozzanak, b\u00e1rmilyen b\u0151rsz\u00edn\u0171ek is legyenek, mert mindenkinek megvan a saj\u00e1t Kundalinije.&#8221;<\/p>\n\t<p>Utaz\u00e1sai sor\u00e1n Shri Mataji \u00e9l\u00e9nk \u00e9rdekl\u0151d\u00e9st mutatott az egyes orsz\u00e1gok m\u0171v\u00e9szete \u00e9s k\u00e9zm\u0171vess\u00e9ge ir\u00e1nt, megfigyelve, hogyan t\u00fckr\u00f6zik azok a L\u00e9lek kult\u00far\u00e1j\u00e1t. \u201eEbben a kult\u00far\u00e1ban nem h\u00f3dolunk semminek, ami dr\u00e1ga, vagy ami t\u00fal pomp\u00e1s, l\u00e1tv\u00e1nyos vagy nyilv\u00e1nos&#8221; &#8211; mondta. \u201eAmit ebben a kult\u00far\u00e1ban \u00e9rt\u00e9kel\u00fcnk, az az, hogy mennyi \u00f6r\u00f6met okoz.&#8221;<\/p>\n\t<p>Az \u00e9vek sor\u00e1n Shri Mataji k\u00fcl\u00f6nb\u00f6z\u0151 orsz\u00e1gokb\u00f3l, k\u00fcl\u00f6nb\u00f6z\u0151 h\u00e1tter\u0171 \u00e9s vall\u00e1s\u00fa m\u0171v\u00e9szeket h\u00edvott meg kultur\u00e1lis fesztiv\u00e1lokra. Azok sz\u00e1m\u00e1ra, akik nem ismert\u00e9k ezeket a m\u0171v\u00e9szeteket, elmagyar\u00e1zta a qawwali, a r\u00e1ga, a Vivaldi versenym\u0171 vagy a klasszikus indiai t\u00e1nc jelent\u00e9s\u00e9t. Ezeket az el\u0151ad\u00e1sokat nemcsak a m\u0171v\u00e9szek meg\u00e9lhet\u00e9s\u00e9nek t\u00e1mogat\u00e1sa \u00e9s a m\u0171v\u00e9szeti hagyom\u00e1nyok \u00e9letben tart\u00e1sa c\u00e9lj\u00e1b\u00f3l szervezte, hanem az\u00e9rt is, hogy megmutassa, a k\u00fcl\u00f6nb\u00f6z\u0151 kult\u00far\u00e1kb\u00f3l \u00e9s h\u00e1tterekb\u0151l sz\u00e1rmaz\u00f3 m\u0171v\u00e9szet \u00e9s zene k\u00e9pes megtestes\u00edteni a L\u00e9lek egyetemes \u00e9s univerz\u00e1lisan \u00e9lvezetes kult\u00far\u00e1j\u00e1t.<\/p>\n\t<hr \/>\n<h3>1. <a href=\"#citation-ref-1\">^<\/a><a name=\"citation-note-1\"><\/a> C. G. Jung, \u201eArchet\u00edpusok \u00e9s a kollekt\u00edv tudattalan&#8221;, C. G. Jung Collective Works, 9. k\u00f6tet, 1. r\u00e9sz, London, 1969.<\/h3>\n\n","protected":false},"excerpt":{"rendered":"<p>Kultur\u00e1lis integr\u00e1ci\u00f3 Egy fenntarthat\u00f3 civiliz\u00e1ci\u00f3 fel\u00e9 Szemin\u00e1riumokon, sajt\u00f3t\u00e1j\u00e9koztat\u00f3kon \u00e9s inform\u00e1lis el\u0151ad\u00e1sokon Shri Mataji gyakran mondta, hogy a t\u00f6rt\u00e9nelem sor\u00e1n a pr\u00f3f\u00e9t\u00e1k \u00e9s a szentek mind arr\u00f3l besz\u00e9ltek, hogy meg kell ismern\u00fcnk \u00f6nmagunkat, a saj\u00e1t Lelk\u00fcnket. \u201eEzt kell tenn\u00fcnk. Ki kell fejleszten\u00fcnk a Lelk\u00fcnk vall\u00e1s\u00e1t&#8221; &#8211; mondta. A vall\u00e1sok n\u00f6veked\u00e9s\u00e9t egy nagy f\u00e1hoz hasonl\u00edtotta, amely egyed\u00fcl\u00e1ll\u00f3,&hellip; <br \/> <a class=\"read-more\" href=\"https:\/\/shrimataji.org\/test\/hu\/cultural-integration\/\">Read more<\/a><\/p>\n","protected":false},"author":1,"featured_media":19188,"parent":0,"menu_order":0,"comment_status":"closed","ping_status":"closed","template":"","meta":{"inline_featured_image":false,"footnotes":""},"class_list":["post-19455","page","type-page","status-publish","has-post-thumbnail","hentry"],"yoast_head":"<!-- This site is optimized with the Yoast SEO plugin v27.4 - https:\/\/yoast.com\/product\/yoast-seo-wordpress\/ -->\n<title>Kultur\u00e1lis integr\u00e1ci\u00f3 - TEST - SMND<\/title>\n<meta name=\"robots\" content=\"noindex, follow, max-snippet:-1, max-image-preview:large, max-video-preview:-1\" \/>\n<meta property=\"og:locale\" content=\"en_US\" \/>\n<meta property=\"og:type\" content=\"article\" \/>\n<meta property=\"og:title\" content=\"Kultur\u00e1lis integr\u00e1ci\u00f3 - TEST - SMND\" \/>\n<meta property=\"og:description\" content=\"Kultur\u00e1lis integr\u00e1ci\u00f3 Egy fenntarthat\u00f3 civiliz\u00e1ci\u00f3 fel\u00e9 Szemin\u00e1riumokon, sajt\u00f3t\u00e1j\u00e9koztat\u00f3kon \u00e9s inform\u00e1lis el\u0151ad\u00e1sokon Shri Mataji gyakran mondta, hogy a t\u00f6rt\u00e9nelem sor\u00e1n a pr\u00f3f\u00e9t\u00e1k \u00e9s a szentek mind arr\u00f3l besz\u00e9ltek, hogy meg kell ismern\u00fcnk \u00f6nmagunkat, a saj\u00e1t Lelk\u00fcnket. \u201eEzt kell tenn\u00fcnk. Ki kell fejleszten\u00fcnk a Lelk\u00fcnk vall\u00e1s\u00e1t&#8221; &#8211; mondta. A vall\u00e1sok n\u00f6veked\u00e9s\u00e9t egy nagy f\u00e1hoz hasonl\u00edtotta, amely egyed\u00fcl\u00e1ll\u00f3,&hellip; Read more\" \/>\n<meta property=\"og:url\" content=\"https:\/\/shrimataji.org\/test\/hu\/cultural-integration\/\" \/>\n<meta property=\"og:site_name\" content=\"TEST - SMND\" \/>\n<meta property=\"article:publisher\" content=\"https:\/\/www.facebook.com\/shrimataji\" \/>\n<meta property=\"article:modified_time\" content=\"2026-04-09T21:53:04+00:00\" \/>\n<meta property=\"og:image\" content=\"https:\/\/shrimataji.org\/test\/wp-content\/uploads\/2018\/07\/media_originals\/images\/headers-general\/mauli-art-by-graham-brown.jpg\" \/>\n\t<meta property=\"og:image:width\" content=\"990\" \/>\n\t<meta property=\"og:image:height\" content=\"350\" \/>\n\t<meta property=\"og:image:type\" content=\"image\/jpeg\" \/>\n<meta name=\"twitter:card\" content=\"summary_large_image\" \/>\n<meta name=\"twitter:site\" content=\"@shrimataji\" \/>\n<meta name=\"twitter:label1\" content=\"Est. reading time\" \/>\n\t<meta name=\"twitter:data1\" content=\"3 minutes\" \/>\n<script type=\"application\/ld+json\" class=\"yoast-schema-graph\">{\"@context\":\"https:\\\/\\\/schema.org\",\"@graph\":[{\"@type\":\"WebPage\",\"@id\":\"https:\\\/\\\/shrimataji.org\\\/test\\\/hu\\\/cultural-integration\\\/\",\"url\":\"https:\\\/\\\/shrimataji.org\\\/test\\\/hu\\\/cultural-integration\\\/\",\"name\":\"Kultur\u00e1lis integr\u00e1ci\u00f3 - TEST - SMND\",\"isPartOf\":{\"@id\":\"https:\\\/\\\/shrimataji.org\\\/test\\\/#website\"},\"primaryImageOfPage\":{\"@id\":\"https:\\\/\\\/shrimataji.org\\\/test\\\/hu\\\/cultural-integration\\\/#primaryimage\"},\"image\":{\"@id\":\"https:\\\/\\\/shrimataji.org\\\/test\\\/hu\\\/cultural-integration\\\/#primaryimage\"},\"thumbnailUrl\":\"https:\\\/\\\/shrimataji.org\\\/test\\\/wp-content\\\/uploads\\\/2018\\\/07\\\/media_originals\\\/images\\\/headers-general\\\/mauli-art-by-graham-brown.jpg\",\"datePublished\":\"2018-07-10T06:54:42+00:00\",\"dateModified\":\"2026-04-09T21:53:04+00:00\",\"breadcrumb\":{\"@id\":\"https:\\\/\\\/shrimataji.org\\\/test\\\/hu\\\/cultural-integration\\\/#breadcrumb\"},\"inLanguage\":\"en-US\",\"potentialAction\":[{\"@type\":\"ReadAction\",\"target\":[\"https:\\\/\\\/shrimataji.org\\\/test\\\/hu\\\/cultural-integration\\\/\"]}]},{\"@type\":\"ImageObject\",\"inLanguage\":\"en-US\",\"@id\":\"https:\\\/\\\/shrimataji.org\\\/test\\\/hu\\\/cultural-integration\\\/#primaryimage\",\"url\":\"https:\\\/\\\/shrimataji.org\\\/test\\\/wp-content\\\/uploads\\\/2018\\\/07\\\/media_originals\\\/images\\\/headers-general\\\/mauli-art-by-graham-brown.jpg\",\"contentUrl\":\"https:\\\/\\\/shrimataji.org\\\/test\\\/wp-content\\\/uploads\\\/2018\\\/07\\\/media_originals\\\/images\\\/headers-general\\\/mauli-art-by-graham-brown.jpg\",\"width\":990,\"height\":350},{\"@type\":\"BreadcrumbList\",\"@id\":\"https:\\\/\\\/shrimataji.org\\\/test\\\/hu\\\/cultural-integration\\\/#breadcrumb\",\"itemListElement\":[{\"@type\":\"ListItem\",\"position\":1,\"name\":\"Home\",\"item\":\"https:\\\/\\\/shrimataji.org\\\/test\\\/uk\\\/home-en\\\/\"},{\"@type\":\"ListItem\",\"position\":2,\"name\":\"Kultur\u00e1lis integr\u00e1ci\u00f3\"}]},{\"@type\":\"WebSite\",\"@id\":\"https:\\\/\\\/shrimataji.org\\\/test\\\/#website\",\"url\":\"https:\\\/\\\/shrimataji.org\\\/test\\\/\",\"name\":\"Shri Mataji Nirmala Devi\",\"description\":\"A Life Dedicated to Humanity\",\"publisher\":{\"@id\":\"https:\\\/\\\/shrimataji.org\\\/test\\\/#\\\/schema\\\/person\\\/a1b3419c6585f164aa96da1ff85715d1\"},\"potentialAction\":[{\"@type\":\"SearchAction\",\"target\":{\"@type\":\"EntryPoint\",\"urlTemplate\":\"https:\\\/\\\/shrimataji.org\\\/test\\\/?s={search_term_string}\"},\"query-input\":{\"@type\":\"PropertyValueSpecification\",\"valueRequired\":true,\"valueName\":\"search_term_string\"}}],\"inLanguage\":\"en-US\"},{\"@type\":[\"Person\",\"Organization\"],\"@id\":\"https:\\\/\\\/shrimataji.org\\\/test\\\/#\\\/schema\\\/person\\\/a1b3419c6585f164aa96da1ff85715d1\",\"name\":\"Nirmala Shrivastava\",\"image\":{\"@type\":\"ImageObject\",\"inLanguage\":\"en-US\",\"@id\":\"https:\\\/\\\/shrimataji.org\\\/test\\\/wp-content\\\/uploads\\\/2023\\\/02\\\/SMO_LOGO-03.svg\",\"url\":\"https:\\\/\\\/shrimataji.org\\\/test\\\/wp-content\\\/uploads\\\/2023\\\/02\\\/SMO_LOGO-03.svg\",\"contentUrl\":\"https:\\\/\\\/shrimataji.org\\\/test\\\/wp-content\\\/uploads\\\/2023\\\/02\\\/SMO_LOGO-03.svg\",\"width\":\"1024\",\"height\":\"1024\",\"caption\":\"Nirmala Shrivastava\"},\"logo\":{\"@id\":\"https:\\\/\\\/shrimataji.org\\\/test\\\/wp-content\\\/uploads\\\/2023\\\/02\\\/SMO_LOGO-03.svg\"},\"sameAs\":[\"https:\\\/\\\/shrimataji.org\\\/test\",\"https:\\\/\\\/www.facebook.com\\\/shrimataji\",\"https:\\\/\\\/x.com\\\/shrimataji\",\"https:\\\/\\\/www.youtube.com\\\/@Shri_Mataji_Nirmala_Devi\\\/featured\"]}]}<\/script>\n<!-- \/ Yoast SEO plugin. -->","yoast_head_json":{"title":"Kultur\u00e1lis integr\u00e1ci\u00f3 - TEST - SMND","robots":{"index":"noindex","follow":"follow","max-snippet":"max-snippet:-1","max-image-preview":"max-image-preview:large","max-video-preview":"max-video-preview:-1"},"og_locale":"en_US","og_type":"article","og_title":"Kultur\u00e1lis integr\u00e1ci\u00f3 - TEST - SMND","og_description":"Kultur\u00e1lis integr\u00e1ci\u00f3 Egy fenntarthat\u00f3 civiliz\u00e1ci\u00f3 fel\u00e9 Szemin\u00e1riumokon, sajt\u00f3t\u00e1j\u00e9koztat\u00f3kon \u00e9s inform\u00e1lis el\u0151ad\u00e1sokon Shri Mataji gyakran mondta, hogy a t\u00f6rt\u00e9nelem sor\u00e1n a pr\u00f3f\u00e9t\u00e1k \u00e9s a szentek mind arr\u00f3l besz\u00e9ltek, hogy meg kell ismern\u00fcnk \u00f6nmagunkat, a saj\u00e1t Lelk\u00fcnket. \u201eEzt kell tenn\u00fcnk. Ki kell fejleszten\u00fcnk a Lelk\u00fcnk vall\u00e1s\u00e1t&#8221; &#8211; mondta. A vall\u00e1sok n\u00f6veked\u00e9s\u00e9t egy nagy f\u00e1hoz hasonl\u00edtotta, amely egyed\u00fcl\u00e1ll\u00f3,&hellip; Read more","og_url":"https:\/\/shrimataji.org\/test\/hu\/cultural-integration\/","og_site_name":"TEST - SMND","article_publisher":"https:\/\/www.facebook.com\/shrimataji","article_modified_time":"2026-04-09T21:53:04+00:00","og_image":[{"width":990,"height":350,"url":"https:\/\/shrimataji.org\/test\/wp-content\/uploads\/2018\/07\/media_originals\/images\/headers-general\/mauli-art-by-graham-brown.jpg","type":"image\/jpeg"}],"twitter_card":"summary_large_image","twitter_site":"@shrimataji","twitter_misc":{"Est. reading time":"3 minutes"},"schema":{"@context":"https:\/\/schema.org","@graph":[{"@type":"WebPage","@id":"https:\/\/shrimataji.org\/test\/hu\/cultural-integration\/","url":"https:\/\/shrimataji.org\/test\/hu\/cultural-integration\/","name":"Kultur\u00e1lis integr\u00e1ci\u00f3 - TEST - SMND","isPartOf":{"@id":"https:\/\/shrimataji.org\/test\/#website"},"primaryImageOfPage":{"@id":"https:\/\/shrimataji.org\/test\/hu\/cultural-integration\/#primaryimage"},"image":{"@id":"https:\/\/shrimataji.org\/test\/hu\/cultural-integration\/#primaryimage"},"thumbnailUrl":"https:\/\/shrimataji.org\/test\/wp-content\/uploads\/2018\/07\/media_originals\/images\/headers-general\/mauli-art-by-graham-brown.jpg","datePublished":"2018-07-10T06:54:42+00:00","dateModified":"2026-04-09T21:53:04+00:00","breadcrumb":{"@id":"https:\/\/shrimataji.org\/test\/hu\/cultural-integration\/#breadcrumb"},"inLanguage":"en-US","potentialAction":[{"@type":"ReadAction","target":["https:\/\/shrimataji.org\/test\/hu\/cultural-integration\/"]}]},{"@type":"ImageObject","inLanguage":"en-US","@id":"https:\/\/shrimataji.org\/test\/hu\/cultural-integration\/#primaryimage","url":"https:\/\/shrimataji.org\/test\/wp-content\/uploads\/2018\/07\/media_originals\/images\/headers-general\/mauli-art-by-graham-brown.jpg","contentUrl":"https:\/\/shrimataji.org\/test\/wp-content\/uploads\/2018\/07\/media_originals\/images\/headers-general\/mauli-art-by-graham-brown.jpg","width":990,"height":350},{"@type":"BreadcrumbList","@id":"https:\/\/shrimataji.org\/test\/hu\/cultural-integration\/#breadcrumb","itemListElement":[{"@type":"ListItem","position":1,"name":"Home","item":"https:\/\/shrimataji.org\/test\/uk\/home-en\/"},{"@type":"ListItem","position":2,"name":"Kultur\u00e1lis integr\u00e1ci\u00f3"}]},{"@type":"WebSite","@id":"https:\/\/shrimataji.org\/test\/#website","url":"https:\/\/shrimataji.org\/test\/","name":"Shri Mataji Nirmala Devi","description":"A Life Dedicated to Humanity","publisher":{"@id":"https:\/\/shrimataji.org\/test\/#\/schema\/person\/a1b3419c6585f164aa96da1ff85715d1"},"potentialAction":[{"@type":"SearchAction","target":{"@type":"EntryPoint","urlTemplate":"https:\/\/shrimataji.org\/test\/?s={search_term_string}"},"query-input":{"@type":"PropertyValueSpecification","valueRequired":true,"valueName":"search_term_string"}}],"inLanguage":"en-US"},{"@type":["Person","Organization"],"@id":"https:\/\/shrimataji.org\/test\/#\/schema\/person\/a1b3419c6585f164aa96da1ff85715d1","name":"Nirmala Shrivastava","image":{"@type":"ImageObject","inLanguage":"en-US","@id":"https:\/\/shrimataji.org\/test\/wp-content\/uploads\/2023\/02\/SMO_LOGO-03.svg","url":"https:\/\/shrimataji.org\/test\/wp-content\/uploads\/2023\/02\/SMO_LOGO-03.svg","contentUrl":"https:\/\/shrimataji.org\/test\/wp-content\/uploads\/2023\/02\/SMO_LOGO-03.svg","width":"1024","height":"1024","caption":"Nirmala Shrivastava"},"logo":{"@id":"https:\/\/shrimataji.org\/test\/wp-content\/uploads\/2023\/02\/SMO_LOGO-03.svg"},"sameAs":["https:\/\/shrimataji.org\/test","https:\/\/www.facebook.com\/shrimataji","https:\/\/x.com\/shrimataji","https:\/\/www.youtube.com\/@Shri_Mataji_Nirmala_Devi\/featured"]}]}},"lang":"hu","translations":{"hu":19455,"ur":37409,"en":405,"am":17980,"th":19914,"sq":18381,"zh":17278,"tr":10147,"pt":10360,"de":10634,"fr":10732,"it":10830,"es":10927,"ja":11224,"ru":11412,"bn":11604,"te":11712,"sw":11835,"he":11983,"el":12274,"sk":12372,"fa":12470,"fi":12568,"bg":13481,"ro":14553,"cs":14746,"nl":16541,"ku":16701,"ar":16877,"be":18588,"kn":18862,"mr":20278,"uk":20570,"ml":20869,"ta":22696,"sv":22969,"gu":28817,"pa":28975,"fil":29415,"da":37723,"pl":37940,"nn":38275},"pll_sync_post":[],"_links":{"self":[{"href":"https:\/\/shrimataji.org\/test\/wp-json\/wp\/v2\/pages\/19455","targetHints":{"allow":["GET"]}}],"collection":[{"href":"https:\/\/shrimataji.org\/test\/wp-json\/wp\/v2\/pages"}],"about":[{"href":"https:\/\/shrimataji.org\/test\/wp-json\/wp\/v2\/types\/page"}],"author":[{"embeddable":true,"href":"https:\/\/shrimataji.org\/test\/wp-json\/wp\/v2\/users\/1"}],"replies":[{"embeddable":true,"href":"https:\/\/shrimataji.org\/test\/wp-json\/wp\/v2\/comments?post=19455"}],"version-history":[{"count":0,"href":"https:\/\/shrimataji.org\/test\/wp-json\/wp\/v2\/pages\/19455\/revisions"}],"wp:featuredmedia":[{"embeddable":true,"href":"https:\/\/shrimataji.org\/test\/wp-json\/wp\/v2\/media\/19188"}],"wp:attachment":[{"href":"https:\/\/shrimataji.org\/test\/wp-json\/wp\/v2\/media?parent=19455"}],"curies":[{"name":"wp","href":"https:\/\/api.w.org\/{rel}","templated":true}]}}