{"id":19457,"date":"2023-02-20T03:40:29","date_gmt":"2023-02-20T03:40:29","guid":{"rendered":"https:\/\/shrimataji.org\/test\/?page_id=8414"},"modified":"2026-04-18T14:21:19","modified_gmt":"2026-04-18T14:21:19","slug":"early-life","status":"publish","type":"page","link":"https:\/\/shrimataji.org\/test\/hu\/early-life\/","title":{"rendered":"Fiatalkor"},"content":{"rendered":"\n\n\t<h1>Fiatalkor<\/h1>\n<h2>Gandhi t\u00f6meges szabads\u00e1gmozgalm\u00e1t\u00f3l a t\u00f6meges \u00f6nmegval\u00f3sul\u00e1s korszak\u00e1ig<\/h2>\n\t<p>Mahatma Gandhi maradand\u00f3 benyom\u00e1st tett mindenkire, aki tal\u00e1lkozott vele, bele\u00e9rtve azt a kisl\u00e1nyt is, aki az asramj\u00e1ban sz\u00e1llt meg akkoriban. Ez a kisl\u00e1ny Shri Mataji volt, akit Gandhi Nep\u00e1linak bec\u00e9zett az arcvon\u00e1sai miatt.<\/p>\n<p>H\u00e9t\u00e9ves kor\u00e1t\u00f3l kezdve Shri Mataji sok id\u0151t t\u00f6lt\u00f6tt Gandhival az asramj\u00e1ban. \u201eLe\u00fclt velem, nagyon komolyan, nagyon kedves k\u00e9rd\u00e9seket tett fel&#8221; &#8211; eml\u00e9kezett vissza Shri Mataji, aki gyakran elk\u00eds\u00e9rte Gandhit a k\u00f6z\u00f6s im\u00e1k el\u0151tti kora reggeli s\u00e9t\u00e1ira.<\/p>\n<figure itemscope itemtype=\"https:\/\/schema.org\/ImageObject\">\n\t\t\t\t<img decoding=\"async\" src=\"https:\/\/shrimataji.org\/test\/wp-content\/uploads\/2018\/07\/media_originals\/images\/shri-mataji-and-family\/shri-mataji-as-a-young-child.jpg\" alt=\"shri-mataji-as-a-young-child\" height=\"407\" width=\"640\" title=\"shri-mataji-as-a-young-child\" onerror=\"this.style.display='none'\" loading=\"lazy\" \/>\n\t<\/figure>\n\t<p>\u201eRendk\u00edv\u00fcl szigor\u00fa mester volt, de ugyanakkor rendk\u00edv\u00fcl szeretetteljes \u00e9s egy\u00fctt\u00e9rz\u0151 ember is&#8221; &#8211; mondta Shri Mataji. \u201eMindig \u00fagy besz\u00e9lt hozz\u00e1m, mintha egy nagymama lenn\u00e9k, \u00e9s oly m\u00f3don besz\u00e9lt meg velem dolgokat &#8211; amit mindenki meglep\u0151nek tal\u00e1lt-, mintha b\u00f6lcsebb lenn\u00e9k a t\u00f6bbiekn\u00e9l. \u00c9s azt mondta, hogy egyes gyerekekt\u0151l jobb \u00fatmutat\u00e1st lehet kapni, mint az id\u0151sebb emberekt\u0151l.&#8221;<\/p>\n<p>Shri Mataji k\u00e9s\u0151bb dics\u00e9rte Gandhit, ami\u00e9rt lefektette a dharma, a bels\u0151 vall\u00e1s vagy igazs\u00e1g alapjait az orsz\u00e1g\u00e1ban. Arra buzd\u00edtotta az embereket, hogy fedezz\u00e9k fel a Bibli\u00e1t, \u00e9rts\u00e9k meg a Bhagavad G\u00edt\u00e1t, ismerj\u00e9k meg a vil\u00e1g \u00f6sszes nagy szent\u00edr\u00e1s\u00e1t \u00e9s nagyszer\u0171 ember\u00e9t, \u00e9s teljess\u00e9g\u00fckben \u00e9rts\u00e9k meg \u0151ket.<\/p>\n<p>Gandhival folytatott besz\u00e9lget\u00e9sei sor\u00e1n nemcsak az emberi szem\u00e9lyis\u00e9g bels\u0151 term\u00e9szet\u00e9t vizsg\u00e1lt\u00e1k, hanem a t\u00e1rsadalmi \u00e9s spiritu\u00e1lis felszabadul\u00e1s el\u00e9r\u00e9s\u00e9nek m\u00f3djait \u00e9s eszk\u00f6zeit is. Amikor Gandhival szerzett tapasztalatair\u00f3l k\u00e9rdezt\u00e9k, Shri Mataji felid\u00e9zte az egyik besz\u00e9lget\u00e9s\u00fcket: Gandhi szigor\u00faan tartotta megszokott rutinj\u00e1t, az emberek hajnali 4-kor keltek, b\u00f6jt\u00f6ltek \u00e9s \u00edgy tov\u00e1bb, mire Shri Mataji azt mondta neki: \u201eT\u00fal szigor\u00fa vagy&#8230; nem t\u00fal sok ez az eg\u00e9sz?&#8221;<\/p>\n<p>Gandhi elmagyar\u00e1zta, hogy szigor\u00fa fegyelemre van sz\u00fcks\u00e9g v\u00e9szhelyzet idej\u00e9n, amikor az orsz\u00e1g szabads\u00e1g\u00e9rt folytatott k\u00fczdelem lend\u00fclete felgyorsul.<\/p>\n<p>Erre Shri Mataji azt javasolta: \u201eBapu, ha fegyelmezni akarod az embereket, mi\u00e9rt nem bel\u00fclr\u0151l fegyelmezed \u0151ket?&#8221;<\/p>\n<p>Gandhi megk\u00e9rdezte, hogyan lenne ez lehets\u00e9ges. Shri Mataji biztos\u00edtotta \u0151t, hogy a bels\u0151 \u00e1talakul\u00e1s a megold\u00e1s. De \u0151 \u00edgy \u00e9rvelt: \u201eEl\u0151sz\u00f6r is, legy\u00fcnk szabadok (a brit uralom al\u00f3l). Ha nem vagyunk szabadok, mit \u00e9lvezhet\u00fcnk? Nem besz\u00e9lhet\u00fcnk r\u00f3la. Az emberek azt fogj\u00e1k mondani, hogy nem is vagyunk szabadok, hogyan besz\u00e9lhetn\u00e9nk a L\u00e9lek szabads\u00e1g\u00e1r\u00f3l? El\u0151sz\u00f6r is fel kell szabadulnunk az idegen uralom al\u00f3l.&#8221;<\/p>\n<p>A k\u00f6vetkez\u0151 \u00e9vekben Gandhi \u00fczenete elterjedt a t\u00f6megekhez, az \u00edr\u00e1studatlan f\u00f6ldm\u0171vesekt\u0151l a kiv\u00e1lts\u00e1gosabb oszt\u00e1lyokig \u00e9s a t\u00e1rsadalom legm\u0171veltebb tagjaiig. Shri Mataji is r\u00e9szt vett a szabads\u00e1gharcban, p\u00e9ld\u00e1t mutatva m\u00e1s egyetemist\u00e1knak.<\/p>\n<p>1947-ben India v\u00e9gre szabad nemzett\u00e9 v\u00e1lt. Sok \u00e9v telt el az\u00f3ta, hogy Shri Mataji gyermekkor\u00e1ban Gandhival besz\u00e9lgetett, de nem sokkal az utols\u00f3 napjai el\u0151tt l\u00e1tni akarta. \u201eTal\u00e1lkoztam vele&#8230; azonnal felismert&#8221; &#8211; eml\u00e9kezett vissza Shri Mataji. \u201eAzt mondta: \u00bbIma ut\u00e1n tal\u00e1lkozzunk.\u00ab Amikor tal\u00e1lkoztam vele, azt mondta: \u00bbMost pedig kezdj konstrukt\u00edv munk\u00e1hoz. Kezdj konstrukt\u00edv munk\u00e1hoz&#8230;\u00ab&#8221;<\/p>\n<p>Shri Mataji tov\u00e1bbra is tanulm\u00e1nyozta az emberis\u00e9get \u00e9rint\u0151 k\u00fcl\u00f6nf\u00e9le probl\u00e9m\u00e1kat, valamint a lehets\u00e9ges megold\u00e1sokat. Sok \u00e9v telt el, mire elkezdte \u00e1talak\u00edt\u00f3 munk\u00e1j\u00e1t a Sahaja J\u00f3g\u00e1n kereszt\u00fcl. Ahogy Gandhi is felkavarta a t\u00f6megeket \u00e9s szabads\u00e1gba vezette orsz\u00e1g\u00e1t, hasonl\u00f3an Shri Mataji munk\u00e1ja nemcsak n\u00e9h\u00e1ny embert, hanem vil\u00e1gszerte t\u00f6bb sz\u00e1zezer embert v\u00e1ltoztatott meg. El\u00e9rkezett a bels\u0151 szabads\u00e1g ideje.<\/p>\n\t\t<img decoding=\"async\" data-spai-excluded=\"true\" loading=\"lazy\"  alt=\"YouTube player\"  src=\"https:\/\/i.ytimg.com\/vi\/R3BuPaDgo4c\/maxresdefault.jpg\"  \/><button aria-label=\"Play\"><\/button><meta itemprop=\"embedUrl\" content=\"https:\/\/www.youtube.com\/embed\/R3BuPaDgo4c\"\/><meta itemprop=\"name\" content=\"Her Studies, Indian Independence, Gandhi\"\/><meta itemprop=\"description\" content=\"Shri Mataji describes her childhood and remarkable father who took her, aged 7, to meet Mahatma Gandhi. Recognizing her spiritual depths he asked the little girl to stay at his ashram and often consulted her on profound matters. She and her family were deeply committed to the freedom movement and endured great hardships. After Independence her father was the only Christian to be elected to the Central Assembly. Shri Mataji studied medicine and married Sir C.P. Srivastava. More videos at: http:\/\/ShriMataji.org ~ A Life Dedicated to Humanity ~\"\/><meta itemprop=\"thumbnailUrl\" content=\"https:\/\/i.ytimg.com\/vi\/R3BuPaDgo4c\/0.jpg\"\/><meta itemprop=\"duration\" content=\"PT6M33S\"\/><meta itemprop=\"uploadDate\" content=\"2020-07-19T23:59:15Z\"\/>\t\n\t<div class=\"su-quote su-quote-style-default\"><div class=\"su-quote-inner su-u-clearfix su-u-trim\">Egy politikai vezet\u0151nek nem kell agg\u00f3dnia a l\u00e9lek \u00e9s a vall\u00e1s miatt, de \u0151 a j\u00f3ga f\u00f6ldj\u00e9nek tekintette orsz\u00e1gunkat&#8230; Gandhi f\u0151 hozz\u00e1j\u00e1rul\u00e1sa az volt, hogy egyens\u00falyt teremtsen az emberekben, \u00e9s indiaibb\u00e1 tegye \u0151ket, elt\u00e1vol\u00edtva a bel\u00e9nk sziv\u00e1rgott szolgai mentalit\u00e1st.<\/div><\/div>\n<figure itemscope itemtype=\"https:\/\/schema.org\/ImageObject\">\n\t\t\t\t<img decoding=\"async\" src=\"https:\/\/shrimataji.org\/test\/wp-content\/uploads\/2023\/02\/Chhindwara_Final-1920x516-1.webp\" alt=\"Sanctuaire natal de Shri Mataji Nirmala Devi, Chhindwara, Inde\" height=\"516\" width=\"1920\" title=\"Chindwara_Final-1920x516\" onerror=\"this.style.display='none'\" loading=\"lazy\" \/>\n\t\t<figcaption>\u0150szents\u00e9ge Shri Mataji Nirmala Devi sz\u00fcl\u0151helye, Chhindwara, India<\/figcaption>\n\t<\/figure>\n\n","protected":false},"excerpt":{"rendered":"<p>Fiatalkor Gandhi t\u00f6meges szabads\u00e1gmozgalm\u00e1t\u00f3l a t\u00f6meges \u00f6nmegval\u00f3sul\u00e1s korszak\u00e1ig Mahatma Gandhi maradand\u00f3 benyom\u00e1st tett mindenkire, aki tal\u00e1lkozott vele, bele\u00e9rtve azt a kisl\u00e1nyt is, aki az asramj\u00e1ban sz\u00e1llt meg akkoriban. Ez a kisl\u00e1ny Shri Mataji volt, akit Gandhi Nep\u00e1linak bec\u00e9zett az arcvon\u00e1sai miatt. H\u00e9t\u00e9ves kor\u00e1t\u00f3l kezdve Shri Mataji sok id\u0151t t\u00f6lt\u00f6tt Gandhival az asramj\u00e1ban. \u201eLe\u00fclt velem, nagyon&hellip; <br \/> <a class=\"read-more\" href=\"https:\/\/shrimataji.org\/test\/hu\/early-life\/\">Read more<\/a><\/p>\n","protected":false},"author":1,"featured_media":19191,"parent":0,"menu_order":0,"comment_status":"closed","ping_status":"closed","template":"","meta":{"inline_featured_image":false,"footnotes":""},"class_list":["post-19457","page","type-page","status-publish","has-post-thumbnail","hentry"],"yoast_head":"<!-- This site is optimized with the Yoast SEO plugin v27.4 - https:\/\/yoast.com\/product\/yoast-seo-wordpress\/ -->\n<title>Fiatalkor - TEST - SMND<\/title>\n<meta name=\"robots\" content=\"noindex, follow, max-snippet:-1, max-image-preview:large, max-video-preview:-1\" \/>\n<meta property=\"og:locale\" content=\"en_US\" \/>\n<meta property=\"og:type\" content=\"article\" \/>\n<meta property=\"og:title\" content=\"Fiatalkor - TEST - SMND\" \/>\n<meta property=\"og:description\" content=\"Fiatalkor Gandhi t\u00f6meges szabads\u00e1gmozgalm\u00e1t\u00f3l a t\u00f6meges \u00f6nmegval\u00f3sul\u00e1s korszak\u00e1ig Mahatma Gandhi maradand\u00f3 benyom\u00e1st tett mindenkire, aki tal\u00e1lkozott vele, bele\u00e9rtve azt a kisl\u00e1nyt is, aki az asramj\u00e1ban sz\u00e1llt meg akkoriban. Ez a kisl\u00e1ny Shri Mataji volt, akit Gandhi Nep\u00e1linak bec\u00e9zett az arcvon\u00e1sai miatt. H\u00e9t\u00e9ves kor\u00e1t\u00f3l kezdve Shri Mataji sok id\u0151t t\u00f6lt\u00f6tt Gandhival az asramj\u00e1ban. \u201eLe\u00fclt velem, nagyon&hellip; Read more\" \/>\n<meta property=\"og:url\" content=\"https:\/\/shrimataji.org\/test\/hu\/early-life\/\" \/>\n<meta property=\"og:site_name\" content=\"TEST - SMND\" \/>\n<meta property=\"article:publisher\" content=\"https:\/\/www.facebook.com\/shrimataji\" \/>\n<meta property=\"article:modified_time\" content=\"2026-04-18T14:21:19+00:00\" \/>\n<meta property=\"og:image\" content=\"https:\/\/shrimataji.org\/test\/wp-content\/uploads\/2023\/03\/1_Banner_EarlyLife-scaled.jpg\" \/>\n\t<meta property=\"og:image:width\" content=\"2560\" \/>\n\t<meta property=\"og:image:height\" content=\"905\" \/>\n\t<meta property=\"og:image:type\" content=\"image\/jpeg\" \/>\n<meta name=\"twitter:card\" content=\"summary_large_image\" \/>\n<meta name=\"twitter:site\" content=\"@shrimataji\" \/>\n<meta name=\"twitter:label1\" content=\"Est. reading time\" \/>\n\t<meta name=\"twitter:data1\" content=\"3 minutes\" \/>\n<script type=\"application\/ld+json\" class=\"yoast-schema-graph\">{\"@context\":\"https:\\\/\\\/schema.org\",\"@graph\":[{\"@type\":\"WebPage\",\"@id\":\"https:\\\/\\\/shrimataji.org\\\/test\\\/hu\\\/early-life\\\/\",\"url\":\"https:\\\/\\\/shrimataji.org\\\/test\\\/hu\\\/early-life\\\/\",\"name\":\"Fiatalkor - TEST - SMND\",\"isPartOf\":{\"@id\":\"https:\\\/\\\/shrimataji.org\\\/test\\\/#website\"},\"primaryImageOfPage\":{\"@id\":\"https:\\\/\\\/shrimataji.org\\\/test\\\/hu\\\/early-life\\\/#primaryimage\"},\"image\":{\"@id\":\"https:\\\/\\\/shrimataji.org\\\/test\\\/hu\\\/early-life\\\/#primaryimage\"},\"thumbnailUrl\":\"https:\\\/\\\/shrimataji.org\\\/test\\\/wp-content\\\/uploads\\\/2023\\\/03\\\/1_Banner_EarlyLife-scaled.jpg\",\"datePublished\":\"2023-02-20T03:40:29+00:00\",\"dateModified\":\"2026-04-18T14:21:19+00:00\",\"breadcrumb\":{\"@id\":\"https:\\\/\\\/shrimataji.org\\\/test\\\/hu\\\/early-life\\\/#breadcrumb\"},\"inLanguage\":\"en-US\",\"potentialAction\":[{\"@type\":\"ReadAction\",\"target\":[\"https:\\\/\\\/shrimataji.org\\\/test\\\/hu\\\/early-life\\\/\"]}]},{\"@type\":\"ImageObject\",\"inLanguage\":\"en-US\",\"@id\":\"https:\\\/\\\/shrimataji.org\\\/test\\\/hu\\\/early-life\\\/#primaryimage\",\"url\":\"https:\\\/\\\/shrimataji.org\\\/test\\\/wp-content\\\/uploads\\\/2023\\\/03\\\/1_Banner_EarlyLife-scaled.jpg\",\"contentUrl\":\"https:\\\/\\\/shrimataji.org\\\/test\\\/wp-content\\\/uploads\\\/2023\\\/03\\\/1_Banner_EarlyLife-scaled.jpg\",\"width\":2560,\"height\":905},{\"@type\":\"BreadcrumbList\",\"@id\":\"https:\\\/\\\/shrimataji.org\\\/test\\\/hu\\\/early-life\\\/#breadcrumb\",\"itemListElement\":[{\"@type\":\"ListItem\",\"position\":1,\"name\":\"Home\",\"item\":\"https:\\\/\\\/shrimataji.org\\\/test\\\/uk\\\/home-en\\\/\"},{\"@type\":\"ListItem\",\"position\":2,\"name\":\"Fiatalkor\"}]},{\"@type\":\"WebSite\",\"@id\":\"https:\\\/\\\/shrimataji.org\\\/test\\\/#website\",\"url\":\"https:\\\/\\\/shrimataji.org\\\/test\\\/\",\"name\":\"Shri Mataji Nirmala Devi\",\"description\":\"A Life Dedicated to Humanity\",\"publisher\":{\"@id\":\"https:\\\/\\\/shrimataji.org\\\/test\\\/#\\\/schema\\\/person\\\/a1b3419c6585f164aa96da1ff85715d1\"},\"potentialAction\":[{\"@type\":\"SearchAction\",\"target\":{\"@type\":\"EntryPoint\",\"urlTemplate\":\"https:\\\/\\\/shrimataji.org\\\/test\\\/?s={search_term_string}\"},\"query-input\":{\"@type\":\"PropertyValueSpecification\",\"valueRequired\":true,\"valueName\":\"search_term_string\"}}],\"inLanguage\":\"en-US\"},{\"@type\":[\"Person\",\"Organization\"],\"@id\":\"https:\\\/\\\/shrimataji.org\\\/test\\\/#\\\/schema\\\/person\\\/a1b3419c6585f164aa96da1ff85715d1\",\"name\":\"Nirmala Shrivastava\",\"image\":{\"@type\":\"ImageObject\",\"inLanguage\":\"en-US\",\"@id\":\"https:\\\/\\\/shrimataji.org\\\/test\\\/wp-content\\\/uploads\\\/2023\\\/02\\\/SMO_LOGO-03.svg\",\"url\":\"https:\\\/\\\/shrimataji.org\\\/test\\\/wp-content\\\/uploads\\\/2023\\\/02\\\/SMO_LOGO-03.svg\",\"contentUrl\":\"https:\\\/\\\/shrimataji.org\\\/test\\\/wp-content\\\/uploads\\\/2023\\\/02\\\/SMO_LOGO-03.svg\",\"width\":\"1024\",\"height\":\"1024\",\"caption\":\"Nirmala Shrivastava\"},\"logo\":{\"@id\":\"https:\\\/\\\/shrimataji.org\\\/test\\\/wp-content\\\/uploads\\\/2023\\\/02\\\/SMO_LOGO-03.svg\"},\"sameAs\":[\"https:\\\/\\\/shrimataji.org\\\/test\",\"https:\\\/\\\/www.facebook.com\\\/shrimataji\",\"https:\\\/\\\/x.com\\\/shrimataji\",\"https:\\\/\\\/www.youtube.com\\\/@Shri_Mataji_Nirmala_Devi\\\/featured\"]}]}<\/script>\n<!-- \/ Yoast SEO plugin. -->","yoast_head_json":{"title":"Fiatalkor - TEST - SMND","robots":{"index":"noindex","follow":"follow","max-snippet":"max-snippet:-1","max-image-preview":"max-image-preview:large","max-video-preview":"max-video-preview:-1"},"og_locale":"en_US","og_type":"article","og_title":"Fiatalkor - TEST - SMND","og_description":"Fiatalkor Gandhi t\u00f6meges szabads\u00e1gmozgalm\u00e1t\u00f3l a t\u00f6meges \u00f6nmegval\u00f3sul\u00e1s korszak\u00e1ig Mahatma Gandhi maradand\u00f3 benyom\u00e1st tett mindenkire, aki tal\u00e1lkozott vele, bele\u00e9rtve azt a kisl\u00e1nyt is, aki az asramj\u00e1ban sz\u00e1llt meg akkoriban. Ez a kisl\u00e1ny Shri Mataji volt, akit Gandhi Nep\u00e1linak bec\u00e9zett az arcvon\u00e1sai miatt. H\u00e9t\u00e9ves kor\u00e1t\u00f3l kezdve Shri Mataji sok id\u0151t t\u00f6lt\u00f6tt Gandhival az asramj\u00e1ban. \u201eLe\u00fclt velem, nagyon&hellip; Read more","og_url":"https:\/\/shrimataji.org\/test\/hu\/early-life\/","og_site_name":"TEST - SMND","article_publisher":"https:\/\/www.facebook.com\/shrimataji","article_modified_time":"2026-04-18T14:21:19+00:00","og_image":[{"width":2560,"height":905,"url":"https:\/\/shrimataji.org\/test\/wp-content\/uploads\/2023\/03\/1_Banner_EarlyLife-scaled.jpg","type":"image\/jpeg"}],"twitter_card":"summary_large_image","twitter_site":"@shrimataji","twitter_misc":{"Est. reading time":"3 minutes"},"schema":{"@context":"https:\/\/schema.org","@graph":[{"@type":"WebPage","@id":"https:\/\/shrimataji.org\/test\/hu\/early-life\/","url":"https:\/\/shrimataji.org\/test\/hu\/early-life\/","name":"Fiatalkor - TEST - SMND","isPartOf":{"@id":"https:\/\/shrimataji.org\/test\/#website"},"primaryImageOfPage":{"@id":"https:\/\/shrimataji.org\/test\/hu\/early-life\/#primaryimage"},"image":{"@id":"https:\/\/shrimataji.org\/test\/hu\/early-life\/#primaryimage"},"thumbnailUrl":"https:\/\/shrimataji.org\/test\/wp-content\/uploads\/2023\/03\/1_Banner_EarlyLife-scaled.jpg","datePublished":"2023-02-20T03:40:29+00:00","dateModified":"2026-04-18T14:21:19+00:00","breadcrumb":{"@id":"https:\/\/shrimataji.org\/test\/hu\/early-life\/#breadcrumb"},"inLanguage":"en-US","potentialAction":[{"@type":"ReadAction","target":["https:\/\/shrimataji.org\/test\/hu\/early-life\/"]}]},{"@type":"ImageObject","inLanguage":"en-US","@id":"https:\/\/shrimataji.org\/test\/hu\/early-life\/#primaryimage","url":"https:\/\/shrimataji.org\/test\/wp-content\/uploads\/2023\/03\/1_Banner_EarlyLife-scaled.jpg","contentUrl":"https:\/\/shrimataji.org\/test\/wp-content\/uploads\/2023\/03\/1_Banner_EarlyLife-scaled.jpg","width":2560,"height":905},{"@type":"BreadcrumbList","@id":"https:\/\/shrimataji.org\/test\/hu\/early-life\/#breadcrumb","itemListElement":[{"@type":"ListItem","position":1,"name":"Home","item":"https:\/\/shrimataji.org\/test\/uk\/home-en\/"},{"@type":"ListItem","position":2,"name":"Fiatalkor"}]},{"@type":"WebSite","@id":"https:\/\/shrimataji.org\/test\/#website","url":"https:\/\/shrimataji.org\/test\/","name":"Shri Mataji Nirmala Devi","description":"A Life Dedicated to Humanity","publisher":{"@id":"https:\/\/shrimataji.org\/test\/#\/schema\/person\/a1b3419c6585f164aa96da1ff85715d1"},"potentialAction":[{"@type":"SearchAction","target":{"@type":"EntryPoint","urlTemplate":"https:\/\/shrimataji.org\/test\/?s={search_term_string}"},"query-input":{"@type":"PropertyValueSpecification","valueRequired":true,"valueName":"search_term_string"}}],"inLanguage":"en-US"},{"@type":["Person","Organization"],"@id":"https:\/\/shrimataji.org\/test\/#\/schema\/person\/a1b3419c6585f164aa96da1ff85715d1","name":"Nirmala Shrivastava","image":{"@type":"ImageObject","inLanguage":"en-US","@id":"https:\/\/shrimataji.org\/test\/wp-content\/uploads\/2023\/02\/SMO_LOGO-03.svg","url":"https:\/\/shrimataji.org\/test\/wp-content\/uploads\/2023\/02\/SMO_LOGO-03.svg","contentUrl":"https:\/\/shrimataji.org\/test\/wp-content\/uploads\/2023\/02\/SMO_LOGO-03.svg","width":"1024","height":"1024","caption":"Nirmala Shrivastava"},"logo":{"@id":"https:\/\/shrimataji.org\/test\/wp-content\/uploads\/2023\/02\/SMO_LOGO-03.svg"},"sameAs":["https:\/\/shrimataji.org\/test","https:\/\/www.facebook.com\/shrimataji","https:\/\/x.com\/shrimataji","https:\/\/www.youtube.com\/@Shri_Mataji_Nirmala_Devi\/featured"]}]}},"lang":"hu","translations":{"hu":19457,"ur":37411,"en":8414,"am":18348,"th":19917,"sq":18383,"zh":17280,"hi":8389,"tr":10148,"pt":10361,"de":10635,"fr":10733,"it":10831,"es":10928,"ja":11225,"ru":11413,"bn":11605,"te":11713,"sw":11836,"he":11984,"el":12275,"sk":12373,"fa":12471,"fi":12569,"bg":13361,"ro":14435,"cs":14628,"nl":16543,"ku":16703,"ar":16879,"be":18590,"kn":18864,"mr":20281,"uk":20573,"ml":20872,"ta":22698,"sv":22971,"gu":28819,"pa":28977,"fil":29417,"da":37725,"pl":37942,"nn":38277},"pll_sync_post":[],"_links":{"self":[{"href":"https:\/\/shrimataji.org\/test\/wp-json\/wp\/v2\/pages\/19457","targetHints":{"allow":["GET"]}}],"collection":[{"href":"https:\/\/shrimataji.org\/test\/wp-json\/wp\/v2\/pages"}],"about":[{"href":"https:\/\/shrimataji.org\/test\/wp-json\/wp\/v2\/types\/page"}],"author":[{"embeddable":true,"href":"https:\/\/shrimataji.org\/test\/wp-json\/wp\/v2\/users\/1"}],"replies":[{"embeddable":true,"href":"https:\/\/shrimataji.org\/test\/wp-json\/wp\/v2\/comments?post=19457"}],"version-history":[{"count":0,"href":"https:\/\/shrimataji.org\/test\/wp-json\/wp\/v2\/pages\/19457\/revisions"}],"wp:featuredmedia":[{"embeddable":true,"href":"https:\/\/shrimataji.org\/test\/wp-json\/wp\/v2\/media\/19191"}],"wp:attachment":[{"href":"https:\/\/shrimataji.org\/test\/wp-json\/wp\/v2\/media?parent=19457"}],"curies":[{"name":"wp","href":"https:\/\/api.w.org\/{rel}","templated":true}]}}