{"id":19459,"date":"2011-02-12T02:00:00","date_gmt":"2011-02-12T02:00:00","guid":{"rendered":"http:\/\/testwordpress.nirmalnagari.org\/smnd\/index.php\/ecology\/"},"modified":"2026-04-09T22:01:11","modified_gmt":"2026-04-09T22:01:11","slug":"ecology","status":"publish","type":"page","link":"https:\/\/shrimataji.org\/test\/hu\/ecology\/","title":{"rendered":"\u00d6kol\u00f3gia"},"content":{"rendered":"\n\n\t<h1>\u00d6kol\u00f3gia<\/h1>\n<h2>Term\u00e9szetes egyens\u00faly<\/h2>\n\t<div class=\"su-quote su-quote-style-default\"><div class=\"su-quote-inner su-u-clearfix su-u-trim\"> Ha nem tudjuk, hogyan tisztelj\u00fck a F\u00f6ldany\u00e1t, akkor \u00f6nmagunkat sem tudjuk tisztelni.<\/div><\/div>\n\t<p>Shri Mataji v\u00edzi\u00f3ja, hogy a term\u00e9szet egy olyan F\u00f6ldanya, amely biztos\u00edtja \u00e9s fenntartja az \u00e9letet, egy \u00e9l\u0151l\u00e9ny, akit tisztelni, s\u0151t im\u00e1dni kell. Egyszer elmagyar\u00e1zta, hogyan tan\u00edtott\u00e1k \u0151t \u00e9s testv\u00e9reit &#8211; ahogy minden indiai gyermeket &#8211; arra, hogy reggelente bocs\u00e1natot k\u00e9rjenek a F\u00f6ldany\u00e1t\u00f3l: \u201eMert a l\u00e1bunkkal \u00e9rintett\u00fck \u0151t.&#8221;<\/p>\n<p>Shri Mataji k\u00f6zel 40 \u00e9ven \u00e1t utazott a vil\u00e1gban, fel\u00e9bresztve az emberi bels\u0151 potenci\u00e1lt egy b\u00e9k\u00e9sebb \u00e9s kev\u00e9sb\u00e9 egocentrikus lelki\u00e1llapot megval\u00f3s\u00edt\u00e1s\u00e1ra. Azok az emberek, akik konferenci\u00e1ira \u00e9s medit\u00e1ci\u00f3s \u00fcl\u00e9seire l\u00e1togattak, a spiritualit\u00e1s keres\u0151i voltak, \u00e9s vil\u00e1goss\u00e1 tette sz\u00e1mukra, hogy a spiritualit\u00e1s nem vir\u00e1gozhat a term\u00e9szettel val\u00f3 k\u00f6lcs\u00f6n\u00f6s kapcsolat teljes felismer\u00e9se n\u00e9lk\u00fcl.<\/p>\n<p>Shri Mataji m\u00e1r az 1970-es \u00e9vek elej\u00e9t\u0151l, amikor elkezdte a Sahaja J\u00f3ga terjeszt\u00e9s\u00e9t, vil\u00e1gosan figyelmeztetett azokra a k\u00f6zelg\u0151 vesz\u00e9lyekre, amelyek egy napon fenyegetni fogj\u00e1k \u00f6kol\u00f3gi\u00e1nkat &#8211; a m\u0171anyagok t\u00faltermel\u00e9s\u00e9re, az atomenergia vesz\u00e9lyeire, a mez\u0151gazdas\u00e1g t\u00falzott kiakn\u00e1z\u00e1s\u00e1ra, a j\u00e1rm\u0171vek okozta szennyez\u00e9sre, valamint az \u00f3ce\u00e1nok, tavak \u00e9s foly\u00f3k szennyez\u0151d\u00e9s\u00e9re.<\/p>\n<figure itemscope itemtype=\"https:\/\/schema.org\/ImageObject\">\n\t\t\t\t<img decoding=\"async\" src=\"https:\/\/shrimataji.org\/test\/wp-content\/uploads\/2018\/07\/media_originals\/images\/flowers\/purple-flowers-by-vera-subkus-300x300.jpg\" alt=\"\" height=\"300\" width=\"300\" onerror=\"this.style.display='none'\" loading=\"lazy\" \/>\n\t\t\n\t<\/figure>\n<figure itemscope itemtype=\"https:\/\/schema.org\/ImageObject\">\n\t\t\t\t<img decoding=\"async\" src=\"https:\/\/shrimataji.org\/test\/wp-content\/uploads\/2018\/07\/media_originals\/images\/art\/wentworth-falls-artwork-by-meredith-cooper.jpg\" alt=\"Cataratas Wentworth (Nueva Gales del Sur, Australia, Meredith Cooper)\" height=\"1000\" width=\"993\" title=\"wentworth-falls-artwork-by-meredith-cooper\" onerror=\"this.style.display='none'\" loading=\"lazy\" \/>\n\t\t<figcaption>Wentworth-v\u00edzes\u00e9s (\u00daj-D\u00e9l-Wales, Ausztr\u00e1lia, Meredith Cooper)<\/figcaption>\n\t<\/figure>\n\t<p>An\u00e9lk\u00fcl, hogy tagadta volna hasznoss\u00e1gukat bizonyos k\u00f6r\u00fclm\u00e9nyek k\u00f6z\u00f6tt, b\u00edr\u00e1lta a m\u0171anyagok t\u00falzott haszn\u00e1lat\u00e1t \u00e9s azok katasztrof\u00e1lis k\u00f6rnyezetszennyez\u00e9s\u00e9t. \u201eAzok, akik a m\u0171anyagok l\u00e9trehoz\u00e1s\u00e1val \u00e9s gy\u00e1rt\u00e1s\u00e1val foglalkoznak, sz\u00e9pen alak\u00edtj\u00e1k \u00e9s \u00e9p\u00edtik p\u00e9nz\u00fcgyi im\u00e1zsukat multimilliomosk\u00e9nt&#8221; &#8211; magyar\u00e1zta. \u201eEk\u00f6zben az \u00e9rtelmetlen fogyaszt\u00e1s miatt m\u0171anyag hegyeket t\u00f6megeit termelik, \u00fagy, hogy senki sem tudja, hogyan fogja megoldani ezeknek az ember alkotta hegyeknek a eltakar\u00edt\u00e1s\u00e1t, amelyek nemcsak cs\u00fany\u00e1k, de puszta l\u00e9tez\u00e9s\u00fckkel ak\u00e1r a l\u00e9gk\u00f6rt is szennyezhetik. A m\u0171anyagok \u00e9s m\u0171sz\u00e1lak t\u00faltermel\u00e9se term\u00e9szetesen a k\u00e9nyszeres fogyaszt\u00e1s s\u00falyos mell\u00e9kterm\u00e9ke, amelyet a divat fogalma t\u00e1pl\u00e1l.&#8221;<\/p>\n<p>Shri Mataji m\u00e1r j\u00f3val a csernobili \u00e9s fukusimai trag\u00e9di\u00e1k el\u0151tt \u00e9bers\u00e9gre sz\u00f3l\u00edtott fel az atomenergia ter\u00fclet\u00e9n. \u201eCsernobil most egy nagyon-nagyon nagy probl\u00e9ma volt&#8230; \u00e9s tanuls\u00e1gul szolg\u00e1lt sz\u00e1munkra, hogy ne ragaszkodjunk t\u00fals\u00e1gosan az atomenergi\u00e1hoz.&#8221; Szerinte a mesters\u00e9ges maghasad\u00e1s az atommag term\u00e9szetes \u00e9ps\u00e9ge elleni agresszi\u00f3, ami finom szinten megmagyar\u00e1zza a keletkez\u0151 energia rombol\u00f3 mell\u00e9kterm\u00e9keit.<\/p>\n\t<p>Figyelmeztetett a modern energiafogyaszt\u00e1ssal kapcsolatos pazarl\u00f3 hozz\u00e1\u00e1ll\u00e1sra, \u00e9s a mindennapi \u00e9letben a takar\u00e9koss\u00e1gra buzd\u00edtott. Mindenkinek \u201etudatosnak kell lennie azzal, hogy mennyi energi\u00e1t haszn\u00e1l el &#8211; villanyra, telefonra, v\u00edzre vagy b\u00e1rmi m\u00e1sra&#8221; &#8211; mondta. \u201eTakar\u00e9kosan kell gazd\u00e1lkodnunk vele&#8230; A mindennapi \u00e9let szerves r\u00e9sz\u00e9v\u00e9 kell tenni, hogy megpr\u00f3b\u00e1ljuk meg\u00f3vni az F\u00f6ldanya energi\u00e1j\u00e1t. Ez nagyon fontos.&#8221;<\/p>\n<p>Shri Mataji t\u00f6bbsz\u00f6r is r\u00e1mutatott az utakon k\u00f6zleked\u0151, egy ir\u00e1nyba halad\u00f3 aut\u00f3k sz\u00e1m\u00e1ra, amelyekben csak egy szem\u00e9ly \u00fcl. Javasolta a telekocsiz\u00e1st a sz\u00fcks\u00e9gtelen szennyez\u00e9s cs\u00f6kkent\u00e9se \u00e9s a k\u00f6rnyezeti felel\u0151ss\u00e9gv\u00e1llal\u00e1s ir\u00e1nti kollekt\u00edvabb hozz\u00e1\u00e1ll\u00e1s kialak\u00edt\u00e1sa \u00e9rdek\u00e9ben. Gyakran aj\u00e1nlotta a gyalogl\u00e1st a t\u00fals\u00e1gosan is rohan\u00f3 vil\u00e1gunkban, mint egy m\u00e1sik m\u00f3dot arra, hogy felfedezz\u00fck a term\u00e9szet finom r\u00e9szleteit.<\/p>\n\t<p>Szavait lesz\u00e1m\u00edtva, tan\u00edt\u00e1sain bel\u00fcl tal\u00e1n Shri Mataji szem\u00e9lyes p\u00e9ld\u00e1ja volt a leger\u0151sebb hat\u00e1ssal. Mindenhol, ahov\u00e1 ell\u00e1togatott, helyi k\u00e9zm\u0171vesekkel tal\u00e1lkozott, \u00e9s t\u00e1mogatta \u0151ket azzal, hogy megv\u00e1s\u00e1rolta a k\u00e9zm\u0171ves port\u00e9k\u00e1ikat. \u00c9rdekl\u0151d\u00f6tt a k\u00e9zm\u0171vesek munk\u00e1j\u00e1nak minden apr\u00f3 r\u00e9szlete ir\u00e1nt &#8211; a felhaszn\u00e1lt anyagok, azok sz\u00e1rmaz\u00e1sa, a munkak\u00f6r\u00fclm\u00e9nyek \u00e9s a k\u00e9zm\u0171ves csal\u00e1dok \u00e9letsz\u00ednvonala ir\u00e1nt.<\/p>\n\t<div class=\"su-quote su-quote-style-default\"><div class=\"su-quote-inner su-u-clearfix su-u-trim\">Meg kell v\u00e1ltoztatnunk az egyens\u00falyt a g\u00e9pi \u00e9s az ember alkotta dolgok k\u00f6z\u00f6tt, \u00e9s ink\u00e1bb a term\u00e9szetes dolgok fel\u00e9 kell fordulnunk.<\/div><\/div>\n\t<p>Gyakran mutatott r\u00e1 ezeknek a k\u00e9zzel k\u00e9sz\u00edtett \u00e1ruknak az \u00f6kol\u00f3giai \u00e9s gazdas\u00e1gi \u00e9rt\u00e9k\u00e9re. V\u00e1s\u00e1rl\u00e1sukkal a fogyaszt\u00f3k megt\u00f6rik a nagy ipari lobbik, a divat \u00e9s a kidob\u00e1s kult\u00far\u00e1j\u00e1nak rabszolgas\u00e1g\u00e1t. Emellett cs\u00f6kkentik a t\u00falzott fogyaszt\u00e1st \u00e9s munkahelyeket teremtenek. A befektetett munka \u00e9s id\u0151 miatt a k\u00e9zzel k\u00e9sz\u00edtett term\u00e9kek \u00e1ltal\u00e1ban t\u00f6bbe ker\u00fclnek, mint a g\u00e9pek \u00e1ltal t\u00f6megesen el\u0151\u00e1ll\u00edtottak. Ez azonban azt jelenti, hogy a fogyaszt\u00f3k jobban fogj\u00e1k \u00e9rt\u00e9kelni azokat, ez\u00e9rt nem ker\u00fclnek gyorsan kidob\u00e1sra.<\/p>\n<p>Ugyanakkor elismerte az ipari termel\u00e9s \u00e9s a g\u00e9pek hasznoss\u00e1g\u00e1t, de ragaszkodott a k\u00e9zzel k\u00e9sz\u00edtett \u00e9s a g\u00e9ppel k\u00e9sz\u00edtett dolgok k\u00f6z\u00f6tti egyens\u00faly megteremt\u00e9s\u00e9nek sz\u00fcks\u00e9gess\u00e9g\u00e9hez. \u201eA g\u00e9peket minden k\u00f6zmunk\u00e1hoz haszn\u00e1lni kell&#8221; &#8211; javasolta. \u201eMint p\u00e9ld\u00e1ul az aut\u00f3khoz, a vonatokhoz, a villamosokhoz, minden k\u00fcls\u0151 k\u00f6zmunk\u00e1hoz. Legfeljebb h\u00e1zakhoz haszn\u00e1lhatsz g\u00e9peket. De szem\u00e9lyes dolgokhoz k\u00e9zzel k\u00e9sz\u00edtett dolgokat kell haszn\u00e1lnod, k\u00e9zzel k\u00e9sz\u00edtett dolgokat. A spiritu\u00e1lis emberek szeretnek k\u00e9zzel k\u00e9sz\u00edtett vagy val\u00f3di dolgokat viselni.&#8221;<\/p>\n<p>A vil\u00e1g ma kritikus fordul\u00f3ponthoz \u00e9rkezett az \u00e9ghajlatv\u00e1ltoz\u00e1s tekintet\u00e9ben, amely p\u00e9ld\u00e1tlan m\u00e9rt\u00e9k\u0171 glob\u00e1lis \u00f6kol\u00f3giai katasztr\u00f3f\u00e1val fenyeget. A jelenlegi tudom\u00e1nyos tanulm\u00e1nyok egy\u00e9rtelm\u0171en kimutatj\u00e1k, hogy az ipari kor kezdete \u00f3ta megv\u00e1ltozott emberi priorit\u00e1sok dr\u00e1maian hozz\u00e1j\u00e1rultak a glob\u00e1lis k\u00f6rnyezetk\u00e1rosod\u00e1shoz, \u00e9s hogy csak az eg\u00e9sz emberis\u00e9g \u00f6sszehangolt er\u0151fesz\u00edt\u00e9se a fenntarthat\u00f3 \u00e9letm\u00f3dhoz val\u00f3 alkalmazkod\u00e1s vezethet ki minket a fenyeget\u0151 vesz\u00e9lyb\u0151l.<\/p>\n<p>A Sahaja J\u00f3ga medit\u00e1ci\u00f3 gyakorl\u00e1sa holisztikus egyens\u00falyt teremt a test, az elme \u00e9s a l\u00e9lek k\u00f6z\u00f6tt, amely lehet\u0151v\u00e9 teszi az egy\u00e9nek sz\u00e1m\u00e1ra, hogy \u00f6nzetlen \u00e9letm\u00f3dot folytassanak \u00e9s \u00e9lvezzenek, harm\u00f3ni\u00e1ban \u00e9ljenek a term\u00e9szettel. Ezen a viselked\u00e9sbeli \u00e1talakul\u00e1son t\u00fal, amely k\u00f6nnyen el\u00e9rhet\u0151 a Sahaja J\u00f3g\u00e1n kereszt\u00fcl, Shri Mataji azt javasolta, hogy a Sahaja J\u00f3ga gyakorl\u00f3i tudatoss\u00e1guk szerves r\u00e9sz\u00e9v\u00e9 v\u00e1l\u00f3 finom vibr\u00e1ci\u00f3s energi\u00e1t haszn\u00e1lj\u00e1k fel az Anyaterm\u00e9szet \u00e9l\u0151 erej\u00e9nek regener\u00e1l\u00e1s\u00e1ra \u00e9s a term\u00e9szetes \u00f6kol\u00f3giai n\u00f6veked\u00e9s el\u0151seg\u00edt\u00e9s\u00e9re. A Sahaja J\u00f3gik \u00e1ltal vil\u00e1gszerte v\u00e9gzett t\u00f6bb ezer ilyen mez\u0151gazdas\u00e1gi k\u00eds\u00e9rlet[1] leny\u0171g\u00f6z\u0151 eredm\u00e9nyeket mutatott a bioszf\u00e9r\u00e1nk jav\u00edt\u00e1s\u00e1ban \u00e9s a k\u00f6rnyezetre k\u00e1ros m\u0171tr\u00e1gy\u00e1kt\u00f3l val\u00f3 f\u00fcgg\u0151s\u00e9g\u00fcnk cs\u00f6kkent\u00e9s\u00e9ben.<\/p>\n<p>Shri Mataji elk\u00e9pzel\u00e9se egy egyens\u00falyban l\u00e9v\u0151 vil\u00e1gr\u00f3l, az \u00f6nmagukban egyens\u00falyban l\u00e9v\u0151 emberekkel kezd\u0151dik. Csak akkor \u00e9rhet el az ember harmonikus \u00e9s tiszteletteljes kapcsolatot a k\u00f6rnyezet\u00e9vel \u00e9s az F\u00f6ldany\u00e1val, amely mindannyiunkat fenntart, ha el\u00e9rte ezt a bels\u0151 egyens\u00falyt.<\/p>\n\t<h5>&#8220;E\u201eA F\u00f6ld eleget biztos\u00edt ahhoz, hogy kiel\u00e9g\u00edtse minden ember sz\u00fcks\u00e9glet\u00e9t, denem minden ember kapzsis\u00e1g\u00e1t.&#8221;<\/h5>\n<h5>Mahatma Gandhi<\/h5>\n\t<p><a href=\"https:\/\/sahajkrishi.org\/english\/category\/sahaja-agriculture\/\" target=\"_blank\" rel=\"noopener\">https:\/\/sahajkrishi.org\/english\/category\/sahaja-agriculture\/<\/a><\/p>\n<hr \/>\n<h3><a href=\"https:\/\/shrimataji.org\/test\/ecology\/#_ftnref1\" name=\"_ftn1\">[1]<\/a>\u00a0https:\/\/sahajkrishi.org\/english\/category\/sahaja-agriculture\/<\/h3>\n\n","protected":false},"excerpt":{"rendered":"<p>\u00d6kol\u00f3gia Term\u00e9szetes egyens\u00faly Shri Mataji v\u00edzi\u00f3ja, hogy a term\u00e9szet egy olyan F\u00f6ldanya, amely biztos\u00edtja \u00e9s fenntartja az \u00e9letet, egy \u00e9l\u0151l\u00e9ny, akit tisztelni, s\u0151t im\u00e1dni kell. Egyszer elmagyar\u00e1zta, hogyan tan\u00edtott\u00e1k \u0151t \u00e9s testv\u00e9reit &#8211; ahogy minden indiai gyermeket &#8211; arra, hogy reggelente bocs\u00e1natot k\u00e9rjenek a F\u00f6ldany\u00e1t\u00f3l: \u201eMert a l\u00e1bunkkal \u00e9rintett\u00fck \u0151t.&#8221; Shri Mataji k\u00f6zel 40 \u00e9ven&hellip; <br \/> <a class=\"read-more\" href=\"https:\/\/shrimataji.org\/test\/hu\/ecology\/\">Read more<\/a><\/p>\n","protected":false},"author":1,"featured_media":19194,"parent":0,"menu_order":0,"comment_status":"closed","ping_status":"closed","template":"pro\/page-templates\/full-width-page.php","meta":{"inline_featured_image":false,"footnotes":""},"class_list":["post-19459","page","type-page","status-publish","has-post-thumbnail","hentry"],"yoast_head":"<!-- This site is optimized with the Yoast SEO plugin v27.4 - https:\/\/yoast.com\/product\/yoast-seo-wordpress\/ -->\n<title>\u00d6kol\u00f3gia - TEST - SMND<\/title>\n<meta name=\"robots\" content=\"noindex, follow, max-snippet:-1, max-image-preview:large, max-video-preview:-1\" \/>\n<meta property=\"og:locale\" content=\"en_US\" \/>\n<meta property=\"og:type\" content=\"article\" \/>\n<meta property=\"og:title\" content=\"\u00d6kol\u00f3gia - TEST - SMND\" \/>\n<meta property=\"og:description\" content=\"\u00d6kol\u00f3gia Term\u00e9szetes egyens\u00faly Shri Mataji v\u00edzi\u00f3ja, hogy a term\u00e9szet egy olyan F\u00f6ldanya, amely biztos\u00edtja \u00e9s fenntartja az \u00e9letet, egy \u00e9l\u0151l\u00e9ny, akit tisztelni, s\u0151t im\u00e1dni kell. Egyszer elmagyar\u00e1zta, hogyan tan\u00edtott\u00e1k \u0151t \u00e9s testv\u00e9reit &#8211; ahogy minden indiai gyermeket &#8211; arra, hogy reggelente bocs\u00e1natot k\u00e9rjenek a F\u00f6ldany\u00e1t\u00f3l: \u201eMert a l\u00e1bunkkal \u00e9rintett\u00fck \u0151t.&#8221; Shri Mataji k\u00f6zel 40 \u00e9ven&hellip; Read more\" \/>\n<meta property=\"og:url\" content=\"https:\/\/shrimataji.org\/test\/hu\/ecology\/\" \/>\n<meta property=\"og:site_name\" content=\"TEST - SMND\" \/>\n<meta property=\"article:publisher\" content=\"https:\/\/www.facebook.com\/shrimataji\" \/>\n<meta property=\"article:modified_time\" content=\"2026-04-09T22:01:11+00:00\" \/>\n<meta property=\"og:image\" content=\"https:\/\/shrimataji.org\/test\/wp-content\/uploads\/2018\/07\/media_originals\/images\/headers-general\/shri-mataji-at-the-krishna-river-in-brahmapuri-india-1985.jpg\" \/>\n\t<meta property=\"og:image:width\" content=\"990\" \/>\n\t<meta property=\"og:image:height\" content=\"350\" \/>\n\t<meta property=\"og:image:type\" content=\"image\/jpeg\" \/>\n<meta name=\"twitter:card\" content=\"summary_large_image\" \/>\n<meta name=\"twitter:site\" content=\"@shrimataji\" \/>\n<meta name=\"twitter:label1\" content=\"Est. reading time\" \/>\n\t<meta name=\"twitter:data1\" content=\"5 minutes\" \/>\n<script type=\"application\/ld+json\" class=\"yoast-schema-graph\">{\"@context\":\"https:\\\/\\\/schema.org\",\"@graph\":[{\"@type\":\"WebPage\",\"@id\":\"https:\\\/\\\/shrimataji.org\\\/test\\\/hu\\\/ecology\\\/\",\"url\":\"https:\\\/\\\/shrimataji.org\\\/test\\\/hu\\\/ecology\\\/\",\"name\":\"\u00d6kol\u00f3gia - TEST - SMND\",\"isPartOf\":{\"@id\":\"https:\\\/\\\/shrimataji.org\\\/test\\\/#website\"},\"primaryImageOfPage\":{\"@id\":\"https:\\\/\\\/shrimataji.org\\\/test\\\/hu\\\/ecology\\\/#primaryimage\"},\"image\":{\"@id\":\"https:\\\/\\\/shrimataji.org\\\/test\\\/hu\\\/ecology\\\/#primaryimage\"},\"thumbnailUrl\":\"https:\\\/\\\/shrimataji.org\\\/test\\\/wp-content\\\/uploads\\\/2018\\\/07\\\/media_originals\\\/images\\\/headers-general\\\/shri-mataji-at-the-krishna-river-in-brahmapuri-india-1985.jpg\",\"datePublished\":\"2011-02-12T02:00:00+00:00\",\"dateModified\":\"2026-04-09T22:01:11+00:00\",\"breadcrumb\":{\"@id\":\"https:\\\/\\\/shrimataji.org\\\/test\\\/hu\\\/ecology\\\/#breadcrumb\"},\"inLanguage\":\"en-US\",\"potentialAction\":[{\"@type\":\"ReadAction\",\"target\":[\"https:\\\/\\\/shrimataji.org\\\/test\\\/hu\\\/ecology\\\/\"]}]},{\"@type\":\"ImageObject\",\"inLanguage\":\"en-US\",\"@id\":\"https:\\\/\\\/shrimataji.org\\\/test\\\/hu\\\/ecology\\\/#primaryimage\",\"url\":\"https:\\\/\\\/shrimataji.org\\\/test\\\/wp-content\\\/uploads\\\/2018\\\/07\\\/media_originals\\\/images\\\/headers-general\\\/shri-mataji-at-the-krishna-river-in-brahmapuri-india-1985.jpg\",\"contentUrl\":\"https:\\\/\\\/shrimataji.org\\\/test\\\/wp-content\\\/uploads\\\/2018\\\/07\\\/media_originals\\\/images\\\/headers-general\\\/shri-mataji-at-the-krishna-river-in-brahmapuri-india-1985.jpg\",\"width\":990,\"height\":350},{\"@type\":\"BreadcrumbList\",\"@id\":\"https:\\\/\\\/shrimataji.org\\\/test\\\/hu\\\/ecology\\\/#breadcrumb\",\"itemListElement\":[{\"@type\":\"ListItem\",\"position\":1,\"name\":\"Home\",\"item\":\"https:\\\/\\\/shrimataji.org\\\/test\\\/uk\\\/home-en\\\/\"},{\"@type\":\"ListItem\",\"position\":2,\"name\":\"\u00d6kol\u00f3gia\"}]},{\"@type\":\"WebSite\",\"@id\":\"https:\\\/\\\/shrimataji.org\\\/test\\\/#website\",\"url\":\"https:\\\/\\\/shrimataji.org\\\/test\\\/\",\"name\":\"Shri Mataji Nirmala Devi\",\"description\":\"A Life Dedicated to Humanity\",\"publisher\":{\"@id\":\"https:\\\/\\\/shrimataji.org\\\/test\\\/#\\\/schema\\\/person\\\/a1b3419c6585f164aa96da1ff85715d1\"},\"potentialAction\":[{\"@type\":\"SearchAction\",\"target\":{\"@type\":\"EntryPoint\",\"urlTemplate\":\"https:\\\/\\\/shrimataji.org\\\/test\\\/?s={search_term_string}\"},\"query-input\":{\"@type\":\"PropertyValueSpecification\",\"valueRequired\":true,\"valueName\":\"search_term_string\"}}],\"inLanguage\":\"en-US\"},{\"@type\":[\"Person\",\"Organization\"],\"@id\":\"https:\\\/\\\/shrimataji.org\\\/test\\\/#\\\/schema\\\/person\\\/a1b3419c6585f164aa96da1ff85715d1\",\"name\":\"Nirmala Shrivastava\",\"image\":{\"@type\":\"ImageObject\",\"inLanguage\":\"en-US\",\"@id\":\"https:\\\/\\\/shrimataji.org\\\/test\\\/wp-content\\\/uploads\\\/2023\\\/02\\\/SMO_LOGO-03.svg\",\"url\":\"https:\\\/\\\/shrimataji.org\\\/test\\\/wp-content\\\/uploads\\\/2023\\\/02\\\/SMO_LOGO-03.svg\",\"contentUrl\":\"https:\\\/\\\/shrimataji.org\\\/test\\\/wp-content\\\/uploads\\\/2023\\\/02\\\/SMO_LOGO-03.svg\",\"width\":\"1024\",\"height\":\"1024\",\"caption\":\"Nirmala Shrivastava\"},\"logo\":{\"@id\":\"https:\\\/\\\/shrimataji.org\\\/test\\\/wp-content\\\/uploads\\\/2023\\\/02\\\/SMO_LOGO-03.svg\"},\"sameAs\":[\"https:\\\/\\\/shrimataji.org\\\/test\",\"https:\\\/\\\/www.facebook.com\\\/shrimataji\",\"https:\\\/\\\/x.com\\\/shrimataji\",\"https:\\\/\\\/www.youtube.com\\\/@Shri_Mataji_Nirmala_Devi\\\/featured\"]}]}<\/script>\n<!-- \/ Yoast SEO plugin. -->","yoast_head_json":{"title":"\u00d6kol\u00f3gia - TEST - SMND","robots":{"index":"noindex","follow":"follow","max-snippet":"max-snippet:-1","max-image-preview":"max-image-preview:large","max-video-preview":"max-video-preview:-1"},"og_locale":"en_US","og_type":"article","og_title":"\u00d6kol\u00f3gia - TEST - SMND","og_description":"\u00d6kol\u00f3gia Term\u00e9szetes egyens\u00faly Shri Mataji v\u00edzi\u00f3ja, hogy a term\u00e9szet egy olyan F\u00f6ldanya, amely biztos\u00edtja \u00e9s fenntartja az \u00e9letet, egy \u00e9l\u0151l\u00e9ny, akit tisztelni, s\u0151t im\u00e1dni kell. Egyszer elmagyar\u00e1zta, hogyan tan\u00edtott\u00e1k \u0151t \u00e9s testv\u00e9reit &#8211; ahogy minden indiai gyermeket &#8211; arra, hogy reggelente bocs\u00e1natot k\u00e9rjenek a F\u00f6ldany\u00e1t\u00f3l: \u201eMert a l\u00e1bunkkal \u00e9rintett\u00fck \u0151t.&#8221; Shri Mataji k\u00f6zel 40 \u00e9ven&hellip; Read more","og_url":"https:\/\/shrimataji.org\/test\/hu\/ecology\/","og_site_name":"TEST - SMND","article_publisher":"https:\/\/www.facebook.com\/shrimataji","article_modified_time":"2026-04-09T22:01:11+00:00","og_image":[{"width":990,"height":350,"url":"https:\/\/shrimataji.org\/test\/wp-content\/uploads\/2018\/07\/media_originals\/images\/headers-general\/shri-mataji-at-the-krishna-river-in-brahmapuri-india-1985.jpg","type":"image\/jpeg"}],"twitter_card":"summary_large_image","twitter_site":"@shrimataji","twitter_misc":{"Est. reading time":"5 minutes"},"schema":{"@context":"https:\/\/schema.org","@graph":[{"@type":"WebPage","@id":"https:\/\/shrimataji.org\/test\/hu\/ecology\/","url":"https:\/\/shrimataji.org\/test\/hu\/ecology\/","name":"\u00d6kol\u00f3gia - TEST - SMND","isPartOf":{"@id":"https:\/\/shrimataji.org\/test\/#website"},"primaryImageOfPage":{"@id":"https:\/\/shrimataji.org\/test\/hu\/ecology\/#primaryimage"},"image":{"@id":"https:\/\/shrimataji.org\/test\/hu\/ecology\/#primaryimage"},"thumbnailUrl":"https:\/\/shrimataji.org\/test\/wp-content\/uploads\/2018\/07\/media_originals\/images\/headers-general\/shri-mataji-at-the-krishna-river-in-brahmapuri-india-1985.jpg","datePublished":"2011-02-12T02:00:00+00:00","dateModified":"2026-04-09T22:01:11+00:00","breadcrumb":{"@id":"https:\/\/shrimataji.org\/test\/hu\/ecology\/#breadcrumb"},"inLanguage":"en-US","potentialAction":[{"@type":"ReadAction","target":["https:\/\/shrimataji.org\/test\/hu\/ecology\/"]}]},{"@type":"ImageObject","inLanguage":"en-US","@id":"https:\/\/shrimataji.org\/test\/hu\/ecology\/#primaryimage","url":"https:\/\/shrimataji.org\/test\/wp-content\/uploads\/2018\/07\/media_originals\/images\/headers-general\/shri-mataji-at-the-krishna-river-in-brahmapuri-india-1985.jpg","contentUrl":"https:\/\/shrimataji.org\/test\/wp-content\/uploads\/2018\/07\/media_originals\/images\/headers-general\/shri-mataji-at-the-krishna-river-in-brahmapuri-india-1985.jpg","width":990,"height":350},{"@type":"BreadcrumbList","@id":"https:\/\/shrimataji.org\/test\/hu\/ecology\/#breadcrumb","itemListElement":[{"@type":"ListItem","position":1,"name":"Home","item":"https:\/\/shrimataji.org\/test\/uk\/home-en\/"},{"@type":"ListItem","position":2,"name":"\u00d6kol\u00f3gia"}]},{"@type":"WebSite","@id":"https:\/\/shrimataji.org\/test\/#website","url":"https:\/\/shrimataji.org\/test\/","name":"Shri Mataji Nirmala Devi","description":"A Life Dedicated to Humanity","publisher":{"@id":"https:\/\/shrimataji.org\/test\/#\/schema\/person\/a1b3419c6585f164aa96da1ff85715d1"},"potentialAction":[{"@type":"SearchAction","target":{"@type":"EntryPoint","urlTemplate":"https:\/\/shrimataji.org\/test\/?s={search_term_string}"},"query-input":{"@type":"PropertyValueSpecification","valueRequired":true,"valueName":"search_term_string"}}],"inLanguage":"en-US"},{"@type":["Person","Organization"],"@id":"https:\/\/shrimataji.org\/test\/#\/schema\/person\/a1b3419c6585f164aa96da1ff85715d1","name":"Nirmala Shrivastava","image":{"@type":"ImageObject","inLanguage":"en-US","@id":"https:\/\/shrimataji.org\/test\/wp-content\/uploads\/2023\/02\/SMO_LOGO-03.svg","url":"https:\/\/shrimataji.org\/test\/wp-content\/uploads\/2023\/02\/SMO_LOGO-03.svg","contentUrl":"https:\/\/shrimataji.org\/test\/wp-content\/uploads\/2023\/02\/SMO_LOGO-03.svg","width":"1024","height":"1024","caption":"Nirmala Shrivastava"},"logo":{"@id":"https:\/\/shrimataji.org\/test\/wp-content\/uploads\/2023\/02\/SMO_LOGO-03.svg"},"sameAs":["https:\/\/shrimataji.org\/test","https:\/\/www.facebook.com\/shrimataji","https:\/\/x.com\/shrimataji","https:\/\/www.youtube.com\/@Shri_Mataji_Nirmala_Devi\/featured"]}]}},"lang":"hu","translations":{"hu":19459,"ur":37413,"en":416,"am":17984,"th":19920,"sq":18385,"zh":17282,"tr":10149,"pt":10362,"de":10636,"fr":10734,"it":10832,"es":10929,"ja":11226,"ru":11414,"bn":11606,"te":11714,"sw":11837,"he":11985,"el":12276,"sk":12374,"fa":12472,"fi":12570,"bg":13513,"ro":14588,"cs":14781,"nl":16545,"ku":16705,"ar":16881,"be":18592,"kn":18866,"mr":20284,"uk":20576,"ml":20875,"ta":22700,"sv":22973,"gu":28821,"pa":28979,"fil":29419,"da":37727,"pl":37944,"nn":38279},"pll_sync_post":[],"_links":{"self":[{"href":"https:\/\/shrimataji.org\/test\/wp-json\/wp\/v2\/pages\/19459","targetHints":{"allow":["GET"]}}],"collection":[{"href":"https:\/\/shrimataji.org\/test\/wp-json\/wp\/v2\/pages"}],"about":[{"href":"https:\/\/shrimataji.org\/test\/wp-json\/wp\/v2\/types\/page"}],"author":[{"embeddable":true,"href":"https:\/\/shrimataji.org\/test\/wp-json\/wp\/v2\/users\/1"}],"replies":[{"embeddable":true,"href":"https:\/\/shrimataji.org\/test\/wp-json\/wp\/v2\/comments?post=19459"}],"version-history":[{"count":0,"href":"https:\/\/shrimataji.org\/test\/wp-json\/wp\/v2\/pages\/19459\/revisions"}],"wp:featuredmedia":[{"embeddable":true,"href":"https:\/\/shrimataji.org\/test\/wp-json\/wp\/v2\/media\/19194"}],"wp:attachment":[{"href":"https:\/\/shrimataji.org\/test\/wp-json\/wp\/v2\/media?parent=19459"}],"curies":[{"name":"wp","href":"https:\/\/api.w.org\/{rel}","templated":true}]}}