{"id":19463,"date":"2018-07-10T06:54:54","date_gmt":"2018-07-10T06:54:54","guid":{"rendered":"http:\/\/testwordpress.nirmalnagari.org\/smnd\/index.php\/effortless-meditation\/"},"modified":"2026-04-21T19:08:05","modified_gmt":"2026-04-21T19:08:05","slug":"effortless-meditation","status":"publish","type":"page","link":"https:\/\/shrimataji.org\/test\/hu\/effortless-meditation\/","title":{"rendered":"Medit\u00e1ci\u00f3 er\u0151fesz\u00edt\u00e9sek n\u00e9lk\u00fcl"},"content":{"rendered":"\n\n\t<h1>Medit\u00e1ci\u00f3 er\u0151fesz\u00edt\u00e9sek n\u00e9lk\u00fcl<\/h1>\n<h2>R\u00e9szlet a Londonban, 1980. janu\u00e1r 1-j\u00e9n adott tan\u00e1csb\u00f3l<\/h2>\n\t<p>Hasonl\u00f3an j\u00f6nnek a vibr\u00e1ci\u00f3k, sz\u00e9tsug\u00e1roznak. Ilyenkor engedj\u00e9tek \u00e1t magatokat a vibr\u00e1ci\u00f3knak, a legjobb, ha ezt minden er\u0151fesz\u00edt\u00e9s n\u00e9lk\u00fcl teszitek.<\/p>\n<p>Ne agg\u00f3djatok azon, hogy hol van probl\u00e9m\u00e1tok. Egyszer\u0171en nem kell agg\u00f3dnotok. Csak engedj\u00e9tek el, \u00e9s mag\u00e1t\u00f3l fog m\u0171k\u00f6dni. Teh\u00e1t nem kell semmilyen er\u0151fesz\u00edt\u00e9st tennetek. Ez a medit\u00e1ci\u00f3.<\/p>\n<p>A medit\u00e1ci\u00f3 azt jelenti, hogy \u00e1tadj\u00e1tok magatoknak Isten kegyelm\u00e9nek. Maga a kegyelem tudja, hogyan gy\u00f3gy\u00edtson meg, hogyan hozzon rendbe, hogyan tal\u00e1ljon helyet mag\u00e1nak a l\u00e9nyetekben, fel\u00e9bresztve a lelketeket&#8230; mindent tud. Sz\u00f3val nem kell amiatt agg\u00f3dnotok, hogy mit kell tennetek, milyen nevet kell kiejtenetek, milyen mantr\u00e1t kell mondanotok. A medit\u00e1ci\u00f3ban legyetek er\u0151fesz\u00edt\u00e9sek n\u00e9lk\u00fcl, adj\u00e1tok \u00e1t magatokat teljesen \u00e9s ezalatt legyetek teljesen gondolatmentesek.<\/p>\n<p>Ha nem vagytok gondolatmentesek, ekkor csak figyelj\u00e9tek a gondolataitokat, de ne mer\u00fcljetek el a gondolataitokban. \u00c9szreveszitek, ahogy a Nap fokozatosan felkel, \u00fagy a s\u00f6t\u00e9ts\u00e9g elt\u0171nik, \u00e9s a Nap sugarai eljutnak minden reped\u00e9sbe, minden r\u00e9szre, megvil\u00e1g\u00edtva mindent. Ugyan\u00edgy az eg\u00e9sz l\u00e9nyetek megvil\u00e1gosodik, de ha k\u00f6zben er\u0151lk\u00f6dt\u00f6k, vagy megpr\u00f3b\u00e1ltok magatokban valamit meg\u00e1ll\u00edtani, akkor ez nem t\u00f6rt\u00e9nik meg. A k\u00f6nnyeds\u00e9g (az er\u0151fesz\u00edt\u00e9s n\u00e9lk\u00fclis\u00e9g) az egyetlen \u00fat a medit\u00e1ci\u00f3hoz. De nem lehettek letargikusak ezzel kapcsolatban. \u00c9bernek kell lennetek, \u00e9s figyelnetek kell.<\/p>\n<p>Az is el\u0151fordulhat, hogy az emberek egyszer\u0171en elb\u00f3biskolnak. \u00c9bernek kell maradnotok! Ha szundik\u00e1ltok, semmi sem fog m\u0171k\u00f6dni. Ez a m\u00e1sik v\u00e9glet, ha lust\u00e1k vagytok, semmi sem fog m\u0171k\u00f6dni. Legyetek \u00e9berek, nyitottak, teljesen tudat\u00e1ban mindennek, teljesen k\u00f6nnyedek, minden er\u0151lk\u00f6d\u00e9s n\u00e9lk\u00fcl. Akkor fog a medit\u00e1ci\u00f3 legjobban m\u0171k\u00f6dni, ha egy\u00e1ltal\u00e1n nem er\u0151lk\u00f6dt\u00f6k.<\/p>\n\t<p><img loading=\"lazy\" decoding=\"async\" src=\"https:\/\/shrimataji.org\/test\/wp-content\/uploads\/2018\/07\/media_originals\/images\/meditation\/effortless-meditation-and-thoughtless-awareness.jpg\" alt=\"Effortless Meditation and Thoughtless Awareness\" width=\"406\" height=\"272\" align=\"left\" \/><\/p>\n\t<p>Egy\u00e1ltal\u00e1n ne gondoljatok a probl\u00e9m\u00e1itokra. Csak adj\u00e1tok \u00e1t magatokat a vibr\u00e1ci\u00f3knak. Figyelj\u00e9tek meg, amikor a Nap s\u00fct, a term\u00e9szet a Nap fel\u00e9 fordul, k\u00f6nnyeden befogadja a Nap \u00e1ld\u00e1s\u00e1t, nem er\u0151lk\u00f6dik, csak befogadja a Napot. A Nap sugarai elkezdenek m\u0171k\u00f6dni \u00e9s hasonl\u00f3an kezd el m\u0171k\u00f6dni a mindenen \u00e1that\u00f3 er\u0151 is.<\/p>\n<p>Nem nektek kell m\u0171k\u00f6dtetni. Nem kell semmit tennetek. Csak legyetek k\u00f6nnyedek, minden er\u0151fesz\u00edt\u00e9s n\u00e9lk\u00fcliek. Meg fog old\u00f3dni! Addig fog rajta dolgozni, am\u00edg csak lehet, meg fog t\u00f6rt\u00e9nni az a csoda, aminek meg kell t\u00f6rt\u00e9nnie. Nektek nem kell emiatt agg\u00f3dnotok, mert tudja, mi a dolga. De ha er\u0151lk\u00f6dt\u00f6k, val\u00f3j\u00e1ban akad\u00e1lyt g\u00f6rd\u00edtetek az \u00fatj\u00e1ba. Teh\u00e1t nincs sz\u00fcks\u00e9g er\u0151fesz\u00edt\u00e9sre, legyetek k\u00f6nnyedek \u00e9s mondj\u00e1tok: \u201eElengedem, hadd menjen.&#8221; Ennyi az eg\u00e9sz.<\/p>\n\n","protected":false},"excerpt":{"rendered":"<p>Medit\u00e1ci\u00f3 er\u0151fesz\u00edt\u00e9sek n\u00e9lk\u00fcl R\u00e9szlet a Londonban, 1980. janu\u00e1r 1-j\u00e9n adott tan\u00e1csb\u00f3l Hasonl\u00f3an j\u00f6nnek a vibr\u00e1ci\u00f3k, sz\u00e9tsug\u00e1roznak. Ilyenkor engedj\u00e9tek \u00e1t magatokat a vibr\u00e1ci\u00f3knak, a legjobb, ha ezt minden er\u0151fesz\u00edt\u00e9s n\u00e9lk\u00fcl teszitek. Ne agg\u00f3djatok azon, hogy hol van probl\u00e9m\u00e1tok. Egyszer\u0171en nem kell agg\u00f3dnotok. Csak engedj\u00e9tek el, \u00e9s mag\u00e1t\u00f3l fog m\u0171k\u00f6dni. Teh\u00e1t nem kell semmilyen er\u0151fesz\u00edt\u00e9st tennetek. Ez&hellip; <br \/> <a class=\"read-more\" href=\"https:\/\/shrimataji.org\/test\/hu\/effortless-meditation\/\">Read more<\/a><\/p>\n","protected":false},"author":1,"featured_media":19200,"parent":0,"menu_order":0,"comment_status":"closed","ping_status":"closed","template":"","meta":{"inline_featured_image":false,"footnotes":""},"class_list":["post-19463","page","type-page","status-publish","has-post-thumbnail","hentry"],"yoast_head":"<!-- This site is optimized with the Yoast SEO plugin v27.4 - https:\/\/yoast.com\/product\/yoast-seo-wordpress\/ -->\n<title>Medit\u00e1ci\u00f3 er\u0151fesz\u00edt\u00e9sek n\u00e9lk\u00fcl - TEST - SMND<\/title>\n<meta name=\"robots\" content=\"noindex, follow, max-snippet:-1, max-image-preview:large, max-video-preview:-1\" \/>\n<meta property=\"og:locale\" content=\"en_US\" \/>\n<meta property=\"og:type\" content=\"article\" \/>\n<meta property=\"og:title\" content=\"Medit\u00e1ci\u00f3 er\u0151fesz\u00edt\u00e9sek n\u00e9lk\u00fcl - TEST - SMND\" \/>\n<meta property=\"og:description\" content=\"Medit\u00e1ci\u00f3 er\u0151fesz\u00edt\u00e9sek n\u00e9lk\u00fcl R\u00e9szlet a Londonban, 1980. janu\u00e1r 1-j\u00e9n adott tan\u00e1csb\u00f3l Hasonl\u00f3an j\u00f6nnek a vibr\u00e1ci\u00f3k, sz\u00e9tsug\u00e1roznak. Ilyenkor engedj\u00e9tek \u00e1t magatokat a vibr\u00e1ci\u00f3knak, a legjobb, ha ezt minden er\u0151fesz\u00edt\u00e9s n\u00e9lk\u00fcl teszitek. Ne agg\u00f3djatok azon, hogy hol van probl\u00e9m\u00e1tok. Egyszer\u0171en nem kell agg\u00f3dnotok. Csak engedj\u00e9tek el, \u00e9s mag\u00e1t\u00f3l fog m\u0171k\u00f6dni. Teh\u00e1t nem kell semmilyen er\u0151fesz\u00edt\u00e9st tennetek. Ez&hellip; Read more\" \/>\n<meta property=\"og:url\" content=\"https:\/\/shrimataji.org\/test\/hu\/effortless-meditation\/\" \/>\n<meta property=\"og:site_name\" content=\"TEST - SMND\" \/>\n<meta property=\"article:publisher\" content=\"https:\/\/www.facebook.com\/shrimataji\" \/>\n<meta property=\"article:modified_time\" content=\"2026-04-21T19:08:05+00:00\" \/>\n<meta property=\"og:image\" content=\"https:\/\/shrimataji.org\/test\/wp-content\/uploads\/2018\/07\/media_originals\/images\/headers-general\/effortless-sahaja-yoga-meditation.jpg\" \/>\n\t<meta property=\"og:image:width\" content=\"990\" \/>\n\t<meta property=\"og:image:height\" content=\"350\" \/>\n\t<meta property=\"og:image:type\" content=\"image\/jpeg\" \/>\n<meta name=\"twitter:card\" content=\"summary_large_image\" \/>\n<meta name=\"twitter:site\" content=\"@shrimataji\" \/>\n<meta name=\"twitter:label1\" content=\"Est. reading time\" \/>\n\t<meta name=\"twitter:data1\" content=\"2 minutes\" \/>\n<script type=\"application\/ld+json\" class=\"yoast-schema-graph\">{\"@context\":\"https:\\\/\\\/schema.org\",\"@graph\":[{\"@type\":\"WebPage\",\"@id\":\"https:\\\/\\\/shrimataji.org\\\/test\\\/hu\\\/effortless-meditation\\\/\",\"url\":\"https:\\\/\\\/shrimataji.org\\\/test\\\/hu\\\/effortless-meditation\\\/\",\"name\":\"Medit\u00e1ci\u00f3 er\u0151fesz\u00edt\u00e9sek n\u00e9lk\u00fcl - TEST - SMND\",\"isPartOf\":{\"@id\":\"https:\\\/\\\/shrimataji.org\\\/test\\\/#website\"},\"primaryImageOfPage\":{\"@id\":\"https:\\\/\\\/shrimataji.org\\\/test\\\/hu\\\/effortless-meditation\\\/#primaryimage\"},\"image\":{\"@id\":\"https:\\\/\\\/shrimataji.org\\\/test\\\/hu\\\/effortless-meditation\\\/#primaryimage\"},\"thumbnailUrl\":\"https:\\\/\\\/shrimataji.org\\\/test\\\/wp-content\\\/uploads\\\/2018\\\/07\\\/media_originals\\\/images\\\/headers-general\\\/effortless-sahaja-yoga-meditation.jpg\",\"datePublished\":\"2018-07-10T06:54:54+00:00\",\"dateModified\":\"2026-04-21T19:08:05+00:00\",\"breadcrumb\":{\"@id\":\"https:\\\/\\\/shrimataji.org\\\/test\\\/hu\\\/effortless-meditation\\\/#breadcrumb\"},\"inLanguage\":\"en-US\",\"potentialAction\":[{\"@type\":\"ReadAction\",\"target\":[\"https:\\\/\\\/shrimataji.org\\\/test\\\/hu\\\/effortless-meditation\\\/\"]}]},{\"@type\":\"ImageObject\",\"inLanguage\":\"en-US\",\"@id\":\"https:\\\/\\\/shrimataji.org\\\/test\\\/hu\\\/effortless-meditation\\\/#primaryimage\",\"url\":\"https:\\\/\\\/shrimataji.org\\\/test\\\/wp-content\\\/uploads\\\/2018\\\/07\\\/media_originals\\\/images\\\/headers-general\\\/effortless-sahaja-yoga-meditation.jpg\",\"contentUrl\":\"https:\\\/\\\/shrimataji.org\\\/test\\\/wp-content\\\/uploads\\\/2018\\\/07\\\/media_originals\\\/images\\\/headers-general\\\/effortless-sahaja-yoga-meditation.jpg\",\"width\":990,\"height\":350},{\"@type\":\"BreadcrumbList\",\"@id\":\"https:\\\/\\\/shrimataji.org\\\/test\\\/hu\\\/effortless-meditation\\\/#breadcrumb\",\"itemListElement\":[{\"@type\":\"ListItem\",\"position\":1,\"name\":\"Home\",\"item\":\"https:\\\/\\\/shrimataji.org\\\/test\\\/uk\\\/home-en\\\/\"},{\"@type\":\"ListItem\",\"position\":2,\"name\":\"Medit\u00e1ci\u00f3 er\u0151fesz\u00edt\u00e9sek n\u00e9lk\u00fcl\"}]},{\"@type\":\"WebSite\",\"@id\":\"https:\\\/\\\/shrimataji.org\\\/test\\\/#website\",\"url\":\"https:\\\/\\\/shrimataji.org\\\/test\\\/\",\"name\":\"Shri Mataji Nirmala Devi\",\"description\":\"A Life Dedicated to Humanity\",\"publisher\":{\"@id\":\"https:\\\/\\\/shrimataji.org\\\/test\\\/#\\\/schema\\\/person\\\/a1b3419c6585f164aa96da1ff85715d1\"},\"potentialAction\":[{\"@type\":\"SearchAction\",\"target\":{\"@type\":\"EntryPoint\",\"urlTemplate\":\"https:\\\/\\\/shrimataji.org\\\/test\\\/?s={search_term_string}\"},\"query-input\":{\"@type\":\"PropertyValueSpecification\",\"valueRequired\":true,\"valueName\":\"search_term_string\"}}],\"inLanguage\":\"en-US\"},{\"@type\":[\"Person\",\"Organization\"],\"@id\":\"https:\\\/\\\/shrimataji.org\\\/test\\\/#\\\/schema\\\/person\\\/a1b3419c6585f164aa96da1ff85715d1\",\"name\":\"Nirmala Shrivastava\",\"image\":{\"@type\":\"ImageObject\",\"inLanguage\":\"en-US\",\"@id\":\"https:\\\/\\\/shrimataji.org\\\/test\\\/wp-content\\\/uploads\\\/2023\\\/02\\\/SMO_LOGO-03.svg\",\"url\":\"https:\\\/\\\/shrimataji.org\\\/test\\\/wp-content\\\/uploads\\\/2023\\\/02\\\/SMO_LOGO-03.svg\",\"contentUrl\":\"https:\\\/\\\/shrimataji.org\\\/test\\\/wp-content\\\/uploads\\\/2023\\\/02\\\/SMO_LOGO-03.svg\",\"width\":\"1024\",\"height\":\"1024\",\"caption\":\"Nirmala Shrivastava\"},\"logo\":{\"@id\":\"https:\\\/\\\/shrimataji.org\\\/test\\\/wp-content\\\/uploads\\\/2023\\\/02\\\/SMO_LOGO-03.svg\"},\"sameAs\":[\"https:\\\/\\\/shrimataji.org\\\/test\",\"https:\\\/\\\/www.facebook.com\\\/shrimataji\",\"https:\\\/\\\/x.com\\\/shrimataji\",\"https:\\\/\\\/www.youtube.com\\\/@Shri_Mataji_Nirmala_Devi\\\/featured\"]}]}<\/script>\n<!-- \/ Yoast SEO plugin. -->","yoast_head_json":{"title":"Medit\u00e1ci\u00f3 er\u0151fesz\u00edt\u00e9sek n\u00e9lk\u00fcl - TEST - SMND","robots":{"index":"noindex","follow":"follow","max-snippet":"max-snippet:-1","max-image-preview":"max-image-preview:large","max-video-preview":"max-video-preview:-1"},"og_locale":"en_US","og_type":"article","og_title":"Medit\u00e1ci\u00f3 er\u0151fesz\u00edt\u00e9sek n\u00e9lk\u00fcl - TEST - SMND","og_description":"Medit\u00e1ci\u00f3 er\u0151fesz\u00edt\u00e9sek n\u00e9lk\u00fcl R\u00e9szlet a Londonban, 1980. janu\u00e1r 1-j\u00e9n adott tan\u00e1csb\u00f3l Hasonl\u00f3an j\u00f6nnek a vibr\u00e1ci\u00f3k, sz\u00e9tsug\u00e1roznak. Ilyenkor engedj\u00e9tek \u00e1t magatokat a vibr\u00e1ci\u00f3knak, a legjobb, ha ezt minden er\u0151fesz\u00edt\u00e9s n\u00e9lk\u00fcl teszitek. Ne agg\u00f3djatok azon, hogy hol van probl\u00e9m\u00e1tok. Egyszer\u0171en nem kell agg\u00f3dnotok. Csak engedj\u00e9tek el, \u00e9s mag\u00e1t\u00f3l fog m\u0171k\u00f6dni. Teh\u00e1t nem kell semmilyen er\u0151fesz\u00edt\u00e9st tennetek. Ez&hellip; Read more","og_url":"https:\/\/shrimataji.org\/test\/hu\/effortless-meditation\/","og_site_name":"TEST - SMND","article_publisher":"https:\/\/www.facebook.com\/shrimataji","article_modified_time":"2026-04-21T19:08:05+00:00","og_image":[{"width":990,"height":350,"url":"https:\/\/shrimataji.org\/test\/wp-content\/uploads\/2018\/07\/media_originals\/images\/headers-general\/effortless-sahaja-yoga-meditation.jpg","type":"image\/jpeg"}],"twitter_card":"summary_large_image","twitter_site":"@shrimataji","twitter_misc":{"Est. reading time":"2 minutes"},"schema":{"@context":"https:\/\/schema.org","@graph":[{"@type":"WebPage","@id":"https:\/\/shrimataji.org\/test\/hu\/effortless-meditation\/","url":"https:\/\/shrimataji.org\/test\/hu\/effortless-meditation\/","name":"Medit\u00e1ci\u00f3 er\u0151fesz\u00edt\u00e9sek n\u00e9lk\u00fcl - TEST - SMND","isPartOf":{"@id":"https:\/\/shrimataji.org\/test\/#website"},"primaryImageOfPage":{"@id":"https:\/\/shrimataji.org\/test\/hu\/effortless-meditation\/#primaryimage"},"image":{"@id":"https:\/\/shrimataji.org\/test\/hu\/effortless-meditation\/#primaryimage"},"thumbnailUrl":"https:\/\/shrimataji.org\/test\/wp-content\/uploads\/2018\/07\/media_originals\/images\/headers-general\/effortless-sahaja-yoga-meditation.jpg","datePublished":"2018-07-10T06:54:54+00:00","dateModified":"2026-04-21T19:08:05+00:00","breadcrumb":{"@id":"https:\/\/shrimataji.org\/test\/hu\/effortless-meditation\/#breadcrumb"},"inLanguage":"en-US","potentialAction":[{"@type":"ReadAction","target":["https:\/\/shrimataji.org\/test\/hu\/effortless-meditation\/"]}]},{"@type":"ImageObject","inLanguage":"en-US","@id":"https:\/\/shrimataji.org\/test\/hu\/effortless-meditation\/#primaryimage","url":"https:\/\/shrimataji.org\/test\/wp-content\/uploads\/2018\/07\/media_originals\/images\/headers-general\/effortless-sahaja-yoga-meditation.jpg","contentUrl":"https:\/\/shrimataji.org\/test\/wp-content\/uploads\/2018\/07\/media_originals\/images\/headers-general\/effortless-sahaja-yoga-meditation.jpg","width":990,"height":350},{"@type":"BreadcrumbList","@id":"https:\/\/shrimataji.org\/test\/hu\/effortless-meditation\/#breadcrumb","itemListElement":[{"@type":"ListItem","position":1,"name":"Home","item":"https:\/\/shrimataji.org\/test\/uk\/home-en\/"},{"@type":"ListItem","position":2,"name":"Medit\u00e1ci\u00f3 er\u0151fesz\u00edt\u00e9sek n\u00e9lk\u00fcl"}]},{"@type":"WebSite","@id":"https:\/\/shrimataji.org\/test\/#website","url":"https:\/\/shrimataji.org\/test\/","name":"Shri Mataji Nirmala Devi","description":"A Life Dedicated to Humanity","publisher":{"@id":"https:\/\/shrimataji.org\/test\/#\/schema\/person\/a1b3419c6585f164aa96da1ff85715d1"},"potentialAction":[{"@type":"SearchAction","target":{"@type":"EntryPoint","urlTemplate":"https:\/\/shrimataji.org\/test\/?s={search_term_string}"},"query-input":{"@type":"PropertyValueSpecification","valueRequired":true,"valueName":"search_term_string"}}],"inLanguage":"en-US"},{"@type":["Person","Organization"],"@id":"https:\/\/shrimataji.org\/test\/#\/schema\/person\/a1b3419c6585f164aa96da1ff85715d1","name":"Nirmala Shrivastava","image":{"@type":"ImageObject","inLanguage":"en-US","@id":"https:\/\/shrimataji.org\/test\/wp-content\/uploads\/2023\/02\/SMO_LOGO-03.svg","url":"https:\/\/shrimataji.org\/test\/wp-content\/uploads\/2023\/02\/SMO_LOGO-03.svg","contentUrl":"https:\/\/shrimataji.org\/test\/wp-content\/uploads\/2023\/02\/SMO_LOGO-03.svg","width":"1024","height":"1024","caption":"Nirmala Shrivastava"},"logo":{"@id":"https:\/\/shrimataji.org\/test\/wp-content\/uploads\/2023\/02\/SMO_LOGO-03.svg"},"sameAs":["https:\/\/shrimataji.org\/test","https:\/\/www.facebook.com\/shrimataji","https:\/\/x.com\/shrimataji","https:\/\/www.youtube.com\/@Shri_Mataji_Nirmala_Devi\/featured"]}]}},"lang":"hu","translations":{"hu":19463,"ur":37417,"en":451,"am":17988,"th":19926,"sq":18389,"zh":17286,"tr":10151,"pt":10364,"de":10638,"fr":10736,"it":10834,"es":10931,"ja":11228,"ru":11416,"bn":11608,"te":11716,"sw":11839,"he":11987,"el":12278,"sk":12376,"fa":12474,"fi":12572,"bg":13433,"ro":14507,"cs":14700,"nl":16549,"ku":16709,"ar":16885,"be":18596,"kn":18870,"mr":20290,"uk":20582,"ml":20881,"ta":22704,"sv":22977,"gu":28825,"pa":28983,"fil":29423,"da":37731,"pl":37948,"nn":38283},"pll_sync_post":[],"_links":{"self":[{"href":"https:\/\/shrimataji.org\/test\/wp-json\/wp\/v2\/pages\/19463","targetHints":{"allow":["GET"]}}],"collection":[{"href":"https:\/\/shrimataji.org\/test\/wp-json\/wp\/v2\/pages"}],"about":[{"href":"https:\/\/shrimataji.org\/test\/wp-json\/wp\/v2\/types\/page"}],"author":[{"embeddable":true,"href":"https:\/\/shrimataji.org\/test\/wp-json\/wp\/v2\/users\/1"}],"replies":[{"embeddable":true,"href":"https:\/\/shrimataji.org\/test\/wp-json\/wp\/v2\/comments?post=19463"}],"version-history":[{"count":0,"href":"https:\/\/shrimataji.org\/test\/wp-json\/wp\/v2\/pages\/19463\/revisions"}],"wp:featuredmedia":[{"embeddable":true,"href":"https:\/\/shrimataji.org\/test\/wp-json\/wp\/v2\/media\/19200"}],"wp:attachment":[{"href":"https:\/\/shrimataji.org\/test\/wp-json\/wp\/v2\/media?parent=19463"}],"curies":[{"name":"wp","href":"https:\/\/api.w.org\/{rel}","templated":true}]}}