{"id":19465,"date":"2017-09-02T04:00:00","date_gmt":"2017-09-02T04:00:00","guid":{"rendered":"http:\/\/testwordpress.nirmalnagari.org\/smnd\/index.php\/enlightening-encounters\/"},"modified":"2026-04-21T19:18:09","modified_gmt":"2026-04-21T19:18:09","slug":"enlightening-encounters","status":"publish","type":"page","link":"https:\/\/shrimataji.org\/test\/hu\/enlightening-encounters\/","title":{"rendered":"Megvil\u00e1gos\u00edt\u00f3 tal\u00e1lkoz\u00e1sok"},"content":{"rendered":"\n\n\t<h1>Megvil\u00e1gos\u00edt\u00f3 tal\u00e1lkoz\u00e1sok<\/h1>\n<h2>M\u00e9rhetetlen emp\u00e1ti\u00e1ja \u00e9s szeretete az emberis\u00e9g ir\u00e1nt<\/h2>\n\t<h4>Amikor egy angol \u00fajs\u00e1g\u00edr\u00f3 egyszer megk\u00e9rdezte: \u201eVolt m\u00e1r b\u00e1rmilyen csal\u00f3d\u00e1sa?&#8221;, Shri Mataji \u00edgy v\u00e1laszolt: \u201eSem kinevez\u00e9seim, sem csal\u00f3d\u00e1saim nem voltak!&#8221; A besz\u00e9lget\u00e9st k\u00f6vet\u0151 nevet\u00e9s jellemezte Shri Matajival folytatott sz\u00e1mos besz\u00e9lget\u00e9st, amelyek humorosak, szokatlanok voltak \u00e9s gyakran meglep\u0151 fordulatot is vehettek.<\/h4>\n<p>Shri Mataji k\u00e9pes volt felt\u00e1rni \u00f6sszef\u00fcgg\u00e9seket k\u00fcl\u00f6nb\u00f6z\u0151 t\u00e9m\u00e1k k\u00f6z\u00f6tt, amelyeket a legt\u00f6bb ember nem l\u00e1tott meg, \u00e9s ez tette el\u0151ad\u00e1sait \u00e9s t\u00f6rt\u00e9neteit lebilincsel\u0151v\u00e9, elb\u0171v\u00f6l\u0151v\u00e9 \u00e9s eml\u00e9kezetess\u00e9. Shri Mataji t\u00f6bb ezer ilyen el\u0151ad\u00e1st tartott, mindig tanuls\u00e1gosak \u00e9s mindig felvil\u00e1gos\u00edt\u00f3ak voltak. Kib\u0151v\u00edtett \u00fatlevele majdnem egy h\u00fcvelyk vastag volt, benne a sz\u00e1mos orsz\u00e1g pecs\u00e9tj\u00e9vel, amelyeket megl\u00e1togatott, mik\u00f6zben egyetlen \u00f6r\u00f6k sz\u00e1nd\u00e9kkal utazott a vil\u00e1gban: min\u00e9l t\u00f6bb emberhez eljuttatni \u00e9s megadni az \u00f6nmegval\u00f3sul\u00e1st.<\/p>\n<p>Val\u00f3ban t\u00f6bb ezer emberrel tal\u00e1lkozott Shri Mataji, de ezek a tal\u00e1lkoz\u00e1sok nem r\u00f6vid k\u00f6sz\u00f6n\u00e9sek \u00e9s b\u00facs\u00faz\u00e1sok sorozatai voltak. R\u00e1hangol\u00f3dva az el\u0151tte \u00e1ll\u00f3 szem\u00e9lyre, legyen az m\u0171velt, vil\u00e1gi b\u00f6lcs vagy egy szer\u00e9ny falusi, Shri Mataji m\u00e9lyen elmer\u00fclt az adott szem\u00e9ly l\u00e9ny\u00e9ben, mert sz\u00e1m\u00e1ra mindenki sz\u00e1m\u00edtott, mindenkiben megvolt a lehet\u0151s\u00e9g.<\/p>\n<p>Ez a lehet\u0151s\u00e9g inspir\u00e1lta Shri Matajit a munk\u00e1j\u00e1ban. Minden ember adotts\u00e1ga arra, hogy a L\u00e9lekk\u00e9 v\u00e1ljon, hogy kapcsol\u00f3djon, hogy el\u00e9rje az \u00f6nmegval\u00f3sul\u00e1st. Vannak, akik felismert\u00e9k Shri Matajit, m\u00e1sok egyszer\u0171en nem. Ez att\u00f3l f\u00fcg\u00f6tt, hogy mi volt az egy\u00e9n \u00e1llapota \u00e9s att\u00f3l, hogy hol helyezkedett el \u00f6nmaga felismer\u00e9s\u00e9ben, nem pedig att\u00f3l, hogy val\u00f3j\u00e1ban ki volt Shri Mataji. Vannak, akik l\u00e1tt\u00e1k, \u00e9rz\u00e9kelt\u00e9k, k\u00f6zelebb h\u00faz\u00f3dtak hozz\u00e1, m\u00e1sok elfordultak&#8230;<\/p>\n\t<p>\u00c9s ki volt Shri Mataji? Mi volt Shri Mataji? Shri Mataji guru volt. \u00c9s mi is az a guru? &#8211; A guru sz\u00f3nak nagyon konkr\u00e9t jelent\u00e9se van: gu = tudatlans\u00e1g. ru = eloszlat\u00f3. Ez\u00e9rt egy gurunak k\u00e9pesnek kell lennie arra, hogy elt\u00e1vol\u00edtsa a spiritu\u00e1lis tudatlans\u00e1got \u00e9s ill\u00fazi\u00f3t, amely az emberi l\u00e9tet bebor\u00edtja.<\/p>\n<p>Azok k\u00f6z\u00fcl, akik k\u00f6zelebb ker\u00fcltek, sokan \u00fagy \u00e9rezt\u00e9k, hogy Shri Mataji az igazs\u00e1g, a teljes val\u00f3s\u00e1g, az <em>axis mundi<\/em> (a vil\u00e1gmindens\u00e9g tengelye). Egy Isteni Anya, aki olyan tulajdons\u00e1ggal, velesz\u00fcletett k\u00e9pess\u00e9ggel rendelkezett, hogy seg\u00edtsen az embereknek a saj\u00e1t probl\u00e9m\u00e1ik feldolgoz\u00e1s\u00e1ban \u00e9s megold\u00e1s\u00e1ban. A var\u00e1zslata olyan volt, mint egy szeret\u0151 kert\u00e9sz\u00e9, aki kics\u00edr\u00e1ztatja a magokat, amelyek a v\u00e9g\u00e9n az egy\u00e9n kivir\u00e1gz\u00e1s\u00e1hoz \u00e9s gy\u00fcm\u00f6lcs\u00f6z\u0151 \u00e9let\u00e9hez vezetnek.<\/p>\n\t<h5><strong>\u201eRagyog\u00f3 a b\u00f6lcsess\u00e9g \u00e9s nem hervad,<\/strong><\/h5>\n<h5><strong>K\u00f6nnyen felismerik azok, akik szeretik,<\/strong><\/h5>\n<h5><strong>Megtal\u00e1lj\u00e1k azok, akik keresik.<\/strong><\/h5>\n<h5><strong>Sietve megismerteti mag\u00e1t azokkal, akik v\u00e1gynak r\u00e1.<\/strong><\/h5>\n<h5><strong>&#8230;szertej\u00e1r, keresi azokat, akik m\u00e9lt\u00f3k hozz\u00e1,<\/strong><\/h5>\n<h5><strong>\u00c9s kegyesen megjelenik nekik \u00fatjaikon.&#8221;<br \/>\n<\/strong><\/h5>\n<p>&nbsp;<\/p>\n<h5>Salamon b\u00f6lcsess\u00e9ge 6. fejezet 12-17<\/h5>\n\t<p>Az \u00fczenete m\u00e9gis hat\u00e1rozott volt: \u201eL\u00e9gy a saj\u00e1t gurud, v\u00e1lj a L\u00e9lekk\u00e9&#8221;, \u00e9s ez n\u00e9ha egy kicsit nehezebbnek bizonyult. Elsz\u00e1nts\u00e1got \u00e9s fegyelmet ig\u00e9nyelt.<\/p>\n<p>A gyenge \u00e9s sz\u00e9tsz\u00f3rt figyelem, a zavarts\u00e1g, a lustas\u00e1g, az \u00f6nbecs\u00fcl\u00e9s hi\u00e1nya \u00e9s sz\u00e1mtalan m\u00e1s probl\u00e9ma akad\u00e1lyozhatja az egy\u00e9n azon k\u00e9pess\u00e9g\u00e9t \u00e9s elsz\u00e1nts\u00e1g\u00e1t, hogy \u00f6nmag\u00e1n dolgozzon, gondoskodjon mag\u00e1r\u00f3l, \u00e9s teljes m\u00e9rt\u00e9kben kiakn\u00e1zza a mag\u00e1ban rejl\u0151 lehet\u0151s\u00e9geket.<\/p>\n<p>Ebben a folyamatban, mint guru, Shri Mataji tudott t\u00fczes lenni, f\u00e9lelmetes, mint egy tigris, m\u00e9gis anyak\u00e9nt gyeng\u00e9d, t\u00fcrelmes \u00e9s vigasztal\u00f3 volt. Anyai m\u00f3don igyekezett inspir\u00e1lni \u00e9s felemelni az embereket; m\u00e9g akkor is, amikor l\u00e1tta \u0151ket botladozni, k\u00e9szen \u00e1llt arra, hogy kiny\u00fajtsa a kez\u00e9t, \u00e9s ism\u00e9t a helyes \u00fatra seg\u00edtse \u0151ket.<\/p>\n<p>Amikor a figyelm\u00e9ben volt\u00e1l, azt \u00e9rezted, hogy maga az evol\u00faci\u00f3 tart a kez\u00e9ben. Mosolya vigasztal\u00f3 \u00e9s megv\u00e1lt\u00f3 volt. Hangja seg\u00e9lyt \u00e9s tan\u00e1csot k\u00edn\u00e1lt. A v\u00e1laszt\u00e1s mindig az egy\u00e9n sz\u00edv\u00e9ben maradt, hogy megfogadja-e a szavait vagy sem. A meg\u00e9rt\u00e9s k\u00fcl\u00f6nb\u00f6z\u0151 fejl\u0151d\u00e9si f\u00e1zisai k\u00f6vetkezt\u00e9ben, mindenki egyedileg \u00e9lte meg Shri Mataji szem\u00e9lyis\u00e9g\u00e9nek var\u00e1zs\u00e1t.<\/p>\n\t<p>\u00d3ri\u00e1si finoms\u00e1ggal b\u00e1nt az emberekkel. Borotva\u00e9les pontoss\u00e1ggal tudott gyorsan r\u00e1hangol\u00f3dni egy helyzetre, figyelme \u00e1thatolt mindenen, meghallotta, mit mondanak, \u00e9s azt is, amit nem mondtak ki.<\/p>\n\t<p>Nevet\u00e9se rag\u00e1lyos volt, tan\u00fas\u00e1gt\u00e9teli ereje leny\u0171g\u00f6z\u0151, \u00e9s az, ahogy az \u00e9let hull\u00e1mv\u00f6lgyeit \u00e9lvezte pedig felszabad\u00edt\u00f3. Az emberek Shri Matajir\u00f3l val\u00f3 eml\u00e9kei mind ugyanazt az \u00e9rz\u00e9st visszhangozz\u00e1k; a kiv\u00e1lts\u00e1g, a szerencse vagy az isteni \u00e1ld\u00e1s \u00e9rz\u00e9s\u00e9t, hogy valahogyan r\u00e1tal\u00e1ltak Shri Matajira \u00e9s tan\u00edt\u00e1saira.<\/p>\n<p>Shri Mataji betekint\u00e9st \u00e9s b\u00f6lcsess\u00e9get hirdet\u0151 \u00fczenete \u00e1lland\u00f3 \u00e9s v\u00e1ltozatlan marad, ahogy \u0151 maga mondta:<\/p>\n\u201eMeghajlok minden igazs\u00e1gkeres\u0151 el\u0151tt&#8221;<br \/>\n\u201eTe a L\u00e9lek vagy&#8221;<br \/>\n\u201eBenned egy er\u0151 lakozik&#8221;<br \/>\n\u201eL\u00e9gy a saj\u00e1t magad guruja!&#8221;<br \/>\n\u201e\u00c9lvezd!&#8221;<br \/>\n\u201eEl\u00e9rheted az \u00d6nmegval\u00f3sul\u00e1sodat. \u00c9rezheted a h\u0171s szell\u0151t a tenyeredben \u00e9s a fejed felett.&#8221;<br \/>\n\n<p>A \u00fczenet l\u00e9nyege sohasem v\u00e1ltozott. Az egyetlen k\u00e9rd\u00e9s az, hogy h\u00e1nyan hallj\u00e1k meg az \u00fczenet\u00e9t, \u00e9s ragadj\u00e1k meg a lehet\u0151s\u00e9get, hogy felfedezz\u00e9k val\u00f3di \u00e9nj\u00fcket?<\/p>\n<p>Shri Mataji \u00f6r\u00f6ks\u00e9ge azokban \u00e9l, akik hallott\u00e1k az \u00fczenet\u00e9t, sz\u00edv\u00fckre vett\u00e9k aj\u00e1nd\u00e9k\u00e1t, \u00e9lvezik \u00e9s terjesztik a Sahaja J\u00f3g\u00e1t.<\/p>\n<p>Shri Mataji l\u00e9nyeg\u00e9t \u00e9rezz\u00fck a h\u0171v\u00f6s szell\u0151ben a kez\u00fcnkben \u00e9s a fej\u00fcnk felett. Kegyelme gyeng\u00e9den megl\u00e1gy\u00edtja sz\u00edv\u00fcnket, \u00e9s isteni szeretete visszhangzik l\u00e9ny\u00fcnkben.<\/p>\n\n","protected":false},"excerpt":{"rendered":"<p>Megvil\u00e1gos\u00edt\u00f3 tal\u00e1lkoz\u00e1sok M\u00e9rhetetlen emp\u00e1ti\u00e1ja \u00e9s szeretete az emberis\u00e9g ir\u00e1nt Amikor egy angol \u00fajs\u00e1g\u00edr\u00f3 egyszer megk\u00e9rdezte: \u201eVolt m\u00e1r b\u00e1rmilyen csal\u00f3d\u00e1sa?&#8221;, Shri Mataji \u00edgy v\u00e1laszolt: \u201eSem kinevez\u00e9seim, sem csal\u00f3d\u00e1saim nem voltak!&#8221; A besz\u00e9lget\u00e9st k\u00f6vet\u0151 nevet\u00e9s jellemezte Shri Matajival folytatott sz\u00e1mos besz\u00e9lget\u00e9st, amelyek humorosak, szokatlanok voltak \u00e9s gyakran meglep\u0151 fordulatot is vehettek. Shri Mataji k\u00e9pes volt felt\u00e1rni \u00f6sszef\u00fcgg\u00e9seket&hellip; <br \/> <a class=\"read-more\" href=\"https:\/\/shrimataji.org\/test\/hu\/enlightening-encounters\/\">Read more<\/a><\/p>\n","protected":false},"author":1,"featured_media":19203,"parent":0,"menu_order":0,"comment_status":"closed","ping_status":"closed","template":"","meta":{"inline_featured_image":false,"footnotes":""},"class_list":["post-19465","page","type-page","status-publish","has-post-thumbnail","hentry"],"yoast_head":"<!-- This site is optimized with the Yoast SEO plugin v27.4 - https:\/\/yoast.com\/product\/yoast-seo-wordpress\/ -->\n<title>Megvil\u00e1gos\u00edt\u00f3 tal\u00e1lkoz\u00e1sok - TEST - SMND<\/title>\n<meta name=\"robots\" content=\"noindex, follow, max-snippet:-1, max-image-preview:large, max-video-preview:-1\" \/>\n<meta property=\"og:locale\" content=\"en_US\" \/>\n<meta property=\"og:type\" content=\"article\" \/>\n<meta property=\"og:title\" content=\"Megvil\u00e1gos\u00edt\u00f3 tal\u00e1lkoz\u00e1sok - TEST - SMND\" \/>\n<meta property=\"og:description\" content=\"Megvil\u00e1gos\u00edt\u00f3 tal\u00e1lkoz\u00e1sok M\u00e9rhetetlen emp\u00e1ti\u00e1ja \u00e9s szeretete az emberis\u00e9g ir\u00e1nt Amikor egy angol \u00fajs\u00e1g\u00edr\u00f3 egyszer megk\u00e9rdezte: \u201eVolt m\u00e1r b\u00e1rmilyen csal\u00f3d\u00e1sa?&#8221;, Shri Mataji \u00edgy v\u00e1laszolt: \u201eSem kinevez\u00e9seim, sem csal\u00f3d\u00e1saim nem voltak!&#8221; A besz\u00e9lget\u00e9st k\u00f6vet\u0151 nevet\u00e9s jellemezte Shri Matajival folytatott sz\u00e1mos besz\u00e9lget\u00e9st, amelyek humorosak, szokatlanok voltak \u00e9s gyakran meglep\u0151 fordulatot is vehettek. Shri Mataji k\u00e9pes volt felt\u00e1rni \u00f6sszef\u00fcgg\u00e9seket&hellip; Read more\" \/>\n<meta property=\"og:url\" content=\"https:\/\/shrimataji.org\/test\/hu\/enlightening-encounters\/\" \/>\n<meta property=\"og:site_name\" content=\"TEST - SMND\" \/>\n<meta property=\"article:publisher\" content=\"https:\/\/www.facebook.com\/shrimataji\" \/>\n<meta property=\"article:modified_time\" content=\"2026-04-21T19:18:09+00:00\" \/>\n<meta property=\"og:image\" content=\"https:\/\/shrimataji.org\/test\/wp-content\/uploads\/2018\/07\/media_originals\/images\/headers-people\/shri-mataji-nirmala-devi-with-village-people-in-india.jpg\" \/>\n\t<meta property=\"og:image:width\" content=\"990\" \/>\n\t<meta property=\"og:image:height\" content=\"350\" \/>\n\t<meta property=\"og:image:type\" content=\"image\/jpeg\" \/>\n<meta name=\"twitter:card\" content=\"summary_large_image\" \/>\n<meta name=\"twitter:site\" content=\"@shrimataji\" \/>\n<meta name=\"twitter:label1\" content=\"Est. reading time\" \/>\n\t<meta name=\"twitter:data1\" content=\"4 minutes\" \/>\n<script type=\"application\/ld+json\" class=\"yoast-schema-graph\">{\"@context\":\"https:\\\/\\\/schema.org\",\"@graph\":[{\"@type\":\"WebPage\",\"@id\":\"https:\\\/\\\/shrimataji.org\\\/test\\\/hu\\\/enlightening-encounters\\\/\",\"url\":\"https:\\\/\\\/shrimataji.org\\\/test\\\/hu\\\/enlightening-encounters\\\/\",\"name\":\"Megvil\u00e1gos\u00edt\u00f3 tal\u00e1lkoz\u00e1sok - TEST - SMND\",\"isPartOf\":{\"@id\":\"https:\\\/\\\/shrimataji.org\\\/test\\\/#website\"},\"primaryImageOfPage\":{\"@id\":\"https:\\\/\\\/shrimataji.org\\\/test\\\/hu\\\/enlightening-encounters\\\/#primaryimage\"},\"image\":{\"@id\":\"https:\\\/\\\/shrimataji.org\\\/test\\\/hu\\\/enlightening-encounters\\\/#primaryimage\"},\"thumbnailUrl\":\"https:\\\/\\\/shrimataji.org\\\/test\\\/wp-content\\\/uploads\\\/2018\\\/07\\\/media_originals\\\/images\\\/headers-people\\\/shri-mataji-nirmala-devi-with-village-people-in-india.jpg\",\"datePublished\":\"2017-09-02T04:00:00+00:00\",\"dateModified\":\"2026-04-21T19:18:09+00:00\",\"breadcrumb\":{\"@id\":\"https:\\\/\\\/shrimataji.org\\\/test\\\/hu\\\/enlightening-encounters\\\/#breadcrumb\"},\"inLanguage\":\"en-US\",\"potentialAction\":[{\"@type\":\"ReadAction\",\"target\":[\"https:\\\/\\\/shrimataji.org\\\/test\\\/hu\\\/enlightening-encounters\\\/\"]}]},{\"@type\":\"ImageObject\",\"inLanguage\":\"en-US\",\"@id\":\"https:\\\/\\\/shrimataji.org\\\/test\\\/hu\\\/enlightening-encounters\\\/#primaryimage\",\"url\":\"https:\\\/\\\/shrimataji.org\\\/test\\\/wp-content\\\/uploads\\\/2018\\\/07\\\/media_originals\\\/images\\\/headers-people\\\/shri-mataji-nirmala-devi-with-village-people-in-india.jpg\",\"contentUrl\":\"https:\\\/\\\/shrimataji.org\\\/test\\\/wp-content\\\/uploads\\\/2018\\\/07\\\/media_originals\\\/images\\\/headers-people\\\/shri-mataji-nirmala-devi-with-village-people-in-india.jpg\",\"width\":990,\"height\":350},{\"@type\":\"BreadcrumbList\",\"@id\":\"https:\\\/\\\/shrimataji.org\\\/test\\\/hu\\\/enlightening-encounters\\\/#breadcrumb\",\"itemListElement\":[{\"@type\":\"ListItem\",\"position\":1,\"name\":\"Home\",\"item\":\"https:\\\/\\\/shrimataji.org\\\/test\\\/uk\\\/home-en\\\/\"},{\"@type\":\"ListItem\",\"position\":2,\"name\":\"Megvil\u00e1gos\u00edt\u00f3 tal\u00e1lkoz\u00e1sok\"}]},{\"@type\":\"WebSite\",\"@id\":\"https:\\\/\\\/shrimataji.org\\\/test\\\/#website\",\"url\":\"https:\\\/\\\/shrimataji.org\\\/test\\\/\",\"name\":\"Shri Mataji Nirmala Devi\",\"description\":\"A Life Dedicated to Humanity\",\"publisher\":{\"@id\":\"https:\\\/\\\/shrimataji.org\\\/test\\\/#\\\/schema\\\/person\\\/a1b3419c6585f164aa96da1ff85715d1\"},\"potentialAction\":[{\"@type\":\"SearchAction\",\"target\":{\"@type\":\"EntryPoint\",\"urlTemplate\":\"https:\\\/\\\/shrimataji.org\\\/test\\\/?s={search_term_string}\"},\"query-input\":{\"@type\":\"PropertyValueSpecification\",\"valueRequired\":true,\"valueName\":\"search_term_string\"}}],\"inLanguage\":\"en-US\"},{\"@type\":[\"Person\",\"Organization\"],\"@id\":\"https:\\\/\\\/shrimataji.org\\\/test\\\/#\\\/schema\\\/person\\\/a1b3419c6585f164aa96da1ff85715d1\",\"name\":\"Nirmala Shrivastava\",\"image\":{\"@type\":\"ImageObject\",\"inLanguage\":\"en-US\",\"@id\":\"https:\\\/\\\/shrimataji.org\\\/test\\\/wp-content\\\/uploads\\\/2023\\\/02\\\/SMO_LOGO-03.svg\",\"url\":\"https:\\\/\\\/shrimataji.org\\\/test\\\/wp-content\\\/uploads\\\/2023\\\/02\\\/SMO_LOGO-03.svg\",\"contentUrl\":\"https:\\\/\\\/shrimataji.org\\\/test\\\/wp-content\\\/uploads\\\/2023\\\/02\\\/SMO_LOGO-03.svg\",\"width\":\"1024\",\"height\":\"1024\",\"caption\":\"Nirmala Shrivastava\"},\"logo\":{\"@id\":\"https:\\\/\\\/shrimataji.org\\\/test\\\/wp-content\\\/uploads\\\/2023\\\/02\\\/SMO_LOGO-03.svg\"},\"sameAs\":[\"https:\\\/\\\/shrimataji.org\\\/test\",\"https:\\\/\\\/www.facebook.com\\\/shrimataji\",\"https:\\\/\\\/x.com\\\/shrimataji\",\"https:\\\/\\\/www.youtube.com\\\/@Shri_Mataji_Nirmala_Devi\\\/featured\"]}]}<\/script>\n<!-- \/ Yoast SEO plugin. -->","yoast_head_json":{"title":"Megvil\u00e1gos\u00edt\u00f3 tal\u00e1lkoz\u00e1sok - TEST - SMND","robots":{"index":"noindex","follow":"follow","max-snippet":"max-snippet:-1","max-image-preview":"max-image-preview:large","max-video-preview":"max-video-preview:-1"},"og_locale":"en_US","og_type":"article","og_title":"Megvil\u00e1gos\u00edt\u00f3 tal\u00e1lkoz\u00e1sok - TEST - SMND","og_description":"Megvil\u00e1gos\u00edt\u00f3 tal\u00e1lkoz\u00e1sok M\u00e9rhetetlen emp\u00e1ti\u00e1ja \u00e9s szeretete az emberis\u00e9g ir\u00e1nt Amikor egy angol \u00fajs\u00e1g\u00edr\u00f3 egyszer megk\u00e9rdezte: \u201eVolt m\u00e1r b\u00e1rmilyen csal\u00f3d\u00e1sa?&#8221;, Shri Mataji \u00edgy v\u00e1laszolt: \u201eSem kinevez\u00e9seim, sem csal\u00f3d\u00e1saim nem voltak!&#8221; A besz\u00e9lget\u00e9st k\u00f6vet\u0151 nevet\u00e9s jellemezte Shri Matajival folytatott sz\u00e1mos besz\u00e9lget\u00e9st, amelyek humorosak, szokatlanok voltak \u00e9s gyakran meglep\u0151 fordulatot is vehettek. Shri Mataji k\u00e9pes volt felt\u00e1rni \u00f6sszef\u00fcgg\u00e9seket&hellip; Read more","og_url":"https:\/\/shrimataji.org\/test\/hu\/enlightening-encounters\/","og_site_name":"TEST - SMND","article_publisher":"https:\/\/www.facebook.com\/shrimataji","article_modified_time":"2026-04-21T19:18:09+00:00","og_image":[{"width":990,"height":350,"url":"https:\/\/shrimataji.org\/test\/wp-content\/uploads\/2018\/07\/media_originals\/images\/headers-people\/shri-mataji-nirmala-devi-with-village-people-in-india.jpg","type":"image\/jpeg"}],"twitter_card":"summary_large_image","twitter_site":"@shrimataji","twitter_misc":{"Est. reading time":"4 minutes"},"schema":{"@context":"https:\/\/schema.org","@graph":[{"@type":"WebPage","@id":"https:\/\/shrimataji.org\/test\/hu\/enlightening-encounters\/","url":"https:\/\/shrimataji.org\/test\/hu\/enlightening-encounters\/","name":"Megvil\u00e1gos\u00edt\u00f3 tal\u00e1lkoz\u00e1sok - TEST - SMND","isPartOf":{"@id":"https:\/\/shrimataji.org\/test\/#website"},"primaryImageOfPage":{"@id":"https:\/\/shrimataji.org\/test\/hu\/enlightening-encounters\/#primaryimage"},"image":{"@id":"https:\/\/shrimataji.org\/test\/hu\/enlightening-encounters\/#primaryimage"},"thumbnailUrl":"https:\/\/shrimataji.org\/test\/wp-content\/uploads\/2018\/07\/media_originals\/images\/headers-people\/shri-mataji-nirmala-devi-with-village-people-in-india.jpg","datePublished":"2017-09-02T04:00:00+00:00","dateModified":"2026-04-21T19:18:09+00:00","breadcrumb":{"@id":"https:\/\/shrimataji.org\/test\/hu\/enlightening-encounters\/#breadcrumb"},"inLanguage":"en-US","potentialAction":[{"@type":"ReadAction","target":["https:\/\/shrimataji.org\/test\/hu\/enlightening-encounters\/"]}]},{"@type":"ImageObject","inLanguage":"en-US","@id":"https:\/\/shrimataji.org\/test\/hu\/enlightening-encounters\/#primaryimage","url":"https:\/\/shrimataji.org\/test\/wp-content\/uploads\/2018\/07\/media_originals\/images\/headers-people\/shri-mataji-nirmala-devi-with-village-people-in-india.jpg","contentUrl":"https:\/\/shrimataji.org\/test\/wp-content\/uploads\/2018\/07\/media_originals\/images\/headers-people\/shri-mataji-nirmala-devi-with-village-people-in-india.jpg","width":990,"height":350},{"@type":"BreadcrumbList","@id":"https:\/\/shrimataji.org\/test\/hu\/enlightening-encounters\/#breadcrumb","itemListElement":[{"@type":"ListItem","position":1,"name":"Home","item":"https:\/\/shrimataji.org\/test\/uk\/home-en\/"},{"@type":"ListItem","position":2,"name":"Megvil\u00e1gos\u00edt\u00f3 tal\u00e1lkoz\u00e1sok"}]},{"@type":"WebSite","@id":"https:\/\/shrimataji.org\/test\/#website","url":"https:\/\/shrimataji.org\/test\/","name":"Shri Mataji Nirmala Devi","description":"A Life Dedicated to Humanity","publisher":{"@id":"https:\/\/shrimataji.org\/test\/#\/schema\/person\/a1b3419c6585f164aa96da1ff85715d1"},"potentialAction":[{"@type":"SearchAction","target":{"@type":"EntryPoint","urlTemplate":"https:\/\/shrimataji.org\/test\/?s={search_term_string}"},"query-input":{"@type":"PropertyValueSpecification","valueRequired":true,"valueName":"search_term_string"}}],"inLanguage":"en-US"},{"@type":["Person","Organization"],"@id":"https:\/\/shrimataji.org\/test\/#\/schema\/person\/a1b3419c6585f164aa96da1ff85715d1","name":"Nirmala Shrivastava","image":{"@type":"ImageObject","inLanguage":"en-US","@id":"https:\/\/shrimataji.org\/test\/wp-content\/uploads\/2023\/02\/SMO_LOGO-03.svg","url":"https:\/\/shrimataji.org\/test\/wp-content\/uploads\/2023\/02\/SMO_LOGO-03.svg","contentUrl":"https:\/\/shrimataji.org\/test\/wp-content\/uploads\/2023\/02\/SMO_LOGO-03.svg","width":"1024","height":"1024","caption":"Nirmala Shrivastava"},"logo":{"@id":"https:\/\/shrimataji.org\/test\/wp-content\/uploads\/2023\/02\/SMO_LOGO-03.svg"},"sameAs":["https:\/\/shrimataji.org\/test","https:\/\/www.facebook.com\/shrimataji","https:\/\/x.com\/shrimataji","https:\/\/www.youtube.com\/@Shri_Mataji_Nirmala_Devi\/featured"]}]}},"lang":"hu","translations":{"hu":19465,"ur":37419,"en":435,"am":17990,"th":19929,"sq":18391,"zh":17288,"tr":10152,"pt":10365,"de":10639,"fr":10737,"it":10835,"es":10932,"ja":11229,"ru":11417,"bn":11609,"te":11717,"sw":11840,"he":11988,"el":12279,"sk":12377,"fa":12475,"fi":12573,"bg":13485,"ro":14560,"cs":14753,"nl":16551,"ku":16711,"ar":16887,"be":18598,"kn":18872,"mr":20293,"uk":20585,"ml":20884,"ta":22706,"sv":22979,"gu":28827,"pa":28985,"fil":29425,"da":37733,"pl":37950,"nn":38285},"pll_sync_post":[],"_links":{"self":[{"href":"https:\/\/shrimataji.org\/test\/wp-json\/wp\/v2\/pages\/19465","targetHints":{"allow":["GET"]}}],"collection":[{"href":"https:\/\/shrimataji.org\/test\/wp-json\/wp\/v2\/pages"}],"about":[{"href":"https:\/\/shrimataji.org\/test\/wp-json\/wp\/v2\/types\/page"}],"author":[{"embeddable":true,"href":"https:\/\/shrimataji.org\/test\/wp-json\/wp\/v2\/users\/1"}],"replies":[{"embeddable":true,"href":"https:\/\/shrimataji.org\/test\/wp-json\/wp\/v2\/comments?post=19465"}],"version-history":[{"count":0,"href":"https:\/\/shrimataji.org\/test\/wp-json\/wp\/v2\/pages\/19465\/revisions"}],"wp:featuredmedia":[{"embeddable":true,"href":"https:\/\/shrimataji.org\/test\/wp-json\/wp\/v2\/media\/19203"}],"wp:attachment":[{"href":"https:\/\/shrimataji.org\/test\/wp-json\/wp\/v2\/media?parent=19465"}],"curies":[{"name":"wp","href":"https:\/\/api.w.org\/{rel}","templated":true}]}}