{"id":19467,"date":"2022-01-29T09:41:42","date_gmt":"2022-01-29T09:41:42","guid":{"rendered":"https:\/\/test.shrimataji.org\/?page_id=6385"},"modified":"2026-04-11T10:06:39","modified_gmt":"2026-04-11T10:06:39","slug":"establishing-balance","status":"publish","type":"page","link":"https:\/\/shrimataji.org\/test\/hu\/establishing-balance\/","title":{"rendered":"Az egyens\u00faly megteremt\u00e9se"},"content":{"rendered":"\n\n\t<h1>Az egyens\u00faly megteremt\u00e9se<\/h1>\n<h2>Az \u00e9let Yinje \u00e9s Yangja<\/h2>\n<div class=\"su-quote su-quote-style-default\"><div class=\"su-quote-inner su-u-clearfix su-u-trim\"> Ez az \u00f6kol\u00f3giai probl\u00e9ma megoldhat\u00f3, amint az emberis\u00e9g \u00e1talakul \u00e9s megtal\u00e1lja az egyens\u00faly\u00e1t. Mivel mi magunk sem vagyunk egyens\u00falyban, ez\u00e9rt borult fel a term\u00e9szet egyens\u00falya is. <\/div><\/div>\n<p>A mai felgyorsult vil\u00e1g sz\u00e1mos kih\u00edv\u00e1st hoz mind az egy\u00e9n, mind a vil\u00e1gszint\u0171 probl\u00e9m\u00e1kkal k\u00fczd\u0151 glob\u00e1lis t\u00e1rsadalom b\u00e9k\u00e9s l\u00e9te sz\u00e1m\u00e1ra. Az \u00e9ghajlatv\u00e1ltoz\u00e1s, a gazdas\u00e1gi \u00e9s t\u00e1rsadalmi egyens\u00faly hi\u00e1nya mind az emberi tudatunkban rejl\u0151 m\u00e9ly konfliktusok t\u00fcnetei, amelyeket nem tudunk puszt\u00e1n k\u00fcls\u0151 megold\u00e1sok keres\u00e9s\u00e9vel megoldani. A l\u00e9tez\u00e9s\u00fcnk val\u00f3di \u00e9rtelm\u00e9nek ismerete n\u00e9lk\u00fcl paradox m\u00f3don tov\u00e1bbra is k\u00fcls\u0151 megold\u00e1sokat keres\u00fcnk a probl\u00e9m\u00e1inkra an\u00e9lk\u00fcl, hogy m\u00e9lyen \u00f6nmagunkba n\u00e9zn\u00e9nk. Ha kapcsolatba tudunk l\u00e9pni bels\u0151 term\u00e9szet\u00fcnkkel, akkor meg el tudjuk \u00e9rni azt a forr\u00e1st, amely a megold\u00e1sokat k\u00edn\u00e1lja.<\/p>\n<h4>Ahhoz, hogy megtal\u00e1ljuk a k\u00f6z\u00e9ps\u0151 utat, tiszt\u00e1ban kell lenn\u00fcnk saj\u00e1t bels\u0151 finom egyens\u00falyunkkal. Szem\u00e9lyis\u00e9g\u00fcnket a n\u0151i (Yin) \u00e9s a f\u00e9rfi (Yang) archet\u00edpusok form\u00e1lj\u00e1k, amik \u00e9rzelmeink, v\u00e1gyaink \u00e9s tetteink term\u00e9szet\u00e9ben fejez\u0151dnek ki, ezek pedig befoly\u00e1solj\u00e1k a bal \u00e9s jobb oldali csatorn\u00e1ink energiaegyens\u00faly\u00e1t. \u00c9letm\u00f3dunkban mutatkoz\u00f3 t\u00falz\u00f3 viselked\u00e9sek felbor\u00edtj\u00e1k ezt a term\u00e9szetes egyens\u00falyt, ami fizikai, ment\u00e1lis \u00e9s \u00e9rzelmi probl\u00e9m\u00e1kat okozhat.<\/h4>\n<p>A Sahaja J\u00f3ga medit\u00e1ci\u00f3 bevezet minket egy \u00faj \u00e1llapotba, a gondolatmentes tudatoss\u00e1g \u00e1llapot\u00e1ba. Ebben a m\u00e9ly csendben megtal\u00e1ljuk a helyes utat \u00f6nmagunk, embert\u00e1rsaink \u00e9s t\u00e1rsadalmunk sz\u00e1m\u00e1ra. Minden spont\u00e1n m\u00f3don bontakozik ki, felt\u00e1rva egy teljesen \u00faj vil\u00e1got, amely t\u00falmutat a k\u00e9pzelet\u00fcnk\u00f6n.<\/p>\n<h5>\u201eMi csak t\u00fckr\u00f6zz\u00fck a vil\u00e1got. A k\u00fclvil\u00e1gban jelenl\u00e9v\u0151 \u00f6sszes tendencia megtal\u00e1lhat\u00f3 a test\u00fcnk vil\u00e1g\u00e1ban. Ha k\u00e9pesek lenn\u00e9nk megv\u00e1ltoztatni magunkat, akkor a vil\u00e1g tendenci\u00e1i is megv\u00e1ltozn\u00e1nak. Ahogy az ember megv\u00e1ltoztatja saj\u00e1t term\u00e9szet\u00e9t, \u00fagy v\u00e1ltozik meg fel\u00e9 a vil\u00e1g hozz\u00e1\u00e1ll\u00e1sa is. Ez a legf\u0151bb isteni miszt\u00e9rium. Csod\u00e1latos dolog ez, \u00e9s boldogs\u00e1gunk forr\u00e1sa. Nem kell arra v\u00e1rnunk, hogy m\u00e1sok mit tesznek.&#8221;<\/h5>\n<h5>Mahatma Gandhi<\/h5>\n<p>A Sahaja J\u00f3ga medit\u00e1ci\u00f3 egyed\u00fcl\u00e1ll\u00f3 lehet\u0151s\u00e9get k\u00edn\u00e1l arra, hogy elm\u00e9ly\u00edts\u00fck spiritu\u00e1lis \u00e9lm\u00e9nyeinket az elm\u00e9nken t\u00fali birodalomban. Ez egy b\u00e9k\u00e9s id\u0151szak, amikor val\u00f3ban elt\u00e1volodhatunk a gondolatok zaj\u00e1t\u00f3l. Azokt\u00f3l a gondolatokt\u00f3l, hogy mi fog t\u00f6rt\u00e9nni, vagy mi t\u00f6rt\u00e9nt m\u00e1r. A gondolatmentes tudatoss\u00e1g lehet\u0151v\u00e9 teszi sz\u00e1munkra, hogy a jelen pillanatra koncentr\u00e1ljunk, ami elengedhetetlen ahhoz, hogy b\u00e9k\u00e9sen kezelj\u00fck az \u00e9let b\u00e1rmely helyzet\u00e9t.<\/p>\n<div class=\"epyt-video-wrapper\"><div  data-ep-a=\"fadeIn\"  style=\"display: block; margin: 0px auto;\"  id=\"_ytid_45326\"  width=\"3840\" height=\"2160\"  data-origwidth=\"3840\" data-origheight=\"2160\" data-facadesrc=\"https:\/\/www.youtube.com\/embed\/vM4CGusCUAk?enablejsapi=1&autoplay=0&cc_load_policy=0&cc_lang_pref=&iv_load_policy=1&loop=0&rel=0&fs=1&playsinline=1&autohide=2&theme=dark&color=red&controls=1&disablekb=0&\" class=\"__youtube_prefs__ epyt-facade  no-lazyload\" data-epautoplay=\"1\" ><img decoding=\"async\" data-spai-excluded=\"true\" class=\"epyt-facade-poster skip-lazy\" loading=\"lazy\"  alt=\"YouTube player\"  src=\"https:\/\/i.ytimg.com\/vi\/vM4CGusCUAk\/maxresdefault.jpg\"  \/><button class=\"epyt-facade-play\" aria-label=\"Play\"><svg data-no-lazy=\"1\" height=\"100%\" version=\"1.1\" viewBox=\"0 0 68 48\" width=\"100%\"><path class=\"ytp-large-play-button-bg\" d=\"M66.52,7.74c-0.78-2.93-2.49-5.41-5.42-6.19C55.79,.13,34,0,34,0S12.21,.13,6.9,1.55 C3.97,2.33,2.27,4.81,1.48,7.74C0.06,13.05,0,24,0,24s0.06,10.95,1.48,16.26c0.78,2.93,2.49,5.41,5.42,6.19 C12.21,47.87,34,48,34,48s21.79-0.13,27.1-1.55c2.93-0.78,4.64-3.26,5.42-6.19C67.94,34.95,68,24,68,24S67.94,13.05,66.52,7.74z\" fill=\"#f00\"><\/path><path d=\"M 45,24 27,14 27,34\" fill=\"#fff\"><\/path><\/svg><\/button><\/div><\/div><span itemprop=\"video\" itemscope itemtype=\"http:\/\/schema.org\/VideoObject\"><meta itemprop=\"embedUrl\" content=\"https:\/\/www.youtube.com\/embed\/vM4CGusCUAk\"><meta itemprop=\"name\" content=\"Establishing balance\"><meta itemprop=\"description\" content=\"YouTube video\"><meta itemprop=\"thumbnailUrl\" content=\"https:\/\/i.ytimg.com\/vi\/vM4CGusCUAk\/0.jpg\"><meta itemprop=\"duration\" content=\"PT2M40S\"><meta itemprop=\"uploadDate\" content=\"2022-11-12T03:29:52Z\"><\/span>\n\t<div class=\"su-quote su-quote-style-default\"><div class=\"su-quote-inner su-u-clearfix su-u-trim\">\n<p>K\u00e9sz\u00fcljetek fel, tal\u00e1lj\u00e1tok meg az egyens\u00falyt \u00e9s fejl\u0151djetek. V\u00e1ljatok nagyszer\u0171 emberekk\u00e9.<\/p>\n<\/div><\/div>\n\n","protected":false},"excerpt":{"rendered":"<p>Az egyens\u00faly megteremt\u00e9se Az \u00e9let Yinje \u00e9s Yangja A mai felgyorsult vil\u00e1g sz\u00e1mos kih\u00edv\u00e1st hoz mind az egy\u00e9n, mind a vil\u00e1gszint\u0171 probl\u00e9m\u00e1kkal k\u00fczd\u0151 glob\u00e1lis t\u00e1rsadalom b\u00e9k\u00e9s l\u00e9te sz\u00e1m\u00e1ra. Az \u00e9ghajlatv\u00e1ltoz\u00e1s, a gazdas\u00e1gi \u00e9s t\u00e1rsadalmi egyens\u00faly hi\u00e1nya mind az emberi tudatunkban rejl\u0151 m\u00e9ly konfliktusok t\u00fcnetei, amelyeket nem tudunk puszt\u00e1n k\u00fcls\u0151 megold\u00e1sok keres\u00e9s\u00e9vel megoldani. A l\u00e9tez\u00e9s\u00fcnk val\u00f3di&hellip; <br \/> <a class=\"read-more\" href=\"https:\/\/shrimataji.org\/test\/hu\/establishing-balance\/\">Read more<\/a><\/p>\n","protected":false},"author":1,"featured_media":19207,"parent":0,"menu_order":0,"comment_status":"closed","ping_status":"closed","template":"","meta":{"inline_featured_image":false,"footnotes":""},"class_list":["post-19467","page","type-page","status-publish","has-post-thumbnail","hentry"],"yoast_head":"<!-- This site is optimized with the Yoast SEO plugin v27.4 - https:\/\/yoast.com\/product\/yoast-seo-wordpress\/ -->\n<title>Az egyens\u00faly megteremt\u00e9se - TEST - SMND<\/title>\n<meta name=\"robots\" content=\"noindex, follow, max-snippet:-1, max-image-preview:large, max-video-preview:-1\" \/>\n<meta property=\"og:locale\" content=\"en_US\" \/>\n<meta property=\"og:type\" content=\"article\" \/>\n<meta property=\"og:title\" content=\"Az egyens\u00faly megteremt\u00e9se - TEST - SMND\" \/>\n<meta property=\"og:description\" content=\"Az egyens\u00faly megteremt\u00e9se Az \u00e9let Yinje \u00e9s Yangja A mai felgyorsult vil\u00e1g sz\u00e1mos kih\u00edv\u00e1st hoz mind az egy\u00e9n, mind a vil\u00e1gszint\u0171 probl\u00e9m\u00e1kkal k\u00fczd\u0151 glob\u00e1lis t\u00e1rsadalom b\u00e9k\u00e9s l\u00e9te sz\u00e1m\u00e1ra. Az \u00e9ghajlatv\u00e1ltoz\u00e1s, a gazdas\u00e1gi \u00e9s t\u00e1rsadalmi egyens\u00faly hi\u00e1nya mind az emberi tudatunkban rejl\u0151 m\u00e9ly konfliktusok t\u00fcnetei, amelyeket nem tudunk puszt\u00e1n k\u00fcls\u0151 megold\u00e1sok keres\u00e9s\u00e9vel megoldani. A l\u00e9tez\u00e9s\u00fcnk val\u00f3di&hellip; Read more\" \/>\n<meta property=\"og:url\" content=\"https:\/\/shrimataji.org\/test\/hu\/establishing-balance\/\" \/>\n<meta property=\"og:site_name\" content=\"TEST - SMND\" \/>\n<meta property=\"article:publisher\" content=\"https:\/\/www.facebook.com\/shrimataji\" \/>\n<meta property=\"article:modified_time\" content=\"2026-04-11T10:06:39+00:00\" \/>\n<meta property=\"og:image\" content=\"https:\/\/shrimataji.org\/test\/wp-content\/uploads\/2023\/03\/25_Banner-SY-Balance-scaled.jpg\" \/>\n\t<meta property=\"og:image:width\" content=\"2560\" \/>\n\t<meta property=\"og:image:height\" content=\"905\" \/>\n\t<meta property=\"og:image:type\" content=\"image\/jpeg\" \/>\n<meta name=\"twitter:card\" content=\"summary_large_image\" \/>\n<meta name=\"twitter:site\" content=\"@shrimataji\" \/>\n<meta name=\"twitter:label1\" content=\"Est. reading time\" \/>\n\t<meta name=\"twitter:data1\" content=\"2 minutes\" \/>\n<script type=\"application\/ld+json\" class=\"yoast-schema-graph\">{\"@context\":\"https:\\\/\\\/schema.org\",\"@graph\":[{\"@type\":\"WebPage\",\"@id\":\"https:\\\/\\\/shrimataji.org\\\/test\\\/hu\\\/establishing-balance\\\/\",\"url\":\"https:\\\/\\\/shrimataji.org\\\/test\\\/hu\\\/establishing-balance\\\/\",\"name\":\"Az egyens\u00faly megteremt\u00e9se - TEST - SMND\",\"isPartOf\":{\"@id\":\"https:\\\/\\\/shrimataji.org\\\/test\\\/#website\"},\"primaryImageOfPage\":{\"@id\":\"https:\\\/\\\/shrimataji.org\\\/test\\\/hu\\\/establishing-balance\\\/#primaryimage\"},\"image\":{\"@id\":\"https:\\\/\\\/shrimataji.org\\\/test\\\/hu\\\/establishing-balance\\\/#primaryimage\"},\"thumbnailUrl\":\"https:\\\/\\\/shrimataji.org\\\/test\\\/wp-content\\\/uploads\\\/2023\\\/03\\\/25_Banner-SY-Balance-scaled.jpg\",\"datePublished\":\"2022-01-29T09:41:42+00:00\",\"dateModified\":\"2026-04-11T10:06:39+00:00\",\"breadcrumb\":{\"@id\":\"https:\\\/\\\/shrimataji.org\\\/test\\\/hu\\\/establishing-balance\\\/#breadcrumb\"},\"inLanguage\":\"en-US\",\"potentialAction\":[{\"@type\":\"ReadAction\",\"target\":[\"https:\\\/\\\/shrimataji.org\\\/test\\\/hu\\\/establishing-balance\\\/\"]}]},{\"@type\":\"ImageObject\",\"inLanguage\":\"en-US\",\"@id\":\"https:\\\/\\\/shrimataji.org\\\/test\\\/hu\\\/establishing-balance\\\/#primaryimage\",\"url\":\"https:\\\/\\\/shrimataji.org\\\/test\\\/wp-content\\\/uploads\\\/2023\\\/03\\\/25_Banner-SY-Balance-scaled.jpg\",\"contentUrl\":\"https:\\\/\\\/shrimataji.org\\\/test\\\/wp-content\\\/uploads\\\/2023\\\/03\\\/25_Banner-SY-Balance-scaled.jpg\",\"width\":2560,\"height\":905},{\"@type\":\"BreadcrumbList\",\"@id\":\"https:\\\/\\\/shrimataji.org\\\/test\\\/hu\\\/establishing-balance\\\/#breadcrumb\",\"itemListElement\":[{\"@type\":\"ListItem\",\"position\":1,\"name\":\"Home\",\"item\":\"https:\\\/\\\/shrimataji.org\\\/test\\\/uk\\\/home-en\\\/\"},{\"@type\":\"ListItem\",\"position\":2,\"name\":\"Az egyens\u00faly megteremt\u00e9se\"}]},{\"@type\":\"WebSite\",\"@id\":\"https:\\\/\\\/shrimataji.org\\\/test\\\/#website\",\"url\":\"https:\\\/\\\/shrimataji.org\\\/test\\\/\",\"name\":\"Shri Mataji Nirmala Devi\",\"description\":\"A Life Dedicated to Humanity\",\"publisher\":{\"@id\":\"https:\\\/\\\/shrimataji.org\\\/test\\\/#\\\/schema\\\/person\\\/a1b3419c6585f164aa96da1ff85715d1\"},\"potentialAction\":[{\"@type\":\"SearchAction\",\"target\":{\"@type\":\"EntryPoint\",\"urlTemplate\":\"https:\\\/\\\/shrimataji.org\\\/test\\\/?s={search_term_string}\"},\"query-input\":{\"@type\":\"PropertyValueSpecification\",\"valueRequired\":true,\"valueName\":\"search_term_string\"}}],\"inLanguage\":\"en-US\"},{\"@type\":[\"Person\",\"Organization\"],\"@id\":\"https:\\\/\\\/shrimataji.org\\\/test\\\/#\\\/schema\\\/person\\\/a1b3419c6585f164aa96da1ff85715d1\",\"name\":\"Nirmala Shrivastava\",\"image\":{\"@type\":\"ImageObject\",\"inLanguage\":\"en-US\",\"@id\":\"https:\\\/\\\/shrimataji.org\\\/test\\\/wp-content\\\/uploads\\\/2023\\\/02\\\/SMO_LOGO-03.svg\",\"url\":\"https:\\\/\\\/shrimataji.org\\\/test\\\/wp-content\\\/uploads\\\/2023\\\/02\\\/SMO_LOGO-03.svg\",\"contentUrl\":\"https:\\\/\\\/shrimataji.org\\\/test\\\/wp-content\\\/uploads\\\/2023\\\/02\\\/SMO_LOGO-03.svg\",\"width\":\"1024\",\"height\":\"1024\",\"caption\":\"Nirmala Shrivastava\"},\"logo\":{\"@id\":\"https:\\\/\\\/shrimataji.org\\\/test\\\/wp-content\\\/uploads\\\/2023\\\/02\\\/SMO_LOGO-03.svg\"},\"sameAs\":[\"https:\\\/\\\/shrimataji.org\\\/test\",\"https:\\\/\\\/www.facebook.com\\\/shrimataji\",\"https:\\\/\\\/x.com\\\/shrimataji\",\"https:\\\/\\\/www.youtube.com\\\/@Shri_Mataji_Nirmala_Devi\\\/featured\"]}]}<\/script>\n<!-- \/ Yoast SEO plugin. -->","yoast_head_json":{"title":"Az egyens\u00faly megteremt\u00e9se - TEST - SMND","robots":{"index":"noindex","follow":"follow","max-snippet":"max-snippet:-1","max-image-preview":"max-image-preview:large","max-video-preview":"max-video-preview:-1"},"og_locale":"en_US","og_type":"article","og_title":"Az egyens\u00faly megteremt\u00e9se - TEST - SMND","og_description":"Az egyens\u00faly megteremt\u00e9se Az \u00e9let Yinje \u00e9s Yangja A mai felgyorsult vil\u00e1g sz\u00e1mos kih\u00edv\u00e1st hoz mind az egy\u00e9n, mind a vil\u00e1gszint\u0171 probl\u00e9m\u00e1kkal k\u00fczd\u0151 glob\u00e1lis t\u00e1rsadalom b\u00e9k\u00e9s l\u00e9te sz\u00e1m\u00e1ra. Az \u00e9ghajlatv\u00e1ltoz\u00e1s, a gazdas\u00e1gi \u00e9s t\u00e1rsadalmi egyens\u00faly hi\u00e1nya mind az emberi tudatunkban rejl\u0151 m\u00e9ly konfliktusok t\u00fcnetei, amelyeket nem tudunk puszt\u00e1n k\u00fcls\u0151 megold\u00e1sok keres\u00e9s\u00e9vel megoldani. A l\u00e9tez\u00e9s\u00fcnk val\u00f3di&hellip; Read more","og_url":"https:\/\/shrimataji.org\/test\/hu\/establishing-balance\/","og_site_name":"TEST - SMND","article_publisher":"https:\/\/www.facebook.com\/shrimataji","article_modified_time":"2026-04-11T10:06:39+00:00","og_image":[{"width":2560,"height":905,"url":"https:\/\/shrimataji.org\/test\/wp-content\/uploads\/2023\/03\/25_Banner-SY-Balance-scaled.jpg","type":"image\/jpeg"}],"twitter_card":"summary_large_image","twitter_site":"@shrimataji","twitter_misc":{"Est. reading time":"2 minutes"},"schema":{"@context":"https:\/\/schema.org","@graph":[{"@type":"WebPage","@id":"https:\/\/shrimataji.org\/test\/hu\/establishing-balance\/","url":"https:\/\/shrimataji.org\/test\/hu\/establishing-balance\/","name":"Az egyens\u00faly megteremt\u00e9se - TEST - SMND","isPartOf":{"@id":"https:\/\/shrimataji.org\/test\/#website"},"primaryImageOfPage":{"@id":"https:\/\/shrimataji.org\/test\/hu\/establishing-balance\/#primaryimage"},"image":{"@id":"https:\/\/shrimataji.org\/test\/hu\/establishing-balance\/#primaryimage"},"thumbnailUrl":"https:\/\/shrimataji.org\/test\/wp-content\/uploads\/2023\/03\/25_Banner-SY-Balance-scaled.jpg","datePublished":"2022-01-29T09:41:42+00:00","dateModified":"2026-04-11T10:06:39+00:00","breadcrumb":{"@id":"https:\/\/shrimataji.org\/test\/hu\/establishing-balance\/#breadcrumb"},"inLanguage":"en-US","potentialAction":[{"@type":"ReadAction","target":["https:\/\/shrimataji.org\/test\/hu\/establishing-balance\/"]}]},{"@type":"ImageObject","inLanguage":"en-US","@id":"https:\/\/shrimataji.org\/test\/hu\/establishing-balance\/#primaryimage","url":"https:\/\/shrimataji.org\/test\/wp-content\/uploads\/2023\/03\/25_Banner-SY-Balance-scaled.jpg","contentUrl":"https:\/\/shrimataji.org\/test\/wp-content\/uploads\/2023\/03\/25_Banner-SY-Balance-scaled.jpg","width":2560,"height":905},{"@type":"BreadcrumbList","@id":"https:\/\/shrimataji.org\/test\/hu\/establishing-balance\/#breadcrumb","itemListElement":[{"@type":"ListItem","position":1,"name":"Home","item":"https:\/\/shrimataji.org\/test\/uk\/home-en\/"},{"@type":"ListItem","position":2,"name":"Az egyens\u00faly megteremt\u00e9se"}]},{"@type":"WebSite","@id":"https:\/\/shrimataji.org\/test\/#website","url":"https:\/\/shrimataji.org\/test\/","name":"Shri Mataji Nirmala Devi","description":"A Life Dedicated to Humanity","publisher":{"@id":"https:\/\/shrimataji.org\/test\/#\/schema\/person\/a1b3419c6585f164aa96da1ff85715d1"},"potentialAction":[{"@type":"SearchAction","target":{"@type":"EntryPoint","urlTemplate":"https:\/\/shrimataji.org\/test\/?s={search_term_string}"},"query-input":{"@type":"PropertyValueSpecification","valueRequired":true,"valueName":"search_term_string"}}],"inLanguage":"en-US"},{"@type":["Person","Organization"],"@id":"https:\/\/shrimataji.org\/test\/#\/schema\/person\/a1b3419c6585f164aa96da1ff85715d1","name":"Nirmala Shrivastava","image":{"@type":"ImageObject","inLanguage":"en-US","@id":"https:\/\/shrimataji.org\/test\/wp-content\/uploads\/2023\/02\/SMO_LOGO-03.svg","url":"https:\/\/shrimataji.org\/test\/wp-content\/uploads\/2023\/02\/SMO_LOGO-03.svg","contentUrl":"https:\/\/shrimataji.org\/test\/wp-content\/uploads\/2023\/02\/SMO_LOGO-03.svg","width":"1024","height":"1024","caption":"Nirmala Shrivastava"},"logo":{"@id":"https:\/\/shrimataji.org\/test\/wp-content\/uploads\/2023\/02\/SMO_LOGO-03.svg"},"sameAs":["https:\/\/shrimataji.org\/test","https:\/\/www.facebook.com\/shrimataji","https:\/\/x.com\/shrimataji","https:\/\/www.youtube.com\/@Shri_Mataji_Nirmala_Devi\/featured"]}]}},"lang":"hu","translations":{"hu":19467,"ur":37421,"en":6385,"am":17992,"th":19932,"sq":18393,"zh":17290,"hi":8343,"tr":10153,"pt":10366,"de":10640,"fr":10738,"it":10836,"es":10933,"ja":11230,"ru":11418,"bn":11610,"te":11718,"sw":11841,"he":11989,"el":12280,"sk":12378,"fa":12476,"fi":12574,"bg":13402,"ro":14476,"cs":14669,"nl":16553,"ku":16713,"ar":16889,"be":18600,"kn":18874,"mr":20296,"uk":20588,"ml":20887,"ta":22708,"sv":22981,"gu":28829,"pa":28987,"fil":29427,"da":37735,"pl":37952,"nn":38287},"pll_sync_post":[],"_links":{"self":[{"href":"https:\/\/shrimataji.org\/test\/wp-json\/wp\/v2\/pages\/19467","targetHints":{"allow":["GET"]}}],"collection":[{"href":"https:\/\/shrimataji.org\/test\/wp-json\/wp\/v2\/pages"}],"about":[{"href":"https:\/\/shrimataji.org\/test\/wp-json\/wp\/v2\/types\/page"}],"author":[{"embeddable":true,"href":"https:\/\/shrimataji.org\/test\/wp-json\/wp\/v2\/users\/1"}],"replies":[{"embeddable":true,"href":"https:\/\/shrimataji.org\/test\/wp-json\/wp\/v2\/comments?post=19467"}],"version-history":[{"count":0,"href":"https:\/\/shrimataji.org\/test\/wp-json\/wp\/v2\/pages\/19467\/revisions"}],"wp:featuredmedia":[{"embeddable":true,"href":"https:\/\/shrimataji.org\/test\/wp-json\/wp\/v2\/media\/19207"}],"wp:attachment":[{"href":"https:\/\/shrimataji.org\/test\/wp-json\/wp\/v2\/media?parent=19467"}],"curies":[{"name":"wp","href":"https:\/\/api.w.org\/{rel}","templated":true}]}}