{"id":19470,"date":"2022-01-23T02:49:35","date_gmt":"2022-01-23T02:49:35","guid":{"rendered":"https:\/\/test.shrimataji.org\/?page_id=6269"},"modified":"2026-04-18T15:26:34","modified_gmt":"2026-04-18T15:26:34","slug":"experience-your-self-realization","status":"publish","type":"page","link":"https:\/\/shrimataji.org\/test\/hu\/experience-your-self-realization\/","title":{"rendered":"Tapasztald meg az \u00f6nmegval\u00f3sul\u00e1sodat"},"content":{"rendered":"\n\n\t<h1>Tapasztald meg az \u00f6nmegval\u00f3sul\u00e1sodat<\/h1>\n<h2>Csak tiszta v\u00e1gyra van sz\u00fcks\u00e9ged<\/h2>\n<div class=\"su-quote su-quote-style-default\"><div class=\"su-quote-inner su-u-clearfix su-u-trim\"> Mindenkinek joga van el\u00e9rni ezt az evol\u00faci\u00f3s \u00e1llapotot, \u00e9s minden ehhez sz\u00fcks\u00e9ges dolog m\u00e1r bennetek van. De mivel tiszteletben tartom a szabads\u00e1gotokat, v\u00e1gynotok kell arra, hogy el\u00e9rj\u00e9tek ezt az \u00e1llapotot, ezt nem lehet r\u00e1tok er\u0151ltetni. <\/div><\/div>\n\t<h4>Shri Mataji az emberis\u00e9g t\u00f6rt\u00e9nelm\u00e9nek egyetlen spiritu\u00e1lis guruja, aki t\u00f6bb ezreknek adta meg az \u00f6nmegval\u00f3sul\u00e1s \u00e9lm\u00e9ny\u00e9t vil\u00e1gszerte tartott nyilv\u00e1nos programjain. Milli\u00f3k profit\u00e1ltak ebb\u0151l az egyed\u00fcl\u00e1ll\u00f3 \u00e9lm\u00e9nyb\u0151l, amely fordul\u00f3pontt\u00e1 v\u00e1lt az \u00e9let\u00fckben. A programokon r\u00e9szt vev\u0151 keres\u0151k az \u00f6nmegval\u00f3sul\u00e1st teljes bels\u0151 csendk\u00e9nt tapasztalhatt\u00e1k meg, valamint a fizikai test\u00fck ellazult, \u00e9s gyakran a tenyer\u00fck\u00f6n, n\u00e9ha pedig az eg\u00e9sz test\u00fck\u00f6n \u00e9rezt\u00e9k a meleg vagy h\u0171v\u00f6s szell\u0151t.<\/h4>\n<p>A k\u00f6vetkez\u0151 l\u00e9p\u00e9sek seg\u00edtenek felk\u00e9sz\u00fclni az \u00f6nmegval\u00f3sul\u00e1s \u00e9lm\u00e9ny\u00e9re. Helyezkedj el k\u00e9nyelmesen, egyenes h\u00e1ttal, a cip\u0151d lev\u00e9tele is seg\u00edthet, mivel a F\u00f6ldanya a l\u00e1bunkon kereszt\u00fcl elsz\u00edvja az \u00f6sszes negat\u00edv energi\u00e1t.<\/p>\n<p>Helyezd mindk\u00e9t kezed az \u00f6ledbe, teny\u00e9rrel felfel\u00e9. A sz\u00e9tszort figyelmed lecsendes\u00edt\u00e9s\u00e9hez n\u00e9zd Shri Mataji k\u00e9p\u00e9t a k\u00e9perny\u0151n. Miut\u00e1n b\u00e9k\u00e9sen megnyugodt\u00e1l, pr\u00f3b\u00e1ld meg csak tanuk\u00e9nt n\u00e9zni a gondolataidat.<\/p>\n<p>Ha teljes bels\u0151 csendet tapasztalsz, \u00e9s esetleg egy l\u00e1gy, h\u0171v\u00f6s szell\u0151t \u00e9rzel a tenyeredben vagy a fejeden a kutacs k\u00f6rny\u00e9k\u00e9n, tudd, hogy \u00f6nmegval\u00f3sult l\u00e9lek vagy, \u00e9s \u00f6szt\u00f6n\u00f6sen el\u00e9rted az \u00f6nmegval\u00f3sul\u00e1sodat. Ez egy nagyon j\u00f3 kezdet, \u00e9s a tov\u00e1bbi l\u00e9p\u00e9sek seg\u00edtenek elm\u00e9ly\u00edteni a medit\u00e1ci\u00f3s \u00e9lm\u00e9nyedet.<\/p>\n<p>&nbsp;<\/p>\n<figure itemscope itemtype=\"https:\/\/schema.org\/ImageObject\">\n\t\t\t\t<img decoding=\"async\" src=\"https:\/\/shrimataji.org\/test\/wp-content\/uploads\/2023\/02\/ShriMataji_BW.webp\" alt=\"ShriMataji_BW\" height=\"960\" width=\"671\" title=\"ShriMataji_BW\" onerror=\"this.style.display='none'\" loading=\"lazy\" \/>\n\t<\/figure>\n\t<p>N\u00e9ha el\u0151fordult, hogy valaki csak Shri Matajival vagy az \u0151 f\u00e9nyk\u00e9p\u00e9vel val\u00f3 tal\u00e1koz\u00e1skor megtapasztalta a teljes \u00f6nmegval\u00f3sul\u00e1st, de m\u00e9g ilyen esetben is hasznos az \u00f6nmegval\u00f3sul\u00e1shoz haszn\u00e1lt vezetett medit\u00e1ci\u00f3 alkalmaz\u00e1sa, amelyet Shri Mataji t\u00f6bb mint ezerszer mutatott be vil\u00e1gszerte.<\/p>\n\t<p>Ahhoz, hogy k\u00f6vetni tudd a vide\u00f3ban l\u00e1that\u00f3 Shri Mataji \u00e1ltal vezetett medit\u00e1ci\u00f3t, hasznos lenne megismerkedni a l\u00e9p\u00e9sekkel, mivel a gyakorlatot csukott szemmel fogod v\u00e9gezni. A szem\u00fcnk csukva tart\u00e1sa seg\u00edt abban, hogy m\u00e9lyebben megtapasztaljuk az \u00f6nmegval\u00f3sul\u00e1sunkat \u00e9s az azt k\u00f6zvetlen\u00fcl k\u00f6vet\u0151 meditat\u00edv \u00e1llapotot. Figyelmesen tanulm\u00e1nyozd az al\u00e1bbi illusztr\u00e1ci\u00f3k \u00e9s sz\u00f6vegek sorrendj\u00e9t, hogy meghat\u00e1rozd a k\u00e9z helyes poz\u00edci\u00f3j\u00e1t a testeden, amelyhez Shri Mataji elmondja a megfelel\u0151 meger\u0151s\u00edt\u00e9st az \u00f6nmegval\u00f3sul\u00e1si gyakorlatban.<\/p>\n<p>A teljes \u00f6nmegval\u00f3sul\u00e1si gyakorlat sor\u00e1n a <strong>jobb kez\u00fcnket a bal oldali k\u00f6z\u00e9ppontokra helyezz\u00fck, a bal k\u00e9z tenyer\u00e9t pedig nyitva tartjuk az \u00f6l\u00fcnkben<\/strong>, ahogy az a k\u00f6vetkez\u0151 \u00e1br\u00e1kon l\u00e1that\u00f3.<\/p>\n<figure itemscope itemtype=\"https:\/\/schema.org\/ImageObject\">\n\t\t\t\t<img decoding=\"async\" src=\"https:\/\/shrimataji.org\/test\/wp-content\/uploads\/2026\/04\/hu-1-01.png\" alt=\"hu-1-01\" height=\"767\" width=\"546\" title=\"hu-1-01\" onerror=\"this.style.display='none'\" loading=\"lazy\" \/>\n\t<\/figure>\n<figure itemscope itemtype=\"https:\/\/schema.org\/ImageObject\">\n\t\t\t\t<img decoding=\"async\" src=\"https:\/\/shrimataji.org\/test\/wp-content\/uploads\/2026\/04\/hu-2-01.png\" alt=\"hu-2-01\" height=\"767\" width=\"548\" title=\"hu-2-01\" onerror=\"this.style.display='none'\" loading=\"lazy\" \/>\n\t<\/figure>\n<figure itemscope itemtype=\"https:\/\/schema.org\/ImageObject\">\n\t\t\t\t<img decoding=\"async\" src=\"https:\/\/shrimataji.org\/test\/wp-content\/uploads\/2026\/04\/hu-3-01.png\" alt=\"hu-3-01\" height=\"768\" width=\"549\" title=\"hu-3-01\" onerror=\"this.style.display='none'\" loading=\"lazy\" \/>\n\t<\/figure>\n<figure itemscope itemtype=\"https:\/\/schema.org\/ImageObject\">\n\t\t\t\t<img decoding=\"async\" src=\"https:\/\/shrimataji.org\/test\/wp-content\/uploads\/2026\/04\/hu-4-01.png\" alt=\"hu-4-01\" height=\"767\" width=\"548\" title=\"hu-4-01\" onerror=\"this.style.display='none'\" loading=\"lazy\" \/>\n\t<\/figure>\n<figure itemscope itemtype=\"https:\/\/schema.org\/ImageObject\">\n\t\t\t\t<img decoding=\"async\" src=\"https:\/\/shrimataji.org\/test\/wp-content\/uploads\/2026\/04\/hu-5-01.png\" alt=\"hu-5-01\" height=\"766\" width=\"546\" title=\"hu-5-01\" onerror=\"this.style.display='none'\" loading=\"lazy\" \/>\n\t<\/figure>\n<figure itemscope itemtype=\"https:\/\/schema.org\/ImageObject\">\n\t\t\t\t<img decoding=\"async\" src=\"https:\/\/shrimataji.org\/test\/wp-content\/uploads\/2026\/04\/hu-6-01.png\" alt=\"hu-6-01\" height=\"767\" width=\"548\" title=\"hu-6-01\" onerror=\"this.style.display='none'\" loading=\"lazy\" \/>\n\t<\/figure>\n<figure itemscope itemtype=\"https:\/\/schema.org\/ImageObject\">\n\t\t\t\t<img decoding=\"async\" src=\"https:\/\/shrimataji.org\/test\/wp-content\/uploads\/2026\/04\/hu-7-01.png\" alt=\"hu-7-01\" height=\"767\" width=\"548\" title=\"hu-7-01\" onerror=\"this.style.display='none'\" loading=\"lazy\" \/>\n\t<\/figure>\n<figure itemscope itemtype=\"https:\/\/schema.org\/ImageObject\">\n\t\t\t\t<img decoding=\"async\" src=\"https:\/\/shrimataji.org\/test\/wp-content\/uploads\/2026\/04\/hu-8_01.png\" alt=\"hu-8_01\" height=\"768\" width=\"550\" title=\"hu-8_01\" onerror=\"this.style.display='none'\" loading=\"lazy\" \/>\n\t<\/figure>\n<figure itemscope itemtype=\"https:\/\/schema.org\/ImageObject\">\n\t\t\t\t<img decoding=\"async\" src=\"https:\/\/shrimataji.org\/test\/wp-content\/uploads\/2026\/04\/hu-9_01.png\" alt=\"hu-9_01\" height=\"768\" width=\"548\" title=\"hu-9_01\" onerror=\"this.style.display='none'\" loading=\"lazy\" \/>\n\t<\/figure>\n\t\t<img decoding=\"async\" data-spai-excluded=\"true\" loading=\"lazy\"  alt=\"YouTube player\"  src=\"https:\/\/i.ytimg.com\/vi\/16KZE6xkDYA\/maxresdefault.jpg\"  \/><button aria-label=\"Play\"><\/button><meta itemprop=\"embedUrl\" content=\"https:\/\/www.youtube.com\/embed\/16KZE6xkDYA\"\/><meta itemprop=\"name\" content=\"Shri Mataji gives Self Realization\"\/><meta itemprop=\"description\" content=\"YouTube video\"\/><meta itemprop=\"thumbnailUrl\" content=\"https:\/\/i.ytimg.com\/vi\/16KZE6xkDYA\/0.jpg\"\/><meta itemprop=\"duration\" content=\"PT9M43S\"\/><meta itemprop=\"uploadDate\" content=\"2022-11-12T03:23:50Z\"\/>\t\n\t<p>A vezetett medit\u00e1ci\u00f3 v\u00e9g\u00e9n figyeld meg, hogy ellazultnak \u00e9rzed-e magad, \u00e9s hogy a gondolataid lenyugodtak-e, vagy fokozatosan elt\u0171ntek. Ez a medit\u00e1ci\u00f3 els\u0151 \u00e1llapota &#8211; a gondolatmentes tudatoss\u00e1g. Ez a tiszta \u00e9s b\u00e9k\u00e9s tudatoss\u00e1g \u00e1llapota.<\/p>\n<p>Most pr\u00f3b\u00e1ld meg hogy \u00e9rzel-e a tenyeredben \u00e9s a fejed felett, a kutacs k\u00f6rny\u00e9k\u00e9n egy enyhe, h\u0171v\u00f6s szell\u0151t? Eleinte ez a szell\u0151 lehet meleg is, ami annak a jele, hogy a\u00a0<a href=\"https:\/\/shrimataji.org\/test\/kundalini\/\" target=\"_blank\" rel=\"noopener\">Kundalini<\/a>\u00a0energi\u00e1d tiszt\u00edtja a finomrendszeredet, de v\u00e9g\u00fcl le fog h\u0171lni. Ezt \u00fagy ellen\u0151rizheted, hogy a bal tenyeredet kiss\u00e9 a fejed f\u00f6l\u00e9 helyezed, majd a jobb teny\u00e9rrel is megpr\u00f3b\u00e1lod.<\/p>\n<p>Ha nem \u00e9rzed a szell\u0151t, annak sz\u00e1mos oka is lehet. Az egyik leggyakoribb az, hogy nem vagyunk k\u00e9pesek megbocs\u00e1tani. Seg\u00edthet, ha a sz\u00edvedb\u0151l n\u00e9h\u00e1nyszor azt mondod: &#8220;Any\u00e1m (vagy ha jobban tetszik, Shri Mataji), megbocs\u00e1tok mindenkinek&#8221;, \u00e9s ellen\u0151rizd \u00fajra, hogy \u00e9rzed-e a h\u0171v\u00f6s szell\u0151t a fejed felett.<\/p>\n<p>Ez a bels\u0151 utaz\u00e1sod kezdete az \u00f6r\u00f6k spiritu\u00e1lis l\u00e9t egy \u00faj birodalm\u00e1ba, amelyet most teljes b\u00e9k\u00e9ben \u00e9s harm\u00f3ni\u00e1ban fedezhetsz fel. Az\u00e1ltal, hogy a rendszeres medit\u00e1ci\u00f3 r\u00e9v\u00e9n fenntartod ezt az \u00faj tudatoss\u00e1got, az ujjbegyeiden k\u00e9pes leszel \u00e9rezni a saj\u00e1t finom rendszered \u00e1llapot\u00e1t, valamint a m\u00e1sok\u00e9t is, \u00e9s korrig\u00e1lni tudod azokat a saj\u00e1t bels\u0151 spiritu\u00e1lis energi\u00e1ddal (Kundalini).<\/p>\n<p>A k\u00f6vetkez\u0151 r\u00e9szek seg\u00edtenek, hogy t\u00f6bbet tudj meg a\u00a0<a href=\"https:\/\/shrimataji.org\/test\/sahaja-yoga-meditation-2\/\" target=\"_blank\" rel=\"nofollow noopener noreferrer\" shape=\"rect\" data-saferedirecturl=\"https:\/\/www.google.com\/url?q=https:\/\/shrimataji.org\/test\/sahaja-yoga-meditation-2\/&amp;source=gmail&amp;ust=1671369210845000&amp;usg=AOvVaw1_VENYlhhBbBhq5wzvRMvC\">Sahaja J\u00f3ga medit\u00e1ci\u00f3r\u00f3l<\/a>, \u00e9s arr\u00f3l, hogyan gyakorolhatod ezt az egyszer\u0171, k\u00f6nnyed medit\u00e1ci\u00f3t otthon. A <a href=\"https:\/\/shrimataji.org\/test\/collective-meditation\/\" target=\"_blank\" rel=\"nofollow noopener noreferrer\" shape=\"rect\" data-saferedirecturl=\"https:\/\/www.google.com\/url?q=https:\/\/shrimataji.org\/test\/collective-meditation\/&amp;source=gmail&amp;ust=1671369210845000&amp;usg=AOvVaw2kYDaF-9qiT9FPxwpmB_bT\">Kollekt\u00edv medit\u00e1ci\u00f3r\u00f3l<\/a>\u00a0sz\u00f3l\u00f3 r\u00e9sz megismerteti Shri Mataji tan\u00e1csait a kollekt\u00edv medit\u00e1ci\u00f3r\u00f3l, \u00e9s megtal\u00e1lhatod a vil\u00e1g sz\u00e1mos Sahaja J\u00f3ga medit\u00e1ci\u00f3s k\u00f6zpontj\u00e1t.<\/p>\n\n","protected":false},"excerpt":{"rendered":"<p>Tapasztald meg az \u00f6nmegval\u00f3sul\u00e1sodat Csak tiszta v\u00e1gyra van sz\u00fcks\u00e9ged Shri Mataji az emberis\u00e9g t\u00f6rt\u00e9nelm\u00e9nek egyetlen spiritu\u00e1lis guruja, aki t\u00f6bb ezreknek adta meg az \u00f6nmegval\u00f3sul\u00e1s \u00e9lm\u00e9ny\u00e9t vil\u00e1gszerte tartott nyilv\u00e1nos programjain. Milli\u00f3k profit\u00e1ltak ebb\u0151l az egyed\u00fcl\u00e1ll\u00f3 \u00e9lm\u00e9nyb\u0151l, amely fordul\u00f3pontt\u00e1 v\u00e1lt az \u00e9let\u00fckben. A programokon r\u00e9szt vev\u0151 keres\u0151k az \u00f6nmegval\u00f3sul\u00e1st teljes bels\u0151 csendk\u00e9nt tapasztalhatt\u00e1k meg, valamint a fizikai&hellip; <br \/> <a class=\"read-more\" href=\"https:\/\/shrimataji.org\/test\/hu\/experience-your-self-realization\/\">Read more<\/a><\/p>\n","protected":false},"author":1,"featured_media":19210,"parent":0,"menu_order":0,"comment_status":"closed","ping_status":"closed","template":"","meta":{"inline_featured_image":false,"footnotes":""},"class_list":["post-19470","page","type-page","status-publish","has-post-thumbnail","hentry"],"yoast_head":"<!-- This site is optimized with the Yoast SEO plugin v27.4 - https:\/\/yoast.com\/product\/yoast-seo-wordpress\/ -->\n<title>Tapasztald meg az \u00f6nmegval\u00f3sul\u00e1sodat - TEST - SMND<\/title>\n<meta name=\"robots\" content=\"noindex, follow, max-snippet:-1, max-image-preview:large, max-video-preview:-1\" \/>\n<meta property=\"og:locale\" content=\"en_US\" \/>\n<meta property=\"og:type\" content=\"article\" \/>\n<meta property=\"og:title\" content=\"Tapasztald meg az \u00f6nmegval\u00f3sul\u00e1sodat - TEST - SMND\" \/>\n<meta property=\"og:description\" content=\"Tapasztald meg az \u00f6nmegval\u00f3sul\u00e1sodat Csak tiszta v\u00e1gyra van sz\u00fcks\u00e9ged Shri Mataji az emberis\u00e9g t\u00f6rt\u00e9nelm\u00e9nek egyetlen spiritu\u00e1lis guruja, aki t\u00f6bb ezreknek adta meg az \u00f6nmegval\u00f3sul\u00e1s \u00e9lm\u00e9ny\u00e9t vil\u00e1gszerte tartott nyilv\u00e1nos programjain. Milli\u00f3k profit\u00e1ltak ebb\u0151l az egyed\u00fcl\u00e1ll\u00f3 \u00e9lm\u00e9nyb\u0151l, amely fordul\u00f3pontt\u00e1 v\u00e1lt az \u00e9let\u00fckben. A programokon r\u00e9szt vev\u0151 keres\u0151k az \u00f6nmegval\u00f3sul\u00e1st teljes bels\u0151 csendk\u00e9nt tapasztalhatt\u00e1k meg, valamint a fizikai&hellip; Read more\" \/>\n<meta property=\"og:url\" content=\"https:\/\/shrimataji.org\/test\/hu\/experience-your-self-realization\/\" \/>\n<meta property=\"og:site_name\" content=\"TEST - SMND\" \/>\n<meta property=\"article:publisher\" content=\"https:\/\/www.facebook.com\/shrimataji\" \/>\n<meta property=\"article:modified_time\" content=\"2026-04-18T15:26:34+00:00\" \/>\n<meta property=\"og:image\" content=\"https:\/\/shrimataji.org\/test\/wp-content\/uploads\/2023\/03\/3_Banner-SY-Experience-2-scaled.jpg\" \/>\n\t<meta property=\"og:image:width\" content=\"2560\" \/>\n\t<meta property=\"og:image:height\" content=\"905\" \/>\n\t<meta property=\"og:image:type\" content=\"image\/jpeg\" \/>\n<meta name=\"twitter:card\" content=\"summary_large_image\" \/>\n<meta name=\"twitter:site\" content=\"@shrimataji\" \/>\n<meta name=\"twitter:label1\" content=\"Est. reading time\" \/>\n\t<meta name=\"twitter:data1\" content=\"6 minutes\" \/>\n<script type=\"application\/ld+json\" class=\"yoast-schema-graph\">{\"@context\":\"https:\\\/\\\/schema.org\",\"@graph\":[{\"@type\":\"WebPage\",\"@id\":\"https:\\\/\\\/shrimataji.org\\\/test\\\/hu\\\/experience-your-self-realization\\\/\",\"url\":\"https:\\\/\\\/shrimataji.org\\\/test\\\/hu\\\/experience-your-self-realization\\\/\",\"name\":\"Tapasztald meg az \u00f6nmegval\u00f3sul\u00e1sodat - TEST - SMND\",\"isPartOf\":{\"@id\":\"https:\\\/\\\/shrimataji.org\\\/test\\\/#website\"},\"primaryImageOfPage\":{\"@id\":\"https:\\\/\\\/shrimataji.org\\\/test\\\/hu\\\/experience-your-self-realization\\\/#primaryimage\"},\"image\":{\"@id\":\"https:\\\/\\\/shrimataji.org\\\/test\\\/hu\\\/experience-your-self-realization\\\/#primaryimage\"},\"thumbnailUrl\":\"https:\\\/\\\/shrimataji.org\\\/test\\\/wp-content\\\/uploads\\\/2023\\\/03\\\/3_Banner-SY-Experience-2-scaled.jpg\",\"datePublished\":\"2022-01-23T02:49:35+00:00\",\"dateModified\":\"2026-04-18T15:26:34+00:00\",\"breadcrumb\":{\"@id\":\"https:\\\/\\\/shrimataji.org\\\/test\\\/hu\\\/experience-your-self-realization\\\/#breadcrumb\"},\"inLanguage\":\"en-US\",\"potentialAction\":[{\"@type\":\"ReadAction\",\"target\":[\"https:\\\/\\\/shrimataji.org\\\/test\\\/hu\\\/experience-your-self-realization\\\/\"]}]},{\"@type\":\"ImageObject\",\"inLanguage\":\"en-US\",\"@id\":\"https:\\\/\\\/shrimataji.org\\\/test\\\/hu\\\/experience-your-self-realization\\\/#primaryimage\",\"url\":\"https:\\\/\\\/shrimataji.org\\\/test\\\/wp-content\\\/uploads\\\/2023\\\/03\\\/3_Banner-SY-Experience-2-scaled.jpg\",\"contentUrl\":\"https:\\\/\\\/shrimataji.org\\\/test\\\/wp-content\\\/uploads\\\/2023\\\/03\\\/3_Banner-SY-Experience-2-scaled.jpg\",\"width\":2560,\"height\":905},{\"@type\":\"BreadcrumbList\",\"@id\":\"https:\\\/\\\/shrimataji.org\\\/test\\\/hu\\\/experience-your-self-realization\\\/#breadcrumb\",\"itemListElement\":[{\"@type\":\"ListItem\",\"position\":1,\"name\":\"Home\",\"item\":\"https:\\\/\\\/shrimataji.org\\\/test\\\/uk\\\/home-en\\\/\"},{\"@type\":\"ListItem\",\"position\":2,\"name\":\"Tapasztald meg az \u00f6nmegval\u00f3sul\u00e1sodat\"}]},{\"@type\":\"WebSite\",\"@id\":\"https:\\\/\\\/shrimataji.org\\\/test\\\/#website\",\"url\":\"https:\\\/\\\/shrimataji.org\\\/test\\\/\",\"name\":\"Shri Mataji Nirmala Devi\",\"description\":\"A Life Dedicated to Humanity\",\"publisher\":{\"@id\":\"https:\\\/\\\/shrimataji.org\\\/test\\\/#\\\/schema\\\/person\\\/a1b3419c6585f164aa96da1ff85715d1\"},\"potentialAction\":[{\"@type\":\"SearchAction\",\"target\":{\"@type\":\"EntryPoint\",\"urlTemplate\":\"https:\\\/\\\/shrimataji.org\\\/test\\\/?s={search_term_string}\"},\"query-input\":{\"@type\":\"PropertyValueSpecification\",\"valueRequired\":true,\"valueName\":\"search_term_string\"}}],\"inLanguage\":\"en-US\"},{\"@type\":[\"Person\",\"Organization\"],\"@id\":\"https:\\\/\\\/shrimataji.org\\\/test\\\/#\\\/schema\\\/person\\\/a1b3419c6585f164aa96da1ff85715d1\",\"name\":\"Nirmala Shrivastava\",\"image\":{\"@type\":\"ImageObject\",\"inLanguage\":\"en-US\",\"@id\":\"https:\\\/\\\/shrimataji.org\\\/test\\\/wp-content\\\/uploads\\\/2023\\\/02\\\/SMO_LOGO-03.svg\",\"url\":\"https:\\\/\\\/shrimataji.org\\\/test\\\/wp-content\\\/uploads\\\/2023\\\/02\\\/SMO_LOGO-03.svg\",\"contentUrl\":\"https:\\\/\\\/shrimataji.org\\\/test\\\/wp-content\\\/uploads\\\/2023\\\/02\\\/SMO_LOGO-03.svg\",\"width\":\"1024\",\"height\":\"1024\",\"caption\":\"Nirmala Shrivastava\"},\"logo\":{\"@id\":\"https:\\\/\\\/shrimataji.org\\\/test\\\/wp-content\\\/uploads\\\/2023\\\/02\\\/SMO_LOGO-03.svg\"},\"sameAs\":[\"https:\\\/\\\/shrimataji.org\\\/test\",\"https:\\\/\\\/www.facebook.com\\\/shrimataji\",\"https:\\\/\\\/x.com\\\/shrimataji\",\"https:\\\/\\\/www.youtube.com\\\/@Shri_Mataji_Nirmala_Devi\\\/featured\"]}]}<\/script>\n<!-- \/ Yoast SEO plugin. -->","yoast_head_json":{"title":"Tapasztald meg az \u00f6nmegval\u00f3sul\u00e1sodat - TEST - SMND","robots":{"index":"noindex","follow":"follow","max-snippet":"max-snippet:-1","max-image-preview":"max-image-preview:large","max-video-preview":"max-video-preview:-1"},"og_locale":"en_US","og_type":"article","og_title":"Tapasztald meg az \u00f6nmegval\u00f3sul\u00e1sodat - TEST - SMND","og_description":"Tapasztald meg az \u00f6nmegval\u00f3sul\u00e1sodat Csak tiszta v\u00e1gyra van sz\u00fcks\u00e9ged Shri Mataji az emberis\u00e9g t\u00f6rt\u00e9nelm\u00e9nek egyetlen spiritu\u00e1lis guruja, aki t\u00f6bb ezreknek adta meg az \u00f6nmegval\u00f3sul\u00e1s \u00e9lm\u00e9ny\u00e9t vil\u00e1gszerte tartott nyilv\u00e1nos programjain. Milli\u00f3k profit\u00e1ltak ebb\u0151l az egyed\u00fcl\u00e1ll\u00f3 \u00e9lm\u00e9nyb\u0151l, amely fordul\u00f3pontt\u00e1 v\u00e1lt az \u00e9let\u00fckben. A programokon r\u00e9szt vev\u0151 keres\u0151k az \u00f6nmegval\u00f3sul\u00e1st teljes bels\u0151 csendk\u00e9nt tapasztalhatt\u00e1k meg, valamint a fizikai&hellip; Read more","og_url":"https:\/\/shrimataji.org\/test\/hu\/experience-your-self-realization\/","og_site_name":"TEST - SMND","article_publisher":"https:\/\/www.facebook.com\/shrimataji","article_modified_time":"2026-04-18T15:26:34+00:00","og_image":[{"width":2560,"height":905,"url":"https:\/\/shrimataji.org\/test\/wp-content\/uploads\/2023\/03\/3_Banner-SY-Experience-2-scaled.jpg","type":"image\/jpeg"}],"twitter_card":"summary_large_image","twitter_site":"@shrimataji","twitter_misc":{"Est. reading time":"6 minutes"},"schema":{"@context":"https:\/\/schema.org","@graph":[{"@type":"WebPage","@id":"https:\/\/shrimataji.org\/test\/hu\/experience-your-self-realization\/","url":"https:\/\/shrimataji.org\/test\/hu\/experience-your-self-realization\/","name":"Tapasztald meg az \u00f6nmegval\u00f3sul\u00e1sodat - TEST - SMND","isPartOf":{"@id":"https:\/\/shrimataji.org\/test\/#website"},"primaryImageOfPage":{"@id":"https:\/\/shrimataji.org\/test\/hu\/experience-your-self-realization\/#primaryimage"},"image":{"@id":"https:\/\/shrimataji.org\/test\/hu\/experience-your-self-realization\/#primaryimage"},"thumbnailUrl":"https:\/\/shrimataji.org\/test\/wp-content\/uploads\/2023\/03\/3_Banner-SY-Experience-2-scaled.jpg","datePublished":"2022-01-23T02:49:35+00:00","dateModified":"2026-04-18T15:26:34+00:00","breadcrumb":{"@id":"https:\/\/shrimataji.org\/test\/hu\/experience-your-self-realization\/#breadcrumb"},"inLanguage":"en-US","potentialAction":[{"@type":"ReadAction","target":["https:\/\/shrimataji.org\/test\/hu\/experience-your-self-realization\/"]}]},{"@type":"ImageObject","inLanguage":"en-US","@id":"https:\/\/shrimataji.org\/test\/hu\/experience-your-self-realization\/#primaryimage","url":"https:\/\/shrimataji.org\/test\/wp-content\/uploads\/2023\/03\/3_Banner-SY-Experience-2-scaled.jpg","contentUrl":"https:\/\/shrimataji.org\/test\/wp-content\/uploads\/2023\/03\/3_Banner-SY-Experience-2-scaled.jpg","width":2560,"height":905},{"@type":"BreadcrumbList","@id":"https:\/\/shrimataji.org\/test\/hu\/experience-your-self-realization\/#breadcrumb","itemListElement":[{"@type":"ListItem","position":1,"name":"Home","item":"https:\/\/shrimataji.org\/test\/uk\/home-en\/"},{"@type":"ListItem","position":2,"name":"Tapasztald meg az \u00f6nmegval\u00f3sul\u00e1sodat"}]},{"@type":"WebSite","@id":"https:\/\/shrimataji.org\/test\/#website","url":"https:\/\/shrimataji.org\/test\/","name":"Shri Mataji Nirmala Devi","description":"A Life Dedicated to Humanity","publisher":{"@id":"https:\/\/shrimataji.org\/test\/#\/schema\/person\/a1b3419c6585f164aa96da1ff85715d1"},"potentialAction":[{"@type":"SearchAction","target":{"@type":"EntryPoint","urlTemplate":"https:\/\/shrimataji.org\/test\/?s={search_term_string}"},"query-input":{"@type":"PropertyValueSpecification","valueRequired":true,"valueName":"search_term_string"}}],"inLanguage":"en-US"},{"@type":["Person","Organization"],"@id":"https:\/\/shrimataji.org\/test\/#\/schema\/person\/a1b3419c6585f164aa96da1ff85715d1","name":"Nirmala Shrivastava","image":{"@type":"ImageObject","inLanguage":"en-US","@id":"https:\/\/shrimataji.org\/test\/wp-content\/uploads\/2023\/02\/SMO_LOGO-03.svg","url":"https:\/\/shrimataji.org\/test\/wp-content\/uploads\/2023\/02\/SMO_LOGO-03.svg","contentUrl":"https:\/\/shrimataji.org\/test\/wp-content\/uploads\/2023\/02\/SMO_LOGO-03.svg","width":"1024","height":"1024","caption":"Nirmala Shrivastava"},"logo":{"@id":"https:\/\/shrimataji.org\/test\/wp-content\/uploads\/2023\/02\/SMO_LOGO-03.svg"},"sameAs":["https:\/\/shrimataji.org\/test","https:\/\/www.facebook.com\/shrimataji","https:\/\/x.com\/shrimataji","https:\/\/www.youtube.com\/@Shri_Mataji_Nirmala_Devi\/featured"]}]}},"lang":"hu","translations":{"hu":19470,"ur":37424,"en":7043,"pa":25836,"gu":25439,"th":19936,"sq":18396,"zh":17293,"hi":8277,"tr":10155,"pt":10368,"de":10642,"fr":10740,"it":10838,"es":10935,"ja":11232,"ru":11420,"bn":11612,"te":11720,"sw":11843,"he":11991,"el":12282,"sk":12380,"fa":12478,"fi":12576,"bg":13413,"ro":14487,"cs":14680,"nl":16556,"ku":16716,"ar":16892,"be":18603,"kn":18877,"mr":20300,"uk":20592,"ml":20891,"ta":22711,"sv":22984,"bs":27284,"fil":29430,"sd":30998,"da":37738,"pl":37955,"nn":38290},"pll_sync_post":[],"_links":{"self":[{"href":"https:\/\/shrimataji.org\/test\/wp-json\/wp\/v2\/pages\/19470","targetHints":{"allow":["GET"]}}],"collection":[{"href":"https:\/\/shrimataji.org\/test\/wp-json\/wp\/v2\/pages"}],"about":[{"href":"https:\/\/shrimataji.org\/test\/wp-json\/wp\/v2\/types\/page"}],"author":[{"embeddable":true,"href":"https:\/\/shrimataji.org\/test\/wp-json\/wp\/v2\/users\/1"}],"replies":[{"embeddable":true,"href":"https:\/\/shrimataji.org\/test\/wp-json\/wp\/v2\/comments?post=19470"}],"version-history":[{"count":0,"href":"https:\/\/shrimataji.org\/test\/wp-json\/wp\/v2\/pages\/19470\/revisions"}],"wp:featuredmedia":[{"embeddable":true,"href":"https:\/\/shrimataji.org\/test\/wp-json\/wp\/v2\/media\/19210"}],"wp:attachment":[{"href":"https:\/\/shrimataji.org\/test\/wp-json\/wp\/v2\/media?parent=19470"}],"curies":[{"name":"wp","href":"https:\/\/api.w.org\/{rel}","templated":true}]}}