{"id":19472,"date":"2018-07-10T06:54:42","date_gmt":"2018-07-10T06:54:42","guid":{"rendered":"http:\/\/testwordpress.nirmalnagari.org\/smnd\/index.php\/family\/"},"modified":"2026-04-25T15:35:11","modified_gmt":"2026-04-25T15:35:11","slug":"a-csalad","status":"publish","type":"page","link":"https:\/\/shrimataji.org\/test\/hu\/a-csalad\/","title":{"rendered":"A csal\u00e1d"},"content":{"rendered":"\n\n\t<h1>A csal\u00e1d<\/h1>\n<h2>A megvil\u00e1gosult nevel\u00e9s<\/h2>\n\t<h4>Shri Mataji, sz\u00fcletett Nirmala Salve, egy el\u0151kel\u0151 csal\u00e1dban j\u00f6tt vil\u00e1gra, amely az indiai kir\u00e1lyi Shalivahana dinaszti\u00e1b\u00f3l sz\u00e1rmazott. E kiv\u00e9teles csal\u00e1d jelleme gener\u00e1ci\u00f3kon \u00e1t\u00edvel\u0151en t\u00fckr\u00f6z\u0151dik, ak\u00e1rcsak a megalkuv\u00e1st nem ismer\u0151 ragaszkod\u00e1suk a legmagasabb erk\u00f6lcsi \u00e9s etikai norm\u00e1khoz.<\/h4>\n\t<p>A hagyom\u00e1nyokkal \u00e9s a sz\u00e9les k\u00f6rben elfogadott hiedelmekkel szembemenve Shri Mataji \u0151sei \u00e1tt\u00e9rtek a kereszt\u00e9nys\u00e9gre, amikor l\u00e1tt\u00e1k, hogy akkoriban milyen kegyetlen\u00fcl b\u00e1ntak a hindu \u00f6zvegyekkel, k\u00fcl\u00f6n\u00f6sen a gyermek\u00f6zvegyekkel.<\/p>\n<p>Shri Mataji testv\u00e9re, H.P. Salve, eml\u00e9kirataiban (Memoirs) nagyanyjukat, aki maga is kor\u00e1n meg\u00f6zvegy\u00fclt, \u00edgy jellemezte: \u201ekimagasl\u00f3 szem\u00e9lyis\u00e9g volt, tele b\u00e1tors\u00e1ggal \u00e9s meggy\u0151z\u0151d\u00e9s erej\u00e9vel az igazs\u00e1gtalans\u00e1g elleni harc\u00e1ban; olyan szem\u00e9ly, akiben az egyik oldalon a hatalmas b\u00e1tors\u00e1g \u00e9s a h\u0151siess\u00e9g, a m\u00e1sikon pedig a gyermekei ir\u00e1nti anyai szeretet \u00e9s j\u00f3indulat \u00e1llt. Ezt az\u00e9rt hangs\u00falyozom, mert ezek a tulajdons\u00e1gok mind \u00e1tragadtak gyermekeire \u00e9s unok\u00e1ira, k\u00fcl\u00f6n\u00f6sen Shri Matajira.&#8221;<\/p>\n<p>Shri Mataji sz\u00fclei is az igazs\u00e1goss\u00e1gnak \u00e9s az egyenl\u0151s\u00e9gnek szentelt\u00e9k \u00e9let\u00fcket. Csatlakoztak Mahatma Gandhihoz az indiai f\u00fcggetlens\u00e9g\u00e9rt folytatott k\u00fczdelemben. A csal\u00e1dban mindenki tudta, hogy senki sem hullathat k\u00f6nnyeket, amikor valamelyik csal\u00e1dtagot letart\u00f3ztatj\u00e1k \u00e9s beb\u00f6rt\u00f6nzik. A f\u00fcggetlens\u00e9g el\u00e9r\u00e9se ut\u00e1n \u00e9desapja \u00e9s testv\u00e9rei k\u00f6z\u00fcl sokan az \u00fajonnan megalakult korm\u00e1nyban szolg\u00e1ltak.<\/p>\n<p>Shri Mataji f\u00e9rje, Sir C.P. Srivastava szint\u00e9n p\u00e9lda\u00e9rt\u00e9k\u0171 elk\u00f6telezett \u00e9letet \u00e9lt, munk\u00e1j\u00e1t a legmagasabb szinvonalon v\u00e9gezve. K\u00f6nyvei k\u00f6z\u00e9 tartozik a <em>Lal Bahadur Shastri: Az igazs\u00e1g \u00e9lete a politik\u00e1ban<\/em> <a href=\"#citation-note-1\" target=\"_blank\" rel=\"noopener\">[1]<\/a> \u00e9s a <em>Korrupci\u00f3: India bels\u0151 ellens\u00e9ge<\/em> <a href=\"#citation-note-2\" target=\"_blank\" rel=\"noopener\">[2]<\/a> c\u00edm\u0171 \u00e9letrajz.<\/p>\n\t<p>Shri Mataji 2011-ben hunyt el. K\u00e9t l\u00e1nya, n\u00e9gy unok\u00e1ja \u00e9s sz\u00e1mos d\u00e9dunok\u00e1ja gy\u00e1szolja.<\/p>\n\t<div class=\"epyt-video-wrapper\"><div  data-ep-a=\"fadeIn\"  style=\"display: block; margin: 0px auto;\"  id=\"_ytid_63527\"  width=\"3840\" height=\"2160\"  data-origwidth=\"3840\" data-origheight=\"2160\" data-facadesrc=\"https:\/\/www.youtube.com\/embed\/BlhbfY8PoHs?enablejsapi=1&autoplay=0&cc_load_policy=0&cc_lang_pref=&iv_load_policy=1&loop=0&rel=0&fs=1&playsinline=1&autohide=2&theme=dark&color=red&controls=1&disablekb=0&\" class=\"__youtube_prefs__ epyt-facade  no-lazyload\" data-epautoplay=\"1\" ><img decoding=\"async\" data-spai-excluded=\"true\" class=\"epyt-facade-poster skip-lazy\" loading=\"lazy\"  alt=\"YouTube player\"  src=\"https:\/\/i.ytimg.com\/vi\/BlhbfY8PoHs\/maxresdefault.jpg\"  \/><button class=\"epyt-facade-play\" aria-label=\"Play\"><svg data-no-lazy=\"1\" height=\"100%\" version=\"1.1\" viewBox=\"0 0 68 48\" width=\"100%\"><path class=\"ytp-large-play-button-bg\" d=\"M66.52,7.74c-0.78-2.93-2.49-5.41-5.42-6.19C55.79,.13,34,0,34,0S12.21,.13,6.9,1.55 C3.97,2.33,2.27,4.81,1.48,7.74C0.06,13.05,0,24,0,24s0.06,10.95,1.48,16.26c0.78,2.93,2.49,5.41,5.42,6.19 C12.21,47.87,34,48,34,48s21.79-0.13,27.1-1.55c2.93-0.78,4.64-3.26,5.42-6.19C67.94,34.95,68,24,68,24S67.94,13.05,66.52,7.74z\" fill=\"#f00\"><\/path><path d=\"M 45,24 27,14 27,34\" fill=\"#fff\"><\/path><\/svg><\/button><\/div><\/div><span itemprop=\"video\" itemscope itemtype=\"http:\/\/schema.org\/VideoObject\"><meta itemprop=\"embedUrl\" content=\"https:\/\/www.youtube.com\/embed\/BlhbfY8PoHs\"><meta itemprop=\"name\" content=\"Remembering Their Mother\"><meta itemprop=\"description\" content=\"Shri Mataji&#039;s daughters describe the extent of their mother&#039;s travels and global duties. They describe the experience of sharing a mother with the world. &#039;She became renowned all over the world, but to me always a mother.&#039; They recall the strong mother of childhood, keen that her children be correct and dharmic. Shri Mataji emphasized that her children should never do anything wrong. More videos at: http:\/\/ShriMataji.org ~ A Life Dedicated to Humanity ~\"><meta itemprop=\"thumbnailUrl\" content=\"https:\/\/i.ytimg.com\/vi\/BlhbfY8PoHs\/0.jpg\"><meta itemprop=\"duration\" content=\"PT3M13S\"><meta itemprop=\"uploadDate\" content=\"2020-07-20T00:11:57Z\"><\/span>\n\t<h5>\u201eAkkoriban nem volt fogyaszt\u00f3i t\u00e1rsadalom &#8211; egyszer\u0171en \u00e9lt\u00fcnk. Azt gondolom, hogy nem volt annyi konfliktus a gener\u00e1ci\u00f3k k\u00f6z\u00f6tt, a csal\u00e1d r\u00e9gen j\u00f3l m\u0171k\u00f6d\u00f6tt.&#8221;<\/h5>\n<h5>Shri Mataji l\u00e1nya, Sadhana Varma&#8221;<\/h5>\n\t<hr \/>\n<h3>1.\u00a0<a href=\"#citation-ref-1\">^<\/a> C.\u00a0P. Srivastava, \u201eLal Bahadur Shastri: Az igazs\u00e1g \u00e9lete a politik\u00e1ban&#8221;, \u00dajdelhi: Oxford University Press, 1995.<\/h3>\n<h3>2. <a href=\"#citation-ref-2\">^<\/a> C. P. Srivastava, \u201eKorrupci\u00f3: India bels\u0151 ellens\u00e9ge&#8221;, \u00dajdelhi: Macmillan India, 2001.<\/h3>\n\n","protected":false},"excerpt":{"rendered":"<p>A csal\u00e1d A megvil\u00e1gosult nevel\u00e9s Shri Mataji, sz\u00fcletett Nirmala Salve, egy el\u0151kel\u0151 csal\u00e1dban j\u00f6tt vil\u00e1gra, amely az indiai kir\u00e1lyi Shalivahana dinaszti\u00e1b\u00f3l sz\u00e1rmazott. E kiv\u00e9teles csal\u00e1d jelleme gener\u00e1ci\u00f3kon \u00e1t\u00edvel\u0151en t\u00fckr\u00f6z\u0151dik, ak\u00e1rcsak a megalkuv\u00e1st nem ismer\u0151 ragaszkod\u00e1suk a legmagasabb erk\u00f6lcsi \u00e9s etikai norm\u00e1khoz. A hagyom\u00e1nyokkal \u00e9s a sz\u00e9les k\u00f6rben elfogadott hiedelmekkel szembemenve Shri Mataji \u0151sei \u00e1tt\u00e9rtek a&hellip; <br \/> <a class=\"read-more\" href=\"https:\/\/shrimataji.org\/test\/hu\/a-csalad\/\">Read more<\/a><\/p>\n","protected":false},"author":1,"featured_media":19214,"parent":0,"menu_order":0,"comment_status":"closed","ping_status":"closed","template":"","meta":{"inline_featured_image":false,"footnotes":"","advanced-sidebar-menu\/link-title":"","advanced-sidebar-menu\/exclude-page":false},"class_list":["post-19472","page","type-page","status-publish","has-post-thumbnail","hentry"],"yoast_head":"<!-- This site is optimized with the Yoast SEO plugin v27.4 - https:\/\/yoast.com\/product\/yoast-seo-wordpress\/ -->\n<title>A csal\u00e1d - TEST - SMND<\/title>\n<meta name=\"robots\" content=\"noindex, follow, max-snippet:-1, max-image-preview:large, max-video-preview:-1\" \/>\n<meta property=\"og:locale\" content=\"en_US\" \/>\n<meta property=\"og:type\" content=\"article\" \/>\n<meta property=\"og:title\" content=\"A csal\u00e1d - TEST - SMND\" \/>\n<meta property=\"og:description\" content=\"A csal\u00e1d A megvil\u00e1gosult nevel\u00e9s Shri Mataji, sz\u00fcletett Nirmala Salve, egy el\u0151kel\u0151 csal\u00e1dban j\u00f6tt vil\u00e1gra, amely az indiai kir\u00e1lyi Shalivahana dinaszti\u00e1b\u00f3l sz\u00e1rmazott. E kiv\u00e9teles csal\u00e1d jelleme gener\u00e1ci\u00f3kon \u00e1t\u00edvel\u0151en t\u00fckr\u00f6z\u0151dik, ak\u00e1rcsak a megalkuv\u00e1st nem ismer\u0151 ragaszkod\u00e1suk a legmagasabb erk\u00f6lcsi \u00e9s etikai norm\u00e1khoz. A hagyom\u00e1nyokkal \u00e9s a sz\u00e9les k\u00f6rben elfogadott hiedelmekkel szembemenve Shri Mataji \u0151sei \u00e1tt\u00e9rtek a&hellip; Read more\" \/>\n<meta property=\"og:url\" content=\"https:\/\/shrimataji.org\/test\/hu\/a-csalad\/\" \/>\n<meta property=\"og:site_name\" content=\"TEST - SMND\" \/>\n<meta property=\"article:publisher\" content=\"https:\/\/www.facebook.com\/shrimataji\" \/>\n<meta property=\"article:modified_time\" content=\"2026-04-25T15:35:11+00:00\" \/>\n<meta property=\"og:image\" content=\"https:\/\/shrimataji.org\/test\/wp-content\/uploads\/2023\/03\/6_Banner-Family-scaled.jpg\" \/>\n\t<meta property=\"og:image:width\" content=\"2560\" \/>\n\t<meta property=\"og:image:height\" content=\"905\" \/>\n\t<meta property=\"og:image:type\" content=\"image\/jpeg\" \/>\n<meta name=\"twitter:card\" content=\"summary_large_image\" \/>\n<meta name=\"twitter:site\" content=\"@shrimataji\" \/>\n<meta name=\"twitter:label1\" content=\"Est. reading time\" \/>\n\t<meta name=\"twitter:data1\" content=\"2 minutes\" \/>\n<script type=\"application\/ld+json\" class=\"yoast-schema-graph\">{\"@context\":\"https:\\\/\\\/schema.org\",\"@graph\":[{\"@type\":\"WebPage\",\"@id\":\"https:\\\/\\\/shrimataji.org\\\/test\\\/hu\\\/a-csalad\\\/\",\"url\":\"https:\\\/\\\/shrimataji.org\\\/test\\\/hu\\\/a-csalad\\\/\",\"name\":\"A csal\u00e1d - TEST - SMND\",\"isPartOf\":{\"@id\":\"https:\\\/\\\/shrimataji.org\\\/test\\\/#website\"},\"primaryImageOfPage\":{\"@id\":\"https:\\\/\\\/shrimataji.org\\\/test\\\/hu\\\/a-csalad\\\/#primaryimage\"},\"image\":{\"@id\":\"https:\\\/\\\/shrimataji.org\\\/test\\\/hu\\\/a-csalad\\\/#primaryimage\"},\"thumbnailUrl\":\"https:\\\/\\\/shrimataji.org\\\/test\\\/wp-content\\\/uploads\\\/2023\\\/03\\\/6_Banner-Family-scaled.jpg\",\"datePublished\":\"2018-07-10T06:54:42+00:00\",\"dateModified\":\"2026-04-25T15:35:11+00:00\",\"breadcrumb\":{\"@id\":\"https:\\\/\\\/shrimataji.org\\\/test\\\/hu\\\/a-csalad\\\/#breadcrumb\"},\"inLanguage\":\"en-US\",\"potentialAction\":[{\"@type\":\"ReadAction\",\"target\":[\"https:\\\/\\\/shrimataji.org\\\/test\\\/hu\\\/a-csalad\\\/\"]}]},{\"@type\":\"ImageObject\",\"inLanguage\":\"en-US\",\"@id\":\"https:\\\/\\\/shrimataji.org\\\/test\\\/hu\\\/a-csalad\\\/#primaryimage\",\"url\":\"https:\\\/\\\/shrimataji.org\\\/test\\\/wp-content\\\/uploads\\\/2023\\\/03\\\/6_Banner-Family-scaled.jpg\",\"contentUrl\":\"https:\\\/\\\/shrimataji.org\\\/test\\\/wp-content\\\/uploads\\\/2023\\\/03\\\/6_Banner-Family-scaled.jpg\",\"width\":2560,\"height\":905},{\"@type\":\"BreadcrumbList\",\"@id\":\"https:\\\/\\\/shrimataji.org\\\/test\\\/hu\\\/a-csalad\\\/#breadcrumb\",\"itemListElement\":[{\"@type\":\"ListItem\",\"position\":1,\"name\":\"Home\",\"item\":\"https:\\\/\\\/shrimataji.org\\\/test\\\/uk\\\/home-en\\\/\"},{\"@type\":\"ListItem\",\"position\":2,\"name\":\"A csal\u00e1d\"}]},{\"@type\":\"WebSite\",\"@id\":\"https:\\\/\\\/shrimataji.org\\\/test\\\/#website\",\"url\":\"https:\\\/\\\/shrimataji.org\\\/test\\\/\",\"name\":\"Shri Mataji Nirmala Devi\",\"description\":\"A Life Dedicated to Humanity\",\"publisher\":{\"@id\":\"https:\\\/\\\/shrimataji.org\\\/test\\\/#\\\/schema\\\/person\\\/a1b3419c6585f164aa96da1ff85715d1\"},\"potentialAction\":[{\"@type\":\"SearchAction\",\"target\":{\"@type\":\"EntryPoint\",\"urlTemplate\":\"https:\\\/\\\/shrimataji.org\\\/test\\\/?s={search_term_string}\"},\"query-input\":{\"@type\":\"PropertyValueSpecification\",\"valueRequired\":true,\"valueName\":\"search_term_string\"}}],\"inLanguage\":\"en-US\"},{\"@type\":[\"Person\",\"Organization\"],\"@id\":\"https:\\\/\\\/shrimataji.org\\\/test\\\/#\\\/schema\\\/person\\\/a1b3419c6585f164aa96da1ff85715d1\",\"name\":\"Nirmala Shrivastava\",\"image\":{\"@type\":\"ImageObject\",\"inLanguage\":\"en-US\",\"@id\":\"https:\\\/\\\/shrimataji.org\\\/test\\\/wp-content\\\/uploads\\\/2023\\\/02\\\/SMO_LOGO-03.svg\",\"url\":\"https:\\\/\\\/shrimataji.org\\\/test\\\/wp-content\\\/uploads\\\/2023\\\/02\\\/SMO_LOGO-03.svg\",\"contentUrl\":\"https:\\\/\\\/shrimataji.org\\\/test\\\/wp-content\\\/uploads\\\/2023\\\/02\\\/SMO_LOGO-03.svg\",\"width\":\"1024\",\"height\":\"1024\",\"caption\":\"Nirmala Shrivastava\"},\"logo\":{\"@id\":\"https:\\\/\\\/shrimataji.org\\\/test\\\/wp-content\\\/uploads\\\/2023\\\/02\\\/SMO_LOGO-03.svg\"},\"sameAs\":[\"https:\\\/\\\/shrimataji.org\\\/test\",\"https:\\\/\\\/www.facebook.com\\\/shrimataji\",\"https:\\\/\\\/x.com\\\/shrimataji\",\"https:\\\/\\\/www.youtube.com\\\/@Shri_Mataji_Nirmala_Devi\\\/featured\"]}]}<\/script>\n<!-- \/ Yoast SEO plugin. -->","yoast_head_json":{"title":"A csal\u00e1d - TEST - SMND","robots":{"index":"noindex","follow":"follow","max-snippet":"max-snippet:-1","max-image-preview":"max-image-preview:large","max-video-preview":"max-video-preview:-1"},"og_locale":"en_US","og_type":"article","og_title":"A csal\u00e1d - TEST - SMND","og_description":"A csal\u00e1d A megvil\u00e1gosult nevel\u00e9s Shri Mataji, sz\u00fcletett Nirmala Salve, egy el\u0151kel\u0151 csal\u00e1dban j\u00f6tt vil\u00e1gra, amely az indiai kir\u00e1lyi Shalivahana dinaszti\u00e1b\u00f3l sz\u00e1rmazott. E kiv\u00e9teles csal\u00e1d jelleme gener\u00e1ci\u00f3kon \u00e1t\u00edvel\u0151en t\u00fckr\u00f6z\u0151dik, ak\u00e1rcsak a megalkuv\u00e1st nem ismer\u0151 ragaszkod\u00e1suk a legmagasabb erk\u00f6lcsi \u00e9s etikai norm\u00e1khoz. A hagyom\u00e1nyokkal \u00e9s a sz\u00e9les k\u00f6rben elfogadott hiedelmekkel szembemenve Shri Mataji \u0151sei \u00e1tt\u00e9rtek a&hellip; Read more","og_url":"https:\/\/shrimataji.org\/test\/hu\/a-csalad\/","og_site_name":"TEST - SMND","article_publisher":"https:\/\/www.facebook.com\/shrimataji","article_modified_time":"2026-04-25T15:35:11+00:00","og_image":[{"width":2560,"height":905,"url":"https:\/\/shrimataji.org\/test\/wp-content\/uploads\/2023\/03\/6_Banner-Family-scaled.jpg","type":"image\/jpeg"}],"twitter_card":"summary_large_image","twitter_site":"@shrimataji","twitter_misc":{"Est. reading time":"2 minutes"},"schema":{"@context":"https:\/\/schema.org","@graph":[{"@type":"WebPage","@id":"https:\/\/shrimataji.org\/test\/hu\/a-csalad\/","url":"https:\/\/shrimataji.org\/test\/hu\/a-csalad\/","name":"A csal\u00e1d - TEST - SMND","isPartOf":{"@id":"https:\/\/shrimataji.org\/test\/#website"},"primaryImageOfPage":{"@id":"https:\/\/shrimataji.org\/test\/hu\/a-csalad\/#primaryimage"},"image":{"@id":"https:\/\/shrimataji.org\/test\/hu\/a-csalad\/#primaryimage"},"thumbnailUrl":"https:\/\/shrimataji.org\/test\/wp-content\/uploads\/2023\/03\/6_Banner-Family-scaled.jpg","datePublished":"2018-07-10T06:54:42+00:00","dateModified":"2026-04-25T15:35:11+00:00","breadcrumb":{"@id":"https:\/\/shrimataji.org\/test\/hu\/a-csalad\/#breadcrumb"},"inLanguage":"en-US","potentialAction":[{"@type":"ReadAction","target":["https:\/\/shrimataji.org\/test\/hu\/a-csalad\/"]}]},{"@type":"ImageObject","inLanguage":"en-US","@id":"https:\/\/shrimataji.org\/test\/hu\/a-csalad\/#primaryimage","url":"https:\/\/shrimataji.org\/test\/wp-content\/uploads\/2023\/03\/6_Banner-Family-scaled.jpg","contentUrl":"https:\/\/shrimataji.org\/test\/wp-content\/uploads\/2023\/03\/6_Banner-Family-scaled.jpg","width":2560,"height":905},{"@type":"BreadcrumbList","@id":"https:\/\/shrimataji.org\/test\/hu\/a-csalad\/#breadcrumb","itemListElement":[{"@type":"ListItem","position":1,"name":"Home","item":"https:\/\/shrimataji.org\/test\/uk\/home-en\/"},{"@type":"ListItem","position":2,"name":"A csal\u00e1d"}]},{"@type":"WebSite","@id":"https:\/\/shrimataji.org\/test\/#website","url":"https:\/\/shrimataji.org\/test\/","name":"Shri Mataji Nirmala Devi","description":"A Life Dedicated to Humanity","publisher":{"@id":"https:\/\/shrimataji.org\/test\/#\/schema\/person\/a1b3419c6585f164aa96da1ff85715d1"},"potentialAction":[{"@type":"SearchAction","target":{"@type":"EntryPoint","urlTemplate":"https:\/\/shrimataji.org\/test\/?s={search_term_string}"},"query-input":{"@type":"PropertyValueSpecification","valueRequired":true,"valueName":"search_term_string"}}],"inLanguage":"en-US"},{"@type":["Person","Organization"],"@id":"https:\/\/shrimataji.org\/test\/#\/schema\/person\/a1b3419c6585f164aa96da1ff85715d1","name":"Nirmala Shrivastava","image":{"@type":"ImageObject","inLanguage":"en-US","@id":"https:\/\/shrimataji.org\/test\/wp-content\/uploads\/2023\/02\/SMO_LOGO-03.svg","url":"https:\/\/shrimataji.org\/test\/wp-content\/uploads\/2023\/02\/SMO_LOGO-03.svg","contentUrl":"https:\/\/shrimataji.org\/test\/wp-content\/uploads\/2023\/02\/SMO_LOGO-03.svg","width":"1024","height":"1024","caption":"Nirmala Shrivastava"},"logo":{"@id":"https:\/\/shrimataji.org\/test\/wp-content\/uploads\/2023\/02\/SMO_LOGO-03.svg"},"sameAs":["https:\/\/shrimataji.org\/test","https:\/\/www.facebook.com\/shrimataji","https:\/\/x.com\/shrimataji","https:\/\/www.youtube.com\/@Shri_Mataji_Nirmala_Devi\/featured"]}]}},"lang":"hu","translations":{"hu":19472},"pll_sync_post":[],"_links":{"self":[{"href":"https:\/\/shrimataji.org\/test\/wp-json\/wp\/v2\/pages\/19472","targetHints":{"allow":["GET"]}}],"collection":[{"href":"https:\/\/shrimataji.org\/test\/wp-json\/wp\/v2\/pages"}],"about":[{"href":"https:\/\/shrimataji.org\/test\/wp-json\/wp\/v2\/types\/page"}],"author":[{"embeddable":true,"href":"https:\/\/shrimataji.org\/test\/wp-json\/wp\/v2\/users\/1"}],"replies":[{"embeddable":true,"href":"https:\/\/shrimataji.org\/test\/wp-json\/wp\/v2\/comments?post=19472"}],"version-history":[{"count":1,"href":"https:\/\/shrimataji.org\/test\/wp-json\/wp\/v2\/pages\/19472\/revisions"}],"predecessor-version":[{"id":40019,"href":"https:\/\/shrimataji.org\/test\/wp-json\/wp\/v2\/pages\/19472\/revisions\/40019"}],"wp:featuredmedia":[{"embeddable":true,"href":"https:\/\/shrimataji.org\/test\/wp-json\/wp\/v2\/media\/19214"}],"wp:attachment":[{"href":"https:\/\/shrimataji.org\/test\/wp-json\/wp\/v2\/media?parent=19472"}],"curies":[{"name":"wp","href":"https:\/\/api.w.org\/{rel}","templated":true}]}}