{"id":19483,"date":"2018-07-10T06:54:50","date_gmt":"2018-07-10T06:54:50","guid":{"rendered":"http:\/\/testwordpress.nirmalnagari.org\/smnd\/index.php\/glossary\/"},"modified":"2026-04-11T11:19:28","modified_gmt":"2026-04-11T11:19:28","slug":"glossary","status":"publish","type":"page","link":"https:\/\/shrimataji.org\/test\/hu\/glossary\/","title":{"rendered":"Sz\u00f3jegyz\u00e9k"},"content":{"rendered":"\n\n\t<h1>Sz\u00f3jegyz\u00e9k<\/h1>\n\t<p><a href=\"#Dharma\">Dharma<\/a><\/p>\n<p><a href=\"#Kundalini\">Kundalini<\/a><\/p>\n<p><a href=\"#SahajaJ\u00f3ga\"> Sahaja J\u00f3ga<\/a><\/p>\n<p><a href=\"#SahajaJ\u00f3gamedit\u00e1ci\u00f3\">Sahaja J\u00f3ga medit\u00e1ci\u00f3<\/a><\/p>\n<p><a href=\"#Sahasrara\">Sahasrara<\/a><\/p>\n<p><a href=\"#\u00d6nval\u00f3\">\u00d6nval\u00f3<\/a><\/p>\n<p><a href=\"#\u00d6nmegval\u00f3sul\u00e1s\">\u00d6nmegval\u00f3sul\u00e1s<\/a><\/p>\n<p><a href=\"#L\u00e9lek\">L\u00e9lek<\/a><\/p>\n<p><a href=\"#Finomrendszer\">Finomrendszer<\/a><\/p>\n<p><a href=\"#Gondolatn\u00e9lk\u00fclitudatoss\u00e1g\">Gondolatn\u00e9lk\u00fcli tudatoss\u00e1g<\/a><\/p>\n<p><a href=\"#Vibr\u00e1ci\u00f3k\">Vibr\u00e1ci\u00f3k<\/a><\/p>\n<p><a href=\"#J\u00f3ga\">J\u00f3ga<\/a><\/p>\n\t<p><strong>Dharma<\/strong><\/p>\n<p>A helyes viselked\u00e9s vagy igazs\u00e1goss\u00e1g bels\u0151 k\u00f3dexe, mint az \u00f6kol\u00f3gia \u00e9s az evol\u00faci\u00f3 fenntart\u00f3 \u00e9s kiegyens\u00falyoz\u00f3 t\u00e9nyez\u0151je.<\/p>\n<p><a name=\"Kundalini\"><\/a><\/p>\n<p><strong>Kundalini<\/strong><\/p>\n<p>Egy alv\u00f3 anyai energia, amely a gerincoszlop alj\u00e1n feltekeredve tal\u00e1lhat\u00f3. Amikor fel\u00e9bred, ez a j\u00f3t\u00e9kony, t\u00e1pl\u00e1l\u00f3 energia felfel\u00e9 halad a gerincvel\u0151 ment\u00e9n, \u00e9s a fejtet\u0151n, a kutacs k\u00f6rny\u00e9k\u00e9n j\u00f6n ki. Ezt az energi\u00e1t h\u0171v\u00f6s szell\u0151k\u00e9nt \u00e9rezhetj\u00fck a fej\u00fcnk felett, valamint a tenyer\u00fcnkben.<\/p>\n<p><a name=\"SahajaYoga\"><\/a><\/p>\n<p><strong>Sahaja J\u00f3ga<\/strong><\/p>\n<p>A Sahaja (ejtsd: szahadzsa) jelent\u00e9se \u201eveled sz\u00fcletett&#8221; &#8211; a saha \u201eveled&#8221;, a ja \u201esz\u00fcletett&#8221;. Shri Mataji elmagyar\u00e1zza: \u201eA sahaja azt is jelenti, hogy &#8216;spont\u00e1n&#8217;, mert ez az er\u0151 \u00e9l\u0151, ami ezt m\u0171k\u00f6dteti. Van benn\u00fcnk egy \u00e9l\u0151 er\u0151, amely az am\u0151ba st\u00e1dium\u00e1b\u00f3l emberi l\u00e9nyekk\u00e9 fejlesztett minket. \u00c9s most van egy m\u00e1sik marad\u00e9k er\u0151, amelynek \u00f6ssze kell kapcsolnia minket az Istenivel. Ez a j\u00f3ga sz\u00f3 val\u00f3di jelent\u00e9se. \u00c9s minden embernek joga van ahhoz, hogy egyes\u00fclj\u00f6n ezzel a mindent \u00e1that\u00f3 er\u0151vel. Teh\u00e1t ez az evol\u00faci\u00f3nk utols\u00f3 \u00e1tt\u00f6r\u00e9se.&#8221;<\/p>\n<p><a name=\"SahajaYogaMeditation\"><\/a><\/p>\n<p><strong>Sahaja J\u00f3ga medit\u00e1ci\u00f3<\/strong><\/p>\n<p>Az \u201e\u00f6nmegval\u00f3sul\u00e1s&#8221; (a Kundalini fel\u00e9bred\u00e9s\u00e9nek) \u00e9lm\u00e9ny\u00e9t l\u00e9trehoz\u00f3 technika. A Sahaja J\u00f3ga medit\u00e1ci\u00f3j\u00e1n kereszt\u00fcl az ember kapcsolatba l\u00e9phet val\u00f3di \u00c9nj\u00e9vel, \u00e9s el\u00e9rheti a gondolatmentes tudatoss\u00e1g \u00e1llapot\u00e1t &#8211; mindkett\u0151 a \u201ej\u00f3ga&#8221; vagy az \u201eegyes\u00fcl\u00e9s&#8221; megval\u00f3sul\u00e1sa. Rendszeres gyakorl\u00e1ssal az egy\u00e9n sz\u00e1m\u00e1ra el\u00e9rhet\u0151 lesz ez a gondolatmentes tudatoss\u00e1g \u00e1llapota, \u00e9s a spiritu\u00e1lis n\u00f6veked\u00e9s.<\/p>\n<p><a name=\"Sahasrara\"><\/a><\/p>\n<p><strong>Sahasrara<\/strong><\/p>\n<p>A hetedik energiak\u00f6zpontot a kutacsok ter\u00fclet\u00e9n, a fejtet\u0151n \u00e9rz\u00e9kelhetj\u00fck. Ezen a ponton kereszt\u00fcl halad \u00e1t a Kundalini energia, l\u00e9trehozva a gondolatmentes tudatoss\u00e1g \u00e1llapot\u00e1t.<\/p>\n<p><a name=\"Self\"><\/a><\/p>\n<p><strong>\u00d6nval\u00f3<\/strong><\/p>\n<p>A spiritualit\u00e1s hagyom\u00e1nya szerint, benn\u00fcnk lakozik az er\u0151 az \u00f6nmegval\u00f3sul\u00e1shoz, az \u00d6nval\u00f3nkhoz, az \u00c9n\u00fcnkh\u00f6z val\u00f3 eljut\u00e1shoz. Shri Mataji elmagyar\u00e1zza, hogy az igazs\u00e1g az, hogy mi nem ez a test vagyunk, nem ez az elme vagyunk, nem ez az ego vagyunk, nem ezek a szok\u00e1sok vagyunk. Az \u00d6nval\u00f3 a mindannyiunkban \u00e9l\u0151 tiszta L\u00e9lek. Ez az, ami kisug\u00e1rzik. Az L\u00e9lek az, ami dics\u0151s\u00e9get ad. Az L\u00e9lek az, ami megadja a tiszta szeretet, a biztons\u00e1g \u00e9s a seg\u00edts\u00e9g minden \u00e1ld\u00e1s\u00e1t, amelyet mindenki meg\u00e9rdemel.<\/p>\n<p><a name=\"Self-Realization\"><\/a><\/p>\n<p><strong>\u00d6nmegval\u00f3sul\u00e1s<\/strong><\/p>\n<p>Az egy\u00e9ni tudat val\u00f3s egyes\u00fcl\u00e9se a L\u00e9lek \u00e9s az Isteni term\u00e9szet tiszta \u00e9s k\u00f6zvetlen tudatoss\u00e1g\u00e1val. Ez nem a spiritu\u00e1lis evol\u00faci\u00f3 v\u00e9gpontja, hanem val\u00f3j\u00e1ban az igazi kezdete. Az \u00d6nmegval\u00f3sul\u00e1s megnyitja az utat a fejl\u0151d\u00e9s el\u0151tt az\u00e1ltal, hogy megsz\u00fcnteti a hamiss\u00e1ggal val\u00f3 azonosul\u00e1st. Lehet\u0151v\u00e9 teszi a Kundalini szabad \u00e1raml\u00e1s\u00e1t, val\u00f3di kapcsolatot teremt az isteni er\u0151vel, ez\u00e1ltal fel\u00e9bresztve az egy\u00e9nben rejl\u0151 \u00f6sszes velesz\u00fcletett \u00f6nkorrekci\u00f3s er\u0151t.<\/p>\n<p><a name=\"Spirit\"><\/a><\/p>\n<p><strong>L\u00e9lek<\/strong><\/p>\n<p>Az Isteni t\u00fck\u00f6rk\u00e9pe mindenkiben, az igazi vagy tiszta \u00d6nval\u00f3, a val\u00f3di \u00c9n. Az \u00f6nmegval\u00f3sul\u00e1s ut\u00e1n a L\u00e9lek \u00e9rz\u00e9kelhet\u0151 \u00e9s \u00e9rezhet\u0151 a figyelm\u00fcnkben.<\/p>\n<p><a name=\"SubtleSystem\"><\/a><\/p>\n<p><strong>Finomrendszer<\/strong><\/p>\n<p>A finomrendszer az energiak\u00f6zpontok \u00e9s csatorn\u00e1k h\u00e1l\u00f3zata, amelyeken kereszt\u00fcl a bels\u0151 energia \u00e1ramlik. A Sahaja J\u00f3g\u00e1val v\u00e9gzett medit\u00e1ci\u00f3 seg\u00edt megtanulni \u00e9rezni, meg\u00e9rteni \u00e9s v\u00e9gs\u0151 soron haszn\u00e1lni a finomrendszert, hogy seg\u00edts\u00fck az eg\u00e9szs\u00e9g\u00fcnket, az egyens\u00falyunkat \u00e9s a j\u00f3l\u00e9t\u00fcnket. Ez a folyamat a bels\u0151 energi\u00e1d, m\u00e1s n\u00e9ven Kundalini fel\u00e9breszt\u00e9s\u00e9vel kezd\u0151dik.<\/p>\n<p><a name=\"ThoughtlessAwareness\"><\/a><\/p>\n<p><strong>Gondolatn\u00e9lk\u00fcli tudatoss\u00e1g<\/strong><\/p>\n<p>A fokozott tudatoss\u00e1g \u00e1llapota, amikor az elme nyugodt, de m\u00e9gis \u00e9ber. A nem k\u00edv\u00e1nt ment\u00e1lis tev\u00e9kenys\u00e9g megsz\u0171nik, lehet\u0151v\u00e9 t\u00e9ve a figyelem sz\u00e1m\u00e1ra, hogy a jelen pillanatra \u00f6sszpontos\u00edtson. A stressz \u00e9s a f\u00e1radts\u00e1g leggyakrabban a m\u00falton vagy a j\u00f6v\u0151n val\u00f3 gondolkod\u00e1sb\u00f3l ered. Amikor a gondolatok lecsendesednek, az idegrendszer term\u00e9szetes gy\u00f3gy\u00edt\u00f3 ereje beindul, helyre\u00e1ll\u00edtva az energi\u00e1t, az egyens\u00falyt \u00e9s az eg\u00e9szs\u00e9get.<\/p>\n<p><a name=\"Vibrations\"><\/a><\/p>\n<p><strong>Vibr\u00e1ci\u00f3k<\/strong><\/p>\n<p>Minden \u00e9l\u0151l\u00e9ny r\u00e9szecsk\u00e9k \u00e9s hull\u00e1mok kombin\u00e1ci\u00f3ja, amelyek valamilyen rezg\u00e9seket, vibr\u00e1ci\u00f3kat bocs\u00e1tanak ki, legyen az pozit\u00edv vagy negat\u00edv. A pozit\u00edv vibr\u00e1ci\u00f3k j\u00f3t\u00e9konyak \u00e9s t\u00e1pl\u00e1l\u00f3ak. Az \u00f6nmegval\u00f3sul\u00e1s ut\u00e1n a k\u00f6zponti idegrendszer sz\u00e1m\u00e1ra a pozit\u00edv vibr\u00e1ci\u00f3k h\u0171v\u00f6s szell\u0151 form\u00e1j\u00e1ban v\u00e1lnak \u00e9rz\u00e9kelhet\u0151v\u00e9 a teny\u00e9rben \u00e9s a kutacs felett. &#8220;A vibr\u00e1ci\u00f3k nem m\u00e1sok, mint az isteni szeretet.&#8221; &#8211; Shri Mataji<a name=\"Yoga\"><\/a><\/p>\n<p><strong>J\u00f3ga<\/strong><\/p>\n<p>A k\u00f6zhiedelemmel ellent\u00e9tben a j\u00f3ga nem gyakorlatok vagy p\u00f3zok sorozat\u00e1t jel\u00f6li, hanem val\u00f3j\u00e1ban \u201eegyes\u00fcl\u00e9st, \u00f6sszekapcsol\u00f3d\u00e1st&#8221; jelent. A j\u00f3g\u00e1ra val\u00f3 korai utal\u00e1s a Patandzsali J\u00f3ga Sz\u00fatr\u00e1kban tal\u00e1lhat\u00f3, amelyek az i. e. 2. sz\u00e1zadi Indi\u00e1b\u00f3l sz\u00e1rmaz\u00f3 aforizm\u00e1k gy\u0171jtem\u00e9nye.<\/p>\n\n","protected":false},"excerpt":{"rendered":"<p>Sz\u00f3jegyz\u00e9k Dharma Kundalini Sahaja J\u00f3ga Sahaja J\u00f3ga medit\u00e1ci\u00f3 Sahasrara \u00d6nval\u00f3 \u00d6nmegval\u00f3sul\u00e1s L\u00e9lek Finomrendszer Gondolatn\u00e9lk\u00fcli tudatoss\u00e1g Vibr\u00e1ci\u00f3k J\u00f3ga Dharma A helyes viselked\u00e9s vagy igazs\u00e1goss\u00e1g bels\u0151 k\u00f3dexe, mint az \u00f6kol\u00f3gia \u00e9s az evol\u00faci\u00f3 fenntart\u00f3 \u00e9s kiegyens\u00falyoz\u00f3 t\u00e9nyez\u0151je. Kundalini Egy alv\u00f3 anyai energia, amely a gerincoszlop alj\u00e1n feltekeredve tal\u00e1lhat\u00f3. Amikor fel\u00e9bred, ez a j\u00f3t\u00e9kony, t\u00e1pl\u00e1l\u00f3 energia felfel\u00e9 halad&hellip; <br \/> <a class=\"read-more\" href=\"https:\/\/shrimataji.org\/test\/hu\/glossary\/\">Read more<\/a><\/p>\n","protected":false},"author":1,"featured_media":19221,"parent":0,"menu_order":0,"comment_status":"closed","ping_status":"closed","template":"","meta":{"inline_featured_image":false,"footnotes":""},"class_list":["post-19483","page","type-page","status-publish","has-post-thumbnail","hentry"],"yoast_head":"<!-- This site is optimized with the Yoast SEO plugin v27.4 - https:\/\/yoast.com\/product\/yoast-seo-wordpress\/ -->\n<title>Sz\u00f3jegyz\u00e9k - TEST - SMND<\/title>\n<meta name=\"robots\" content=\"noindex, follow, max-snippet:-1, max-image-preview:large, max-video-preview:-1\" \/>\n<meta property=\"og:locale\" content=\"en_US\" \/>\n<meta property=\"og:type\" content=\"article\" \/>\n<meta property=\"og:title\" content=\"Sz\u00f3jegyz\u00e9k - TEST - SMND\" \/>\n<meta property=\"og:description\" content=\"Sz\u00f3jegyz\u00e9k Dharma Kundalini Sahaja J\u00f3ga Sahaja J\u00f3ga medit\u00e1ci\u00f3 Sahasrara \u00d6nval\u00f3 \u00d6nmegval\u00f3sul\u00e1s L\u00e9lek Finomrendszer Gondolatn\u00e9lk\u00fcli tudatoss\u00e1g Vibr\u00e1ci\u00f3k J\u00f3ga Dharma A helyes viselked\u00e9s vagy igazs\u00e1goss\u00e1g bels\u0151 k\u00f3dexe, mint az \u00f6kol\u00f3gia \u00e9s az evol\u00faci\u00f3 fenntart\u00f3 \u00e9s kiegyens\u00falyoz\u00f3 t\u00e9nyez\u0151je. Kundalini Egy alv\u00f3 anyai energia, amely a gerincoszlop alj\u00e1n feltekeredve tal\u00e1lhat\u00f3. Amikor fel\u00e9bred, ez a j\u00f3t\u00e9kony, t\u00e1pl\u00e1l\u00f3 energia felfel\u00e9 halad&hellip; Read more\" \/>\n<meta property=\"og:url\" content=\"https:\/\/shrimataji.org\/test\/hu\/glossary\/\" \/>\n<meta property=\"og:site_name\" content=\"TEST - SMND\" \/>\n<meta property=\"article:publisher\" content=\"https:\/\/www.facebook.com\/shrimataji\" \/>\n<meta property=\"article:modified_time\" content=\"2026-04-11T11:19:28+00:00\" \/>\n<meta property=\"og:image\" content=\"https:\/\/shrimataji.org\/test\/wp-content\/uploads\/2023\/03\/Banner-Footer-Castle-1-scaled.jpg\" \/>\n\t<meta property=\"og:image:width\" content=\"2560\" \/>\n\t<meta property=\"og:image:height\" content=\"905\" \/>\n\t<meta property=\"og:image:type\" content=\"image\/jpeg\" \/>\n<meta name=\"twitter:card\" content=\"summary_large_image\" \/>\n<meta name=\"twitter:site\" content=\"@shrimataji\" \/>\n<meta name=\"twitter:label1\" content=\"Est. reading time\" \/>\n\t<meta name=\"twitter:data1\" content=\"4 minutes\" \/>\n<script type=\"application\/ld+json\" class=\"yoast-schema-graph\">{\"@context\":\"https:\\\/\\\/schema.org\",\"@graph\":[{\"@type\":\"WebPage\",\"@id\":\"https:\\\/\\\/shrimataji.org\\\/test\\\/hu\\\/glossary\\\/\",\"url\":\"https:\\\/\\\/shrimataji.org\\\/test\\\/hu\\\/glossary\\\/\",\"name\":\"Sz\u00f3jegyz\u00e9k - TEST - SMND\",\"isPartOf\":{\"@id\":\"https:\\\/\\\/shrimataji.org\\\/test\\\/#website\"},\"primaryImageOfPage\":{\"@id\":\"https:\\\/\\\/shrimataji.org\\\/test\\\/hu\\\/glossary\\\/#primaryimage\"},\"image\":{\"@id\":\"https:\\\/\\\/shrimataji.org\\\/test\\\/hu\\\/glossary\\\/#primaryimage\"},\"thumbnailUrl\":\"https:\\\/\\\/shrimataji.org\\\/test\\\/wp-content\\\/uploads\\\/2023\\\/03\\\/Banner-Footer-Castle-1-scaled.jpg\",\"datePublished\":\"2018-07-10T06:54:50+00:00\",\"dateModified\":\"2026-04-11T11:19:28+00:00\",\"breadcrumb\":{\"@id\":\"https:\\\/\\\/shrimataji.org\\\/test\\\/hu\\\/glossary\\\/#breadcrumb\"},\"inLanguage\":\"en-US\",\"potentialAction\":[{\"@type\":\"ReadAction\",\"target\":[\"https:\\\/\\\/shrimataji.org\\\/test\\\/hu\\\/glossary\\\/\"]}]},{\"@type\":\"ImageObject\",\"inLanguage\":\"en-US\",\"@id\":\"https:\\\/\\\/shrimataji.org\\\/test\\\/hu\\\/glossary\\\/#primaryimage\",\"url\":\"https:\\\/\\\/shrimataji.org\\\/test\\\/wp-content\\\/uploads\\\/2023\\\/03\\\/Banner-Footer-Castle-1-scaled.jpg\",\"contentUrl\":\"https:\\\/\\\/shrimataji.org\\\/test\\\/wp-content\\\/uploads\\\/2023\\\/03\\\/Banner-Footer-Castle-1-scaled.jpg\",\"width\":2560,\"height\":905},{\"@type\":\"BreadcrumbList\",\"@id\":\"https:\\\/\\\/shrimataji.org\\\/test\\\/hu\\\/glossary\\\/#breadcrumb\",\"itemListElement\":[{\"@type\":\"ListItem\",\"position\":1,\"name\":\"Home\",\"item\":\"https:\\\/\\\/shrimataji.org\\\/test\\\/uk\\\/home-en\\\/\"},{\"@type\":\"ListItem\",\"position\":2,\"name\":\"Sz\u00f3jegyz\u00e9k\"}]},{\"@type\":\"WebSite\",\"@id\":\"https:\\\/\\\/shrimataji.org\\\/test\\\/#website\",\"url\":\"https:\\\/\\\/shrimataji.org\\\/test\\\/\",\"name\":\"Shri Mataji Nirmala Devi\",\"description\":\"A Life Dedicated to Humanity\",\"publisher\":{\"@id\":\"https:\\\/\\\/shrimataji.org\\\/test\\\/#\\\/schema\\\/person\\\/a1b3419c6585f164aa96da1ff85715d1\"},\"potentialAction\":[{\"@type\":\"SearchAction\",\"target\":{\"@type\":\"EntryPoint\",\"urlTemplate\":\"https:\\\/\\\/shrimataji.org\\\/test\\\/?s={search_term_string}\"},\"query-input\":{\"@type\":\"PropertyValueSpecification\",\"valueRequired\":true,\"valueName\":\"search_term_string\"}}],\"inLanguage\":\"en-US\"},{\"@type\":[\"Person\",\"Organization\"],\"@id\":\"https:\\\/\\\/shrimataji.org\\\/test\\\/#\\\/schema\\\/person\\\/a1b3419c6585f164aa96da1ff85715d1\",\"name\":\"Nirmala Shrivastava\",\"image\":{\"@type\":\"ImageObject\",\"inLanguage\":\"en-US\",\"@id\":\"https:\\\/\\\/shrimataji.org\\\/test\\\/wp-content\\\/uploads\\\/2023\\\/02\\\/SMO_LOGO-03.svg\",\"url\":\"https:\\\/\\\/shrimataji.org\\\/test\\\/wp-content\\\/uploads\\\/2023\\\/02\\\/SMO_LOGO-03.svg\",\"contentUrl\":\"https:\\\/\\\/shrimataji.org\\\/test\\\/wp-content\\\/uploads\\\/2023\\\/02\\\/SMO_LOGO-03.svg\",\"width\":\"1024\",\"height\":\"1024\",\"caption\":\"Nirmala Shrivastava\"},\"logo\":{\"@id\":\"https:\\\/\\\/shrimataji.org\\\/test\\\/wp-content\\\/uploads\\\/2023\\\/02\\\/SMO_LOGO-03.svg\"},\"sameAs\":[\"https:\\\/\\\/shrimataji.org\\\/test\",\"https:\\\/\\\/www.facebook.com\\\/shrimataji\",\"https:\\\/\\\/x.com\\\/shrimataji\",\"https:\\\/\\\/www.youtube.com\\\/@Shri_Mataji_Nirmala_Devi\\\/featured\"]}]}<\/script>\n<!-- \/ Yoast SEO plugin. -->","yoast_head_json":{"title":"Sz\u00f3jegyz\u00e9k - TEST - SMND","robots":{"index":"noindex","follow":"follow","max-snippet":"max-snippet:-1","max-image-preview":"max-image-preview:large","max-video-preview":"max-video-preview:-1"},"og_locale":"en_US","og_type":"article","og_title":"Sz\u00f3jegyz\u00e9k - TEST - SMND","og_description":"Sz\u00f3jegyz\u00e9k Dharma Kundalini Sahaja J\u00f3ga Sahaja J\u00f3ga medit\u00e1ci\u00f3 Sahasrara \u00d6nval\u00f3 \u00d6nmegval\u00f3sul\u00e1s L\u00e9lek Finomrendszer Gondolatn\u00e9lk\u00fcli tudatoss\u00e1g Vibr\u00e1ci\u00f3k J\u00f3ga Dharma A helyes viselked\u00e9s vagy igazs\u00e1goss\u00e1g bels\u0151 k\u00f3dexe, mint az \u00f6kol\u00f3gia \u00e9s az evol\u00faci\u00f3 fenntart\u00f3 \u00e9s kiegyens\u00falyoz\u00f3 t\u00e9nyez\u0151je. Kundalini Egy alv\u00f3 anyai energia, amely a gerincoszlop alj\u00e1n feltekeredve tal\u00e1lhat\u00f3. Amikor fel\u00e9bred, ez a j\u00f3t\u00e9kony, t\u00e1pl\u00e1l\u00f3 energia felfel\u00e9 halad&hellip; Read more","og_url":"https:\/\/shrimataji.org\/test\/hu\/glossary\/","og_site_name":"TEST - SMND","article_publisher":"https:\/\/www.facebook.com\/shrimataji","article_modified_time":"2026-04-11T11:19:28+00:00","og_image":[{"width":2560,"height":905,"url":"https:\/\/shrimataji.org\/test\/wp-content\/uploads\/2023\/03\/Banner-Footer-Castle-1-scaled.jpg","type":"image\/jpeg"}],"twitter_card":"summary_large_image","twitter_site":"@shrimataji","twitter_misc":{"Est. reading time":"4 minutes"},"schema":{"@context":"https:\/\/schema.org","@graph":[{"@type":"WebPage","@id":"https:\/\/shrimataji.org\/test\/hu\/glossary\/","url":"https:\/\/shrimataji.org\/test\/hu\/glossary\/","name":"Sz\u00f3jegyz\u00e9k - TEST - SMND","isPartOf":{"@id":"https:\/\/shrimataji.org\/test\/#website"},"primaryImageOfPage":{"@id":"https:\/\/shrimataji.org\/test\/hu\/glossary\/#primaryimage"},"image":{"@id":"https:\/\/shrimataji.org\/test\/hu\/glossary\/#primaryimage"},"thumbnailUrl":"https:\/\/shrimataji.org\/test\/wp-content\/uploads\/2023\/03\/Banner-Footer-Castle-1-scaled.jpg","datePublished":"2018-07-10T06:54:50+00:00","dateModified":"2026-04-11T11:19:28+00:00","breadcrumb":{"@id":"https:\/\/shrimataji.org\/test\/hu\/glossary\/#breadcrumb"},"inLanguage":"en-US","potentialAction":[{"@type":"ReadAction","target":["https:\/\/shrimataji.org\/test\/hu\/glossary\/"]}]},{"@type":"ImageObject","inLanguage":"en-US","@id":"https:\/\/shrimataji.org\/test\/hu\/glossary\/#primaryimage","url":"https:\/\/shrimataji.org\/test\/wp-content\/uploads\/2023\/03\/Banner-Footer-Castle-1-scaled.jpg","contentUrl":"https:\/\/shrimataji.org\/test\/wp-content\/uploads\/2023\/03\/Banner-Footer-Castle-1-scaled.jpg","width":2560,"height":905},{"@type":"BreadcrumbList","@id":"https:\/\/shrimataji.org\/test\/hu\/glossary\/#breadcrumb","itemListElement":[{"@type":"ListItem","position":1,"name":"Home","item":"https:\/\/shrimataji.org\/test\/uk\/home-en\/"},{"@type":"ListItem","position":2,"name":"Sz\u00f3jegyz\u00e9k"}]},{"@type":"WebSite","@id":"https:\/\/shrimataji.org\/test\/#website","url":"https:\/\/shrimataji.org\/test\/","name":"Shri Mataji Nirmala Devi","description":"A Life Dedicated to Humanity","publisher":{"@id":"https:\/\/shrimataji.org\/test\/#\/schema\/person\/a1b3419c6585f164aa96da1ff85715d1"},"potentialAction":[{"@type":"SearchAction","target":{"@type":"EntryPoint","urlTemplate":"https:\/\/shrimataji.org\/test\/?s={search_term_string}"},"query-input":{"@type":"PropertyValueSpecification","valueRequired":true,"valueName":"search_term_string"}}],"inLanguage":"en-US"},{"@type":["Person","Organization"],"@id":"https:\/\/shrimataji.org\/test\/#\/schema\/person\/a1b3419c6585f164aa96da1ff85715d1","name":"Nirmala Shrivastava","image":{"@type":"ImageObject","inLanguage":"en-US","@id":"https:\/\/shrimataji.org\/test\/wp-content\/uploads\/2023\/02\/SMO_LOGO-03.svg","url":"https:\/\/shrimataji.org\/test\/wp-content\/uploads\/2023\/02\/SMO_LOGO-03.svg","contentUrl":"https:\/\/shrimataji.org\/test\/wp-content\/uploads\/2023\/02\/SMO_LOGO-03.svg","width":"1024","height":"1024","caption":"Nirmala Shrivastava"},"logo":{"@id":"https:\/\/shrimataji.org\/test\/wp-content\/uploads\/2023\/02\/SMO_LOGO-03.svg"},"sameAs":["https:\/\/shrimataji.org\/test","https:\/\/www.facebook.com\/shrimataji","https:\/\/x.com\/shrimataji","https:\/\/www.youtube.com\/@Shri_Mataji_Nirmala_Devi\/featured"]}]}},"lang":"hu","translations":{"hu":19483,"ur":38951,"en":448,"am":18007,"th":19953,"sq":18408,"zh":17305,"tr":10164,"pt":10376,"de":10650,"fr":10748,"it":10846,"es":10943,"ja":11240,"ru":11428,"bn":11620,"te":11728,"sw":11851,"he":11999,"el":12290,"sk":12388,"fa":12486,"fi":12584,"bg":13451,"ro":14525,"cs":14718,"nl":16568,"ku":16728,"ar":16904,"be":18615,"kn":18889,"mr":20317,"uk":20609,"ml":20905,"ta":22723,"sv":22996,"gu":28842,"pa":29000,"fil":29442,"da":38947,"nn":38949,"pl":39854},"pll_sync_post":[],"_links":{"self":[{"href":"https:\/\/shrimataji.org\/test\/wp-json\/wp\/v2\/pages\/19483","targetHints":{"allow":["GET"]}}],"collection":[{"href":"https:\/\/shrimataji.org\/test\/wp-json\/wp\/v2\/pages"}],"about":[{"href":"https:\/\/shrimataji.org\/test\/wp-json\/wp\/v2\/types\/page"}],"author":[{"embeddable":true,"href":"https:\/\/shrimataji.org\/test\/wp-json\/wp\/v2\/users\/1"}],"replies":[{"embeddable":true,"href":"https:\/\/shrimataji.org\/test\/wp-json\/wp\/v2\/comments?post=19483"}],"version-history":[{"count":0,"href":"https:\/\/shrimataji.org\/test\/wp-json\/wp\/v2\/pages\/19483\/revisions"}],"wp:featuredmedia":[{"embeddable":true,"href":"https:\/\/shrimataji.org\/test\/wp-json\/wp\/v2\/media\/19221"}],"wp:attachment":[{"href":"https:\/\/shrimataji.org\/test\/wp-json\/wp\/v2\/media?parent=19483"}],"curies":[{"name":"wp","href":"https:\/\/api.w.org\/{rel}","templated":true}]}}